{"id":1172,"date":"2024-01-22T15:31:09","date_gmt":"2024-01-22T15:31:09","guid":{"rendered":"https:\/\/safari-tours-africa.com\/?page_id=1172"},"modified":"2024-01-23T17:26:49","modified_gmt":"2024-01-23T17:26:49","slug":"kenya-en-safaridestination","status":"publish","type":"page","link":"https:\/\/safari-tours-africa.com\/da\/kenya-a-safari-destination\/","title":{"rendered":"Kenya: En safari-destination"},"content":{"rendered":"<p>Kenya, der ligger i <strong>hjertet af \u00d8stafrika<\/strong>er et land, hvor naturlig sk\u00f8nhed m\u00f8der eventyr. Det er en destination, der er kendt for sit mangfoldige dyreliv og landskaber, fra flamingos\u00f8erne i Great Rift Valley til de vildtrige <a href=\"https:\/\/safari-tours-africa.com\/da\/safarirejser\/3-day-enkorok-mara-camp-safari\/\">Maasai Mara<\/a>.<\/p>\n\n\n\n<p>Det er et land, hvor traditionel kultur er v\u00e6vet ind i det moderne liv, fra de travle gader i Nairobi til de pastorale stammer i det nordlige gr\u00e6nseland. Med sine uber\u00f8rte strande, h\u00f8jlandsbjerge og rige dyreliv byder Kenya p\u00e5 et v\u00e6ld af oplevelser for enhver rejsende, der \u00f8nsker at udforske Afrikas naturlige vidundere og kulturelle dybder.<\/p>\n\n\n\n<figure class=\"wp-block-image size-full\"><img loading=\"lazy\" decoding=\"async\" width=\"2000\" height=\"1333\" src=\"https:\/\/safari-tours-africa.com\/wp-content\/uploads\/masai-mara-national-park-in-kenya-scaled.webp\" alt=\"Vild giraf og gnu n\u00e6r safaribil i Masai Mara National Park, Kenya. Safari-koncept. Afrikansk rejselandskab\" class=\"wp-image-863\"\/><figcaption class=\"wp-element-caption\">En safaritur i Kenya<\/figcaption><\/figure>\n\n\n\n<h2 class=\"wp-block-heading\">Hvilke steder i Kenya skal jeg bes\u00f8ge p\u00e5 en safari?<\/h2>\n\n\n\n<h3 class=\"wp-block-heading\">1. Masai Mara Nationalreservat<\/h3>\n\n\n\n<p>Masai Mara er ikke bare et sted, men et skue i sig selv, og det er synonymt med dyreliv og den afrikanske safarioplevelse. Det er den nordlige forl\u00e6ngelse af Serengeti og hjemsted for den spektakul\u00e6re <strong>Den store migration<\/strong>hvor over en million gnuer, zebraer og gazeller krydser sletterne p\u00e5 jagt efter friske gr\u00e6sgange. Reservatet er ogs\u00e5 et paradis for fotografer, der har mulighed for at indfange <strong>De fem store<\/strong> i deres naturlige habitat. De <strong>Mara-floden<\/strong>Den er overs\u00e5et med flodheste og krokodiller og tilf\u00f8jer et dynamisk element til oplevelsen af at se p\u00e5 dyr.<\/p>\n\n\n\n<p>Bes\u00f8g nationalreservatet Masai Mara p\u00e5 <a __bud_processed=\"\" href=\"https:\/\/safari-tours-africa.com\/da\/safarirejser\/3-day-masai-mara-ashnil-camp-safari\/\">3-dages Masai Mara Ashnil Camp-safari<\/a>.<\/p>\n\n\n\n<figure class=\"wp-block-image size-full\"><img loading=\"lazy\" decoding=\"async\" width=\"2000\" height=\"1338\" src=\"https:\/\/safari-tours-africa.com\/wp-content\/uploads\/masai-mara-scaled.webp\" alt=\"Masai Mara, Kenya\" class=\"wp-image-1273\"\/><figcaption class=\"wp-element-caption\">Masai Mara Nationalpark<\/figcaption><\/figure>\n\n\n\n<h3 class=\"wp-block-heading\">2. Hell's Gate National Park<\/h3>\n\n\n\n<p>Beliggende i <strong>Great Rift Valley<\/strong>Hell's Gate National Park byder p\u00e5 en ekstraordin\u00e6r safarioplevelse, der udm\u00e6rker sig ved sin dramatiske geotermiske aktivitet og sit unikke dyreliv. Parken er et fristed for dyr som b\u00f8fler, zebraer og giraffer, og dens status som rovdyrfri g\u00f8r den ideel til vandre- og cykelsafari mellem spruttende gejsere og t\u00e5rnh\u00f8je klipper. Kendt for <strong>bjergbestigning og fuglekiggeri<\/strong>Parken rummer over 100 arter, herunder den sj\u00e6ldne Verreaux-\u00f8rn, og viser ogs\u00e5 harmonien mellem natur og vedvarende energi p\u00e5 Olkaria Geothermal Station.<\/p>\n\n\n\n<p>Bes\u00f8g Hell's Gate National Park p\u00e5 den <a href=\"https:\/\/safari-tours-africa.com\/da\/safarirejser\/7-day-best-of-kenya-safari\/\">7-dages safari i det bedste af Kenya<\/a>.<\/p>\n\n\n\n<figure class=\"wp-block-image size-large\"><img decoding=\"async\" src=\"https:\/\/safari-tours-africa.com\/wp-content\/uploads\/hells-gate-national-park-1-1024x576.webp\" alt=\"Imponerende Hell&#039;s gate nationalpark, Kenya\" class=\"wp-image-1324\"\/><figcaption class=\"wp-element-caption\">Det unikke landskab i Hell's Gate National Park<\/figcaption><\/figure>\n\n\n\n<h3 class=\"wp-block-heading\">3. Samburu Nationalreservat<\/h3>\n\n\n\n<p>Samburu pr\u00e6senterer en anden side af den kenyanske safari med sine t\u00f8rre landskaber og unikke dyreliv. Den <strong>Ewaso Ng'iro-floden<\/strong> er omr\u00e5dets livsnerve, der tiltr\u00e6kker et rigt dyreliv og huser en stor population af <strong>Nilkrokodiller<\/strong>. Reservatet er hjemsted for arter, der sj\u00e6ldent findes andre steder, som den retikulerede giraf og den somaliske struds, hvilket g\u00f8r det til en unik safaridestination for dem, der gerne vil v\u00e6k fra den slagne vej.<\/p>\n\n\n\n<p>Bes\u00f8g Samburu National Reserve p\u00e5 <a href=\"https:\/\/safari-tours-africa.com\/da\/safarirejser\/4-day-samburu-flying-package\/\">4-dages Samburu-flypakke<\/a>.<\/p>\n\n\n\n<figure class=\"wp-block-image size-full\"><img loading=\"lazy\" decoding=\"async\" width=\"2000\" height=\"1330\" src=\"https:\/\/safari-tours-africa.com\/wp-content\/uploads\/buffalo-in-samburu-scaled.webp\" alt=\"Buffalo\" class=\"wp-image-881\"\/><figcaption class=\"wp-element-caption\">En b\u00f8ffel slapper af i Samburu National Reserve<\/figcaption><\/figure>\n\n\n\n<h3 class=\"wp-block-heading\">4. Nakuru-s\u00f8en nationalpark<\/h3>\n\n\n\n<p>Engang kendt for sin enorme <strong>flamingo-bestand<\/strong> Lake Nakuru maler s\u00f8bredden lyser\u00f8d og tilbyder en rig biodiversitet inden for sit kompakte omr\u00e5de. Parken er nu et fristed for n\u00e6sehorn, med <strong>sorte og hvide n\u00e6sehorn<\/strong> trives her. Fra udsigtspunkter som Lion Hill er der panoramaudsigt over s\u00f8en og de millioner af pelikaner og flamingoer, der holder til ved bredden.<\/p>\n\n\n\n<p>Bes\u00f8g Lake Nakuru National Park p\u00e5 <a href=\"https:\/\/safari-tours-africa.com\/da\/safarirejser\/7-day-tree-hotel-samburu-nakuru-masai-lodge-centy-safari\/\">7-dages Tree Hotel Samburu-Nakuru-Masai Lodge Centy Safari<\/a>.<\/p>\n\n\n\n<figure class=\"wp-block-image size-full\"><img loading=\"lazy\" decoding=\"async\" width=\"2000\" height=\"1328\" src=\"https:\/\/safari-tours-africa.com\/wp-content\/uploads\/rhinos-in-lake-nakuru-national-park-scaled.webp\" alt=\"n\u00e6sehorn i nakuru-s\u00f8en nationalpark, kenya\" class=\"wp-image-1272\"\/><figcaption class=\"wp-element-caption\">To n\u00e6sehorn p\u00e5 bredden af Lake Nakuru<\/figcaption><\/figure>\n\n\n\n<h3 class=\"wp-block-heading\">5. Amboseli Nationalpark<\/h3>\n\n\n\n<p>Amboseli byder p\u00e5 mere end blot en kulisse af majest\u00e6tiske <strong>Kilimanjaro<\/strong>. Det er en arena, hvor man kan opleve store flokke af elefanter vandre rundt med Afrikas h\u00f8jeste bjergtop som baggrund. Parkens relativt <strong>lille st\u00f8rrelse og \u00e5bne sletter<\/strong> g\u00f8r det nemt at f\u00e5 \u00f8je p\u00e5 dyrelivet og tilbyder intime m\u00f8der med dyr som l\u00f8ver, geparder og utallige fuglearter. Observationsh\u00f8jen giver panoramaudsigt over parken, is\u00e6r ved solnedgang, hvilket skaber et paradis for fotografer.<\/p>\n\n\n\n<figure class=\"wp-block-image size-large\"><img decoding=\"async\" src=\"https:\/\/safari-tours-africa.com\/wp-content\/uploads\/mount-kilimanjaro-with-an-elephant-walking-across-the-foreground-1024x576.webp\" alt=\"Kilimanjaro-bjerget med en elefant g\u00e5ende i forgrunden. Amboseli nationalpark, Kenya.\" class=\"wp-image-1325\"\/><figcaption class=\"wp-element-caption\">En enlig elefant g\u00e5r foran Kilimanjaro-bjerget i Amboseli National Park.<\/figcaption><\/figure>\n\n\n\n<h3 class=\"wp-block-heading\">6. Nationalparkerne Tsavo \u00d8st og Vest<\/h3>\n\n\n\n<p>Sammen udg\u00f8r disse parker <strong>et af de st\u00f8rste bevaringsomr\u00e5der p\u00e5 planeten<\/strong>. Tsavo er et vildt og ut\u00e6mmet omr\u00e5de med uber\u00f8rt vildmark. Tsavo \u00d8st er kendt for sine store flokke af st\u00f8vr\u00f8de elefanter, mens Tsavo Vest byder p\u00e5 et mere varieret landskab med kilder, flodheste under vandet ved Mzima Springs og Shetani-lavastr\u00f8mmene.<\/p>\n\n\n\n<figure class=\"wp-block-image size-large\"><img loading=\"lazy\" decoding=\"async\" width=\"1024\" height=\"683\" src=\"https:\/\/safari-tours-africa.com\/wp-content\/uploads\/zebras-in-tsavo-east-national-park-in-kenya-1024x683.webp\" alt=\"Zebraer i tsavo east nationalpark i kenya\" class=\"wp-image-1326\" srcset=\"https:\/\/safari-tours-africa.com\/wp-content\/uploads\/zebras-in-tsavo-east-national-park-in-kenya-1024x683.webp 1024w, https:\/\/safari-tours-africa.com\/wp-content\/uploads\/zebras-in-tsavo-east-national-park-in-kenya-300x200.webp 300w, https:\/\/safari-tours-africa.com\/wp-content\/uploads\/zebras-in-tsavo-east-national-park-in-kenya-768x512.webp 768w, https:\/\/safari-tours-africa.com\/wp-content\/uploads\/zebras-in-tsavo-east-national-park-in-kenya-1536x1024.webp 1536w, https:\/\/safari-tours-africa.com\/wp-content\/uploads\/zebras-in-tsavo-east-national-park-in-kenya-2048x1365.webp 2048w, https:\/\/safari-tours-africa.com\/wp-content\/uploads\/zebras-in-tsavo-east-national-park-in-kenya-18x12.webp 18w\" sizes=\"auto, (max-width: 1024px) 100vw, 1024px\" \/><figcaption class=\"wp-element-caption\">Tsamo er et ut\u00e6mmet vildmarksomr\u00e5de<\/figcaption><\/figure>\n\n\n\n<h2 class=\"wp-block-heading\">Hvorn\u00e5r er det bedst at bes\u00f8ge Kenya?<\/h2>\n\n\n\n<p>Timingen af dit bes\u00f8g kan have stor indflydelse p\u00e5 din safarioplevelse. Den <strong>t\u00f8rre m\u00e5neder fra juni til oktober <\/strong>giver de bedste muligheder for at se vildt, n\u00e5r dyrene samles omkring vandkilder. Denne periode falder ogs\u00e5 sammen med den store migration i Masai Mara, et skue, der tiltr\u00e6kker naturentusiaster fra hele verden.<\/p>\n\n\n\n<p>Men for <strong>Fuglekiggere<\/strong> og dem, der er interesseret i frodige, natursk\u00f8nne landskaber, tilbyder de v\u00e5de \u00e5rstider (november-december og marts-maj) en unik safarioplevelse med nyf\u00f8dte dyr og tr\u00e6kfugle, der fylder himlen.<\/p>\n\n\n\n<figure class=\"wp-block-image size-full\"><img loading=\"lazy\" decoding=\"async\" width=\"2000\" height=\"1333\" src=\"https:\/\/safari-tours-africa.com\/wp-content\/uploads\/roller-bird-on-a-safari-in-kenya.webp\" alt=\"Lilla brystvalse, Masai Mara, Kenya\" class=\"wp-image-866\"\/><figcaption class=\"wp-element-caption\">Det bedste tidspunkt at bes\u00f8ge Kenya p\u00e5 afh\u00e6nger af, hvilken slags dyr du vil se.<\/figcaption><\/figure>\n\n\n\n<h2 class=\"wp-block-heading\">Er Kenya sikkert?<\/h2>\n\n\n\n<p>Selvom Kenya er et relativt sikkert rejsem\u00e5l for turister, er det vigtigt at tage de s\u00e6dvanlige forholdsregler. Hold dig informeret om de seneste rejsevejledninger fra din regering. Inden for safaridestinationerne er sikkerhedsforanstaltningerne altafg\u00f8rende, med <strong>erfarne guider og strenge parkregler<\/strong> for at sikre en sikker oplevelse. I byerne er det tilr\u00e5deligt at undg\u00e5 ikke-turistomr\u00e5der om natten, opbevare v\u00e6rdigenstande sikkert og v\u00e6re p\u00e5 vagt, som du ville v\u00e6re i enhver st\u00f8rre by rundt om i verden.<\/p>\n\n\n\n<figure class=\"wp-block-image size-large\"><img decoding=\"async\" src=\"https:\/\/safari-tours-africa.com\/wp-content\/uploads\/street-market-in-nairobi-streets-1024x683.webp\" alt=\"Gademarked i Nairobis gader fra toppen af Kenyatta International Convention Centre.\" class=\"wp-image-1327\"\/><figcaption class=\"wp-element-caption\">Med almindelige forholdsregler er Kenya lige s\u00e5 sikkert som ethvert andet tredjeverdensland.<\/figcaption><\/figure>\n\n\n\n<h2 class=\"wp-block-heading\">Skal jeg have visum for at rejse ind i Kenya?<\/h2>\n\n\n\n<p>Planl\u00e6gning af din indrejse i Kenya er afg\u00f8rende for en problemfri oplevelse. De fleste rejsende vil ankomme gennem <strong>Jomo Kenyatta Internationale Lufthavn<\/strong> i Nairobi. Visum er p\u00e5kr\u00e6vet for de fleste nationaliteter og kan f\u00e5s online via <strong>eVisa-systemet<\/strong>. Processen er ligetil, men det er tilr\u00e5deligt at ans\u00f8ge i god tid inden dine rejsedatoer. S\u00f8rg for, at dit pas har mindst seks m\u00e5neders gyldighed, og tjek, om dit land er en del af East Africa Tourist Visa-programmet, som giver adgang til flere lande, hvilket er en praktisk mulighed for dem, der udforsker den bredere region.<\/p>\n\n\n\n<figure class=\"wp-block-image size-full\"><img loading=\"lazy\" decoding=\"async\" width=\"2000\" height=\"1333\" src=\"https:\/\/safari-tours-africa.com\/wp-content\/uploads\/usa-visa-in-a-passport-background-scaled.webp\" alt=\"USA-visum i en pasbaggrund\" class=\"wp-image-1296\"\/><figcaption class=\"wp-element-caption\">Tjek visumkravene for dit land forud for din rejse.<\/figcaption><\/figure>\n\n\n\n<h2 class=\"wp-block-heading\">Hvordan er den lokale transport i Kenya?<\/h2>\n\n\n\n<p>At komme rundt i Kenya er en del af eventyret. <strong>Indenrigsflyvninger<\/strong> forbinder st\u00f8rre byer og safaridestinationer og tilbyder en hurtig og natursk\u00f8n m\u00e5de at tilbagel\u00e6gge store afstande p\u00e5. For dem, der er interesseret i lokale oplevelser, er <strong>matatu minibusser<\/strong> tilbyder et farverigt og levende transportmiddel, selvom de m\u00e5ske ikke overholder strenge tidsplaner. Private transfers og taxaer er en mere behagelig og sikker m\u00e5de at navigere p\u00e5, is\u00e6r i byomr\u00e5der. Hvis man \u00f8nsker en natursk\u00f8n og afslappet rejse, kan man overveje at tage toget mellem Nairobi og Mombasa, som giver udsigt over landskabet og en smagspr\u00f8ve p\u00e5 det lokale liv.<\/p>\n\n\n\n<figure class=\"wp-block-image size-large\"><img decoding=\"async\" src=\"https:\/\/safari-tours-africa.com\/wp-content\/uploads\/tuk-tuk-in-kenya-1024x640.webp\" alt=\"Udsigt fra passagers\u00e6det, n\u00e5r man k\u00f8rer tuk tuk (trehjulet rickshaw) med en anden, der kommer i modsat retning p\u00e5 den anden side af vejen. Malindi, Kenya\" class=\"wp-image-1328\"\/><figcaption class=\"wp-element-caption\">Udsigt fra en tuk tuk i Kenya<\/figcaption><\/figure>\n\n\n\n<h2 class=\"wp-block-heading\">Hvilke overnatningsmuligheder er der i Kenya?<\/h2>\n\n\n\n<p>Indkvarteringsmulighederne i Kenya henvender sig til <strong>enhver smag og ethvert budget<\/strong>. I byer som Nairobi og Mombasa finder du en r\u00e6kke hoteller fra internationale luksusm\u00e6rker til lokale boutique-virksomheder. Safarilodges og -lejre i nationalparkerne tilbyder en fordybende oplevelse af dyrelivet med muligheder, der sp\u00e6nder fra luksuri\u00f8se teltlejre til rustikke lodges. For strandelskere byder den kenyanske kyst p\u00e5 resorts og g\u00e6stehuse med fantastisk havudsigt og adgang til uber\u00f8rte strande som Diani Beach. Eco-lodges er et godt valg for dem, der leder efter b\u00e6redygtige og samfundsengagerede overnatningsmuligheder.<\/p>\n\n\n\n<figure class=\"wp-block-image size-large\"><img decoding=\"async\" src=\"https:\/\/safari-tours-africa.com\/wp-content\/uploads\/kenya-lodge-for-tourist-surrounded-by-the-jungle-1024x638.webp\" alt=\"Kenya Lodge for turister omgivet af junglen\" class=\"wp-image-1329\"\/><figcaption class=\"wp-element-caption\">Der er lodges med forskellig levestandard i alle kenyanske parker.<\/figcaption><\/figure>\n\n\n\n<h2 class=\"wp-block-heading\">Hvad kan jeg ellers lave i Kenya ud over at se vilde dyr?<\/h2>\n\n\n\n<p>Kenya er et land med mangfoldighed, ikke kun i dyrelivet, men ogs\u00e5 i kultur- og eventyroplevelser. Bortset fra traditionel safari kan bes\u00f8gende engagere sig med lokale <strong>Maasai- og Samburu-samfund<\/strong>og giver et indblik i Kenyas rige kulturarv. Fuglekiggeriet er spektakul\u00e6rt, is\u00e6r ved s\u00f8erne i Rift Valley. For de eventyrlystne, <strong>varmluftsballonsafari<\/strong> tilbyder et unikt perspektiv p\u00e5 Maasai Mara, og vandsport langs kysten henvender sig til strandentusiaster. Bevaringscentre og reservater giver indsigt i arbejdet med at beskytte dyrelivet, hvilket g\u00f8r din rejse til en ferie og en l\u00e6rerig oplevelse.<\/p>\n\n\n\n<figure class=\"wp-block-image size-large is-resized\"><img loading=\"lazy\" decoding=\"async\" width=\"1024\" height=\"683\" src=\"https:\/\/safari-tours-africa.com\/wp-content\/uploads\/maasai-mara-man-showing-traditional-maasai-jumping-dance-1024x683.webp\" alt=\"Maasai Mara-mand viser traditionel Maasai-hoppedans\" class=\"wp-image-1330\" style=\"width:1024px;height:auto\" srcset=\"https:\/\/safari-tours-africa.com\/wp-content\/uploads\/maasai-mara-man-showing-traditional-maasai-jumping-dance-1024x683.webp 1024w, https:\/\/safari-tours-africa.com\/wp-content\/uploads\/maasai-mara-man-showing-traditional-maasai-jumping-dance-300x200.webp 300w, https:\/\/safari-tours-africa.com\/wp-content\/uploads\/maasai-mara-man-showing-traditional-maasai-jumping-dance-768x512.webp 768w, https:\/\/safari-tours-africa.com\/wp-content\/uploads\/maasai-mara-man-showing-traditional-maasai-jumping-dance-1536x1024.webp 1536w, https:\/\/safari-tours-africa.com\/wp-content\/uploads\/maasai-mara-man-showing-traditional-maasai-jumping-dance-2048x1365.webp 2048w, https:\/\/safari-tours-africa.com\/wp-content\/uploads\/maasai-mara-man-showing-traditional-maasai-jumping-dance-18x12.webp 18w\" sizes=\"auto, (max-width: 1024px) 100vw, 1024px\" \/><figcaption class=\"wp-element-caption\">Lokalsamfundet af det oprindelige Maasai-folk<\/figcaption><\/figure>\n\n\n\n<h2 class=\"wp-block-heading\">Hvordan er maden?<\/h2>\n\n\n\n<p>Det kenyanske k\u00f8kken er en afspejling af landets kulturelle mangfoldighed. <strong>Traditionelle retter<\/strong> som ugali, nyama choma og kachumbari giver en smagspr\u00f8ve p\u00e5 de lokale smagsoplevelser. <strong>Indiske og kystm\u00e6ssige p\u00e5virkninger<\/strong> introducerer en r\u00e6kke skaldyrsretter, karryretter og chapatis, som beriger det kulinariske landskab. Teplantagerne i h\u00f8jlandet producerer <strong>nogle af verdens bedste teer<\/strong>, et perfekt akkompagnement til et kenyansk m\u00e5ltid. Gadeboder og lokale spisesteder tilbyder en autentisk og prisvenlig madoplevelse, s\u00e5 bes\u00f8gende kan udforske landets kulinariske mangfoldighed.<\/p>\n\n\n\n<figure class=\"wp-block-image size-large\"><img decoding=\"async\" src=\"https:\/\/safari-tours-africa.com\/wp-content\/uploads\/kenyan-nyama-choma-1024x610.webp\" alt=\"Kenyansk Nyama Choma\" class=\"wp-image-1331\"\/><figcaption class=\"wp-element-caption\">Den kenyanske specialitet - nyama choma<\/figcaption><\/figure>\n\n\n\n<h2 class=\"wp-block-heading\">Hvad er nogle tips til etikette, n\u00e5r man er i Kenya?<\/h2>\n\n\n\n<p>At forst\u00e5 de lokale skikke og den lokale etikette kan i h\u00f8j grad forbedre din rejseoplevelse. <strong>Drikkepenge er v\u00e6rdsat<\/strong> men ikke obligatorisk, med s\u00e6dvanlige bel\u00f8b til guider, chauff\u00f8rer og servicepersonale. Det er vigtigt med respektfuld interaktion, herunder at hilse og sp\u00f8rge om lov, f\u00f8r man tager billeder. Kl\u00e6d dig konservativt, is\u00e6r n\u00e5r du bes\u00f8ger landomr\u00e5der eller religi\u00f8se steder. At l\u00e6re en <strong>Nogle f\u00e5 grundl\u00e6ggende s\u00e6tninger p\u00e5 swahili <\/strong>kan berige dine interaktioner med lokalbefolkningen og vise respekt for den lokale kultur.<\/p>\n\n\n\n<figure class=\"wp-block-image size-large\"><img decoding=\"async\" src=\"https:\/\/safari-tours-africa.com\/wp-content\/uploads\/masai-kudu-horn-blowing-1024x679.webp\" alt=\"Masai Kudu hornbl\u00e6sning - Kenya\" class=\"wp-image-1332\"\/><figcaption class=\"wp-element-caption\">Opf\u00f8r dig respektfuldt over for lokale skikke<\/figcaption><\/figure>\n\n\n\n<h2 class=\"wp-block-heading\">Hvorfor v\u00e6lge Safari Tours Africa til at rejse til Kenya?<\/h2>\n\n\n\n<p>At v\u00e6lge Safari Tours Africa betyder at v\u00e6lge en oplevelse, der er skr\u00e6ddersyet til dine pr\u00e6ferencer, hvilket sikrer en problemfri og autentisk rejse gennem Kenyas landskaber og dyreliv. Med partnerskaber med de bedste lokale operat\u00f8rer og en forpligtelse til personlig service lover Safari Tours Africa et uforglemmeligt eventyr, der forbinder dig med hjertet af dette pulserende og forskelligartede land p\u00e5 vores <a href=\"https:\/\/safari-tours-africa.com\/da\/kenya\/\">Kenya-safari<\/a>.<\/p>","protected":false},"excerpt":{"rendered":"<p>Kenya, som ligger i hjertet af \u00d8stafrika, er et land, hvor naturlig sk\u00f8nhed m\u00f8der eventyr. Det er en destination, der er kendt for sit mangfoldige dyreliv og landskaber, fra flamingos\u00f8erne i Great Rift Valley til den dyrerige Maasai Mara. Det er et land, hvor traditionel kultur er v\u00e6vet ind i det moderne liv, fra ... <a href=\"https:\/\/safari-tours-africa.com\/da\/kenya-a-safari-destination\/\">Fortsat<\/a><\/p>","protected":false},"author":41,"featured_media":896,"parent":0,"menu_order":0,"comment_status":"closed","ping_status":"closed","template":"","meta":{"_acf_changed":false,"footnotes":""},"class_list":["post-1172","page","type-page","status-publish","has-post-thumbnail","hentry"],"acf":{"page_subheading":"Uncover a comprehensive overview of Kenya's top safari destinations, wildlife highlights, and practical advice for a seamless travel experience."},"_links":{"self":[{"href":"https:\/\/safari-tours-africa.com\/da\/wp-json\/wp\/v2\/pages\/1172","targetHints":{"allow":["GET"]}}],"collection":[{"href":"https:\/\/safari-tours-africa.com\/da\/wp-json\/wp\/v2\/pages"}],"about":[{"href":"https:\/\/safari-tours-africa.com\/da\/wp-json\/wp\/v2\/types\/page"}],"author":[{"embeddable":true,"href":"https:\/\/safari-tours-africa.com\/da\/wp-json\/wp\/v2\/users\/41"}],"replies":[{"embeddable":true,"href":"https:\/\/safari-tours-africa.com\/da\/wp-json\/wp\/v2\/comments?post=1172"}],"version-history":[{"count":5,"href":"https:\/\/safari-tours-africa.com\/da\/wp-json\/wp\/v2\/pages\/1172\/revisions"}],"predecessor-version":[{"id":1336,"href":"https:\/\/safari-tours-africa.com\/da\/wp-json\/wp\/v2\/pages\/1172\/revisions\/1336"}],"wp:featuredmedia":[{"embeddable":true,"href":"https:\/\/safari-tours-africa.com\/da\/wp-json\/wp\/v2\/media\/896"}],"wp:attachment":[{"href":"https:\/\/safari-tours-africa.com\/da\/wp-json\/wp\/v2\/media?parent=1172"}],"curies":[{"name":"wp","href":"https:\/\/api.w.org\/{rel}","templated":true}]}}