{"id":1176,"date":"2024-01-22T15:46:04","date_gmt":"2024-01-22T15:46:04","guid":{"rendered":"https:\/\/safari-tours-africa.com\/?page_id=1176"},"modified":"2024-01-23T17:08:09","modified_gmt":"2024-01-23T17:08:09","slug":"uganda-en-safaridestination","status":"publish","type":"page","link":"https:\/\/safari-tours-africa.com\/da\/uganda-a-safari-destination\/","title":{"rendered":"Uganda: En safari-destination"},"content":{"rendered":"<p>Uganda er et land, der virkelig legemligg\u00f8r den r\u00e5 essens af det afrikanske kontinent. Det er et land, hvor <strong>solbeskinnede savanner m\u00f8der frodige regnskove<\/strong>, og hvor den m\u00e6gtige Nilflod giver liv til et utroligt mangfoldigt \u00f8kosystem. Ugandas rige landskaber sp\u00e6nder fra snekl\u00e6dte bjergk\u00e6der til vidtstrakte s\u00f8er og t\u00e6tte jungler.<\/p>\n\n\n\n<p>Den kulturelle mangfoldighed med over 56 stammer, hver med sine unikke skikke, sprog og traditioner, tilbyder en <strong>rig mosaik af kulturelle oplevelser<\/strong>. Fra det adrenalinpumpende eventyr med white-water rafting p\u00e5 Nilen til roen ved at se en solnedgang over savannen - Uganda lover en rejse med opdagelser og forundring ved hvert eneste sving.<\/p>\n\n\n\n<figure class=\"wp-block-image size-full\"><img loading=\"lazy\" decoding=\"async\" width=\"2000\" height=\"1333\" src=\"https:\/\/safari-tours-africa.com\/wp-content\/uploads\/adult-female-gorilla-with-baby-scaled.webp\" alt=\"Voksen gorillahun med baby, Gorilla beringei beringei, i det frodige l\u00f8v i Bwindi Impenetrable Forest, Uganda. Medlemmer af Muyambi-familiens habituerede gruppe i bevaringsprogrammet.\" class=\"wp-image-1234\"\/><figcaption class=\"wp-element-caption\">Uganda er is\u00e6r kendt for gorillatrekking.<\/figcaption><\/figure>\n\n\n\n<h2 class=\"wp-block-heading\">Hvilke steder i Uganda skal jeg bes\u00f8ge p\u00e5 en safari?<\/h2>\n\n\n\n<h3 class=\"wp-block-heading\">1. Bwindi uigennemtr\u00e6ngelig skov<\/h3>\n\n\n\n<p>A <strong>UNESCO's verdensarvsliste<\/strong>Bwindi er ikke kun hjemsted for lidt mindre end <strong>halvdelen af verdens bjerggorillaer <\/strong>men er ogs\u00e5 tilflugtssted for elefanter, chimpanser og forskellige fuglearter. Oplevelsen af at vandre gennem denne gamle, t\u00e5ged\u00e6kkede skov for at tilbringe tid med de blide k\u00e6mper er intet mindre end magisk. Skovens biodiversitet r\u00e6kker ud over dens mest ber\u00f8mte indbyggere, med over 120 pattedyrsarter og over 350 fuglearter, hvilket g\u00f8r den til et kritisk bevaringsomr\u00e5de.<\/p>\n\n\n\n<p>Bes\u00f8g Bwindi Impenetrable Forest p\u00e5 <a href=\"https:\/\/safari-tours-africa.com\/da\/safarirejser\/3-day-uganda-gorilla-habituation-experience\/\">3-dages Uganda Gorilla Habituation-oplevelse<\/a>.<\/p>\n\n\n\n<figure class=\"wp-block-image size-full\"><img loading=\"lazy\" decoding=\"async\" width=\"2000\" height=\"1203\" src=\"https:\/\/safari-tours-africa.com\/wp-content\/uploads\/landscape-in-southwestern-uganda-at-the-bwindi-impenetrable-forest-national-park-scaled.webp\" alt=\"Landskab i det sydvestlige Uganda, ved Bwindi Impenetrable Forest National Park, p\u00e5 gr\u00e6nsen mellem Uganda, Congo og Rwanda. Bwindi National Park er hjemsted for bjerggorillaerne.\" class=\"wp-image-1236\"\/><figcaption class=\"wp-element-caption\">Bwindi Impenetrable Forest er tilflugtssted for en stor koloni af bjerggorillaer<\/figcaption><\/figure>\n\n\n\n<h3 class=\"wp-block-heading\">2. Dronning Elizabeth Nationalpark<\/h3>\n\n\n\n<p>Parkens forskellige \u00f8kosystemer g\u00f8r den til et mikrokosmos af den ugandiske safarioplevelse. Parkens savanner, v\u00e5domr\u00e5der og skove vrimler med dyreliv. Den unikke <strong>tr\u00e6klatrende l\u00f8ver i Ishasha<\/strong>store flokke af b\u00f8fler og elefanter, og de ber\u00f8mte b\u00e5dture langs floden. <strong>Kazinga-kanalen<\/strong> giver et spektakul\u00e6rt billede af parkens biodiversitet. Parkens beliggenhed giver ogs\u00e5 en fantastisk udsigt over Rwenzori-bjergene og kraters\u00f8erne i regionen.<\/p>\n\n\n\n<p>Bes\u00f8g Queen Elizabeth National Park p\u00e5 <a href=\"https:\/\/safari-tours-africa.com\/da\/safarirejser\/12-day-uganda-safari\/\">12-dages Uganda-safari<\/a>.<\/p>\n\n\n\n<figure class=\"wp-block-image size-full\"><img loading=\"lazy\" decoding=\"async\" width=\"2000\" height=\"1331\" src=\"https:\/\/safari-tours-africa.com\/wp-content\/uploads\/elephant-in-queen-elizabeth-national-park.webp\" alt=\"Elefant i Queen Elizabeth National Park, Uganda, \u00d8stafrika\" class=\"wp-image-1228\"\/><figcaption class=\"wp-element-caption\">En elefant i Queen Elizabeth National Park<\/figcaption><\/figure>\n\n\n\n<h3 class=\"wp-block-heading\">3. Kibale Nationalpark<\/h3>\n\n\n\n<p>Denne park er et af de bedste steder i Afrika til at spore <strong>chimpanser<\/strong>. Parkens 795 kvadratkilometer regnskov, gr\u00e6sland og sump er levested for mere end bare chimpanser; den er ogs\u00e5 hjemsted for 13 andre primatarter, hvilket g\u00f8r den til <strong>en af de mest forskelligartede og folkerige primatparker i verden<\/strong>. Fuglelivet i Kibale er ogs\u00e5 enest\u00e5ende med omkring 375 registrerede arter.<\/p>\n\n\n\n<p>Bes\u00f8g Kibale National Park p\u00e5 <a href=\"https:\/\/safari-tours-africa.com\/da\/safarirejser\/15-day-uganda-rwanda-combined-safari\/\">15-dages kombineret safari i Uganda og Rwanda<\/a>.<\/p>\n\n\n\n<figure class=\"wp-block-image size-full\"><img loading=\"lazy\" decoding=\"async\" width=\"2000\" height=\"1333\" src=\"https:\/\/safari-tours-africa.com\/wp-content\/uploads\/two-chimps-sitting-on-the-ground-in-kibale-forest-scaled.webp\" alt=\"To chimpanser sidder p\u00e5 jorden i Kibale-skoven\" class=\"wp-image-1223\"\/><figcaption class=\"wp-element-caption\">Chimpanser nyder hinandens selskab i Kibale Nationalpark<\/figcaption><\/figure>\n\n\n\n<h3 class=\"wp-block-heading\">4. Murchison Falls Nationalpark<\/h3>\n\n\n\n<p>Opkaldt efter de dramatiske Murchison-vandfald, hvor<strong> Nilen <\/strong>tvinger sig vej gennem en smal kl\u00f8ft, f\u00f8r den styrter 43 meter ned, er parken <strong>Ugandas \u00e6ldste og st\u00f8rste fredede omr\u00e5de<\/strong>. Parkens vidtstrakte landskaber er hjemsted for <strong>76 pattedyrsarter<\/strong>Heriblandt giraffer, b\u00f8fler, l\u00f8ver og leoparder. Selve Nilen byder p\u00e5 en af de bedste fiskeoplevelser i verden, is\u00e6r efter nilaborrer.<\/p>\n\n\n\n<p>Bes\u00f8g Murchison Falls National Park p\u00e5 <a href=\"https:\/\/safari-tours-africa.com\/da\/safarirejser\/12-day-uganda-safari\/\">12-dages Uganda-safari<\/a>.<\/p>\n\n\n\n<figure class=\"wp-block-image size-full\"><img loading=\"lazy\" decoding=\"async\" width=\"2000\" height=\"1325\" src=\"https:\/\/safari-tours-africa.com\/wp-content\/uploads\/boat-near-murchison-falls-scaled.webp\" alt=\"Boot auf dem Nil vor den Murchison Falls Wasserf\u00e4llen\" class=\"wp-image-1265\"\/><figcaption class=\"wp-element-caption\">En b\u00e5dtur til de fantastiske Murchison-vandfald<\/figcaption><\/figure>\n\n\n\n<h3 class=\"wp-block-heading\">5. Lake Mburo National Park<\/h3>\n\n\n\n<p>Denne park byder p\u00e5 en fredfyldt safarioplevelse, <strong>v\u00e6k fra de store menneskem\u00e6ngder<\/strong> der findes i andre parker. Det er det perfekte sted at se zebra, eland og impala samt et utroligt udvalg af fugle. Parkens varierede levesteder med t\u00f8rre bjergskr\u00e5ninger, klippefremspring, buske, krat, \u00e5bne og skovkl\u00e6dte savanner, skove, s\u00f8er og sumpe g\u00f8r det til en <strong>F\u00f8rsteklasses beliggenhed til vandresafari<\/strong>.<\/p>\n\n\n\n<p>Bes\u00f8g Lake Mburo National Park p\u00e5 <a href=\"https:\/\/safari-tours-africa.com\/da\/safarirejser\/15-day-uganda-rwanda-combined-safari\/\">15-dages kombineret safari i Uganda og Rwanda<\/a>.<\/p>\n\n\n\n<figure class=\"wp-block-image size-full\"><img loading=\"lazy\" decoding=\"async\" width=\"2000\" height=\"1325\" src=\"https:\/\/safari-tours-africa.com\/wp-content\/uploads\/group-of-zebras-in-lake-mburo-national-park-in-uganda-scaled.webp\" alt=\"Gruppe af zebraer i Lake Mburo National Park i Uganda\" class=\"wp-image-1248\"\/><figcaption class=\"wp-element-caption\">Zebraer ved vandet i Mburo-s\u00f8en<\/figcaption><\/figure>\n\n\n\n<h2 class=\"wp-block-heading\">Hvorn\u00e5r er det bedst at bes\u00f8ge Uganda?<\/h2>\n\n\n\n<p>Det bedste tidspunkt for safari i Uganda er i de t\u00f8rre \u00e5rstider. <strong>fra juni til august og december til februar<\/strong>. Dyrelivet er generelt bedst at se p\u00e5 dette tidspunkt, fordi vegetationen er mindre t\u00e6t, og dyrene samles omkring vandkilder. Ugandas frodige, gr\u00f8nne landskaber er dog smukkest i de v\u00e5de \u00e5rstider, og det er ogs\u00e5 det bedste tidspunkt at se p\u00e5 fugle, da tr\u00e6kfuglene er til stede.<\/p>\n\n\n\n<figure class=\"wp-block-image size-full\"><img loading=\"lazy\" decoding=\"async\" width=\"2000\" height=\"1073\" src=\"https:\/\/safari-tours-africa.com\/wp-content\/uploads\/nile-river-in-uganda-scaled.webp\" alt=\"Nilen, Uganda\" class=\"wp-image-1255\"\/><figcaption class=\"wp-element-caption\">Det optimale tidspunkt at se vilde dyr i Uganda er i de t\u00f8rre \u00e5rstider.<\/figcaption><\/figure>\n\n\n\n<h2 class=\"wp-block-heading\">Er Uganda sikkert?<\/h2>\n\n\n\n<p>Selvom Uganda generelt er en sikker destination for turister, er det vigtigt at overholde generelle sikkerhedsforanstaltninger, is\u00e6r i st\u00f8rre byer. Sm\u00e5tyveri kan forekomme, s\u00e5 det er tilr\u00e5deligt at <strong>opbevar v\u00e6rdigenstande sikkert <\/strong>og v\u00e6r opm\u00e6rksom p\u00e5 dine omgivelser. N\u00e5r du er p\u00e5 safari, skal du altid lytte til din guides instruktioner - de er uddannet til at s\u00f8rge for din sikkerhed omkring dyrelivet.<\/p>\n\n\n\n<figure class=\"wp-block-image size-large\"><img decoding=\"async\" src=\"https:\/\/safari-tours-africa.com\/wp-content\/uploads\/aerial-view-of-kampala-city-seen-from-gaddaffi-mosque-1024x683.webp\" alt=\"Luftfoto af Kampala City set fra Gaddaffi-moskeen, Uganda\" class=\"wp-image-1315\"\/><figcaption class=\"wp-element-caption\">F\u00f8lg de almindelige sikkerhedsforanstaltninger i storbyer for at undg\u00e5 sm\u00e5tyveri.<\/figcaption><\/figure>\n\n\n\n<h2 class=\"wp-block-heading\">Skal jeg have visum for at komme ind i Uganda?<\/h2>\n\n\n\n<p>De fleste bes\u00f8gende til Uganda ankommer via Entebbe International Airport. Forskellige nationaliteter kan ans\u00f8ge om et <strong>e-visum eller f\u00e5 et visum ved ankomsten<\/strong>. Det anbefales at tjekke de seneste visumkrav med officielle kilder f\u00f8r din rejse. S\u00f8rg for, at dit pas er gyldigt i mindst seks m\u00e5neder efter din planlagte afrejse fra Uganda.<\/p>\n\n\n\n<figure class=\"wp-block-image size-full\"><img loading=\"lazy\" decoding=\"async\" width=\"2000\" height=\"1333\" src=\"https:\/\/safari-tours-africa.com\/wp-content\/uploads\/usa-visa-in-a-passport-background-scaled.webp\" alt=\"USA-visum i en pasbaggrund\" class=\"wp-image-1296\"\/><figcaption class=\"wp-element-caption\">Tjek visumkravene for dit land forud for din rejse.<\/figcaption><\/figure>\n\n\n\n<h2 class=\"wp-block-heading\">Hvordan er den lokale transport i Uganda?<\/h2>\n\n\n\n<p>Transport i Uganda varierer fra at g\u00e5 og cykle i mere afsidesliggende omr\u00e5der til at bruge <strong>matatus<\/strong> (delte minibusser) og <strong>boda-bodas<\/strong> (motorcykeltaxier) i byomr\u00e5der. For l\u00e6ngere afstande og ture til nationalparker er private k\u00f8ret\u00f8jer eller organiserede ture de mest bekvemme og sikreste muligheder.<\/p>\n\n\n\n<figure class=\"wp-block-image size-large\"><img decoding=\"async\" src=\"https:\/\/safari-tours-africa.com\/wp-content\/uploads\/public-transportation-in-uganda-683x1024.webp\" alt=\"Offentlig transport i Uganda\" class=\"wp-image-1316\"\/><figcaption class=\"wp-element-caption\">Lokal transport i Uganda<\/figcaption><\/figure>\n\n\n\n<h2 class=\"wp-block-heading\">Hvilke overnatningsmuligheder er der i Uganda?<\/h2>\n\n\n\n<p>Ugandas overnatningsmuligheder sp\u00e6nder fra luksuslodges og teltlejre i hjertet af nationalparkerne til backpacker-hostels og g\u00e6stehuse i byerne. Mange lodges og camps tilbyder en fantastisk udsigt, fremragende service og nem adgang til safariaktiviteter. Der findes ogs\u00e5 \u00f8ko-lodges og samfundsbaserede overnatningssteder for dem, der s\u00f8ger en mere b\u00e6redygtig og fordybende oplevelse.<\/p>\n\n\n\n<figure class=\"wp-block-image size-large\"><img decoding=\"async\" src=\"https:\/\/safari-tours-africa.com\/wp-content\/uploads\/luxury-lodge-in-murchison-falls-national-park-1024x683.webp\" alt=\"Badev\u00e6relse i en luksushytte, Murchison Falls, Uganda.\" class=\"wp-image-1317\"\/><figcaption class=\"wp-element-caption\">Luksushytte i Murchison Falls National Park<\/figcaption><\/figure>\n\n\n\n<h2 class=\"wp-block-heading\">Hvad kan jeg ellers lave i Uganda ud over at se dyreliv?<\/h2>\n\n\n\n<p>Ugandas mangfoldige landskaber tilbyder en r\u00e6kke aktiviteter ud over de traditionelle game drives. <strong>Trekking med gorillaer og chimpanser<\/strong> er blandt de mest unikke og eftertragtede oplevelser. Landets s\u00f8er og floder er ideelle til <strong>fiskeri, sejlads og white water rafting<\/strong>. Kulturelle ture giver indblik i de lokale traditioner og livsstilen hos Ugandas mange etniske grupper.<\/p>\n\n\n\n<figure class=\"wp-block-image size-full\"><img loading=\"lazy\" decoding=\"async\" width=\"2000\" height=\"1333\" src=\"https:\/\/safari-tours-africa.com\/wp-content\/uploads\/extreme-whitewater-rafting-in-jinja-scaled.webp\" alt=\"Ekstrem whitewater rafting i Jinja, Uganda\" class=\"wp-image-1210\"\/><figcaption class=\"wp-element-caption\">Rafting p\u00e5 Nil-floden med hvidt vand<\/figcaption><\/figure>\n\n\n\n<h2 class=\"wp-block-heading\">Hvordan er maden?<\/h2>\n\n\n\n<p>Det ugandiske k\u00f8kken er s\u00e5 <strong>forskelligartet<\/strong> som dens kultur. Grundretter som matoke (kogte og mosede gr\u00f8nne bananer), posho (majsmelsgr\u00f8d) og luwombo (gryderet dampet i bananblade) serveres ofte sammen med k\u00f8d- og gr\u00f8ntsagsretter. Gademad som Rolex (en chapati fyldt med \u00e6g og gr\u00f8ntsager) er en hurtig og velsmagende mulighed for m\u00e5ltider p\u00e5 farten.<\/p>\n\n\n\n<figure class=\"wp-block-image size-large\"><img decoding=\"async\" src=\"https:\/\/safari-tours-africa.com\/wp-content\/uploads\/ugandan-cuisine-1024x447.webp\" alt=\"Ugandisk k\u00f8kken p\u00e5 en buffet\" class=\"wp-image-1318\"\/><figcaption class=\"wp-element-caption\">Det ugandiske k\u00f8kken<\/figcaption><\/figure>\n\n\n\n<h2 class=\"wp-block-heading\">Hvad er nogle tips til etikette, n\u00e5r man er i Uganda?<\/h2>\n\n\n\n<p><strong>Drikkepenge er v\u00e6rdsat<\/strong> i Uganda, is\u00e6r for god service i turist- og hotelbranchen. Respekt for lokale skikke og traditioner er vigtig, is\u00e6r n\u00e5r man bes\u00f8ger landdistrikter og stammesamfund. At l\u00e6re et par grundl\u00e6ggende s\u00e6tninger p\u00e5 de lokale sprog kan i h\u00f8j grad forbedre dine interaktioner og bliver ofte varmt modtaget af de lokale.<\/p>\n\n\n\n<figure class=\"wp-block-image size-large\"><img decoding=\"async\" src=\"https:\/\/safari-tours-africa.com\/wp-content\/uploads\/two-kids-walking-hugged-in-uganda-1024x683.webp\" alt=\"Drenge g\u00e5r arm i arm i Uganda, Afrika\" class=\"wp-image-1314\"\/><figcaption class=\"wp-element-caption\">Hvis man respekterer de lokale skikke, kommer man langt i Uganda.<\/figcaption><\/figure>\n\n\n\n<h2 class=\"wp-block-heading\">Hvorfor v\u00e6lge Safari Tours Africa til at rejse til Uganda?<\/h2>\n\n\n\n<p>Uganda byder p\u00e5 en unik blanding af dyreliv, eventyr og kultur. Fra adrenalinen ved gorilla-trekking til roen ved en solnedgang over Nilen, en <a href=\"https:\/\/safari-tours-africa.com\/da\/uganda\/\">safarirejse i Uganda<\/a> er en rejse gennem et levende og mangfoldigt naturlandskab. Befolkningens varme og kulturens rigdom tilf\u00f8jer dybde og farve til safarioplevelsen, hvilket g\u00f8r Uganda til en uforglemmelig destination.<\/p>","protected":false},"excerpt":{"rendered":"<p>Uganda er et land, som virkelig repr\u00e6senterer den r\u00e5 essens af det afrikanske kontinent. Det er et land, hvor de solbeskinnede savanner m\u00f8der frodige regnskove, og hvor den m\u00e6gtige Nil giver liv til et utroligt mangfoldigt \u00f8kosystem. Ugandas rige tapet af landskaber sp\u00e6nder fra snekl\u00e6dte bjergk\u00e6der til vidtstrakte s\u00f8er og t\u00e6tte jungler. Dets kulturelle ... <a href=\"https:\/\/safari-tours-africa.com\/da\/uganda-a-safari-destination\/\">Fortsat<\/a><\/p>","protected":false},"author":41,"featured_media":1284,"parent":0,"menu_order":0,"comment_status":"closed","ping_status":"closed","template":"","meta":{"_acf_changed":false,"footnotes":""},"class_list":["post-1176","page","type-page","status-publish","has-post-thumbnail","hentry"],"acf":{"page_subheading":"Explore Uganda's majestic wildlife, rich cultural heritage, and stunning landscapes with our in-depth guide, ensuring a transformative safari adventure."},"_links":{"self":[{"href":"https:\/\/safari-tours-africa.com\/da\/wp-json\/wp\/v2\/pages\/1176","targetHints":{"allow":["GET"]}}],"collection":[{"href":"https:\/\/safari-tours-africa.com\/da\/wp-json\/wp\/v2\/pages"}],"about":[{"href":"https:\/\/safari-tours-africa.com\/da\/wp-json\/wp\/v2\/types\/page"}],"author":[{"embeddable":true,"href":"https:\/\/safari-tours-africa.com\/da\/wp-json\/wp\/v2\/users\/41"}],"replies":[{"embeddable":true,"href":"https:\/\/safari-tours-africa.com\/da\/wp-json\/wp\/v2\/comments?post=1176"}],"version-history":[{"count":5,"href":"https:\/\/safari-tours-africa.com\/da\/wp-json\/wp\/v2\/pages\/1176\/revisions"}],"predecessor-version":[{"id":1322,"href":"https:\/\/safari-tours-africa.com\/da\/wp-json\/wp\/v2\/pages\/1176\/revisions\/1322"}],"wp:featuredmedia":[{"embeddable":true,"href":"https:\/\/safari-tours-africa.com\/da\/wp-json\/wp\/v2\/media\/1284"}],"wp:attachment":[{"href":"https:\/\/safari-tours-africa.com\/da\/wp-json\/wp\/v2\/media?parent=1176"}],"curies":[{"name":"wp","href":"https:\/\/api.w.org\/{rel}","templated":true}]}}