{"id":1180,"date":"2024-01-22T16:27:34","date_gmt":"2024-01-22T16:27:34","guid":{"rendered":"https:\/\/safari-tours-africa.com\/?page_id=1180"},"modified":"2024-01-23T16:46:33","modified_gmt":"2024-01-23T16:46:33","slug":"sydafrika-en-safaridestination","status":"publish","type":"page","link":"https:\/\/safari-tours-africa.com\/da\/south-africa-a-safari-destination\/","title":{"rendered":"Sydafrika: En safari-destination"},"content":{"rendered":"<p>Sydafrika er en verden i \u00e9t land, en nation rig p\u00e5 mangfoldighed, ikke kun med hensyn til befolkning og kultur, men ogs\u00e5 med hensyn til naturens vidundere. Fra den ikoniske <strong>Taffelbjerget<\/strong> til den vidtstrakte <strong>Kruger Nationalpark<\/strong>Hvert hj\u00f8rne af Sydafrika fort\u00e6ller en historie.<\/p>\n\n\n\n<p>Landets komplekse historie, pulserende byer og fantastiske landskaber g\u00f8r det til en unik destination, der henvender sig til en bred vifte af interesser og aktiviteter. Uanset om man nipper til god vin i Cape Winelands, udforsker de historiske slagmarker eller tager p\u00e5 safari med vilde dyr, s\u00e5 tilbyder Sydafrika en <strong>fordybende og mangefacetteret oplevelse<\/strong>.<\/p>\n\n\n\n<figure class=\"wp-block-image size-full\"><img loading=\"lazy\" decoding=\"async\" width=\"2000\" height=\"857\" src=\"https:\/\/safari-tours-africa.com\/wp-content\/uploads\/giraffe-in-the-bush-of-kruger-national-park-south-africa-scaled.webp\" alt=\"Giraf i bushen i Kruger nationalpark i Sydafrika. Giraf ved daggry i Kruger park Sydafrika\" class=\"wp-image-1205\"\/><figcaption class=\"wp-element-caption\">Bes\u00f8g giraffer i Kruger National Park<\/figcaption><\/figure>\n\n\n\n<h2 class=\"wp-block-heading\">Hvilke steder i Sydafrika skal jeg bes\u00f8ge p\u00e5 en safari?<\/h2>\n\n\n\n<h3 class=\"wp-block-heading\">1. Kruger National Park og de omkringliggende private reservater<\/h3>\n\n\n\n<p>Kruger National Park er hj\u00f8rnestenen i sydafrikansk safari. Denne enorme vildmark er hjemsted for et imponerende antal arter, inklusive <strong>De 5 store<\/strong>. Parkens tilg\u00e6ngelighed og veludviklede infrastruktur g\u00f8r den ideel for b\u00e5de f\u00f8rstegangsbrugere og erfarne safarig\u00e6ster. Omkring parken, <strong>private reserver<\/strong> som Sabi Sands og Thornybush tilbyder eksklusive safarioplevelser med luksuri\u00f8se lodges og guidede game drives, der giver intime m\u00f8der med dyrelivet.<\/p>\n\n\n\n<p>Bes\u00f8g Kruger National Park og dens omgivelser p\u00e5 <a href=\"https:\/\/safari-tours-africa.com\/da\/safarirejser\/5-day-panorama-route-to-kruger-national-park-safari\/\">5-dages safari fra Panoramaruten til Kruger National Park<\/a>.<\/p>\n\n\n\n<figure class=\"wp-block-image size-full\"><img loading=\"lazy\" decoding=\"async\" width=\"2000\" height=\"1325\" src=\"https:\/\/safari-tours-africa.com\/wp-content\/uploads\/sunrise-at-kruger-national-park-scaled.webp\" alt=\"Solopgang i Kruger National Park\" class=\"wp-image-1192\"\/><figcaption class=\"wp-element-caption\">Solopgang over Kruger National Park<\/figcaption><\/figure>\n\n\n\n<h3 class=\"wp-block-heading\">2. Pilanesberg Nationalpark<\/h3>\n\n\n\n<p>Pilanesberg National Park ligger i krateret af en gammel vulkan og byder p\u00e5 et unikt landskab og er et af de f\u00e5 steder i Sydafrika, hvor bes\u00f8gende kan se stort set alle Big 5 p\u00e5 \u00e9n gang. <strong>malariafrit milj\u00f8<\/strong>. Parkens n\u00e6rhed til Johannesburg og Sun City g\u00f8r den til et praktisk valg for rejsende, der \u00f8nsker at kombinere en safari med andre fritidsaktiviteter.<\/p>\n\n\n\n<figure class=\"wp-block-image size-large\"><img decoding=\"async\" src=\"https:\/\/safari-tours-africa.com\/wp-content\/uploads\/beautiful-zebra-standing-on-dry-grass-at-pilanesberg-national-park-on-a-sunny-day-1024x731.webp\" alt=\"Smuk zebra st\u00e5r p\u00e5 t\u00f8rt gr\u00e6s i Pilanesberg National Park p\u00e5 en solskinsdag\" class=\"wp-image-1303\"\/><figcaption class=\"wp-element-caption\">Zebra i Pilanesberg National Park p\u00e5 en solrig dag<\/figcaption><\/figure>\n\n\n\n<h3 class=\"wp-block-heading\">3. Madikwe vildtreservat<\/h3>\n\n\n\n<p>Beliggende <strong>langs gr\u00e6nsen til Botswana<\/strong> Madikwe Game Reserve er kendt for sin bevaringsindsats og er et paradis for dyrelivet. Reservatet er kendt for sin succesfulde <strong>avlsprogram for vilde hunde<\/strong> og giver mulighed for at se disse sj\u00e6ldne rovdyr i deres naturlige habitat. Madikwes mangfoldige \u00f8kosystemer underst\u00f8tter en bred vifte af arter, hvilket giver en rig safarioplevelse.<\/p>\n\n\n\n<figure class=\"wp-block-image size-large\"><img decoding=\"async\" src=\"https:\/\/safari-tours-africa.com\/wp-content\/uploads\/safari-game-drive-in-madikwe-reserve-1024x683.webp\" alt=\"To voksne elefanter, Loxdonta Africana, g\u00e5r p\u00e5 r\u00f8dt sand. Set fra bagsiden. Safari i Madikwe Reserve, Sydafrika, n\u00e6r Botswana og Kalahari-\u00f8rkenen. Den afrikanske elefant er en del af Big Five.\" class=\"wp-image-1304\"\/><figcaption class=\"wp-element-caption\">Et par elefanter p\u00e5 vandring i Madikwe Game Reserve<\/figcaption><\/figure>\n\n\n\n<h3 class=\"wp-block-heading\">4. Reservaterne i Eastern Cape<\/h3>\n\n\n\n<p>Disse reservater tilbyder en blanding af bekvemmelighed og dyreliv, og mange af dem er <strong>malariafri og familievenlig<\/strong>. Eastern Cape er hjemsted for flere private reservater, hvor bes\u00f8gende kan nyde en mere afsondret safarioplevelse, mens de stadig har chancen for at se Big 5.<\/p>\n\n\n\n<figure class=\"wp-block-image size-large\"><img decoding=\"async\" src=\"https:\/\/safari-tours-africa.com\/wp-content\/uploads\/east-london-coast-nature-reserve-1024x683.webp\" alt=\"Klipper i Det Indiske Ocean i East London Coast Nature Reserve, Eastern Cape-provinsen, Sydafrika\" class=\"wp-image-1305\"\/><figcaption class=\"wp-element-caption\">Kystudsigt over Eastern Cape-reservaterne<\/figcaption><\/figure>\n\n\n\n<h3 class=\"wp-block-heading\">5. Kalahari<\/h3>\n\n\n\n<p>Den halvt\u00f8rre savanne i Kalahari byder p\u00e5 et helt andet landskab end den typiske bushveld, som man forbinder med safari. Kgalagadi Transfrontier Park i Kalahari er kendt for sine <strong>r\u00f8dt sand<\/strong>unikke dyreliv, og den bem\u00e6rkelsesv\u00e6rdige oplevelse af <strong>\u00d8rkensafari<\/strong>. Det er et sted, hvor du kan opleve naturen i sin mest r\u00e5 og ut\u00e6mmede form.<\/p>\n\n\n\n<figure class=\"wp-block-image size-large\"><img decoding=\"async\" src=\"https:\/\/safari-tours-africa.com\/wp-content\/uploads\/dune-rosse-del-kalahari-al-tramonto-stockpack-adobe-stock-1024x680.webp\" alt=\"dune rosse del kalahari al tramonto\" class=\"wp-image-1306\"\/><figcaption class=\"wp-element-caption\">Det r\u00f8de sandlandskab i Kalahari<\/figcaption><\/figure>\n\n\n\n<h2 class=\"wp-block-heading\">Hvorn\u00e5r er det bedste tidspunkt at bes\u00f8ge Sydafrika?<\/h2>\n\n\n\n<p>Det ideelle tidspunkt at bes\u00f8ge Sydafrika p\u00e5 safari er under<strong> t\u00f8r s\u00e6son (maj til september)<\/strong>, hvor dyrelivet er lettere at f\u00e5 \u00f8je p\u00e5, da dyrene samles omkring vandkilder. Sydafrikas varierede klima betyder dog, at landet kan bes\u00f8ges \u00e5ret rundt. De <strong>Kap-regionen<\/strong>har for eksempel t\u00f8rtid i sommerm\u00e5nederne (november til februar), hvilket er det bedste tidspunkt at nyde strandene og udend\u00f8rsaktiviteterne p\u00e5.<\/p>\n\n\n\n<figure class=\"wp-block-image size-full\"><img loading=\"lazy\" decoding=\"async\" width=\"2000\" height=\"1082\" src=\"https:\/\/safari-tours-africa.com\/wp-content\/uploads\/landscape-with-a-dirt-road-and-african-savanna-in-the-kruger-national-park-scaled.webp\" alt=\"Landskab med en grusvej og afrikansk savanne i Kruger National Park i Sydafrika billede i horisontalt format\" class=\"wp-image-1197\"\/><figcaption class=\"wp-element-caption\">T\u00f8rtiden varer fra maj til september i Sydafrika.<\/figcaption><\/figure>\n\n\n\n<h2 class=\"wp-block-heading\">Er Sydafrika sikkert?<\/h2>\n\n\n\n<p>Selvom Sydafrika byder p\u00e5 en rig rejseoplevelse, er det vigtigt at v\u00e6re opm\u00e6rksom p\u00e5 sikkerheden, is\u00e6r i de st\u00f8rre byer. Det anbefales at tage <strong>standard forholdsregler<\/strong>Det g\u00e6lder om at opbevare v\u00e6rdigenstande sikkert og v\u00e6re opm\u00e6rksom p\u00e5 omgivelserne. I safariomr\u00e5der er det afg\u00f8rende at f\u00f8lge vejledningen fra dine safariguider og lodgens personale for at sikre en sikker og forn\u00f8jelig oplevelse.<\/p>\n\n\n\n<figure class=\"wp-block-image size-full\"><img loading=\"lazy\" decoding=\"async\" width=\"2000\" height=\"1043\" src=\"https:\/\/safari-tours-africa.com\/wp-content\/uploads\/nelson-mandela-bridge-and-johannesburg-city-at-sunset-scaled.webp\" alt=\"Nelson Mandela Bridge og Johannesburg by ved solnedgang\" class=\"wp-image-1189\"\/><figcaption class=\"wp-element-caption\">Udsigt over Johannesburg<\/figcaption><\/figure>\n\n\n\n<h2 class=\"wp-block-heading\">Skal jeg have visum for at rejse ind i Sydafrika?<\/h2>\n\n\n\n<p>Sydafrika har gode forbindelser med internationale lufthavne i st\u00f8rre byer som Johannesburg, Cape Town og Durban. Landet har en <strong>omfattende vejnet<\/strong>Det g\u00f8r selvk\u00f8rende biler til en popul\u00e6r mulighed for at g\u00e5 p\u00e5 opdagelse. <strong>Visumkravene varierer afh\u00e6ngigt af nationalitet<\/strong>s\u00e5 det er tilr\u00e5deligt at tjekke de seneste oplysninger fra officielle kilder, f\u00f8r du planl\u00e6gger din rejse.<\/p>\n\n\n\n<figure class=\"wp-block-image size-full\"><img loading=\"lazy\" decoding=\"async\" width=\"2000\" height=\"1333\" src=\"https:\/\/safari-tours-africa.com\/wp-content\/uploads\/usa-visa-in-a-passport-background-scaled.webp\" alt=\"USA-visum i en pasbaggrund\" class=\"wp-image-1296\"\/><figcaption class=\"wp-element-caption\">Tjek visumkravene for dit land forud for din rejse.<\/figcaption><\/figure>\n\n\n\n<h2 class=\"wp-block-heading\">Hvordan er den lokale transport i Sydafrika?<\/h2>\n\n\n\n<p>Sydafrika tilbyder en r\u00e6kke transportmuligheder, der passer til alle pr\u00e6ferencer. Landets veje er generelt i god stand, hvilket g\u00f8r <strong>Selvk\u00f8rende<\/strong> en farbar vej. Til l\u00e6ngere distancer eller for at n\u00e5 fjerntliggende safaridestinationer, <strong>indenrigsflyvninger<\/strong> er tilg\u00e6ngelige. I vildtreservaterne k\u00f8rer man i \u00e5bne safarik\u00f8ret\u00f8jer, som giver frit udsyn til dyrelivet.<\/p>\n\n\n\n<figure class=\"wp-block-image size-large\"><img decoding=\"async\" src=\"https:\/\/safari-tours-africa.com\/wp-content\/uploads\/roads-in-south-africa-1024x571.webp\" alt=\"Lille karoo i Sydafrika, vej og bjerg i baggrunden\" class=\"wp-image-1307\"\/><figcaption class=\"wp-element-caption\">Vejene i Sydafrika er generelt i god stand<\/figcaption><\/figure>\n\n\n\n<h2 class=\"wp-block-heading\">Hvilke overnatningsmuligheder er der i Sydafrika?<\/h2>\n\n\n\n<p>Indkvarteringsmuligheder i Sydafrika <strong>im\u00f8dekommer enhver smag<\/strong>Der er alt fra luksuri\u00f8se safarilodges og boutiquehoteller til budgetvenlige g\u00e6stehuse og campingpladser. I safariomr\u00e5der sp\u00e6nder mulighederne fra rustikke bushcamps til overd\u00e5dige lodges, der tilbyder en r\u00e6kke forskellige oplevelser og faciliteter.<\/p>\n\n\n\n<figure class=\"wp-block-image size-large\"><img decoding=\"async\" src=\"https:\/\/safari-tours-africa.com\/wp-content\/uploads\/row-of-thatch-roof-rondawel-huts-at-the-olifants-rest-camp-in-kruger-national-park-1024x705.webp\" alt=\"R\u00e6kke af rondawel-hytter med str\u00e5tag ved Olifants Rest Camp i Kruger National Park vildtreservat i Sydafrika\" class=\"wp-image-1308\"\/><figcaption class=\"wp-element-caption\">Enkle overnatningssteder i Kruger National Park<\/figcaption><\/figure>\n\n\n\n<h2 class=\"wp-block-heading\">Hvad kan jeg ellers lave i Sydafrika ud over at se vilde dyr?<\/h2>\n\n\n\n<p>Ud over safari med vilde dyr byder Sydafrika p\u00e5 et v\u00e6ld af aktiviteter og oplevelser. <strong>Kulturelle ture<\/strong> giver indsigt i landets historie og forskellige kulturer. Den natursk\u00f8nne sk\u00f8nhed p\u00e5 steder som <a href=\"https:\/\/safari-tours-africa.com\/da\/safarirejser\/4-day-panorama-route-to-kruger-national-park-safari\/\"><strong>Panorama-rute<\/strong><\/a> og Drakensberg-bjergene lokker naturelskere og eventyrlystne til. For dem, der \u00f8nsker at slappe af, er <strong>landets strande og ving\u00e5rde<\/strong> tilbyder en perfekt flugt.<\/p>\n\n\n\n<figure class=\"wp-block-image size-full\"><img loading=\"lazy\" decoding=\"async\" width=\"2000\" height=\"1125\" src=\"https:\/\/safari-tours-africa.com\/wp-content\/uploads\/panorama-route-south-africa-scaled.webp\" alt=\"Panorama Route South Africa, Blyde river canyon med de tre rondavels, udsigt over tre rondavels og Blyde river canyon i Sydafrika. Asiatiske kvinder og kaukasiske m\u00e6nd p\u00e5 ferie i Sydafrika\" class=\"wp-image-900\"\/><figcaption class=\"wp-element-caption\">Udsigt fra Panorama Route i Sydafrika<\/figcaption><\/figure>\n\n\n\n<h2 class=\"wp-block-heading\">Hvordan er maden?<\/h2>\n\n\n\n<p>Det sydafrikanske k\u00f8kken er en <strong>afspejling af landets kulturelle mangfoldighed<\/strong>. Den kulinariske scene byder p\u00e5 alt fra traditionelle braais (grillfester) og biltong (t\u00f8rret, saltet k\u00f8d) til fine madoplevelser i Cape Winelands. Landet er ogs\u00e5 kendt for sine <strong>vin<\/strong>og regioner som Stellenbosch og Franschhoek er must-visits for vinentusiaster.<\/p>\n\n\n\n<figure class=\"wp-block-image size-large\"><img decoding=\"async\" src=\"https:\/\/safari-tours-africa.com\/wp-content\/uploads\/south-african-street-food-1024x683.webp\" alt=\"Sydafrikansk gademad - grillede kyllingespyd og -f\u00f8dder\" class=\"wp-image-1309\"\/><figcaption class=\"wp-element-caption\">Gademad i Sydafrika<\/figcaption><\/figure>\n\n\n\n<h2 class=\"wp-block-heading\">Hvad er nogle tips til etikette, n\u00e5r man er i Sydafrika?<\/h2>\n\n\n\n<p><strong>Drikkepenge er kutyme <\/strong>i Sydafrika for god service p\u00e5 restauranter, hos safariguider og i andre servicesektorer. At forst\u00e5 lokale skikke, respektere milj\u00f8et og engagere sig ansvarligt i lokalsamfundet er afg\u00f8rende for en positiv og virkningsfuld rejseoplevelse.<\/p>\n\n\n\n<figure class=\"wp-block-image size-large\"><img decoding=\"async\" src=\"https:\/\/safari-tours-africa.com\/wp-content\/uploads\/safari-guide-in-south-africa-1024x683.webp\" alt=\"Safariguide i jeep med beroligende skilt kigger p\u00e5 n\u00e6sehorn i naturen\" class=\"wp-image-1310\"\/><figcaption class=\"wp-element-caption\">Drikkepenge er meget v\u00e6rdsat blandt safariguider.<\/figcaption><\/figure>\n\n\n\n<h2 class=\"wp-block-heading\">Hvorfor v\u00e6lge Safari Tours Africa til rejser til Sydafrika?<\/h2>\n\n\n\n<p>A <a href=\"https:\/\/safari-tours-africa.com\/da\/sydafrika\/\">safari i Sydafrika<\/a> er ikke bare en rejse gennem et paradis for vilde dyr; det er en udforskning af et land fyldt med historie, kultur og naturlig sk\u00f8nhed. Fra det ikoniske Table Mountain til den dyrerige Kruger National Park byder en sydafrikansk safari p\u00e5 et eventyr uden sidestykke, der kombinerer sp\u00e6ndingen ved det vilde med varmen fra befolkningen.<\/p>","protected":false},"excerpt":{"rendered":"<p>Sydafrika er en verden i \u00e9t land, en nation rig p\u00e5 mangfoldighed, ikke kun med hensyn til befolkning og kultur, men ogs\u00e5 med hensyn til naturens vidundere. Fra det ikoniske Taffelbjerg til den vidtstrakte Kruger Nationalpark fort\u00e6ller hvert hj\u00f8rne af Sydafrika en historie. Landets komplekse historie, livlige byer og fantastiske ... <a href=\"https:\/\/safari-tours-africa.com\/da\/south-africa-a-safari-destination\/\">Fortsat<\/a><\/p>","protected":false},"author":41,"featured_media":893,"parent":0,"menu_order":0,"comment_status":"closed","ping_status":"closed","template":"","meta":{"_acf_changed":false,"footnotes":""},"class_list":["post-1180","page","type-page","status-publish","has-post-thumbnail","hentry"],"acf":{"page_subheading":"Explore South Africa's top safari destinations, cultural heritage, and practical travel tips for an enriching and diverse adventure experience."},"_links":{"self":[{"href":"https:\/\/safari-tours-africa.com\/da\/wp-json\/wp\/v2\/pages\/1180","targetHints":{"allow":["GET"]}}],"collection":[{"href":"https:\/\/safari-tours-africa.com\/da\/wp-json\/wp\/v2\/pages"}],"about":[{"href":"https:\/\/safari-tours-africa.com\/da\/wp-json\/wp\/v2\/types\/page"}],"author":[{"embeddable":true,"href":"https:\/\/safari-tours-africa.com\/da\/wp-json\/wp\/v2\/users\/41"}],"replies":[{"embeddable":true,"href":"https:\/\/safari-tours-africa.com\/da\/wp-json\/wp\/v2\/comments?post=1180"}],"version-history":[{"count":3,"href":"https:\/\/safari-tours-africa.com\/da\/wp-json\/wp\/v2\/pages\/1180\/revisions"}],"predecessor-version":[{"id":1312,"href":"https:\/\/safari-tours-africa.com\/da\/wp-json\/wp\/v2\/pages\/1180\/revisions\/1312"}],"wp:featuredmedia":[{"embeddable":true,"href":"https:\/\/safari-tours-africa.com\/da\/wp-json\/wp\/v2\/media\/893"}],"wp:attachment":[{"href":"https:\/\/safari-tours-africa.com\/da\/wp-json\/wp\/v2\/media?parent=1180"}],"curies":[{"name":"wp","href":"https:\/\/api.w.org\/{rel}","templated":true}]}}