{"id":1184,"date":"2024-01-22T16:50:54","date_gmt":"2024-01-22T16:50:54","guid":{"rendered":"https:\/\/safari-tours-africa.com\/?page_id=1184"},"modified":"2024-01-25T10:46:40","modified_gmt":"2024-01-25T10:46:40","slug":"tanzania-en-safaridestination","status":"publish","type":"page","link":"https:\/\/safari-tours-africa.com\/da\/tanzania-a-safari-destination\/","title":{"rendered":"Tanzania: En safari-destination"},"content":{"rendered":"<p>Tanzania er et land med varierede landskaber og en rig kulturarv, som ligger i \u00d8stafrika. Det er ber\u00f8mt for sine <strong>Vidtstrakt vildmark <\/strong>omr\u00e5der, som omfatter sletterne i Serengeti National Park, et safarimekka befolket af de fem store dyr (elefant, l\u00f8ve, leopard, b\u00f8ffel, n\u00e6sehorn), og Kilimanjaro National Park, <strong>hjemsted for Afrikas h\u00f8jeste bjerg<\/strong>.<\/p>\n\n\n\n<p>Ud for kysten ligger de tropiske \u00f8er <a href=\"https:\/\/safari-tours-africa.com\/da\/safarirejser\/13-day-great-migration-tanzania-and-zanzibar-safari\/\">Zanzibar<\/a>Tanzania er en af de st\u00f8rste byer i Afrika, med arabisk indflydelse, og Mafia, med en marinepark, der er hjemsted for hvalhajer og koralrev. Tanzanias blanding af dyreliv, kulturer og landskaber g\u00f8r det til en f\u00e6ngslende destination for rejsende, der \u00f8nsker at opleve Afrikas rytme.<\/p>\n\n\n\n<figure class=\"wp-block-image size-full\"><img loading=\"lazy\" decoding=\"async\" width=\"2000\" height=\"1123\" src=\"https:\/\/safari-tours-africa.com\/wp-content\/uploads\/magical-zanzibar-scaled.webp\" alt=\"Luftfoto. Havlandskab, Zanzibar, Tanzania.\" class=\"wp-image-989\"\/><figcaption class=\"wp-element-caption\">De magiske kyster p\u00e5 Zanzibar<\/figcaption><\/figure>\n\n\n\n<h2 class=\"wp-block-heading\">Hvilke steder i Tanzania skal jeg bes\u00f8ge p\u00e5 en safari?<\/h2>\n\n\n\n<h3 class=\"wp-block-heading\">1. Serengeti Nationalpark<\/h3>\n\n\n\n<p>Serengeti er ikke bare en safaridestination; det er et f\u00e6nomen. De store sletter er v\u00e6rt for<strong> Den store migration<\/strong>Det er et skue, der involverer millioner af gnuer, zebraer og gazeller i en cyklus af liv og d\u00f8d. Serengeti er ogs\u00e5 hjemsted for en <strong>h\u00f8j t\u00e6thed af rovdyr<\/strong>Det g\u00f8r det til et ideelt sted at opleve naturens dramaer udspille sig. Parkens forskellige levesteder, herunder savanne, skov og v\u00e5domr\u00e5der, underst\u00f8tter en r\u00e6kke forskellige dyreliv, hvilket sikrer, at hver safarioplevelse er unik.<\/p>\n\n\n\n<p>Bes\u00f8g Serengeti National Park p\u00e5 <a href=\"https:\/\/safari-tours-africa.com\/da\/safarirejser\/10-day-serengeti-ngorongoro-safari-with-zanzibar\/\">10-dages Serengeti- og Ngorongoro-safari med Zanzibar<\/a>.<\/p>\n\n\n\n<figure class=\"wp-block-image size-full\"><img loading=\"lazy\" decoding=\"async\" width=\"2000\" height=\"1335\" src=\"https:\/\/safari-tours-africa.com\/wp-content\/uploads\/wildlife-in-serengeti-national-park-scaled.webp\" alt=\"Gruppe af unge l\u00f8ver ligger p\u00e5 klipper - smukt savannelandskab ved solnedgang. Safari med vilde dyr i Serengeti Nationalpark, Masai Mara, Tanzania, Afrika\" class=\"wp-image-1138\"\/><figcaption class=\"wp-element-caption\">Vildtsafari i Serengeti Nationalpark<\/figcaption><\/figure>\n\n\n\n<h3 class=\"wp-block-heading\">2. Ngorongoro bevaringsomr\u00e5de<\/h3>\n\n\n\n<p>Ngorongoro-krateret, en <strong>massiv vulkansk kaldera<\/strong>er et mikrokosmos af \u00f8stafrikansk natur og dyreliv. Dette naturlige amfiteater vrimler med dyr, inklusive <strong>den t\u00e6tteste bestand af l\u00f8ver i verden<\/strong>. Samspillet mellem Maasai-folket og dyrelivet i omr\u00e5det tilf\u00f8jer en fascinerende kulturel dimension til din safarioplevelse.<\/p>\n\n\n\n<p>Bes\u00f8g Ngorongoro Conservation Area p\u00e5 <a href=\"https:\/\/safari-tours-africa.com\/da\/safarirejser\/5-day-best-of-tanzania-safari-tour\/\">5-dages safaritur til det bedste af Tanzania<\/a>.<\/p>\n\n\n\n<figure class=\"wp-block-image size-full\"><img loading=\"lazy\" decoding=\"async\" width=\"2000\" height=\"1333\" src=\"https:\/\/safari-tours-africa.com\/wp-content\/uploads\/group-of-giraffes-walking-in-ngorongoro-conservation-area-in-tanzania-scaled.webp\" alt=\"Gruppe af giraffer p\u00e5 vandring i Ngorongoro Conservation Area i Tanzania. Afrikas vilde dyreliv\" class=\"wp-image-1133\"\/><figcaption class=\"wp-element-caption\">Giraffer i deres naturlige habitat i Ngorongoro Conservation Area<\/figcaption><\/figure>\n\n\n\n<h3 class=\"wp-block-heading\">3. Tarangire Nationalpark<\/h3>\n\n\n\n<p>Kendt for sin <strong>store elefantflokke<\/strong> og de ikoniske baobabtr\u00e6er, tilbyder Tarangire en unik safarioplevelse. De <strong>Tarangire-floden<\/strong> er en magnet for dyrelivet, is\u00e6r i t\u00f8rtiden, hvor dyrene samles i stort antal ved flodbredderne, hvilket g\u00f8r det til et f\u00f8rsteklasses sted at se p\u00e5 vildt.<\/p>\n\n\n\n<p>Bes\u00f8g Tarangire National Park p\u00e5 <a href=\"https:\/\/safari-tours-africa.com\/da\/safarirejser\/7-day-big-five-safari-in-tanzania\/\">7-dages Big Five-safari i Tanzania<\/a>.<\/p>\n\n\n\n<figure class=\"wp-block-image size-full\"><img loading=\"lazy\" decoding=\"async\" width=\"2000\" height=\"1325\" src=\"https:\/\/safari-tours-africa.com\/wp-content\/uploads\/tarangire-national-park-from-above-scaled.webp\" alt=\"tarangire nationalpark\" class=\"wp-image-970\"\/><figcaption class=\"wp-element-caption\">Luftfoto af Tarangire National Park<\/figcaption><\/figure>\n\n\n\n<h3 class=\"wp-block-heading\">4. Lake Manyara National Park<\/h3>\n\n\n\n<p>Beliggende ved foden af <strong>Great Rift Valley<\/strong> er Lake Manyara National Park ber\u00f8mt for sin smukke <strong>l\u00f8ver, der klatrer i tr\u00e6er<\/strong>store flokke af bavianer og et rigt fugleliv, herunder <strong>flamingoer<\/strong>. Parkens forskelligartede \u00f8kosystemer, fra den alkaliske s\u00f8 til t\u00e6tte skove og stejle bjergsider, huser en bred vifte af dyreliv.<\/p>\n\n\n\n<p>Bes\u00f8g Lake Manyara National Park p\u00e5 <a href=\"https:\/\/safari-tours-africa.com\/da\/safarirejser\/8-day-the-great-migration-safari-tour-in-tanzania\/\">8-dages safaritur til Den Store Migration i Tanzania<\/a>.<\/p>\n\n\n\n<figure class=\"wp-block-image size-full\"><img loading=\"lazy\" decoding=\"async\" width=\"2000\" height=\"1333\" src=\"https:\/\/safari-tours-africa.com\/wp-content\/uploads\/landscape-in-manyara-national-park-scaled.webp\" alt=\"Landskab i Manyara National Park\" class=\"wp-image-1001\"\/><figcaption class=\"wp-element-caption\">Landskab i Lake Manyara National Park<\/figcaption><\/figure>\n\n\n\n<h3 class=\"wp-block-heading\">5. Ruaha Nationalpark<\/h3>\n\n\n\n<p>Ruahas afsides beliggenhed betyder, at det er <strong>mindre bes\u00f8gt af turister<\/strong>og tilbyder en virkelig vild og eksklusiv safarioplevelse. Det er kendt for sin store elefantbestand og en bred vifte af andet vildt, herunder kuduer, antiloper og truede vildhunde. Den <strong>Ruaha-floden<\/strong> tiltr\u00e6kker en overflod af dyr, is\u00e6r i t\u00f8rtiden, hvilket g\u00f8r det til et fremragende sted at se p\u00e5 vildt.<\/p>\n\n\n\n<figure class=\"wp-block-image size-large\"><img decoding=\"async\" src=\"https:\/\/safari-tours-africa.com\/wp-content\/uploads\/candelabra-tree-in-the-hilly-landscape-1024x681.webp\" alt=\"Kandelabertr\u00e6 i det bakkede landskab, Ruaha National Park, Tanzania\" class=\"wp-image-1287\"\/><figcaption class=\"wp-element-caption\">Kandelabertr\u00e6 i det bakkede landskab i Ruaha National Park<\/figcaption><\/figure>\n\n\n\n<h3 class=\"wp-block-heading\">6. Nyerere National Park (Selous)<\/h3>\n\n\n\n<p>Nyerere d\u00e6kker et stort omr\u00e5de og er <strong>et af de st\u00f8rste faunareservater i verden<\/strong>. Rufiji-floden flyder gennem parken og skaber et netv\u00e6rk af s\u00f8er, laguner og kanaler. <strong>B\u00e5dsafari<\/strong> giver et unikt perspektiv p\u00e5 parkens indbyggere, herunder flodheste, krokodiller og en r\u00e6kke vandfugle. Parkens skovomr\u00e5der og sletter er hjemsted for et stort antal elefanter, b\u00f8fler og giraffer samt den undvigende leopard.<\/p>\n\n\n\n<figure class=\"wp-block-image size-large\"><img decoding=\"async\" src=\"https:\/\/safari-tours-africa.com\/wp-content\/uploads\/aerial-view-of-nyerere-national-park-in-tanzania-1024x575.webp\" alt=\"Luftfoto af Nyerere nationalpark i Tanzania\" class=\"wp-image-1288\"\/><figcaption class=\"wp-element-caption\">Luftfoto af Nyerere National Park<\/figcaption><\/figure>\n\n\n\n<h3 class=\"wp-block-heading\">7. Mahale Mountains National Park<\/h3>\n\n\n\n<p>P\u00e5 baggrund af <strong>Tanganyika-s\u00f8en<\/strong>Mahale er synonym med chimpansetrekking. Parkens bjergrige terr\u00e6n, der er d\u00e6kket af t\u00e6t tropisk skov, er en h\u00f8jborg for disse primater. Oplevelsen af at se <strong>chimpanser<\/strong> i deres naturlige habitat er dybtg\u00e5ende og ydmygende. Mahale giver ogs\u00e5 mulighed for afslapning ved s\u00f8en og vandbaserede aktiviteter, hvilket giver et roligt modspil til sp\u00e6ndingen ved chimpanseturene.<\/p>\n\n\n\n<figure class=\"wp-block-image size-large is-resized\"><img decoding=\"async\" src=\"https:\/\/safari-tours-africa.com\/wp-content\/uploads\/mahale-mountains-1024x683.webp\" alt=\"JUNGLEBJERGE I MAHALE, TANZANIA\" class=\"wp-image-1289\" style=\"width:1189px;height:auto\"\/><figcaption class=\"wp-element-caption\">Det bakkede landskab i Mahale Mountains National Park<\/figcaption><\/figure>\n\n\n\n<h2 class=\"wp-block-heading\">Hvorn\u00e5r er det bedst at bes\u00f8ge Tanzania?<\/h2>\n\n\n\n<p>Det ideelle tidspunkt at bes\u00f8ge Tanzania varierer alt efter, hvad man gerne vil se:<\/p>\n\n\n\n<h3 class=\"wp-block-heading\">Safari<\/h3>\n\n\n\n<p>Den <strong>t\u00f8r s\u00e6son (juni til oktober)<\/strong> byder p\u00e5 fremragende dyreliv. Dyrene er lettere at f\u00e5 \u00f8je p\u00e5, n\u00e5r de samles omkring vandhuller og floder. Den store migration er et h\u00f8jdepunkt i Serengeti i denne periode.<\/p>\n\n\n\n<h3 class=\"wp-block-heading\">Strandferie<\/h3>\n\n\n\n<p>Zanzibar og andre kystomr\u00e5der er bedst at bes\u00f8ge i de t\u00f8rre m\u00e5neder (<strong>Juni til oktober og december til februar<\/strong>). Vejret er varmt og solrigt, perfekt til strandaktiviteter og udforskning af koralrevene.<\/p>\n\n\n\n<figure class=\"wp-block-image size-full\"><img loading=\"lazy\" decoding=\"async\" width=\"2000\" height=\"1332\" src=\"https:\/\/safari-tours-africa.com\/wp-content\/uploads\/scenery-landscape-of-serengeti-national-park-full-of-animals-scaled.webp\" alt=\"Serengeti-nationalparkens landskab fuld af dyr\" class=\"wp-image-977\"\/><figcaption class=\"wp-element-caption\">For safari er det optimalt at bes\u00f8ge Tanzania i den t\u00f8rre \u00e5rstid.<\/figcaption><\/figure>\n\n\n\n<h2 class=\"wp-block-heading\">Er Tanzania sikkert?<\/h2>\n\n\n\n<p>Tanzania er <strong>generelt sikkert for turister<\/strong>, men det er klogt at tage <strong>standard sikkerhedsforanstaltninger<\/strong>. Opbevar v\u00e6rdigenstande sikkert, is\u00e6r p\u00e5 steder med mange mennesker. N\u00e5r du er p\u00e5 safari, skal du altid lytte til din guide - de er uddannet til at s\u00f8rge for din sikkerhed omkring dyrelivet. Respekter lokale skikke og traditioner, is\u00e6r n\u00e5r du bes\u00f8ger landsbyer eller religi\u00f8se steder. Kl\u00e6d dig konservativt og bed om tilladelse, f\u00f8r du fotograferer folk, for at vise respekt for den lokale kultur.<\/p>\n\n\n\n<figure class=\"wp-block-image size-large\"><img decoding=\"async\" src=\"https:\/\/safari-tours-africa.com\/wp-content\/uploads\/a-woman-in-a-burka-walking-through-the-outdoor-market-in-stone-town-1024x683.webp\" alt=\"Tanzania, Zanzibar - 6\/10\/2018: En kvinde i burka g\u00e5r gennem det udend\u00f8rs marked i Stone Town.\" class=\"wp-image-1295\"\/><figcaption class=\"wp-element-caption\">Gaderne i Stone Town<\/figcaption><\/figure>\n\n\n\n<h2 class=\"wp-block-heading\">Skal jeg have visum for at rejse ind i Tanzania?<\/h2>\n\n\n\n<p>Tanzania er tilg\u00e6ngelig via internationale fly til Julius Nyerere International Airport (Dar es Salaam) og Kilimanjaro International Airport (Arusha). <strong>Visumkravene varierer<\/strong>S\u00e5 tjek med den tanzanianske ambassade eller konsulatet i dit land, f\u00f8r du rejser. Indenrigsflyvninger forbinder st\u00f8rre destinationer, mens dala-dalas<strong> <\/strong>(minibusser) og boda-bodas<strong> <\/strong>(motorcykeltaxier) tilbyder lokal transport. Til l\u00e6ngere rejser eller safari anbefales private k\u00f8ret\u00f8jer eller organiserede ture.<\/p>\n\n\n\n<figure class=\"wp-block-image size-large\"><img decoding=\"async\" src=\"https:\/\/safari-tours-africa.com\/wp-content\/uploads\/usa-visa-in-a-passport-background-1024x683.webp\" alt=\"USA-visum i en pasbaggrund\" class=\"wp-image-1296\"\/><figcaption class=\"wp-element-caption\">Tjek visumkravene for dit land forud for din rejse.<\/figcaption><\/figure>\n\n\n\n<h2 class=\"wp-block-heading\">Hvordan er den lokale transport i Tanzania?<\/h2>\n\n\n\n<p>For den autentiske tanzanianske oplevelse, lokal transport som <strong>dala-dalaer og boda-bodaer<\/strong> giver et indblik i det daglige liv. Men af hensyn til komfort og bekvemmelighed, is\u00e6r n\u00e5r man rejser til fjerntliggende safaridestinationer, er private k\u00f8ret\u00f8jer eller fly at foretr\u00e6kke. Tanzanias infrastruktur underst\u00f8tter en r\u00e6kke transportmuligheder, der passer til forskellige pr\u00e6ferencer og budgetter.<\/p>\n\n\n\n<figure class=\"wp-block-image size-large\"><img loading=\"lazy\" decoding=\"async\" width=\"1024\" height=\"683\" src=\"https:\/\/safari-tours-africa.com\/wp-content\/uploads\/rear-view-of-bus-traveling-on-dirt-road-1024x683.webp\" alt=\"Bus set bagfra p\u00e5 grusvej, Tanzania, Afrika\" class=\"wp-image-1290\" srcset=\"https:\/\/safari-tours-africa.com\/wp-content\/uploads\/rear-view-of-bus-traveling-on-dirt-road-1024x683.webp 1024w, https:\/\/safari-tours-africa.com\/wp-content\/uploads\/rear-view-of-bus-traveling-on-dirt-road-300x200.webp 300w, https:\/\/safari-tours-africa.com\/wp-content\/uploads\/rear-view-of-bus-traveling-on-dirt-road-768x512.webp 768w, https:\/\/safari-tours-africa.com\/wp-content\/uploads\/rear-view-of-bus-traveling-on-dirt-road-1536x1024.webp 1536w, https:\/\/safari-tours-africa.com\/wp-content\/uploads\/rear-view-of-bus-traveling-on-dirt-road-2048x1365.webp 2048w, https:\/\/safari-tours-africa.com\/wp-content\/uploads\/rear-view-of-bus-traveling-on-dirt-road-18x12.webp 18w\" sizes=\"auto, (max-width: 1024px) 100vw, 1024px\" \/><figcaption class=\"wp-element-caption\">En minibus k\u00f8rer p\u00e5 en grusvej i Tanzania<\/figcaption><\/figure>\n\n\n\n<h2 class=\"wp-block-heading\">Hvilke overnatningsmuligheder er der i Tanzania?<\/h2>\n\n\n\n<p>Fra luksuslodges i hjertet af bushen til resorts ved stranden p\u00e5 Swahili-kysten, Tanzania henvender sig til <strong>alle smagsl\u00f8g og budgetter<\/strong>. Safariindkvarteringen sp\u00e6nder fra teltlejre, der tilbyder en intim forbindelse med naturen, til overd\u00e5dige lodges med faciliteter i verdensklasse. P\u00e5 Zanzibar og i andre kystomr\u00e5der tilbyder resorts og hoteller afslapning og forskellige vandbaserede aktiviteter.<\/p>\n\n\n\n<figure class=\"wp-block-image size-full\"><img loading=\"lazy\" decoding=\"async\" width=\"1024\" height=\"768\" src=\"https:\/\/safari-tours-africa.com\/wp-content\/uploads\/kon-tiki-serengeti-camp.webp\" alt=\"Kon Tiki Serengeti Camp\" class=\"wp-image-974\" srcset=\"https:\/\/safari-tours-africa.com\/wp-content\/uploads\/kon-tiki-serengeti-camp.webp 1024w, https:\/\/safari-tours-africa.com\/wp-content\/uploads\/kon-tiki-serengeti-camp-300x225.webp 300w, https:\/\/safari-tours-africa.com\/wp-content\/uploads\/kon-tiki-serengeti-camp-768x576.webp 768w, https:\/\/safari-tours-africa.com\/wp-content\/uploads\/kon-tiki-serengeti-camp-16x12.webp 16w\" sizes=\"auto, (max-width: 1024px) 100vw, 1024px\" \/><figcaption class=\"wp-element-caption\">Kon Tiki Serengeti Camp i nationalparken<\/figcaption><\/figure>\n\n\n\n<h2 class=\"wp-block-heading\">Hvad kan jeg ellers lave i Tanzania ud over at se vilde dyr?<\/h2>\n\n\n\n<p>Tanzanias safarier er kun begyndelsen. Landet byder p\u00e5 mangfoldige oplevelser:<\/p>\n\n\n\n<ul class=\"wp-block-list\">\n<li><strong>Ballonsafari:<\/strong> F\u00e5 Serengeti i fugleperspektiv med en luftballonsafari. Det fredfyldte og majest\u00e6tiske panorama over sletterne ved solopgang er uforglemmeligt.<\/li>\n\n\n\n<li><strong>Kulturelle interaktioner:<\/strong> Engager dig i lokalsamfund som f.eks. masaierne for at forst\u00e5 deres m\u00e5de at leve p\u00e5. Disse kulturelle udvekslinger er berigende og giver perspektiv.<\/li>\n\n\n\n<li><strong>Dykning og snorkling:<\/strong> Det klare vand ved Zanzibar og Mafia Island er perfekt til undervandsudforskning. Koralrevene vrimler med havliv og byder p\u00e5 dykning og snorkling i verdensklasse.<\/li>\n\n\n\n<li><strong>B\u00e5dsafari:<\/strong> I parker som Nyerere (Selous) giver b\u00e5dsafari et andet perspektiv p\u00e5 dyrelivet. Det er en fredfyldt oplevelse at se dyrene komme for at drikke ved vandkanten.<\/li>\n<\/ul>\n\n\n\n<figure class=\"wp-block-image size-full\"><img loading=\"lazy\" decoding=\"async\" width=\"2000\" height=\"1333\" src=\"https:\/\/safari-tours-africa.com\/wp-content\/uploads\/hot-air-balloon-floating-over-an-acacia-tree-in-serengeti-national-park-scaled.webp\" alt=\"Varmluftballon sv\u00e6ver over et akacietr\u00e6 i Serengeti National Park.\" class=\"wp-image-907\"\/><figcaption class=\"wp-element-caption\">Varmluftsballon over Serengeti <\/figcaption><\/figure>\n\n\n\n<h2 class=\"wp-block-heading\">Hvordan er maden?<\/h2>\n\n\n\n<p>Det tanzanianske k\u00f8kken er en <strong>fusion af afrikanske, arabiske og indiske smage<\/strong>. Grundretter som Ugali og Nyama Choma er must-tries. Kysten, is\u00e6r Zanzibar, byder p\u00e5 et v\u00e6ld af fisk og skaldyr og er kendt for sine krydderier. At smage p\u00e5 det lokale k\u00f8kken handler ikke kun om n\u00e6ring; det handler om at opleve kulturen.<\/p>\n\n\n\n<figure class=\"wp-block-image size-large\"><img decoding=\"async\" src=\"https:\/\/safari-tours-africa.com\/wp-content\/uploads\/street-food-forodhani-on-the-waterfront-1024x683.webp\" alt=\"Gademad Forodhani p\u00e5 havnefronten i Stone Town, Zanzibar.\" class=\"wp-image-1291\"\/><figcaption class=\"wp-element-caption\">Gademad p\u00e5 Zanzibar<\/figcaption><\/figure>\n\n\n\n<h2 class=\"wp-block-heading\">Hvad er nogle tips til etikette, n\u00e5r man er i Tanzania?<\/h2>\n\n\n\n<p>Mens <strong>drikkepenge er ikke obligatorisk<\/strong>Det er kutyme med god service, is\u00e6r p\u00e5 safari og i restauranter. Forst\u00e5else og <strong>at respektere lokale skikke<\/strong>,<strong> <\/strong>At kl\u00e6de sig beskedent og sp\u00f8rge om lov, f\u00f8r man tager billeder, er n\u00f8glen til en respektfuld og berigende rejseoplevelse.<\/p>\n\n\n\n<figure class=\"wp-block-image size-large\"><img loading=\"lazy\" decoding=\"async\" width=\"1024\" height=\"683\" src=\"https:\/\/safari-tours-africa.com\/wp-content\/uploads\/view-of-the-ngorongoro-crater-in-tanzania-1024x683.webp\" alt=\"Udsigt over Ngorongoro-krateret i Tanzania. Ngorongoro fredet omr\u00e5de. Afrikansk landskab. Guide viser noget til turister\" class=\"wp-image-1297\" srcset=\"https:\/\/safari-tours-africa.com\/wp-content\/uploads\/view-of-the-ngorongoro-crater-in-tanzania-1024x683.webp 1024w, https:\/\/safari-tours-africa.com\/wp-content\/uploads\/view-of-the-ngorongoro-crater-in-tanzania-300x200.webp 300w, https:\/\/safari-tours-africa.com\/wp-content\/uploads\/view-of-the-ngorongoro-crater-in-tanzania-768x512.webp 768w, https:\/\/safari-tours-africa.com\/wp-content\/uploads\/view-of-the-ngorongoro-crater-in-tanzania-1536x1024.webp 1536w, https:\/\/safari-tours-africa.com\/wp-content\/uploads\/view-of-the-ngorongoro-crater-in-tanzania-2048x1365.webp 2048w, https:\/\/safari-tours-africa.com\/wp-content\/uploads\/view-of-the-ngorongoro-crater-in-tanzania-18x12.webp 18w\" sizes=\"auto, (max-width: 1024px) 100vw, 1024px\" \/><figcaption class=\"wp-element-caption\">S\u00f8rg for at respektere lokale skikke<\/figcaption><\/figure>\n\n\n\n<h2 class=\"wp-block-heading\">Hvorfor v\u00e6lge Safari Tours Africa til at rejse til Tanzania?<\/h2>\n\n\n\n<p>Tanzania byder p\u00e5 en mangfoldighed af landskaber og oplevelser, fra det dramatiske dyreliv i Serengeti og Ngorongoro til de fredfyldte strande p\u00e5 Zanzibar. Det er et land, hvor enhver safari ikke bare er en rejse gennem naturen, men en rejse ind i Afrikas sj\u00e6l.<\/p>\n\n\n\n<p>Med sin rige kulturarv, sit mangfoldige dyreliv og sine betagende landskaber lover Tanzania et eventyr, der vil tryllebinde dit hjerte og blive h\u00e6ngende i din hukommelse l\u00e6nge efter, at du har forladt landet. <a href=\"https:\/\/safari-tours-africa.com\/da\/tanzania\/\">safari i Tanzania<\/a>.<\/p>","protected":false},"excerpt":{"rendered":"<p>Tanzania er et land med forskelligartede landskaber og en rig kulturarv, som ligger i \u00d8stafrika. Det er ber\u00f8mt for sine store vildmarksomr\u00e5der, som omfatter sletterne i Serengeti Nationalpark, et safarimekka befolket af Big Five-vildtet (elefant, l\u00f8ve, leopard, b\u00f8ffel og n\u00e6sehorn), og Kilimanjaro Nationalpark, som er hjemsted for Afrikas h\u00f8jeste bjerg. Ud for kysten ligger ... <a href=\"https:\/\/safari-tours-africa.com\/da\/tanzania-a-safari-destination\/\">Fortsat<\/a><\/p>","protected":false},"author":41,"featured_media":1285,"parent":0,"menu_order":0,"comment_status":"closed","ping_status":"closed","template":"","meta":{"_acf_changed":false,"footnotes":""},"class_list":["post-1184","page","type-page","status-publish","has-post-thumbnail","hentry"],"acf":{"page_subheading":"Dive into an in-depth guide about Tanzania's finest safari spots, cultural insights, and essential travel tips for an unforgettable adventure."},"_links":{"self":[{"href":"https:\/\/safari-tours-africa.com\/da\/wp-json\/wp\/v2\/pages\/1184","targetHints":{"allow":["GET"]}}],"collection":[{"href":"https:\/\/safari-tours-africa.com\/da\/wp-json\/wp\/v2\/pages"}],"about":[{"href":"https:\/\/safari-tours-africa.com\/da\/wp-json\/wp\/v2\/types\/page"}],"author":[{"embeddable":true,"href":"https:\/\/safari-tours-africa.com\/da\/wp-json\/wp\/v2\/users\/41"}],"replies":[{"embeddable":true,"href":"https:\/\/safari-tours-africa.com\/da\/wp-json\/wp\/v2\/comments?post=1184"}],"version-history":[{"count":12,"href":"https:\/\/safari-tours-africa.com\/da\/wp-json\/wp\/v2\/pages\/1184\/revisions"}],"predecessor-version":[{"id":1357,"href":"https:\/\/safari-tours-africa.com\/da\/wp-json\/wp\/v2\/pages\/1184\/revisions\/1357"}],"wp:featuredmedia":[{"embeddable":true,"href":"https:\/\/safari-tours-africa.com\/da\/wp-json\/wp\/v2\/media\/1285"}],"wp:attachment":[{"href":"https:\/\/safari-tours-africa.com\/da\/wp-json\/wp\/v2\/media?parent=1184"}],"curies":[{"name":"wp","href":"https:\/\/api.w.org\/{rel}","templated":true}]}}