{"id":39,"date":"2023-01-16T13:14:25","date_gmt":"2023-01-16T13:14:25","guid":{"rendered":"https:\/\/safari-tours-africa.com\/about-us\/"},"modified":"2024-01-18T14:29:36","modified_gmt":"2024-01-18T14:29:36","slug":"om-os","status":"publish","type":"page","link":"https:\/\/safari-tours-africa.com\/da\/about-us\/","title":{"rendered":"Om os"},"content":{"rendered":"<p>P\u00e5 <a href=\"https:\/\/world-discovery.com\/\">Opdagelse af verden<\/a>Vores fort\u00e6lling har altid v\u00e6ret mere end blot at udstikke en kurs p\u00e5 et kort. Det er en historie om passion, nysgerrighed og en ub\u00f8nh\u00f8rlig jagt p\u00e5 det ukendte. Vores bureau blev f\u00f8dt i Europas rige tapet af historie og kultur og har udviklet sig gennem \u00e5rene og omfavnet forskellige facetter af globale rejser.<\/p>\n\n\n\n<p>Vores erfaringer sp\u00e6nder over et kalejdoskop af destinationer, og hver rejse er et nyt kapitel i vores f\u00e6lles eventyr. Nu, hvor vi vender kompasset mod Afrika, befinder vi os p\u00e5 t\u00e6rsklen til et nyt, sp\u00e6ndende kapitel i vores udforskningsodyss\u00e9.<\/p>\n\n\n\n<figure class=\"wp-block-image size-full\"><img loading=\"lazy\" decoding=\"async\" width=\"2000\" height=\"1332\" src=\"https:\/\/safari-tours-africa.com\/wp-content\/uploads\/hiker-on-chogoria-route-scaled.webp\" alt=\"Bagfra af en gruppe vandrere, der g\u00e5r langs en flod ved Chogoria Route, Mount Kenya, Kenya\" class=\"wp-image-927\"\/><figcaption class=\"wp-element-caption\">Afrika - et land med mange juveler<\/figcaption><\/figure>\n\n\n\n<h3 class=\"wp-block-heading\">Afrika: Et l\u00e6rred af r\u00e5 sk\u00f8nhed<\/h3>\n\n\n\n<p>Afrika har altid v\u00e6ret en kilde til inspiration for os hos World Discovery. Den r\u00e5, ufiltrerede sk\u00f8nhed og det rige udvalg af landskaber og kulturer lokker de sande opdagelsesrejsende. Vi har valgt at fokusere p\u00e5 safari og ikke p\u00e5 luksusrejser, fordi vi tror p\u00e5 <strong>at pr\u00e6sentere Afrika i dets sande form<\/strong>.<\/p>\n\n\n\n<p>Fra de vidtstrakte savanner i Kenya og Tanzania til den barske vildmark i Uganda og de forskellige biomer i Sydafrika - hver destination tilbyder et unikt vindue ind til en verden, hvor naturen stadig hersker.<\/p>\n\n\n\n<figure class=\"wp-block-image size-full\"><img loading=\"lazy\" decoding=\"async\" width=\"2000\" height=\"1329\" src=\"https:\/\/safari-tours-africa.com\/wp-content\/uploads\/mount-kenya-scaled.webp\" alt=\"Panorama over Mount Kenya,\" class=\"wp-image-916\"\/><figcaption class=\"wp-element-caption\">Afrikas r\u00e5 sk\u00f8nhed<\/figcaption><\/figure>\n\n\n\n<p>Vores safari-eventyr er designet til at fordybe vores kunder i Afrikas hjerte. Vi tager dig ud over det s\u00e6dvanlige og giver dig en chance for at tr\u00e6de let gennem \u00f8kosystemer, der har v\u00e6ret u\u00e6ndrede i \u00e5rtusinder.&nbsp;<\/p>\n\n\n\n<p>Vores vision er at facilitere en <strong>reel forbindelse til kontinentet<\/strong> - dets dyreliv, dets landskaber og dets befolkning - s\u00e5 du kan opleve Afrika, som det virkelig er: vildt, frit og betagende.<\/p>\n\n\n\n<h3 class=\"wp-block-heading\">Vores styrke: Ekspertise og p\u00e5lidelige partnerskaber<\/h3>\n\n\n\n<p>World Discoverys styrke ligger i vores ekspertise og <strong>vores evne til at identificere de mest p\u00e5lidelige og autentiske safarioplevelser<\/strong>. Vi forst\u00e5r, at essensen af en fantastisk safari ikke kun ligger i destinationen, men i rejsen og de mennesker, der guider dig gennem den.<\/p>\n\n\n\n<p>Vores tilgang til udv\u00e6lgelse af partnere er omhyggelig og baseret p\u00e5 en dyb forst\u00e5else af, hvad der g\u00f8r en safarioplevelse enest\u00e5ende.<\/p>\n\n\n\n<p>Vores team har stor erfaring inden for rejsebranchen og evaluerer omhyggeligt hver enkelt potentiel partner og safarimulighed. <strong>grundig proces <\/strong>der afspejler den flid og opm\u00e6rksomhed, man udviser p\u00e5 en rejse gennem Afrikas majest\u00e6tiske landskaber.<\/p>\n\n\n\n<figure class=\"wp-block-image size-full\"><img loading=\"lazy\" decoding=\"async\" width=\"2000\" height=\"1333\" src=\"https:\/\/safari-tours-africa.com\/wp-content\/uploads\/maasai-mara-men-dancing-scaled.webp\" alt=\"Maasai Mara-mand viser traditionel Maasai-hoppedans\" class=\"wp-image-864\"\/><figcaption class=\"wp-element-caption\">Lokale Maasai-m\u00e6nd<\/figcaption><\/figure>\n\n\n\n<p>Vi dykker ned i vores partneres aktiviteter og vurderer deres kundesupportkanaler, organisatoriske form\u00e5en og generelle p\u00e5lidelighed. Vores team engagerer sig med de ansvarlige og gransker deres tilbud for at sikre, at de opfylder vores <strong>h\u00f8je standarder<\/strong>.<\/p>\n\n\n\n<p>N\u00e5r vi sammens\u00e6tter din safari, er det med den pr\u00e6cision og omhu, som kendetegner dem, der forst\u00e5r, hvad der g\u00f8r et afrikansk eventyr til noget helt s\u00e6rligt. Vores udv\u00e6lgelsesproces er baseret p\u00e5 omfattende research, kundefeedback og t\u00e6t kommunikation med lokale eksperter.<\/p>\n\n\n\n<p>Det g\u00f8r det muligt for os at h\u00e5ndplukke safarioplevelser, der tilbyder <strong>autenticitet og uovertrufne m\u00f8der<\/strong> med Afrikas dyreliv og kultur.<\/p>\n\n\n\n<h3 class=\"wp-block-heading\">Vores lokale partnere<\/h3>\n\n\n\n<p>Vores partnere i Afrika er mere end bare operat\u00f8rer; de er vogtere af landet og ambassad\u00f8rer for deres kultur. De er <strong>Lokalbefolkningen<\/strong> som lever og \u00e5nder for den afrikanske vildmark, med historier og indsigt, der beriger enhver safari.<\/p>\n\n\n\n<p>Ved at v\u00e6lge at arbejde med dem sikrer vi, at vores kunder ikke kun f\u00e5r en \u00e6gte afrikansk oplevelse, men ogs\u00e5 bidrager til bevarelsen af disse storsl\u00e5ede landskaber og de samfund, der kalder dem deres hjem.<\/p>\n\n\n\n<figure class=\"wp-block-image size-large is-resized\"><img loading=\"lazy\" decoding=\"async\" width=\"1024\" height=\"1024\" src=\"https:\/\/safari-tours-africa.com\/wp-content\/uploads\/our-kenyan-safari-ride-1-1024x1024.webp\" alt=\"Vores kenyanske safaritur\" class=\"wp-image-830\" style=\"width:1189px;height:auto\" srcset=\"https:\/\/safari-tours-africa.com\/wp-content\/uploads\/our-kenyan-safari-ride-1-1024x1024.webp 1024w, https:\/\/safari-tours-africa.com\/wp-content\/uploads\/our-kenyan-safari-ride-1-300x300.webp 300w, https:\/\/safari-tours-africa.com\/wp-content\/uploads\/our-kenyan-safari-ride-1-150x150.webp 150w, https:\/\/safari-tours-africa.com\/wp-content\/uploads\/our-kenyan-safari-ride-1-768x767.webp 768w, https:\/\/safari-tours-africa.com\/wp-content\/uploads\/our-kenyan-safari-ride-1-12x12.webp 12w, https:\/\/safari-tours-africa.com\/wp-content\/uploads\/our-kenyan-safari-ride-1.webp 1482w\" sizes=\"auto, (max-width: 1024px) 100vw, 1024px\" \/><figcaption class=\"wp-element-caption\">Vi fors\u00f8ger at danne faste partnerskaber med lokale udbydere.<\/figcaption><\/figure>\n\n\n\n<h3 class=\"wp-block-heading\">Oplev Afrika (og verden) med os!<\/h3>\n\n\n\n<p>Med World Discovery hos Safari Tours Africa bliver din afrikanske safari en rejse ind i sj\u00e6len p\u00e5 verdens mest f\u00e6ngslende kontinent. Uanset om du sporer gorillaer i Ugandas t\u00e5gerige skove, er vidne til den store migration i Kenya og Tanzania eller udforsker de forskellige \u00f8kosystemer i Sydafrika, lover vi et eventyr, der vil efterlade dig med minder for livet.<\/p>\n\n\n\n<p>Tag med os p\u00e5 denne opdagelsesrejse. Udforsk vores kuraterede safarioplevelser i <a href=\"https:\/\/safari-tours-africa.com\/da\/uganda\/\">Uganda<\/a>, <a href=\"https:\/\/safari-tours-africa.com\/da\/sydafrika\/\">Sydafrika<\/a>, <a href=\"https:\/\/safari-tours-africa.com\/da\/kenya\/\">Kenya<\/a>, og <a href=\"https:\/\/safari-tours-africa.com\/da\/tanzania\/\">Tanzania<\/a>og tr\u00e6d ind i en verden, hvor hvert \u00f8jeblik er en historie, der venter p\u00e5 at folde sig ud. Kontakt os i dag, og lad os tage p\u00e5 et uforglemmeligt eventyr i hjertet af Afrika med <a href=\"https:\/\/safari-tours-africa.com\/da\/\">Safarirejser i Afrika<\/a>.<\/p>","protected":false},"excerpt":{"rendered":"<p>Hos World Discovery har vores fort\u00e6lling altid v\u00e6ret mere end blot at udstikke en kurs p\u00e5 et kort. Det er en historie om passion, nysgerrighed og den ubarmhjertige jagt p\u00e5 det ukendte. F\u00f8dt i Europas rige v\u00e6v af historie og kultur har vores bureau udviklet sig gennem \u00e5rene og omfavnet forskellige facetter af globale rejser. Vores erfaring sp\u00e6nder over en ... <a href=\"https:\/\/safari-tours-africa.com\/da\/about-us\/\">Fortsat<\/a><\/p>","protected":false},"author":41,"featured_media":930,"parent":0,"menu_order":0,"comment_status":"closed","ping_status":"closed","template":"","meta":{"_acf_changed":false,"footnotes":""},"class_list":["post-39","page","type-page","status-publish","has-post-thumbnail","hentry"],"acf":{"page_subheading":"Discover Africa with World Discovery: Expertly curated safari adventures that blend authenticity with our extensive travel industry experience."},"_links":{"self":[{"href":"https:\/\/safari-tours-africa.com\/da\/wp-json\/wp\/v2\/pages\/39","targetHints":{"allow":["GET"]}}],"collection":[{"href":"https:\/\/safari-tours-africa.com\/da\/wp-json\/wp\/v2\/pages"}],"about":[{"href":"https:\/\/safari-tours-africa.com\/da\/wp-json\/wp\/v2\/types\/page"}],"author":[{"embeddable":true,"href":"https:\/\/safari-tours-africa.com\/da\/wp-json\/wp\/v2\/users\/41"}],"replies":[{"embeddable":true,"href":"https:\/\/safari-tours-africa.com\/da\/wp-json\/wp\/v2\/comments?post=39"}],"version-history":[{"count":4,"href":"https:\/\/safari-tours-africa.com\/da\/wp-json\/wp\/v2\/pages\/39\/revisions"}],"predecessor-version":[{"id":963,"href":"https:\/\/safari-tours-africa.com\/da\/wp-json\/wp\/v2\/pages\/39\/revisions\/963"}],"wp:featuredmedia":[{"embeddable":true,"href":"https:\/\/safari-tours-africa.com\/da\/wp-json\/wp\/v2\/media\/930"}],"wp:attachment":[{"href":"https:\/\/safari-tours-africa.com\/da\/wp-json\/wp\/v2\/media?parent=39"}],"curies":[{"name":"wp","href":"https:\/\/api.w.org\/{rel}","templated":true}]}}