{"id":1172,"date":"2024-01-22T15:31:09","date_gmt":"2024-01-22T15:31:09","guid":{"rendered":"https:\/\/safari-tours-africa.com\/?page_id=1172"},"modified":"2024-01-23T17:26:49","modified_gmt":"2024-01-23T17:26:49","slug":"kenia-als-safari-ziel","status":"publish","type":"page","link":"https:\/\/safari-tours-africa.com\/de\/kenya-a-safari-destination\/","title":{"rendered":"Kenia: Ein Safari-Reiseziel"},"content":{"rendered":"<p>Kenia, gelegen im <strong>Herz von Ostafrika<\/strong>ist ein Land, in dem nat\u00fcrliche Sch\u00f6nheit auf Abenteuer trifft. Es ist ein Reiseziel, das f\u00fcr seine vielf\u00e4ltige Tierwelt und Landschaften bekannt ist, von den Flamingo-Seen des Great Rift Valley bis hin zu den wildtierreichen <a href=\"https:\/\/safari-tours-africa.com\/de\/safaritouren\/3-day-enkorok-mara-camp-safari\/\">Maasai Mara<\/a>.<\/p>\n\n\n\n<p>Es ist ein Land, in dem die traditionelle Kultur mit dem modernen Leben verwoben ist, von den gesch\u00e4ftigen Stra\u00dfen Nairobis bis zu den Hirtenst\u00e4mmen an der Nordgrenze. Mit seinen unber\u00fchrten Str\u00e4nden, dem Hochgebirge und der reichen Tierwelt bietet Kenia eine F\u00fclle von Erlebnissen f\u00fcr jeden Reisenden, der die Naturwunder und die kulturellen Tiefen Afrikas erkunden m\u00f6chte.<\/p>\n\n\n\n<figure class=\"wp-block-image size-full\"><img loading=\"lazy\" decoding=\"async\" width=\"2000\" height=\"1333\" src=\"https:\/\/safari-tours-africa.com\/wp-content\/uploads\/masai-mara-national-park-in-kenya-scaled.webp\" alt=\"Wilde Giraffe und Gnu in der N\u00e4he von Safari-Auto in Masai Mara National Park, Kenia. Safari-Konzept. Afrikanische Reise Landschaft\" class=\"wp-image-863\"\/><figcaption class=\"wp-element-caption\">Eine Safaritour in Kenia<\/figcaption><\/figure>\n\n\n\n<h2 class=\"wp-block-heading\">Welche Orte in Kenia sollte ich auf einer Safari besuchen?<\/h2>\n\n\n\n<h3 class=\"wp-block-heading\">1. Masai Mara Nationalreservat<\/h3>\n\n\n\n<p>Die Masai Mara ist nicht nur ein Ort, sondern ein Spektakel f\u00fcr sich. Sie ist ein Synonym f\u00fcr Wildtiere und das afrikanische Safarierlebnis. Sie ist die n\u00f6rdliche Erweiterung der Serengeti und die Heimat der spektakul\u00e4ren <strong>Gro\u00dfe Migration<\/strong>wo \u00fcber eine Million Gnus, Zebras und Gazellen auf der Suche nach frischem Weideland durch die Ebenen ziehen. Das Reservat ist auch ein Paradies f\u00fcr Fotografen und bietet die M\u00f6glichkeit, die <strong>Die gro\u00dfen F\u00fcnf<\/strong> in ihrem nat\u00fcrlichen Lebensraum. Die <strong>Mara-Fluss<\/strong>Der von Flusspferden und Krokodilen bev\u00f6lkerte See ist ein dynamisches Element, das die Tierbeobachtung bereichert.<\/p>\n\n\n\n<p>Besuchen Sie das Masai Mara National Reserve auf der <a __bud_processed=\"\" href=\"https:\/\/safari-tours-africa.com\/de\/safaritouren\/3-day-masai-mara-ashnil-camp-safari\/\">3-Tage Masai Mara Ashnil Camp Safari<\/a>.<\/p>\n\n\n\n<figure class=\"wp-block-image size-full\"><img loading=\"lazy\" decoding=\"async\" width=\"2000\" height=\"1338\" src=\"https:\/\/safari-tours-africa.com\/wp-content\/uploads\/masai-mara-scaled.webp\" alt=\"Masai Mara, Kenia\" class=\"wp-image-1273\"\/><figcaption class=\"wp-element-caption\">Masai Mara National Park<\/figcaption><\/figure>\n\n\n\n<h3 class=\"wp-block-heading\">2. Hell's Gate National Park<\/h3>\n\n\n\n<p>Eingebettet in die <strong>Gro\u00dfer Grabenbruch<\/strong>Der Hell's Gate National Park bietet ein au\u00dfergew\u00f6hnliches Safarierlebnis, das sich durch seine dramatische geothermische Aktivit\u00e4t und seine einzigartige Tierwelt auszeichnet. Der Park ist ein Zufluchtsort f\u00fcr Tiere wie B\u00fcffel, Zebras und Giraffen. Da er frei von Raubtieren ist, eignet er sich ideal f\u00fcr Wanderungen und Fahrradsafaris inmitten sprudelnder Geysire und hoch aufragender Klippen. Ber\u00fchmt f\u00fcr <strong>Klettern und Vogelbeobachtung<\/strong>Der Park beherbergt \u00fcber 100 Arten, darunter den seltenen Verreaux-Adler, und zeigt in der Geothermie-Station Olkaria die Harmonie von Natur und erneuerbarer Energie.<\/p>\n\n\n\n<p>Besuchen Sie den Hell's Gate National Park auf der <a href=\"https:\/\/safari-tours-africa.com\/de\/safaritouren\/7-day-best-of-kenya-safari\/\">7-Tage-Safari \"Das Beste von Kenia<\/a>.<\/p>\n\n\n\n<figure class=\"wp-block-image size-large\"><img decoding=\"async\" src=\"https:\/\/safari-tours-africa.com\/wp-content\/uploads\/hells-gate-national-park-1-1024x576.webp\" alt=\"Beeindruckender Hell&#039;s Gate-Nationalpark, Kenia\" class=\"wp-image-1324\"\/><figcaption class=\"wp-element-caption\">Die einzigartige Landschaft des Hell's Gate National Park<\/figcaption><\/figure>\n\n\n\n<h3 class=\"wp-block-heading\">3. Samburu-Nationalreservat<\/h3>\n\n\n\n<p>Samburu bietet mit seinen kargen Landschaften und seiner einzigartigen Tierwelt eine andere Facette der kenianischen Safari. Die <strong>Ewaso Ng'iro Fluss<\/strong> ist die Lebensader des Gebiets, die eine Vielzahl von Wildtieren anzieht und eine gro\u00dfe Population von <strong>Nilkrokodile<\/strong>. Das Reservat beherbergt Arten, die anderswo nur selten zu finden sind, wie die Netzgiraffe und den Somali-Strau\u00df, was es zu einem einzigartigen Safariziel f\u00fcr diejenigen macht, die sich abseits der ausgetretenen Pfade bewegen m\u00f6chten.<\/p>\n\n\n\n<p>Besuchen Sie das Samburu National Reserve auf der <a href=\"https:\/\/safari-tours-africa.com\/de\/safaritouren\/4-day-samburu-flying-package\/\">4-t\u00e4giges Samburu-Flugpaket<\/a>.<\/p>\n\n\n\n<figure class=\"wp-block-image size-full\"><img loading=\"lazy\" decoding=\"async\" width=\"2000\" height=\"1330\" src=\"https:\/\/safari-tours-africa.com\/wp-content\/uploads\/buffalo-in-samburu-scaled.webp\" alt=\"B\u00fcffel\" class=\"wp-image-881\"\/><figcaption class=\"wp-element-caption\">Ein B\u00fcffel chillt im Samburu National Reserve<\/figcaption><\/figure>\n\n\n\n<h3 class=\"wp-block-heading\">4. Nakuru-See-Nationalpark<\/h3>\n\n\n\n<p>Einst bekannt f\u00fcr seine riesigen <strong>Flamingo-Bestand<\/strong> Der Nakuru-See, dessen Ufer rosa gestrichen ist, bietet auf seinem kompakten Gebiet eine reiche Artenvielfalt. Der Park ist heute ein Heiligtum f\u00fcr Nash\u00f6rner, mit <strong>Spitz- und Breitmaulnash\u00f6rner<\/strong> hier gedeihen. Die Aussichtspunkte, wie der Lion Hill, bieten einen Panoramablick auf den See und die Millionen Pelikane und Flamingos an seinen Ufern.<\/p>\n\n\n\n<p>Besuchen Sie den Lake Nakuru National Park auf der <a href=\"https:\/\/safari-tours-africa.com\/de\/safaritouren\/7-day-tree-hotel-samburu-nakuru-masai-lodge-centy-safari\/\">7-Tage Tree Hotel Samburu-Nakuru-Masai Lodge Centy Safari<\/a>.<\/p>\n\n\n\n<figure class=\"wp-block-image size-full\"><img loading=\"lazy\" decoding=\"async\" width=\"2000\" height=\"1328\" src=\"https:\/\/safari-tours-africa.com\/wp-content\/uploads\/rhinos-in-lake-nakuru-national-park-scaled.webp\" alt=\"nash\u00f6rner im nakuru-see-nationalpark, kenia\" class=\"wp-image-1272\"\/><figcaption class=\"wp-element-caption\">Zwei Nash\u00f6rner an den Ufern des Lake Nakuru<\/figcaption><\/figure>\n\n\n\n<h3 class=\"wp-block-heading\">5. Amboseli-Nationalpark<\/h3>\n\n\n\n<p>Amboseli bietet mehr als nur die Kulisse des majest\u00e4tischen <strong>Kilimanjaro<\/strong>. In dieser Arena k\u00f6nnen Sie gro\u00dfe Elefantenherden beobachten, die vor der Kulisse des h\u00f6chsten Gipfels Afrikas umherstreifen. Der Park ist relativ <strong>geringe Gr\u00f6\u00dfe und offene Ebenen<\/strong> machen es einfach, Wildtiere zu beobachten, und bieten intime Begegnungen mit Tieren wie L\u00f6wen, Geparden und unz\u00e4hligen Vogelarten. Der Beobachtungsh\u00fcgel bietet einen Panoramablick auf den Park, vor allem bei Sonnenuntergang, und ist damit ein Paradies f\u00fcr Fotografen.<\/p>\n\n\n\n<figure class=\"wp-block-image size-large\"><img decoding=\"async\" src=\"https:\/\/safari-tours-africa.com\/wp-content\/uploads\/mount-kilimanjaro-with-an-elephant-walking-across-the-foreground-1024x576.webp\" alt=\"Der Kilimandscharo mit einem Elefanten, der durch den Vordergrund l\u00e4uft. Amboseli-Nationalpark, Kenia.\" class=\"wp-image-1325\"\/><figcaption class=\"wp-element-caption\">Ein einsamer Elefant vor dem Kilimandscharo im Amboseli-Nationalpark<\/figcaption><\/figure>\n\n\n\n<h3 class=\"wp-block-heading\">6. Nationalparks Tsavo Ost und West<\/h3>\n\n\n\n<p>Zusammen bilden diese Parks <strong>eines der gr\u00f6\u00dften Naturschutzgebiete der Welt<\/strong>. Tsavo ist ein wildes und ungez\u00e4hmtes Gebiet mit unber\u00fchrter Wildnis. Tsavo Ost ist bekannt f\u00fcr seine riesigen Herden staubroter Elefanten, w\u00e4hrend Tsavo West eine abwechslungsreichere Landschaft bietet, einschlie\u00dflich Quellen, Unterwasser-Nilpferdbeobachtungen an den Mzima Springs und den Shetani-Lavastr\u00f6men.<\/p>\n\n\n\n<figure class=\"wp-block-image size-large\"><img loading=\"lazy\" decoding=\"async\" width=\"1024\" height=\"683\" src=\"https:\/\/safari-tours-africa.com\/wp-content\/uploads\/zebras-in-tsavo-east-national-park-in-kenya-1024x683.webp\" alt=\"Zebras im Tsavo-Ost-Nationalpark in Kenia\" class=\"wp-image-1326\" srcset=\"https:\/\/safari-tours-africa.com\/wp-content\/uploads\/zebras-in-tsavo-east-national-park-in-kenya-1024x683.webp 1024w, https:\/\/safari-tours-africa.com\/wp-content\/uploads\/zebras-in-tsavo-east-national-park-in-kenya-300x200.webp 300w, https:\/\/safari-tours-africa.com\/wp-content\/uploads\/zebras-in-tsavo-east-national-park-in-kenya-768x512.webp 768w, https:\/\/safari-tours-africa.com\/wp-content\/uploads\/zebras-in-tsavo-east-national-park-in-kenya-1536x1024.webp 1536w, https:\/\/safari-tours-africa.com\/wp-content\/uploads\/zebras-in-tsavo-east-national-park-in-kenya-2048x1365.webp 2048w, https:\/\/safari-tours-africa.com\/wp-content\/uploads\/zebras-in-tsavo-east-national-park-in-kenya-18x12.webp 18w\" sizes=\"auto, (max-width: 1024px) 100vw, 1024px\" \/><figcaption class=\"wp-element-caption\">Tsamo ist ein ungez\u00e4hmtes Gebiet der Wildnis<\/figcaption><\/figure>\n\n\n\n<h2 class=\"wp-block-heading\">Wann ist die beste Zeit f\u00fcr einen Besuch in Kenia?<\/h2>\n\n\n\n<p>Der Zeitpunkt Ihres Besuchs kann Ihr Safarierlebnis erheblich beeinflussen. Die <strong>trockene Monate von Juni bis Oktober <\/strong>bieten die besten Tierbeobachtungen, da sich die Tiere um die Wasserquellen versammeln. In dieser Zeit findet auch die Gro\u00dfe Migration in der Masai Mara statt, ein Spektakel, das Naturliebhaber aus aller Welt anzieht.<\/p>\n\n\n\n<p>Jedoch f\u00fcr <strong>Vogelbeobachter<\/strong> Die Regenzeit (November-Dezember und M\u00e4rz-Mai) bietet ein einzigartiges Safarierlebnis mit neugeborenen Tieren und Zugv\u00f6geln am Himmel, die sich f\u00fcr \u00fcppige, malerische Landschaften interessieren.<\/p>\n\n\n\n<figure class=\"wp-block-image size-full\"><img loading=\"lazy\" decoding=\"async\" width=\"2000\" height=\"1333\" src=\"https:\/\/safari-tours-africa.com\/wp-content\/uploads\/roller-bird-on-a-safari-in-kenya.webp\" alt=\"Fliederbrustwalze, Masai Mara, Kenia\" class=\"wp-image-866\"\/><figcaption class=\"wp-element-caption\">Die beste Reisezeit f\u00fcr Kenia h\u00e4ngt davon ab, welche Art von Tieren Sie sehen m\u00f6chten<\/figcaption><\/figure>\n\n\n\n<h2 class=\"wp-block-heading\">Ist Kenia sicher?<\/h2>\n\n\n\n<p>Obwohl Kenia ein relativ sicheres Reiseziel ist, sollten Sie die \u00fcblichen Vorsichtsma\u00dfnahmen treffen. Informieren Sie sich \u00fcber die neuesten Reisehinweise Ihrer Regierung. In den Safari-Destinationen stehen Sicherheitsma\u00dfnahmen an erster Stelle, mit <strong>erfahrene F\u00fchrer und strenge Parkvorschriften<\/strong> um ein sicheres Erlebnis zu gew\u00e4hrleisten. In St\u00e4dten ist es ratsam, nachts die nicht touristischen Gebiete zu meiden, Wertsachen sicher aufzubewahren und wachsam zu sein, wie in jeder anderen Gro\u00dfstadt der Welt auch.<\/p>\n\n\n\n<figure class=\"wp-block-image size-large\"><img decoding=\"async\" src=\"https:\/\/safari-tours-africa.com\/wp-content\/uploads\/street-market-in-nairobi-streets-1024x683.webp\" alt=\"Stra\u00dfenmarkt in den Stra\u00dfen von Nairobi von der Spitze des Kenyatta International Convention Centre.\" class=\"wp-image-1327\"\/><figcaption class=\"wp-element-caption\">Mit den \u00fcblichen Reisevorkehrungen ist Kenia so sicher wie jedes andere Land der Dritten Welt.<\/figcaption><\/figure>\n\n\n\n<h2 class=\"wp-block-heading\">Ben\u00f6tige ich f\u00fcr die Einreise nach Kenia ein Visum?<\/h2>\n\n\n\n<p>Die Planung Ihrer Einreise nach Kenia ist entscheidend f\u00fcr einen reibungslosen Ablauf. Die meisten Reisenden reisen \u00fcber <strong>Internationaler Flughafen Jomo Kenyatta<\/strong> in Nairobi. Visa sind f\u00fcr die meisten Nationalit\u00e4ten erforderlich und k\u00f6nnen online \u00fcber die <strong>eVisa-System<\/strong>. Das Verfahren ist einfach, aber es ist ratsam, das Visum lange vor Ihrer Reise zu beantragen. Vergewissern Sie sich, dass Ihr Reisepass noch mindestens sechs Monate g\u00fcltig ist, und pr\u00fcfen Sie, ob Ihr Land am Ostafrika-Touristenvisum-Programm teilnimmt, das den Zugang zu mehreren L\u00e4ndern erm\u00f6glicht - eine bequeme Option f\u00fcr alle, die die Region erkunden m\u00f6chten.<\/p>\n\n\n\n<figure class=\"wp-block-image size-full\"><img loading=\"lazy\" decoding=\"async\" width=\"2000\" height=\"1333\" src=\"https:\/\/safari-tours-africa.com\/wp-content\/uploads\/usa-visa-in-a-passport-background-scaled.webp\" alt=\"USA-Visum in einem Reisepass-Hintergrund\" class=\"wp-image-1296\"\/><figcaption class=\"wp-element-caption\">Pr\u00fcfen Sie vor Ihrer Reise die Visabestimmungen f\u00fcr Ihr Land<\/figcaption><\/figure>\n\n\n\n<h2 class=\"wp-block-heading\">Wie sieht der Nahverkehr in Kenia aus?<\/h2>\n\n\n\n<p>Die Fortbewegung in Kenia ist Teil des Abenteuers. <strong>Inlandsfl\u00fcge<\/strong> verbinden gro\u00dfe St\u00e4dte und Safariziele und bieten eine schnelle und landschaftlich reizvolle M\u00f6glichkeit, gro\u00dfe Entfernungen zu \u00fcberwinden. F\u00fcr diejenigen, die an lokalen Erfahrungen interessiert sind, bietet die <strong>Matatu-Minibusse<\/strong> bieten ein farbenfrohes und lebendiges Transportmittel, auch wenn sie sich nicht unbedingt an strenge Fahrpl\u00e4ne halten. Private Transfers und Taxis bieten eine komfortablere und sicherere M\u00f6glichkeit der Fortbewegung, insbesondere in st\u00e4dtischen Gebieten. Wenn Sie die Landschaft und das Tempo genie\u00dfen m\u00f6chten, sollten Sie den Zug zwischen Nairobi und Mombasa nehmen, der Ihnen Ausblicke auf die Landschaft und Einblicke in das lokale Leben bietet.<\/p>\n\n\n\n<figure class=\"wp-block-image size-large\"><img decoding=\"async\" src=\"https:\/\/safari-tours-africa.com\/wp-content\/uploads\/tuk-tuk-in-kenya-1024x640.webp\" alt=\"Blick vom Beifahrersitz beim Fahren mit einem Tuk Tuk (dreir\u00e4drige Auto-Rikscha) auf ein anderes Tuk Tuk, das auf der anderen Stra\u00dfenseite in entgegengesetzter Richtung kommt. Malindi, Kenia\" class=\"wp-image-1328\"\/><figcaption class=\"wp-element-caption\">Blick aus einem Tuk Tuk in Kenia<\/figcaption><\/figure>\n\n\n\n<h2 class=\"wp-block-heading\">Welche Unterkunftsm\u00f6glichkeiten gibt es in Kenia?<\/h2>\n\n\n\n<p>Die Unterbringungsm\u00f6glichkeiten in Kenia richten sich an <strong>f\u00fcr jeden Geschmack und jedes Budget<\/strong>. In St\u00e4dten wie Nairobi und Mombasa finden Sie eine Reihe von Hotels, von internationalen Luxusmarken bis hin zu lokalen Boutique-Hotels. Safari-Lodges und -Camps in den Nationalparks bieten ein intensives Naturerlebnis, wobei die Auswahl von luxuri\u00f6sen Zeltcamps bis zu rustikalen Lodges reicht. F\u00fcr Strandliebhaber bietet die kenianische K\u00fcste Resorts und G\u00e4steh\u00e4user mit atemberaubendem Meerblick und Zugang zu unber\u00fchrten Str\u00e4nden wie Diani Beach. \u00d6ko-Lodges sind eine gute Wahl f\u00fcr diejenigen, die eine nachhaltige und gemeinschaftsorientierte Unterkunft suchen.<\/p>\n\n\n\n<figure class=\"wp-block-image size-large\"><img decoding=\"async\" src=\"https:\/\/safari-tours-africa.com\/wp-content\/uploads\/kenya-lodge-for-tourist-surrounded-by-the-jungle-1024x638.webp\" alt=\"Kenia Lodge f\u00fcr Touristen inmitten des Dschungels\" class=\"wp-image-1329\"\/><figcaption class=\"wp-element-caption\">In allen kenianischen Parks gibt es Lodges mit unterschiedlichem Lebensstandard<\/figcaption><\/figure>\n\n\n\n<h2 class=\"wp-block-heading\">Was kann ich in Kenia noch tun, au\u00dfer Wildtiere zu beobachten?<\/h2>\n\n\n\n<p>Kenia ist ein Land der Vielfalt, nicht nur in Bezug auf die Tierwelt, sondern auch in Bezug auf kulturelle und abenteuerliche Erlebnisse. Neben den traditionellen Safaris k\u00f6nnen sich Besucher mit einheimischen <strong>Maasai- und Samburu-Gemeinschaften<\/strong>und bietet einen Einblick in das reiche kulturelle Erbe Kenias. Die Vogelbeobachtung ist spektakul\u00e4r, vor allem an den Seen im Rift Valley. F\u00fcr die Abenteurer, <strong>Hei\u00dfluftballon-Safaris<\/strong> bieten einen einzigartigen Blick auf die Maasai Mara, und die Wassersportm\u00f6glichkeiten an der K\u00fcste kommen bei Strandliebhabern gut an. Naturschutzzentren und Schutzgebiete bieten Einblicke in die Bem\u00fchungen zum Schutz der Wildtiere und machen Ihre Reise zu einem Urlaub und einer Lernerfahrung.<\/p>\n\n\n\n<figure class=\"wp-block-image size-large is-resized\"><img loading=\"lazy\" decoding=\"async\" width=\"1024\" height=\"683\" src=\"https:\/\/safari-tours-africa.com\/wp-content\/uploads\/maasai-mara-man-showing-traditional-maasai-jumping-dance-1024x683.webp\" alt=\"Maasai Mara Mann zeigt traditionellen Maasai-Sprungtanz\" class=\"wp-image-1330\" style=\"width:1024px;height:auto\" srcset=\"https:\/\/safari-tours-africa.com\/wp-content\/uploads\/maasai-mara-man-showing-traditional-maasai-jumping-dance-1024x683.webp 1024w, https:\/\/safari-tours-africa.com\/wp-content\/uploads\/maasai-mara-man-showing-traditional-maasai-jumping-dance-300x200.webp 300w, https:\/\/safari-tours-africa.com\/wp-content\/uploads\/maasai-mara-man-showing-traditional-maasai-jumping-dance-768x512.webp 768w, https:\/\/safari-tours-africa.com\/wp-content\/uploads\/maasai-mara-man-showing-traditional-maasai-jumping-dance-1536x1024.webp 1536w, https:\/\/safari-tours-africa.com\/wp-content\/uploads\/maasai-mara-man-showing-traditional-maasai-jumping-dance-2048x1365.webp 2048w, https:\/\/safari-tours-africa.com\/wp-content\/uploads\/maasai-mara-man-showing-traditional-maasai-jumping-dance-18x12.webp 18w\" sizes=\"auto, (max-width: 1024px) 100vw, 1024px\" \/><figcaption class=\"wp-element-caption\">Die lokale Gemeinschaft der indigenen Maasai<\/figcaption><\/figure>\n\n\n\n<h2 class=\"wp-block-heading\">Wie ist das Essen?<\/h2>\n\n\n\n<p>Die kenianische K\u00fcche ist ein Spiegelbild der kulturellen Vielfalt des Landes. <strong>Traditionelle Gerichte<\/strong> wie Ugali, Nyama Choma und Kachumbari bieten einen Vorgeschmack auf die lokalen Aromen. <strong>Indische und k\u00fcstennahe Einfl\u00fcsse<\/strong> eine Vielzahl von Meeresfr\u00fcchtegerichten, Currys und Chapatis, die die kulinarische Landschaft bereichern. Die Teeplantagen im Hochland produzieren <strong>einige der besten Tees der Welt<\/strong>eine perfekte Erg\u00e4nzung zu einer kenianischen Mahlzeit. Stra\u00dfenimbisse und lokale Restaurants bieten ein authentisches und erschwingliches Essenserlebnis und erm\u00f6glichen es den Besuchern, die kulinarische Vielfalt des Landes zu entdecken.<\/p>\n\n\n\n<figure class=\"wp-block-image size-large\"><img decoding=\"async\" src=\"https:\/\/safari-tours-africa.com\/wp-content\/uploads\/kenyan-nyama-choma-1024x610.webp\" alt=\"Kenia Nyama Choma\" class=\"wp-image-1331\"\/><figcaption class=\"wp-element-caption\">Die kenianische Spezialit\u00e4t - nyama choma<\/figcaption><\/figure>\n\n\n\n<h2 class=\"wp-block-heading\">Welche Benimm-Tipps gibt es f\u00fcr den Aufenthalt in Kenia?<\/h2>\n\n\n\n<p>Die Kenntnis der \u00f6rtlichen Sitten und Gebr\u00e4uche kann Ihr Reiseerlebnis erheblich verbessern. <strong>Trinkgeld ist erw\u00fcnscht<\/strong> aber nicht obligatorisch, mit den \u00fcblichen Betr\u00e4gen f\u00fcr F\u00fchrer, Fahrer und Servicepersonal. Wichtig ist ein respektvoller Umgang miteinander, einschlie\u00dflich Begr\u00fc\u00dfung und Bitte um Erlaubnis, bevor Sie Fotos machen. Kleiden Sie sich konservativ, vor allem wenn Sie l\u00e4ndliche Gebiete oder religi\u00f6se St\u00e4tten besuchen. Lernen einer <strong>einige grundlegende S\u00e4tze auf Suaheli <\/strong>k\u00f6nnen Ihre Interaktionen mit den Einheimischen bereichern und Respekt f\u00fcr die lokale Kultur zeigen.<\/p>\n\n\n\n<figure class=\"wp-block-image size-large\"><img decoding=\"async\" src=\"https:\/\/safari-tours-africa.com\/wp-content\/uploads\/masai-kudu-horn-blowing-1024x679.webp\" alt=\"Masai Kudu Hornblasen - Kenia\" class=\"wp-image-1332\"\/><figcaption class=\"wp-element-caption\">Respektvoller Umgang mit den \u00f6rtlichen Gepflogenheiten<\/figcaption><\/figure>\n\n\n\n<h2 class=\"wp-block-heading\">Warum Safari Tours Africa f\u00fcr Reisen nach Kenia w\u00e4hlen?<\/h2>\n\n\n\n<p>Wenn Sie sich f\u00fcr Safari Tours Africa entscheiden, entscheiden Sie sich f\u00fcr ein Erlebnis, das auf Ihre W\u00fcnsche zugeschnitten ist und Ihnen eine nahtlose und authentische Reise durch die Landschaften und die Tierwelt Kenias garantiert. Durch Partnerschaften mit den besten lokalen Veranstaltern und einer Verpflichtung zu pers\u00f6nlichem Service verspricht Safari Tours Africa ein unvergessliches Abenteuer, das Sie mit dem Herzen dieses pulsierenden und vielf\u00e4ltigen Landes auf unseren <a href=\"https:\/\/safari-tours-africa.com\/de\/kenia\/\">Kenia Safaris<\/a>.<\/p>","protected":false},"excerpt":{"rendered":"<p>Kenia, im Herzen Ostafrikas gelegen, ist ein Land, in dem nat\u00fcrliche Sch\u00f6nheit auf Abenteuer trifft. Es ist ein Reiseziel, das f\u00fcr seine vielf\u00e4ltige Tierwelt und Landschaften bekannt ist, von den Flamingo-Seen des Great Rift Valley bis hin zur tierreichen Maasai Mara. Es ist ein Land, in dem die traditionelle Kultur mit dem modernen Leben verwoben ist, von ... <a href=\"https:\/\/safari-tours-africa.com\/de\/kenya-a-safari-destination\/\">Fortsetzung<\/a><\/p>","protected":false},"author":41,"featured_media":896,"parent":0,"menu_order":0,"comment_status":"closed","ping_status":"closed","template":"","meta":{"_acf_changed":false,"footnotes":""},"class_list":["post-1172","page","type-page","status-publish","has-post-thumbnail","hentry"],"acf":{"page_subheading":"Uncover a comprehensive overview of Kenya's top safari destinations, wildlife highlights, and practical advice for a seamless travel experience."},"_links":{"self":[{"href":"https:\/\/safari-tours-africa.com\/de\/wp-json\/wp\/v2\/pages\/1172","targetHints":{"allow":["GET"]}}],"collection":[{"href":"https:\/\/safari-tours-africa.com\/de\/wp-json\/wp\/v2\/pages"}],"about":[{"href":"https:\/\/safari-tours-africa.com\/de\/wp-json\/wp\/v2\/types\/page"}],"author":[{"embeddable":true,"href":"https:\/\/safari-tours-africa.com\/de\/wp-json\/wp\/v2\/users\/41"}],"replies":[{"embeddable":true,"href":"https:\/\/safari-tours-africa.com\/de\/wp-json\/wp\/v2\/comments?post=1172"}],"version-history":[{"count":5,"href":"https:\/\/safari-tours-africa.com\/de\/wp-json\/wp\/v2\/pages\/1172\/revisions"}],"predecessor-version":[{"id":1336,"href":"https:\/\/safari-tours-africa.com\/de\/wp-json\/wp\/v2\/pages\/1172\/revisions\/1336"}],"wp:featuredmedia":[{"embeddable":true,"href":"https:\/\/safari-tours-africa.com\/de\/wp-json\/wp\/v2\/media\/896"}],"wp:attachment":[{"href":"https:\/\/safari-tours-africa.com\/de\/wp-json\/wp\/v2\/media?parent=1172"}],"curies":[{"name":"wp","href":"https:\/\/api.w.org\/{rel}","templated":true}]}}