{"id":1176,"date":"2024-01-22T15:46:04","date_gmt":"2024-01-22T15:46:04","guid":{"rendered":"https:\/\/safari-tours-africa.com\/?page_id=1176"},"modified":"2024-01-23T17:08:09","modified_gmt":"2024-01-23T17:08:09","slug":"uganda-als-safariziel","status":"publish","type":"page","link":"https:\/\/safari-tours-africa.com\/de\/uganda-a-safari-destination\/","title":{"rendered":"Uganda: Ein Safari-Reiseziel"},"content":{"rendered":"<p>Uganda ist ein Land, das wirklich die raue Essenz des afrikanischen Kontinents verk\u00f6rpert. Es ist ein Land, in dem die <strong>Sonnenverw\u00f6hnte Savannen treffen auf \u00fcppige Regenw\u00e4lder<\/strong>und wo der m\u00e4chtige Nil einem unglaublich vielf\u00e4ltigen \u00d6kosystem Leben einhaucht. Ugandas reichhaltiges Landschaftsbild reicht von schneebedeckten Bergketten \u00fcber ausgedehnte Seen bis hin zu dichten Dschungeln.<\/p>\n\n\n\n<p>Seine kulturelle Vielfalt mit \u00fcber 56 St\u00e4mmen, von denen jeder seine eigenen Br\u00e4uche, Sprachen und Traditionen hat, bietet eine <strong>reiches Mosaik an kulturellen Erfahrungen<\/strong>. Vom adrenalingeladenen Abenteuer des Wildwasser-Raftings auf dem Nil bis hin zur Ruhe bei einem Sonnenuntergang \u00fcber der Savanne - Uganda verspricht auf Schritt und Tritt eine Reise voller Entdeckungen und Wunder.<\/p>\n\n\n\n<figure class=\"wp-block-image size-full\"><img loading=\"lazy\" decoding=\"async\" width=\"2000\" height=\"1333\" src=\"https:\/\/safari-tours-africa.com\/wp-content\/uploads\/adult-female-gorilla-with-baby-scaled.webp\" alt=\"Erwachsener weiblicher Gorilla mit Baby, Gorilla beringei beringei, im \u00fcppigen Laub des Bwindi Impenetrable Forest, Uganda. Mitglieder der Habituationsgruppe der Familie Muyambi im Rahmen des Schutzprogramms\" class=\"wp-image-1234\"\/><figcaption class=\"wp-element-caption\">Uganda ist vor allem f\u00fcr Gorilla-Trekkings bekannt<\/figcaption><\/figure>\n\n\n\n<h2 class=\"wp-block-heading\">Welche Orte in Uganda sollte ich auf einer Safari besuchen?<\/h2>\n\n\n\n<h3 class=\"wp-block-heading\">1. Bwindi Impenetrable Forest<\/h3>\n\n\n\n<p>A <strong>UNESCO-Welterbest\u00e4tte<\/strong>ist Bwindi nicht nur die Heimat von etwas weniger als <strong>die H\u00e4lfte der Berggorillas der Welt <\/strong>sondern bietet auch Elefanten, Schimpansen und verschiedenen Vogelarten Zuflucht. Das Erlebnis, durch diesen uralten, nebelverhangenen Wald zu wandern und Zeit mit den sanften Riesen zu verbringen, ist geradezu magisch. Die Artenvielfalt des Waldes geht \u00fcber seine ber\u00fchmtesten Bewohner hinaus: \u00dcber 120 S\u00e4ugetierarten und mehr als 350 Vogelarten machen ihn zu einem wichtigen Schutzgebiet.<\/p>\n\n\n\n<p>Besuchen Sie den Bwindi Impenetrable Forest auf der <a href=\"https:\/\/safari-tours-africa.com\/de\/safaritouren\/3-day-uganda-gorilla-habituation-experience\/\">3-t\u00e4gige Uganda Gorilla Habituation Erfahrung<\/a>.<\/p>\n\n\n\n<figure class=\"wp-block-image size-full\"><img loading=\"lazy\" decoding=\"async\" width=\"2000\" height=\"1203\" src=\"https:\/\/safari-tours-africa.com\/wp-content\/uploads\/landscape-in-southwestern-uganda-at-the-bwindi-impenetrable-forest-national-park-scaled.webp\" alt=\"Landschaft im S\u00fcdwesten Ugandas, im Bwindi Impenetrable Forest National Park, an der Grenze zwischen Uganda, Kongo und Ruanda. Der Bwindi-Nationalpark ist die Heimat der Berggorillas.\" class=\"wp-image-1236\"\/><figcaption class=\"wp-element-caption\">Der Bwindi Impenetrable Forest bietet einer gro\u00dfen Kolonie von Berggorillas Zuflucht<\/figcaption><\/figure>\n\n\n\n<h3 class=\"wp-block-heading\">2. Queen Elizabeth National Park<\/h3>\n\n\n\n<p>Die vielf\u00e4ltigen \u00d6kosysteme dieses Parks machen ihn zu einem Mikrokosmos der ugandischen Safari-Erfahrung. In den Savannen, Feuchtgebieten und W\u00e4ldern des Parks wimmelt es von Wildtieren. Die einzigartige <strong>baumkletternde L\u00f6wen von Ishasha<\/strong>und Elefantenherden sowie die ber\u00fchmten Bootsfahrten auf dem Fluss. <strong>Kazinga-Kanal<\/strong> bieten einen spektakul\u00e4ren Einblick in die Artenvielfalt des Parks. Die Lage des Parks bietet au\u00dferdem atemberaubende Ausblicke auf das Rwenzori-Gebirge und die Kraterseen in der Region.<\/p>\n\n\n\n<p>Besuchen Sie den Queen Elizabeth National Park auf der <a href=\"https:\/\/safari-tours-africa.com\/de\/safaritouren\/12-day-uganda-safari\/\">12-t\u00e4gige Uganda-Safari<\/a>.<\/p>\n\n\n\n<figure class=\"wp-block-image size-full\"><img loading=\"lazy\" decoding=\"async\" width=\"2000\" height=\"1331\" src=\"https:\/\/safari-tours-africa.com\/wp-content\/uploads\/elephant-in-queen-elizabeth-national-park.webp\" alt=\"Elefant im Queen Elizabeth National Park, Uganda, Ostafrika\" class=\"wp-image-1228\"\/><figcaption class=\"wp-element-caption\">Ein Elefant im Queen Elizabeth National Park<\/figcaption><\/figure>\n\n\n\n<h3 class=\"wp-block-heading\">3. Kibale-Nationalpark<\/h3>\n\n\n\n<p>Dieser Park ist einer der besten Orte in Afrika, um die <strong>Schimpansen<\/strong>. Die 795 Quadratkilometer Regenwald, Grasland und S\u00fcmpfe des Parks bieten nicht nur Schimpansen Lebensraum, sondern auch 13 anderen Primatenarten. <strong>einer der vielf\u00e4ltigsten und bev\u00f6lkerungsreichsten Primatenparks der Welt<\/strong>. Auch die Vogelwelt in Kibale ist au\u00dfergew\u00f6hnlich, denn es wurden etwa 375 Arten gez\u00e4hlt.<\/p>\n\n\n\n<p>Besuchen Sie den Kibale National Park auf der <a href=\"https:\/\/safari-tours-africa.com\/de\/safaritouren\/15-day-uganda-rwanda-combined-safari\/\">15-Tage Uganda &amp; Ruanda Kombinierte Safari<\/a>.<\/p>\n\n\n\n<figure class=\"wp-block-image size-full\"><img loading=\"lazy\" decoding=\"async\" width=\"2000\" height=\"1333\" src=\"https:\/\/safari-tours-africa.com\/wp-content\/uploads\/two-chimps-sitting-on-the-ground-in-kibale-forest-scaled.webp\" alt=\"Zwei Schimpansen sitzen auf dem Boden im Kibale-Wald\" class=\"wp-image-1223\"\/><figcaption class=\"wp-element-caption\">Schimpansen genie\u00dfen die Gesellschaft des anderen im Kibale-Nationalpark<\/figcaption><\/figure>\n\n\n\n<h3 class=\"wp-block-heading\">4. Murchison Falls National Park<\/h3>\n\n\n\n<p>Benannt nach den dramatischen Murchison Falls, wo der<strong> Nil <\/strong>sich durch eine enge Schlucht zw\u00e4ngt, bevor er 43 Meter in die Tiefe st\u00fcrzt, ist der Park <strong>Das \u00e4lteste und gr\u00f6\u00dfte Naturschutzgebiet Ugandas<\/strong>. Die weiten Landschaften des Parks sind die Heimat von <strong>76 S\u00e4ugetierarten<\/strong>Dazu geh\u00f6ren Giraffen, B\u00fcffel, L\u00f6wen und Leoparden. Der Nil selbst bietet eines der besten Angelerlebnisse der Welt, insbesondere f\u00fcr Nilbarsche.<\/p>\n\n\n\n<p>Besuchen Sie den Murchison Falls National Park auf der <a href=\"https:\/\/safari-tours-africa.com\/de\/safaritouren\/12-day-uganda-safari\/\">12-t\u00e4gige Uganda-Safari<\/a>.<\/p>\n\n\n\n<figure class=\"wp-block-image size-full\"><img loading=\"lazy\" decoding=\"async\" width=\"2000\" height=\"1325\" src=\"https:\/\/safari-tours-africa.com\/wp-content\/uploads\/boat-near-murchison-falls-scaled.webp\" alt=\"Boot auf dem Nil vor den Murchison Falls Wasserf\u00e4llen\" class=\"wp-image-1265\"\/><figcaption class=\"wp-element-caption\">Eine Bootstour zu den atemberaubenden Murchison Falls<\/figcaption><\/figure>\n\n\n\n<h3 class=\"wp-block-heading\">5. Mburo-See-Nationalpark<\/h3>\n\n\n\n<p>Dieser Park bietet ein ruhiges Safarierlebnis, <strong>abseits der gro\u00dfen Menschenmassen<\/strong> die in anderen Parks zu finden sind. Es ist der perfekte Ort, um Zebras, Eland und Impalas sowie eine unglaubliche Vielfalt an V\u00f6geln zu beobachten. Die vielf\u00e4ltigen Lebensr\u00e4ume des Parks mit trockenen H\u00e4ngen, Felsen, B\u00fcschen, Dickichten, offenen und bewaldeten Savannen, W\u00e4ldern, Seen und S\u00fcmpfen machen ihn zu einem <strong>erstklassige Lage f\u00fcr Wandersafaris<\/strong>.<\/p>\n\n\n\n<p>Besuchen Sie den Lake Mburo National Park auf der <a href=\"https:\/\/safari-tours-africa.com\/de\/safaritouren\/15-day-uganda-rwanda-combined-safari\/\">15-Tage Uganda &amp; Ruanda Kombinierte Safari<\/a>.<\/p>\n\n\n\n<figure class=\"wp-block-image size-full\"><img loading=\"lazy\" decoding=\"async\" width=\"2000\" height=\"1325\" src=\"https:\/\/safari-tours-africa.com\/wp-content\/uploads\/group-of-zebras-in-lake-mburo-national-park-in-uganda-scaled.webp\" alt=\"Gruppe von Zebras im Mburo-See-Nationalpark in Uganda\" class=\"wp-image-1248\"\/><figcaption class=\"wp-element-caption\">Zebras am Wasser des Mburo-Sees<\/figcaption><\/figure>\n\n\n\n<h2 class=\"wp-block-heading\">Wann ist die beste Zeit f\u00fcr eine Reise nach Uganda?<\/h2>\n\n\n\n<p>Die beste Zeit f\u00fcr Wildtiersafaris in Uganda ist w\u00e4hrend der Trockenzeit <strong>von Juni bis August und Dezember bis Februar<\/strong>. Wildtierbeobachtungen sind in der Regel zu dieser Zeit am besten, da die Vegetation weniger dicht ist und sich die Tiere um Wasserquellen versammeln. Die \u00fcppigen, gr\u00fcnen Landschaften Ugandas sind jedoch w\u00e4hrend der Regenzeit am sch\u00f6nsten, und dies ist auch die beste Zeit f\u00fcr die Vogelbeobachtung, da dann die Zugv\u00f6gel anwesend sind.<\/p>\n\n\n\n<figure class=\"wp-block-image size-full\"><img loading=\"lazy\" decoding=\"async\" width=\"2000\" height=\"1073\" src=\"https:\/\/safari-tours-africa.com\/wp-content\/uploads\/nile-river-in-uganda-scaled.webp\" alt=\"Nil-Fluss, Uganda\" class=\"wp-image-1255\"\/><figcaption class=\"wp-element-caption\">Die optimale Zeit, um in Uganda Wildtiere zu beobachten, ist die Trockenzeit<\/figcaption><\/figure>\n\n\n\n<h2 class=\"wp-block-heading\">Ist Uganda sicher?<\/h2>\n\n\n\n<p>Uganda ist im Allgemeinen ein sicheres Reiseziel f\u00fcr Touristen. Dennoch ist es wichtig, allgemeine Sicherheitsvorkehrungen zu treffen, insbesondere in gr\u00f6\u00dferen St\u00e4dten. Leichte Diebst\u00e4hle k\u00f6nnen vorkommen, daher ist es ratsam <strong>Wertsachen sicher aufbewahren <\/strong>und achten Sie auf Ihre Umgebung. H\u00f6ren Sie auf einer Safari immer auf die Anweisungen Ihres F\u00fchrers - er ist daf\u00fcr ausgebildet, Ihre Sicherheit in der N\u00e4he von Wildtieren zu gew\u00e4hrleisten.<\/p>\n\n\n\n<figure class=\"wp-block-image size-large\"><img decoding=\"async\" src=\"https:\/\/safari-tours-africa.com\/wp-content\/uploads\/aerial-view-of-kampala-city-seen-from-gaddaffi-mosque-1024x683.webp\" alt=\"Luftaufnahme der Stadt Kampala von der Gaddaffi-Moschee aus gesehen, Uganda\" class=\"wp-image-1315\"\/><figcaption class=\"wp-element-caption\">Befolgen Sie die in Gro\u00dfst\u00e4dten \u00fcblichen Sicherheitsvorkehrungen, um Gelegenheitsdiebst\u00e4hle zu vermeiden.<\/figcaption><\/figure>\n\n\n\n<h2 class=\"wp-block-heading\">Ben\u00f6tige ich f\u00fcr die Einreise nach Uganda ein Visum?<\/h2>\n\n\n\n<p>Die meisten Besucher Ugandas werden \u00fcber den internationalen Flughafen Entebbe einreisen. Verschiedene Nationalit\u00e4ten k\u00f6nnen einen Antrag auf ein <strong>E-Visum oder Visum bei Ankunft<\/strong>. Es wird empfohlen, sich vor der Reise bei offiziellen Stellen \u00fcber die aktuellen Visabestimmungen zu informieren. Stellen Sie sicher, dass Ihr Reisepass noch mindestens sechs Monate nach Ihrer geplanten Abreise aus Uganda g\u00fcltig ist.<\/p>\n\n\n\n<figure class=\"wp-block-image size-full\"><img loading=\"lazy\" decoding=\"async\" width=\"2000\" height=\"1333\" src=\"https:\/\/safari-tours-africa.com\/wp-content\/uploads\/usa-visa-in-a-passport-background-scaled.webp\" alt=\"USA-Visum in einem Reisepass-Hintergrund\" class=\"wp-image-1296\"\/><figcaption class=\"wp-element-caption\">Pr\u00fcfen Sie vor Ihrer Reise die Visabestimmungen f\u00fcr Ihr Land<\/figcaption><\/figure>\n\n\n\n<h2 class=\"wp-block-heading\">Wie sieht der Nahverkehr in Uganda aus?<\/h2>\n\n\n\n<p>Die Transportm\u00f6glichkeiten in Uganda reichen vom Wandern und Radfahren in entlegeneren Gebieten bis hin zur Nutzung von <strong>matatus<\/strong> (gemeinsame Minibusse) und <strong>boda-bodas<\/strong> (Motorradtaxis) in st\u00e4dtischen Gebieten. F\u00fcr l\u00e4ngere Strecken und Ausfl\u00fcge in Nationalparks sind Privatfahrzeuge oder organisierte Touren die bequemste und sicherste Option.<\/p>\n\n\n\n<figure class=\"wp-block-image size-large\"><img decoding=\"async\" src=\"https:\/\/safari-tours-africa.com\/wp-content\/uploads\/public-transportation-in-uganda-683x1024.webp\" alt=\"\u00d6ffentliche Verkehrsmittel in Uganda\" class=\"wp-image-1316\"\/><figcaption class=\"wp-element-caption\">Lokale Verkehrsmittel in Uganda<\/figcaption><\/figure>\n\n\n\n<h2 class=\"wp-block-heading\">Welche Unterkunftsm\u00f6glichkeiten gibt es in Uganda?<\/h2>\n\n\n\n<p>Die Unterkunftsm\u00f6glichkeiten in Uganda reichen von luxuri\u00f6sen Lodges und Zeltcamps im Herzen der Nationalparks bis hin zu Backpacker-Hostels und G\u00e4steh\u00e4usern in den St\u00e4dten. Viele Lodges und Camps bieten atemberaubende Aussichten, ausgezeichneten Service und einen einfachen Zugang zu den Safari-Aktivit\u00e4ten. F\u00fcr diejenigen, die ein nachhaltiges und intensives Erlebnis suchen, gibt es auch \u00d6ko-Lodges und gemeindebasierte Unterk\u00fcnfte.<\/p>\n\n\n\n<figure class=\"wp-block-image size-large\"><img decoding=\"async\" src=\"https:\/\/safari-tours-africa.com\/wp-content\/uploads\/luxury-lodge-in-murchison-falls-national-park-1024x683.webp\" alt=\"Badezimmer in einer Luxuslodge, Murchison Falls, Uganda.\" class=\"wp-image-1317\"\/><figcaption class=\"wp-element-caption\">Luxus-Lodge im Murchison Falls National Park<\/figcaption><\/figure>\n\n\n\n<h2 class=\"wp-block-heading\">Was kann ich in Uganda noch tun, au\u00dfer Wildtiere zu beobachten?<\/h2>\n\n\n\n<p>Die vielf\u00e4ltigen Landschaften Ugandas bieten eine Reihe von Aktivit\u00e4ten, die \u00fcber die traditionellen Pirschfahrten hinausgehen. <strong>Gorilla- und Schimpansen-Trekking<\/strong> geh\u00f6ren zu den einzigartigsten und begehrtesten Erlebnissen. Die Seen und Fl\u00fcsse des Landes sind ideal f\u00fcr <strong>Angeln, Bootfahren und Wildwasser-Rafting<\/strong>. Kulturelle Touren bieten einen Einblick in die lokalen Traditionen und Lebensweisen der vielen ethnischen Gruppen Ugandas.<\/p>\n\n\n\n<figure class=\"wp-block-image size-full\"><img loading=\"lazy\" decoding=\"async\" width=\"2000\" height=\"1333\" src=\"https:\/\/safari-tours-africa.com\/wp-content\/uploads\/extreme-whitewater-rafting-in-jinja-scaled.webp\" alt=\"Extrem-Wildwasser-Rafting in Jinja, Uganda\" class=\"wp-image-1210\"\/><figcaption class=\"wp-element-caption\">Wildwasser-Rafting auf dem Nil<\/figcaption><\/figure>\n\n\n\n<h2 class=\"wp-block-heading\">Wie ist das Essen?<\/h2>\n\n\n\n<p>Die ugandische K\u00fcche ist so <strong>diverse<\/strong> wie seine Kultur. Grundnahrungsmittel wie Matoke (gekochte und p\u00fcrierte gr\u00fcne Bananen), Posho (Maismehlbrei) und Luwombo (in Bananenbl\u00e4ttern ged\u00e4mpfter Eintopf) werden h\u00e4ufig neben Fleisch- und Gem\u00fcsegerichten serviert. Street Food wie Rolex (ein mit Eiern und Gem\u00fcse gef\u00fclltes Chapati) bietet eine schnelle und schmackhafte Alternative f\u00fcr Mahlzeiten unterwegs.<\/p>\n\n\n\n<figure class=\"wp-block-image size-large\"><img decoding=\"async\" src=\"https:\/\/safari-tours-africa.com\/wp-content\/uploads\/ugandan-cuisine-1024x447.webp\" alt=\"Ugandische K\u00fcche am Buffet\" class=\"wp-image-1318\"\/><figcaption class=\"wp-element-caption\">Die ugandische K\u00fcche<\/figcaption><\/figure>\n\n\n\n<h2 class=\"wp-block-heading\">Welche Benimm-Tipps gibt es f\u00fcr den Aufenthalt in Uganda?<\/h2>\n\n\n\n<p><strong>Trinkgeld ist erw\u00fcnscht<\/strong> in Uganda, insbesondere f\u00fcr guten Service in der Tourismus- und Gastgewerbebranche. Der Respekt vor den \u00f6rtlichen Sitten und Gebr\u00e4uchen ist wichtig, vor allem wenn Sie l\u00e4ndliche und Stammesgemeinschaften besuchen. Das Erlernen einiger grundlegender Redewendungen in den lokalen Sprachen kann Ihre Interaktionen erheblich verbessern und wird von den Einheimischen oft freundlich aufgenommen.<\/p>\n\n\n\n<figure class=\"wp-block-image size-large\"><img decoding=\"async\" src=\"https:\/\/safari-tours-africa.com\/wp-content\/uploads\/two-kids-walking-hugged-in-uganda-1024x683.webp\" alt=\"Jungen gehen Arm in Arm in Uganda, Afrika\" class=\"wp-image-1314\"\/><figcaption class=\"wp-element-caption\">Wer die lokalen Br\u00e4uche respektiert, wird es in Uganda weit bringen<\/figcaption><\/figure>\n\n\n\n<h2 class=\"wp-block-heading\">Warum Safari Tours Africa f\u00fcr Reisen nach Uganda w\u00e4hlen?<\/h2>\n\n\n\n<p>Uganda bietet eine einzigartige Mischung aus Tierwelt, Abenteuer und Kultur. Vom Adrenalin beim Gorilla-Trekking bis zur Ruhe bei einem Sonnenuntergang \u00fcber dem Nil, ein <a href=\"https:\/\/safari-tours-africa.com\/de\/uganda\/\">Safaritour in Uganda<\/a> ist eine Reise durch eine lebendige und vielf\u00e4ltige Naturlandschaft. Die Herzlichkeit seiner Menschen und der Reichtum seiner Kultur verleihen dem Safari-Erlebnis Tiefe und Farbe und machen Uganda zu einem wirklich unvergesslichen Reiseziel.<\/p>","protected":false},"excerpt":{"rendered":"<p>Uganda ist ein Land, das wirklich die raue Essenz des afrikanischen Kontinents verk\u00f6rpert. Es ist ein Land, in dem sonnenverw\u00f6hnte Savannen auf \u00fcppige Regenw\u00e4lder treffen und in dem der m\u00e4chtige Nil einem unglaublich vielf\u00e4ltigen \u00d6kosystem Leben einhaucht. Ugandas reiche landschaftliche Vielfalt reicht von schneebedeckten Bergketten \u00fcber ausgedehnte Seen bis hin zu dichten Dschungeln. Seine kulturelle ... <a href=\"https:\/\/safari-tours-africa.com\/de\/uganda-a-safari-destination\/\">Fortsetzung<\/a><\/p>","protected":false},"author":41,"featured_media":1284,"parent":0,"menu_order":0,"comment_status":"closed","ping_status":"closed","template":"","meta":{"_acf_changed":false,"footnotes":""},"class_list":["post-1176","page","type-page","status-publish","has-post-thumbnail","hentry"],"acf":{"page_subheading":"Explore Uganda's majestic wildlife, rich cultural heritage, and stunning landscapes with our in-depth guide, ensuring a transformative safari adventure."},"_links":{"self":[{"href":"https:\/\/safari-tours-africa.com\/de\/wp-json\/wp\/v2\/pages\/1176","targetHints":{"allow":["GET"]}}],"collection":[{"href":"https:\/\/safari-tours-africa.com\/de\/wp-json\/wp\/v2\/pages"}],"about":[{"href":"https:\/\/safari-tours-africa.com\/de\/wp-json\/wp\/v2\/types\/page"}],"author":[{"embeddable":true,"href":"https:\/\/safari-tours-africa.com\/de\/wp-json\/wp\/v2\/users\/41"}],"replies":[{"embeddable":true,"href":"https:\/\/safari-tours-africa.com\/de\/wp-json\/wp\/v2\/comments?post=1176"}],"version-history":[{"count":5,"href":"https:\/\/safari-tours-africa.com\/de\/wp-json\/wp\/v2\/pages\/1176\/revisions"}],"predecessor-version":[{"id":1322,"href":"https:\/\/safari-tours-africa.com\/de\/wp-json\/wp\/v2\/pages\/1176\/revisions\/1322"}],"wp:featuredmedia":[{"embeddable":true,"href":"https:\/\/safari-tours-africa.com\/de\/wp-json\/wp\/v2\/media\/1284"}],"wp:attachment":[{"href":"https:\/\/safari-tours-africa.com\/de\/wp-json\/wp\/v2\/media?parent=1176"}],"curies":[{"name":"wp","href":"https:\/\/api.w.org\/{rel}","templated":true}]}}