{"id":1180,"date":"2024-01-22T16:27:34","date_gmt":"2024-01-22T16:27:34","guid":{"rendered":"https:\/\/safari-tours-africa.com\/?page_id=1180"},"modified":"2024-01-23T16:46:33","modified_gmt":"2024-01-23T16:46:33","slug":"sudafrika-als-safari-ziel","status":"publish","type":"page","link":"https:\/\/safari-tours-africa.com\/de\/south-africa-a-safari-destination\/","title":{"rendered":"S\u00fcdafrika: Ein Safari-Reiseziel"},"content":{"rendered":"<p>S\u00fcdafrika ist eine Welt in einem Land, eine Nation, die reich an Vielfalt ist, nicht nur in Bezug auf ihre Menschen und ihre Kultur, sondern auch in Bezug auf ihre Naturwunder. Vom kultigen <strong>Tafelberg<\/strong> zu den ausgedehnten <strong>Kr\u00fcger-Nationalpark<\/strong>Jede Ecke S\u00fcdafrikas erz\u00e4hlt eine Geschichte.<\/p>\n\n\n\n<p>Die komplexe Geschichte, die pulsierenden St\u00e4dte und die atemberaubenden Landschaften machen S\u00fcdafrika zu einem einzigartigen Reiseziel, das ein breites Spektrum an Interessen und Aktivit\u00e4ten bietet. Ob Sie nun einen guten Wein in den Cape Winelands genie\u00dfen, die historischen Schlachtfelder erkunden oder eine Safari durch die Tierwelt unternehmen, S\u00fcdafrika bietet eine <strong>eindringliche und vielschichtige Erfahrung<\/strong>.<\/p>\n\n\n\n<figure class=\"wp-block-image size-full\"><img loading=\"lazy\" decoding=\"async\" width=\"2000\" height=\"857\" src=\"https:\/\/safari-tours-africa.com\/wp-content\/uploads\/giraffe-in-the-bush-of-kruger-national-park-south-africa-scaled.webp\" alt=\"Giraffe im Busch des Kr\u00fcger-Nationalparks in S\u00fcdafrika. Giraffe in der Morgend\u00e4mmerung im Kruger Park in S\u00fcdafrika\" class=\"wp-image-1205\"\/><figcaption class=\"wp-element-caption\">Besuch der Giraffen im Kr\u00fcger-Nationalpark<\/figcaption><\/figure>\n\n\n\n<h2 class=\"wp-block-heading\">Welche Orte in S\u00fcdafrika sollte ich auf einer Safari besuchen?<\/h2>\n\n\n\n<h3 class=\"wp-block-heading\">1. Kr\u00fcger-Nationalpark und umliegende Privatreservate<\/h3>\n\n\n\n<p>Der Kr\u00fcger-Nationalpark ist der Eckpfeiler der s\u00fcdafrikanischen Safaris. Diese riesige Wildnis beherbergt eine beeindruckende Anzahl von Tierarten, darunter den <strong>Gro\u00dfe 5<\/strong>. Die gute Zug\u00e4nglichkeit und die gut ausgebaute Infrastruktur des Parks machen ihn ideal f\u00fcr Erstbesucher und erfahrene Safaribesucher. Die Umgebung des Parks, <strong>private Reserven<\/strong> wie Sabi Sands und Thornybush bieten exklusive Safarierlebnisse mit luxuri\u00f6sen Lodges und gef\u00fchrten Pirschfahrten, die intime Begegnungen mit Wildtieren erm\u00f6glichen.<\/p>\n\n\n\n<p>Besuchen Sie den Kruger National Park und seine Umgebung auf der <a href=\"https:\/\/safari-tours-africa.com\/de\/safaritouren\/5-day-panorama-route-to-kruger-national-park-safari\/\">5-t\u00e4gige Safari von der Panorama-Route zum Kr\u00fcger-Nationalpark<\/a>.<\/p>\n\n\n\n<figure class=\"wp-block-image size-full\"><img loading=\"lazy\" decoding=\"async\" width=\"2000\" height=\"1325\" src=\"https:\/\/safari-tours-africa.com\/wp-content\/uploads\/sunrise-at-kruger-national-park-scaled.webp\" alt=\"Sonnenaufgang im Kruger National Park\" class=\"wp-image-1192\"\/><figcaption class=\"wp-element-caption\">Sonnenaufgang \u00fcber dem Kruger National Park<\/figcaption><\/figure>\n\n\n\n<h3 class=\"wp-block-heading\">2. Pilanesberg-Nationalpark<\/h3>\n\n\n\n<p>Eingebettet in den Krater eines alten Vulkans bietet der Pilanesberg-Nationalpark eine einzigartige Landschaft und ist einer der wenigen Orte in S\u00fcdafrika, an denen Besucher praktisch alle Big 5 in einem <strong>malariafreie Umgebung<\/strong>. Die N\u00e4he des Parks zu Johannesburg und Sun City macht ihn zu einer guten Wahl f\u00fcr Reisende, die eine Safari mit anderen Freizeitaktivit\u00e4ten verbinden m\u00f6chten.<\/p>\n\n\n\n<figure class=\"wp-block-image size-large\"><img decoding=\"async\" src=\"https:\/\/safari-tours-africa.com\/wp-content\/uploads\/beautiful-zebra-standing-on-dry-grass-at-pilanesberg-national-park-on-a-sunny-day-1024x731.webp\" alt=\"Sch\u00f6nes Zebra, das an einem sonnigen Tag im Pilanesberg-Nationalpark im trockenen Gras steht\" class=\"wp-image-1303\"\/><figcaption class=\"wp-element-caption\">Zebra im Pilanesberg-Nationalpark an einem sonnigen Tag<\/figcaption><\/figure>\n\n\n\n<h3 class=\"wp-block-heading\">3. Madikwe-Wildreservat<\/h3>\n\n\n\n<p>Der Standort <strong>entlang der Grenze zu Botswana<\/strong> Das Madikwe-Wildreservat, das f\u00fcr seine Bem\u00fchungen um den Naturschutz bekannt ist, ist ein Paradies f\u00fcr Wildtiere. Das Reservat ist bekannt f\u00fcr seine erfolgreiche <strong>Wildhunde-Zuchtprogramm<\/strong> und bietet die M\u00f6glichkeit, diese seltenen Raubtiere in ihrem nat\u00fcrlichen Lebensraum zu beobachten. Die vielf\u00e4ltigen \u00d6kosysteme von Madikwe beherbergen eine gro\u00dfe Artenvielfalt und bieten ein reichhaltiges Safarierlebnis.<\/p>\n\n\n\n<figure class=\"wp-block-image size-large\"><img decoding=\"async\" src=\"https:\/\/safari-tours-africa.com\/wp-content\/uploads\/safari-game-drive-in-madikwe-reserve-1024x683.webp\" alt=\"Zwei erwachsene Elefanten, Loxdonta Africana, gehen auf rotem Sand. Ansicht von hinten. Safari-Pirschfahrt im Madikwe-Reservat, S\u00fcdafrika, in der N\u00e4he von Botswana und der Kalahari-W\u00fcste. Der Afrikanische Elefant ist Teil der Big Five.\" class=\"wp-image-1304\"\/><figcaption class=\"wp-element-caption\">Ein Elefantenpaar beim Spaziergang im Madikwe-Wildreservat<\/figcaption><\/figure>\n\n\n\n<h3 class=\"wp-block-heading\">4. Die Ostkap-Reservate<\/h3>\n\n\n\n<p>Diese Reservate bieten eine Mischung aus Komfort und Wildtierbeobachtung, wobei viele von ihnen <strong>malariafrei und familienfreundlich<\/strong>. Das Ostkap beherbergt mehrere private Reservate, in denen Besucher ein abgelegeneres Safarierlebnis genie\u00dfen k\u00f6nnen und dennoch die Chance haben, die Big 5 zu sehen.<\/p>\n\n\n\n<figure class=\"wp-block-image size-large\"><img decoding=\"async\" src=\"https:\/\/safari-tours-africa.com\/wp-content\/uploads\/east-london-coast-nature-reserve-1024x683.webp\" alt=\"Felsen im Indischen Ozean im East London Coast Nature Reserve, Provinz Ostkap, S\u00fcdafrika\" class=\"wp-image-1305\"\/><figcaption class=\"wp-element-caption\">Blick auf die K\u00fcste der Eastern Cape Reserves<\/figcaption><\/figure>\n\n\n\n<h3 class=\"wp-block-heading\">5. Die Kalahari<\/h3>\n\n\n\n<p>Die halbtrockene Savanne der Kalahari bietet eine v\u00f6llig andere Landschaft als das typische Buschland, das man mit Safaris verbindet. Der Kgalagadi Transfrontier Park in der Kalahari ist bekannt f\u00fcr seine <strong>Rotsand<\/strong>die einzigartige Tierwelt und die bemerkenswerte Erfahrung der <strong>W\u00fcstensafaris<\/strong>. Es ist ein Ort, an dem man die Natur in ihrer rohesten und ungez\u00e4hmtesten Form erleben kann.<\/p>\n\n\n\n<figure class=\"wp-block-image size-large\"><img decoding=\"async\" src=\"https:\/\/safari-tours-africa.com\/wp-content\/uploads\/dune-rosse-del-kalahari-al-tramonto-stockpack-adobe-stock-1024x680.webp\" alt=\"dune rosse del kalahari al tramonto\" class=\"wp-image-1306\"\/><figcaption class=\"wp-element-caption\">Die rote Sandlandschaft der Kalahari<\/figcaption><\/figure>\n\n\n\n<h2 class=\"wp-block-heading\">Wann ist die beste Zeit f\u00fcr einen Besuch in S\u00fcdafrika?<\/h2>\n\n\n\n<p>Die ideale Reisezeit f\u00fcr eine Safari in S\u00fcdafrika ist w\u00e4hrend der<strong> Trockenzeit (Mai bis September)<\/strong>In dieser Zeit ist die Tierwelt leichter zu beobachten, da sich die Tiere in der N\u00e4he von Wasserquellen sammeln. Das abwechslungsreiche Klima S\u00fcdafrikas macht es jedoch m\u00f6glich, das Land das ganze Jahr \u00fcber zu besuchen. Die <strong>Kapregion<\/strong>Die Trockenzeit f\u00e4llt in die Sommermonate (November bis Februar), die beste Zeit, um die Str\u00e4nde und die Aktivit\u00e4ten im Freien zu genie\u00dfen.<\/p>\n\n\n\n<figure class=\"wp-block-image size-full\"><img loading=\"lazy\" decoding=\"async\" width=\"2000\" height=\"1082\" src=\"https:\/\/safari-tours-africa.com\/wp-content\/uploads\/landscape-with-a-dirt-road-and-african-savanna-in-the-kruger-national-park-scaled.webp\" alt=\"Landschaft mit einer unbefestigten Stra\u00dfe und afrikanischer Savanne im Kr\u00fcger-Nationalpark in S\u00fcdafrika Bild im Querformat\" class=\"wp-image-1197\"\/><figcaption class=\"wp-element-caption\">Die Trockenzeit dauert in S\u00fcdafrika von Mai bis September.<\/figcaption><\/figure>\n\n\n\n<h2 class=\"wp-block-heading\">Ist S\u00fcdafrika sicher?<\/h2>\n\n\n\n<p>S\u00fcdafrika bietet zwar ein reichhaltiges Reiseerlebnis, doch sollte man unbedingt auf die Sicherheit achten, vor allem in den gr\u00f6\u00dferen St\u00e4dten. Es wird empfohlen, Folgendes mitzunehmen <strong>Standardvorkehrungen<\/strong>Dazu geh\u00f6rt, dass Sie Ihre Wertsachen sicher aufbewahren und auf Ihre Umgebung achten. In Safarigebieten ist es wichtig, die Anweisungen Ihrer Safari-F\u00fchrer und des Lodge-Personals zu befolgen, um ein sicheres und angenehmes Erlebnis zu gew\u00e4hrleisten.<\/p>\n\n\n\n<figure class=\"wp-block-image size-full\"><img loading=\"lazy\" decoding=\"async\" width=\"2000\" height=\"1043\" src=\"https:\/\/safari-tours-africa.com\/wp-content\/uploads\/nelson-mandela-bridge-and-johannesburg-city-at-sunset-scaled.webp\" alt=\"Nelson-Mandela-Br\u00fccke und die Stadt Johannesburg bei Sonnenuntergang\" class=\"wp-image-1189\"\/><figcaption class=\"wp-element-caption\">Blick auf Johannesburg<\/figcaption><\/figure>\n\n\n\n<h2 class=\"wp-block-heading\">Ben\u00f6tige ich f\u00fcr die Einreise nach S\u00fcdafrika ein Visum?<\/h2>\n\n\n\n<p>S\u00fcdafrika ist mit internationalen Flugh\u00e4fen in Gro\u00dfst\u00e4dten wie Johannesburg, Kapstadt und Durban gut angebunden. Das Land hat eine <strong>umfassendes Stra\u00dfennetz<\/strong>Dadurch wird das Selbstfahren zu einer beliebten Option f\u00fcr Entdeckungsreisen. <strong>Visabestimmungen variieren je nach Nationalit\u00e4t<\/strong>Es ist daher ratsam, sich vor der Reiseplanung \u00fcber die neuesten Informationen aus offiziellen Quellen zu informieren.<\/p>\n\n\n\n<figure class=\"wp-block-image size-full\"><img loading=\"lazy\" decoding=\"async\" width=\"2000\" height=\"1333\" src=\"https:\/\/safari-tours-africa.com\/wp-content\/uploads\/usa-visa-in-a-passport-background-scaled.webp\" alt=\"USA-Visum in einem Reisepass-Hintergrund\" class=\"wp-image-1296\"\/><figcaption class=\"wp-element-caption\">Pr\u00fcfen Sie vor Ihrer Reise die Visabestimmungen f\u00fcr Ihr Land<\/figcaption><\/figure>\n\n\n\n<h2 class=\"wp-block-heading\">Wie sieht der Nahverkehr in S\u00fcdafrika aus?<\/h2>\n\n\n\n<p>S\u00fcdafrika bietet eine Reihe von Transportm\u00f6glichkeiten, die allen W\u00fcnschen gerecht werden. Die Stra\u00dfen des Landes sind in der Regel in gutem Zustand, so dass <strong>selbstfahrende<\/strong> eine praktikable Option. F\u00fcr l\u00e4ngere Strecken oder um abgelegene Safariziele zu erreichen, <strong>Inlandsfl\u00fcge<\/strong> sind verf\u00fcgbar. In den Wildreservaten werden f\u00fcr die Pirschfahrten offene Safarifahrzeuge verwendet, die einen ungehinderten Blick auf die Tierwelt erm\u00f6glichen.<\/p>\n\n\n\n<figure class=\"wp-block-image size-large\"><img decoding=\"async\" src=\"https:\/\/safari-tours-africa.com\/wp-content\/uploads\/roads-in-south-africa-1024x571.webp\" alt=\"Kleine Karoo in S\u00fcdafrika, Stra\u00dfe und Berg im Hintergrund\" class=\"wp-image-1307\"\/><figcaption class=\"wp-element-caption\">Die Stra\u00dfen in S\u00fcdafrika sind im Allgemeinen in gutem Zustand<\/figcaption><\/figure>\n\n\n\n<h2 class=\"wp-block-heading\">Welche Unterkunftsm\u00f6glichkeiten gibt es in S\u00fcdafrika?<\/h2>\n\n\n\n<p>Unterkunftsm\u00f6glichkeiten in S\u00fcdafrika <strong>alle Geschm\u00e4cker befriedigen<\/strong>von luxuri\u00f6sen Safari-Lodges und Boutique-Hotels bis hin zu preisg\u00fcnstigen G\u00e4steh\u00e4usern und Campingpl\u00e4tzen. In den Safari-Gebieten reicht das Angebot von rustikalen Buschcamps bis zu opulenten Lodges, die eine Vielzahl von Erfahrungen und Annehmlichkeiten bieten.<\/p>\n\n\n\n<figure class=\"wp-block-image size-large\"><img decoding=\"async\" src=\"https:\/\/safari-tours-africa.com\/wp-content\/uploads\/row-of-thatch-roof-rondawel-huts-at-the-olifants-rest-camp-in-kruger-national-park-1024x705.webp\" alt=\"Reihe strohgedeckter Rondawel-H\u00fctten im Olifants Rest Camp im Wildreservat des Kr\u00fcger-Nationalparks in S\u00fcdafrika\" class=\"wp-image-1308\"\/><figcaption class=\"wp-element-caption\">Einfache Unterk\u00fcnfte im Kruger National Park<\/figcaption><\/figure>\n\n\n\n<h2 class=\"wp-block-heading\">Was kann ich in S\u00fcdafrika noch tun, au\u00dfer Wildtiere zu beobachten?<\/h2>\n\n\n\n<p>Neben Wildsafaris bietet S\u00fcdafrika eine F\u00fclle von Aktivit\u00e4ten und Erlebnissen. <strong>Kulturelle Touren<\/strong> geben Einblicke in die Geschichte und die verschiedenen Kulturen des Landes. Die landschaftliche Sch\u00f6nheit von Orten wie dem <a href=\"https:\/\/safari-tours-africa.com\/de\/safaritouren\/4-day-panorama-route-to-kruger-national-park-safari\/\"><strong>Panorama-Route<\/strong><\/a> und die Drakensberge locken Naturliebhaber und Abenteuerlustige. F\u00fcr diejenigen, die sich entspannen m\u00f6chten, ist das <strong>die Str\u00e4nde und Weinberge des Landes<\/strong> bieten eine perfekte Flucht.<\/p>\n\n\n\n<figure class=\"wp-block-image size-full\"><img loading=\"lazy\" decoding=\"async\" width=\"2000\" height=\"1125\" src=\"https:\/\/safari-tours-africa.com\/wp-content\/uploads\/panorama-route-south-africa-scaled.webp\" alt=\"Panorama Route S\u00fcdafrika, Blyde River Canyon mit den drei Rondavels, Blick auf drei Rondavels und den Blyde River Canyon in S\u00fcdafrika. Asiatische Frauen und kaukasische M\u00e4nner im Urlaub in S\u00fcdafrika\" class=\"wp-image-900\"\/><figcaption class=\"wp-element-caption\">Blick von der Panorama Route in S\u00fcdafrika<\/figcaption><\/figure>\n\n\n\n<h2 class=\"wp-block-heading\">Wie ist das Essen?<\/h2>\n\n\n\n<p>Die s\u00fcdafrikanische K\u00fcche ist ein <strong>Spiegelbild der kulturellen Vielfalt des Landes<\/strong>. Die kulinarische Szene bietet alles von traditionellen Braais (Grillpartys) und Biltong (getrocknetes, gep\u00f6keltes Fleisch) bis hin zu feinen kulinarischen Erlebnissen in den Cape Winelands. Das Land ist auch bekannt f\u00fcr seine <strong>Wein<\/strong>und Regionen wie Stellenbosch und Franschhoek sind ein Muss f\u00fcr Weinliebhaber.<\/p>\n\n\n\n<figure class=\"wp-block-image size-large\"><img decoding=\"async\" src=\"https:\/\/safari-tours-africa.com\/wp-content\/uploads\/south-african-street-food-1024x683.webp\" alt=\"S\u00fcdafrikanisches Street Food - gegrillte H\u00fchnerspie\u00dfe und -f\u00fc\u00dfe\" class=\"wp-image-1309\"\/><figcaption class=\"wp-element-caption\">Stra\u00dfenessen in S\u00fcdafrika<\/figcaption><\/figure>\n\n\n\n<h2 class=\"wp-block-heading\">Welche Benimm-Tipps gibt es f\u00fcr einen Aufenthalt in S\u00fcdafrika?<\/h2>\n\n\n\n<p><strong>Trinkgeld ist \u00fcblich <\/strong>in S\u00fcdafrika f\u00fcr guten Service in Restaurants, bei Safarif\u00fchrern und in anderen Dienstleistungsbereichen. Das Verst\u00e4ndnis f\u00fcr die \u00f6rtlichen Gepflogenheiten, der Respekt f\u00fcr die Umwelt und der verantwortungsvolle Umgang mit den Gemeinschaften sind f\u00fcr eine positive und wirkungsvolle Reiseerfahrung unerl\u00e4sslich.<\/p>\n\n\n\n<figure class=\"wp-block-image size-large\"><img decoding=\"async\" src=\"https:\/\/safari-tours-africa.com\/wp-content\/uploads\/safari-guide-in-south-africa-1024x683.webp\" alt=\"Safari-F\u00fchrer im Jeep mit beruhigendem Schild beim Anblick von Nash\u00f6rnern in freier Wildbahn\" class=\"wp-image-1310\"\/><figcaption class=\"wp-element-caption\">Trinkgelder werden von den Safari-F\u00fchrern sehr gesch\u00e4tzt.<\/figcaption><\/figure>\n\n\n\n<h2 class=\"wp-block-heading\">Warum Safari Tours Africa f\u00fcr Reisen nach S\u00fcdafrika w\u00e4hlen?<\/h2>\n\n\n\n<p>A <a href=\"https:\/\/safari-tours-africa.com\/de\/sudafrika\/\">Safari in S\u00fcdafrika<\/a> ist nicht nur eine Reise durch ein Wildtierparadies, sondern auch eine Entdeckungsreise durch ein Land voller Geschichte, Kultur und nat\u00fcrlicher Sch\u00f6nheit. Vom kultigen Tafelberg bis zum tierreichen Kr\u00fcger-Nationalpark bietet eine s\u00fcdafrikanische Safari ein unvergleichliches Abenteuer, das den Nervenkitzel der Wildnis mit der Herzlichkeit der Menschen verbindet.<\/p>","protected":false},"excerpt":{"rendered":"<p>S\u00fcdafrika ist eine Welt in einem Land, eine Nation, die reich an Vielfalt ist, nicht nur in Bezug auf ihre Menschen und ihre Kultur, sondern auch in Bezug auf ihre Naturwunder. Vom kultigen Tafelberg bis zum ausgedehnten Kr\u00fcger-Nationalpark erz\u00e4hlt jede Ecke S\u00fcdafrikas eine Geschichte. Die komplexe Geschichte des Landes, die pulsierenden St\u00e4dte und die atemberaubenden ... <a href=\"https:\/\/safari-tours-africa.com\/de\/south-africa-a-safari-destination\/\">Fortsetzung<\/a><\/p>","protected":false},"author":41,"featured_media":893,"parent":0,"menu_order":0,"comment_status":"closed","ping_status":"closed","template":"","meta":{"_acf_changed":false,"footnotes":""},"class_list":["post-1180","page","type-page","status-publish","has-post-thumbnail","hentry"],"acf":{"page_subheading":"Explore South Africa's top safari destinations, cultural heritage, and practical travel tips for an enriching and diverse adventure experience."},"_links":{"self":[{"href":"https:\/\/safari-tours-africa.com\/de\/wp-json\/wp\/v2\/pages\/1180","targetHints":{"allow":["GET"]}}],"collection":[{"href":"https:\/\/safari-tours-africa.com\/de\/wp-json\/wp\/v2\/pages"}],"about":[{"href":"https:\/\/safari-tours-africa.com\/de\/wp-json\/wp\/v2\/types\/page"}],"author":[{"embeddable":true,"href":"https:\/\/safari-tours-africa.com\/de\/wp-json\/wp\/v2\/users\/41"}],"replies":[{"embeddable":true,"href":"https:\/\/safari-tours-africa.com\/de\/wp-json\/wp\/v2\/comments?post=1180"}],"version-history":[{"count":3,"href":"https:\/\/safari-tours-africa.com\/de\/wp-json\/wp\/v2\/pages\/1180\/revisions"}],"predecessor-version":[{"id":1312,"href":"https:\/\/safari-tours-africa.com\/de\/wp-json\/wp\/v2\/pages\/1180\/revisions\/1312"}],"wp:featuredmedia":[{"embeddable":true,"href":"https:\/\/safari-tours-africa.com\/de\/wp-json\/wp\/v2\/media\/893"}],"wp:attachment":[{"href":"https:\/\/safari-tours-africa.com\/de\/wp-json\/wp\/v2\/media?parent=1180"}],"curies":[{"name":"wp","href":"https:\/\/api.w.org\/{rel}","templated":true}]}}