{"id":1184,"date":"2024-01-22T16:50:54","date_gmt":"2024-01-22T16:50:54","guid":{"rendered":"https:\/\/safari-tours-africa.com\/?page_id=1184"},"modified":"2024-01-25T10:46:40","modified_gmt":"2024-01-25T10:46:40","slug":"tansania-ein-safariziel","status":"publish","type":"page","link":"https:\/\/safari-tours-africa.com\/de\/tanzania-a-safari-destination\/","title":{"rendered":"Tansania: Ein Safari-Reiseziel"},"content":{"rendered":"<p>Tansania ist ein Land mit vielf\u00e4ltigen Landschaften und einem reichen Kulturerbe in Ostafrika. Es ist ber\u00fchmt f\u00fcr seine <strong>ausgedehnte Wildnis <\/strong>Dazu geh\u00f6ren die Ebenen des Serengeti-Nationalparks, ein Safari-Mekka, das von den Big Five (Elefant, L\u00f6we, Leopard, B\u00fcffel, Nashorn) bev\u00f6lkert wird, und der Kilimanjaro-Nationalpark, <strong>Heimat von Afrikas h\u00f6chstem Berg<\/strong>.<\/p>\n\n\n\n<p>Vor der K\u00fcste liegen die tropischen Inseln <a href=\"https:\/\/safari-tours-africa.com\/de\/safaritouren\/13-day-great-migration-tanzania-and-zanzibar-safari\/\">Sansibar<\/a>mit arabischen Einfl\u00fcssen, und Mafia, mit einem Meerespark, in dem Walhaie und Korallenriffe zu Hause sind. Tansanias Mischung aus Wildtieren, Kulturen und Landschaften macht es zu einem fesselnden Reiseziel f\u00fcr Reisende, die den Rhythmus Afrikas erleben wollen.<\/p>\n\n\n\n<figure class=\"wp-block-image size-full\"><img loading=\"lazy\" decoding=\"async\" width=\"2000\" height=\"1123\" src=\"https:\/\/safari-tours-africa.com\/wp-content\/uploads\/magical-zanzibar-scaled.webp\" alt=\"Luftaufnahme. Meereslandschaft, Sansibar, Tansania.\" class=\"wp-image-989\"\/><figcaption class=\"wp-element-caption\">Die magischen K\u00fcsten Sansibars<\/figcaption><\/figure>\n\n\n\n<h2 class=\"wp-block-heading\">Welche Orte in Tansania sollte ich auf einer Safari besuchen?<\/h2>\n\n\n\n<h3 class=\"wp-block-heading\">1. Serengeti-Nationalpark<\/h3>\n\n\n\n<p>Die Serengeti ist nicht nur ein Safari-Ziel, sie ist ein Ph\u00e4nomen. Die weiten Ebenen beherbergen die<strong> Gro\u00dfe Migration<\/strong>Ein Spektakel, bei dem Millionen von Gnus, Zebras und Gazellen in einem Kreislauf von Leben und Tod leben. Die Serengeti ist auch die Heimat eines <strong>hohe Dichte an Raubtieren<\/strong>Das macht den Park zu einem idealen Ort, um das Schauspiel der Natur zu beobachten. Die verschiedenen Lebensr\u00e4ume des Parks, darunter Savannen, W\u00e4lder und Feuchtgebiete, beherbergen eine Vielzahl von Wildtieren und sorgen daf\u00fcr, dass jedes Safarierlebnis einzigartig ist.<\/p>\n\n\n\n<p>Besuchen Sie den Serengeti-Nationalpark auf der <a href=\"https:\/\/safari-tours-africa.com\/de\/safaritouren\/10-day-serengeti-ngorongoro-safari-with-zanzibar\/\">10-t\u00e4gige Serengeti &amp; Ngorongoro Safari mit Sansibar<\/a>.<\/p>\n\n\n\n<figure class=\"wp-block-image size-full\"><img loading=\"lazy\" decoding=\"async\" width=\"2000\" height=\"1335\" src=\"https:\/\/safari-tours-africa.com\/wp-content\/uploads\/wildlife-in-serengeti-national-park-scaled.webp\" alt=\"Eine Gruppe junger L\u00f6wen, die auf einem Felsen liegen - sch\u00f6ne Landschaft der Savanne bei Sonnenuntergang. Wildtier-Safari im Serengeti-Nationalpark, Masai Mara, Tansania, Afrika\" class=\"wp-image-1138\"\/><figcaption class=\"wp-element-caption\">Wildtier-Safari im Serengeti-Nationalpark<\/figcaption><\/figure>\n\n\n\n<h3 class=\"wp-block-heading\">2. Ngorongoro-Schutzgebiet<\/h3>\n\n\n\n<p>Der Ngorongoro-Krater, ein <strong>gewaltige Vulkankrater<\/strong>ist ein Mikrokosmos der ostafrikanischen Landschaft und Tierwelt. In diesem nat\u00fcrlichen Amphitheater wimmelt es von Tieren, darunter die <strong>die dichteste L\u00f6wenpopulation der Welt<\/strong>. Die Interaktion zwischen dem Massai-Volk und den Wildtieren in diesem Gebiet verleiht Ihrem Safarierlebnis eine faszinierende kulturelle Dimension.<\/p>\n\n\n\n<p>Besuchen Sie das Ngorongoro-Schutzgebiet auf der <a href=\"https:\/\/safari-tours-africa.com\/de\/safaritouren\/5-day-best-of-tanzania-safari-tour\/\">5-Tage-Safari-Tour \"Das Beste von Tansania<\/a>.<\/p>\n\n\n\n<figure class=\"wp-block-image size-full\"><img loading=\"lazy\" decoding=\"async\" width=\"2000\" height=\"1333\" src=\"https:\/\/safari-tours-africa.com\/wp-content\/uploads\/group-of-giraffes-walking-in-ngorongoro-conservation-area-in-tanzania-scaled.webp\" alt=\"Eine Gruppe von Giraffen geht im Ngorongoro-Schutzgebiet in Tansania spazieren. Wildtiere in Afrika\" class=\"wp-image-1133\"\/><figcaption class=\"wp-element-caption\">Giraffen in ihrem nat\u00fcrlichen Lebensraum im Ngorongoro-Schutzgebiet<\/figcaption><\/figure>\n\n\n\n<h3 class=\"wp-block-heading\">3. Tarangire-Nationalpark<\/h3>\n\n\n\n<p>Bekannt f\u00fcr seine <strong>gro\u00dfe Elefantenherden<\/strong> und den ikonischen Baobab-B\u00e4umen bietet Tarangire ein einzigartiges Safari-Erlebnis. Die <strong>Tarangire-Fluss<\/strong> ist ein Magnet f\u00fcr Wildtiere, vor allem in der Trockenzeit, wenn sich die Tiere in gro\u00dfer Zahl an den Flussufern versammeln, was ihn zu einem erstklassigen Ort f\u00fcr Wildbeobachtungen macht.<\/p>\n\n\n\n<p>Besuchen Sie den Tarangire National Park auf der <a href=\"https:\/\/safari-tours-africa.com\/de\/safaritouren\/7-day-big-five-safari-in-tanzania\/\">7-t\u00e4gige Big Five Safari in Tansania<\/a>.<\/p>\n\n\n\n<figure class=\"wp-block-image size-full\"><img loading=\"lazy\" decoding=\"async\" width=\"2000\" height=\"1325\" src=\"https:\/\/safari-tours-africa.com\/wp-content\/uploads\/tarangire-national-park-from-above-scaled.webp\" alt=\"Tarangire-Nationalpark\" class=\"wp-image-970\"\/><figcaption class=\"wp-element-caption\">Luftaufnahme des Tarangire-Nationalparks<\/figcaption><\/figure>\n\n\n\n<h3 class=\"wp-block-heading\">4. Lake Manyara National Park<\/h3>\n\n\n\n<p>Eingebettet am Fu\u00dfe des <strong>Gro\u00dfer Grabenbruch<\/strong> Der Lake Manyara National Park ist ber\u00fchmt f\u00fcr seine vielen <strong>Baumkletterl\u00f6wen<\/strong>gro\u00dfe Truppen von Pavianen und eine gro\u00dfe Vielfalt an V\u00f6geln, darunter <strong>Flamingos<\/strong>. Die vielf\u00e4ltigen \u00d6kosysteme des Parks - vom alkalischen See \u00fcber dichte W\u00e4lder bis hin zu steilen Bergh\u00e4ngen - beherbergen eine Vielzahl von Wildtieren.<\/p>\n\n\n\n<p>Besuchen Sie den Lake Manyara National Park auf der <a href=\"https:\/\/safari-tours-africa.com\/de\/safaritouren\/8-day-the-great-migration-safari-tour-in-tanzania\/\">8-t\u00e4gige Safari-Tour zur Gro\u00dfen Migration in Tansania<\/a>.<\/p>\n\n\n\n<figure class=\"wp-block-image size-full\"><img loading=\"lazy\" decoding=\"async\" width=\"2000\" height=\"1333\" src=\"https:\/\/safari-tours-africa.com\/wp-content\/uploads\/landscape-in-manyara-national-park-scaled.webp\" alt=\"Landschaft im Manyara-Nationalpark\" class=\"wp-image-1001\"\/><figcaption class=\"wp-element-caption\">Landschaft im Lake Manyara National Park<\/figcaption><\/figure>\n\n\n\n<h3 class=\"wp-block-heading\">5. Ruaha-Nationalpark<\/h3>\n\n\n\n<p>Die abgelegene Lage Ruahas bedeutet, dass es <strong>weniger von Touristen frequentiert<\/strong>und bietet ein wahrhaft wildes und exklusives Safarierlebnis. Es ist bekannt f\u00fcr seine gro\u00dfe Elefantenpopulation und eine Vielzahl anderer Wildtiere, darunter Kudus, Antilopen und gef\u00e4hrdete Wildhunde. Die <strong>Ruaha-Fluss<\/strong> lockt vor allem in der Trockenzeit eine Vielzahl von Tieren an und ist damit ein hervorragender Ort f\u00fcr Wildbeobachtungen.<\/p>\n\n\n\n<figure class=\"wp-block-image size-large\"><img decoding=\"async\" src=\"https:\/\/safari-tours-africa.com\/wp-content\/uploads\/candelabra-tree-in-the-hilly-landscape-1024x681.webp\" alt=\"Kandelaberbaum in der H\u00fcgellandschaft, Ruaha-Nationalpark, Tansania\" class=\"wp-image-1287\"\/><figcaption class=\"wp-element-caption\">Kandelaberbaum in der H\u00fcgellandschaft des Ruaha-Nationalparks<\/figcaption><\/figure>\n\n\n\n<h3 class=\"wp-block-heading\">6. Nyerere-Nationalpark (Selous)<\/h3>\n\n\n\n<p>Nyerere deckt ein riesiges Gebiet ab und ist <strong>eines der gr\u00f6\u00dften Tierschutzgebiete der Welt<\/strong>. Der Rufiji-Fluss flie\u00dft durch den Park und bildet ein Netz von Seen, Lagunen und Kan\u00e4len. <strong>Bootssafaris<\/strong> bieten eine einzigartige Perspektive auf die Bewohner des Parks, darunter Nilpferde, Krokodile und eine Vielzahl von Wasserv\u00f6geln. Die W\u00e4lder und Ebenen des Parks beherbergen eine gro\u00dfe Anzahl von Elefanten, B\u00fcffeln und Giraffen sowie den schwer fassbaren Leoparden.<\/p>\n\n\n\n<figure class=\"wp-block-image size-large\"><img decoding=\"async\" src=\"https:\/\/safari-tours-africa.com\/wp-content\/uploads\/aerial-view-of-nyerere-national-park-in-tanzania-1024x575.webp\" alt=\"Luftaufnahme des Nyerere-Nationalparks in Tansania\" class=\"wp-image-1288\"\/><figcaption class=\"wp-element-caption\">Luftaufnahme des Nyerere-Nationalparks<\/figcaption><\/figure>\n\n\n\n<h3 class=\"wp-block-heading\">7. Mahale Mountains National Park<\/h3>\n\n\n\n<p>Vor der Kulisse von <strong>Tanganjikasee<\/strong>Mahale ist ein Synonym f\u00fcr Schimpansen-Trekking. Das bergige, mit dichtem Tropenwald bedeckte Terrain des Parks ist eine Hochburg f\u00fcr diese Primaten. Das Erlebnis der Beobachtung <strong>Schimpansen<\/strong> in ihrem nat\u00fcrlichen Lebensraum zu erleben, ist tiefgreifend und dem\u00fctigend. Mahale bietet auch die M\u00f6glichkeit, am See zu entspannen und Aktivit\u00e4ten auf dem Wasser zu unternehmen, die einen ruhigen Gegenpol zu den aufregenden Schimpansen-Treks bilden.<\/p>\n\n\n\n<figure class=\"wp-block-image size-large is-resized\"><img decoding=\"async\" src=\"https:\/\/safari-tours-africa.com\/wp-content\/uploads\/mahale-mountains-1024x683.webp\" alt=\"DSCHUNGELGEBIRGE IN MAHALE, TANSANIA\" class=\"wp-image-1289\" style=\"width:1189px;height:auto\"\/><figcaption class=\"wp-element-caption\">Die h\u00fcgelige Landschaft des Mahale Mountains National Park<\/figcaption><\/figure>\n\n\n\n<h2 class=\"wp-block-heading\">Wann ist die beste Reisezeit f\u00fcr Tansania?<\/h2>\n\n\n\n<p>Die ideale Reisezeit f\u00fcr Tansania h\u00e4ngt davon ab, was Sie sehen m\u00f6chten:<\/p>\n\n\n\n<h3 class=\"wp-block-heading\">Safari<\/h3>\n\n\n\n<p>Die <strong>Trockenzeit (Juni bis Oktober)<\/strong> bietet hervorragende M\u00f6glichkeiten zur Beobachtung von Wildtieren. Die Tiere sind leichter zu sehen, da sie sich an Wasserl\u00f6chern und Fl\u00fcssen versammeln. Die Gro\u00dfe Migration ist in dieser Zeit ein H\u00f6hepunkt in der Serengeti.<\/p>\n\n\n\n<h3 class=\"wp-block-heading\">Strandurlaub<\/h3>\n\n\n\n<p>Sansibar und andere K\u00fcstenregionen werden am besten in den trockenen Monaten besucht (<strong>Juni bis Oktober und Dezember bis Februar<\/strong>). Das Wetter ist warm und sonnig, perfekt f\u00fcr Strandaktivit\u00e4ten und die Erkundung der Korallenriffe.<\/p>\n\n\n\n<figure class=\"wp-block-image size-full\"><img loading=\"lazy\" decoding=\"async\" width=\"2000\" height=\"1332\" src=\"https:\/\/safari-tours-africa.com\/wp-content\/uploads\/scenery-landscape-of-serengeti-national-park-full-of-animals-scaled.webp\" alt=\"Landschaft des Serengeti-Nationalparks mit vielen Tieren\" class=\"wp-image-977\"\/><figcaption class=\"wp-element-caption\">F\u00fcr Safaris ist es optimal, Tansania w\u00e4hrend der Trockenzeit zu besuchen.<\/figcaption><\/figure>\n\n\n\n<h2 class=\"wp-block-heading\">Ist Tansania sicher?<\/h2>\n\n\n\n<p>Tansania ist <strong>im Allgemeinen sicher f\u00fcr Touristen<\/strong>aber es ist ratsam, die <strong>Standard-Sicherheitsma\u00dfnahmen<\/strong>. Bewahren Sie Ihre Wertsachen sicher auf, besonders an belebten Orten. H\u00f6ren Sie auf einer Safari immer auf Ihren Reisef\u00fchrer - er ist daf\u00fcr ausgebildet, Ihre Sicherheit in der N\u00e4he von Wildtieren zu gew\u00e4hrleisten. Respektieren Sie die \u00f6rtlichen Sitten und Gebr\u00e4uche, insbesondere beim Besuch von D\u00f6rfern oder religi\u00f6sen St\u00e4tten. Kleiden Sie sich konservativ und bitten Sie um Erlaubnis, bevor Sie Menschen fotografieren, um die lokale Kultur zu respektieren.<\/p>\n\n\n\n<figure class=\"wp-block-image size-large\"><img decoding=\"async\" src=\"https:\/\/safari-tours-africa.com\/wp-content\/uploads\/a-woman-in-a-burka-walking-through-the-outdoor-market-in-stone-town-1024x683.webp\" alt=\"Tansania, Sansibar - 6\/10\/2018: Eine Frau in einer Burka geht \u00fcber den Markt in Stone Town.\" class=\"wp-image-1295\"\/><figcaption class=\"wp-element-caption\">Die Stra\u00dfen von Stone Town<\/figcaption><\/figure>\n\n\n\n<h2 class=\"wp-block-heading\">Ben\u00f6tige ich f\u00fcr die Einreise nach Tansania ein Visum?<\/h2>\n\n\n\n<p>Tansania ist mit internationalen Fl\u00fcgen zum Julius Nyerere International Airport (Dar es Salaam) und zum Kilimanjaro International Airport (Arusha) erreichbar. <strong>Unterschiedliche Visabestimmungen<\/strong>Erkundigen Sie sich daher vor Ihrer Reise bei der tansanischen Botschaft oder dem Konsulat in Ihrem Land. Inlandsfl\u00fcge verbinden die wichtigsten Ziele, w\u00e4hrend Dalas<strong> <\/strong>(Kleinbusse) und Boda-Bodas<strong> <\/strong>(Motorradtaxis) bieten lokalen Transport an. F\u00fcr l\u00e4ngere Fahrten oder Safaris werden private Fahrzeuge oder organisierte Touren empfohlen.<\/p>\n\n\n\n<figure class=\"wp-block-image size-large\"><img decoding=\"async\" src=\"https:\/\/safari-tours-africa.com\/wp-content\/uploads\/usa-visa-in-a-passport-background-1024x683.webp\" alt=\"USA-Visum in einem Reisepass-Hintergrund\" class=\"wp-image-1296\"\/><figcaption class=\"wp-element-caption\">Pr\u00fcfen Sie vor Ihrer Reise die Visabestimmungen f\u00fcr Ihr Land<\/figcaption><\/figure>\n\n\n\n<h2 class=\"wp-block-heading\">Wie funktioniert der Nahverkehr in Tansania?<\/h2>\n\n\n\n<p>F\u00fcr ein authentisches tansanisches Erlebnis sind lokale Verkehrsmittel wie <strong>dala-dalas und boda-bodas<\/strong> bieten einen Einblick in das t\u00e4gliche Leben. Aus Gr\u00fcnden des Komforts und der Bequemlichkeit, insbesondere bei Reisen zu abgelegenen Safarizielen, sind jedoch private Fahrzeuge oder Fl\u00fcge vorzuziehen. Die Infrastruktur Tansanias bietet eine Reihe von Transportm\u00f6glichkeiten, die unterschiedlichen Vorlieben und Budgets gerecht werden.<\/p>\n\n\n\n<figure class=\"wp-block-image size-large\"><img loading=\"lazy\" decoding=\"async\" width=\"1024\" height=\"683\" src=\"https:\/\/safari-tours-africa.com\/wp-content\/uploads\/rear-view-of-bus-traveling-on-dirt-road-1024x683.webp\" alt=\"R\u00fcckansicht eines Busses, der auf einer unbefestigten Stra\u00dfe f\u00e4hrt, Tansania, Afrika\" class=\"wp-image-1290\" srcset=\"https:\/\/safari-tours-africa.com\/wp-content\/uploads\/rear-view-of-bus-traveling-on-dirt-road-1024x683.webp 1024w, https:\/\/safari-tours-africa.com\/wp-content\/uploads\/rear-view-of-bus-traveling-on-dirt-road-300x200.webp 300w, https:\/\/safari-tours-africa.com\/wp-content\/uploads\/rear-view-of-bus-traveling-on-dirt-road-768x512.webp 768w, https:\/\/safari-tours-africa.com\/wp-content\/uploads\/rear-view-of-bus-traveling-on-dirt-road-1536x1024.webp 1536w, https:\/\/safari-tours-africa.com\/wp-content\/uploads\/rear-view-of-bus-traveling-on-dirt-road-2048x1365.webp 2048w, https:\/\/safari-tours-africa.com\/wp-content\/uploads\/rear-view-of-bus-traveling-on-dirt-road-18x12.webp 18w\" sizes=\"auto, (max-width: 1024px) 100vw, 1024px\" \/><figcaption class=\"wp-element-caption\">Ein Kleinbus auf einer unbefestigten Stra\u00dfe in Tansania<\/figcaption><\/figure>\n\n\n\n<h2 class=\"wp-block-heading\">Welche Unterkunftsm\u00f6glichkeiten gibt es in Tansania?<\/h2>\n\n\n\n<p>Von luxuri\u00f6sen Lodges im Herzen des Busches bis hin zu Strandresorts an der Suaheli-K\u00fcste - Tansania bietet alles, was das Herz begehrt. <strong>alle Geschm\u00e4cker und Budgets<\/strong>. Die Safari-Unterk\u00fcnfte reichen von Zeltcamps, die eine intime Verbindung mit der Natur bieten, bis hin zu opulenten Lodges mit erstklassigen Annehmlichkeiten. Auf Sansibar und in anderen K\u00fcstenregionen bieten Resorts und Hotels Entspannung und verschiedene Aktivit\u00e4ten auf dem Wasser.<\/p>\n\n\n\n<figure class=\"wp-block-image size-full\"><img loading=\"lazy\" decoding=\"async\" width=\"1024\" height=\"768\" src=\"https:\/\/safari-tours-africa.com\/wp-content\/uploads\/kon-tiki-serengeti-camp.webp\" alt=\"Kon Tiki Serengeti Camp\" class=\"wp-image-974\" srcset=\"https:\/\/safari-tours-africa.com\/wp-content\/uploads\/kon-tiki-serengeti-camp.webp 1024w, https:\/\/safari-tours-africa.com\/wp-content\/uploads\/kon-tiki-serengeti-camp-300x225.webp 300w, https:\/\/safari-tours-africa.com\/wp-content\/uploads\/kon-tiki-serengeti-camp-768x576.webp 768w, https:\/\/safari-tours-africa.com\/wp-content\/uploads\/kon-tiki-serengeti-camp-16x12.webp 16w\" sizes=\"auto, (max-width: 1024px) 100vw, 1024px\" \/><figcaption class=\"wp-element-caption\">Kon Tiki Serengeti Camp im Nationalpark<\/figcaption><\/figure>\n\n\n\n<h2 class=\"wp-block-heading\">Was kann ich in Tansania noch tun, au\u00dfer Wildtiere zu beobachten?<\/h2>\n\n\n\n<p>Die Safaris in Tansania sind nur der Anfang. Das Land bietet vielf\u00e4ltige Erlebnisse:<\/p>\n\n\n\n<ul class=\"wp-block-list\">\n<li><strong>Ballon-Safari:<\/strong> Erleben Sie die Serengeti bei einer Hei\u00dfluftballon-Safari aus der Vogelperspektive. Das heitere und majest\u00e4tische Panorama der Ebenen bei Sonnenaufgang ist unvergesslich.<\/li>\n\n\n\n<li><strong>Kulturelle Interaktionen:<\/strong> Tauschen Sie sich mit lokalen Gemeinschaften wie den Maasai aus, um ihre Lebensweise zu verstehen. Dieser kulturelle Austausch ist bereichernd und er\u00f6ffnet neue Perspektiven.<\/li>\n\n\n\n<li><strong>Tauchen und Schnorcheln:<\/strong> Das kristallklare Wasser von Sansibar und Mafia Island eignet sich perfekt f\u00fcr Unterwassererkundungen. In den Korallenriffen wimmelt es von Meereslebewesen, die zum Tauchen und Schnorcheln einladen.<\/li>\n\n\n\n<li><strong>Bootssafaris:<\/strong> In Parks wie Nyerere (Selous) bieten Bootssafaris eine andere Perspektive auf die Tierwelt. Tiere zu beobachten, die zum Trinken ans Wasser kommen, ist eine heitere Erfahrung.<\/li>\n<\/ul>\n\n\n\n<figure class=\"wp-block-image size-full\"><img loading=\"lazy\" decoding=\"async\" width=\"2000\" height=\"1333\" src=\"https:\/\/safari-tours-africa.com\/wp-content\/uploads\/hot-air-balloon-floating-over-an-acacia-tree-in-serengeti-national-park-scaled.webp\" alt=\"Ein Hei\u00dfluftballon schwebt \u00fcber einem Akazienbaum im Serengeti-Nationalpark.\" class=\"wp-image-907\"\/><figcaption class=\"wp-element-caption\">Hei\u00dfluftballon \u00fcber der Serengeti <\/figcaption><\/figure>\n\n\n\n<h2 class=\"wp-block-heading\">Wie ist das Essen?<\/h2>\n\n\n\n<p>Die tansanische K\u00fcche ist ein <strong>Verschmelzung von afrikanischen, arabischen und indischen Geschmacksrichtungen<\/strong>. Grundnahrungsmittel wie Ugali und Nyama Choma muss man einfach probieren. Die K\u00fcste, insbesondere Sansibar, bietet eine Vielzahl von Meeresfr\u00fcchten und ist bekannt f\u00fcr ihre Gew\u00fcrze. Bei der Verkostung der lokalen K\u00fcche geht es nicht nur um die Ern\u00e4hrung, sondern auch um das Erleben der Kultur.<\/p>\n\n\n\n<figure class=\"wp-block-image size-large\"><img decoding=\"async\" src=\"https:\/\/safari-tours-africa.com\/wp-content\/uploads\/street-food-forodhani-on-the-waterfront-1024x683.webp\" alt=\"Stra\u00dfenessen Forodhani am Wasser, Stone Town, Sansibar.\" class=\"wp-image-1291\"\/><figcaption class=\"wp-element-caption\">Stra\u00dfenessen in Sansibar<\/figcaption><\/figure>\n\n\n\n<h2 class=\"wp-block-heading\">Welche Benimm-Tipps gibt es f\u00fcr den Aufenthalt in Tansania?<\/h2>\n\n\n\n<p>W\u00e4hrend <strong>Trinkgeld ist nicht obligatorisch<\/strong>ist es \u00fcblich, einen guten Service zu bieten, insbesondere auf Safaris und in Restaurants. Verstehen und <strong>Achtung der lokalen Br\u00e4uche<\/strong>,<strong> <\/strong>Sich bescheiden zu kleiden und vor dem Fotografieren um Erlaubnis zu fragen, ist der Schl\u00fcssel zu einer respektvollen und bereichernden Reiseerfahrung.<\/p>\n\n\n\n<figure class=\"wp-block-image size-large\"><img loading=\"lazy\" decoding=\"async\" width=\"1024\" height=\"683\" src=\"https:\/\/safari-tours-africa.com\/wp-content\/uploads\/view-of-the-ngorongoro-crater-in-tanzania-1024x683.webp\" alt=\"Blick auf den Ngorongoro-Krater in Tansania. Ngorongoro-Schutzgebiet. Afrikanische Landschaft. Reisef\u00fchrer zeigt etwas f\u00fcr Touristen\" class=\"wp-image-1297\" srcset=\"https:\/\/safari-tours-africa.com\/wp-content\/uploads\/view-of-the-ngorongoro-crater-in-tanzania-1024x683.webp 1024w, https:\/\/safari-tours-africa.com\/wp-content\/uploads\/view-of-the-ngorongoro-crater-in-tanzania-300x200.webp 300w, https:\/\/safari-tours-africa.com\/wp-content\/uploads\/view-of-the-ngorongoro-crater-in-tanzania-768x512.webp 768w, https:\/\/safari-tours-africa.com\/wp-content\/uploads\/view-of-the-ngorongoro-crater-in-tanzania-1536x1024.webp 1536w, https:\/\/safari-tours-africa.com\/wp-content\/uploads\/view-of-the-ngorongoro-crater-in-tanzania-2048x1365.webp 2048w, https:\/\/safari-tours-africa.com\/wp-content\/uploads\/view-of-the-ngorongoro-crater-in-tanzania-18x12.webp 18w\" sizes=\"auto, (max-width: 1024px) 100vw, 1024px\" \/><figcaption class=\"wp-element-caption\">Respektieren Sie die lokalen Br\u00e4uche<\/figcaption><\/figure>\n\n\n\n<h2 class=\"wp-block-heading\">Warum Safari Tours Africa f\u00fcr Reisen nach Tansania w\u00e4hlen?<\/h2>\n\n\n\n<p>Tansania bietet eine Vielzahl von Landschaften und Erlebnissen, von den dramatischen Wildtierspektakeln der Serengeti und des Ngorongoro bis zu den ruhigen Str\u00e4nden Sansibars. Es ist ein Land, in dem jede Safari nicht nur eine Reise durch die Natur ist, sondern eine Reise in die Seele Afrikas.<\/p>\n\n\n\n<p>Mit seinem reichen kulturellen Erbe, der vielf\u00e4ltigen Tierwelt und den atemberaubenden Landschaften verspricht Tansania ein Abenteuer, das Ihr Herz erobern und Ihnen noch lange nach Ihrer Reise in Erinnerung bleiben wird. <a href=\"https:\/\/safari-tours-africa.com\/de\/tansania\/\">Safari in Tansania<\/a>.<\/p>","protected":false},"excerpt":{"rendered":"<p>Tansania ist ein Land mit vielf\u00e4ltigen Landschaften und einem reichen Kulturerbe in Ostafrika. Es ist ber\u00fchmt f\u00fcr seine ausgedehnten Wildnisgebiete, darunter die Ebenen des Serengeti-Nationalparks, ein Safari-Mekka, das von den Big Five (Elefant, L\u00f6we, Leopard, B\u00fcffel, Nashorn) bev\u00f6lkert wird, und der Kilimandscharo-Nationalpark, in dem der h\u00f6chste Berg Afrikas steht. Vor der K\u00fcste liegen die ... <a href=\"https:\/\/safari-tours-africa.com\/de\/tanzania-a-safari-destination\/\">Fortsetzung<\/a><\/p>","protected":false},"author":41,"featured_media":1285,"parent":0,"menu_order":0,"comment_status":"closed","ping_status":"closed","template":"","meta":{"_acf_changed":false,"footnotes":""},"class_list":["post-1184","page","type-page","status-publish","has-post-thumbnail","hentry"],"acf":{"page_subheading":"Dive into an in-depth guide about Tanzania's finest safari spots, cultural insights, and essential travel tips for an unforgettable adventure."},"_links":{"self":[{"href":"https:\/\/safari-tours-africa.com\/de\/wp-json\/wp\/v2\/pages\/1184","targetHints":{"allow":["GET"]}}],"collection":[{"href":"https:\/\/safari-tours-africa.com\/de\/wp-json\/wp\/v2\/pages"}],"about":[{"href":"https:\/\/safari-tours-africa.com\/de\/wp-json\/wp\/v2\/types\/page"}],"author":[{"embeddable":true,"href":"https:\/\/safari-tours-africa.com\/de\/wp-json\/wp\/v2\/users\/41"}],"replies":[{"embeddable":true,"href":"https:\/\/safari-tours-africa.com\/de\/wp-json\/wp\/v2\/comments?post=1184"}],"version-history":[{"count":12,"href":"https:\/\/safari-tours-africa.com\/de\/wp-json\/wp\/v2\/pages\/1184\/revisions"}],"predecessor-version":[{"id":1357,"href":"https:\/\/safari-tours-africa.com\/de\/wp-json\/wp\/v2\/pages\/1184\/revisions\/1357"}],"wp:featuredmedia":[{"embeddable":true,"href":"https:\/\/safari-tours-africa.com\/de\/wp-json\/wp\/v2\/media\/1285"}],"wp:attachment":[{"href":"https:\/\/safari-tours-africa.com\/de\/wp-json\/wp\/v2\/media?parent=1184"}],"curies":[{"name":"wp","href":"https:\/\/api.w.org\/{rel}","templated":true}]}}