{"id":39,"date":"2023-01-16T13:14:25","date_gmt":"2023-01-16T13:14:25","guid":{"rendered":"https:\/\/safari-tours-africa.com\/about-us\/"},"modified":"2024-01-18T14:29:36","modified_gmt":"2024-01-18T14:29:36","slug":"uber-uns","status":"publish","type":"page","link":"https:\/\/safari-tours-africa.com\/de\/about-us\/","title":{"rendered":"\u00dcber uns"},"content":{"rendered":"<p>Unter <a href=\"https:\/\/world-discovery.com\/\">Weltentdeckung<\/a>Unsere Geschichte war schon immer mehr als nur das Festlegen von Kursen auf einer Karte. Es ist eine Geschichte von Leidenschaft, Neugier und der unerm\u00fcdlichen Suche nach dem Unbekannten. Geboren in Europas reicher Geschichte und Kultur, hat sich unsere Agentur im Laufe der Jahre weiterentwickelt und die verschiedenen Facetten des globalen Reisens in sich aufgenommen.<\/p>\n\n\n\n<p>Unsere Erfahrungen umfassen ein Kaleidoskop von Reisezielen, wobei jede Reise ein neues Kapitel in unserem gemeinsamen Abenteuer darstellt. Jetzt, da wir unseren Kompass in Richtung Afrika drehen, stehen wir an der Schwelle zu einem neuen, aufregenden Kapitel unserer Entdeckungsreise.<\/p>\n\n\n\n<figure class=\"wp-block-image size-full\"><img loading=\"lazy\" decoding=\"async\" width=\"2000\" height=\"1332\" src=\"https:\/\/safari-tours-africa.com\/wp-content\/uploads\/hiker-on-chogoria-route-scaled.webp\" alt=\"R\u00fcckansicht einer Gruppe von Wanderern, die entlang eines Flusses auf der Chogoria Route, Mount Kenya, Kenia, wandern\" class=\"wp-image-927\"\/><figcaption class=\"wp-element-caption\">Afrika - ein Land mit vielen Juwelen<\/figcaption><\/figure>\n\n\n\n<h3 class=\"wp-block-heading\">Afrika: Eine Leinwand aus roher Sch\u00f6nheit<\/h3>\n\n\n\n<p>Afrika war f\u00fcr uns bei World Discovery schon immer eine Quelle der Inspiration. Seine raue, ungefilterte Sch\u00f6nheit und die reiche Vielfalt an Landschaften und Kulturen locken wahre Entdecker an. Wir haben uns entschieden, uns auf Safaris und nicht auf Luxusreisen zu konzentrieren, denn wir glauben an <strong>Afrika in seiner wahrhaftigsten Form pr\u00e4sentieren<\/strong>.<\/p>\n\n\n\n<p>Von den ausgedehnten Savannen Kenias und Tansanias \u00fcber die raue Wildnis Ugandas bis hin zu den vielf\u00e4ltigen Biomen S\u00fcdafrikas bietet jedes Reiseziel einen einzigartigen Einblick in eine Welt, in der die Natur noch die Oberhand hat.<\/p>\n\n\n\n<figure class=\"wp-block-image size-full\"><img loading=\"lazy\" decoding=\"async\" width=\"2000\" height=\"1329\" src=\"https:\/\/safari-tours-africa.com\/wp-content\/uploads\/mount-kenya-scaled.webp\" alt=\"Panorama des Mount Kenia,\" class=\"wp-image-916\"\/><figcaption class=\"wp-element-caption\">Afrikas raue Sch\u00f6nheit<\/figcaption><\/figure>\n\n\n\n<p>Unsere Safari-Abenteuer sind so konzipiert, dass unsere Kunden in das Herz Afrikas eintauchen. Wir f\u00fchren Sie \u00fcber das Gew\u00f6hnliche hinaus und bieten Ihnen die M\u00f6glichkeit, mit Leichtigkeit durch \u00d6kosysteme zu gehen, die seit Jahrtausenden unver\u00e4ndert geblieben sind.&nbsp;<\/p>\n\n\n\n<p>Unsere Vision ist die Erleichterung einer <strong>echte Verbindung mit dem Kontinent<\/strong> - seine Tierwelt, seine Landschaften und seine Menschen - damit Sie Afrika so erleben k\u00f6nnen, wie es wirklich ist: wild, frei und atemberaubend.<\/p>\n\n\n\n<h3 class=\"wp-block-heading\">Unsere St\u00e4rke: Kompetenz und verl\u00e4ssliche Partnerschaften<\/h3>\n\n\n\n<p>Die St\u00e4rke von World Discovery liegt in unserem Fachwissen und <strong>unsere F\u00e4higkeit, die zuverl\u00e4ssigsten und authentischsten Safarierlebnisse zu finden<\/strong>. Wir wissen, dass die Essenz einer gro\u00dfartigen Safari nicht nur im Reiseziel liegt, sondern auch in der Reise und den Menschen, die sie begleiten.<\/p>\n\n\n\n<p>Bei der Auswahl unserer Partner gehen wir sehr sorgf\u00e4ltig vor und wissen genau, was eine Safari zu einem au\u00dfergew\u00f6hnlichen Erlebnis macht.<\/p>\n\n\n\n<p>Unser Team mit seiner langj\u00e4hrigen Erfahrung in der Reisebranche pr\u00fcft sorgf\u00e4ltig jeden potenziellen Partner und jede Safarim\u00f6glichkeit und sch\u00f6pft dabei aus einer F\u00fclle von Kenntnissen und Einblicken durch eine <strong>sorgf\u00e4ltiger Prozess <\/strong>die die Sorgfalt und Aufmerksamkeit widerspiegelt, die man auf einer Reise durch die majest\u00e4tischen Landschaften Afrikas walten lassen w\u00fcrde.<\/p>\n\n\n\n<figure class=\"wp-block-image size-full\"><img loading=\"lazy\" decoding=\"async\" width=\"2000\" height=\"1333\" src=\"https:\/\/safari-tours-africa.com\/wp-content\/uploads\/maasai-mara-men-dancing-scaled.webp\" alt=\"Maasai Mara Mann zeigt traditionellen Maasai-Sprungtanz\" class=\"wp-image-864\"\/><figcaption class=\"wp-element-caption\">Einheimische Maasai-M\u00e4nner<\/figcaption><\/figure>\n\n\n\n<p>Wir befassen uns mit den Abl\u00e4ufen bei unseren Partnern und bewerten ihre Kundendienstkan\u00e4le, ihre organisatorischen F\u00e4higkeiten und ihre allgemeine Zuverl\u00e4ssigkeit. Unser Team setzt sich mit den Verantwortlichen auseinander und pr\u00fcft ihre Angebote, um sicherzustellen, dass sie unsere Anforderungen erf\u00fcllen. <strong>hohe Standards<\/strong>.<\/p>\n\n\n\n<p>Wir stellen Ihre Safari mit der Pr\u00e4zision und Sorgfalt derjenigen zusammen, die wissen, was ein afrikanisches Abenteuer wirklich besonders macht. Unser Auswahlverfahren basiert auf umfassenden Recherchen, Kundenfeedback und enger Kommunikation mit lokalen Experten.<\/p>\n\n\n\n<p>Dies erm\u00f6glicht es uns, Safarierlebnisse auszuw\u00e4hlen, die Folgendes bieten <strong>Authentizit\u00e4t und unvergleichliche Begegnungen<\/strong> mit Afrikas Tierwelt und Kultur.<\/p>\n\n\n\n<h3 class=\"wp-block-heading\">Unsere lokalen Partner<\/h3>\n\n\n\n<p>Unsere Partner in Afrika sind mehr als nur Betreiber; sie sind H\u00fcter des Landes und Botschafter ihrer Kultur. Sie sind <strong>Einheimische<\/strong> die die afrikanische Wildnis leben und atmen, mit Geschichten und Erkenntnissen, die jede Safari bereichern.<\/p>\n\n\n\n<p>Indem wir uns f\u00fcr eine Zusammenarbeit mit ihnen entscheiden, stellen wir sicher, dass unsere Kunden nicht nur ein echtes Afrika-Erlebnis genie\u00dfen, sondern auch einen Beitrag zur Erhaltung dieser herrlichen Landschaften und der Gemeinschaften leisten, die sie ihr Zuhause nennen.<\/p>\n\n\n\n<figure class=\"wp-block-image size-large is-resized\"><img loading=\"lazy\" decoding=\"async\" width=\"1024\" height=\"1024\" src=\"https:\/\/safari-tours-africa.com\/wp-content\/uploads\/our-kenyan-safari-ride-1-1024x1024.webp\" alt=\"Unser Kenia-Safariausflug\" class=\"wp-image-830\" style=\"width:1189px;height:auto\" srcset=\"https:\/\/safari-tours-africa.com\/wp-content\/uploads\/our-kenyan-safari-ride-1-1024x1024.webp 1024w, https:\/\/safari-tours-africa.com\/wp-content\/uploads\/our-kenyan-safari-ride-1-300x300.webp 300w, https:\/\/safari-tours-africa.com\/wp-content\/uploads\/our-kenyan-safari-ride-1-150x150.webp 150w, https:\/\/safari-tours-africa.com\/wp-content\/uploads\/our-kenyan-safari-ride-1-768x767.webp 768w, https:\/\/safari-tours-africa.com\/wp-content\/uploads\/our-kenyan-safari-ride-1-12x12.webp 12w, https:\/\/safari-tours-africa.com\/wp-content\/uploads\/our-kenyan-safari-ride-1.webp 1482w\" sizes=\"auto, (max-width: 1024px) 100vw, 1024px\" \/><figcaption class=\"wp-element-caption\">Wir versuchen, feste Partnerschaften mit lokalen Anbietern zu bilden<\/figcaption><\/figure>\n\n\n\n<h3 class=\"wp-block-heading\">Entdecken Sie Afrika (und die Welt) mit uns!<\/h3>\n\n\n\n<p>Mit World Discovery von Safari Tours Africa wird Ihre Afrika-Safari zu einer Reise in die Seele des faszinierendsten Kontinents der Welt. Ob Sie nun Gorillas in den nebligen W\u00e4ldern Ugandas aufsp\u00fcren, die Gro\u00dfe Migration in Kenia und Tansania erleben oder die vielf\u00e4ltigen \u00d6kosysteme S\u00fcdafrikas erkunden - wir versprechen Ihnen ein Abenteuer, an das Sie sich ein Leben lang erinnern werden.<\/p>\n\n\n\n<p>Begleiten Sie uns auf dieser Entdeckungsreise. Entdecken Sie unsere kuratierten Safari-Erlebnisse in <a href=\"https:\/\/safari-tours-africa.com\/de\/uganda\/\">Uganda<\/a>, <a href=\"https:\/\/safari-tours-africa.com\/de\/sudafrika\/\">S\u00fcdafrika<\/a>, <a href=\"https:\/\/safari-tours-africa.com\/de\/kenia\/\">Kenia<\/a>und <a href=\"https:\/\/safari-tours-africa.com\/de\/tansania\/\">Tansania<\/a>und tauchen Sie ein in eine Welt, in der jeder Moment eine Geschichte ist, die darauf wartet, sich zu entfalten. Setzen Sie sich noch heute mit uns in Verbindung, und lassen Sie uns ein unvergessliches Abenteuer im Herzen Afrikas erleben mit <a href=\"https:\/\/safari-tours-africa.com\/de\/\">Safari-Touren Afrika<\/a>.<\/p>","protected":false},"excerpt":{"rendered":"<p>Die Geschichte von World Discovery war schon immer mehr als nur das Aufzeichnen von Kursen auf einer Landkarte. Es ist eine Geschichte von Leidenschaft, Neugier und der unerm\u00fcdlichen Suche nach dem Unbekannten. Geboren in Europas reicher Geschichte und Kultur, hat sich unsere Agentur im Laufe der Jahre weiterentwickelt und die verschiedenen Facetten des globalen Reisens in sich aufgenommen. Unsere Erfahrung umfasst eine ... <a href=\"https:\/\/safari-tours-africa.com\/de\/about-us\/\">Fortsetzung<\/a><\/p>","protected":false},"author":41,"featured_media":930,"parent":0,"menu_order":0,"comment_status":"closed","ping_status":"closed","template":"","meta":{"_acf_changed":false,"footnotes":""},"class_list":["post-39","page","type-page","status-publish","has-post-thumbnail","hentry"],"acf":{"page_subheading":"Discover Africa with World Discovery: Expertly curated safari adventures that blend authenticity with our extensive travel industry experience."},"_links":{"self":[{"href":"https:\/\/safari-tours-africa.com\/de\/wp-json\/wp\/v2\/pages\/39","targetHints":{"allow":["GET"]}}],"collection":[{"href":"https:\/\/safari-tours-africa.com\/de\/wp-json\/wp\/v2\/pages"}],"about":[{"href":"https:\/\/safari-tours-africa.com\/de\/wp-json\/wp\/v2\/types\/page"}],"author":[{"embeddable":true,"href":"https:\/\/safari-tours-africa.com\/de\/wp-json\/wp\/v2\/users\/41"}],"replies":[{"embeddable":true,"href":"https:\/\/safari-tours-africa.com\/de\/wp-json\/wp\/v2\/comments?post=39"}],"version-history":[{"count":4,"href":"https:\/\/safari-tours-africa.com\/de\/wp-json\/wp\/v2\/pages\/39\/revisions"}],"predecessor-version":[{"id":963,"href":"https:\/\/safari-tours-africa.com\/de\/wp-json\/wp\/v2\/pages\/39\/revisions\/963"}],"wp:featuredmedia":[{"embeddable":true,"href":"https:\/\/safari-tours-africa.com\/de\/wp-json\/wp\/v2\/media\/930"}],"wp:attachment":[{"href":"https:\/\/safari-tours-africa.com\/de\/wp-json\/wp\/v2\/media?parent=39"}],"curies":[{"name":"wp","href":"https:\/\/api.w.org\/{rel}","templated":true}]}}