{"id":1172,"date":"2024-01-22T15:31:09","date_gmt":"2024-01-22T15:31:09","guid":{"rendered":"https:\/\/safari-tours-africa.com\/?page_id=1172"},"modified":"2024-01-23T17:26:49","modified_gmt":"2024-01-23T17:26:49","slug":"kenia-destino-de-safaris","status":"publish","type":"page","link":"https:\/\/safari-tours-africa.com\/es\/kenya-a-safari-destination\/","title":{"rendered":"Kenia: Un destino de safari"},"content":{"rendered":"<p>Kenia, situada en el <strong>coraz\u00f3n de \u00c1frica Oriental<\/strong>es un pa\u00eds donde la belleza natural se une a la aventura. Es un destino conocido por la diversidad de su fauna y sus paisajes, desde los lagos con flamencos del Gran Valle del Rift hasta las <a href=\"https:\/\/safari-tours-africa.com\/es\/safaris\/3-day-enkorok-mara-camp-safari\/\">Maasai Mara<\/a>.<\/p>\n\n\n\n<p>Es un pa\u00eds donde la cultura tradicional se entreteje con el tejido moderno de la vida, desde las bulliciosas calles de Nairobi hasta las tribus pastoriles de la frontera norte. Con sus playas v\u00edrgenes, sus monta\u00f1as y su abundante vida salvaje, Kenia ofrece un rico tapiz de experiencias para todo viajero que desee explorar las maravillas naturales y las profundidades culturales de \u00c1frica.<\/p>\n\n\n\n<figure class=\"wp-block-image size-full\"><img loading=\"lazy\" decoding=\"async\" width=\"2000\" height=\"1333\" src=\"https:\/\/safari-tours-africa.com\/wp-content\/uploads\/masai-mara-national-park-in-kenya-scaled.webp\" alt=\"Jirafa salvaje y \u00f1u cerca de coche de safari en el Parque Nacional Masai Mara, Kenia. Concepto de safari. Paisaje de viaje africano\" class=\"wp-image-863\"\/><figcaption class=\"wp-element-caption\">Un safari por Kenia<\/figcaption><\/figure>\n\n\n\n<h2 class=\"wp-block-heading\">\u00bfQu\u00e9 lugares de Kenia deber\u00eda visitar en un safari?<\/h2>\n\n\n\n<h3 class=\"wp-block-heading\">1. Reserva Nacional de Masai Mara<\/h3>\n\n\n\n<p>El Masai Mara, que no es s\u00f3lo un lugar sino un espect\u00e1culo en s\u00ed mismo, es sin\u00f3nimo de vida salvaje y de safari africano. Es la prolongaci\u00f3n septentrional del Serengeti y el hogar del espectacular <strong>Gran Migraci\u00f3n<\/strong>donde m\u00e1s de un mill\u00f3n de \u00f1us, cebras y gacelas atraviesan las llanuras en busca de pastos frescos. La reserva es tambi\u00e9n un para\u00edso para la fotograf\u00eda, ya que ofrece la oportunidad de capturar el <strong>Los Cinco Grandes<\/strong> en su h\u00e1bitat natural. En <strong>R\u00edo Mara<\/strong>salpicado de hipop\u00f3tamos y cocodrilos, a\u00f1ade un elemento din\u00e1mico a la experiencia de avistamiento de animales.<\/p>\n\n\n\n<p>Visite la Reserva Nacional de Masai Mara en el <a __bud_processed=\"\" href=\"https:\/\/safari-tours-africa.com\/es\/safaris\/3-day-masai-mara-ashnil-camp-safari\/\">Safari de 3 d\u00edas al Campamento Ashnil en Masai Mara<\/a>.<\/p>\n\n\n\n<figure class=\"wp-block-image size-full\"><img loading=\"lazy\" decoding=\"async\" width=\"2000\" height=\"1338\" src=\"https:\/\/safari-tours-africa.com\/wp-content\/uploads\/masai-mara-scaled.webp\" alt=\"Masai Mara, Kenia\" class=\"wp-image-1273\"\/><figcaption class=\"wp-element-caption\">Parque Nacional de Masai Mara<\/figcaption><\/figure>\n\n\n\n<h3 class=\"wp-block-heading\">2. Parque Nacional de Hell's Gate<\/h3>\n\n\n\n<p>Enclavado en el <strong>Gran Valle del Rift<\/strong>El Parque Nacional de Hell's Gate ofrece una extraordinaria experiencia de safari, que se distingue por su espectacular actividad geot\u00e9rmica y una fauna \u00fanica. El parque es un santuario para animales como b\u00fafalos, cebras y jirafas, y su condici\u00f3n de zona libre de depredadores lo hace ideal para realizar safaris a pie o en bicicleta entre g\u00e9iseres y acantilados. Conocido por <strong>escalada y observaci\u00f3n de aves<\/strong>Con m\u00e1s de 100 especies, entre ellas la rara \u00e1guila de Verreaux, el parque tambi\u00e9n muestra la armon\u00eda de la naturaleza y la energ\u00eda renovable en la estaci\u00f3n geot\u00e9rmica de Olkaria.<\/p>\n\n\n\n<p>Visite el Parque Nacional de Hell's Gate en el <a href=\"https:\/\/safari-tours-africa.com\/es\/safaris\/7-day-best-of-kenya-safari\/\">Safari de 7 d\u00edas por lo mejor de Kenia<\/a>.<\/p>\n\n\n\n<figure class=\"wp-block-image size-large\"><img decoding=\"async\" src=\"https:\/\/safari-tours-africa.com\/wp-content\/uploads\/hells-gate-national-park-1-1024x576.webp\" alt=\"Impresionante parque nacional de Hell&#039;s gate, Kenia\" class=\"wp-image-1324\"\/><figcaption class=\"wp-element-caption\">El paisaje \u00fanico del Parque Nacional de Hell's Gate<\/figcaption><\/figure>\n\n\n\n<h3 class=\"wp-block-heading\">3. Reserva Nacional de Samburu<\/h3>\n\n\n\n<p>Samburu presenta una faceta diferente del safari keniata, con sus paisajes \u00e1ridos y una fauna \u00fanica. En <strong>R\u00edo Ewaso Ng'iro<\/strong> es la l\u00ednea vital de la zona, que atrae a una gran variedad de fauna y alberga una gran poblaci\u00f3n de <strong>Cocodrilos del Nilo<\/strong>. La reserva alberga especies poco comunes en otros lugares, como la jirafa reticulada y el avestruz somal\u00ed, lo que la convierte en un destino de safari \u00fanico para quienes buscan aventurarse fuera de los caminos trillados.<\/p>\n\n\n\n<p>Visite la Reserva Nacional de Samburu <a href=\"https:\/\/safari-tours-africa.com\/es\/safaris\/4-day-samburu-flying-package\/\">Paquete a\u00e9reo de 4 d\u00edas a Samburu<\/a>.<\/p>\n\n\n\n<figure class=\"wp-block-image size-full\"><img loading=\"lazy\" decoding=\"async\" width=\"2000\" height=\"1330\" src=\"https:\/\/safari-tours-africa.com\/wp-content\/uploads\/buffalo-in-samburu-scaled.webp\" alt=\"B\u00fafalo\" class=\"wp-image-881\"\/><figcaption class=\"wp-element-caption\">Un b\u00fafalo descansando en la Reserva Nacional de Samburu<\/figcaption><\/figure>\n\n\n\n<h3 class=\"wp-block-heading\">4. Parque Nacional del Lago Nakuru<\/h3>\n\n\n\n<p>Anta\u00f1o conocida por su <strong>poblaci\u00f3n de flamencos<\/strong> Pintando de rosa la orilla del lago, el lago Nakuru ofrece una rica biodiversidad dentro de su compacta superficie. El parque es ahora un santuario para rinocerontes, con <strong>rinocerontes blancos y negros<\/strong> prosperar aqu\u00ed. Los miradores, como el de Lion Hill, ofrecen vistas panor\u00e1micas del lago y de los millones de pel\u00edcanos y flamencos de sus orillas.<\/p>\n\n\n\n<p>Visite el Parque Nacional del Lago Nakuru <a href=\"https:\/\/safari-tours-africa.com\/es\/safaris\/7-day-tree-hotel-samburu-nakuru-masai-lodge-centy-safari\/\">Safari de 7 d\u00edas Tree Hotel Samburu-Nakuru-Masai Lodge Centy<\/a>.<\/p>\n\n\n\n<figure class=\"wp-block-image size-full\"><img loading=\"lazy\" decoding=\"async\" width=\"2000\" height=\"1328\" src=\"https:\/\/safari-tours-africa.com\/wp-content\/uploads\/rhinos-in-lake-nakuru-national-park-scaled.webp\" alt=\"rinocerontes en el parque nacional del lago nakuru, kenia\" class=\"wp-image-1272\"\/><figcaption class=\"wp-element-caption\">Dos rinocerontes a orillas del lago Nakuru<\/figcaption><\/figure>\n\n\n\n<h3 class=\"wp-block-heading\">5. Parque Nacional de Amboseli<\/h3>\n\n\n\n<p>Amboseli ofrece algo m\u00e1s que un majestuoso tel\u00f3n de fondo <strong>Kilimanjaro<\/strong>. Es un escenario donde se pueden ver grandes manadas de elefantes deambulando con el pico m\u00e1s alto de \u00c1frica como tel\u00f3n de fondo. El parque es relativamente <strong>peque\u00f1o tama\u00f1o y llanuras abiertas<\/strong> facilitan el avistamiento de animales salvajes, ofreciendo encuentros \u00edntimos con animales como leones, guepardos e innumerables especies de aves. La colina de observaci\u00f3n ofrece vistas panor\u00e1micas del parque, especialmente al atardecer, creando un para\u00edso para los fot\u00f3grafos.<\/p>\n\n\n\n<figure class=\"wp-block-image size-large\"><img decoding=\"async\" src=\"https:\/\/safari-tours-africa.com\/wp-content\/uploads\/mount-kilimanjaro-with-an-elephant-walking-across-the-foreground-1024x576.webp\" alt=\"Monte Kilimanjaro con un elefante caminando en primer plano. Parque nacional Amboseli, Kenia.\" class=\"wp-image-1325\"\/><figcaption class=\"wp-element-caption\">Un elefante solitario camina frente al monte Kilimanjaro en el Parque Nacional de Amboseli<\/figcaption><\/figure>\n\n\n\n<h3 class=\"wp-block-heading\">6. Parques Nacionales de Tsavo Este y Oeste<\/h3>\n\n\n\n<p>Juntos, estos parques forman <strong>una de las mayores zonas protegidas del planeta<\/strong>. Tsavo es una zona salvaje e ind\u00f3mita de naturaleza virgen. Tsavo Este es conocido por sus enormes manadas de elefantes rojos como el polvo, mientras que Tsavo Oeste ofrece un paisaje m\u00e1s diverso, con manantiales, avistamiento submarino de hipop\u00f3tamos en Mzima Springs y los flujos de lava de Shetani.<\/p>\n\n\n\n<figure class=\"wp-block-image size-large\"><img loading=\"lazy\" decoding=\"async\" width=\"1024\" height=\"683\" src=\"https:\/\/safari-tours-africa.com\/wp-content\/uploads\/zebras-in-tsavo-east-national-park-in-kenya-1024x683.webp\" alt=\"Cebras en el parque nacional tsavo east en kenia\" class=\"wp-image-1326\" srcset=\"https:\/\/safari-tours-africa.com\/wp-content\/uploads\/zebras-in-tsavo-east-national-park-in-kenya-1024x683.webp 1024w, https:\/\/safari-tours-africa.com\/wp-content\/uploads\/zebras-in-tsavo-east-national-park-in-kenya-300x200.webp 300w, https:\/\/safari-tours-africa.com\/wp-content\/uploads\/zebras-in-tsavo-east-national-park-in-kenya-768x512.webp 768w, https:\/\/safari-tours-africa.com\/wp-content\/uploads\/zebras-in-tsavo-east-national-park-in-kenya-1536x1024.webp 1536w, https:\/\/safari-tours-africa.com\/wp-content\/uploads\/zebras-in-tsavo-east-national-park-in-kenya-2048x1365.webp 2048w, https:\/\/safari-tours-africa.com\/wp-content\/uploads\/zebras-in-tsavo-east-national-park-in-kenya-18x12.webp 18w\" sizes=\"auto, (max-width: 1024px) 100vw, 1024px\" \/><figcaption class=\"wp-element-caption\">Tsamo es una zona salvaje ind\u00f3mita<\/figcaption><\/figure>\n\n\n\n<h2 class=\"wp-block-heading\">\u00bfCu\u00e1l es la mejor \u00e9poca para visitar Kenia?<\/h2>\n\n\n\n<p>El momento de su visita puede influir significativamente en su experiencia de safari. En <strong>meses secos de junio a octubre <\/strong>ofrecen los mejores avistamientos, ya que los animales se congregan en torno a las fuentes de agua. Este periodo coincide tambi\u00e9n con la Gran Migraci\u00f3n en el Mas\u00e1i Mara, un espect\u00e1culo que atrae a entusiastas de la naturaleza de todo el mundo.<\/p>\n\n\n\n<p>Sin embargo, para <strong>observadores de aves<\/strong> y los interesados en paisajes exuberantes y pintorescos, las estaciones h\u00famedas (noviembre-diciembre y marzo-mayo) ofrecen una experiencia de safari \u00fanica, con animales reci\u00e9n nacidos y aves migratorias llenando los cielos.<\/p>\n\n\n\n<figure class=\"wp-block-image size-full\"><img loading=\"lazy\" decoding=\"async\" width=\"2000\" height=\"1333\" src=\"https:\/\/safari-tours-africa.com\/wp-content\/uploads\/roller-bird-on-a-safari-in-kenya.webp\" alt=\"Rulo de pecho lila, Masai Mara, Kenia\" class=\"wp-image-866\"\/><figcaption class=\"wp-element-caption\">La mejor \u00e9poca para visitar Kenia depende del tipo de animales que quieras ver<\/figcaption><\/figure>\n\n\n\n<h2 class=\"wp-block-heading\">\u00bfEs segura Kenia?<\/h2>\n\n\n\n<p>Aunque Kenia es un destino relativamente seguro para los turistas, es importante tomar las precauciones de viaje habituales. Mant\u00e9ngase informado sobre las \u00faltimas advertencias de viaje de su gobierno. En los destinos de safari, las medidas de seguridad son primordiales, con <strong>gu\u00edas experimentados y estrictas normas del parque<\/strong> para garantizar una experiencia segura. En las ciudades, es aconsejable evitar las zonas no tur\u00edsticas por la noche, mantener los objetos de valor a buen recaudo y permanecer alerta, como en cualquier gran ciudad del mundo.<\/p>\n\n\n\n<figure class=\"wp-block-image size-large\"><img decoding=\"async\" src=\"https:\/\/safari-tours-africa.com\/wp-content\/uploads\/street-market-in-nairobi-streets-1024x683.webp\" alt=\"Mercado callejero en las calles de Nairobi desde lo alto del Centro Internacional de Convenciones Kenyatta.\" class=\"wp-image-1327\"\/><figcaption class=\"wp-element-caption\">Con las precauciones habituales, Kenia es tan segura como cualquier otro pa\u00eds del Tercer Mundo.<\/figcaption><\/figure>\n\n\n\n<h2 class=\"wp-block-heading\">\u00bfNecesito visado para entrar en Kenia?<\/h2>\n\n\n\n<p>Planificar la entrada en Kenia es crucial para una experiencia sin contratiempos. La mayor\u00eda de los viajeros llegar\u00e1n a trav\u00e9s de <strong>Aeropuerto Internacional Jomo Kenyatta<\/strong> en Nairobi. Se requieren visados para la mayor\u00eda de las nacionalidades y pueden obtenerse en l\u00ednea a trav\u00e9s del <strong>Sistema eVisa<\/strong>. El proceso es sencillo, pero es aconsejable solicitarlo con bastante antelaci\u00f3n a las fechas del viaje. Aseg\u00farese de que su pasaporte tiene al menos seis meses de validez, y compruebe si su pa\u00eds forma parte del programa de visados tur\u00edsticos para \u00c1frica Oriental, que ofrece acceso a varios pa\u00edses, una opci\u00f3n conveniente para quienes exploran toda la regi\u00f3n.<\/p>\n\n\n\n<figure class=\"wp-block-image size-full\"><img loading=\"lazy\" decoding=\"async\" width=\"2000\" height=\"1333\" src=\"https:\/\/safari-tours-africa.com\/wp-content\/uploads\/usa-visa-in-a-passport-background-scaled.webp\" alt=\"Visado de EE.UU. en un fondo de pasaporte\" class=\"wp-image-1296\"\/><figcaption class=\"wp-element-caption\">Compruebe los requisitos de visado de su pa\u00eds antes de viajar<\/figcaption><\/figure>\n\n\n\n<h2 class=\"wp-block-heading\">\u00bfC\u00f3mo es el transporte local en Kenia?<\/h2>\n\n\n\n<p>Desplazarse por Kenia forma parte de la aventura. <strong>Vuelos nacionales<\/strong> conectan las principales ciudades y destinos de safari, ofreciendo una forma r\u00e1pida y panor\u00e1mica de recorrer grandes distancias. Para los interesados en experiencias locales, el <strong>minibuses matatu<\/strong> ofrecen un medio de transporte colorido y vibrante, aunque puede que no respeten unos horarios estrictos. Los traslados privados y los taxis ofrecen una forma m\u00e1s c\u00f3moda y segura de desplazarse, sobre todo en las zonas urbanas. Si se desea un ritmo m\u00e1s pausado y panor\u00e1mico, se puede optar por el servicio de tren entre Nairobi y Mombasa, que ofrece vistas de la campi\u00f1a y una muestra de la vida local.<\/p>\n\n\n\n<figure class=\"wp-block-image size-large\"><img decoding=\"async\" src=\"https:\/\/safari-tours-africa.com\/wp-content\/uploads\/tuk-tuk-in-kenya-1024x640.webp\" alt=\"Vista desde el asiento del pasajero cuando conduce un tuk tuk (auto rickshaw de tres ruedas) con otro que viene en direcci\u00f3n opuesta por el otro lado de la carretera. Malindi, Kenia\" class=\"wp-image-1328\"\/><figcaption class=\"wp-element-caption\">Vista desde un tuk tuk en Kenia<\/figcaption><\/figure>\n\n\n\n<h2 class=\"wp-block-heading\">\u00bfCu\u00e1les son las opciones de alojamiento en Kenia?<\/h2>\n\n\n\n<p>Las opciones de alojamiento en Kenia se adaptan a <strong>todos los gustos y presupuestos<\/strong>. En ciudades como Nairobi y Mombasa, encontrar\u00e1 una amplia gama de hoteles, desde marcas internacionales de lujo hasta establecimientos boutique locales. Los lodges y campamentos de safari en los parques nacionales ofrecen una experiencia de inmersi\u00f3n en la vida salvaje, con opciones que van desde lujosos campamentos con tiendas de campa\u00f1a hasta r\u00fasticos lodges. Para los amantes de la playa, la costa keniana ofrece resorts y casas de hu\u00e9spedes con impresionantes vistas al oc\u00e9ano y acceso a playas v\u00edrgenes como Diani Beach. Los alojamientos ecol\u00f3gicos son una gran opci\u00f3n para quienes buscan opciones sostenibles y comprometidas con la comunidad.<\/p>\n\n\n\n<figure class=\"wp-block-image size-large\"><img decoding=\"async\" src=\"https:\/\/safari-tours-africa.com\/wp-content\/uploads\/kenya-lodge-for-tourist-surrounded-by-the-jungle-1024x638.webp\" alt=\"Kenya Lodge para turistas rodeado de selva\" class=\"wp-image-1329\"\/><figcaption class=\"wp-element-caption\">En todos los parques de Kenia hay alojamientos de distinto nivel de vida<\/figcaption><\/figure>\n\n\n\n<h2 class=\"wp-block-heading\">\u00bfQu\u00e9 m\u00e1s puedo hacer en Kenia adem\u00e1s de ver animales salvajes?<\/h2>\n\n\n\n<p>Kenia es una tierra de diversidad, no s\u00f3lo en vida salvaje, sino tambi\u00e9n en experiencias culturales y de aventura. Adem\u00e1s de los safaris tradicionales, los visitantes pueden <strong>Comunidades masai y samburu<\/strong>El paisaje es espectacular, sobre todo en los lagos del Valle del Rift. La observaci\u00f3n de aves es espectacular, sobre todo en los lagos del Valle del Rift. Para los aventureros, <strong>safaris en globo<\/strong> ofrecen una perspectiva \u00fanica del Maasai Mara, y los deportes acu\u00e1ticos a lo largo de la costa satisfacen a los entusiastas de la playa. Los centros de conservaci\u00f3n y los santuarios ofrecen informaci\u00f3n sobre los esfuerzos de protecci\u00f3n de la vida salvaje, convirtiendo su viaje en unas vacaciones y una experiencia de aprendizaje.<\/p>\n\n\n\n<figure class=\"wp-block-image size-large is-resized\"><img loading=\"lazy\" decoding=\"async\" width=\"1024\" height=\"683\" src=\"https:\/\/safari-tours-africa.com\/wp-content\/uploads\/maasai-mara-man-showing-traditional-maasai-jumping-dance-1024x683.webp\" alt=\"Hombre Maasai Mara mostrando la danza de salto tradicional Maasai\" class=\"wp-image-1330\" style=\"width:1024px;height:auto\" srcset=\"https:\/\/safari-tours-africa.com\/wp-content\/uploads\/maasai-mara-man-showing-traditional-maasai-jumping-dance-1024x683.webp 1024w, https:\/\/safari-tours-africa.com\/wp-content\/uploads\/maasai-mara-man-showing-traditional-maasai-jumping-dance-300x200.webp 300w, https:\/\/safari-tours-africa.com\/wp-content\/uploads\/maasai-mara-man-showing-traditional-maasai-jumping-dance-768x512.webp 768w, https:\/\/safari-tours-africa.com\/wp-content\/uploads\/maasai-mara-man-showing-traditional-maasai-jumping-dance-1536x1024.webp 1536w, https:\/\/safari-tours-africa.com\/wp-content\/uploads\/maasai-mara-man-showing-traditional-maasai-jumping-dance-2048x1365.webp 2048w, https:\/\/safari-tours-africa.com\/wp-content\/uploads\/maasai-mara-man-showing-traditional-maasai-jumping-dance-18x12.webp 18w\" sizes=\"auto, (max-width: 1024px) 100vw, 1024px\" \/><figcaption class=\"wp-element-caption\">La comunidad local del pueblo ind\u00edgena masai<\/figcaption><\/figure>\n\n\n\n<h2 class=\"wp-block-heading\">\u00bfQu\u00e9 tal la comida?<\/h2>\n\n\n\n<p>La cocina keniana es un reflejo de su diversidad cultural. <strong>Platos tradicionales<\/strong> como ugali, nyama choma y kachumbari ofrecen una muestra de los sabores locales. <strong>Influencias indias y costeras<\/strong> introducen una variedad de platos de marisco, curry y chapatis, que enriquecen el paisaje culinario. Las plantaciones de t\u00e9 de las tierras altas producen <strong>algunos de los mejores t\u00e9s del mundo<\/strong>un acompa\u00f1amiento perfecto para una comida keniata. Los puestos de comida callejera y los restaurantes locales ofrecen una experiencia gastron\u00f3mica aut\u00e9ntica y asequible, que permite a los visitantes explorar la diversidad culinaria del pa\u00eds.<\/p>\n\n\n\n<figure class=\"wp-block-image size-large\"><img decoding=\"async\" src=\"https:\/\/safari-tours-africa.com\/wp-content\/uploads\/kenyan-nyama-choma-1024x610.webp\" alt=\"Kenia Nyama Choma\" class=\"wp-image-1331\"\/><figcaption class=\"wp-element-caption\">La especialidad keniana - nyama choma<\/figcaption><\/figure>\n\n\n\n<h2 class=\"wp-block-heading\">\u00bfCu\u00e1les son algunos consejos de etiqueta para cuando se est\u00e1 en Kenia?<\/h2>\n\n\n\n<p>Comprender las costumbres y la etiqueta locales puede mejorar mucho su experiencia de viaje. <strong>Se agradece la propina<\/strong> pero no obligatorio, con las cantidades habituales para gu\u00edas, conductores y personal de servicio. Es importante una interacci\u00f3n respetuosa, que incluya saludos y pedir permiso antes de tomar fotograf\u00edas. Vestir de forma conservadora, sobre todo al visitar zonas rurales o lugares religiosos. Aprender a <strong>algunas frases b\u00e1sicas en swahili <\/strong>puede enriquecer sus interacciones con los lugare\u00f1os y mostrar respeto por la cultura local.<\/p>\n\n\n\n<figure class=\"wp-block-image size-large\"><img decoding=\"async\" src=\"https:\/\/safari-tours-africa.com\/wp-content\/uploads\/masai-kudu-horn-blowing-1024x679.webp\" alt=\"Masai Kudu Horn Blowing - Kenia\" class=\"wp-image-1332\"\/><figcaption class=\"wp-element-caption\">Respetar las costumbres locales<\/figcaption><\/figure>\n\n\n\n<h2 class=\"wp-block-heading\">\u00bfPor qu\u00e9 elegir Safari Tours Africa para viajar a Kenia?<\/h2>\n\n\n\n<p>Elegir Safari Tours Africa significa optar por una experiencia adaptada a sus preferencias, garantizando un viaje fluido y aut\u00e9ntico a trav\u00e9s de los paisajes y la vida salvaje de Kenia. Gracias a su colaboraci\u00f3n con los mejores operadores locales y a su compromiso con el servicio personalizado, Safari Tours Africa le promete una aventura inolvidable, conect\u00e1ndole con el coraz\u00f3n de este pa\u00eds vibrante y diverso en nuestro <a href=\"https:\/\/safari-tours-africa.com\/es\/kenia\/\">Safaris por Kenia<\/a>.<\/p>","protected":false},"excerpt":{"rendered":"<p>Kenia, situada en el coraz\u00f3n de \u00c1frica Oriental, es un pa\u00eds donde la belleza natural se une a la aventura. Es un destino conocido por su diversidad de fauna y paisajes, desde los lagos de flamencos del Gran Valle del Rift hasta el Maasai Mara, rico en vida salvaje. Es un pa\u00eds donde la cultura tradicional se entreteje con el tejido moderno de la vida, desde ... <a href=\"https:\/\/safari-tours-africa.com\/es\/kenya-a-safari-destination\/\">Contin\u00faa en<\/a><\/p>","protected":false},"author":41,"featured_media":896,"parent":0,"menu_order":0,"comment_status":"closed","ping_status":"closed","template":"","meta":{"_acf_changed":false,"footnotes":""},"class_list":["post-1172","page","type-page","status-publish","has-post-thumbnail","hentry"],"acf":{"page_subheading":"Uncover a comprehensive overview of Kenya's top safari destinations, wildlife highlights, and practical advice for a seamless travel experience."},"_links":{"self":[{"href":"https:\/\/safari-tours-africa.com\/es\/wp-json\/wp\/v2\/pages\/1172","targetHints":{"allow":["GET"]}}],"collection":[{"href":"https:\/\/safari-tours-africa.com\/es\/wp-json\/wp\/v2\/pages"}],"about":[{"href":"https:\/\/safari-tours-africa.com\/es\/wp-json\/wp\/v2\/types\/page"}],"author":[{"embeddable":true,"href":"https:\/\/safari-tours-africa.com\/es\/wp-json\/wp\/v2\/users\/41"}],"replies":[{"embeddable":true,"href":"https:\/\/safari-tours-africa.com\/es\/wp-json\/wp\/v2\/comments?post=1172"}],"version-history":[{"count":5,"href":"https:\/\/safari-tours-africa.com\/es\/wp-json\/wp\/v2\/pages\/1172\/revisions"}],"predecessor-version":[{"id":1336,"href":"https:\/\/safari-tours-africa.com\/es\/wp-json\/wp\/v2\/pages\/1172\/revisions\/1336"}],"wp:featuredmedia":[{"embeddable":true,"href":"https:\/\/safari-tours-africa.com\/es\/wp-json\/wp\/v2\/media\/896"}],"wp:attachment":[{"href":"https:\/\/safari-tours-africa.com\/es\/wp-json\/wp\/v2\/media?parent=1172"}],"curies":[{"name":"wp","href":"https:\/\/api.w.org\/{rel}","templated":true}]}}