{"id":1176,"date":"2024-01-22T15:46:04","date_gmt":"2024-01-22T15:46:04","guid":{"rendered":"https:\/\/safari-tours-africa.com\/?page_id=1176"},"modified":"2024-01-23T17:08:09","modified_gmt":"2024-01-23T17:08:09","slug":"uganda-destino-de-safaris","status":"publish","type":"page","link":"https:\/\/safari-tours-africa.com\/es\/uganda-a-safari-destination\/","title":{"rendered":"Uganda: Un destino de safari"},"content":{"rendered":"<p>Uganda es un pa\u00eds que encarna la esencia del continente africano. Es una tierra donde el <strong>sabanas ba\u00f1adas por el sol y selvas exuberantes<\/strong>y donde el caudaloso r\u00edo Nilo da vida a un ecosistema incre\u00edblemente diverso. El rico tapiz paisaj\u00edstico de Uganda abarca desde cordilleras nevadas hasta extensos lagos y densas selvas.<\/p>\n\n\n\n<p>Su diversidad cultural, con m\u00e1s de 56 tribus, cada una con sus costumbres, lengua y tradiciones \u00fanicas, ofrece una <strong>rico mosaico de experiencias culturales<\/strong>. Desde la adrenal\u00ednica aventura de descender las aguas bravas del Nilo hasta la tranquilidad de contemplar una puesta de sol en la sabana, Uganda promete un viaje de descubrimientos y maravillas a cada paso.<\/p>\n\n\n\n<figure class=\"wp-block-image size-full\"><img loading=\"lazy\" decoding=\"async\" width=\"2000\" height=\"1333\" src=\"https:\/\/safari-tours-africa.com\/wp-content\/uploads\/adult-female-gorilla-with-baby-scaled.webp\" alt=\"Gorila hembra adulta con su cr\u00eda, Gorilla beringei beringei, en el exuberante follaje del bosque impenetrable de Bwindi, Uganda. Miembros del grupo habituado a la familia Muyambi del programa de conservaci\u00f3n.\" class=\"wp-image-1234\"\/><figcaption class=\"wp-element-caption\">Uganda es conocida sobre todo por los trekkings con gorilas<\/figcaption><\/figure>\n\n\n\n<h2 class=\"wp-block-heading\">\u00bfQu\u00e9 lugares de Uganda deber\u00eda visitar en un safari?<\/h2>\n\n\n\n<h3 class=\"wp-block-heading\">1. Bosque Impenetrable de Bwindi<\/h3>\n\n\n\n<p>A <strong>Patrimonio mundial de la UNESCO<\/strong>Bwindi no s\u00f3lo alberga algo menos de <strong>la mitad de los gorilas de monta\u00f1a del mundo <\/strong>pero tambi\u00e9n sirve de refugio a elefantes, chimpanc\u00e9s y diversas especies de aves. La experiencia de caminar por este antiguo bosque cubierto de niebla para pasar un rato con estos gentiles gigantes es m\u00e1gica. La biodiversidad de la selva va m\u00e1s all\u00e1 de sus habitantes m\u00e1s famosos, con m\u00e1s de 120 especies de mam\u00edferos y m\u00e1s de 350 especies de aves, lo que la convierte en una zona de conservaci\u00f3n cr\u00edtica.<\/p>\n\n\n\n<p>Visite el Bosque Impenetrable de Bwindi en el <a href=\"https:\/\/safari-tours-africa.com\/es\/safaris\/3-day-uganda-gorilla-habituation-experience\/\">Experiencia de 3 d\u00edas habituando gorilas en Uganda<\/a>.<\/p>\n\n\n\n<figure class=\"wp-block-image size-full\"><img loading=\"lazy\" decoding=\"async\" width=\"2000\" height=\"1203\" src=\"https:\/\/safari-tours-africa.com\/wp-content\/uploads\/landscape-in-southwestern-uganda-at-the-bwindi-impenetrable-forest-national-park-scaled.webp\" alt=\"Paisaje en el suroeste de Uganda, en el Parque Nacional del Bosque Impenetrable de Bwindi, en las fronteras de Uganda, Congo y Ruanda. El Parque Nacional de Bwindi es el hogar de los gorilas de monta\u00f1a.\" class=\"wp-image-1236\"\/><figcaption class=\"wp-element-caption\">El Bosque Impenetrable de Bwindi ofrece refugio a una gran colonia de gorilas de monta\u00f1a<\/figcaption><\/figure>\n\n\n\n<h3 class=\"wp-block-heading\">2. Parque Nacional Queen Elizabeth<\/h3>\n\n\n\n<p>Los diversos ecosistemas de este parque lo convierten en un microcosmos de la experiencia de safari en Uganda. Sus sabanas, humedales y bosques rebosan de vida salvaje. El singular <strong>leones trepadores de \u00e1rboles de Ishasha<\/strong>las grandes manadas de b\u00fafalos y elefantes, y los famosos paseos en barco por el <strong>Canal Kazinga<\/strong> ofrecen una muestra espectacular de la biodiversidad del parque. La ubicaci\u00f3n del parque tambi\u00e9n ofrece unas vistas impresionantes de las monta\u00f1as Rwenzori y los lagos de cr\u00e1ter de la regi\u00f3n.<\/p>\n\n\n\n<p>Visite el Parque Nacional Queen Elizabeth <a href=\"https:\/\/safari-tours-africa.com\/es\/safaris\/12-day-uganda-safari\/\">Safari de 12 d\u00edas por Uganda<\/a>.<\/p>\n\n\n\n<figure class=\"wp-block-image size-full\"><img loading=\"lazy\" decoding=\"async\" width=\"2000\" height=\"1331\" src=\"https:\/\/safari-tours-africa.com\/wp-content\/uploads\/elephant-in-queen-elizabeth-national-park.webp\" alt=\"Elefante en el Parque Nacional Queen Elizabeth, Uganda, \u00c1frica Oriental\" class=\"wp-image-1228\"\/><figcaption class=\"wp-element-caption\">Un elefante en el Parque Nacional Queen Elizabeth<\/figcaption><\/figure>\n\n\n\n<h3 class=\"wp-block-heading\">3. Parque Nacional de Kibale<\/h3>\n\n\n\n<p>Este parque es uno de los mejores lugares de \u00c1frica para rastrear <strong>chimpanc\u00e9s<\/strong>. Los 795 kil\u00f3metros cuadrados de selva tropical, praderas y pantanos del parque no s\u00f3lo sirven de h\u00e1bitat a los chimpanc\u00e9s, sino tambi\u00e9n a otras 13 especies de primates. <strong>uno de los parques de primates m\u00e1s diversos y poblados del mundo<\/strong>. La observaci\u00f3n de aves en Kibale tambi\u00e9n es excepcional, con unas 375 especies registradas.<\/p>\n\n\n\n<p>Visite el Parque Nacional de Kibale <a href=\"https:\/\/safari-tours-africa.com\/es\/safaris\/15-day-uganda-rwanda-combined-safari\/\">Safari combinado de 15 d\u00edas por Uganda y Ruanda<\/a>.<\/p>\n\n\n\n<figure class=\"wp-block-image size-full\"><img loading=\"lazy\" decoding=\"async\" width=\"2000\" height=\"1333\" src=\"https:\/\/safari-tours-africa.com\/wp-content\/uploads\/two-chimps-sitting-on-the-ground-in-kibale-forest-scaled.webp\" alt=\"Dos chimpanc\u00e9s sentados en el suelo en el bosque de Kibale\" class=\"wp-image-1223\"\/><figcaption class=\"wp-element-caption\">Chimpanc\u00e9s disfrutando de su mutua compa\u00f1\u00eda en el Parque Nacional de Kibale<\/figcaption><\/figure>\n\n\n\n<h3 class=\"wp-block-heading\">4. Parque Nacional de las cataratas Murchison<\/h3>\n\n\n\n<p>Debe su nombre a las dram\u00e1ticas cataratas Murchison, donde el<strong> R\u00edo Nilo <\/strong>se abre paso a trav\u00e9s de un estrecho desfiladero antes de precipitarse 43 metros, el parque es <strong>La mayor y m\u00e1s antigua zona protegida de Uganda<\/strong>. Los vastos paisajes del parque albergan <strong>76 especies de mam\u00edferos<\/strong>Entre ellos, jirafas, b\u00fafalos, leones y leopardos. El propio Nilo ofrece una de las mejores experiencias de pesca del mundo, sobre todo de perca del Nilo.<\/p>\n\n\n\n<p>Visite el Parque Nacional de las cataratas Murchison en el <a href=\"https:\/\/safari-tours-africa.com\/es\/safaris\/12-day-uganda-safari\/\">Safari de 12 d\u00edas por Uganda<\/a>.<\/p>\n\n\n\n<figure class=\"wp-block-image size-full\"><img loading=\"lazy\" decoding=\"async\" width=\"2000\" height=\"1325\" src=\"https:\/\/safari-tours-africa.com\/wp-content\/uploads\/boat-near-murchison-falls-scaled.webp\" alt=\"Boot auf dem Nil vor den Murchison Falls Wasserf\u00e4llen\" class=\"wp-image-1265\"\/><figcaption class=\"wp-element-caption\">Excursi\u00f3n en barco por las impresionantes cataratas Murchison<\/figcaption><\/figure>\n\n\n\n<h3 class=\"wp-block-heading\">5. Parque Nacional del Lago Mburo<\/h3>\n\n\n\n<p>Este parque ofrece una experiencia de safari serena, <strong>lejos de las grandes multitudes<\/strong> que se encuentran en otros parques. Es el lugar perfecto para ver cebras, eland e impalas, as\u00ed como una incre\u00edble variedad de aves. Los variados h\u00e1bitats del parque, con laderas secas, afloramientos rocosos, arbustos, matorrales, sabanas abiertas y arboladas, bosques, lagos y pantanos, lo convierten en un lugar ideal para el avistamiento de aves. <strong>ubicaci\u00f3n privilegiada para safaris a pie<\/strong>.<\/p>\n\n\n\n<p>Visite el Parque Nacional del Lago Mburo <a href=\"https:\/\/safari-tours-africa.com\/es\/safaris\/15-day-uganda-rwanda-combined-safari\/\">Safari combinado de 15 d\u00edas por Uganda y Ruanda<\/a>.<\/p>\n\n\n\n<figure class=\"wp-block-image size-full\"><img loading=\"lazy\" decoding=\"async\" width=\"2000\" height=\"1325\" src=\"https:\/\/safari-tours-africa.com\/wp-content\/uploads\/group-of-zebras-in-lake-mburo-national-park-in-uganda-scaled.webp\" alt=\"Grupo de cebras en el parque nacional del lago Mburo en Uganda\" class=\"wp-image-1248\"\/><figcaption class=\"wp-element-caption\">Cebras junto a las aguas del lago Mburo<\/figcaption><\/figure>\n\n\n\n<h2 class=\"wp-block-heading\">\u00bfCu\u00e1l es la mejor \u00e9poca para visitar Uganda?<\/h2>\n\n\n\n<p>La mejor \u00e9poca para realizar safaris en Uganda es durante la estaci\u00f3n seca. <strong>de junio a agosto y de diciembre a febrero<\/strong>. El avistamiento de animales suele ser mejor en esta \u00e9poca porque la vegetaci\u00f3n es menos densa y los animales se re\u00fanen en torno a las fuentes de agua. Sin embargo, los paisajes verdes y exuberantes de Uganda son m\u00e1s hermosos durante las estaciones h\u00famedas, y tambi\u00e9n es la mejor \u00e9poca para observar aves, ya que est\u00e1n presentes las migratorias.<\/p>\n\n\n\n<figure class=\"wp-block-image size-full\"><img loading=\"lazy\" decoding=\"async\" width=\"2000\" height=\"1073\" src=\"https:\/\/safari-tours-africa.com\/wp-content\/uploads\/nile-river-in-uganda-scaled.webp\" alt=\"R\u00edo Nilo, Uganda\" class=\"wp-image-1255\"\/><figcaption class=\"wp-element-caption\">La \u00e9poca \u00f3ptima para ver fauna salvaje en Uganda es durante las estaciones secas<\/figcaption><\/figure>\n\n\n\n<h2 class=\"wp-block-heading\">\u00bfEs segura Uganda?<\/h2>\n\n\n\n<p>Aunque Uganda suele ser un destino seguro para los turistas, es crucial tomar precauciones generales de seguridad, sobre todo en las grandes ciudades. Pueden producirse peque\u00f1os robos, por lo que es aconsejable <strong>mantener seguros los objetos de valor <\/strong>y sea consciente de lo que le rodea. Cuando vayas de safari, escucha siempre las instrucciones de tu gu\u00eda, que est\u00e1 formado para garantizar tu seguridad en torno a la fauna salvaje.<\/p>\n\n\n\n<figure class=\"wp-block-image size-large\"><img decoding=\"async\" src=\"https:\/\/safari-tours-africa.com\/wp-content\/uploads\/aerial-view-of-kampala-city-seen-from-gaddaffi-mosque-1024x683.webp\" alt=\"Vista a\u00e9rea de la ciudad de Kampala vista desde la mezquita Gaddaffi, Uganda\" class=\"wp-image-1315\"\/><figcaption class=\"wp-element-caption\">Siga las precauciones de seguridad habituales en las grandes ciudades para evitar peque\u00f1os hurtos<\/figcaption><\/figure>\n\n\n\n<h2 class=\"wp-block-heading\">\u00bfNecesito visado para entrar en Uganda?<\/h2>\n\n\n\n<p>La mayor\u00eda de los visitantes de Uganda llegar\u00e1n por el aeropuerto internacional de Entebbe. Varias nacionalidades pueden solicitar un <strong>visado electr\u00f3nico u obtener un visado a la llegada<\/strong>. Se recomienda comprobar los \u00faltimos requisitos de visado con fuentes oficiales antes de viajar. Aseg\u00farate de que tu pasaporte es v\u00e1lido al menos seis meses despu\u00e9s de la fecha prevista de salida de Uganda.<\/p>\n\n\n\n<figure class=\"wp-block-image size-full\"><img loading=\"lazy\" decoding=\"async\" width=\"2000\" height=\"1333\" src=\"https:\/\/safari-tours-africa.com\/wp-content\/uploads\/usa-visa-in-a-passport-background-scaled.webp\" alt=\"Visado de EE.UU. en un fondo de pasaporte\" class=\"wp-image-1296\"\/><figcaption class=\"wp-element-caption\">Compruebe los requisitos de visado de su pa\u00eds antes de viajar<\/figcaption><\/figure>\n\n\n\n<h2 class=\"wp-block-heading\">\u00bfC\u00f3mo es el transporte local en Uganda?<\/h2>\n\n\n\n<p>El transporte dentro de Uganda var\u00eda desde caminar y montar en bicicleta en las zonas m\u00e1s remotas hasta utilizar <strong>matatus<\/strong> (minibuses compartidos) y <strong>boda-bodas<\/strong> (mototaxis) en las zonas urbanas. Para distancias m\u00e1s largas y viajes a parques nacionales, los veh\u00edculos privados o las excursiones organizadas son las opciones m\u00e1s c\u00f3modas y seguras.<\/p>\n\n\n\n<figure class=\"wp-block-image size-large\"><img decoding=\"async\" src=\"https:\/\/safari-tours-africa.com\/wp-content\/uploads\/public-transportation-in-uganda-683x1024.webp\" alt=\"Transporte p\u00fablico en Uganda\" class=\"wp-image-1316\"\/><figcaption class=\"wp-element-caption\">Transporte local en Uganda<\/figcaption><\/figure>\n\n\n\n<h2 class=\"wp-block-heading\">\u00bfCu\u00e1les son las opciones de alojamiento en Uganda?<\/h2>\n\n\n\n<p>Las opciones de alojamiento en Uganda van desde lujosos lodges y campamentos de tiendas en el coraz\u00f3n de los parques nacionales hasta albergues para mochileros y pensiones en las ciudades. Muchos lodges y campamentos ofrecen vistas impresionantes, un servicio excelente y f\u00e1cil acceso a las actividades de safari. Tambi\u00e9n hay albergues ecol\u00f3gicos y alojamientos comunitarios para quienes busquen una experiencia m\u00e1s sostenible y envolvente.<\/p>\n\n\n\n<figure class=\"wp-block-image size-large\"><img decoding=\"async\" src=\"https:\/\/safari-tours-africa.com\/wp-content\/uploads\/luxury-lodge-in-murchison-falls-national-park-1024x683.webp\" alt=\"Cuarto de ba\u00f1o en un lodge de lujo, cataratas Murchison, Uganda.\" class=\"wp-image-1317\"\/><figcaption class=\"wp-element-caption\">Alojamiento de lujo en el Parque Nacional de las cataratas Murchison<\/figcaption><\/figure>\n\n\n\n<h2 class=\"wp-block-heading\">\u00bfQu\u00e9 m\u00e1s puedo hacer en Uganda adem\u00e1s de ver animales salvajes?<\/h2>\n\n\n\n<p>La diversidad paisaj\u00edstica de Uganda ofrece un abanico de actividades que van m\u00e1s all\u00e1 de los tradicionales safaris. <strong>Senderismo con gorilas y chimpanc\u00e9s<\/strong> se cuentan entre las experiencias m\u00e1s singulares y codiciadas. Los lagos y r\u00edos del pa\u00eds son ideales para <strong>pesca, navegaci\u00f3n y rafting en aguas bravas<\/strong>. Las visitas culturales permiten conocer las tradiciones locales y los estilos de vida de los numerosos grupos \u00e9tnicos de Uganda.<\/p>\n\n\n\n<figure class=\"wp-block-image size-full\"><img loading=\"lazy\" decoding=\"async\" width=\"2000\" height=\"1333\" src=\"https:\/\/safari-tours-africa.com\/wp-content\/uploads\/extreme-whitewater-rafting-in-jinja-scaled.webp\" alt=\"Descenso extremo de r\u00e1pidos en Jinja (Uganda)\" class=\"wp-image-1210\"\/><figcaption class=\"wp-element-caption\">Descenso de r\u00e1pidos en el r\u00edo Nilo<\/figcaption><\/figure>\n\n\n\n<h2 class=\"wp-block-heading\">\u00bfQu\u00e9 tal la comida?<\/h2>\n\n\n\n<p>La cocina ugandesa es tan <strong>diverso<\/strong> como su cultura. Platos b\u00e1sicos como el matoke (pl\u00e1tano verde cocido y machacado), el posho (gachas de ma\u00edz) y el luwombo (guiso cocido al vapor en hojas de pl\u00e1tano) se sirven habitualmente junto a platos de carne y verduras. La comida callejera, como el Rolex (una chapati rellena de huevos y verduras), ofrece una opci\u00f3n r\u00e1pida y sabrosa para comer sobre la marcha.<\/p>\n\n\n\n<figure class=\"wp-block-image size-large\"><img decoding=\"async\" src=\"https:\/\/safari-tours-africa.com\/wp-content\/uploads\/ugandan-cuisine-1024x447.webp\" alt=\"Cocina ugandesa en un buf\u00e9\" class=\"wp-image-1318\"\/><figcaption class=\"wp-element-caption\">Cocina ugandesa<\/figcaption><\/figure>\n\n\n\n<h2 class=\"wp-block-heading\">\u00bfCu\u00e1les son algunos consejos de etiqueta para cuando se est\u00e1 en Uganda?<\/h2>\n\n\n\n<p><strong>Se agradece la propina<\/strong> en Uganda, sobre todo por el buen servicio en los sectores del turismo y la hosteler\u00eda. Es importante respetar las costumbres y tradiciones locales, sobre todo al visitar comunidades rurales y tribales. Aprender algunas frases b\u00e1sicas en las lenguas locales puede mejorar mucho tus interacciones y suele ser bien recibido por los lugare\u00f1os.<\/p>\n\n\n\n<figure class=\"wp-block-image size-large\"><img decoding=\"async\" src=\"https:\/\/safari-tours-africa.com\/wp-content\/uploads\/two-kids-walking-hugged-in-uganda-1024x683.webp\" alt=\"chicos caminando del brazo en Uganda, \u00c1frica\" class=\"wp-image-1314\"\/><figcaption class=\"wp-element-caption\">Respetar las costumbres locales te llevar\u00e1 muy lejos en Uganda<\/figcaption><\/figure>\n\n\n\n<h2 class=\"wp-block-heading\">\u00bfPor qu\u00e9 elegir Safari Tours Africa para viajar a Uganda?<\/h2>\n\n\n\n<p>Uganda ofrece una mezcla \u00fanica de vida salvaje, aventura y cultura. Desde la adrenalina del trekking con gorilas hasta la tranquilidad de una puesta de sol sobre el Nilo, una <a href=\"https:\/\/safari-tours-africa.com\/es\/uganda\/\">safari por Uganda<\/a> es un viaje a trav\u00e9s de un paisaje natural vibrante y diverso. La calidez de sus gentes y la riqueza de su cultura a\u00f1aden profundidad y color a la experiencia del safari, haciendo de Uganda un destino verdaderamente inolvidable.<\/p>","protected":false},"excerpt":{"rendered":"<p>Uganda es un pa\u00eds que encarna la esencia del continente africano. Es una tierra donde las sabanas ba\u00f1adas por el sol se encuentran con exuberantes selvas tropicales, y donde el caudaloso r\u00edo Nilo da vida a un ecosistema incre\u00edblemente diverso. El rico tapiz paisaj\u00edstico de Uganda abarca desde cordilleras nevadas hasta extensos lagos y densas selvas. Su cultura ... <a href=\"https:\/\/safari-tours-africa.com\/es\/uganda-a-safari-destination\/\">Contin\u00faa en<\/a><\/p>","protected":false},"author":41,"featured_media":1284,"parent":0,"menu_order":0,"comment_status":"closed","ping_status":"closed","template":"","meta":{"_acf_changed":false,"footnotes":""},"class_list":["post-1176","page","type-page","status-publish","has-post-thumbnail","hentry"],"acf":{"page_subheading":"Explore Uganda's majestic wildlife, rich cultural heritage, and stunning landscapes with our in-depth guide, ensuring a transformative safari adventure."},"_links":{"self":[{"href":"https:\/\/safari-tours-africa.com\/es\/wp-json\/wp\/v2\/pages\/1176","targetHints":{"allow":["GET"]}}],"collection":[{"href":"https:\/\/safari-tours-africa.com\/es\/wp-json\/wp\/v2\/pages"}],"about":[{"href":"https:\/\/safari-tours-africa.com\/es\/wp-json\/wp\/v2\/types\/page"}],"author":[{"embeddable":true,"href":"https:\/\/safari-tours-africa.com\/es\/wp-json\/wp\/v2\/users\/41"}],"replies":[{"embeddable":true,"href":"https:\/\/safari-tours-africa.com\/es\/wp-json\/wp\/v2\/comments?post=1176"}],"version-history":[{"count":5,"href":"https:\/\/safari-tours-africa.com\/es\/wp-json\/wp\/v2\/pages\/1176\/revisions"}],"predecessor-version":[{"id":1322,"href":"https:\/\/safari-tours-africa.com\/es\/wp-json\/wp\/v2\/pages\/1176\/revisions\/1322"}],"wp:featuredmedia":[{"embeddable":true,"href":"https:\/\/safari-tours-africa.com\/es\/wp-json\/wp\/v2\/media\/1284"}],"wp:attachment":[{"href":"https:\/\/safari-tours-africa.com\/es\/wp-json\/wp\/v2\/media?parent=1176"}],"curies":[{"name":"wp","href":"https:\/\/api.w.org\/{rel}","templated":true}]}}