{"id":1180,"date":"2024-01-22T16:27:34","date_gmt":"2024-01-22T16:27:34","guid":{"rendered":"https:\/\/safari-tours-africa.com\/?page_id=1180"},"modified":"2024-01-23T16:46:33","modified_gmt":"2024-01-23T16:46:33","slug":"sudafrica-destino-de-safaris","status":"publish","type":"page","link":"https:\/\/safari-tours-africa.com\/es\/south-africa-a-safari-destination\/","title":{"rendered":"Sud\u00e1frica: Un destino de safari"},"content":{"rendered":"<p>Sud\u00e1frica es un mundo en un solo pa\u00eds, una naci\u00f3n rica en diversidad, no s\u00f3lo por su gente y su cultura, sino tambi\u00e9n por sus maravillas naturales. Desde el emblem\u00e1tico <strong>Monta\u00f1a de la Mesa<\/strong> al extenso <strong>Parque Nacional Kruger<\/strong>cada rinc\u00f3n de Sud\u00e1frica cuenta una historia.<\/p>\n\n\n\n<p>La compleja historia del pa\u00eds, sus vibrantes ciudades y sus impresionantes paisajes lo convierten en un destino \u00fanico que satisface un amplio abanico de intereses y actividades. Ya sea saboreando un buen vino en las tierras vin\u00edcolas del Cabo, explorando los hist\u00f3ricos campos de batalla o embarc\u00e1ndose en un safari, Sud\u00e1frica ofrece un sinf\u00edn de posibilidades. <strong>experiencia inmersiva y polifac\u00e9tica<\/strong>.<\/p>\n\n\n\n<figure class=\"wp-block-image size-full\"><img loading=\"lazy\" decoding=\"async\" width=\"2000\" height=\"857\" src=\"https:\/\/safari-tours-africa.com\/wp-content\/uploads\/giraffe-in-the-bush-of-kruger-national-park-south-africa-scaled.webp\" alt=\"Jirafa en la selva del parque nacional Kruger Sud\u00e1frica. Jirafa al amanecer en el parque Kruger Sud\u00e1frica\" class=\"wp-image-1205\"\/><figcaption class=\"wp-element-caption\">Visitar jirafas en el Parque Nacional Kruger<\/figcaption><\/figure>\n\n\n\n<h2 class=\"wp-block-heading\">\u00bfQu\u00e9 lugares de Sud\u00e1frica deber\u00eda visitar en un safari?<\/h2>\n\n\n\n<h3 class=\"wp-block-heading\">1. Parque Nacional Kruger y reservas privadas circundantes<\/h3>\n\n\n\n<p>El Parque Nacional Kruger es la piedra angular de los safaris sudafricanos. Esta vasta zona salvaje alberga un impresionante n\u00famero de especies, entre ellas el <strong>Los 5 grandes<\/strong>. La accesibilidad del parque y sus infraestructuras bien desarrolladas lo hacen ideal tanto para quienes lo visitan por primera vez como para los m\u00e1s experimentados. Alrededores del parque, <strong>reservas privadas<\/strong> como Sabi Sands y Thornybush ofrecen experiencias de safari exclusivas, con lujosos lodges y safaris guiados que proporcionan encuentros \u00edntimos con la vida salvaje.<\/p>\n\n\n\n<p>Visite el Parque Nacional Kruger y sus alrededores en el <a href=\"https:\/\/safari-tours-africa.com\/es\/safaris\/5-day-panorama-route-to-kruger-national-park-safari\/\">Safari de 5 d\u00edas por la Ruta Panor\u00e1mica al Parque Nacional Kruger<\/a>.<\/p>\n\n\n\n<figure class=\"wp-block-image size-full\"><img loading=\"lazy\" decoding=\"async\" width=\"2000\" height=\"1325\" src=\"https:\/\/safari-tours-africa.com\/wp-content\/uploads\/sunrise-at-kruger-national-park-scaled.webp\" alt=\"Amanecer en el Parque Nacional Kruger\" class=\"wp-image-1192\"\/><figcaption class=\"wp-element-caption\">Amanecer en el Parque Nacional Kruger<\/figcaption><\/figure>\n\n\n\n<h3 class=\"wp-block-heading\">2. Parque Nacional de Pilanesberg<\/h3>\n\n\n\n<p>Enclavado en el cr\u00e1ter de un antiguo volc\u00e1n, el Parque Nacional de Pilanesberg ofrece un paisaje \u00fanico y es uno de los pocos lugares de Sud\u00e1frica donde los visitantes pueden ver pr\u00e1cticamente todos los 5 Grandes en un solo d\u00eda. <strong>un entorno sin paludismo<\/strong>. La proximidad del parque a Johannesburgo y Sun City lo convierte en una opci\u00f3n pr\u00e1ctica para los viajeros que deseen combinar un safari con otras actividades de ocio.<\/p>\n\n\n\n<figure class=\"wp-block-image size-large\"><img decoding=\"async\" src=\"https:\/\/safari-tours-africa.com\/wp-content\/uploads\/beautiful-zebra-standing-on-dry-grass-at-pilanesberg-national-park-on-a-sunny-day-1024x731.webp\" alt=\"Hermosa cebra de pie sobre la hierba seca en el Parque Nacional de Pilanesberg en un d\u00eda soleado\" class=\"wp-image-1303\"\/><figcaption class=\"wp-element-caption\">Cebra en el Parque Nacional de Pilanesberg en un d\u00eda soleado<\/figcaption><\/figure>\n\n\n\n<h3 class=\"wp-block-heading\">3. Reserva de caza Madikwe<\/h3>\n\n\n\n<p>En <strong>a lo largo de la frontera con Botsuana<\/strong> y famosa por sus esfuerzos de conservaci\u00f3n, la Reserva de Caza Madikwe es un para\u00edso para la fauna salvaje. La reserva es conocida por sus <strong>programa de cr\u00eda de perros salvajes<\/strong> y ofrece la oportunidad de ver a estos raros depredadores en su h\u00e1bitat natural. Los diversos ecosistemas de Madikwe albergan una gran variedad de especies, lo que proporciona una rica experiencia de safari.<\/p>\n\n\n\n<figure class=\"wp-block-image size-large\"><img decoding=\"async\" src=\"https:\/\/safari-tours-africa.com\/wp-content\/uploads\/safari-game-drive-in-madikwe-reserve-1024x683.webp\" alt=\"Dos elefantes adultos, Loxdonta Africana, caminando sobre arena roja. Vista posterior. Safari en la Reserva de Madikwe, Sud\u00e1frica, cerca de Botsuana y el desierto de Kalahari. El elefante africano forma parte de los Cinco Grandes.\" class=\"wp-image-1304\"\/><figcaption class=\"wp-element-caption\">Una pareja de elefantes paseando en la Reserva de Caza de Madikwe<\/figcaption><\/figure>\n\n\n\n<h3 class=\"wp-block-heading\">4. Las reservas de Cabo Oriental<\/h3>\n\n\n\n<p>Estas reservas ofrecen una mezcla de comodidad y observaci\u00f3n de la fauna, y muchas de ellas son <strong>sin malaria y para toda la familia<\/strong>. La Provincia Oriental del Cabo alberga varias reservas privadas donde los visitantes pueden disfrutar de una experiencia de safari m\u00e1s aislada sin perder la oportunidad de ver a los 5 Grandes.<\/p>\n\n\n\n<figure class=\"wp-block-image size-large\"><img decoding=\"async\" src=\"https:\/\/safari-tours-africa.com\/wp-content\/uploads\/east-london-coast-nature-reserve-1024x683.webp\" alt=\"Rocas en el Oc\u00e9ano \u00cdndico en la Reserva Natural de la Costa Este de Londres, provincia del Cabo Oriental, Sud\u00e1frica\" class=\"wp-image-1305\"\/><figcaption class=\"wp-element-caption\">Vistas de la costa de las Reservas del Cabo Oriental<\/figcaption><\/figure>\n\n\n\n<h3 class=\"wp-block-heading\">5. El Kalahari<\/h3>\n\n\n\n<p>La sabana semi\u00e1rida del Kalahari ofrece un paisaje totalmente distinto del t\u00edpico bushveld asociado a los safaris. El Parque Transfronterizo de Kgalagadi, en el Kalahari, es conocido por sus <strong>arenas rojas<\/strong>La vida salvaje, \u00fanica en el mundo, y la extraordinaria experiencia de <strong>safaris por el desierto<\/strong>. Es un lugar donde se puede contemplar la naturaleza en su forma m\u00e1s cruda e ind\u00f3mita.<\/p>\n\n\n\n<figure class=\"wp-block-image size-large\"><img decoding=\"async\" src=\"https:\/\/safari-tours-africa.com\/wp-content\/uploads\/dune-rosse-del-kalahari-al-tramonto-stockpack-adobe-stock-1024x680.webp\" alt=\"duna rosse del kalahari al tramonto\" class=\"wp-image-1306\"\/><figcaption class=\"wp-element-caption\">El paisaje de arena roja del Kalahari<\/figcaption><\/figure>\n\n\n\n<h2 class=\"wp-block-heading\">\u00bfCu\u00e1l es la mejor \u00e9poca para visitar Sud\u00e1frica?<\/h2>\n\n\n\n<p>La \u00e9poca ideal para visitar Sud\u00e1frica en safari es durante el<strong> estaci\u00f3n seca (de mayo a septiembre)<\/strong>Es entonces cuando es m\u00e1s f\u00e1cil observar la fauna, ya que los animales se re\u00fanen en torno a las fuentes de agua. Sin embargo, la diversidad clim\u00e1tica de Sud\u00e1frica permite visitar el pa\u00eds durante todo el a\u00f1o. La p\u00e1gina <strong>Regi\u00f3n del Cabo<\/strong>La temporada seca, por ejemplo, tiene lugar en verano (de noviembre a febrero), la mejor \u00e9poca para disfrutar de las playas y las actividades al aire libre.<\/p>\n\n\n\n<figure class=\"wp-block-image size-full\"><img loading=\"lazy\" decoding=\"async\" width=\"2000\" height=\"1082\" src=\"https:\/\/safari-tours-africa.com\/wp-content\/uploads\/landscape-with-a-dirt-road-and-african-savanna-in-the-kruger-national-park-scaled.webp\" alt=\"Paisaje con un camino de tierra y sabana africana en el Parque Nacional Kruger en Sud\u00e1frica imagen en formato horizontal\" class=\"wp-image-1197\"\/><figcaption class=\"wp-element-caption\">La estaci\u00f3n seca dura de mayo a septiembre en Sud\u00e1frica.<\/figcaption><\/figure>\n\n\n\n<h2 class=\"wp-block-heading\">\u00bfEs segura Sud\u00e1frica?<\/h2>\n\n\n\n<p>Aunque Sud\u00e1frica ofrece una rica experiencia de viaje, es esencial tener en cuenta la seguridad, sobre todo en las grandes ciudades. Se recomienda llevar <strong>precauciones est\u00e1ndar<\/strong>En las zonas de safari es fundamental seguir las indicaciones de los gu\u00edas y el personal del albergue para disfrutar de una experiencia segura. En las zonas de safari, es fundamental seguir las indicaciones de los gu\u00edas y el personal del albergue para disfrutar de una experiencia segura y agradable.<\/p>\n\n\n\n<figure class=\"wp-block-image size-full\"><img loading=\"lazy\" decoding=\"async\" width=\"2000\" height=\"1043\" src=\"https:\/\/safari-tours-africa.com\/wp-content\/uploads\/nelson-mandela-bridge-and-johannesburg-city-at-sunset-scaled.webp\" alt=\"Puente Nelson Mandela y ciudad de Johannesburgo al atardecer\" class=\"wp-image-1189\"\/><figcaption class=\"wp-element-caption\">Vista de Johannesburgo<\/figcaption><\/figure>\n\n\n\n<h2 class=\"wp-block-heading\">\u00bfNecesito visado para entrar en Sud\u00e1frica?<\/h2>\n\n\n\n<p>Sud\u00e1frica est\u00e1 bien comunicada, con aeropuertos internacionales en ciudades importantes como Johannesburgo, Ciudad del Cabo y Durban. El pa\u00eds tiene una <strong>completa red de carreteras<\/strong>La autoconducci\u00f3n se ha convertido en una opci\u00f3n popular para explorar. <strong>Los requisitos de visado var\u00edan seg\u00fan la nacionalidad<\/strong>por lo que es aconsejable consultar la informaci\u00f3n m\u00e1s reciente en fuentes oficiales antes de planificar el viaje.<\/p>\n\n\n\n<figure class=\"wp-block-image size-full\"><img loading=\"lazy\" decoding=\"async\" width=\"2000\" height=\"1333\" src=\"https:\/\/safari-tours-africa.com\/wp-content\/uploads\/usa-visa-in-a-passport-background-scaled.webp\" alt=\"Visado de EE.UU. en un fondo de pasaporte\" class=\"wp-image-1296\"\/><figcaption class=\"wp-element-caption\">Compruebe los requisitos de visado de su pa\u00eds antes de viajar<\/figcaption><\/figure>\n\n\n\n<h2 class=\"wp-block-heading\">\u00bfC\u00f3mo es el transporte local en Sud\u00e1frica?<\/h2>\n\n\n\n<p>Sud\u00e1frica ofrece una gama de opciones de transporte que se adaptan a todas las preferencias. En general, las carreteras del pa\u00eds est\u00e1n en buen estado, por lo que <strong>conducci\u00f3n aut\u00f3noma<\/strong> una opci\u00f3n viable. Para distancias m\u00e1s largas o para llegar a destinos de safari remotos, <strong>vuelos nacionales<\/strong> est\u00e1n disponibles. En las reservas de animales, los safaris se realizan en veh\u00edculos abiertos que ofrecen una visi\u00f3n sin obst\u00e1culos de la vida salvaje.<\/p>\n\n\n\n<figure class=\"wp-block-image size-large\"><img decoding=\"async\" src=\"https:\/\/safari-tours-africa.com\/wp-content\/uploads\/roads-in-south-africa-1024x571.webp\" alt=\"Peque\u00f1o karoo en Sud\u00e1frica, carretera y monta\u00f1a al fondo\" class=\"wp-image-1307\"\/><figcaption class=\"wp-element-caption\">En general, las carreteras sudafricanas est\u00e1n en buen estado.<\/figcaption><\/figure>\n\n\n\n<h2 class=\"wp-block-heading\">\u00bfCu\u00e1les son las opciones de alojamiento en Sud\u00e1frica?<\/h2>\n\n\n\n<p>Opciones de alojamiento en Sud\u00e1frica <strong>para todos los gustos<\/strong>Desde lujosos lodges de safari y hoteles boutique hasta pensiones y campings econ\u00f3micos. En las zonas de safari, las opciones van desde r\u00fasticos campamentos hasta opulentos lodges, que ofrecen una gran variedad de experiencias y servicios.<\/p>\n\n\n\n<figure class=\"wp-block-image size-large\"><img decoding=\"async\" src=\"https:\/\/safari-tours-africa.com\/wp-content\/uploads\/row-of-thatch-roof-rondawel-huts-at-the-olifants-rest-camp-in-kruger-national-park-1024x705.webp\" alt=\"Fila de caba\u00f1as rondawel con tejado de paja en el Olifants Rest Camp de la reserva de caza del Parque Nacional Kruger, en Sud\u00e1frica.\" class=\"wp-image-1308\"\/><figcaption class=\"wp-element-caption\">Alojamientos sencillos en el Parque Nacional Kruger<\/figcaption><\/figure>\n\n\n\n<h2 class=\"wp-block-heading\">\u00bfQu\u00e9 m\u00e1s puedo hacer en Sud\u00e1frica adem\u00e1s de ver animales salvajes?<\/h2>\n\n\n\n<p>Adem\u00e1s de safaris, Sud\u00e1frica ofrece un sinf\u00edn de actividades y experiencias. <strong>Visitas culturales<\/strong> ofrecen una visi\u00f3n de la historia y las diversas culturas del pa\u00eds. La belleza paisaj\u00edstica de lugares como el <a href=\"https:\/\/safari-tours-africa.com\/es\/safaris\/4-day-panorama-route-to-kruger-national-park-safari\/\"><strong>Ruta panor\u00e1mica<\/strong><\/a> y las monta\u00f1as Drakensberg atraen a los amantes de la naturaleza y la aventura. Para los que buscan relajarse, el <strong>playas y vi\u00f1edos del pa\u00eds<\/strong> ofrecen una escapada perfecta.<\/p>\n\n\n\n<figure class=\"wp-block-image size-full\"><img loading=\"lazy\" decoding=\"async\" width=\"2000\" height=\"1125\" src=\"https:\/\/safari-tours-africa.com\/wp-content\/uploads\/panorama-route-south-africa-scaled.webp\" alt=\"Ruta panor\u00e1mica Sud\u00e1frica, ca\u00f1\u00f3n del r\u00edo Blyde con los tres rondavels, vista de tres rondavels y el ca\u00f1\u00f3n del r\u00edo Blyde en Sud\u00e1frica. Mujeres asi\u00e1ticas y hombres cauc\u00e1sicos de vacaciones en Sud\u00e1frica.\" class=\"wp-image-900\"\/><figcaption class=\"wp-element-caption\">Vista desde la Ruta Panor\u00e1mica en Sud\u00e1frica<\/figcaption><\/figure>\n\n\n\n<h2 class=\"wp-block-heading\">\u00bfQu\u00e9 tal la comida?<\/h2>\n\n\n\n<p>La cocina sudafricana es <strong>reflejo de la diversidad cultural del pa\u00eds<\/strong>. La oferta culinaria abarca desde los tradicionales braais (barbacoas) y biltong (carne seca curada) hasta experiencias gastron\u00f3micas en los vi\u00f1edos de Cape Winelands. El pa\u00eds tambi\u00e9n es famoso por sus <strong>vino<\/strong>Regiones como Stellenbosch y Franschhoek son visitas obligadas para los amantes del vino.<\/p>\n\n\n\n<figure class=\"wp-block-image size-large\"><img decoding=\"async\" src=\"https:\/\/safari-tours-africa.com\/wp-content\/uploads\/south-african-street-food-1024x683.webp\" alt=\"Comida callejera sudafricana: brochetas y patas de pollo a la barbacoa\" class=\"wp-image-1309\"\/><figcaption class=\"wp-element-caption\">Comida callejera en Sud\u00e1frica<\/figcaption><\/figure>\n\n\n\n<h2 class=\"wp-block-heading\">\u00bfCu\u00e1les son algunos consejos de etiqueta para cuando se est\u00e1 en Sud\u00e1frica?<\/h2>\n\n\n\n<p><strong>La propina es habitual <\/strong>en Sud\u00e1frica por el buen servicio en restaurantes, gu\u00edas de safaris y otros sectores de servicios. Comprender las costumbres locales, respetar el medio ambiente y comprometerse con las comunidades de forma responsable es esencial para disfrutar de una experiencia de viaje positiva e impactante.<\/p>\n\n\n\n<figure class=\"wp-block-image size-large\"><img decoding=\"async\" src=\"https:\/\/safari-tours-africa.com\/wp-content\/uploads\/safari-guide-in-south-africa-1024x683.webp\" alt=\"Gu\u00eda de safari en jeep con se\u00f1al tranquilizadora observando rinocerontes en libertad\" class=\"wp-image-1310\"\/><figcaption class=\"wp-element-caption\">Los gu\u00edas de safari valoran mucho las propinas<\/figcaption><\/figure>\n\n\n\n<h2 class=\"wp-block-heading\">\u00bfPor qu\u00e9 elegir Safari Tours Africa para viajar a Sud\u00e1frica?<\/h2>\n\n\n\n<p>A <a href=\"https:\/\/safari-tours-africa.com\/es\/sudafrica\/\">safari en Sud\u00e1frica<\/a> no es s\u00f3lo un viaje por un para\u00edso de vida salvaje; es una exploraci\u00f3n de una tierra rebosante de historia, cultura y belleza natural. Desde la emblem\u00e1tica Monta\u00f1a de la Mesa hasta el Parque Nacional Kruger, repleto de vida salvaje, un safari por Sud\u00e1frica ofrece una aventura sin igual que combina la emoci\u00f3n de lo salvaje con la calidez de sus gentes.<\/p>","protected":false},"excerpt":{"rendered":"<p>Sud\u00e1frica es un mundo en un solo pa\u00eds, una naci\u00f3n rica en diversidad, no s\u00f3lo por su gente y su cultura, sino tambi\u00e9n por sus maravillas naturales. Desde la emblem\u00e1tica Monta\u00f1a de la Mesa hasta el extenso Parque Nacional Kruger, cada rinc\u00f3n de Sud\u00e1frica cuenta una historia. Su compleja historia, sus vibrantes ciudades y sus impresionantes ... <a href=\"https:\/\/safari-tours-africa.com\/es\/south-africa-a-safari-destination\/\">Contin\u00faa en<\/a><\/p>","protected":false},"author":41,"featured_media":893,"parent":0,"menu_order":0,"comment_status":"closed","ping_status":"closed","template":"","meta":{"_acf_changed":false,"footnotes":""},"class_list":["post-1180","page","type-page","status-publish","has-post-thumbnail","hentry"],"acf":{"page_subheading":"Explore South Africa's top safari destinations, cultural heritage, and practical travel tips for an enriching and diverse adventure experience."},"_links":{"self":[{"href":"https:\/\/safari-tours-africa.com\/es\/wp-json\/wp\/v2\/pages\/1180","targetHints":{"allow":["GET"]}}],"collection":[{"href":"https:\/\/safari-tours-africa.com\/es\/wp-json\/wp\/v2\/pages"}],"about":[{"href":"https:\/\/safari-tours-africa.com\/es\/wp-json\/wp\/v2\/types\/page"}],"author":[{"embeddable":true,"href":"https:\/\/safari-tours-africa.com\/es\/wp-json\/wp\/v2\/users\/41"}],"replies":[{"embeddable":true,"href":"https:\/\/safari-tours-africa.com\/es\/wp-json\/wp\/v2\/comments?post=1180"}],"version-history":[{"count":3,"href":"https:\/\/safari-tours-africa.com\/es\/wp-json\/wp\/v2\/pages\/1180\/revisions"}],"predecessor-version":[{"id":1312,"href":"https:\/\/safari-tours-africa.com\/es\/wp-json\/wp\/v2\/pages\/1180\/revisions\/1312"}],"wp:featuredmedia":[{"embeddable":true,"href":"https:\/\/safari-tours-africa.com\/es\/wp-json\/wp\/v2\/media\/893"}],"wp:attachment":[{"href":"https:\/\/safari-tours-africa.com\/es\/wp-json\/wp\/v2\/media?parent=1180"}],"curies":[{"name":"wp","href":"https:\/\/api.w.org\/{rel}","templated":true}]}}