{"id":1184,"date":"2024-01-22T16:50:54","date_gmt":"2024-01-22T16:50:54","guid":{"rendered":"https:\/\/safari-tours-africa.com\/?page_id=1184"},"modified":"2024-01-25T10:46:40","modified_gmt":"2024-01-25T10:46:40","slug":"tanzania-destino-de-safaris","status":"publish","type":"page","link":"https:\/\/safari-tours-africa.com\/es\/tanzania-a-safari-destination\/","title":{"rendered":"Tanzania: Un destino de safari"},"content":{"rendered":"<p>Tanzania es un pa\u00eds de paisajes diversos y rico patrimonio, situado en \u00c1frica Oriental. Es famoso por su <strong>extensos espacios naturales <\/strong>zonas que incluyen las llanuras del Parque Nacional del Serengeti, meca de los safaris poblada por los Cinco Grandes (elefante, le\u00f3n, leopardo, b\u00fafalo y rinoceronte), y el Parque Nacional del Kilimanjaro, <strong>hogar de la monta\u00f1a m\u00e1s alta de \u00c1frica<\/strong>.<\/p>\n\n\n\n<p>En alta mar se encuentran las islas tropicales de <a href=\"https:\/\/safari-tours-africa.com\/es\/safaris\/13-day-great-migration-tanzania-and-zanzibar-safari\/\">Zanz\u00edbar<\/a>con influencias \u00e1rabes, y Mafia, con un parque marino que alberga tiburones ballena y arrecifes de coral. La mezcla de vida salvaje, culturas y paisajes de Tanzania la convierte en un destino cautivador para los viajeros que buscan experimentar el ritmo de \u00c1frica.<\/p>\n\n\n\n<figure class=\"wp-block-image size-full\"><img loading=\"lazy\" decoding=\"async\" width=\"2000\" height=\"1123\" src=\"https:\/\/safari-tours-africa.com\/wp-content\/uploads\/magical-zanzibar-scaled.webp\" alt=\"A\u00e9reo. Paisaje marino, Zanz\u00edbar, Tanzania.\" class=\"wp-image-989\"\/><figcaption class=\"wp-element-caption\">Las m\u00e1gicas costas de Zanz\u00edbar<\/figcaption><\/figure>\n\n\n\n<h2 class=\"wp-block-heading\">\u00bfQu\u00e9 lugares de Tanzania debo visitar en un safari?<\/h2>\n\n\n\n<h3 class=\"wp-block-heading\">1. Parque Nacional del Serengeti<\/h3>\n\n\n\n<p>El Serengeti no es s\u00f3lo un destino de safari; es un fen\u00f3meno. Las vastas llanuras acogen<strong> Gran Migraci\u00f3n<\/strong>Un espect\u00e1culo en el que participan millones de \u00f1us, cebras y gacelas en un ciclo de vida y muerte. El Serengeti tambi\u00e9n alberga un <strong>alta densidad de depredadores<\/strong>Un lugar ideal para contemplar el drama de la naturaleza. Los diversos h\u00e1bitats del parque, como la sabana, los bosques y los humedales, albergan una gran variedad de vida salvaje, lo que garantiza que cada safari sea una experiencia \u00fanica.<\/p>\n\n\n\n<p>Visite el Parque Nacional del Serengeti <a href=\"https:\/\/safari-tours-africa.com\/es\/safaris\/10-day-serengeti-ngorongoro-safari-with-zanzibar\/\">Safari de 10 d\u00edas por el Serengeti y el Ngorongoro con Zanz\u00edbar<\/a>.<\/p>\n\n\n\n<figure class=\"wp-block-image size-full\"><img loading=\"lazy\" decoding=\"async\" width=\"2000\" height=\"1335\" src=\"https:\/\/safari-tours-africa.com\/wp-content\/uploads\/wildlife-in-serengeti-national-park-scaled.webp\" alt=\"Grupo de leones j\u00f3venes tumbados sobre rocas - hermoso paisaje de sabana al atardecer. Safari salvaje en el Parque Nacional del Serengeti, Masai Mara, Tanzania, \u00c1frica.\" class=\"wp-image-1138\"\/><figcaption class=\"wp-element-caption\">Safari en el Parque Nacional del Serengeti<\/figcaption><\/figure>\n\n\n\n<h3 class=\"wp-block-heading\">2. \u00c1rea de Conservaci\u00f3n del Ngorongoro<\/h3>\n\n\n\n<p>El cr\u00e1ter del Ngorongoro, un <strong>caldera volc\u00e1nica masiva<\/strong>es un microcosmos del paisaje y la fauna de \u00c1frica Oriental. Este anfiteatro natural est\u00e1 repleto de animales, como el <strong>la poblaci\u00f3n de leones m\u00e1s densa del mundo<\/strong>. La interacci\u00f3n entre los masai y la fauna de la zona a\u00f1ade una fascinante dimensi\u00f3n cultural a su experiencia de safari.<\/p>\n\n\n\n<p>Visite el \u00c1rea de Conservaci\u00f3n del Ngorongoro en el <a href=\"https:\/\/safari-tours-africa.com\/es\/safaris\/5-day-best-of-tanzania-safari-tour\/\">Safari de 5 d\u00edas por lo mejor de Tanzania<\/a>.<\/p>\n\n\n\n<figure class=\"wp-block-image size-full\"><img loading=\"lazy\" decoding=\"async\" width=\"2000\" height=\"1333\" src=\"https:\/\/safari-tours-africa.com\/wp-content\/uploads\/group-of-giraffes-walking-in-ngorongoro-conservation-area-in-tanzania-scaled.webp\" alt=\"Grupo de jirafas paseando en el \u00c1rea de Conservaci\u00f3n del Ngorongoro en Tanzania. Fauna salvaje de \u00c1frica\" class=\"wp-image-1133\"\/><figcaption class=\"wp-element-caption\">Jirafas en su h\u00e1bitat natural en el \u00c1rea de Conservaci\u00f3n del Ngorongoro<\/figcaption><\/figure>\n\n\n\n<h3 class=\"wp-block-heading\">3. Parque Nacional de Tarangire<\/h3>\n\n\n\n<p>Conocido por su <strong>grandes manadas de elefantes<\/strong> y los emblem\u00e1ticos baobabs, Tarangire ofrece una experiencia de safari \u00fanica. En <strong>R\u00edo Tarangire<\/strong> es un im\u00e1n para la fauna salvaje, sobre todo durante la estaci\u00f3n seca, cuando los animales se re\u00fanen en gran n\u00famero en las orillas del r\u00edo, lo que lo convierte en un lugar privilegiado para el avistamiento de animales.<\/p>\n\n\n\n<p>Visite el Parque Nacional de Tarangire <a href=\"https:\/\/safari-tours-africa.com\/es\/safaris\/7-day-big-five-safari-in-tanzania\/\">Safari de 7 d\u00edas con los Cinco Grandes en Tanzania<\/a>.<\/p>\n\n\n\n<figure class=\"wp-block-image size-full\"><img loading=\"lazy\" decoding=\"async\" width=\"2000\" height=\"1325\" src=\"https:\/\/safari-tours-africa.com\/wp-content\/uploads\/tarangire-national-park-from-above-scaled.webp\" alt=\"parque nacional de tarangire\" class=\"wp-image-970\"\/><figcaption class=\"wp-element-caption\">Vista a\u00e9rea del Parque Nacional de Tarangire<\/figcaption><\/figure>\n\n\n\n<h3 class=\"wp-block-heading\">4. Parque Nacional del Lago Manyara<\/h3>\n\n\n\n<p>Enclavado en la base del <strong>Gran Valle del Rift<\/strong> escarpadura, el Parque Nacional del Lago Manyara es famoso por su <strong>leones trepadores<\/strong>grandes tropas de babuinos, y una gran variedad de aves, incluyendo <strong>flamencos<\/strong>. Los diversos ecosistemas del parque, desde su lago alcalino hasta los densos bosques y las escarpadas laderas de las monta\u00f1as, albergan una gran variedad de vida salvaje.<\/p>\n\n\n\n<p>Visite el Parque Nacional del Lago Manyara <a href=\"https:\/\/safari-tours-africa.com\/es\/safaris\/8-day-the-great-migration-safari-tour-in-tanzania\/\">Safari de 8 d\u00edas a la Gran Migraci\u00f3n en Tanzania<\/a>.<\/p>\n\n\n\n<figure class=\"wp-block-image size-full\"><img loading=\"lazy\" decoding=\"async\" width=\"2000\" height=\"1333\" src=\"https:\/\/safari-tours-africa.com\/wp-content\/uploads\/landscape-in-manyara-national-park-scaled.webp\" alt=\"Paisaje en el Parque Nacional de Manyara\" class=\"wp-image-1001\"\/><figcaption class=\"wp-element-caption\">Paisaje del Parque Nacional del Lago Manyara<\/figcaption><\/figure>\n\n\n\n<h3 class=\"wp-block-heading\">5. Parque Nacional de Ruaha<\/h3>\n\n\n\n<p>La remota ubicaci\u00f3n de Ruaha significa que es <strong>menos frecuentada por turistas<\/strong>ofrece una experiencia de safari realmente salvaje y exclusiva. Es conocido por su gran poblaci\u00f3n de elefantes y una gran variedad de animales, como kud\u00fas, ant\u00edlopes y perros salvajes en peligro de extinci\u00f3n. En <strong>R\u00edo Ruaha<\/strong> atrae a una pl\u00e9tora de animales, especialmente durante la estaci\u00f3n seca, lo que lo convierte en un lugar excelente para el avistamiento de animales.<\/p>\n\n\n\n<figure class=\"wp-block-image size-large\"><img decoding=\"async\" src=\"https:\/\/safari-tours-africa.com\/wp-content\/uploads\/candelabra-tree-in-the-hilly-landscape-1024x681.webp\" alt=\"\u00c1rbol Candelabro en el paisaje de colinas, Parque Nacional de Ruaha, Tanzania\" class=\"wp-image-1287\"\/><figcaption class=\"wp-element-caption\">\u00c1rbol Candelabro en el paisaje monta\u00f1oso del Parque Nacional de Ruaha<\/figcaption><\/figure>\n\n\n\n<h3 class=\"wp-block-heading\">6. Parque Nacional Nyerere (Selous)<\/h3>\n\n\n\n<p>Abarcando una vasta zona, Nyerere es <strong>una de las mayores reservas faun\u00edsticas del mundo<\/strong>. El r\u00edo Rufiji atraviesa el parque, creando una red de lagos, lagunas y canales. <strong>Safaris en barco<\/strong> ofrecen una perspectiva \u00fanica de los habitantes del parque, como hipop\u00f3tamos, cocodrilos y diversas aves acu\u00e1ticas. Los bosques y llanuras del parque albergan un gran n\u00famero de elefantes, b\u00fafalos y jirafas, as\u00ed como el escurridizo leopardo.<\/p>\n\n\n\n<figure class=\"wp-block-image size-large\"><img decoding=\"async\" src=\"https:\/\/safari-tours-africa.com\/wp-content\/uploads\/aerial-view-of-nyerere-national-park-in-tanzania-1024x575.webp\" alt=\"Vista a\u00e9rea del Parque Nacional Nyerere en Tanzania\" class=\"wp-image-1288\"\/><figcaption class=\"wp-element-caption\">Vista a\u00e9rea del Parque Nacional Nyerere<\/figcaption><\/figure>\n\n\n\n<h3 class=\"wp-block-heading\">7. Parque Nacional de las Monta\u00f1as Mahale<\/h3>\n\n\n\n<p>Con el tel\u00f3n de fondo de <strong>Lago Tanganica<\/strong>Mahale es sin\u00f3nimo de trekking con chimpanc\u00e9s. El terreno monta\u00f1oso del parque, cubierto de densos bosques tropicales, es un basti\u00f3n para estos primates. La experiencia de observar <strong>chimpanc\u00e9s<\/strong> en su h\u00e1bitat natural es profundo y humilde. Mahale tambi\u00e9n ofrece la oportunidad de relajarse a orillas del lago y realizar actividades acu\u00e1ticas, un contrapunto tranquilo a la emoci\u00f3n de las caminatas en busca de chimpanc\u00e9s.<\/p>\n\n\n\n<figure class=\"wp-block-image size-large is-resized\"><img decoding=\"async\" src=\"https:\/\/safari-tours-africa.com\/wp-content\/uploads\/mahale-mountains-1024x683.webp\" alt=\"MONTA\u00d1AS SELV\u00c1TICAS EN MAHALE, TANZANIA\" class=\"wp-image-1289\" style=\"width:1189px;height:auto\"\/><figcaption class=\"wp-element-caption\">El paisaje monta\u00f1oso del Parque Nacional de las Monta\u00f1as Mahale<\/figcaption><\/figure>\n\n\n\n<h2 class=\"wp-block-heading\">\u00bfCu\u00e1l es la mejor \u00e9poca para visitar Tanzania?<\/h2>\n\n\n\n<p>El momento ideal para visitar Tanzania var\u00eda en funci\u00f3n de lo que se quiera ver:<\/p>\n\n\n\n<h3 class=\"wp-block-heading\">Safari<\/h3>\n\n\n\n<p>En <strong>estaci\u00f3n seca (de junio a octubre)<\/strong> ofrece un excelente avistamiento de animales. Los animales son m\u00e1s f\u00e1ciles de ver porque se congregan en torno a abrevaderos y r\u00edos. La Gran Migraci\u00f3n es uno de los acontecimientos m\u00e1s destacados en el Serengeti durante este periodo.<\/p>\n\n\n\n<h3 class=\"wp-block-heading\">Vacaciones en la playa<\/h3>\n\n\n\n<p>Zanz\u00edbar y otras regiones costeras se visitan mejor en los meses secos (<strong>De junio a octubre y de diciembre a febrero<\/strong>). El tiempo es c\u00e1lido y soleado, perfecto para actividades playeras y explorar los arrecifes de coral.<\/p>\n\n\n\n<figure class=\"wp-block-image size-full\"><img loading=\"lazy\" decoding=\"async\" width=\"2000\" height=\"1332\" src=\"https:\/\/safari-tours-africa.com\/wp-content\/uploads\/scenery-landscape-of-serengeti-national-park-full-of-animals-scaled.webp\" alt=\"Paisaje del parque nacional del Serengeti lleno de animales\" class=\"wp-image-977\"\/><figcaption class=\"wp-element-caption\">Para los safaris, lo mejor es visitar Tanzania durante la estaci\u00f3n seca.<\/figcaption><\/figure>\n\n\n\n<h2 class=\"wp-block-heading\">\u00bfEs segura Tanzania?<\/h2>\n\n\n\n<p>Tanzania es <strong>generalmente seguro para los turistas<\/strong>pero es prudente tomar <strong>medidas de seguridad est\u00e1ndar<\/strong>. Guarde bien los objetos de valor, sobre todo en lugares concurridos. Durante un safari, haga siempre caso a su gu\u00eda, que est\u00e1 formado para garantizar su seguridad en torno a la fauna salvaje. Respete las costumbres y tradiciones locales, sobre todo cuando visite pueblos o lugares religiosos. Vista de forma conservadora y pida permiso antes de fotografiar a la gente para mostrar respeto por la cultura local.<\/p>\n\n\n\n<figure class=\"wp-block-image size-large\"><img decoding=\"async\" src=\"https:\/\/safari-tours-africa.com\/wp-content\/uploads\/a-woman-in-a-burka-walking-through-the-outdoor-market-in-stone-town-1024x683.webp\" alt=\"Tanzania, Zanz\u00edbar - 6\/10\/2018: una mujer con burka pasea por el mercado al aire libre de Stone Town.\" class=\"wp-image-1295\"\/><figcaption class=\"wp-element-caption\">Calles de Stone Town<\/figcaption><\/figure>\n\n\n\n<h2 class=\"wp-block-heading\">\u00bfNecesito visado para entrar en Tanzania?<\/h2>\n\n\n\n<p>Se puede llegar a Tanzania en vuelos internacionales al aeropuerto internacional Julius Nyerere (Dar es Salaam) y al aeropuerto internacional del Kilimanjaro (Arusha). <strong>Los requisitos de visado var\u00edan<\/strong>Por eso, antes de viajar, hay que informarse en la embajada o consulado de Tanzania en su pa\u00eds. Los vuelos nacionales conectan los principales destinos, mientras que los dala-dalas<strong> <\/strong>(minibuses) y boda-bodas<strong> <\/strong>(mototaxis) ofrecen transporte local. Para viajes m\u00e1s largos o safaris, se recomiendan veh\u00edculos privados o excursiones organizadas.<\/p>\n\n\n\n<figure class=\"wp-block-image size-large\"><img decoding=\"async\" src=\"https:\/\/safari-tours-africa.com\/wp-content\/uploads\/usa-visa-in-a-passport-background-1024x683.webp\" alt=\"Visado de EE.UU. en un fondo de pasaporte\" class=\"wp-image-1296\"\/><figcaption class=\"wp-element-caption\">Compruebe los requisitos de visado de su pa\u00eds antes de viajar<\/figcaption><\/figure>\n\n\n\n<h2 class=\"wp-block-heading\">\u00bfC\u00f3mo es el transporte local en Tanzania?<\/h2>\n\n\n\n<p>Para vivir la aut\u00e9ntica experiencia tanzana, los transportes locales como <strong>dala-dalas y boda-bodas<\/strong> ofrecen una visi\u00f3n de la vida cotidiana. Sin embargo, por comodidad y conveniencia, especialmente cuando se viaja a destinos de safari remotos, son preferibles los veh\u00edculos privados o los vuelos. Las infraestructuras de Tanzania ofrecen diversas opciones de transporte, que se adaptan a diferentes preferencias y presupuestos.<\/p>\n\n\n\n<figure class=\"wp-block-image size-large\"><img loading=\"lazy\" decoding=\"async\" width=\"1024\" height=\"683\" src=\"https:\/\/safari-tours-africa.com\/wp-content\/uploads\/rear-view-of-bus-traveling-on-dirt-road-1024x683.webp\" alt=\"Vista trasera de un autob\u00fas circulando por un camino de tierra, Tanzania, \u00c1frica\" class=\"wp-image-1290\" srcset=\"https:\/\/safari-tours-africa.com\/wp-content\/uploads\/rear-view-of-bus-traveling-on-dirt-road-1024x683.webp 1024w, https:\/\/safari-tours-africa.com\/wp-content\/uploads\/rear-view-of-bus-traveling-on-dirt-road-300x200.webp 300w, https:\/\/safari-tours-africa.com\/wp-content\/uploads\/rear-view-of-bus-traveling-on-dirt-road-768x512.webp 768w, https:\/\/safari-tours-africa.com\/wp-content\/uploads\/rear-view-of-bus-traveling-on-dirt-road-1536x1024.webp 1536w, https:\/\/safari-tours-africa.com\/wp-content\/uploads\/rear-view-of-bus-traveling-on-dirt-road-2048x1365.webp 2048w, https:\/\/safari-tours-africa.com\/wp-content\/uploads\/rear-view-of-bus-traveling-on-dirt-road-18x12.webp 18w\" sizes=\"auto, (max-width: 1024px) 100vw, 1024px\" \/><figcaption class=\"wp-element-caption\">Un minib\u00fas circula por una carretera de tierra en Tanzania<\/figcaption><\/figure>\n\n\n\n<h2 class=\"wp-block-heading\">\u00bfCu\u00e1les son las opciones de alojamiento en Tanzania?<\/h2>\n\n\n\n<p>Desde lujosos lodges en el coraz\u00f3n de la sabana hasta resorts en primera l\u00ednea de playa en la costa swahili, Tanzania ofrece todo tipo de servicios. <strong>todos los gustos y presupuestos<\/strong>. Los alojamientos de safari van desde campamentos de tiendas que ofrecen una conexi\u00f3n \u00edntima con la naturaleza hasta opulentos lodges con servicios de categor\u00eda mundial. En Zanz\u00edbar y otras zonas costeras, los resorts y hoteles ofrecen descanso y diversas actividades acu\u00e1ticas.<\/p>\n\n\n\n<figure class=\"wp-block-image size-full\"><img loading=\"lazy\" decoding=\"async\" width=\"1024\" height=\"768\" src=\"https:\/\/safari-tours-africa.com\/wp-content\/uploads\/kon-tiki-serengeti-camp.webp\" alt=\"Campamento Kon Tiki Serengeti\" class=\"wp-image-974\" srcset=\"https:\/\/safari-tours-africa.com\/wp-content\/uploads\/kon-tiki-serengeti-camp.webp 1024w, https:\/\/safari-tours-africa.com\/wp-content\/uploads\/kon-tiki-serengeti-camp-300x225.webp 300w, https:\/\/safari-tours-africa.com\/wp-content\/uploads\/kon-tiki-serengeti-camp-768x576.webp 768w, https:\/\/safari-tours-africa.com\/wp-content\/uploads\/kon-tiki-serengeti-camp-16x12.webp 16w\" sizes=\"auto, (max-width: 1024px) 100vw, 1024px\" \/><figcaption class=\"wp-element-caption\">Campamento Kon Tiki Serengeti en el parque nacional<\/figcaption><\/figure>\n\n\n\n<h2 class=\"wp-block-heading\">\u00bfQu\u00e9 m\u00e1s puedo hacer en Tanzania adem\u00e1s de ver animales salvajes?<\/h2>\n\n\n\n<p>Los safaris de Tanzania son s\u00f3lo el principio. El pa\u00eds ofrece experiencias diversas:<\/p>\n\n\n\n<ul class=\"wp-block-list\">\n<li><strong>Safari en globo:<\/strong> Contemple el Serengeti a vista de p\u00e1jaro con un safari en globo aerost\u00e1tico. La serena y majestuosa panor\u00e1mica de las llanuras al amanecer es inolvidable.<\/li>\n\n\n\n<li><strong>Interacciones culturales:<\/strong> Relacionarse con las comunidades locales, como los masai, para comprender su modo de vida. Estos intercambios culturales son enriquecedores y ofrecen perspectiva.<\/li>\n\n\n\n<li><strong>Buceo y snorkel:<\/strong> Las transparentes aguas de Zanz\u00edbar y la isla de Mafia son perfectas para la exploraci\u00f3n submarina. Los arrecifes de coral est\u00e1n repletos de vida marina y ofrecen buceo y snorkel de primera clase.<\/li>\n\n\n\n<li><strong>Safaris en barco:<\/strong> En parques como Nyerere (Selous), los safaris en barco ofrecen una perspectiva diferente de la vida salvaje. Ver a los animales acercarse a beber al borde del agua es una experiencia serena.<\/li>\n<\/ul>\n\n\n\n<figure class=\"wp-block-image size-full\"><img loading=\"lazy\" decoding=\"async\" width=\"2000\" height=\"1333\" src=\"https:\/\/safari-tours-africa.com\/wp-content\/uploads\/hot-air-balloon-floating-over-an-acacia-tree-in-serengeti-national-park-scaled.webp\" alt=\"Globo aerost\u00e1tico flotando sobre una acacia en el Parque Nacional del Serengeti.\" class=\"wp-image-907\"\/><figcaption class=\"wp-element-caption\">Globo aerost\u00e1tico sobre el Serengeti <\/figcaption><\/figure>\n\n\n\n<h2 class=\"wp-block-heading\">\u00bfQu\u00e9 tal la comida?<\/h2>\n\n\n\n<p>La cocina tanzana es <strong>fusi\u00f3n de sabores africanos, \u00e1rabes e indios<\/strong>. Platos b\u00e1sicos como el Ugali y el Nyama Choma son de obligada degustaci\u00f3n. La costa, especialmente Zanz\u00edbar, ofrece una gran variedad de mariscos y es famosa por sus especias. Degustar la cocina local no es s\u00f3lo una cuesti\u00f3n de sustento, sino de experimentar la cultura.<\/p>\n\n\n\n<figure class=\"wp-block-image size-large\"><img decoding=\"async\" src=\"https:\/\/safari-tours-africa.com\/wp-content\/uploads\/street-food-forodhani-on-the-waterfront-1024x683.webp\" alt=\"Comida callejera Forodhani en el paseo mar\u00edtimo, Stone town, Zanz\u00edbar.\" class=\"wp-image-1291\"\/><figcaption class=\"wp-element-caption\">Comida callejera en Zanz\u00edbar<\/figcaption><\/figure>\n\n\n\n<h2 class=\"wp-block-heading\">\u00bfCu\u00e1les son algunos consejos de etiqueta para cuando se est\u00e1 en Tanzania?<\/h2>\n\n\n\n<p>En <strong>la propina no es obligatoria<\/strong>, es costumbre prestar un buen servicio, sobre todo en los safaris y en los restaurantes. Comprensi\u00f3n y <strong>respetar las costumbres locales<\/strong>,<strong> <\/strong>Vestir con modestia y pedir permiso antes de tomar fotograf\u00edas son claves para una experiencia de viaje respetuosa y enriquecedora.<\/p>\n\n\n\n<figure class=\"wp-block-image size-large\"><img loading=\"lazy\" decoding=\"async\" width=\"1024\" height=\"683\" src=\"https:\/\/safari-tours-africa.com\/wp-content\/uploads\/view-of-the-ngorongoro-crater-in-tanzania-1024x683.webp\" alt=\"Vista del cr\u00e1ter del Ngorongoro en Tanzania. \u00c1rea de conservaci\u00f3n del Ngorongoro. Paisaje africano. Gu\u00eda mostrando algo a los turistas\" class=\"wp-image-1297\" srcset=\"https:\/\/safari-tours-africa.com\/wp-content\/uploads\/view-of-the-ngorongoro-crater-in-tanzania-1024x683.webp 1024w, https:\/\/safari-tours-africa.com\/wp-content\/uploads\/view-of-the-ngorongoro-crater-in-tanzania-300x200.webp 300w, https:\/\/safari-tours-africa.com\/wp-content\/uploads\/view-of-the-ngorongoro-crater-in-tanzania-768x512.webp 768w, https:\/\/safari-tours-africa.com\/wp-content\/uploads\/view-of-the-ngorongoro-crater-in-tanzania-1536x1024.webp 1536w, https:\/\/safari-tours-africa.com\/wp-content\/uploads\/view-of-the-ngorongoro-crater-in-tanzania-2048x1365.webp 2048w, https:\/\/safari-tours-africa.com\/wp-content\/uploads\/view-of-the-ngorongoro-crater-in-tanzania-18x12.webp 18w\" sizes=\"auto, (max-width: 1024px) 100vw, 1024px\" \/><figcaption class=\"wp-element-caption\">Respete las costumbres locales<\/figcaption><\/figure>\n\n\n\n<h2 class=\"wp-block-heading\">\u00bfPor qu\u00e9 elegir Safari Tours Africa para viajar a Tanzania?<\/h2>\n\n\n\n<p>Tanzania ofrece un tapiz de paisajes y experiencias, desde los espectaculares espect\u00e1culos de vida salvaje del Serengeti y el Ngorongoro hasta las serenas playas de Zanz\u00edbar. Es una tierra donde cada safari no es s\u00f3lo un viaje por la naturaleza, sino un viaje al alma de \u00c1frica.<\/p>\n\n\n\n<p>Con su rico patrimonio cultural, su variada fauna y sus impresionantes paisajes, Tanzania promete una aventura que cautivar\u00e1 su coraz\u00f3n y perdurar\u00e1 en su memoria mucho despu\u00e9s de su viaje. <a href=\"https:\/\/safari-tours-africa.com\/es\/tanzania\/\">safari en Tanzania<\/a>.<\/p>","protected":false},"excerpt":{"rendered":"<p>Tanzania es un pa\u00eds de paisajes diversos y rico patrimonio, situado en \u00c1frica Oriental. Es famoso por sus extensos espacios naturales, como las llanuras del Parque Nacional del Serengeti, meca de los safaris y poblado por los Cinco Grandes (elefante, le\u00f3n, leopardo, b\u00fafalo y rinoceronte), y el Parque Nacional del Kilimanjaro, donde se encuentra la monta\u00f1a m\u00e1s alta de \u00c1frica. Frente a la costa se encuentran ... <a href=\"https:\/\/safari-tours-africa.com\/es\/tanzania-a-safari-destination\/\">Contin\u00faa en<\/a><\/p>","protected":false},"author":41,"featured_media":1285,"parent":0,"menu_order":0,"comment_status":"closed","ping_status":"closed","template":"","meta":{"_acf_changed":false,"footnotes":""},"class_list":["post-1184","page","type-page","status-publish","has-post-thumbnail","hentry"],"acf":{"page_subheading":"Dive into an in-depth guide about Tanzania's finest safari spots, cultural insights, and essential travel tips for an unforgettable adventure."},"_links":{"self":[{"href":"https:\/\/safari-tours-africa.com\/es\/wp-json\/wp\/v2\/pages\/1184","targetHints":{"allow":["GET"]}}],"collection":[{"href":"https:\/\/safari-tours-africa.com\/es\/wp-json\/wp\/v2\/pages"}],"about":[{"href":"https:\/\/safari-tours-africa.com\/es\/wp-json\/wp\/v2\/types\/page"}],"author":[{"embeddable":true,"href":"https:\/\/safari-tours-africa.com\/es\/wp-json\/wp\/v2\/users\/41"}],"replies":[{"embeddable":true,"href":"https:\/\/safari-tours-africa.com\/es\/wp-json\/wp\/v2\/comments?post=1184"}],"version-history":[{"count":12,"href":"https:\/\/safari-tours-africa.com\/es\/wp-json\/wp\/v2\/pages\/1184\/revisions"}],"predecessor-version":[{"id":1357,"href":"https:\/\/safari-tours-africa.com\/es\/wp-json\/wp\/v2\/pages\/1184\/revisions\/1357"}],"wp:featuredmedia":[{"embeddable":true,"href":"https:\/\/safari-tours-africa.com\/es\/wp-json\/wp\/v2\/media\/1285"}],"wp:attachment":[{"href":"https:\/\/safari-tours-africa.com\/es\/wp-json\/wp\/v2\/media?parent=1184"}],"curies":[{"name":"wp","href":"https:\/\/api.w.org\/{rel}","templated":true}]}}