{"id":39,"date":"2023-01-16T13:14:25","date_gmt":"2023-01-16T13:14:25","guid":{"rendered":"https:\/\/safari-tours-africa.com\/about-us\/"},"modified":"2024-01-18T14:29:36","modified_gmt":"2024-01-18T14:29:36","slug":"acerca-de-nosotros","status":"publish","type":"page","link":"https:\/\/safari-tours-africa.com\/es\/about-us\/","title":{"rendered":"Qui\u00e9nes somos"},"content":{"rendered":"<p>En <a href=\"https:\/\/world-discovery.com\/\">Descubrir el mundo<\/a>Nuestra historia siempre ha sido algo m\u00e1s que trazar rutas en un mapa. Es una historia de pasi\u00f3n, curiosidad y b\u00fasqueda incesante de lo desconocido. Nacida en el rico tapiz de historia y cultura de Europa, nuestra agencia ha evolucionado a lo largo de los a\u00f1os, abarcando diversas facetas de los viajes globales.<\/p>\n\n\n\n<p>Nuestra experiencia abarca un caleidoscopio de destinos, y cada viaje marca un nuevo cap\u00edtulo en nuestra aventura colectiva. Ahora, al girar nuestra br\u00fajula hacia \u00c1frica, nos encontramos en la c\u00faspide de un nuevo y estimulante cap\u00edtulo de nuestra odisea de exploraci\u00f3n.<\/p>\n\n\n\n<figure class=\"wp-block-image size-full\"><img loading=\"lazy\" decoding=\"async\" width=\"2000\" height=\"1332\" src=\"https:\/\/safari-tours-africa.com\/wp-content\/uploads\/hiker-on-chogoria-route-scaled.webp\" alt=\"Vista trasera de un grupo de excursionistas caminando junto a un r\u00edo en la ruta Chogoria, Monte Kenia, Kenia.\" class=\"wp-image-927\"\/><figcaption class=\"wp-element-caption\">\u00c1frica, tierra de m\u00faltiples joyas<\/figcaption><\/figure>\n\n\n\n<h3 class=\"wp-block-heading\">\u00c1frica: Un lienzo de cruda belleza<\/h3>\n\n\n\n<p>\u00c1frica siempre ha sido una fuente de inspiraci\u00f3n para World Discovery. Su belleza en estado puro y su riqueza paisaj\u00edstica y cultural atraen a los verdaderos exploradores. Decidimos centrarnos en los safaris, no en las escapadas de lujo, porque creemos en la importancia de la naturaleza. <strong>presentar \u00c1frica en su forma m\u00e1s aut\u00e9ntica<\/strong>.<\/p>\n\n\n\n<p>Desde las extensas sabanas de Kenia y Tanzania hasta la agreste Uganda y los diversos biomas de Sud\u00e1frica, cada destino ofrece una ventana \u00fanica a un mundo en el que la naturaleza sigue reinando.<\/p>\n\n\n\n<figure class=\"wp-block-image size-full\"><img loading=\"lazy\" decoding=\"async\" width=\"2000\" height=\"1329\" src=\"https:\/\/safari-tours-africa.com\/wp-content\/uploads\/mount-kenya-scaled.webp\" alt=\"Panorama del Monte Kenia,\" class=\"wp-image-916\"\/><figcaption class=\"wp-element-caption\">La cruda belleza de \u00c1frica<\/figcaption><\/figure>\n\n\n\n<p>Nuestras aventuras de safari est\u00e1n dise\u00f1adas para sumergir a nuestros clientes en el coraz\u00f3n de \u00c1frica. Le llevamos m\u00e1s all\u00e1 de lo ordinario, ofreci\u00e9ndole la oportunidad de recorrer con ligereza ecosistemas que han permanecido inalterados durante milenios.&nbsp;<\/p>\n\n\n\n<p>Nuestra visi\u00f3n es facilitar un <strong>conexi\u00f3n real con el continente<\/strong> - su vida salvaje, sus paisajes y sus gentes, permiti\u00e9ndole vivir \u00c1frica como realmente es: salvaje, libre e impresionante.<\/p>\n\n\n\n<h3 class=\"wp-block-heading\">Nuestra fuerza: Experiencia y asociaciones fiables<\/h3>\n\n\n\n<p>La fuerza de World Discovery reside en nuestra experiencia y <strong>nuestra capacidad para identificar las experiencias de safari m\u00e1s fiables y aut\u00e9nticas<\/strong>. Entendemos que la esencia de un gran safari no reside s\u00f3lo en el destino, sino en el viaje y en las personas que le gu\u00edan a trav\u00e9s de \u00e9l.<\/p>\n\n\n\n<p>Nuestro enfoque a la hora de seleccionar socios es meticuloso y se basa en un profundo conocimiento de lo que hace que una experiencia de safari sea excepcional.<\/p>\n\n\n\n<p>Nuestro equipo, con su vasta experiencia en el sector de los viajes, eval\u00faa meticulosamente cada posible socio y oportunidad de safari, bas\u00e1ndose en una gran cantidad de conocimientos y perspectivas a trav\u00e9s de un <strong>proceso minucioso <\/strong>que refleja la diligencia y atenci\u00f3n que uno pondr\u00eda al viajar por los majestuosos paisajes de \u00c1frica.<\/p>\n\n\n\n<figure class=\"wp-block-image size-full\"><img loading=\"lazy\" decoding=\"async\" width=\"2000\" height=\"1333\" src=\"https:\/\/safari-tours-africa.com\/wp-content\/uploads\/maasai-mara-men-dancing-scaled.webp\" alt=\"Hombre Maasai Mara mostrando la danza de salto tradicional Maasai\" class=\"wp-image-864\"\/><figcaption class=\"wp-element-caption\">Hombres Masai locales<\/figcaption><\/figure>\n\n\n\n<p>Nos adentramos en las operaciones de nuestros socios, evaluando sus canales de atenci\u00f3n al cliente, su capacidad organizativa y su fiabilidad general. Nuestro equipo se compromete con los responsables y examina sus ofertas para asegurarse de que cumplen nuestros requisitos. <strong>altos est\u00e1ndares<\/strong>.<\/p>\n\n\n\n<p>Cuando organizamos su safari, lo hacemos con la precisi\u00f3n y el cuidado de quienes saben lo que hace que una aventura africana sea realmente especial. Nuestro proceso de selecci\u00f3n se basa en una exhaustiva investigaci\u00f3n, en las opiniones de los clientes y en una estrecha comunicaci\u00f3n con los expertos locales.<\/p>\n\n\n\n<p>Esto nos permite seleccionar experiencias de safari que ofrecen <strong>autenticidad y encuentros sin igual<\/strong> con la fauna y la cultura de \u00c1frica.<\/p>\n\n\n\n<h3 class=\"wp-block-heading\">Nuestros socios locales<\/h3>\n\n\n\n<p>Nuestros socios en \u00c1frica son algo m\u00e1s que simples operadores: son guardianes de la tierra y embajadores de su cultura. Son <strong>locales<\/strong> que viven y respiran la naturaleza africana, con historias y conocimientos que enriquecen cada safari.<\/p>\n\n\n\n<p>Al elegir trabajar con ellos, nos aseguramos de que nuestros clientes no s\u00f3lo disfruten de una aut\u00e9ntica experiencia africana, sino que tambi\u00e9n contribuyan a la conservaci\u00f3n de estos magn\u00edficos paisajes y de las comunidades que los consideran su hogar.<\/p>\n\n\n\n<figure class=\"wp-block-image size-large is-resized\"><img loading=\"lazy\" decoding=\"async\" width=\"1024\" height=\"1024\" src=\"https:\/\/safari-tours-africa.com\/wp-content\/uploads\/our-kenyan-safari-ride-1-1024x1024.webp\" alt=\"Nuestro safari por Kenia\" class=\"wp-image-830\" style=\"width:1189px;height:auto\" srcset=\"https:\/\/safari-tours-africa.com\/wp-content\/uploads\/our-kenyan-safari-ride-1-1024x1024.webp 1024w, https:\/\/safari-tours-africa.com\/wp-content\/uploads\/our-kenyan-safari-ride-1-300x300.webp 300w, https:\/\/safari-tours-africa.com\/wp-content\/uploads\/our-kenyan-safari-ride-1-150x150.webp 150w, https:\/\/safari-tours-africa.com\/wp-content\/uploads\/our-kenyan-safari-ride-1-768x767.webp 768w, https:\/\/safari-tours-africa.com\/wp-content\/uploads\/our-kenyan-safari-ride-1-12x12.webp 12w, https:\/\/safari-tours-africa.com\/wp-content\/uploads\/our-kenyan-safari-ride-1.webp 1482w\" sizes=\"auto, (max-width: 1024px) 100vw, 1024px\" \/><figcaption class=\"wp-element-caption\">Intentamos establecer asociaciones s\u00f3lidas con proveedores locales<\/figcaption><\/figure>\n\n\n\n<h3 class=\"wp-block-heading\">Descubra \u00c1frica (y el mundo) con nosotros<\/h3>\n\n\n\n<p>Con World Discovery en Safari Tours Africa, su safari africano ser\u00e1 un viaje al alma del continente m\u00e1s cautivador del mundo. Ya se trate de rastrear gorilas en los bosques neblinosos de Uganda, presenciar la Gran Migraci\u00f3n en Kenia y Tanzania o explorar los diversos ecosistemas de Sud\u00e1frica, le prometemos una aventura que le dejar\u00e1 recuerdos para toda la vida.<\/p>\n\n\n\n<p>\u00danase a nosotros en este viaje de descubrimiento. Explore nuestras experiencias de safari en <a href=\"https:\/\/safari-tours-africa.com\/es\/uganda\/\">Uganda<\/a>, <a href=\"https:\/\/safari-tours-africa.com\/es\/sudafrica\/\">Sud\u00e1frica<\/a>, <a href=\"https:\/\/safari-tours-africa.com\/es\/kenia\/\">Kenia<\/a>y <a href=\"https:\/\/safari-tours-africa.com\/es\/tanzania\/\">Tanzania<\/a>y ad\u00e9ntrese en un mundo en el que cada momento es una historia que espera ser contada. P\u00f3ngase en contacto con nosotros hoy mismo y emb\u00e1rquese en una aventura inolvidable en el coraz\u00f3n de \u00c1frica con <a href=\"https:\/\/safari-tours-africa.com\/es\/\">Safari Tours \u00c1frica<\/a>.<\/p>","protected":false},"excerpt":{"rendered":"<p>En World Discovery, nuestra narrativa siempre ha sido algo m\u00e1s que trazar rutas en un mapa. Es una historia de pasi\u00f3n, curiosidad y b\u00fasqueda incesante de lo desconocido. Nacida en el rico tapiz de historia y cultura de Europa, nuestra agencia ha evolucionado a lo largo de los a\u00f1os, abarcando diversas facetas de los viajes globales. Nuestra experiencia abarca un ... <a href=\"https:\/\/safari-tours-africa.com\/es\/about-us\/\">Contin\u00faa en<\/a><\/p>","protected":false},"author":41,"featured_media":930,"parent":0,"menu_order":0,"comment_status":"closed","ping_status":"closed","template":"","meta":{"_acf_changed":false,"footnotes":""},"class_list":["post-39","page","type-page","status-publish","has-post-thumbnail","hentry"],"acf":{"page_subheading":"Discover Africa with World Discovery: Expertly curated safari adventures that blend authenticity with our extensive travel industry experience."},"_links":{"self":[{"href":"https:\/\/safari-tours-africa.com\/es\/wp-json\/wp\/v2\/pages\/39","targetHints":{"allow":["GET"]}}],"collection":[{"href":"https:\/\/safari-tours-africa.com\/es\/wp-json\/wp\/v2\/pages"}],"about":[{"href":"https:\/\/safari-tours-africa.com\/es\/wp-json\/wp\/v2\/types\/page"}],"author":[{"embeddable":true,"href":"https:\/\/safari-tours-africa.com\/es\/wp-json\/wp\/v2\/users\/41"}],"replies":[{"embeddable":true,"href":"https:\/\/safari-tours-africa.com\/es\/wp-json\/wp\/v2\/comments?post=39"}],"version-history":[{"count":4,"href":"https:\/\/safari-tours-africa.com\/es\/wp-json\/wp\/v2\/pages\/39\/revisions"}],"predecessor-version":[{"id":963,"href":"https:\/\/safari-tours-africa.com\/es\/wp-json\/wp\/v2\/pages\/39\/revisions\/963"}],"wp:featuredmedia":[{"embeddable":true,"href":"https:\/\/safari-tours-africa.com\/es\/wp-json\/wp\/v2\/media\/930"}],"wp:attachment":[{"href":"https:\/\/safari-tours-africa.com\/es\/wp-json\/wp\/v2\/media?parent=39"}],"curies":[{"name":"wp","href":"https:\/\/api.w.org\/{rel}","templated":true}]}}