{"id":1172,"date":"2024-01-22T15:31:09","date_gmt":"2024-01-22T15:31:09","guid":{"rendered":"https:\/\/safari-tours-africa.com\/?page_id=1172"},"modified":"2024-01-23T17:26:49","modified_gmt":"2024-01-23T17:26:49","slug":"kenia-safarikohde","status":"publish","type":"page","link":"https:\/\/safari-tours-africa.com\/fi\/kenya-a-safari-destination\/","title":{"rendered":"Kenia: Kenia: Safarikohde"},"content":{"rendered":"<p>Kenia, joka sijaitsee <strong>It\u00e4-Afrikan syd\u00e4n<\/strong>, on maa, jossa luonnonkauneus kohtaa seikkailun. Se on kohde, joka tunnetaan monipuolisesta villiel\u00e4imist\u00f6st\u00e4\u00e4n ja maisemistaan, aina Suuren repe\u00e4m\u00e4laakson flamingoj\u00e4rvist\u00e4 villiel\u00e4inten rikkaisiin luonnonpuistoihin ja maisemiin. <a href=\"https:\/\/safari-tours-africa.com\/fi\/safarimatkat\/3-day-enkorok-mara-camp-safari\/\">Maasai Mara<\/a>.<\/p>\n\n\n\n<p>Se on maa, jossa perinteinen kulttuuri on kietoutunut osaksi nykyaikaista el\u00e4m\u00e4\u00e4, Nairobin vilkkailta kaduilta pohjoisen rajan paimentolaisheimoihin. Koskemattomien rantojensa, vuoristoisten yl\u00e4nk\u00f6alueidensa ja runsaan villiel\u00e4imist\u00f6ns\u00e4 ansiosta Kenia tarjoaa runsaasti el\u00e4myksi\u00e4 jokaiselle matkailijalle, joka haluaa tutustua Afrikan luonnonihmeisiin ja kulttuurin syvyyksiin.<\/p>\n\n\n\n<figure class=\"wp-block-image size-full\"><img loading=\"lazy\" decoding=\"async\" width=\"2000\" height=\"1333\" src=\"https:\/\/safari-tours-africa.com\/wp-content\/uploads\/masai-mara-national-park-in-kenya-scaled.webp\" alt=\"Villi kirahvi ja gnuu safariauton l\u00e4hell\u00e4 Masai Maran kansallispuistossa Keniassa. Safari-konsepti. Afrikkalainen matkamaisema\" class=\"wp-image-863\"\/><figcaption class=\"wp-element-caption\">Safarimatka Keniaan<\/figcaption><\/figure>\n\n\n\n<h2 class=\"wp-block-heading\">Miss\u00e4 paikoissa Keniassa kannattaa k\u00e4yd\u00e4 safarilla?<\/h2>\n\n\n\n<h3 class=\"wp-block-heading\">1. Masai Maran kansallinen suojelualue<\/h3>\n\n\n\n<p>Masai Mara ei ole pelkk\u00e4 paikka, vaan spektaakkeli itsess\u00e4\u00e4n, ja se on synonyymi villiel\u00e4imille ja afrikkalaiselle safarikokemukselle. Se on Serengetin pohjoinen jatke ja koti upealle Masai Maralle. <strong>Suuri muuttoliike<\/strong>, jossa yli miljoona gnuta, seepraa ja gasellia kulkee tasangoilla etsien tuoretta laidunta. Suojelualue on my\u00f6s valokuvauspaikka, joka tarjoaa tilaisuuksia ikuistaa... <strong>Big Five<\/strong> niiden luonnollisessa elinymp\u00e4rist\u00f6ss\u00e4. . <strong>Mara-joki<\/strong>, jossa on virtahepoja ja krokotiileja, tuo dynaamisen elementin riistan tarkkailukokemukseen.<\/p>\n\n\n\n<p>Vieraile Masai Maran kansallispuistossa. <a __bud_processed=\"\" href=\"https:\/\/safari-tours-africa.com\/fi\/safarimatkat\/3-day-masai-mara-ashnil-camp-safari\/\">3 p\u00e4iv\u00e4n Masai Mara Ashnil Camp Safari<\/a>.<\/p>\n\n\n\n<figure class=\"wp-block-image size-full\"><img loading=\"lazy\" decoding=\"async\" width=\"2000\" height=\"1338\" src=\"https:\/\/safari-tours-africa.com\/wp-content\/uploads\/masai-mara-scaled.webp\" alt=\"Masai Mara, Kenia\" class=\"wp-image-1273\"\/><figcaption class=\"wp-element-caption\">Masai Maran kansallispuisto<\/figcaption><\/figure>\n\n\n\n<h3 class=\"wp-block-heading\">2. Helvetin portin kansallispuisto<\/h3>\n\n\n\n<p>Pes\u00e4puu <strong>Suuri repe\u00e4m\u00e4laakso<\/strong>, Hell's Gaten kansallispuisto tarjoaa poikkeuksellisen safarikokemuksen, joka erottuu dramaattisesta geotermisest\u00e4 toiminnasta ja ainutlaatuisesta villiel\u00e4imist\u00f6st\u00e4. Puisto on turvapaikka el\u00e4imille, kuten puhvelille, seeproille ja kirahveille, ja sen petoel\u00e4imist\u00e4 vapaa asema tekee siit\u00e4 ihanteellisen paikan patikointi- ja py\u00f6r\u00e4ilysafareille r\u00f6yht\u00e4ilevien geysirien ja kohoavien kallioiden keskell\u00e4. Tunnettu <strong>kalliokiipeily\u00e4 ja lintujen tarkkailua<\/strong>, jossa on yli 100 lajia, mukaan lukien harvinainen Verreaux'n kotka, ja puistossa esitell\u00e4\u00e4n my\u00f6s luonnon ja uusiutuvan energian harmoniaa Olkarian geotermisess\u00e4 l\u00e4mp\u00f6asemassa.<\/p>\n\n\n\n<p>Vieraile Hell's Gaten kansallispuistossa, joka sijaitsee <a href=\"https:\/\/safari-tours-africa.com\/fi\/safarimatkat\/7-day-best-of-kenya-safari\/\">7-p\u00e4iv\u00e4inen Best of Kenya -safari<\/a>.<\/p>\n\n\n\n<figure class=\"wp-block-image size-large\"><img decoding=\"async\" src=\"https:\/\/safari-tours-africa.com\/wp-content\/uploads\/hells-gate-national-park-1-1024x576.webp\" alt=\"Vaikuttava Helvetin portin kansallispuisto, Kenia\" class=\"wp-image-1324\"\/><figcaption class=\"wp-element-caption\">Hell's Gaten kansallispuiston ainutlaatuinen maisema<\/figcaption><\/figure>\n\n\n\n<h3 class=\"wp-block-heading\">3. Samburun kansallinen suojelualue<\/h3>\n\n\n\n<p>Samburu tarjoaa Kenian safarin eri puolen kuivine maisemineen ja ainutlaatuisine villiel\u00e4imineen. ... <strong>Ewaso Ng'iro -joki<\/strong> on alueen elinehto, joka houkuttelee monenlaisia villiel\u00e4imi\u00e4 ja jossa asuu suuri joukko luonnonvaraisia el\u00e4imi\u00e4. <strong>Niilin krokotiilit<\/strong>. Suojelualueella el\u00e4\u00e4 harvoin muualla tavattavia lajeja, kuten verkkokirahvi ja somalialainen strutsi, mik\u00e4 tekee siit\u00e4 ainutlaatuisen safarikohteen niille, jotka etsiv\u00e4t retke\u00e4 syrj\u00e4seudulle.<\/p>\n\n\n\n<p>Vieraile Samburun kansallispuistossa <a href=\"https:\/\/safari-tours-africa.com\/fi\/safarimatkat\/4-day-samburu-flying-package\/\">4 p\u00e4iv\u00e4n Samburu lentopaketti<\/a>.<\/p>\n\n\n\n<figure class=\"wp-block-image size-full\"><img loading=\"lazy\" decoding=\"async\" width=\"2000\" height=\"1330\" src=\"https:\/\/safari-tours-africa.com\/wp-content\/uploads\/buffalo-in-samburu-scaled.webp\" alt=\"Buffalo\" class=\"wp-image-881\"\/><figcaption class=\"wp-element-caption\">Puhveli vilvoittelemassa Samburun kansallispuistossa<\/figcaption><\/figure>\n\n\n\n<h3 class=\"wp-block-heading\">4. Nakuruj\u00e4rven kansallispuisto<\/h3>\n\n\n\n<p>Kerran tunnettu valtavasta <strong>flamingopopulaatio<\/strong> Nakuru-j\u00e4rvi tarjoaa kompaktilla alueellaan runsaasti luonnon monimuotoisuutta. Puisto on nyky\u00e4\u00e4n sarvikuonojen turvapaikka. <strong>mustavalkosarvikuonot<\/strong> kukoistaa t\u00e4\u00e4ll\u00e4. N\u00e4k\u00f6alapaikoilta, kuten Lion Hillilt\u00e4, avautuvat panoraaman\u00e4kym\u00e4t j\u00e4rvelle ja sen rannoilla el\u00e4ville miljoonille pelikaaneille ja flamingoille.<\/p>\n\n\n\n<p>Vieraile Nakuru-j\u00e4rven kansallispuistossa <a href=\"https:\/\/safari-tours-africa.com\/fi\/safarimatkat\/7-day-tree-hotel-samburu-nakuru-masai-lodge-centy-safari\/\">7-p\u00e4iv\u00e4inen Tree Hotel Samburu-Nakuru-Masai Lodge Centy Safari - 7-p\u00e4iv\u00e4inen Tree Hotel Samburu-Nakuru-Masai Lodge Centy Safari<\/a>.<\/p>\n\n\n\n<figure class=\"wp-block-image size-full\"><img loading=\"lazy\" decoding=\"async\" width=\"2000\" height=\"1328\" src=\"https:\/\/safari-tours-africa.com\/wp-content\/uploads\/rhinos-in-lake-nakuru-national-park-scaled.webp\" alt=\"sarvikuonot Nakuruj\u00e4rven kansallispuistossa, Kenia\" class=\"wp-image-1272\"\/><figcaption class=\"wp-element-caption\">Kaksi sarvikuonoa Nakuruj\u00e4rven rannalla<\/figcaption><\/figure>\n\n\n\n<h3 class=\"wp-block-heading\">5. Amboselin kansallispuisto<\/h3>\n\n\n\n<p>Amboseli tarjoaa muutakin kuin vain majesteettisen <strong>Kilimanjaro<\/strong>. Se on areena, jossa voit n\u00e4hd\u00e4 suuria norsulaumoja vaeltelemassa Afrikan korkeimman huipun taustalla. Puiston suhteellisen <strong>pieni koko ja avoimet tasangot<\/strong> on helppo havaita villiel\u00e4imi\u00e4, ja ne tarjoavat intiimej\u00e4 kohtaamisia leijonien, gepardien ja lukemattomien lintulajien kaltaisten el\u00e4inten kanssa. Tarkkailukukkulalta avautuvat panoraaman\u00e4kym\u00e4t puistoon erityisesti auringonlaskun aikaan, mik\u00e4 on valokuvaajan paratiisi.<\/p>\n\n\n\n<figure class=\"wp-block-image size-large\"><img decoding=\"async\" src=\"https:\/\/safari-tours-africa.com\/wp-content\/uploads\/mount-kilimanjaro-with-an-elephant-walking-across-the-foreground-1024x576.webp\" alt=\"Kilimanjaro-vuori, jonka etualalla k\u00e4velee norsu. Amboselin kansallispuisto, Kenia.\" class=\"wp-image-1325\"\/><figcaption class=\"wp-element-caption\">Yksin\u00e4inen norsu k\u00e4velee Kilimanjaron edess\u00e4 Amboselin kansallispuistossa.<\/figcaption><\/figure>\n\n\n\n<h3 class=\"wp-block-heading\">6. Tsavo East ja West kansallispuistot<\/h3>\n\n\n\n<p>Yhdess\u00e4 n\u00e4m\u00e4 puistot muodostavat <strong>yksi maailman suurimmista suojelualueista<\/strong>. Tsavo on villi ja kesytt\u00e4m\u00e4t\u00f6n alue koskemattomassa er\u00e4maassa. Tsavo East on tunnettu valtavista p\u00f6lypunaisista norsulaumoistaan, kun taas Tsavo West tarjoaa monipuolisempaa maisemaa, johon kuuluu l\u00e4hteit\u00e4, virtahepojen vedenalainen katselu Mzima Springsiss\u00e4 ja Shetanin laavavirrat.<\/p>\n\n\n\n<figure class=\"wp-block-image size-large\"><img loading=\"lazy\" decoding=\"async\" width=\"1024\" height=\"683\" src=\"https:\/\/safari-tours-africa.com\/wp-content\/uploads\/zebras-in-tsavo-east-national-park-in-kenya-1024x683.webp\" alt=\"Seeproja Tsavo Eastin kansallispuistossa Keniassa\" class=\"wp-image-1326\" srcset=\"https:\/\/safari-tours-africa.com\/wp-content\/uploads\/zebras-in-tsavo-east-national-park-in-kenya-1024x683.webp 1024w, https:\/\/safari-tours-africa.com\/wp-content\/uploads\/zebras-in-tsavo-east-national-park-in-kenya-300x200.webp 300w, https:\/\/safari-tours-africa.com\/wp-content\/uploads\/zebras-in-tsavo-east-national-park-in-kenya-768x512.webp 768w, https:\/\/safari-tours-africa.com\/wp-content\/uploads\/zebras-in-tsavo-east-national-park-in-kenya-1536x1024.webp 1536w, https:\/\/safari-tours-africa.com\/wp-content\/uploads\/zebras-in-tsavo-east-national-park-in-kenya-2048x1365.webp 2048w, https:\/\/safari-tours-africa.com\/wp-content\/uploads\/zebras-in-tsavo-east-national-park-in-kenya-18x12.webp 18w\" sizes=\"auto, (max-width: 1024px) 100vw, 1024px\" \/><figcaption class=\"wp-element-caption\">Tsamo on kesytt\u00e4m\u00e4t\u00f6n er\u00e4maa-alue.<\/figcaption><\/figure>\n\n\n\n<h2 class=\"wp-block-heading\">Milloin on paras aika vierailla Keniassa?<\/h2>\n\n\n\n<p>Vierailun ajoitus voi vaikuttaa merkitt\u00e4v\u00e4sti safarikokemukseen. Osoitteessa <strong>kuivat kuukaudet kes\u00e4kuusta lokakuuhun <\/strong>tarjoavat parhaan riistakatselumahdollisuuden, sill\u00e4 el\u00e4imet ker\u00e4\u00e4ntyv\u00e4t vesil\u00e4hteiden ymp\u00e4rille. T\u00e4m\u00e4 ajanjakso osuu samaan aikaan Masai Maran suuren vaelluksen kanssa, joka houkuttelee luontoharrastajia kaikkialta maailmasta.<\/p>\n\n\n\n<p>Kuitenkin <strong>lintujen tarkkailijat<\/strong> ja rehevist\u00e4, luonnonkauniista maisemista kiinnostuneille kosteat vuodenajat (marras-joulukuu ja maalis-toukokuu) tarjoavat ainutlaatuisen safarikokemuksen, kun vastasyntyneet el\u00e4imet ja muuttolinnut t\u00e4ytt\u00e4v\u00e4t taivaan.<\/p>\n\n\n\n<figure class=\"wp-block-image size-full\"><img loading=\"lazy\" decoding=\"async\" width=\"2000\" height=\"1333\" src=\"https:\/\/safari-tours-africa.com\/wp-content\/uploads\/roller-bird-on-a-safari-in-kenya.webp\" alt=\"Lilac breasted roller, Masai Mara, Kenia\" class=\"wp-image-866\"\/><figcaption class=\"wp-element-caption\">Paras aika vierailla Keniassa riippuu siit\u00e4, millaisia el\u00e4imi\u00e4 haluat n\u00e4hd\u00e4.<\/figcaption><\/figure>\n\n\n\n<h2 class=\"wp-block-heading\">Onko Kenia turvallinen?<\/h2>\n\n\n\n<p>Vaikka Kenia on suhteellisen turvallinen matkailukohde, on t\u00e4rke\u00e4\u00e4 noudattaa tavanomaisia varotoimia. Pysy ajan tasalla hallituksen viimeisimmist\u00e4 matkustustiedotuksista. Safarikohteissa turvallisuustoimenpiteet ovat ensiarvoisen t\u00e4rkeit\u00e4. <strong>kokeneet oppaat ja tiukat puistos\u00e4\u00e4nn\u00f6t<\/strong> turvallisen kokemuksen varmistamiseksi. Kaupungeissa on suositeltavaa v\u00e4ltt\u00e4\u00e4 y\u00f6aikaan muita kuin turistialueita, pit\u00e4\u00e4 arvoesineet turvassa ja olla valppaana, kuten miss\u00e4 tahansa suurkaupungissa ymp\u00e4ri maailmaa.<\/p>\n\n\n\n<figure class=\"wp-block-image size-large\"><img decoding=\"async\" src=\"https:\/\/safari-tours-africa.com\/wp-content\/uploads\/street-market-in-nairobi-streets-1024x683.webp\" alt=\"Nairobin katujen katumarkkinat Kenyattan kansainv\u00e4lisen kokouskeskuksen huipulta.\" class=\"wp-image-1327\"\/><figcaption class=\"wp-element-caption\">Tavanomaisia varotoimia noudattaen Kenia on yht\u00e4 turvallinen kuin mik\u00e4 tahansa muu kolmannen maailman maa.<\/figcaption><\/figure>\n\n\n\n<h2 class=\"wp-block-heading\">Tarvitsenko viisumin tullakseni Keniaan?<\/h2>\n\n\n\n<p>Kenian maahantulon suunnittelu on t\u00e4rke\u00e4\u00e4 sujuvan kokemuksen kannalta. Useimmat matkustajat saapuvat <strong>Jomo Kenyattan kansainv\u00e4linen lentoasema<\/strong> Nairobissa. Useimmat kansalaisuudet tarvitsevat viisumin, ja sen voi hankkia verkossa Nairobiasta. <strong>eVisa-j\u00e4rjestelm\u00e4<\/strong>. Prosessi on suoraviivainen, mutta hakemus on suositeltavaa tehd\u00e4 hyviss\u00e4 ajoin ennen matkap\u00e4ivi\u00e4si. Varmista, ett\u00e4 passisi on voimassa v\u00e4hint\u00e4\u00e4n kuusi kuukautta, ja tarkista, kuuluuko maasi It\u00e4-Afrikan turistiviisumiohjelmaan, joka tarjoaa usean maan viisumin, mik\u00e4 on k\u00e4tev\u00e4 vaihtoehto laajempaa aluetta tutkiville.<\/p>\n\n\n\n<figure class=\"wp-block-image size-full\"><img loading=\"lazy\" decoding=\"async\" width=\"2000\" height=\"1333\" src=\"https:\/\/safari-tours-africa.com\/wp-content\/uploads\/usa-visa-in-a-passport-background-scaled.webp\" alt=\"USA:n viisumi passin taustalla\" class=\"wp-image-1296\"\/><figcaption class=\"wp-element-caption\">Tarkista maasi viisumivaatimukset ennen matkaasi.<\/figcaption><\/figure>\n\n\n\n<h2 class=\"wp-block-heading\">Millainen on paikallinen liikenne Keniassa?<\/h2>\n\n\n\n<p>Keniassa liikkuminen on osa seikkailua. <strong>Kotimaan lennot<\/strong> yhdist\u00e4v\u00e4t suuria kaupunkeja ja safarikohteita ja tarjoavat nopean ja luonnonkauniin tavan kulkea pitki\u00e4 matkoja. Paikallisista kokemuksista kiinnostuneille <strong>matatu minibussit<\/strong> tarjoavat v\u00e4rikk\u00e4\u00e4n ja vilkkaan liikennev\u00e4lineen, vaikka ne eiv\u00e4t v\u00e4ltt\u00e4m\u00e4tt\u00e4 noudata tiukkoja aikatauluja. Yksityiset kuljetukset ja taksit tarjoavat mukavamman ja turvallisemman tavan liikkua etenkin kaupunkialueilla. Jos haluat nauttia maisemista ja rauhallisesta tahdista, kannattaa harkita Nairobin ja Mombasan v\u00e4list\u00e4 junayhteytt\u00e4, joka tarjoaa n\u00e4kymi\u00e4 maaseudulle ja esimakua paikallisesta el\u00e4m\u00e4st\u00e4.<\/p>\n\n\n\n<figure class=\"wp-block-image size-large\"><img decoding=\"async\" src=\"https:\/\/safari-tours-africa.com\/wp-content\/uploads\/tuk-tuk-in-kenya-1024x640.webp\" alt=\"N\u00e4kym\u00e4 matkustajan istuimelta ajettaessa tuk-tukilla (kolmipy\u00f6r\u00e4inen autoriksha), kun toinen tulee vastakkaiseen suuntaan tien toisella puolella. Malindi, Kenia\" class=\"wp-image-1328\"\/><figcaption class=\"wp-element-caption\">N\u00e4kym\u00e4 tuk-tukista Keniassa<\/figcaption><\/figure>\n\n\n\n<h2 class=\"wp-block-heading\">Mit\u00e4 majoitusvaihtoehtoja Keniassa on?<\/h2>\n\n\n\n<p>Majoitusvaihtoehdot Keniassa palvelevat <strong>jokaiseen makuun ja budjettiin<\/strong>. Nairobin ja Mombasan kaltaisissa kaupungeissa on tarjolla monenlaisia hotelleja kansainv\u00e4lisist\u00e4 luksusmerkeist\u00e4 paikallisiin boutique-hotelleihin. Kansallispuistojen safarimajoitukset ja -leirit tarjoavat el\u00e4myksellisen villiel\u00e4inkokemuksen, ja vaihtoehtoja on ylellisist\u00e4 telttaleireist\u00e4 maalaismaisemissa sijaitseviin lodgeihin. Rannan yst\u00e4ville Kenian rannikko tarjoaa lomakeskuksia ja majataloja, joista on upeat merin\u00e4k\u00f6alat ja p\u00e4\u00e4sy Diani Beachin kaltaisille koskemattomille rannoille. Ekologiset majatalot ovat loistava valinta niille, jotka etsiv\u00e4t kest\u00e4vi\u00e4 ja yhteis\u00f6llisi\u00e4 majoitusvaihtoehtoja.<\/p>\n\n\n\n<figure class=\"wp-block-image size-large\"><img decoding=\"async\" src=\"https:\/\/safari-tours-africa.com\/wp-content\/uploads\/kenya-lodge-for-tourist-surrounded-by-the-jungle-1024x638.webp\" alt=\"Kenya Lodge turisteille viidakon ymp\u00e4r\u00f6im\u00e4n\u00e4\" class=\"wp-image-1329\"\/><figcaption class=\"wp-element-caption\">Kaikissa Kenian puistoissa on eritasoisia majataloja.<\/figcaption><\/figure>\n\n\n\n<h2 class=\"wp-block-heading\">Mit\u00e4 muuta voin tehd\u00e4 Keniassa villiel\u00e4inten n\u00e4kemisen lis\u00e4ksi?<\/h2>\n\n\n\n<p>Kenia on monimuotoinen maa, ei vain villiel\u00e4inten vaan my\u00f6s kulttuuri- ja seikkailukokemusten osalta. Perinteisten safarien lis\u00e4ksi k\u00e4vij\u00e4t voivat tutustua paikallisiin ihmisiin. <strong>Maasai- ja Samburu-yhteis\u00f6t<\/strong>, joka tarjoaa v\u00e4l\u00e4hdyksen Kenian rikkaasta kulttuuriperinn\u00f6st\u00e4. Lintujen tarkkailu on upeaa, erityisesti Rift Valleyn j\u00e4rvill\u00e4. Seikkailunhaluisille, <strong>kuumailmapallosafarit<\/strong> tarjoavat ainutlaatuisen n\u00e4kym\u00e4n Maasai Maraan, ja rannikon vesiurheilulajit palvelevat rantaharrastajia. Luonnonsuojelukeskukset ja -suojelualueet tarjoavat tietoa villiel\u00e4inten suojelutoimista, joten matkastasi tulee loma ja oppimiskokemus.<\/p>\n\n\n\n<figure class=\"wp-block-image size-large is-resized\"><img loading=\"lazy\" decoding=\"async\" width=\"1024\" height=\"683\" src=\"https:\/\/safari-tours-africa.com\/wp-content\/uploads\/maasai-mara-man-showing-traditional-maasai-jumping-dance-1024x683.webp\" alt=\"Maasai Maran mies esittelee perinteist\u00e4 maasai-hyppytanssia.\" class=\"wp-image-1330\" style=\"width:1024px;height:auto\" srcset=\"https:\/\/safari-tours-africa.com\/wp-content\/uploads\/maasai-mara-man-showing-traditional-maasai-jumping-dance-1024x683.webp 1024w, https:\/\/safari-tours-africa.com\/wp-content\/uploads\/maasai-mara-man-showing-traditional-maasai-jumping-dance-300x200.webp 300w, https:\/\/safari-tours-africa.com\/wp-content\/uploads\/maasai-mara-man-showing-traditional-maasai-jumping-dance-768x512.webp 768w, https:\/\/safari-tours-africa.com\/wp-content\/uploads\/maasai-mara-man-showing-traditional-maasai-jumping-dance-1536x1024.webp 1536w, https:\/\/safari-tours-africa.com\/wp-content\/uploads\/maasai-mara-man-showing-traditional-maasai-jumping-dance-2048x1365.webp 2048w, https:\/\/safari-tours-africa.com\/wp-content\/uploads\/maasai-mara-man-showing-traditional-maasai-jumping-dance-18x12.webp 18w\" sizes=\"auto, (max-width: 1024px) 100vw, 1024px\" \/><figcaption class=\"wp-element-caption\">Maasai-alkuper\u00e4iskansan paikallisyhteis\u00f6<\/figcaption><\/figure>\n\n\n\n<h2 class=\"wp-block-heading\">Millaista ruoka on?<\/h2>\n\n\n\n<p>Kenian keitti\u00f6 heijastaa sen kulttuurista monimuotoisuutta. <strong>Perinteiset ruoat<\/strong> kuten ugali, nyama choma ja kachumbari tarjoavat maistiaisia paikallisista mauista. <strong>Intian ja rannikon vaikutukset<\/strong> esittelee erilaisia merenel\u00e4vi\u00e4, curryj\u00e4 ja chapatisteja, jotka rikastuttavat kulinaarista maisemaa. Yl\u00e4maan teeviljelm\u00e4t tuottavat <strong>maailman parhaita teelaatuja<\/strong>, t\u00e4ydellinen kenialaisen aterian lisuke. Katuruokakojut ja paikalliset ruokapaikat tarjoavat autenttisen ja edullisen ruokailukokemuksen, jonka avulla vierailijat voivat tutustua maan kulinaariseen monimuotoisuuteen.<\/p>\n\n\n\n<figure class=\"wp-block-image size-large\"><img decoding=\"async\" src=\"https:\/\/safari-tours-africa.com\/wp-content\/uploads\/kenyan-nyama-choma-1024x610.webp\" alt=\"Kenialainen Nyama Choma\" class=\"wp-image-1331\"\/><figcaption class=\"wp-element-caption\">Kenialainen erikoisuus - nyama choma<\/figcaption><\/figure>\n\n\n\n<h2 class=\"wp-block-heading\">Mit\u00e4 etikettivinkkej\u00e4 Keniassa kannattaa noudattaa?<\/h2>\n\n\n\n<p>Paikallisten tapojen ja etiketin ymm\u00e4rt\u00e4minen voi parantaa matkakokemustasi huomattavasti. <strong>Juomarahat ovat tervetulleita<\/strong> mutta ei pakollinen, ja oppaille, kuljettajille ja palveluhenkil\u00f6kunnalle maksetaan tavanomaiset summat. Kunnioittava kanssak\u00e4yminen, kuten tervehtiminen ja luvan kysyminen ennen valokuvaamista, on t\u00e4rke\u00e4\u00e4. Pukeudu konservatiivisesti, etenkin kun vierailet maaseudulla tai uskonnollisissa kohteissa. Oppiminen <strong>muutamia peruslauseita swahiliksi <\/strong>voi rikastuttaa vuorovaikutusta paikallisten kanssa ja osoittaa kunnioitusta paikallista kulttuuria kohtaan.<\/p>\n\n\n\n<figure class=\"wp-block-image size-large\"><img decoding=\"async\" src=\"https:\/\/safari-tours-africa.com\/wp-content\/uploads\/masai-kudu-horn-blowing-1024x679.webp\" alt=\"Masai Kudun sarvien puhaltaminen - Kenia\" class=\"wp-image-1332\"\/><figcaption class=\"wp-element-caption\">Kunnioittakaa paikallisia tapoja<\/figcaption><\/figure>\n\n\n\n<h2 class=\"wp-block-heading\">Miksi valita Safari Tours Africa matkustaa Keniaan?<\/h2>\n\n\n\n<p>Safarimatkat Afrikkaan tarkoittaa, ett\u00e4 valitset mieltymystesi mukaan r\u00e4\u00e4t\u00e4l\u00f6idyn kokemuksen, joka takaa saumattoman ja autenttisen matkan Kenian maisemiin ja villiel\u00e4imiin. Safari Tours Africa lupaa unohtumattoman seikkailun, joka yhdist\u00e4\u00e4 sinut t\u00e4m\u00e4n elinvoimaisen ja monipuolisen maan syd\u00e4meen ja tarjoaa sinulle henkil\u00f6kohtaista palvelua parhaiden paikallisten toimijoiden kanssa. <a href=\"https:\/\/safari-tours-africa.com\/fi\/kenia\/\">Kenia safarit<\/a>.<\/p>","protected":false},"excerpt":{"rendered":"<p>It\u00e4-Afrikan syd\u00e4mess\u00e4 sijaitseva Kenia on maa, jossa luonnonkauneus kohtaa seikkailun. Se on kohde, joka tunnetaan monipuolisesta villiel\u00e4imist\u00f6st\u00e4\u00e4n ja maisemistaan, aina Suuren repe\u00e4m\u00e4laakson flamingoj\u00e4rvist\u00e4 villiel\u00e4inten rikkaaseen Maasai Maraan. Se on maa, jossa perinteinen kulttuuri on kietoutunut osaksi nykyaikaista ... <a href=\"https:\/\/safari-tours-africa.com\/fi\/kenya-a-safari-destination\/\">Jatkuu<\/a><\/p>","protected":false},"author":41,"featured_media":896,"parent":0,"menu_order":0,"comment_status":"closed","ping_status":"closed","template":"","meta":{"_acf_changed":false,"footnotes":""},"class_list":["post-1172","page","type-page","status-publish","has-post-thumbnail","hentry"],"acf":{"page_subheading":"Uncover a comprehensive overview of Kenya's top safari destinations, wildlife highlights, and practical advice for a seamless travel experience."},"_links":{"self":[{"href":"https:\/\/safari-tours-africa.com\/fi\/wp-json\/wp\/v2\/pages\/1172","targetHints":{"allow":["GET"]}}],"collection":[{"href":"https:\/\/safari-tours-africa.com\/fi\/wp-json\/wp\/v2\/pages"}],"about":[{"href":"https:\/\/safari-tours-africa.com\/fi\/wp-json\/wp\/v2\/types\/page"}],"author":[{"embeddable":true,"href":"https:\/\/safari-tours-africa.com\/fi\/wp-json\/wp\/v2\/users\/41"}],"replies":[{"embeddable":true,"href":"https:\/\/safari-tours-africa.com\/fi\/wp-json\/wp\/v2\/comments?post=1172"}],"version-history":[{"count":5,"href":"https:\/\/safari-tours-africa.com\/fi\/wp-json\/wp\/v2\/pages\/1172\/revisions"}],"predecessor-version":[{"id":1336,"href":"https:\/\/safari-tours-africa.com\/fi\/wp-json\/wp\/v2\/pages\/1172\/revisions\/1336"}],"wp:featuredmedia":[{"embeddable":true,"href":"https:\/\/safari-tours-africa.com\/fi\/wp-json\/wp\/v2\/media\/896"}],"wp:attachment":[{"href":"https:\/\/safari-tours-africa.com\/fi\/wp-json\/wp\/v2\/media?parent=1172"}],"curies":[{"name":"wp","href":"https:\/\/api.w.org\/{rel}","templated":true}]}}