{"id":1176,"date":"2024-01-22T15:46:04","date_gmt":"2024-01-22T15:46:04","guid":{"rendered":"https:\/\/safari-tours-africa.com\/?page_id=1176"},"modified":"2024-01-23T17:08:09","modified_gmt":"2024-01-23T17:08:09","slug":"uganda-safarikohde","status":"publish","type":"page","link":"https:\/\/safari-tours-africa.com\/fi\/uganda-a-safari-destination\/","title":{"rendered":"Uganda: Uganda: Safarikohde"},"content":{"rendered":"<p>Uganda on maa, joka todella ilment\u00e4\u00e4 Afrikan mantereen raakaa olemusta. Se on maa, jossa <strong>auringonpaisteiset savannit kohtaavat rehev\u00e4t sademets\u00e4t.<\/strong>, ja jossa mahtava Niilijoki el\u00e4v\u00f6itt\u00e4\u00e4 uskomattoman monimuotoisen ekosysteemin. Ugandan rikas maisemakokonaisuus ulottuu lumihuippuisista vuoristoista laajoihin j\u00e4rviin ja tiheisiin viidakoihin.<\/p>\n\n\n\n<p>Sen kulttuurinen monimuotoisuus, jossa on yli 56 heimoa, joilla jokaisella on omat ainutlaatuiset tapansa, kielens\u00e4 ja perinteens\u00e4. <strong>kulttuurikokemusten rikas mosaiikki<\/strong>. Uganda lupaa joka k\u00e4\u00e4nteess\u00e4 l\u00f6yt\u00f6retki\u00e4 ja ihmettely\u00e4 aina Niilill\u00e4 tapahtuvasta adrenaliinipitoisen koskenlaskun seikkailusta auringonlaskun rauhalliseen katseluun savannin yll\u00e4.<\/p>\n\n\n\n<figure class=\"wp-block-image size-full\"><img loading=\"lazy\" decoding=\"async\" width=\"2000\" height=\"1333\" src=\"https:\/\/safari-tours-africa.com\/wp-content\/uploads\/adult-female-gorilla-with-baby-scaled.webp\" alt=\"Aikuinen naaraspuolinen gorilla vauvan, Gorilla beringei beringei, kanssa Bwindi Impenetrable Forest -mets\u00e4n vehre\u00e4ss\u00e4 lehdist\u00f6ss\u00e4 Ugandassa. Suojeluohjelman Muyambi-perheeseen kuuluvan ryhm\u00e4n j\u00e4seni\u00e4.\" class=\"wp-image-1234\"\/><figcaption class=\"wp-element-caption\">Uganda on tunnettu gorilla-vaelluksista.<\/figcaption><\/figure>\n\n\n\n<h2 class=\"wp-block-heading\">Miss\u00e4 kohteissa Ugandassa kannattaa k\u00e4yd\u00e4 safarilla?<\/h2>\n\n\n\n<h3 class=\"wp-block-heading\">1. Bwindi Impenetrable Forest<\/h3>\n\n\n\n<p>A <strong>Unescon maailmanperint\u00f6kohde<\/strong>, Bwindi ei ole vain koti hieman v\u00e4hemm\u00e4n kuin <strong>puolet maailman vuoristogorilloista... <\/strong>mutta se tarjoaa my\u00f6s turvapaikan norsuille, simpansseille ja erilaisille lintulajeille. Vaellus t\u00e4m\u00e4n ikivanhan, sumun peitt\u00e4m\u00e4n mets\u00e4n halki lempeiden j\u00e4ttil\u00e4isten kanssa on suorastaan maaginen kokemus. Mets\u00e4n biologinen monimuotoisuus ulottuu sen kuuluisimpia asukkaita laajemmallekin, sill\u00e4 yli 120 nis\u00e4k\u00e4slajia ja yli 350 lintulajia tekev\u00e4t siit\u00e4 kriittisen suojelualueen.<\/p>\n\n\n\n<p>Vieraile Bwindi Impenetrable Forest -mets\u00e4ss\u00e4. <a href=\"https:\/\/safari-tours-africa.com\/fi\/safarimatkat\/3-day-uganda-gorilla-habituation-experience\/\">3 p\u00e4iv\u00e4n Ugandan gorillojen elinymp\u00e4rist\u00f6kokemus<\/a>.<\/p>\n\n\n\n<figure class=\"wp-block-image size-full\"><img loading=\"lazy\" decoding=\"async\" width=\"2000\" height=\"1203\" src=\"https:\/\/safari-tours-africa.com\/wp-content\/uploads\/landscape-in-southwestern-uganda-at-the-bwindi-impenetrable-forest-national-park-scaled.webp\" alt=\"Maisema Ugandan lounaisosassa, Bwindi Impenetrable Forestin kansallispuistossa, Ugandan, Kongon ja Ruandan rajalla. Bwindin kansallispuisto on vuorigorillojen koti.\" class=\"wp-image-1236\"\/><figcaption class=\"wp-element-caption\">Bwindi Impenetrable Forest tarjoaa turvapaikan suurelle vuoristogorillojen yhdyskunnalle.<\/figcaption><\/figure>\n\n\n\n<h3 class=\"wp-block-heading\">2. Kuningatar Elisabetin kansallispuisto<\/h3>\n\n\n\n<p>Puiston monipuoliset ekosysteemit tekev\u00e4t siit\u00e4 Ugandan safarikokemuksen mikrokosmoksen. Puiston savannit, kosteikot ja mets\u00e4t ovat t\u00e4ynn\u00e4 villiel\u00e4imi\u00e4. Ainutlaatuinen <strong>Ishashan puuhun kiipeilev\u00e4t leijonat<\/strong>, valtavat puhveli- ja norsulaumat sek\u00e4 kuuluisat veneretket pitkin jokea. <strong>Kazingan kanava<\/strong> tarjoavat upean n\u00e4ytteen puiston biologisesta monimuotoisuudesta. Puiston sijainti tarjoaa my\u00f6s upeat n\u00e4kym\u00e4t Rwenzori-vuorille ja alueen kraatterij\u00e4rville.<\/p>\n\n\n\n<p>Vieraile Queen Elizabethin kansallispuistossa <a href=\"https:\/\/safari-tours-africa.com\/fi\/safarimatkat\/12-day-uganda-safari\/\">12-p\u00e4iv\u00e4inen Ugandan safari<\/a>.<\/p>\n\n\n\n<figure class=\"wp-block-image size-full\"><img loading=\"lazy\" decoding=\"async\" width=\"2000\" height=\"1331\" src=\"https:\/\/safari-tours-africa.com\/wp-content\/uploads\/elephant-in-queen-elizabeth-national-park.webp\" alt=\"Norsu Queen Elizabethin kansallispuistossa, Uganda, It\u00e4-Afrikka\" class=\"wp-image-1228\"\/><figcaption class=\"wp-element-caption\">Norsu Queen Elizabethin kansallispuistossa<\/figcaption><\/figure>\n\n\n\n<h3 class=\"wp-block-heading\">3. Kibalen kansallispuisto<\/h3>\n\n\n\n<p>T\u00e4m\u00e4 puisto on yksi parhaista paikoista Afrikassa j\u00e4ljitt\u00e4\u00e4 <strong>simpanssit<\/strong>. Puiston 795 neli\u00f6kilometri\u00e4 sademets\u00e4\u00e4, ruohomaata ja suota tarjoavat elinymp\u00e4rist\u00f6n muullekin kuin simpansseille; se on koti my\u00f6s 13 muulle k\u00e4dellislajille. <strong>yksi maailman monipuolisimmista ja runsaslukuisimmista k\u00e4dellisten puistoista.<\/strong>. Kibalen linnusto on my\u00f6s poikkeuksellinen, ja siell\u00e4 on havaittu noin 375 lajia.<\/p>\n\n\n\n<p>Vieraile Kibalen kansallispuistossa <a href=\"https:\/\/safari-tours-africa.com\/fi\/safarimatkat\/15-day-uganda-rwanda-combined-safari\/\">15-p\u00e4iv\u00e4inen Ugandan ja Ruandan yhdistetty safari<\/a>.<\/p>\n\n\n\n<figure class=\"wp-block-image size-full\"><img loading=\"lazy\" decoding=\"async\" width=\"2000\" height=\"1333\" src=\"https:\/\/safari-tours-africa.com\/wp-content\/uploads\/two-chimps-sitting-on-the-ground-in-kibale-forest-scaled.webp\" alt=\"Kaksi simpanssia istuu maassa Kibalen mets\u00e4ss\u00e4.\" class=\"wp-image-1223\"\/><figcaption class=\"wp-element-caption\">Simpanssit nauttivat toistensa seurasta Kibalen kansallispuistossa.<\/figcaption><\/figure>\n\n\n\n<h3 class=\"wp-block-heading\">4. Murchison Fallsin kansallispuisto<\/h3>\n\n\n\n<p>Nimetty dramaattisten Murchisonin putousten mukaan.<strong> Niilin joki <\/strong>pakottaa tiens\u00e4 kapean rotkon l\u00e4pi ennen kuin sy\u00f6ksyy 43 metri\u00e4, puisto on <strong>Ugandan vanhin ja suurin suojelualue<\/strong>. Puiston laajat maisemat ovat koti seuraaville ihmisille. <strong>76 nis\u00e4k\u00e4slajia<\/strong>mukaan lukien kirahvit, puhvelit, leijonat ja leopardit. Niili itsess\u00e4\u00e4n tarjoaa yhden maailman parhaista kalastuskokemuksista, erityisesti Niilin ahvenen kalastusta.<\/p>\n\n\n\n<p>Vieraile Murchison Fallsin kansallispuistossa <a href=\"https:\/\/safari-tours-africa.com\/fi\/safarimatkat\/12-day-uganda-safari\/\">12-p\u00e4iv\u00e4inen Ugandan safari<\/a>.<\/p>\n\n\n\n<figure class=\"wp-block-image size-full\"><img loading=\"lazy\" decoding=\"async\" width=\"2000\" height=\"1325\" src=\"https:\/\/safari-tours-africa.com\/wp-content\/uploads\/boat-near-murchison-falls-scaled.webp\" alt=\"Boot auf dem Nil vor den Murchison Falls Wasserf\u00e4llen -vesiputousten edustalla.\" class=\"wp-image-1265\"\/><figcaption class=\"wp-element-caption\">Venekierros upeilla Murchisonin putouksilla<\/figcaption><\/figure>\n\n\n\n<h3 class=\"wp-block-heading\">5. Mburo-j\u00e4rven kansallispuisto<\/h3>\n\n\n\n<p>T\u00e4m\u00e4 puisto tarjoaa rauhallisen safarikokemuksen, <strong>kaukana suuremmista v\u00e4kijoukoista<\/strong> joita l\u00f6ytyy muista puistoista. Se on t\u00e4ydellinen paikka n\u00e4hd\u00e4 seepraa, elandia ja impalaa sek\u00e4 uskomaton lintulajisto. Puiston monipuoliset elinymp\u00e4rist\u00f6t, kuten kuivat rinteet, kalliot, pensaat, tiheik\u00f6t, avoimet ja mets\u00e4iset savannit, mets\u00e4t, j\u00e4rvet ja suot, tekev\u00e4t puistosta erityisen suositun. <strong>erinomainen sijainti k\u00e4velysafarille<\/strong>.<\/p>\n\n\n\n<p>Vieraile Mburo-j\u00e4rven kansallispuistossa <a href=\"https:\/\/safari-tours-africa.com\/fi\/safarimatkat\/15-day-uganda-rwanda-combined-safari\/\">15-p\u00e4iv\u00e4inen Ugandan ja Ruandan yhdistetty safari<\/a>.<\/p>\n\n\n\n<figure class=\"wp-block-image size-full\"><img loading=\"lazy\" decoding=\"async\" width=\"2000\" height=\"1325\" src=\"https:\/\/safari-tours-africa.com\/wp-content\/uploads\/group-of-zebras-in-lake-mburo-national-park-in-uganda-scaled.webp\" alt=\"Seeprojen ryhm\u00e4 Mburo-j\u00e4rven kansallispuistossa Ugandassa.\" class=\"wp-image-1248\"\/><figcaption class=\"wp-element-caption\">Seeproja Mburo-j\u00e4rven vesill\u00e4<\/figcaption><\/figure>\n\n\n\n<h2 class=\"wp-block-heading\">Milloin on paras aika vierailla kohteessa Uganda?<\/h2>\n\n\n\n<p>Paras aika Ugandan villiel\u00e4insafarille on kuivina vuodenaikoina. <strong>kes\u00e4kuusta elokuuhun ja joulukuusta helmikuuhun<\/strong>. Villiel\u00e4inten havainnointi on yleens\u00e4 parasta t\u00e4h\u00e4n aikaan, koska kasvillisuus on v\u00e4hemm\u00e4n tihe\u00e4\u00e4 ja el\u00e4imet ker\u00e4\u00e4ntyv\u00e4t vesil\u00e4hteiden ymp\u00e4rille. Ugandan rehev\u00e4t, vihre\u00e4t maisemat ovat kuitenkin kauneimmillaan m\u00e4rkin\u00e4 vuodenaikoina, ja t\u00e4m\u00e4 on my\u00f6s parasta aikaa lintujen tarkkailuun, sill\u00e4 muuttolinnut ovat paikalla.<\/p>\n\n\n\n<figure class=\"wp-block-image size-full\"><img loading=\"lazy\" decoding=\"async\" width=\"2000\" height=\"1073\" src=\"https:\/\/safari-tours-africa.com\/wp-content\/uploads\/nile-river-in-uganda-scaled.webp\" alt=\"Niilin joki, Uganda\" class=\"wp-image-1255\"\/><figcaption class=\"wp-element-caption\">Paras aika n\u00e4hd\u00e4 villiel\u00e4imi\u00e4 Ugandassa on kuivina vuodenaikoina.<\/figcaption><\/figure>\n\n\n\n<h2 class=\"wp-block-heading\">Onko Uganda turvallinen?<\/h2>\n\n\n\n<p>Vaikka Uganda on yleisesti ottaen turvallinen matkailukohde, on t\u00e4rke\u00e4\u00e4 noudattaa yleisi\u00e4 varotoimia erityisesti suurissa kaupungeissa. Pieni\u00e4 varkauksia voi tapahtua, joten on suositeltavaa, ett\u00e4 <strong>pit\u00e4\u00e4 arvoesineet turvassa <\/strong>ja ole tietoinen ymp\u00e4rist\u00f6st\u00e4si. Kun olet safarilla, kuuntele aina oppaasi ohjeita - heid\u00e4t on koulutettu varmistamaan turvallisuutesi villiel\u00e4inten parissa.<\/p>\n\n\n\n<figure class=\"wp-block-image size-large\"><img decoding=\"async\" src=\"https:\/\/safari-tours-africa.com\/wp-content\/uploads\/aerial-view-of-kampala-city-seen-from-gaddaffi-mosque-1024x683.webp\" alt=\"Ilmakuva Kampalan kaupungista Gaddaffin moskeijasta, Uganda\" class=\"wp-image-1315\"\/><figcaption class=\"wp-element-caption\">Noudata suurissa kaupungeissa tavanomaisia turvatoimia pikkuvarkauksien v\u00e4ltt\u00e4miseksi.<\/figcaption><\/figure>\n\n\n\n<h2 class=\"wp-block-heading\">Tarvitsenko viisumin Ugandaan?<\/h2>\n\n\n\n<p>Useimmat Ugandan k\u00e4vij\u00e4t saapuvat Entebben kansainv\u00e4lisen lentoaseman kautta. Eri kansallisuudet voivat hakea <strong>e-viisumi tai viisumi saapumisen yhteydess\u00e4<\/strong>. On suositeltavaa tarkistaa uusimmat viisumivaatimukset virallisista l\u00e4hteist\u00e4 ennen matkaa. Varmista, ett\u00e4 passisi on voimassa v\u00e4hint\u00e4\u00e4n kuusi kuukautta suunnitellun Ugandasta l\u00e4hd\u00f6n j\u00e4lkeen.<\/p>\n\n\n\n<figure class=\"wp-block-image size-full\"><img loading=\"lazy\" decoding=\"async\" width=\"2000\" height=\"1333\" src=\"https:\/\/safari-tours-africa.com\/wp-content\/uploads\/usa-visa-in-a-passport-background-scaled.webp\" alt=\"USA:n viisumi passin taustalla\" class=\"wp-image-1296\"\/><figcaption class=\"wp-element-caption\">Tarkista maasi viisumivaatimukset ennen matkaasi.<\/figcaption><\/figure>\n\n\n\n<h2 class=\"wp-block-heading\">Millainen on paikallinen liikenne Ugandassa?<\/h2>\n\n\n\n<p>Ugandan sis\u00e4iset kuljetukset vaihtelevat k\u00e4velyst\u00e4 ja py\u00f6r\u00e4ilyst\u00e4 syrj\u00e4isemmill\u00e4 alueilla ja k\u00e4yt\u00f6st\u00e4 <strong>matatus<\/strong> (jaetut minibussit) ja <strong>boda-bodat<\/strong> (moottoripy\u00f6r\u00e4taksit) kaupunkialueilla. Pidemmill\u00e4 matkoilla ja matkoilla kansallispuistoihin yksityisajoneuvot tai j\u00e4rjestetyt matkat ovat mukavimpia ja turvallisimpia vaihtoehtoja.<\/p>\n\n\n\n<figure class=\"wp-block-image size-large\"><img decoding=\"async\" src=\"https:\/\/safari-tours-africa.com\/wp-content\/uploads\/public-transportation-in-uganda-683x1024.webp\" alt=\"Julkinen liikenne Ugandassa\" class=\"wp-image-1316\"\/><figcaption class=\"wp-element-caption\">Paikallinen kuljetus Uganda<\/figcaption><\/figure>\n\n\n\n<h2 class=\"wp-block-heading\">Mit\u00e4 majoitusvaihtoehtoja Ugandassa on?<\/h2>\n\n\n\n<p>Ugandan majoitusvaihtoehdot vaihtelevat kansallispuistojen syd\u00e4mess\u00e4 sijaitsevista luksuslodgeista ja telttaleireist\u00e4 kaupunkien reppumatkailijoiden hostelleihin ja majataloihin. Monet majatalot ja leirit tarjoavat upeat n\u00e4k\u00f6alat, erinomaista palvelua ja helpon p\u00e4\u00e4syn safariaktiviteetteihin. My\u00f6s ekologisia majataloja ja yhteis\u00f6pohjaisia majoituspaikkoja on tarjolla niille, jotka etsiv\u00e4t kest\u00e4v\u00e4mp\u00e4\u00e4 ja el\u00e4myksellisemp\u00e4\u00e4 kokemusta.<\/p>\n\n\n\n<figure class=\"wp-block-image size-large\"><img decoding=\"async\" src=\"https:\/\/safari-tours-africa.com\/wp-content\/uploads\/luxury-lodge-in-murchison-falls-national-park-1024x683.webp\" alt=\"Luksuslodgen kylpyhuone, Murchison Falls, Uganda.\" class=\"wp-image-1317\"\/><figcaption class=\"wp-element-caption\">Ylellinen lodge Murchison Fallsin kansallispuistossa<\/figcaption><\/figure>\n\n\n\n<h2 class=\"wp-block-heading\">Mit\u00e4 muuta voin tehd\u00e4 Ugandassa villiel\u00e4inten n\u00e4kemisen lis\u00e4ksi?<\/h2>\n\n\n\n<p>Ugandan monipuoliset maisemat tarjoavat monenlaisia aktiviteetteja perinteisten riista-ajojen lis\u00e4ksi. <strong>Gorilla- ja simpanssiretket<\/strong> ovat ainutlaatuisimpia ja halutuimpia kokemuksia. Maan j\u00e4rvet ja joet sopivat erinomaisesti - <strong>kalastus, veneily ja koskenlasku.<\/strong>. Kulttuurikierrokset tarjoavat tietoa Ugandan monien etnisten ryhmien paikallisista perinteist\u00e4 ja el\u00e4m\u00e4ntavoista.<\/p>\n\n\n\n<figure class=\"wp-block-image size-full\"><img loading=\"lazy\" decoding=\"async\" width=\"2000\" height=\"1333\" src=\"https:\/\/safari-tours-africa.com\/wp-content\/uploads\/extreme-whitewater-rafting-in-jinja-scaled.webp\" alt=\"\u00c4\u00e4rimm\u00e4inen koskenlasku Jinjassa, Ugandassa\" class=\"wp-image-1210\"\/><figcaption class=\"wp-element-caption\">Koskenlasku Niilin joella<\/figcaption><\/figure>\n\n\n\n<h2 class=\"wp-block-heading\">Millaista ruoka on?<\/h2>\n\n\n\n<p>Ugandan keitti\u00f6 on yht\u00e4 <strong>monipuolinen<\/strong> kuin sen kulttuuri. Liha- ja kasvisruokien ohella tarjoillaan yleisesti matokea (keitettyj\u00e4 ja soseutettuja vihreit\u00e4 banaaneja), poshoa (maissijauhopuuroa) ja luwomboa (banaanilehdiss\u00e4 h\u00f6yrytetty\u00e4 muhennosta). Katuruoka, kuten Rolex (kananmunilla ja vihanneksilla t\u00e4ytetty chapati), tarjoaa nopean ja maukkaan vaihtoehdon aterioihin matkalla.<\/p>\n\n\n\n<figure class=\"wp-block-image size-large\"><img decoding=\"async\" src=\"https:\/\/safari-tours-africa.com\/wp-content\/uploads\/ugandan-cuisine-1024x447.webp\" alt=\"Ugandalaista ruokaa buffetissa\" class=\"wp-image-1318\"\/><figcaption class=\"wp-element-caption\">Ugandalainen keitti\u00f6<\/figcaption><\/figure>\n\n\n\n<h2 class=\"wp-block-heading\">Mitk\u00e4 ovat etikettivinkkej\u00e4 Ugandassa?<\/h2>\n\n\n\n<p><strong>Juomarahat ovat tervetulleita<\/strong> Ugandassa, erityisesti hyv\u00e4st\u00e4 palvelusta matkailu- ja ravintola-alalla. Paikallisten tapojen ja perinteiden kunnioittaminen on t\u00e4rke\u00e4\u00e4 erityisesti maaseutu- ja heimoyhteis\u00f6iss\u00e4 vieraillessa. Muutaman paikallisen kielen perusfraasin opetteleminen voi parantaa vuorovaikutusta huomattavasti, ja paikalliset ottavat sen usein l\u00e4mpim\u00e4sti vastaan.<\/p>\n\n\n\n<figure class=\"wp-block-image size-large\"><img decoding=\"async\" src=\"https:\/\/safari-tours-africa.com\/wp-content\/uploads\/two-kids-walking-hugged-in-uganda-1024x683.webp\" alt=\"pojat k\u00e4velev\u00e4t k\u00e4si k\u00e4dess\u00e4 Ugandassa, Afrikassa\" class=\"wp-image-1314\"\/><figcaption class=\"wp-element-caption\">Paikallisten tapojen kunnioittamisella p\u00e4\u00e4set pitk\u00e4lle Ugandassa.<\/figcaption><\/figure>\n\n\n\n<h2 class=\"wp-block-heading\">Miksi valita Safari Tours Africa matkustaa Ugandaan?<\/h2>\n\n\n\n<p>Uganda tarjoaa ainutlaatuisen sekoituksen villiel\u00e4imi\u00e4, seikkailuja ja kulttuuria. Gorilla-vaelluksen adrenaliinista Niilin yli laskevan auringonlaskun rauhallisuuteen. <a href=\"https:\/\/safari-tours-africa.com\/fi\/uganda\/\">safarimatka Ugandassa<\/a> on matka l\u00e4pi elinvoimaisen ja monipuolisen luonnonmaiseman. Ugandan ihmisten l\u00e4mp\u00f6 ja kulttuurin rikkaus tuovat syvyytt\u00e4 ja v\u00e4ri\u00e4 villiel\u00e4insafarikokemukseen, mik\u00e4 tekee Ugandasta todella unohtumattoman matkakohteen.<\/p>","protected":false},"excerpt":{"rendered":"<p>Uganda on maa, joka todella ilment\u00e4\u00e4 Afrikan mantereen raakaa olemusta. Se on maa, jossa auringonpaahteiset savannit kohtaavat rehev\u00e4t sademets\u00e4t ja jossa mahtava Niilijoki el\u00e4v\u00f6itt\u00e4\u00e4 uskomattoman monimuotoisen ekosysteemin. Ugandan rikas maisemakokonaisuus ulottuu lumihuippuisista vuoristoista laajoihin j\u00e4rviin ja tiheisiin viidakoihin. Sen kulttuurinen ... <a href=\"https:\/\/safari-tours-africa.com\/fi\/uganda-a-safari-destination\/\">Jatkuu<\/a><\/p>","protected":false},"author":41,"featured_media":1284,"parent":0,"menu_order":0,"comment_status":"closed","ping_status":"closed","template":"","meta":{"_acf_changed":false,"footnotes":""},"class_list":["post-1176","page","type-page","status-publish","has-post-thumbnail","hentry"],"acf":{"page_subheading":"Explore Uganda's majestic wildlife, rich cultural heritage, and stunning landscapes with our in-depth guide, ensuring a transformative safari adventure."},"_links":{"self":[{"href":"https:\/\/safari-tours-africa.com\/fi\/wp-json\/wp\/v2\/pages\/1176","targetHints":{"allow":["GET"]}}],"collection":[{"href":"https:\/\/safari-tours-africa.com\/fi\/wp-json\/wp\/v2\/pages"}],"about":[{"href":"https:\/\/safari-tours-africa.com\/fi\/wp-json\/wp\/v2\/types\/page"}],"author":[{"embeddable":true,"href":"https:\/\/safari-tours-africa.com\/fi\/wp-json\/wp\/v2\/users\/41"}],"replies":[{"embeddable":true,"href":"https:\/\/safari-tours-africa.com\/fi\/wp-json\/wp\/v2\/comments?post=1176"}],"version-history":[{"count":5,"href":"https:\/\/safari-tours-africa.com\/fi\/wp-json\/wp\/v2\/pages\/1176\/revisions"}],"predecessor-version":[{"id":1322,"href":"https:\/\/safari-tours-africa.com\/fi\/wp-json\/wp\/v2\/pages\/1176\/revisions\/1322"}],"wp:featuredmedia":[{"embeddable":true,"href":"https:\/\/safari-tours-africa.com\/fi\/wp-json\/wp\/v2\/media\/1284"}],"wp:attachment":[{"href":"https:\/\/safari-tours-africa.com\/fi\/wp-json\/wp\/v2\/media?parent=1176"}],"curies":[{"name":"wp","href":"https:\/\/api.w.org\/{rel}","templated":true}]}}