{"id":1180,"date":"2024-01-22T16:27:34","date_gmt":"2024-01-22T16:27:34","guid":{"rendered":"https:\/\/safari-tours-africa.com\/?page_id=1180"},"modified":"2024-01-23T16:46:33","modified_gmt":"2024-01-23T16:46:33","slug":"etela-afrikka-safarikohde","status":"publish","type":"page","link":"https:\/\/safari-tours-africa.com\/fi\/south-africa-a-safari-destination\/","title":{"rendered":"Etel\u00e4-Afrikka: Etel\u00e4-Afrikka: Safarikohde"},"content":{"rendered":"<p>Etel\u00e4-Afrikka on maailma yhdess\u00e4 maassa, maa, joka on rikas monimuotoisuudeltaan, ei vain ihmisten ja kulttuurin vaan my\u00f6s luonnonihmeiden osalta. Ikonisesta <strong>P\u00f6yt\u00e4vuori<\/strong> r\u00f6nsyilev\u00e4\u00e4n <strong>Krugerin kansallispuisto<\/strong>, Etel\u00e4-Afrikan jokainen nurkka kertoo tarinan.<\/p>\n\n\n\n<p>Maan monimutkainen historia, elinvoimaiset kaupungit ja upeat maisemat tekev\u00e4t siit\u00e4 ainutlaatuisen matkakohteen, joka tarjoaa monenlaisia kiinnostuksen kohteita ja aktiviteetteja. Olipa kyse sitten hienon viinin siemailusta Cape Winelandsissa, historiallisiin taistelukenttiin tutustumisesta tai villiel\u00e4insafarille l\u00e4htemisest\u00e4, Etel\u00e4-Afrikka tarjoaa <strong>upottava ja monipuolinen kokemus<\/strong>.<\/p>\n\n\n\n<figure class=\"wp-block-image size-full\"><img loading=\"lazy\" decoding=\"async\" width=\"2000\" height=\"857\" src=\"https:\/\/safari-tours-africa.com\/wp-content\/uploads\/giraffe-in-the-bush-of-kruger-national-park-south-africa-scaled.webp\" alt=\"Kirahvi Krugerin kansallispuiston pusikossa Etel\u00e4-Afrikassa. Kirahvi aamunkoitteessa Krugerin puistossa Etel\u00e4-Afrikassa.\" class=\"wp-image-1205\"\/><figcaption class=\"wp-element-caption\">Vieraile kirahvien luona Krugerin kansallispuistossa<\/figcaption><\/figure>\n\n\n\n<h2 class=\"wp-block-heading\">Miss\u00e4 paikoissa Etel\u00e4-Afrikassa kannattaa k\u00e4yd\u00e4 safarilla?<\/h2>\n\n\n\n<h3 class=\"wp-block-heading\">1. Krugerin kansallispuisto ja sit\u00e4 ymp\u00e4r\u00f6iv\u00e4t yksityiset suojelualueet<\/h3>\n\n\n\n<p>Krugerin kansallispuisto on Etel\u00e4-Afrikan safarien kulmakivi. T\u00e4m\u00e4 laaja er\u00e4maa on koti vaikuttavalle m\u00e4\u00e4r\u00e4lle lajeja, kuten mm. <strong>Big 5<\/strong>. Puiston saavutettavuus ja hyvin kehittynyt infrastruktuuri tekev\u00e4t siit\u00e4 ihanteellisen sek\u00e4 ensikertalaisille ett\u00e4 kokeneille safarimatkailijoille. Puistoa ymp\u00e4r\u00f6iv\u00e4 alue, <strong>yksityiset varannot<\/strong> kuten Sabi Sands ja Thornybush tarjoavat eksklusiivisia safarikokemuksia ylellisill\u00e4 majapaikoilla ja opastetuilla ajomatkoilla, jotka tarjoavat intiimej\u00e4 villiel\u00e4inkohtaamisia.<\/p>\n\n\n\n<p>Vieraile Krugerin kansallispuistossa ja sen ymp\u00e4rist\u00f6ss\u00e4 Krugerin matkalla. <a href=\"https:\/\/safari-tours-africa.com\/fi\/safarimatkat\/5-day-panorama-route-to-kruger-national-park-safari\/\">5 p\u00e4iv\u00e4n Panorama Route Krugerin kansallispuistoon safari<\/a>.<\/p>\n\n\n\n<figure class=\"wp-block-image size-full\"><img loading=\"lazy\" decoding=\"async\" width=\"2000\" height=\"1325\" src=\"https:\/\/safari-tours-africa.com\/wp-content\/uploads\/sunrise-at-kruger-national-park-scaled.webp\" alt=\"Auringonnousu Krugerin kansallispuistossa\" class=\"wp-image-1192\"\/><figcaption class=\"wp-element-caption\">Auringonnousu Krugerin kansallispuiston yll\u00e4<\/figcaption><\/figure>\n\n\n\n<h3 class=\"wp-block-heading\">2. Pilanesbergin kansallispuisto<\/h3>\n\n\n\n<p>Muinaisen tulivuoren kraatterissa sijaitseva Pilanesbergin kansallispuisto tarjoaa ainutlaatuisen maiseman, ja se on yksi harvoista paikoista Etel\u00e4-Afrikassa, jossa vierailijat voivat n\u00e4hd\u00e4 l\u00e4hes kaikki viisi suurta el\u00e4int\u00e4 yhdell\u00e4 kertaa. <strong>malariavapaa ymp\u00e4rist\u00f6<\/strong>. Puiston l\u00e4heisyys Johannesburgiin ja Sun Cityyn tekee siit\u00e4 k\u00e4tev\u00e4n valinnan matkailijoille, jotka haluavat yhdist\u00e4\u00e4 safarin muihin vapaa-ajan aktiviteetteihin.<\/p>\n\n\n\n<figure class=\"wp-block-image size-large\"><img decoding=\"async\" src=\"https:\/\/safari-tours-africa.com\/wp-content\/uploads\/beautiful-zebra-standing-on-dry-grass-at-pilanesberg-national-park-on-a-sunny-day-1024x731.webp\" alt=\"Kaunis seepra seisoo kuivalla ruoholla Pilanesbergin kansallispuistossa aurinkoisena p\u00e4iv\u00e4n\u00e4.\" class=\"wp-image-1303\"\/><figcaption class=\"wp-element-caption\">Seepra Pilanesbergin kansallispuistossa aurinkoisena p\u00e4iv\u00e4n\u00e4<\/figcaption><\/figure>\n\n\n\n<h3 class=\"wp-block-heading\">3. Madikwe Game Reserve<\/h3>\n\n\n\n<p>Sijaitsee <strong>Botswanan rajalla<\/strong> Madikwe Game Reserve on luonnonvaraisten el\u00e4inten paratiisi, ja se on tunnettu suojelutoimistaan. Reservaatti on tunnettu onnistuneesta <strong>villien koirien jalostusohjelma<\/strong> ja tarjoaa mahdollisuuden n\u00e4hd\u00e4 n\u00e4m\u00e4 harvinaiset petoel\u00e4imet niiden luonnollisessa elinymp\u00e4rist\u00f6ss\u00e4. Madikwen monipuoliset ekosysteemit el\u00e4tt\u00e4v\u00e4t monenlaisia lajeja, mik\u00e4 tarjoaa rikkaan safarikokemuksen.<\/p>\n\n\n\n<figure class=\"wp-block-image size-large\"><img decoding=\"async\" src=\"https:\/\/safari-tours-africa.com\/wp-content\/uploads\/safari-game-drive-in-madikwe-reserve-1024x683.webp\" alt=\"Kaksi aikuista norsua, Loxdonta Africana, k\u00e4velee punaisella hiekalla. Takakuva. Safari-matka Madikwen suojelualueella, Etel\u00e4-Afrikassa, l\u00e4hell\u00e4 Botswanaa ja Kalaharin autiomaata. Afrikannorsu on osa Big Five -ryhm\u00e4\u00e4.\" class=\"wp-image-1304\"\/><figcaption class=\"wp-element-caption\">Pari norsua k\u00e4velee Madikwe Game Reserve -suojelualueella.<\/figcaption><\/figure>\n\n\n\n<h3 class=\"wp-block-heading\">4. It\u00e4-Kapin reservaatit<\/h3>\n\n\n\n<p>N\u00e4m\u00e4 suojelualueet tarjoavat yhdistelm\u00e4n mukavuutta ja villiel\u00e4inten katselua, ja monet niist\u00e4 ovat <strong>malariavapaa ja perheyst\u00e4v\u00e4llinen<\/strong>. It\u00e4-Kapissa on useita yksityisi\u00e4 suojelualueita, joissa k\u00e4vij\u00e4t voivat nauttia syrj\u00e4isemm\u00e4st\u00e4 safarikokemuksesta, mutta silti heill\u00e4 on mahdollisuus n\u00e4hd\u00e4 viisi suurta el\u00e4int\u00e4.<\/p>\n\n\n\n<figure class=\"wp-block-image size-large\"><img decoding=\"async\" src=\"https:\/\/safari-tours-africa.com\/wp-content\/uploads\/east-london-coast-nature-reserve-1024x683.webp\" alt=\"Kivi\u00e4 Intian valtameress\u00e4 East London Coast Nature Reserve -luonnonsuojelualueella, It\u00e4-Kapin maakunta, Etel\u00e4-Afrikka.\" class=\"wp-image-1305\"\/><figcaption class=\"wp-element-caption\">It\u00e4-Kapin suojelualueiden rannikkon\u00e4kym\u00e4t<\/figcaption><\/figure>\n\n\n\n<h3 class=\"wp-block-heading\">5. Kalahari<\/h3>\n\n\n\n<p>Kalaharin puolikuiva savanni tarjoaa t\u00e4ysin erilaisen maiseman kuin safareille tyypillinen bushveld. Kalaharissa sijaitseva Kgalagadi Transfrontier Park on tunnettu siit\u00e4. <strong>punainen hiekka<\/strong>, ainutlaatuinen villiel\u00e4imist\u00f6, ja merkitt\u00e4v\u00e4 kokemus <strong>aavikkosafarit<\/strong>. Se on paikka, jossa voit todistaa luontoa sen raaimmassa ja kesytt\u00f6mimm\u00e4ss\u00e4 muodossa.<\/p>\n\n\n\n<figure class=\"wp-block-image size-large\"><img decoding=\"async\" src=\"https:\/\/safari-tours-africa.com\/wp-content\/uploads\/dune-rosse-del-kalahari-al-tramonto-stockpack-adobe-stock-1024x680.webp\" alt=\"dune rosse del kalahari al tramonto\" class=\"wp-image-1306\"\/><figcaption class=\"wp-element-caption\">Kalaharin punainen hiekkamaisema<\/figcaption><\/figure>\n\n\n\n<h2 class=\"wp-block-heading\">Milloin on paras aika vierailla Etel\u00e4-Afrikassa?<\/h2>\n\n\n\n<p>Ihanteellinen aika vierailla Etel\u00e4-Afrikassa safarilla on vuoden aikana.<strong> kuiva kausi (toukokuusta syyskuuhun)<\/strong>, jolloin villiel\u00e4imet ovat helpommin havaittavissa, koska ne ker\u00e4\u00e4ntyv\u00e4t vesil\u00e4hteiden ymp\u00e4rille. Etel\u00e4-Afrikan monipuolisen ilmaston ansiosta maassa voi kuitenkin vierailla ymp\u00e4ri vuoden. . <strong>Kapin alue<\/strong>esimerkiksi kuivakausi ajoittuu kes\u00e4kuukausiin (marraskuusta helmikuuhun), jolloin on parasta aikaa nauttia rannoista ja ulkoilma-aktiviteeteista.<\/p>\n\n\n\n<figure class=\"wp-block-image size-full\"><img loading=\"lazy\" decoding=\"async\" width=\"2000\" height=\"1082\" src=\"https:\/\/safari-tours-africa.com\/wp-content\/uploads\/landscape-with-a-dirt-road-and-african-savanna-in-the-kruger-national-park-scaled.webp\" alt=\"Maisema hiekkatie ja Afrikkalainen savanni Krugerin kansallispuistossa Etel\u00e4-Afrikassa kuva vaakasuorassa muodossa\" class=\"wp-image-1197\"\/><figcaption class=\"wp-element-caption\">Kuiva kausi kest\u00e4\u00e4 Etel\u00e4-Afrikassa toukokuusta syyskuuhun.<\/figcaption><\/figure>\n\n\n\n<h2 class=\"wp-block-heading\">Onko Etel\u00e4-Afrikka turvallinen?<\/h2>\n\n\n\n<p>Vaikka Etel\u00e4-Afrikka tarjoaa rikkaan matkakokemuksen, on t\u00e4rke\u00e4\u00e4 pit\u00e4\u00e4 huolta turvallisuudesta erityisesti suurissa kaupungeissa. On suositeltavaa ottaa <strong>tavanomaiset varotoimet<\/strong>, kuten arvoesineiden s\u00e4ilytt\u00e4minen turvassa ja ymp\u00e4rist\u00f6n huomioiminen. Safarialueilla on eritt\u00e4in t\u00e4rke\u00e4\u00e4 noudattaa safarioppaiden ja lodge-henkil\u00f6kunnan ohjeita turvallisen ja miellytt\u00e4v\u00e4n kokemuksen varmistamiseksi.<\/p>\n\n\n\n<figure class=\"wp-block-image size-full\"><img loading=\"lazy\" decoding=\"async\" width=\"2000\" height=\"1043\" src=\"https:\/\/safari-tours-africa.com\/wp-content\/uploads\/nelson-mandela-bridge-and-johannesburg-city-at-sunset-scaled.webp\" alt=\"Nelson Mandelan silta ja Johannesburgin kaupunki auringonlaskun aikaan\" class=\"wp-image-1189\"\/><figcaption class=\"wp-element-caption\">N\u00e4kym\u00e4 Johannesburgiin<\/figcaption><\/figure>\n\n\n\n<h2 class=\"wp-block-heading\">Tarvitsenko viisumin saapuakseni Etel\u00e4-Afrikkaan?<\/h2>\n\n\n\n<p>Etel\u00e4-Afrikalla on hyv\u00e4t yhteydet kansainv\u00e4lisille lentoasemille suurissa kaupungeissa, kuten Johannesburgissa, Kapkaupungissa ja Durbanissa. Maassa on <strong>kattava tieverkko<\/strong>, mik\u00e4 tekee itseohjautuvasta ajamisesta suositun vaihtoehdon tutkimiseen. <strong>Viisumivaatimukset vaihtelevat kansalaisuuden mukaan<\/strong>, joten on suositeltavaa tarkistaa uusimmat tiedot virallisista l\u00e4hteist\u00e4 ennen matkan suunnittelua.<\/p>\n\n\n\n<figure class=\"wp-block-image size-full\"><img loading=\"lazy\" decoding=\"async\" width=\"2000\" height=\"1333\" src=\"https:\/\/safari-tours-africa.com\/wp-content\/uploads\/usa-visa-in-a-passport-background-scaled.webp\" alt=\"USA:n viisumi passin taustalla\" class=\"wp-image-1296\"\/><figcaption class=\"wp-element-caption\">Tarkista maasi viisumivaatimukset ennen matkaasi.<\/figcaption><\/figure>\n\n\n\n<h2 class=\"wp-block-heading\">Millainen on paikallisliikenne Etel\u00e4-Afrikassa?<\/h2>\n\n\n\n<p>Etel\u00e4-Afrikka tarjoaa erilaisia kuljetusvaihtoehtoja, jotka sopivat kaikkiin mieltymyksiin. Maan tiet ovat yleisesti ottaen hyv\u00e4ss\u00e4 kunnossa, mik\u00e4 tekee <strong>itseohjautuva<\/strong> toteuttamiskelpoinen vaihtoehto. Pidemmille matkoille tai syrj\u00e4isiin safarikohteisiin, <strong>kotimaanlennot<\/strong> ovat saatavilla. Riistavy\u00f6hykkeill\u00e4 ajetaan avoimilla safariajoneuvoilla, jotka tarjoavat esteett\u00f6m\u00e4n n\u00e4kym\u00e4n villiel\u00e4imiin.<\/p>\n\n\n\n<figure class=\"wp-block-image size-large\"><img decoding=\"async\" src=\"https:\/\/safari-tours-africa.com\/wp-content\/uploads\/roads-in-south-africa-1024x571.webp\" alt=\"Pieni karu Etel\u00e4-Afrikassa, tie ja vuoristo takana\" class=\"wp-image-1307\"\/><figcaption class=\"wp-element-caption\">Etel\u00e4-Afrikan tiet ovat yleens\u00e4 hyv\u00e4ss\u00e4 kunnossa.<\/figcaption><\/figure>\n\n\n\n<h2 class=\"wp-block-heading\">Mit\u00e4 majoitusvaihtoehtoja Etel\u00e4-Afrikassa on?<\/h2>\n\n\n\n<p>Majoitusvaihtoehdot Etel\u00e4-Afrikassa <strong>palvelee jokaista makua<\/strong>, ylellisist\u00e4 safarilodgeista ja boutique-hotelleista budjettiyst\u00e4v\u00e4llisiin majataloihin ja leirint\u00e4alueisiin. Safarialueilla vaihtoehdot vaihtelevat maalaismaisemissa sijaitsevista bush campeista ylellisiin lodgeihin, jotka tarjoavat erilaisia kokemuksia ja mukavuuksia.<\/p>\n\n\n\n<figure class=\"wp-block-image size-large\"><img decoding=\"async\" src=\"https:\/\/safari-tours-africa.com\/wp-content\/uploads\/row-of-thatch-roof-rondawel-huts-at-the-olifants-rest-camp-in-kruger-national-park-1024x705.webp\" alt=\"Rivi ruohokattoisia rondawel-m\u00f6kkej\u00e4 Olifants Rest Camp -leirill\u00e4 Krugerin kansallispuiston riistansuojelualueella Etel\u00e4-Afrikassa.\" class=\"wp-image-1308\"\/><figcaption class=\"wp-element-caption\">Yksinkertainen majoitus Krugerin kansallispuistossa<\/figcaption><\/figure>\n\n\n\n<h2 class=\"wp-block-heading\">Mit\u00e4 muuta voin tehd\u00e4 Etel\u00e4-Afrikassa villiel\u00e4inten n\u00e4kemisen lis\u00e4ksi?<\/h2>\n\n\n\n<p>Villiel\u00e4insafarien lis\u00e4ksi Etel\u00e4-Afrikka tarjoaa runsaasti aktiviteetteja ja el\u00e4myksi\u00e4. <strong>Kulttuurikierrokset<\/strong> tarjoavat tietoa maan historiasta ja erilaisista kulttuureista. Maisemallinen kauneus paikoissa, kuten <a href=\"https:\/\/safari-tours-africa.com\/fi\/safarimatkat\/4-day-panorama-route-to-kruger-national-park-safari\/\"><strong>Panorama-reitti<\/strong><\/a> ja Drakensberg-vuoristo kutsuvat luonnonyst\u00e4vi\u00e4 ja seikkailunhaluisia. Niille, jotka haluavat rentoutua, on <strong>maan rannat ja viinitarhat<\/strong> tarjoavat t\u00e4ydellisen pakopaikan.<\/p>\n\n\n\n<figure class=\"wp-block-image size-full\"><img loading=\"lazy\" decoding=\"async\" width=\"2000\" height=\"1125\" src=\"https:\/\/safari-tours-africa.com\/wp-content\/uploads\/panorama-route-south-africa-scaled.webp\" alt=\"Panoraamareitti Etel\u00e4-Afrikka, Blyde-joen kanjoni ja kolme rondellia, n\u00e4kym\u00e4 kolmesta rondellista ja Blyde-joen kanjonista Etel\u00e4-Afrikassa. Aasialaisia naisia ja valkoihoisia miehi\u00e4 lomalla Etel\u00e4-Afrikassa.\" class=\"wp-image-900\"\/><figcaption class=\"wp-element-caption\">N\u00e4kym\u00e4 Panorama Route -reitilt\u00e4 Etel\u00e4-Afrikassa<\/figcaption><\/figure>\n\n\n\n<h2 class=\"wp-block-heading\">Millaista ruoka on?<\/h2>\n\n\n\n<p>Etel\u00e4-Afrikan keitti\u00f6 on <strong>maan kulttuurisen monimuotoisuuden heijastuminen<\/strong>. Kulinaristinen tarjonta ulottuu perinteisist\u00e4 braais'ista (grillijuhlista) ja biltongista (kuivatusta, s\u00e4il\u00f6tyst\u00e4 lihasta) aina Cape Winelandsin hienoihin ruokailukokemuksiin. Maa on my\u00f6s tunnettu <strong>viini<\/strong>Stellenboschin ja Franschhoekin kaltaiset alueet ovat viiniharrastajien ehdoton vierailukohde.<\/p>\n\n\n\n<figure class=\"wp-block-image size-large\"><img decoding=\"async\" src=\"https:\/\/safari-tours-africa.com\/wp-content\/uploads\/south-african-street-food-1024x683.webp\" alt=\"Etel\u00e4afrikkalainen katuruoka - grillattuja kanavartaita ja -jalkoja\" class=\"wp-image-1309\"\/><figcaption class=\"wp-element-caption\">Etel\u00e4-Afrikan katuruoka<\/figcaption><\/figure>\n\n\n\n<h2 class=\"wp-block-heading\">Mitk\u00e4 ovat etikettivinkkej\u00e4 Etel\u00e4-Afrikassa?<\/h2>\n\n\n\n<p><strong>Juomarahat ovat tavallisia <\/strong>Etel\u00e4-Afrikassa hyv\u00e4st\u00e4 palvelusta ravintoloissa, safarioppaissa ja muilla palvelualoilla. Paikallisten tapojen ymm\u00e4rt\u00e4minen, ymp\u00e4rist\u00f6n kunnioittaminen ja vastuullinen yhteisty\u00f6 yhteis\u00f6jen kanssa ovat olennaisen t\u00e4rkeit\u00e4 my\u00f6nteisen ja vaikuttavan matkakokemuksen kannalta.<\/p>\n\n\n\n<figure class=\"wp-block-image size-large\"><img decoding=\"async\" src=\"https:\/\/safari-tours-africa.com\/wp-content\/uploads\/safari-guide-in-south-africa-1024x683.webp\" alt=\"Safariopas jeepiss\u00e4 rauhoittavan kyltin kanssa katselee sarvikuonoja luonnossa.\" class=\"wp-image-1310\"\/><figcaption class=\"wp-element-caption\">Safarioppaat arvostavat juomarahaa suuresti.<\/figcaption><\/figure>\n\n\n\n<h2 class=\"wp-block-heading\">Miksi valita Safari Tours Africa matkustaa Etel\u00e4-Afrikkaan?<\/h2>\n\n\n\n<p>A <a href=\"https:\/\/safari-tours-africa.com\/fi\/etela-afrikka\/\">safari Etel\u00e4-Afrikassa<\/a> ei ole pelkk\u00e4 matka villiel\u00e4inten paratiisiin, vaan se on tutkimusmatka maahan, joka on t\u00e4ynn\u00e4 historiaa, kulttuuria ja luonnonkauneutta. Etel\u00e4-Afrikan safari ikonisesta P\u00f6yt\u00e4vuoresta Krugerin kansallispuistoon tarjoaa vertaansa vailla olevan seikkailun, jossa yhdistyv\u00e4t luonnon j\u00e4nnitys ja ihmisten l\u00e4mp\u00f6.<\/p>","protected":false},"excerpt":{"rendered":"<p>Etel\u00e4-Afrikka on maailma yhdess\u00e4 maassa, maa, joka on rikas monimuotoisuudeltaan, ei vain ihmisten ja kulttuurin vaan my\u00f6s luonnonihmeiden osalta. Etel\u00e4-Afrikan jokainen kolkka ikonisesta P\u00f6yt\u00e4vuoresta Krugerin kansallispuistoon kertoo oman tarinansa. Maan monimutkainen historia, elinvoimaiset kaupungit ja upeat ... <a href=\"https:\/\/safari-tours-africa.com\/fi\/south-africa-a-safari-destination\/\">Jatkuu<\/a><\/p>","protected":false},"author":41,"featured_media":893,"parent":0,"menu_order":0,"comment_status":"closed","ping_status":"closed","template":"","meta":{"_acf_changed":false,"footnotes":""},"class_list":["post-1180","page","type-page","status-publish","has-post-thumbnail","hentry"],"acf":{"page_subheading":"Explore South Africa's top safari destinations, cultural heritage, and practical travel tips for an enriching and diverse adventure experience."},"_links":{"self":[{"href":"https:\/\/safari-tours-africa.com\/fi\/wp-json\/wp\/v2\/pages\/1180","targetHints":{"allow":["GET"]}}],"collection":[{"href":"https:\/\/safari-tours-africa.com\/fi\/wp-json\/wp\/v2\/pages"}],"about":[{"href":"https:\/\/safari-tours-africa.com\/fi\/wp-json\/wp\/v2\/types\/page"}],"author":[{"embeddable":true,"href":"https:\/\/safari-tours-africa.com\/fi\/wp-json\/wp\/v2\/users\/41"}],"replies":[{"embeddable":true,"href":"https:\/\/safari-tours-africa.com\/fi\/wp-json\/wp\/v2\/comments?post=1180"}],"version-history":[{"count":3,"href":"https:\/\/safari-tours-africa.com\/fi\/wp-json\/wp\/v2\/pages\/1180\/revisions"}],"predecessor-version":[{"id":1312,"href":"https:\/\/safari-tours-africa.com\/fi\/wp-json\/wp\/v2\/pages\/1180\/revisions\/1312"}],"wp:featuredmedia":[{"embeddable":true,"href":"https:\/\/safari-tours-africa.com\/fi\/wp-json\/wp\/v2\/media\/893"}],"wp:attachment":[{"href":"https:\/\/safari-tours-africa.com\/fi\/wp-json\/wp\/v2\/media?parent=1180"}],"curies":[{"name":"wp","href":"https:\/\/api.w.org\/{rel}","templated":true}]}}