{"id":39,"date":"2023-01-16T13:14:25","date_gmt":"2023-01-16T13:14:25","guid":{"rendered":"https:\/\/safari-tours-africa.com\/about-us\/"},"modified":"2024-01-18T14:29:36","modified_gmt":"2024-01-18T14:29:36","slug":"meista","status":"publish","type":"page","link":"https:\/\/safari-tours-africa.com\/fi\/about-us\/","title":{"rendered":"Tietoa meist\u00e4"},"content":{"rendered":"<p>Osoitteessa <a href=\"https:\/\/world-discovery.com\/\">Maailman l\u00f6yt\u00f6<\/a>, kertomuksemme on aina ollut muutakin kuin pelkk\u00e4\u00e4 kurssien merkitsemist\u00e4 kartalle. Se on tarina intohimosta, uteliaisuudesta ja tuntemattoman v\u00e4sym\u00e4tt\u00f6m\u00e4st\u00e4 tavoittelusta. Toimistomme on syntynyt Euroopan rikkaassa historian ja kulttuurin kudoksessa, ja se on kehittynyt vuosien varrella, ja se on omaksunut globaalin matkailun eri puolia.<\/p>\n\n\n\n<p>Kokemuksemme kattaa kaleidoskooppi matkakohteita, ja jokainen matka on uusi luku yhteisess\u00e4 seikkailussamme. Nyt, kun k\u00e4\u00e4nn\u00e4mme kompassimme kohti Afrikkaa, huomaamme olevamme uuden, j\u00e4nnitt\u00e4v\u00e4n luvun kynnyksell\u00e4 l\u00f6yt\u00f6retkell\u00e4mme.<\/p>\n\n\n\n<figure class=\"wp-block-image size-full\"><img loading=\"lazy\" decoding=\"async\" width=\"2000\" height=\"1332\" src=\"https:\/\/safari-tours-africa.com\/wp-content\/uploads\/hiker-on-chogoria-route-scaled.webp\" alt=\"Takan\u00e4kym\u00e4 retkeilij\u00f6iden ryhm\u00e4st\u00e4, joka k\u00e4velee joen varrella Chogoria-reitill\u00e4, Mount Kenya, Keniaa\" class=\"wp-image-927\"\/><figcaption class=\"wp-element-caption\">Afrikka - monien jalokivien maa<\/figcaption><\/figure>\n\n\n\n<h3 class=\"wp-block-heading\">Afrikka: Afrikka: Raaka kauneus<\/h3>\n\n\n\n<p>Afrikka on aina ollut meille World Discoverylle inspiraation l\u00e4hde. Sen raaka, suodattamaton kauneus sek\u00e4 maisemien ja kulttuurien rikas kirjo kutsuvat todellisia tutkimusmatkailijoita. P\u00e4\u00e4timme keskitty\u00e4 safareihin emmek\u00e4 luksuslomiin, koska uskomme, ett\u00e4 <strong>Afrikan esitt\u00e4minen aidoimmassa muodossaan<\/strong>.<\/p>\n\n\n\n<p>Kenian ja Tansanian laajat savannit, Ugandan karu er\u00e4maa ja Etel\u00e4-Afrikan monimuotoiset biomit tarjoavat ainutlaatuisen ikkunan maailmaan, jossa luonto on yh\u00e4 vallassa.<\/p>\n\n\n\n<figure class=\"wp-block-image size-full\"><img loading=\"lazy\" decoding=\"async\" width=\"2000\" height=\"1329\" src=\"https:\/\/safari-tours-africa.com\/wp-content\/uploads\/mount-kenya-scaled.webp\" alt=\"Kenia-vuoren panoraama,\" class=\"wp-image-916\"\/><figcaption class=\"wp-element-caption\">Afrikan raaka kauneus<\/figcaption><\/figure>\n\n\n\n<p>Safariseikkailumme on suunniteltu upottamaan asiakkaamme Afrikan syd\u00e4meen. Viemme sinut tavallista pidemm\u00e4lle ja tarjoamme sinulle mahdollisuuden kulkea kevyesti l\u00e4pi ekosysteemien, jotka ovat s\u00e4ilyneet muuttumattomina vuosituhansia.&nbsp;<\/p>\n\n\n\n<p>Visiomme on helpottaa <strong>todellinen yhteys mantereeseen<\/strong> - Sen villiel\u00e4imet, maisemat ja ihmiset antavat sinulle mahdollisuuden kokea Afrikan sellaisena kuin se todella on: villin\u00e4, vapaana ja henke\u00e4salpaavana.<\/p>\n\n\n\n<h3 class=\"wp-block-heading\">Vahvuutemme: Asiantuntemus ja luotettavat kumppanuudet<\/h3>\n\n\n\n<p>World Discoveryn vahvuus on asiantuntemuksessamme ja asiantuntemuksessamme. <strong>kykymme tunnistaa luotettavimmat ja aidoimmat safarikokemukset.<\/strong>. Ymm\u00e4rr\u00e4mme, ett\u00e4 hienon safarin ydin ei ole vain matkakohteessa vaan matkassa ja ihmisiss\u00e4, jotka opastavat sinua sen aikana.<\/p>\n\n\n\n<p>L\u00e4hestymistapamme yhteisty\u00f6kumppaneiden valintaan on huolellinen ja perustuu syv\u00e4\u00e4n ymm\u00e4rrykseen siit\u00e4, mik\u00e4 tekee safarikokemuksesta poikkeuksellisen.<\/p>\n\n\n\n<p>Tiimimme, jolla on laaja kokemus matkailualalta, arvioi huolellisesti jokaisen mahdollisen yhteisty\u00f6kumppanin ja safarimahdollisuuden, hy\u00f6dynt\u00e4en runsaasti tietoa ja n\u00e4kemyst\u00e4. <strong>perusteellinen prosessi <\/strong>joka heijastaa sit\u00e4 huolellisuutta ja huomiota, jota Afrikan majesteettisten maisemien l\u00e4pi matkatessa noudatetaan.<\/p>\n\n\n\n<figure class=\"wp-block-image size-full\"><img loading=\"lazy\" decoding=\"async\" width=\"2000\" height=\"1333\" src=\"https:\/\/safari-tours-africa.com\/wp-content\/uploads\/maasai-mara-men-dancing-scaled.webp\" alt=\"Maasai Maran mies esittelee perinteist\u00e4 maasai-hyppytanssia.\" class=\"wp-image-864\"\/><figcaption class=\"wp-element-caption\">Paikalliset maasai-miehet<\/figcaption><\/figure>\n\n\n\n<p>Tutustumme kumppaneidemme toimintaan ja arvioimme heid\u00e4n asiakastukikanaviaan, organisaatiokyky\u00e4\u00e4n ja yleist\u00e4 luotettavuuttaan. Tiimimme on yhteydess\u00e4 vastuuhenkil\u00f6ihin ja tutkii tarkkaan heid\u00e4n tarjontansa varmistaakseen, ett\u00e4 ne t\u00e4ytt\u00e4v\u00e4t seuraavat vaatimukset <strong>korkeat standardit<\/strong>.<\/p>\n\n\n\n<p>Kun kuratoimme safarisi, se tehd\u00e4\u00e4n tarkasti ja huolella, sill\u00e4 he ymm\u00e4rt\u00e4v\u00e4t, mik\u00e4 tekee afrikkalaisesta seikkailusta todella erityisen. Valintaprosessimme perustuu kattavaan tutkimukseen, asiakaspalautteeseen ja tiiviiseen yhteydenpitoon paikallisten asiantuntijoiden kanssa.<\/p>\n\n\n\n<p>T\u00e4m\u00e4n ansiosta voimme valita safarikokemuksia, jotka tarjoavat <strong>aitous ja vertaansa vailla olevat kohtaamiset<\/strong> Afrikan villiel\u00e4imiin ja kulttuuriin.<\/p>\n\n\n\n<h3 class=\"wp-block-heading\">Paikalliset kumppanimme<\/h3>\n\n\n\n<p>Afrikkalaiset kumppanimme ovat enemm\u00e4n kuin pelkki\u00e4 toimijoita; he ovat maansa vartijoita ja kulttuurinsa l\u00e4hettil\u00e4it\u00e4. He ovat <strong>paikalliset<\/strong> jotka el\u00e4v\u00e4t ja hengitt\u00e4v\u00e4t Afrikan er\u00e4maata ja joiden tarinat ja n\u00e4kemykset rikastuttavat jokaista safaria.<\/p>\n\n\n\n<p>Valitsemalla heid\u00e4t yhteisty\u00f6kumppaniksemme varmistamme, ett\u00e4 asiakkaamme eiv\u00e4t ainoastaan nauti aidosta afrikkalaisesta kokemuksesta vaan my\u00f6s edist\u00e4v\u00e4t n\u00e4iden upeiden maisemien ja niit\u00e4 kutsuvien yhteis\u00f6jen suojelua.<\/p>\n\n\n\n<figure class=\"wp-block-image size-large is-resized\"><img loading=\"lazy\" decoding=\"async\" width=\"1024\" height=\"1024\" src=\"https:\/\/safari-tours-africa.com\/wp-content\/uploads\/our-kenyan-safari-ride-1-1024x1024.webp\" alt=\"Meid\u00e4n Kenian safarimatkamme\" class=\"wp-image-830\" style=\"width:1189px;height:auto\" srcset=\"https:\/\/safari-tours-africa.com\/wp-content\/uploads\/our-kenyan-safari-ride-1-1024x1024.webp 1024w, https:\/\/safari-tours-africa.com\/wp-content\/uploads\/our-kenyan-safari-ride-1-300x300.webp 300w, https:\/\/safari-tours-africa.com\/wp-content\/uploads\/our-kenyan-safari-ride-1-150x150.webp 150w, https:\/\/safari-tours-africa.com\/wp-content\/uploads\/our-kenyan-safari-ride-1-768x767.webp 768w, https:\/\/safari-tours-africa.com\/wp-content\/uploads\/our-kenyan-safari-ride-1-12x12.webp 12w, https:\/\/safari-tours-africa.com\/wp-content\/uploads\/our-kenyan-safari-ride-1.webp 1482w\" sizes=\"auto, (max-width: 1024px) 100vw, 1024px\" \/><figcaption class=\"wp-element-caption\">Pyrimme luomaan kiinteit\u00e4 kumppanuuksia paikallisten palveluntarjoajien kanssa<\/figcaption><\/figure>\n\n\n\n<h3 class=\"wp-block-heading\">Tutustu Afrikkaan (ja maailmaan) kanssamme!<\/h3>\n\n\n\n<p>Kun Safari Tours Africa tekee World Discoveryn, Afrikan safaristasi tulee matka maailman kiehtovimman mantereen sieluun. Seurasitpa sitten gorilloja Ugandan sumuisissa metsiss\u00e4, todistitpa Suurta vaellusta Keniassa ja Tansaniassa tai tutustuit Etel\u00e4-Afrikan monipuolisiin ekosysteemeihin, lupaamme seikkailun, josta j\u00e4\u00e4 muistoja, joita voit vaalia koko el\u00e4m\u00e4ksesi.<\/p>\n\n\n\n<p>Tule mukaan t\u00e4lle l\u00f6yt\u00f6retkelle. Tutustu kuratoituihin safarikokemuksiimme <a href=\"https:\/\/safari-tours-africa.com\/fi\/uganda\/\">Uganda<\/a>, <a href=\"https:\/\/safari-tours-africa.com\/fi\/etela-afrikka\/\">Etel\u00e4-Afrikka<\/a>, <a href=\"https:\/\/safari-tours-africa.com\/fi\/kenia\/\">Kenia<\/a>ja <a href=\"https:\/\/safari-tours-africa.com\/fi\/tansania\/\">Tansania<\/a>ja astu maailmaan, jossa jokainen hetki on tarina, joka odottaa avautumistaan. Ota yhteytt\u00e4 jo t\u00e4n\u00e4\u00e4n, ja l\u00e4hdet\u00e4\u00e4n unohtumattomaan seikkailuun Afrikan syd\u00e4meen. <a href=\"https:\/\/safari-tours-africa.com\/fi\/\">Safarimatkat Afrikka<\/a>.<\/p>","protected":false},"excerpt":{"rendered":"<p>World Discoveryn tarinamme on aina ollut muutakin kuin kurssien kartoittaminen kartalle. Se on tarina intohimosta, uteliaisuudesta ja tuntemattoman v\u00e4sym\u00e4tt\u00f6m\u00e4st\u00e4 tavoittelusta. Toimistomme on syntynyt Euroopan rikkaassa historian ja kulttuurin kudelmassa, ja se on kehittynyt vuosien varrella, ja se on omaksunut globaalin matkailun eri osa-alueet. Kokemuksemme kattaa ... <a href=\"https:\/\/safari-tours-africa.com\/fi\/about-us\/\">Jatkuu<\/a><\/p>","protected":false},"author":41,"featured_media":930,"parent":0,"menu_order":0,"comment_status":"closed","ping_status":"closed","template":"","meta":{"_acf_changed":false,"footnotes":""},"class_list":["post-39","page","type-page","status-publish","has-post-thumbnail","hentry"],"acf":{"page_subheading":"Discover Africa with World Discovery: Expertly curated safari adventures that blend authenticity with our extensive travel industry experience."},"_links":{"self":[{"href":"https:\/\/safari-tours-africa.com\/fi\/wp-json\/wp\/v2\/pages\/39","targetHints":{"allow":["GET"]}}],"collection":[{"href":"https:\/\/safari-tours-africa.com\/fi\/wp-json\/wp\/v2\/pages"}],"about":[{"href":"https:\/\/safari-tours-africa.com\/fi\/wp-json\/wp\/v2\/types\/page"}],"author":[{"embeddable":true,"href":"https:\/\/safari-tours-africa.com\/fi\/wp-json\/wp\/v2\/users\/41"}],"replies":[{"embeddable":true,"href":"https:\/\/safari-tours-africa.com\/fi\/wp-json\/wp\/v2\/comments?post=39"}],"version-history":[{"count":4,"href":"https:\/\/safari-tours-africa.com\/fi\/wp-json\/wp\/v2\/pages\/39\/revisions"}],"predecessor-version":[{"id":963,"href":"https:\/\/safari-tours-africa.com\/fi\/wp-json\/wp\/v2\/pages\/39\/revisions\/963"}],"wp:featuredmedia":[{"embeddable":true,"href":"https:\/\/safari-tours-africa.com\/fi\/wp-json\/wp\/v2\/media\/930"}],"wp:attachment":[{"href":"https:\/\/safari-tours-africa.com\/fi\/wp-json\/wp\/v2\/media?parent=39"}],"curies":[{"name":"wp","href":"https:\/\/api.w.org\/{rel}","templated":true}]}}