{"id":1172,"date":"2024-01-22T15:31:09","date_gmt":"2024-01-22T15:31:09","guid":{"rendered":"https:\/\/safari-tours-africa.com\/?page_id=1172"},"modified":"2024-01-23T17:26:49","modified_gmt":"2024-01-23T17:26:49","slug":"le-kenya-une-destination-de-safari","status":"publish","type":"page","link":"https:\/\/safari-tours-africa.com\/fr\/kenya-a-safari-destination\/","title":{"rendered":"Kenya : Une destination de safari"},"content":{"rendered":"<p>Le Kenya, situ\u00e9 dans la <strong>c\u0153ur de l'Afrique de l'Est<\/strong>L'Afrique du Sud est un pays o\u00f9 la beaut\u00e9 naturelle rencontre l'aventure. C'est une destination connue pour la diversit\u00e9 de sa faune et de ses paysages, depuis les lacs de flamants roses de la vall\u00e9e du Grand Rift jusqu'\u00e0 la r\u00e9gion de l'Oc\u00e9an Indien, riche en faune et en flore. <a href=\"https:\/\/safari-tours-africa.com\/fr\/circuits-de-safari\/3-day-enkorok-mara-camp-safari\/\">Maasai Mara<\/a>.<\/p>\n\n\n\n<p>C'est un pays o\u00f9 la culture traditionnelle est tiss\u00e9e dans le tissu moderne de la vie, des rues anim\u00e9es de Nairobi aux tribus pastorales de la fronti\u00e8re septentrionale. Avec ses plages immacul\u00e9es, ses hauts plateaux montagneux et sa faune abondante, le Kenya offre une riche palette d'exp\u00e9riences \u00e0 tout voyageur d\u00e9sireux d'explorer les merveilles naturelles et les profondeurs culturelles de l'Afrique.<\/p>\n\n\n\n<figure class=\"wp-block-image size-full\"><img loading=\"lazy\" decoding=\"async\" width=\"2000\" height=\"1333\" src=\"https:\/\/safari-tours-africa.com\/wp-content\/uploads\/masai-mara-national-park-in-kenya-scaled.webp\" alt=\"Girafe sauvage et gnous pr\u00e8s d&#039;une voiture de safari dans le parc national du Masai Mara, au Kenya. Concept de safari. Paysage de voyage africain\" class=\"wp-image-863\"\/><figcaption class=\"wp-element-caption\">Un safari au Kenya<\/figcaption><\/figure>\n\n\n\n<h2 class=\"wp-block-heading\">Quels sont les endroits du Kenya \u00e0 visiter lors d'un safari ?<\/h2>\n\n\n\n<h3 class=\"wp-block-heading\">1. R\u00e9serve nationale du Masai Mara<\/h3>\n\n\n\n<p>Le Masai Mara n'est pas seulement un lieu, c'est un spectacle en soi, synonyme de faune et de flore et d'exp\u00e9rience de safari en Afrique. C'est l'extension septentrionale du Serengeti et c'est l\u00e0 que l'on trouve les spectaculaires <strong>La grande migration<\/strong>La r\u00e9serve est \u00e9galement un paradis pour les photographes, car elle offre la possibilit\u00e9 d'immortaliser des sc\u00e8nes de la vie quotidienne. La r\u00e9serve est \u00e9galement un paradis pour les photographes, qui ont la possibilit\u00e9 d'immortaliser les plus beaux paysages de l'Afrique du Sud. <strong>Les cinq grands<\/strong> dans leur habitat naturel. Les <strong>Rivi\u00e8re Mara<\/strong>Le parc national de la rivi\u00e8re de l'Oc\u00e9an Indien, parsem\u00e9 d'hippopotames et de crocodiles, ajoute un \u00e9l\u00e9ment dynamique \u00e0 l'exp\u00e9rience de l'observation du gibier.<\/p>\n\n\n\n<p>Visite de la r\u00e9serve nationale du Masai Mara \u00e0 bord de la <a __bud_processed=\"\" href=\"https:\/\/safari-tours-africa.com\/fr\/circuits-de-safari\/3-day-masai-mara-ashnil-camp-safari\/\">Safari de 3 jours au Masai Mara Ashnil Camp<\/a>.<\/p>\n\n\n\n<figure class=\"wp-block-image size-full\"><img loading=\"lazy\" decoding=\"async\" width=\"2000\" height=\"1338\" src=\"https:\/\/safari-tours-africa.com\/wp-content\/uploads\/masai-mara-scaled.webp\" alt=\"Masai Mara, Kenya\" class=\"wp-image-1273\"\/><figcaption class=\"wp-element-caption\">Parc national du Masai Mara<\/figcaption><\/figure>\n\n\n\n<h3 class=\"wp-block-heading\">2. Parc national de Hell's Gate<\/h3>\n\n\n\n<p>Nich\u00e9 dans le <strong>Vall\u00e9e du Grand Rift<\/strong>Le parc national de Hell's Gate, qui se distingue par son activit\u00e9 g\u00e9othermique spectaculaire et sa faune unique, offre une exp\u00e9rience de safari extraordinaire. Le parc est un sanctuaire pour des animaux tels que les buffles, les z\u00e8bres et les girafes, et son statut de zone sans pr\u00e9dateur en fait un lieu id\u00e9al pour les safaris \u00e0 pied ou \u00e0 v\u00e9lo, au milieu des geysers \u00e9ructant et des falaises imposantes. R\u00e9put\u00e9 pour <strong>escalade et observation des oiseaux<\/strong>Le parc, qui compte plus de 100 esp\u00e8ces, dont le rare aigle de Verreaux, met \u00e9galement en valeur l'harmonie entre la nature et l'\u00e9nergie renouvelable \u00e0 la station g\u00e9othermique d'Olkaria.<\/p>\n\n\n\n<p>Visitez le parc national de Hell's Gate \u00e0 bord de la <a href=\"https:\/\/safari-tours-africa.com\/fr\/circuits-de-safari\/7-day-best-of-kenya-safari\/\">Safari de 7 jours au Kenya<\/a>.<\/p>\n\n\n\n<figure class=\"wp-block-image size-large\"><img decoding=\"async\" src=\"https:\/\/safari-tours-africa.com\/wp-content\/uploads\/hells-gate-national-park-1-1024x576.webp\" alt=\"Impressionnant parc national de Hell&#039;s gate, Kenya\" class=\"wp-image-1324\"\/><figcaption class=\"wp-element-caption\">Le paysage unique du parc national de Hell's Gate<\/figcaption><\/figure>\n\n\n\n<h3 class=\"wp-block-heading\">3. R\u00e9serve nationale de Samburu<\/h3>\n\n\n\n<p>Samburu pr\u00e9sente une facette diff\u00e9rente du safari kenyan, avec ses paysages arides et sa faune unique. Les <strong>Rivi\u00e8re Ewaso Ng'iro<\/strong> est la ligne de vie de la r\u00e9gion, attirant une grande vari\u00e9t\u00e9 d'animaux sauvages et accueillant une large population d'oiseaux. <strong>Crocodiles du Nil<\/strong>. La r\u00e9serve abrite des esp\u00e8ces rarement rencontr\u00e9es ailleurs, comme la girafe r\u00e9ticul\u00e9e et l'autruche de Somalie, ce qui en fait une destination de safari unique pour ceux qui souhaitent sortir des sentiers battus.<\/p>\n\n\n\n<p>Visite de la r\u00e9serve nationale de Samburu <a href=\"https:\/\/safari-tours-africa.com\/fr\/circuits-de-safari\/4-day-samburu-flying-package\/\">Forfait vol de 4 jours \u00e0 Samburu<\/a>.<\/p>\n\n\n\n<figure class=\"wp-block-image size-full\"><img loading=\"lazy\" decoding=\"async\" width=\"2000\" height=\"1330\" src=\"https:\/\/safari-tours-africa.com\/wp-content\/uploads\/buffalo-in-samburu-scaled.webp\" alt=\"Buffalo\" class=\"wp-image-881\"\/><figcaption class=\"wp-element-caption\">Un buffle se rafra\u00eechit dans la r\u00e9serve nationale de Samburu.<\/figcaption><\/figure>\n\n\n\n<h3 class=\"wp-block-heading\">4. Parc national du lac Nakuru<\/h3>\n\n\n\n<p>Autrefois connue pour ses vastes <strong>population de flamants roses<\/strong> peignant le bord du lac en rose, le lac Nakuru offre une riche biodiversit\u00e9 dans sa zone compacte. Le parc est aujourd'hui un sanctuaire pour les rhinoc\u00e9ros. <strong>rhinoc\u00e9ros noirs et blancs<\/strong> prosp\u00e9rer ici. Les points de vue, comme celui de Lion Hill, offrent une vue panoramique sur le lac et les millions de p\u00e9licans et de flamants roses qui vivent sur ses rives.<\/p>\n\n\n\n<p>Visite du parc national du lac Nakuru sur le <a href=\"https:\/\/safari-tours-africa.com\/fr\/circuits-de-safari\/7-day-tree-hotel-samburu-nakuru-masai-lodge-centy-safari\/\">Safari de 7 jours au Tree Hotel Samburu-Nakuru-Masai Lodge Centy<\/a>.<\/p>\n\n\n\n<figure class=\"wp-block-image size-full\"><img loading=\"lazy\" decoding=\"async\" width=\"2000\" height=\"1328\" src=\"https:\/\/safari-tours-africa.com\/wp-content\/uploads\/rhinos-in-lake-nakuru-national-park-scaled.webp\" alt=\"rhinoc\u00e9ros dans le parc national du lac nakuru, kenya\" class=\"wp-image-1272\"\/><figcaption class=\"wp-element-caption\">Deux rhinoc\u00e9ros sur les rives du lac Nakuru<\/figcaption><\/figure>\n\n\n\n<h3 class=\"wp-block-heading\">5. Parc national d'Amboseli<\/h3>\n\n\n\n<p>Amboseli offre bien plus qu'une toile de fond de majestueux <strong>Kilimandjaro<\/strong>. C'est une ar\u00e8ne o\u00f9 l'on peut voir de grands troupeaux d'\u00e9l\u00e9phants se promener avec pour toile de fond le plus haut sommet d'Afrique. Le parc est relativement <strong>petite taille et plaines ouvertes<\/strong> La colline d'observation permet de rep\u00e9rer facilement la faune, offrant des rencontres intimes avec des animaux tels que les lions, les gu\u00e9pards et d'innombrables esp\u00e8ces d'oiseaux. La colline d'observation offre des vues panoramiques du parc, en particulier au coucher du soleil, cr\u00e9ant ainsi un paradis pour les photographes.<\/p>\n\n\n\n<figure class=\"wp-block-image size-large\"><img decoding=\"async\" src=\"https:\/\/safari-tours-africa.com\/wp-content\/uploads\/mount-kilimanjaro-with-an-elephant-walking-across-the-foreground-1024x576.webp\" alt=\"Mont Kilimandjaro avec un \u00e9l\u00e9phant traversant le premier plan. Parc national d&#039;Amboseli, Kenya.\" class=\"wp-image-1325\"\/><figcaption class=\"wp-element-caption\">Un \u00e9l\u00e9phant solitaire marchant devant le mont Kilimandjaro dans le parc national d'Amboseli.<\/figcaption><\/figure>\n\n\n\n<h3 class=\"wp-block-heading\">6. Parcs nationaux de Tsavo Est et Ouest<\/h3>\n\n\n\n<p>Ensemble, ces parcs forment <strong>l'une des plus grandes zones de conservation de la plan\u00e8te<\/strong>. Le Tsavo est une r\u00e9gion sauvage et indompt\u00e9e. Tsavo East est connu pour ses vastes troupeaux d'\u00e9l\u00e9phants rouges comme la poussi\u00e8re, tandis que Tsavo West offre un paysage plus vari\u00e9, avec notamment des sources, l'observation des hippopotames sous l'eau \u00e0 Mzima Springs, et les coul\u00e9es de lave de Shetani.<\/p>\n\n\n\n<figure class=\"wp-block-image size-large\"><img loading=\"lazy\" decoding=\"async\" width=\"1024\" height=\"683\" src=\"https:\/\/safari-tours-africa.com\/wp-content\/uploads\/zebras-in-tsavo-east-national-park-in-kenya-1024x683.webp\" alt=\"Z\u00e8bres dans le parc national de Tsavo East au Kenya\" class=\"wp-image-1326\" srcset=\"https:\/\/safari-tours-africa.com\/wp-content\/uploads\/zebras-in-tsavo-east-national-park-in-kenya-1024x683.webp 1024w, https:\/\/safari-tours-africa.com\/wp-content\/uploads\/zebras-in-tsavo-east-national-park-in-kenya-300x200.webp 300w, https:\/\/safari-tours-africa.com\/wp-content\/uploads\/zebras-in-tsavo-east-national-park-in-kenya-768x512.webp 768w, https:\/\/safari-tours-africa.com\/wp-content\/uploads\/zebras-in-tsavo-east-national-park-in-kenya-1536x1024.webp 1536w, https:\/\/safari-tours-africa.com\/wp-content\/uploads\/zebras-in-tsavo-east-national-park-in-kenya-2048x1365.webp 2048w, https:\/\/safari-tours-africa.com\/wp-content\/uploads\/zebras-in-tsavo-east-national-park-in-kenya-18x12.webp 18w\" sizes=\"auto, (max-width: 1024px) 100vw, 1024px\" \/><figcaption class=\"wp-element-caption\">Tsamo est une r\u00e9gion sauvage.<\/figcaption><\/figure>\n\n\n\n<h2 class=\"wp-block-heading\">Quelle est la meilleure p\u00e9riode pour visiter le Kenya ?<\/h2>\n\n\n\n<p>Le choix du moment de votre visite peut influencer de mani\u00e8re significative votre exp\u00e9rience du safari. Les <strong>mois secs de juin \u00e0 octobre <\/strong>offrent les meilleures conditions d'observation car les animaux se rassemblent autour des sources d'eau. Cette p\u00e9riode co\u00efncide \u00e9galement avec la grande migration dans le Masai Mara, un spectacle qui attire les amateurs de nature du monde entier.<\/p>\n\n\n\n<p>Toutefois, pour les <strong>observateurs d'oiseaux<\/strong> Pour les amateurs de paysages luxuriants et pittoresques, les saisons humides (novembre-d\u00e9cembre et mars-mai) offrent une exp\u00e9rience de safari unique, avec des animaux nouveau-n\u00e9s et des oiseaux migrateurs qui remplissent le ciel.<\/p>\n\n\n\n<figure class=\"wp-block-image size-full\"><img loading=\"lazy\" decoding=\"async\" width=\"2000\" height=\"1333\" src=\"https:\/\/safari-tours-africa.com\/wp-content\/uploads\/roller-bird-on-a-safari-in-kenya.webp\" alt=\"Rouleau \u00e0 poitrine lilas, Masai Mara, Kenya\" class=\"wp-image-866\"\/><figcaption class=\"wp-element-caption\">La meilleure p\u00e9riode pour visiter le Kenya d\u00e9pend du type d'animaux que vous souhaitez observer.<\/figcaption><\/figure>\n\n\n\n<h2 class=\"wp-block-heading\">Le Kenya est-il s\u00fbr ?<\/h2>\n\n\n\n<p>Bien que le Kenya soit une destination relativement s\u00fbre pour les touristes, il est important de prendre les pr\u00e9cautions d'usage. Tenez-vous au courant des derniers avis de voyage \u00e9mis par votre gouvernement. Dans les destinations de safari, les mesures de s\u00e9curit\u00e9 sont primordiales. <strong>guides exp\u00e9riment\u00e9s et r\u00e9glementation stricte du parc<\/strong> afin de vivre une exp\u00e9rience en toute s\u00e9curit\u00e9. Dans les villes, il est conseill\u00e9 d'\u00e9viter les zones non touristiques la nuit, de garder les objets de valeur en lieu s\u00fbr et de rester vigilant, comme vous le feriez dans n'importe quelle grande ville du monde.<\/p>\n\n\n\n<figure class=\"wp-block-image size-large\"><img decoding=\"async\" src=\"https:\/\/safari-tours-africa.com\/wp-content\/uploads\/street-market-in-nairobi-streets-1024x683.webp\" alt=\"March\u00e9 de rue dans les rues de Nairobi depuis le sommet du Kenyatta International Convention Centre.\" class=\"wp-image-1327\"\/><figcaption class=\"wp-element-caption\">En prenant les pr\u00e9cautions d'usage, le Kenya est aussi s\u00fbr que n'importe quel autre pays du tiers-monde.<\/figcaption><\/figure>\n\n\n\n<h2 class=\"wp-block-heading\">Ai-je besoin d'un visa pour entrer au Kenya ?<\/h2>\n\n\n\n<p>Il est essentiel de planifier son entr\u00e9e au Kenya pour que tout se passe bien. La plupart des voyageurs arrivent par <strong>A\u00e9roport international Jomo Kenyatta<\/strong> \u00e0 Nairobi. Des visas sont n\u00e9cessaires pour la plupart des nationalit\u00e9s et peuvent \u00eatre obtenus en ligne sur le site de l'Office des Nations unies contre la drogue et le crime. <strong>Syst\u00e8me eVisa<\/strong>. La proc\u00e9dure est simple, mais il est conseill\u00e9 de faire la demande bien avant la date de votre voyage. Assurez-vous que votre passeport a au moins six mois de validit\u00e9 et v\u00e9rifiez si votre pays fait partie du programme de visa touristique pour l'Afrique de l'Est, qui offre un acc\u00e8s \u00e0 plusieurs pays, une option pratique pour ceux qui explorent l'ensemble de la r\u00e9gion.<\/p>\n\n\n\n<figure class=\"wp-block-image size-full\"><img loading=\"lazy\" decoding=\"async\" width=\"2000\" height=\"1333\" src=\"https:\/\/safari-tours-africa.com\/wp-content\/uploads\/usa-visa-in-a-passport-background-scaled.webp\" alt=\"Visa pour les \u00c9tats-Unis sur fond de passeport\" class=\"wp-image-1296\"\/><figcaption class=\"wp-element-caption\">V\u00e9rifiez les conditions d'obtention d'un visa pour votre pays avant votre voyage.<\/figcaption><\/figure>\n\n\n\n<h2 class=\"wp-block-heading\">Comment se passent les transports locaux au Kenya ?<\/h2>\n\n\n\n<p>Se d\u00e9placer au Kenya fait partie de l'aventure. <strong>Vols int\u00e9rieurs<\/strong> relient les grandes villes et les destinations de safari, offrant un moyen rapide et pittoresque de couvrir de grandes distances. Pour ceux qui souhaitent vivre des exp\u00e9riences locales, le <strong>minibus matatu<\/strong> offrent un moyen de transport color\u00e9 et dynamique, m\u00eame s'ils ne respectent pas toujours des horaires stricts. Les transferts priv\u00e9s et les taxis constituent un moyen de transport plus confortable et plus s\u00fbr, en particulier dans les zones urbaines. Pour un rythme pittoresque et tranquille, envisagez le service de train entre Nairobi et Mombasa, qui offre des vues sur la campagne et un aper\u00e7u de la vie locale.<\/p>\n\n\n\n<figure class=\"wp-block-image size-large\"><img decoding=\"async\" src=\"https:\/\/safari-tours-africa.com\/wp-content\/uploads\/tuk-tuk-in-kenya-1024x640.webp\" alt=\"Vue du si\u00e8ge passager d&#039;un tuk tuk (pousse-pousse \u00e0 trois roues) avec un autre tuk tuk venant en sens inverse sur l&#039;autre c\u00f4t\u00e9 de la route. Malindi, Kenya\" class=\"wp-image-1328\"\/><figcaption class=\"wp-element-caption\">Vue d'un tuk tuk au Kenya<\/figcaption><\/figure>\n\n\n\n<h2 class=\"wp-block-heading\">Quelles sont les possibilit\u00e9s d'h\u00e9bergement au Kenya ?<\/h2>\n\n\n\n<p>Les possibilit\u00e9s d'h\u00e9bergement au Kenya r\u00e9pondent aux besoins suivants <strong>pour tous les go\u00fbts et tous les budgets<\/strong>. Dans des villes comme Nairobi et Mombasa, vous trouverez une gamme d'h\u00f4tels allant des marques de luxe internationales aux \u00e9tablissements de charme locaux. Les lodges et les camps de safari dans les parcs nationaux offrent une exp\u00e9rience immersive de la vie sauvage, avec des options allant des camps de tentes de luxe aux lodges rustiques. Pour les amateurs de plage, la c\u00f4te k\u00e9nyane offre des complexes h\u00f4teliers et des maisons d'h\u00f4tes avec une vue imprenable sur l'oc\u00e9an et un acc\u00e8s \u00e0 des plages immacul\u00e9es comme celle de Diani Beach. Les \u00e9co-lodges sont un excellent choix pour ceux qui recherchent des options d'h\u00e9bergement durables et impliqu\u00e9es dans la communaut\u00e9.<\/p>\n\n\n\n<figure class=\"wp-block-image size-large\"><img decoding=\"async\" src=\"https:\/\/safari-tours-africa.com\/wp-content\/uploads\/kenya-lodge-for-tourist-surrounded-by-the-jungle-1024x638.webp\" alt=\"Kenya Lodge pour touristes entour\u00e9 par la jungle\" class=\"wp-image-1329\"\/><figcaption class=\"wp-element-caption\">Il existe des lodges de diff\u00e9rents niveaux de vie dans tous les parcs kenyans<\/figcaption><\/figure>\n\n\n\n<h2 class=\"wp-block-heading\">Que puis-je faire d'autre au Kenya que de voir des animaux sauvages ?<\/h2>\n\n\n\n<p>Le Kenya est une terre de diversit\u00e9, non seulement en ce qui concerne la faune et la flore, mais aussi en ce qui concerne les exp\u00e9riences culturelles et d'aventure. Outre les safaris traditionnels, les visiteurs peuvent s'engager aupr\u00e8s des populations locales. <strong>Communaut\u00e9s Maasai et Samburu<\/strong>La r\u00e9gion de la vall\u00e9e du Rift, qui offre un aper\u00e7u du riche patrimoine culturel du Kenya, est un lieu de pr\u00e9dilection pour l'observation des oiseaux. L'observation des oiseaux est spectaculaire, en particulier dans les lacs de la vall\u00e9e du Rift. Pour les aventuriers, <strong>safaris en montgolfi\u00e8re<\/strong> offrent une perspective unique sur le Maasai Mara, et les sports nautiques le long de la c\u00f4te s'adressent aux amateurs de plage. Les centres de conservation et les sanctuaires donnent un aper\u00e7u des efforts de protection de la faune et de la flore, faisant de votre voyage une exp\u00e9rience de vacances et d'apprentissage.<\/p>\n\n\n\n<figure class=\"wp-block-image size-large is-resized\"><img loading=\"lazy\" decoding=\"async\" width=\"1024\" height=\"683\" src=\"https:\/\/safari-tours-africa.com\/wp-content\/uploads\/maasai-mara-man-showing-traditional-maasai-jumping-dance-1024x683.webp\" alt=\"Homme Maasai Mara montrant la danse traditionnelle de saut Maasai\" class=\"wp-image-1330\" style=\"width:1024px;height:auto\" srcset=\"https:\/\/safari-tours-africa.com\/wp-content\/uploads\/maasai-mara-man-showing-traditional-maasai-jumping-dance-1024x683.webp 1024w, https:\/\/safari-tours-africa.com\/wp-content\/uploads\/maasai-mara-man-showing-traditional-maasai-jumping-dance-300x200.webp 300w, https:\/\/safari-tours-africa.com\/wp-content\/uploads\/maasai-mara-man-showing-traditional-maasai-jumping-dance-768x512.webp 768w, https:\/\/safari-tours-africa.com\/wp-content\/uploads\/maasai-mara-man-showing-traditional-maasai-jumping-dance-1536x1024.webp 1536w, https:\/\/safari-tours-africa.com\/wp-content\/uploads\/maasai-mara-man-showing-traditional-maasai-jumping-dance-2048x1365.webp 2048w, https:\/\/safari-tours-africa.com\/wp-content\/uploads\/maasai-mara-man-showing-traditional-maasai-jumping-dance-18x12.webp 18w\" sizes=\"auto, (max-width: 1024px) 100vw, 1024px\" \/><figcaption class=\"wp-element-caption\">La communaut\u00e9 locale du peuple indig\u00e8ne Maasai<\/figcaption><\/figure>\n\n\n\n<h2 class=\"wp-block-heading\">Comment est la nourriture ?<\/h2>\n\n\n\n<p>La cuisine kenyane est le reflet de sa diversit\u00e9 culturelle. <strong>Plats traditionnels<\/strong> comme l'ugali, le nyama choma et le kachumbari offrent un avant-go\u00fbt des saveurs locales. <strong>Influences indiennes et c\u00f4ti\u00e8res<\/strong> introduisent une vari\u00e9t\u00e9 de plats de fruits de mer, de currys et de chapatis, enrichissant ainsi le paysage culinaire. Les plantations de th\u00e9 des hauts plateaux produisent <strong>certains des meilleurs th\u00e9s du monde<\/strong>La cuisine de rue est un accompagnement parfait pour un repas kenyan. Les \u00e9tals de cuisine de rue et les restaurants locaux offrent une exp\u00e9rience culinaire authentique et abordable, permettant aux visiteurs d'explorer la diversit\u00e9 culinaire du pays.<\/p>\n\n\n\n<figure class=\"wp-block-image size-large\"><img decoding=\"async\" src=\"https:\/\/safari-tours-africa.com\/wp-content\/uploads\/kenyan-nyama-choma-1024x610.webp\" alt=\"Nyama Choma du Kenya\" class=\"wp-image-1331\"\/><figcaption class=\"wp-element-caption\">La sp\u00e9cialit\u00e9 kenyane - nyama choma<\/figcaption><\/figure>\n\n\n\n<h2 class=\"wp-block-heading\">Quels sont les conseils d'\u00e9tiquette \u00e0 suivre au Kenya ?<\/h2>\n\n\n\n<p>Comprendre les coutumes et l'\u00e9tiquette locales peut grandement am\u00e9liorer votre exp\u00e9rience de voyage. <strong>Les pourboires sont appr\u00e9ci\u00e9s<\/strong> mais pas obligatoire, avec les montants habituels pour les guides, les chauffeurs et le personnel de service. Il est important d'interagir avec respect, notamment en saluant et en demandant la permission avant de prendre des photos. Il convient de s'habiller sobrement, en particulier dans les zones rurales et sur les sites religieux. Apprendre un <strong>quelques phrases de base en swahili <\/strong>peuvent enrichir vos interactions avec les habitants et t\u00e9moigner de votre respect pour la culture locale.<\/p>\n\n\n\n<figure class=\"wp-block-image size-large\"><img decoding=\"async\" src=\"https:\/\/safari-tours-africa.com\/wp-content\/uploads\/masai-kudu-horn-blowing-1024x679.webp\" alt=\"Soufflage de cornes de Masai Kudu - Kenya\" class=\"wp-image-1332\"\/><figcaption class=\"wp-element-caption\">Respecter les coutumes locales<\/figcaption><\/figure>\n\n\n\n<h2 class=\"wp-block-heading\">Pourquoi choisir Safari Tours Africa pour voyager au Kenya ?<\/h2>\n\n\n\n<p>Choisir Safari Tours Africa, c'est opter pour une exp\u00e9rience adapt\u00e9e \u00e0 vos pr\u00e9f\u00e9rences, garantissant un voyage authentique et sans faille \u00e0 travers les paysages et la faune du Kenya. Gr\u00e2ce \u00e0 des partenariats avec les meilleurs op\u00e9rateurs locaux et \u00e0 un engagement de service personnalis\u00e9, Safari Tours Africa vous promet une aventure inoubliable, en vous mettant en contact avec le c\u0153ur de ce pays vibrant et diversifi\u00e9 sur notre site web. <a href=\"https:\/\/safari-tours-africa.com\/fr\/kenya\/\">Safaris au Kenya<\/a>.<\/p>","protected":false},"excerpt":{"rendered":"<p>Le Kenya, situ\u00e9 au c\u0153ur de l'Afrique de l'Est, est un pays o\u00f9 la beaut\u00e9 naturelle rencontre l'aventure. C'est une destination connue pour la diversit\u00e9 de sa faune et de ses paysages, des lacs de flamants roses de la vall\u00e9e du Rift au Maasai Mara, riche en esp\u00e8ces sauvages. C'est un pays o\u00f9 la culture traditionnelle est int\u00e9gr\u00e9e dans le tissu moderne de la vie, de ... <a href=\"https:\/\/safari-tours-africa.com\/fr\/kenya-a-safari-destination\/\">Suite<\/a><\/p>","protected":false},"author":41,"featured_media":896,"parent":0,"menu_order":0,"comment_status":"closed","ping_status":"closed","template":"","meta":{"_acf_changed":false,"footnotes":""},"class_list":["post-1172","page","type-page","status-publish","has-post-thumbnail","hentry"],"acf":{"page_subheading":"Uncover a comprehensive overview of Kenya's top safari destinations, wildlife highlights, and practical advice for a seamless travel experience."},"_links":{"self":[{"href":"https:\/\/safari-tours-africa.com\/fr\/wp-json\/wp\/v2\/pages\/1172","targetHints":{"allow":["GET"]}}],"collection":[{"href":"https:\/\/safari-tours-africa.com\/fr\/wp-json\/wp\/v2\/pages"}],"about":[{"href":"https:\/\/safari-tours-africa.com\/fr\/wp-json\/wp\/v2\/types\/page"}],"author":[{"embeddable":true,"href":"https:\/\/safari-tours-africa.com\/fr\/wp-json\/wp\/v2\/users\/41"}],"replies":[{"embeddable":true,"href":"https:\/\/safari-tours-africa.com\/fr\/wp-json\/wp\/v2\/comments?post=1172"}],"version-history":[{"count":5,"href":"https:\/\/safari-tours-africa.com\/fr\/wp-json\/wp\/v2\/pages\/1172\/revisions"}],"predecessor-version":[{"id":1336,"href":"https:\/\/safari-tours-africa.com\/fr\/wp-json\/wp\/v2\/pages\/1172\/revisions\/1336"}],"wp:featuredmedia":[{"embeddable":true,"href":"https:\/\/safari-tours-africa.com\/fr\/wp-json\/wp\/v2\/media\/896"}],"wp:attachment":[{"href":"https:\/\/safari-tours-africa.com\/fr\/wp-json\/wp\/v2\/media?parent=1172"}],"curies":[{"name":"wp","href":"https:\/\/api.w.org\/{rel}","templated":true}]}}