{"id":1176,"date":"2024-01-22T15:46:04","date_gmt":"2024-01-22T15:46:04","guid":{"rendered":"https:\/\/safari-tours-africa.com\/?page_id=1176"},"modified":"2024-01-23T17:08:09","modified_gmt":"2024-01-23T17:08:09","slug":"louganda-une-destination-de-safari","status":"publish","type":"page","link":"https:\/\/safari-tours-africa.com\/fr\/uganda-a-safari-destination\/","title":{"rendered":"Ouganda : Une destination de safari"},"content":{"rendered":"<p>L'Ouganda est un pays qui incarne v\u00e9ritablement l'essence brute du continent africain. C'est un pays o\u00f9 les <strong>Les savanes ensoleill\u00e9es rencontrent les for\u00eats tropicales luxuriantes<\/strong>L'Ouganda est l'un des pays les plus riches du monde, o\u00f9 le puissant fleuve Nil donne vie \u00e0 un \u00e9cosyst\u00e8me d'une incroyable diversit\u00e9. La riche tapisserie de paysages de l'Ouganda s'\u00e9tend des cha\u00eenes de montagnes enneig\u00e9es aux lacs \u00e9tendus et aux jungles denses.<\/p>\n\n\n\n<p>Sa diversit\u00e9 culturelle, avec plus de 56 tribus, chacune avec ses coutumes, sa langue et ses traditions uniques, offre un cadre propice \u00e0 l'\u00e9change d'id\u00e9es et d'exp\u00e9riences. <strong>une riche mosa\u00efque d'exp\u00e9riences culturelles<\/strong>. De l'aventure pleine d'adr\u00e9naline du rafting en eaux vives sur le Nil \u00e0 la tranquillit\u00e9 d'un coucher de soleil sur la savane, l'Ouganda promet un voyage de d\u00e9couverte et d'\u00e9merveillement \u00e0 chaque tournant.<\/p>\n\n\n\n<figure class=\"wp-block-image size-full\"><img loading=\"lazy\" decoding=\"async\" width=\"2000\" height=\"1333\" src=\"https:\/\/safari-tours-africa.com\/wp-content\/uploads\/adult-female-gorilla-with-baby-scaled.webp\" alt=\"Gorille femelle adulte et son b\u00e9b\u00e9, Gorilla beringei beringei, dans le feuillage luxuriant de la for\u00eat imp\u00e9n\u00e9trable de Bwindi, en Ouganda. Membres de la famille Muyambi, groupe habitu\u00e9 du programme de conservation.\" class=\"wp-image-1234\"\/><figcaption class=\"wp-element-caption\">L'Ouganda est surtout connu pour ses randonn\u00e9es de gorilles.<\/figcaption><\/figure>\n\n\n\n<h2 class=\"wp-block-heading\">Quels sont les lieux \u00e0 visiter en Ouganda lors d'un safari ?<\/h2>\n\n\n\n<h3 class=\"wp-block-heading\">1. For\u00eat imp\u00e9n\u00e9trable de Bwindi<\/h3>\n\n\n\n<p>A <strong>Site du patrimoine mondial de l'UNESCO<\/strong>Bwindi n'est pas seulement le lieu de r\u00e9sidence d'un peu moins d'un million de personnes. <strong>la moiti\u00e9 des gorilles de montagne du monde <\/strong>mais sert \u00e9galement de refuge aux \u00e9l\u00e9phants, aux chimpanz\u00e9s et \u00e0 diverses esp\u00e8ces d'oiseaux. L'exp\u00e9rience d'un trekking \u00e0 travers cette ancienne for\u00eat couverte de brume pour passer du temps avec ces doux g\u00e9ants est tout simplement magique. La biodiversit\u00e9 de la for\u00eat s'\u00e9tend au-del\u00e0 de ses habitants les plus c\u00e9l\u00e8bres, avec plus de 120 esp\u00e8ces de mammif\u00e8res et plus de 350 esp\u00e8ces d'oiseaux, ce qui en fait une zone de conservation essentielle.<\/p>\n\n\n\n<p>Visite de la for\u00eat imp\u00e9n\u00e9trable de Bwindi sur le <a href=\"https:\/\/safari-tours-africa.com\/fr\/circuits-de-safari\/3-day-uganda-gorilla-habituation-experience\/\">3 jours d'exp\u00e9rience d'habituation des gorilles en Ouganda<\/a>.<\/p>\n\n\n\n<figure class=\"wp-block-image size-full\"><img loading=\"lazy\" decoding=\"async\" width=\"2000\" height=\"1203\" src=\"https:\/\/safari-tours-africa.com\/wp-content\/uploads\/landscape-in-southwestern-uganda-at-the-bwindi-impenetrable-forest-national-park-scaled.webp\" alt=\"Paysage du sud-ouest de l&#039;Ouganda, dans le parc national de la for\u00eat imp\u00e9n\u00e9trable de Bwindi, aux fronti\u00e8res de l&#039;Ouganda, du Congo et du Rwanda. Le parc national de Bwindi est l&#039;habitat des gorilles de montagne.\" class=\"wp-image-1236\"\/><figcaption class=\"wp-element-caption\">La for\u00eat imp\u00e9n\u00e9trable de Bwindi offre un refuge \u00e0 une importante colonie de gorilles de montagne.<\/figcaption><\/figure>\n\n\n\n<h3 class=\"wp-block-heading\">2. Parc national Reine Elizabeth<\/h3>\n\n\n\n<p>La diversit\u00e9 des \u00e9cosyst\u00e8mes de ce parc en fait un microcosme de l'exp\u00e9rience des safaris en Ouganda. Les savanes, les zones humides et les for\u00eats du parc regorgent d'animaux sauvages. Le caract\u00e8re unique <strong>les lions d'Ishasha qui grimpent aux arbres<\/strong>Les visiteurs peuvent y observer de vastes troupeaux de buffles et d'\u00e9l\u00e9phants, ainsi que les c\u00e9l\u00e8bres promenades en bateau le long de la rivi\u00e8re. <strong>Canal de Kazinga<\/strong> offrent une exposition spectaculaire de la biodiversit\u00e9 du parc. La situation du parc offre \u00e9galement une vue imprenable sur les monts Rwenzori et les lacs de crat\u00e8re de la r\u00e9gion.<\/p>\n\n\n\n<p>Visite du parc national Queen Elizabeth sur le <a href=\"https:\/\/safari-tours-africa.com\/fr\/circuits-de-safari\/12-day-uganda-safari\/\">Safari de 12 jours en Ouganda<\/a>.<\/p>\n\n\n\n<figure class=\"wp-block-image size-full\"><img loading=\"lazy\" decoding=\"async\" width=\"2000\" height=\"1331\" src=\"https:\/\/safari-tours-africa.com\/wp-content\/uploads\/elephant-in-queen-elizabeth-national-park.webp\" alt=\"\u00c9l\u00e9phant dans le parc national Queen Elizabeth, Ouganda, Afrique de l&#039;Est\" class=\"wp-image-1228\"\/><figcaption class=\"wp-element-caption\">Un \u00e9l\u00e9phant dans le parc national Queen Elizabeth<\/figcaption><\/figure>\n\n\n\n<h3 class=\"wp-block-heading\">3. Parc national de Kibale<\/h3>\n\n\n\n<p>Ce parc est l'un des meilleurs endroits d'Afrique o\u00f9 l'on peut suivre les traces des animaux. <strong>chimpanz\u00e9s<\/strong>. Les 795 kilom\u00e8tres carr\u00e9s de for\u00eat tropicale, de prairies et de mar\u00e9cages du parc ne servent pas seulement d'habitat aux chimpanz\u00e9s ; ils abritent \u00e9galement 13 autres esp\u00e8ces de primates, ce qui en fait un lieu de pr\u00e9dilection pour les chimpanz\u00e9s. <strong>l'un des parcs de primates les plus diversifi\u00e9s et les plus peupl\u00e9s au monde<\/strong>. L'observation des oiseaux \u00e0 Kibale est \u00e9galement exceptionnelle, avec environ 375 esp\u00e8ces recens\u00e9es.<\/p>\n\n\n\n<p>Visite du parc national de Kibale <a href=\"https:\/\/safari-tours-africa.com\/fr\/circuits-de-safari\/15-day-uganda-rwanda-combined-safari\/\">Safari combin\u00e9 de 15 jours en Ouganda et au Rwanda<\/a>.<\/p>\n\n\n\n<figure class=\"wp-block-image size-full\"><img loading=\"lazy\" decoding=\"async\" width=\"2000\" height=\"1333\" src=\"https:\/\/safari-tours-africa.com\/wp-content\/uploads\/two-chimps-sitting-on-the-ground-in-kibale-forest-scaled.webp\" alt=\"Deux chimpanz\u00e9s assis sur le sol dans la for\u00eat de Kibale\" class=\"wp-image-1223\"\/><figcaption class=\"wp-element-caption\">Chimpanz\u00e9s en compagnie les uns des autres dans le parc national de Kibale<\/figcaption><\/figure>\n\n\n\n<h3 class=\"wp-block-heading\">4. Parc national des chutes de Murchison<\/h3>\n\n\n\n<p>Nomm\u00e9 d'apr\u00e8s les spectaculaires chutes de Murchison, o\u00f9 les<strong> Fleuve Nil <\/strong>Le parc est situ\u00e9 \u00e0 l'int\u00e9rieur d'une gorge \u00e9troite o\u00f9 il fait un plongeon de 43 m\u00e8tres. <strong>La plus ancienne et la plus grande zone de conservation de l'Ouganda<\/strong>. Les vastes paysages du parc abritent <strong>76 esp\u00e8ces de mammif\u00e8res<\/strong>Le Nil lui-m\u00eame offre l'une des meilleures exp\u00e9riences de p\u00eache au monde, en particulier pour la perche du Nil. Le Nil lui-m\u00eame offre l'une des meilleures exp\u00e9riences de p\u00eache au monde, en particulier pour la perche du Nil.<\/p>\n\n\n\n<p>Visite du parc national des chutes de Murchison sur le <a href=\"https:\/\/safari-tours-africa.com\/fr\/circuits-de-safari\/12-day-uganda-safari\/\">Safari de 12 jours en Ouganda<\/a>.<\/p>\n\n\n\n<figure class=\"wp-block-image size-full\"><img loading=\"lazy\" decoding=\"async\" width=\"2000\" height=\"1325\" src=\"https:\/\/safari-tours-africa.com\/wp-content\/uploads\/boat-near-murchison-falls-scaled.webp\" alt=\"Botte sur le sol avant les chutes d&#039;eau de Murchison Falls\" class=\"wp-image-1265\"\/><figcaption class=\"wp-element-caption\">Excursion en bateau dans les magnifiques chutes de Murchison<\/figcaption><\/figure>\n\n\n\n<h3 class=\"wp-block-heading\">5. Parc national du lac Mburo<\/h3>\n\n\n\n<p>Ce parc offre une exp\u00e9rience de safari sereine, <strong>\u00e0 l'\u00e9cart des grandes foules<\/strong> que l'on trouve dans d'autres parcs. C'est l'endroit id\u00e9al pour observer des z\u00e8bres, des \u00e9lands et des impalas, ainsi qu'une incroyable vari\u00e9t\u00e9 d'oiseaux. Les habitats vari\u00e9s du parc, compos\u00e9s de collines s\u00e8ches, d'affleurements rocheux, de buissons, de fourr\u00e9s, de savanes ouvertes et bois\u00e9es, de for\u00eats, de lacs et de mar\u00e9cages, en font un lieu de pr\u00e9dilection pour l'observation de la faune et de la flore. <strong>Situation privil\u00e9gi\u00e9e pour les safaris \u00e0 pied<\/strong>.<\/p>\n\n\n\n<p>Visite du parc national du lac Mburo <a href=\"https:\/\/safari-tours-africa.com\/fr\/circuits-de-safari\/15-day-uganda-rwanda-combined-safari\/\">Safari combin\u00e9 de 15 jours en Ouganda et au Rwanda<\/a>.<\/p>\n\n\n\n<figure class=\"wp-block-image size-full\"><img loading=\"lazy\" decoding=\"async\" width=\"2000\" height=\"1325\" src=\"https:\/\/safari-tours-africa.com\/wp-content\/uploads\/group-of-zebras-in-lake-mburo-national-park-in-uganda-scaled.webp\" alt=\"Groupe de z\u00e8bres dans le parc national du lac Mburo en Ouganda\" class=\"wp-image-1248\"\/><figcaption class=\"wp-element-caption\">Z\u00e8bres au bord du lac Mburo<\/figcaption><\/figure>\n\n\n\n<h2 class=\"wp-block-heading\">Quelle est la meilleure p\u00e9riode pour visiter l'Ouganda ?<\/h2>\n\n\n\n<p>La meilleure p\u00e9riode pour les safaris en Ouganda est la saison s\u00e8che. <strong>de juin \u00e0 ao\u00fbt et de d\u00e9cembre \u00e0 f\u00e9vrier<\/strong>. L'observation de la faune est g\u00e9n\u00e9ralement meilleure \u00e0 cette p\u00e9riode car la v\u00e9g\u00e9tation est moins dense et les animaux se rassemblent autour des points d'eau. Cependant, les paysages verdoyants et luxuriants de l'Ouganda sont les plus beaux pendant la saison des pluies, et c'est aussi la meilleure p\u00e9riode pour observer les oiseaux migrateurs.<\/p>\n\n\n\n<figure class=\"wp-block-image size-full\"><img loading=\"lazy\" decoding=\"async\" width=\"2000\" height=\"1073\" src=\"https:\/\/safari-tours-africa.com\/wp-content\/uploads\/nile-river-in-uganda-scaled.webp\" alt=\"Fleuve Nil, Ouganda\" class=\"wp-image-1255\"\/><figcaption class=\"wp-element-caption\">La meilleure p\u00e9riode pour observer la faune en Ouganda est la saison s\u00e8che.<\/figcaption><\/figure>\n\n\n\n<h2 class=\"wp-block-heading\">L'Ouganda est-il s\u00fbr ?<\/h2>\n\n\n\n<p>Bien que l'Ouganda soit g\u00e9n\u00e9ralement une destination s\u00fbre pour les touristes, il est essentiel de respecter les mesures de s\u00e9curit\u00e9 g\u00e9n\u00e9rales, en particulier dans les grandes villes. Des vols mineurs peuvent se produire, il est donc conseill\u00e9 de <strong>garder les objets de valeur en s\u00e9curit\u00e9 <\/strong>et soyez conscient de votre environnement. Lors d'un safari, \u00e9coutez toujours les instructions de votre guide, qui est form\u00e9 pour assurer votre s\u00e9curit\u00e9 en pr\u00e9sence d'animaux sauvages.<\/p>\n\n\n\n<figure class=\"wp-block-image size-large\"><img decoding=\"async\" src=\"https:\/\/safari-tours-africa.com\/wp-content\/uploads\/aerial-view-of-kampala-city-seen-from-gaddaffi-mosque-1024x683.webp\" alt=\"Vue a\u00e9rienne de la ville de Kampala depuis la mosqu\u00e9e Gaddaffi, Ouganda\" class=\"wp-image-1315\"\/><figcaption class=\"wp-element-caption\">Les pr\u00e9cautions d'usage dans les grandes villes pour \u00e9viter les petits larcins<\/figcaption><\/figure>\n\n\n\n<h2 class=\"wp-block-heading\">Ai-je besoin d'un visa pour entrer en Ouganda ?<\/h2>\n\n\n\n<p>La plupart des visiteurs arrivent en Ouganda par l'a\u00e9roport international d'Entebbe. Les ressortissants de diverses nationalit\u00e9s peuvent demander un <strong>e-visa ou obtenir un visa \u00e0 l'arriv\u00e9e<\/strong>. Il est recommand\u00e9 de v\u00e9rifier les derni\u00e8res exigences en mati\u00e8re de visa aupr\u00e8s de sources officielles avant votre voyage. Assurez-vous que votre passeport est valable au moins six mois apr\u00e8s la date pr\u00e9vue de votre d\u00e9part de l'Ouganda.<\/p>\n\n\n\n<figure class=\"wp-block-image size-full\"><img loading=\"lazy\" decoding=\"async\" width=\"2000\" height=\"1333\" src=\"https:\/\/safari-tours-africa.com\/wp-content\/uploads\/usa-visa-in-a-passport-background-scaled.webp\" alt=\"Visa pour les \u00c9tats-Unis sur fond de passeport\" class=\"wp-image-1296\"\/><figcaption class=\"wp-element-caption\">V\u00e9rifiez les conditions d'obtention d'un visa pour votre pays avant votre voyage.<\/figcaption><\/figure>\n\n\n\n<h2 class=\"wp-block-heading\">Comment se passent les transports locaux en Ouganda ?<\/h2>\n\n\n\n<p>Les moyens de transport en Ouganda varient entre la marche et le v\u00e9lo dans les r\u00e9gions les plus recul\u00e9es et l'utilisation de l'avion. <strong>matatus<\/strong> (minibus partag\u00e9s) et <strong>boda-bodas<\/strong> (motos-taxis) dans les zones urbaines. Pour les longues distances et les excursions dans les parcs nationaux, les v\u00e9hicules priv\u00e9s ou les circuits organis\u00e9s sont les options les plus pratiques et les plus s\u00fbres.<\/p>\n\n\n\n<figure class=\"wp-block-image size-large\"><img decoding=\"async\" src=\"https:\/\/safari-tours-africa.com\/wp-content\/uploads\/public-transportation-in-uganda-683x1024.webp\" alt=\"Transports publics en Ouganda\" class=\"wp-image-1316\"\/><figcaption class=\"wp-element-caption\">Transport local en Ouganda<\/figcaption><\/figure>\n\n\n\n<h2 class=\"wp-block-heading\">Quelles sont les possibilit\u00e9s d'h\u00e9bergement en Ouganda ?<\/h2>\n\n\n\n<p>Les possibilit\u00e9s d'h\u00e9bergement en Ouganda vont des lodges et camps de tentes de luxe au c\u0153ur des parcs nationaux aux auberges de jeunesse et pensions de famille dans les villes. De nombreux lodges et camps offrent des vues imprenables, un excellent service et un acc\u00e8s facile aux activit\u00e9s de safari. Des \u00e9co-lodges et des h\u00e9bergements communautaires sont \u00e9galement disponibles pour ceux qui recherchent une exp\u00e9rience plus durable et immersive.<\/p>\n\n\n\n<figure class=\"wp-block-image size-large\"><img decoding=\"async\" src=\"https:\/\/safari-tours-africa.com\/wp-content\/uploads\/luxury-lodge-in-murchison-falls-national-park-1024x683.webp\" alt=\"Salle de bain dans un lodge de luxe, chutes de Murchison, Ouganda.\" class=\"wp-image-1317\"\/><figcaption class=\"wp-element-caption\">Lodge de luxe dans le parc national des chutes de Murchison<\/figcaption><\/figure>\n\n\n\n<h2 class=\"wp-block-heading\">Que puis-je faire d'autre en Ouganda que de voir des animaux sauvages ?<\/h2>\n\n\n\n<p>Les paysages diversifi\u00e9s de l'Ouganda offrent un \u00e9ventail d'activit\u00e9s au-del\u00e0 des traditionnels safaris en voiture. <strong>Randonn\u00e9e avec les gorilles et les chimpanz\u00e9s<\/strong> comptent parmi les exp\u00e9riences les plus uniques et les plus recherch\u00e9es. Les lacs et les rivi\u00e8res du pays se pr\u00eatent parfaitement \u00e0 la pratique de l'aquariophilie. <strong>la p\u00eache, la navigation de plaisance et le rafting en eaux vives<\/strong>. Les circuits culturels permettent de d\u00e9couvrir les traditions locales et les modes de vie des nombreux groupes ethniques de l'Ouganda.<\/p>\n\n\n\n<figure class=\"wp-block-image size-full\"><img loading=\"lazy\" decoding=\"async\" width=\"2000\" height=\"1333\" src=\"https:\/\/safari-tours-africa.com\/wp-content\/uploads\/extreme-whitewater-rafting-in-jinja-scaled.webp\" alt=\"Rafting en eaux vives \u00e0 Jinja, Ouganda\" class=\"wp-image-1210\"\/><figcaption class=\"wp-element-caption\">Rafting en eaux vives sur le Nil<\/figcaption><\/figure>\n\n\n\n<h2 class=\"wp-block-heading\">Comment est la nourriture ?<\/h2>\n\n\n\n<p>La cuisine ougandaise est aussi <strong>diversifi\u00e9<\/strong> que sa culture. Les aliments de base tels que le matoke (bananes vertes cuites et \u00e9cras\u00e9es), le posho (bouillie de farine de ma\u00efs) et le luwombo (rago\u00fbt cuit \u00e0 la vapeur dans des feuilles de bananier) sont couramment servis aux c\u00f4t\u00e9s des plats de viande et de l\u00e9gumes. La nourriture de rue, comme le Rolex (chapati rempli d'\u0153ufs et de l\u00e9gumes), constitue une option rapide et savoureuse pour les repas pris sur le pouce.<\/p>\n\n\n\n<figure class=\"wp-block-image size-large\"><img decoding=\"async\" src=\"https:\/\/safari-tours-africa.com\/wp-content\/uploads\/ugandan-cuisine-1024x447.webp\" alt=\"Cuisine ougandaise au buffet\" class=\"wp-image-1318\"\/><figcaption class=\"wp-element-caption\">Cuisine ougandaise<\/figcaption><\/figure>\n\n\n\n<h2 class=\"wp-block-heading\">Quels sont les conseils d'\u00e9tiquette \u00e0 suivre en Ouganda ?<\/h2>\n\n\n\n<p><strong>Les pourboires sont appr\u00e9ci\u00e9s<\/strong> en Ouganda, en particulier pour la qualit\u00e9 des services dans les secteurs du tourisme et de l'h\u00f4tellerie. Il est important de respecter les coutumes et les traditions locales, en particulier lorsque l'on visite des communaut\u00e9s rurales et tribales. L'apprentissage de quelques phrases de base dans les langues locales peut grandement am\u00e9liorer vos interactions et est souvent chaleureusement accueilli par les habitants.<\/p>\n\n\n\n<figure class=\"wp-block-image size-large\"><img decoding=\"async\" src=\"https:\/\/safari-tours-africa.com\/wp-content\/uploads\/two-kids-walking-hugged-in-uganda-1024x683.webp\" alt=\"gar\u00e7ons marchant bras dessus bras dessous en Ouganda, Afrique\" class=\"wp-image-1314\"\/><figcaption class=\"wp-element-caption\">Le respect des coutumes locales est un atout majeur en Ouganda.<\/figcaption><\/figure>\n\n\n\n<h2 class=\"wp-block-heading\">Pourquoi choisir Safari Tours Africa pour voyager en Ouganda ?<\/h2>\n\n\n\n<p>L'Ouganda offre un m\u00e9lange unique de faune, d'aventure et de culture. De l'adr\u00e9naline du trekking des gorilles \u00e0 la tranquillit\u00e9 d'un coucher de soleil sur le Nil, un voyage en Ouganda est une exp\u00e9rience unique. <a href=\"https:\/\/safari-tours-africa.com\/fr\/ouganda\/\">safari en Ouganda<\/a> est un voyage \u00e0 travers un paysage naturel vibrant et diversifi\u00e9. La chaleur de ses habitants et la richesse de sa culture ajoutent de la profondeur et de la couleur \u00e0 l'exp\u00e9rience du safari animalier, faisant de l'Ouganda une destination vraiment inoubliable.<\/p>","protected":false},"excerpt":{"rendered":"<p>L'Ouganda est un pays qui incarne v\u00e9ritablement l'essence brute du continent africain. C'est un pays o\u00f9 les savanes baign\u00e9es de soleil rencontrent des for\u00eats tropicales luxuriantes, et o\u00f9 le puissant fleuve Nil donne vie \u00e0 un \u00e9cosyst\u00e8me incroyablement diversifi\u00e9. La riche tapisserie de paysages de l'Ouganda s'\u00e9tend des cha\u00eenes de montagnes enneig\u00e9es aux lacs \u00e9tendus et aux jungles denses. Sa culture ... <a href=\"https:\/\/safari-tours-africa.com\/fr\/uganda-a-safari-destination\/\">Suite<\/a><\/p>","protected":false},"author":41,"featured_media":1284,"parent":0,"menu_order":0,"comment_status":"closed","ping_status":"closed","template":"","meta":{"_acf_changed":false,"footnotes":""},"class_list":["post-1176","page","type-page","status-publish","has-post-thumbnail","hentry"],"acf":{"page_subheading":"Explore Uganda's majestic wildlife, rich cultural heritage, and stunning landscapes with our in-depth guide, ensuring a transformative safari adventure."},"_links":{"self":[{"href":"https:\/\/safari-tours-africa.com\/fr\/wp-json\/wp\/v2\/pages\/1176","targetHints":{"allow":["GET"]}}],"collection":[{"href":"https:\/\/safari-tours-africa.com\/fr\/wp-json\/wp\/v2\/pages"}],"about":[{"href":"https:\/\/safari-tours-africa.com\/fr\/wp-json\/wp\/v2\/types\/page"}],"author":[{"embeddable":true,"href":"https:\/\/safari-tours-africa.com\/fr\/wp-json\/wp\/v2\/users\/41"}],"replies":[{"embeddable":true,"href":"https:\/\/safari-tours-africa.com\/fr\/wp-json\/wp\/v2\/comments?post=1176"}],"version-history":[{"count":5,"href":"https:\/\/safari-tours-africa.com\/fr\/wp-json\/wp\/v2\/pages\/1176\/revisions"}],"predecessor-version":[{"id":1322,"href":"https:\/\/safari-tours-africa.com\/fr\/wp-json\/wp\/v2\/pages\/1176\/revisions\/1322"}],"wp:featuredmedia":[{"embeddable":true,"href":"https:\/\/safari-tours-africa.com\/fr\/wp-json\/wp\/v2\/media\/1284"}],"wp:attachment":[{"href":"https:\/\/safari-tours-africa.com\/fr\/wp-json\/wp\/v2\/media?parent=1176"}],"curies":[{"name":"wp","href":"https:\/\/api.w.org\/{rel}","templated":true}]}}