{"id":1180,"date":"2024-01-22T16:27:34","date_gmt":"2024-01-22T16:27:34","guid":{"rendered":"https:\/\/safari-tours-africa.com\/?page_id=1180"},"modified":"2024-01-23T16:46:33","modified_gmt":"2024-01-23T16:46:33","slug":"lafrique-du-sud-une-destination-de-safari","status":"publish","type":"page","link":"https:\/\/safari-tours-africa.com\/fr\/south-africa-a-safari-destination\/","title":{"rendered":"Afrique du Sud : Une destination pour les safaris"},"content":{"rendered":"<p>L'Afrique du Sud est un monde en un seul pays, une nation riche en diversit\u00e9, non seulement en termes de population et de culture, mais aussi de merveilles naturelles. De l'embl\u00e9matique <strong>Montagne de la Table<\/strong> jusqu'\u00e0 l'immense <strong>Parc national Kruger<\/strong>Chaque coin de l'Afrique du Sud raconte une histoire.<\/p>\n\n\n\n<p>L'histoire complexe du pays, ses villes dynamiques et ses paysages \u00e9poustouflants en font une destination unique qui r\u00e9pond \u00e0 un large \u00e9ventail d'int\u00e9r\u00eats et d'activit\u00e9s. Qu'il s'agisse de siroter un bon vin dans les vignobles du Cap, d'explorer les champs de bataille historiques ou d'entreprendre un safari, l'Afrique du Sud offre une multitude de possibilit\u00e9s. <strong>une exp\u00e9rience immersive et multiforme<\/strong>.<\/p>\n\n\n\n<figure class=\"wp-block-image size-full\"><img loading=\"lazy\" decoding=\"async\" width=\"2000\" height=\"857\" src=\"https:\/\/safari-tours-africa.com\/wp-content\/uploads\/giraffe-in-the-bush-of-kruger-national-park-south-africa-scaled.webp\" alt=\"Girafe dans la brousse du parc national Kruger en Afrique du Sud. Girafe \u00e0 l&#039;aube dans le parc Kruger Afrique du Sud\" class=\"wp-image-1205\"\/><figcaption class=\"wp-element-caption\">Visite des girafes dans le parc national Kruger<\/figcaption><\/figure>\n\n\n\n<h2 class=\"wp-block-heading\">Quels sont les endroits d'Afrique du Sud \u00e0 visiter lors d'un safari ?<\/h2>\n\n\n\n<h3 class=\"wp-block-heading\">1. Parc national Kruger et r\u00e9serves priv\u00e9es environnantes<\/h3>\n\n\n\n<p>Le parc national Kruger est la pierre angulaire des safaris en Afrique du Sud. Cette vaste \u00e9tendue sauvage abrite un nombre impressionnant d'esp\u00e8ces, dont le <strong>Big 5<\/strong>. L'accessibilit\u00e9 du parc et ses infrastructures bien d\u00e9velopp\u00e9es en font un lieu id\u00e9al pour les amateurs de safari, qu'ils soient d\u00e9butants ou chevronn\u00e9s. Autour du parc, <strong>r\u00e9serves priv\u00e9es<\/strong> comme Sabi Sands et Thornybush offrent des exp\u00e9riences de safari exclusives, avec des lodges luxueux et des safaris guid\u00e9s qui permettent des rencontres intimes avec la faune.<\/p>\n\n\n\n<p>Visite du parc national Kruger et de ses environs \u00e0 bord de la <a href=\"https:\/\/safari-tours-africa.com\/fr\/circuits-de-safari\/5-day-panorama-route-to-kruger-national-park-safari\/\">Safari de 5 jours de la route panoramique au parc national Kruger<\/a>.<\/p>\n\n\n\n<figure class=\"wp-block-image size-full\"><img loading=\"lazy\" decoding=\"async\" width=\"2000\" height=\"1325\" src=\"https:\/\/safari-tours-africa.com\/wp-content\/uploads\/sunrise-at-kruger-national-park-scaled.webp\" alt=\"Lever de soleil dans le parc national Kruger\" class=\"wp-image-1192\"\/><figcaption class=\"wp-element-caption\">Lever de soleil sur le parc national Kruger<\/figcaption><\/figure>\n\n\n\n<h3 class=\"wp-block-heading\">2. Parc national du Pilanesberg<\/h3>\n\n\n\n<p>Nich\u00e9 dans le crat\u00e8re d'un ancien volcan, le parc national de Pilanesberg offre un paysage unique et est l'un des rares endroits en Afrique du Sud o\u00f9 les visiteurs peuvent voir pratiquement tous les Big 5 en une seule fois. <strong>environnement sans paludisme<\/strong>. La proximit\u00e9 du parc avec Johannesburg et Sun City en fait un choix pratique pour les voyageurs souhaitant combiner un safari avec d'autres activit\u00e9s de loisirs.<\/p>\n\n\n\n<figure class=\"wp-block-image size-large\"><img decoding=\"async\" src=\"https:\/\/safari-tours-africa.com\/wp-content\/uploads\/beautiful-zebra-standing-on-dry-grass-at-pilanesberg-national-park-on-a-sunny-day-1024x731.webp\" alt=\"Magnifique z\u00e8bre se tenant sur l&#039;herbe s\u00e8che dans le parc national de Pilanesberg par une journ\u00e9e ensoleill\u00e9e.\" class=\"wp-image-1303\"\/><figcaption class=\"wp-element-caption\">Z\u00e8bres dans le parc national de Pilanesberg par une journ\u00e9e ensoleill\u00e9e<\/figcaption><\/figure>\n\n\n\n<h3 class=\"wp-block-heading\">3. R\u00e9serve de chasse de Madikwe<\/h3>\n\n\n\n<p>Situ\u00e9 <strong>le long de la fronti\u00e8re avec le Botswana<\/strong> R\u00e9put\u00e9e pour ses efforts de conservation, la r\u00e9serve de Madikwe est un havre de paix pour les animaux sauvages. La r\u00e9serve est connue pour son succ\u00e8s <strong>programme d'\u00e9levage de chiens sauvages<\/strong> et offre la possibilit\u00e9 de voir ces pr\u00e9dateurs rares dans leur habitat naturel. Les divers \u00e9cosyst\u00e8mes de Madikwe abritent une grande vari\u00e9t\u00e9 d'esp\u00e8ces, ce qui permet de vivre une exp\u00e9rience de safari tr\u00e8s riche.<\/p>\n\n\n\n<figure class=\"wp-block-image size-large\"><img decoding=\"async\" src=\"https:\/\/safari-tours-africa.com\/wp-content\/uploads\/safari-game-drive-in-madikwe-reserve-1024x683.webp\" alt=\"Deux \u00e9l\u00e9phants adultes, Loxdonta Africana, marchant sur le sable rouge. Vue arri\u00e8re. Safari dans la r\u00e9serve de Madikwe, en Afrique du Sud, pr\u00e8s du Botswana et du d\u00e9sert du Kalahari. L&#039;\u00e9l\u00e9phant d&#039;Afrique fait partie des Big Five.\" class=\"wp-image-1304\"\/><figcaption class=\"wp-element-caption\">Un couple d'\u00e9l\u00e9phants se prom\u00e8ne dans la r\u00e9serve de Madikwe.<\/figcaption><\/figure>\n\n\n\n<h3 class=\"wp-block-heading\">4. Les r\u00e9serves du Cap-Oriental<\/h3>\n\n\n\n<p>Ces r\u00e9serves offrent un m\u00e9lange de commodit\u00e9 et d'observation de la faune et de la flore. <strong>sans paludisme et accueillant pour les familles<\/strong>. Le Cap-Oriental abrite plusieurs r\u00e9serves priv\u00e9es o\u00f9 les visiteurs peuvent profiter d'une exp\u00e9rience de safari plus isol\u00e9e tout en ayant la chance de voir les Big 5.<\/p>\n\n\n\n<figure class=\"wp-block-image size-large\"><img decoding=\"async\" src=\"https:\/\/safari-tours-africa.com\/wp-content\/uploads\/east-london-coast-nature-reserve-1024x683.webp\" alt=\"Rochers dans l&#039;oc\u00e9an Indien dans la r\u00e9serve naturelle de la c\u00f4te est de Londres, province du Cap-Oriental, Afrique du Sud\" class=\"wp-image-1305\"\/><figcaption class=\"wp-element-caption\">Vues c\u00f4ti\u00e8res des r\u00e9serves du Cap-Oriental<\/figcaption><\/figure>\n\n\n\n<h3 class=\"wp-block-heading\">5. Le Kalahari<\/h3>\n\n\n\n<p>La savane semi-aride du Kalahari offre un paysage tr\u00e8s diff\u00e9rent du bushveld typique associ\u00e9 aux safaris. Le parc transfrontalier de Kgalagadi, dans le Kalahari, est connu pour ses <strong>sables rouges<\/strong>La nature, la faune et la flore uniques, et l'exp\u00e9rience remarquable de la <strong>safaris dans le d\u00e9sert<\/strong>. C'est un endroit o\u00f9 l'on peut observer la nature dans sa forme la plus brute et la plus sauvage.<\/p>\n\n\n\n<figure class=\"wp-block-image size-large\"><img decoding=\"async\" src=\"https:\/\/safari-tours-africa.com\/wp-content\/uploads\/dune-rosse-del-kalahari-al-tramonto-stockpack-adobe-stock-1024x680.webp\" alt=\"dune rosse del kalahari al tramonto\" class=\"wp-image-1306\"\/><figcaption class=\"wp-element-caption\">Le paysage de sable rouge du Kalahari<\/figcaption><\/figure>\n\n\n\n<h2 class=\"wp-block-heading\">Quelle est la meilleure p\u00e9riode pour visiter l'Afrique du Sud ?<\/h2>\n\n\n\n<p>La p\u00e9riode id\u00e9ale pour visiter l'Afrique du Sud dans le cadre d'un safari est le<strong> saison s\u00e8che (mai \u00e0 septembre)<\/strong>Les animaux se rassemblent autour des sources d'eau et il est alors plus facile de les rep\u00e9rer. Toutefois, la diversit\u00e9 du climat sud-africain permet de visiter le pays tout au long de l'ann\u00e9e. L'Afrique du Sud <strong>R\u00e9gion du Cap<\/strong>Par exemple, la saison s\u00e8che a lieu pendant les mois d'\u00e9t\u00e9 (de novembre \u00e0 f\u00e9vrier), ce qui est la meilleure p\u00e9riode pour profiter de ses plages et de ses activit\u00e9s de plein air.<\/p>\n\n\n\n<figure class=\"wp-block-image size-full\"><img loading=\"lazy\" decoding=\"async\" width=\"2000\" height=\"1082\" src=\"https:\/\/safari-tours-africa.com\/wp-content\/uploads\/landscape-with-a-dirt-road-and-african-savanna-in-the-kruger-national-park-scaled.webp\" alt=\"Paysage avec chemin de terre et savane africaine dans le parc national Kruger en Afrique du Sud image en format horizontal\" class=\"wp-image-1197\"\/><figcaption class=\"wp-element-caption\">La saison s\u00e8che dure de mai \u00e0 septembre en Afrique du Sud.<\/figcaption><\/figure>\n\n\n\n<h2 class=\"wp-block-heading\">L'Afrique du Sud est-elle s\u00fbre ?<\/h2>\n\n\n\n<p>Si l'Afrique du Sud offre une riche exp\u00e9rience de voyage, il est essentiel de veiller \u00e0 la s\u00e9curit\u00e9, en particulier dans les grandes villes. Il est recommand\u00e9 de prendre <strong>pr\u00e9cautions standard<\/strong>Il s'agit notamment de garder les objets de valeur en lieu s\u00fbr et d'\u00eatre attentif \u00e0 ce qui se passe autour de soi. Dans les zones de safari, il est essentiel de suivre les conseils de vos guides et du personnel du lodge pour garantir une exp\u00e9rience s\u00fbre et agr\u00e9able.<\/p>\n\n\n\n<figure class=\"wp-block-image size-full\"><img loading=\"lazy\" decoding=\"async\" width=\"2000\" height=\"1043\" src=\"https:\/\/safari-tours-africa.com\/wp-content\/uploads\/nelson-mandela-bridge-and-johannesburg-city-at-sunset-scaled.webp\" alt=\"Pont Nelson Mandela et ville de Johannesburg au coucher du soleil\" class=\"wp-image-1189\"\/><figcaption class=\"wp-element-caption\">Vue de Johannesburg<\/figcaption><\/figure>\n\n\n\n<h2 class=\"wp-block-heading\">Ai-je besoin d'un visa pour entrer en Afrique du Sud ?<\/h2>\n\n\n\n<p>L'Afrique du Sud est bien desservie par les a\u00e9roports internationaux des grandes villes comme Johannesburg, Le Cap et Durban. Le pays dispose d'une <strong>un r\u00e9seau routier complet<\/strong>La conduite autonome devient ainsi une option populaire pour l'exploration. <strong>Les exigences en mati\u00e8re de visa varient en fonction de la nationalit\u00e9<\/strong>Il est donc conseill\u00e9 de v\u00e9rifier les informations les plus r\u00e9centes aupr\u00e8s des sources officielles avant de planifier votre voyage.<\/p>\n\n\n\n<figure class=\"wp-block-image size-full\"><img loading=\"lazy\" decoding=\"async\" width=\"2000\" height=\"1333\" src=\"https:\/\/safari-tours-africa.com\/wp-content\/uploads\/usa-visa-in-a-passport-background-scaled.webp\" alt=\"Visa pour les \u00c9tats-Unis sur fond de passeport\" class=\"wp-image-1296\"\/><figcaption class=\"wp-element-caption\">V\u00e9rifiez les conditions d'obtention d'un visa pour votre pays avant votre voyage.<\/figcaption><\/figure>\n\n\n\n<h2 class=\"wp-block-heading\">Comment se passent les transports locaux en Afrique du Sud ?<\/h2>\n\n\n\n<p>L'Afrique du Sud offre un large \u00e9ventail de moyens de transport pour r\u00e9pondre \u00e0 toutes les pr\u00e9f\u00e9rences. Les routes du pays sont g\u00e9n\u00e9ralement en bon \u00e9tat, ce qui rend les d\u00e9placements plus ais\u00e9s. <strong>conduite autonome<\/strong> une option viable. Pour les longues distances ou pour atteindre des destinations de safari \u00e9loign\u00e9es, <strong>vols int\u00e9rieurs<\/strong> sont disponibles. Dans les r\u00e9serves, les safaris se font en v\u00e9hicule ouvert, ce qui permet d'avoir une vue imprenable sur la faune.<\/p>\n\n\n\n<figure class=\"wp-block-image size-large\"><img decoding=\"async\" src=\"https:\/\/safari-tours-africa.com\/wp-content\/uploads\/roads-in-south-africa-1024x571.webp\" alt=\"Petit karoo en Afrique du Sud, route et montagne \u00e0 l&#039;arri\u00e8re\" class=\"wp-image-1307\"\/><figcaption class=\"wp-element-caption\">Les routes en Afrique du Sud sont g\u00e9n\u00e9ralement en bon \u00e9tat<\/figcaption><\/figure>\n\n\n\n<h2 class=\"wp-block-heading\">Quelles sont les possibilit\u00e9s d'h\u00e9bergement en Afrique du Sud ?<\/h2>\n\n\n\n<p>Options d'h\u00e9bergement en Afrique du Sud <strong>r\u00e9pondre \u00e0 tous les go\u00fbts<\/strong>Il existe plusieurs types d'h\u00e9bergement, des luxueux safaris lodges et h\u00f4tels de charme aux pensions et campings bon march\u00e9. Dans les zones de safari, les options vont des camps de brousse rustiques aux lodges opulents, offrant une vari\u00e9t\u00e9 d'exp\u00e9riences et d'\u00e9quipements.<\/p>\n\n\n\n<figure class=\"wp-block-image size-large\"><img decoding=\"async\" src=\"https:\/\/safari-tours-africa.com\/wp-content\/uploads\/row-of-thatch-roof-rondawel-huts-at-the-olifants-rest-camp-in-kruger-national-park-1024x705.webp\" alt=\"Rang\u00e9e de huttes rondawel au toit de chaume au Olifants Rest Camp dans la r\u00e9serve de gibier du parc national Kruger en Afrique du Sud.\" class=\"wp-image-1308\"\/><figcaption class=\"wp-element-caption\">H\u00e9bergement simple dans le parc national Kruger<\/figcaption><\/figure>\n\n\n\n<h2 class=\"wp-block-heading\">Que puis-je faire d'autre en Afrique du Sud que de voir des animaux sauvages ?<\/h2>\n\n\n\n<p>Outre les safaris, l'Afrique du Sud offre une multitude d'activit\u00e9s et d'exp\u00e9riences. <strong>Visites culturelles<\/strong> permettent de d\u00e9couvrir l'histoire du pays et la diversit\u00e9 de ses cultures. La beaut\u00e9 des paysages de lieux tels que le <a href=\"https:\/\/safari-tours-africa.com\/fr\/circuits-de-safari\/4-day-panorama-route-to-kruger-national-park-safari\/\"><strong>Route panoramique<\/strong><\/a> et les montagnes du Drakensberg attirent les amoureux de la nature et les amateurs d'aventure. Pour ceux qui souhaitent se d\u00e9tendre, le <strong>les plages et les vignobles du pays<\/strong> offrent une \u00e9vasion parfaite.<\/p>\n\n\n\n<figure class=\"wp-block-image size-full\"><img loading=\"lazy\" decoding=\"async\" width=\"2000\" height=\"1125\" src=\"https:\/\/safari-tours-africa.com\/wp-content\/uploads\/panorama-route-south-africa-scaled.webp\" alt=\"Route panoramique en Afrique du Sud, canyon de la rivi\u00e8re Blyde avec les trois rondavels, vue de trois rondavels et du canyon de la rivi\u00e8re Blyde en Afrique du Sud. Femmes asiatiques et hommes caucasiens en vacances en Afrique du Sud\" class=\"wp-image-900\"\/><figcaption class=\"wp-element-caption\">Vue de la route panoramique en Afrique du Sud<\/figcaption><\/figure>\n\n\n\n<h2 class=\"wp-block-heading\">Comment est la nourriture ?<\/h2>\n\n\n\n<p>La cuisine sud-africaine est une <strong>le reflet de la diversit\u00e9 culturelle du pays<\/strong>. La sc\u00e8ne culinaire offre tout, des traditionnels braais (barbecues) et biltong (viande s\u00e9ch\u00e9e) aux exp\u00e9riences gastronomiques dans les vignobles du Cap. Le pays est \u00e9galement r\u00e9put\u00e9 pour ses <strong>le vin<\/strong>Des r\u00e9gions comme Stellenbosch et Franschhoek sont incontournables pour les amateurs de vin.<\/p>\n\n\n\n<figure class=\"wp-block-image size-large\"><img decoding=\"async\" src=\"https:\/\/safari-tours-africa.com\/wp-content\/uploads\/south-african-street-food-1024x683.webp\" alt=\"Cuisine de rue sud-africaine - brochettes et pieds de poulet cuits au barbecue\" class=\"wp-image-1309\"\/><figcaption class=\"wp-element-caption\">La cuisine de rue en Afrique du Sud<\/figcaption><\/figure>\n\n\n\n<h2 class=\"wp-block-heading\">Quels sont les conseils d'\u00e9tiquette \u00e0 suivre lors d'un s\u00e9jour en Afrique du Sud ?<\/h2>\n\n\n\n<p><strong>Le pourboire est d'usage <\/strong>en Afrique du Sud pour un service de qualit\u00e9 dans les restaurants, les guides de safari et d'autres secteurs de services. Comprendre les coutumes locales, respecter l'environnement et s'engager de mani\u00e8re responsable avec les communaut\u00e9s sont des \u00e9l\u00e9ments essentiels pour une exp\u00e9rience de voyage positive et marquante.<\/p>\n\n\n\n<figure class=\"wp-block-image size-large\"><img decoding=\"async\" src=\"https:\/\/safari-tours-africa.com\/wp-content\/uploads\/safari-guide-in-south-africa-1024x683.webp\" alt=\"Guide de safari en jeep avec un signe d&#039;apaisement regardant des rhinoc\u00e9ros dans la nature\" class=\"wp-image-1310\"\/><figcaption class=\"wp-element-caption\">Les pourboires sont tr\u00e8s appr\u00e9ci\u00e9s par les guides de safari<\/figcaption><\/figure>\n\n\n\n<h2 class=\"wp-block-heading\">Pourquoi choisir Safari Tours Africa pour voyager en Afrique du Sud ?<\/h2>\n\n\n\n<p>A <a href=\"https:\/\/safari-tours-africa.com\/fr\/afrique-du-sud\/\">safari en Afrique du Sud<\/a> n'est pas seulement un voyage dans un paradis animalier ; c'est aussi l'exploration d'un pays d\u00e9bordant d'histoire, de culture et de beaut\u00e9 naturelle. De l'embl\u00e9matique Montagne de la Table au parc national Kruger, riche en esp\u00e8ces sauvages, un safari en Afrique du Sud offre une aventure sans pareille qui allie le frisson de la nature \u00e0 la chaleur de ses habitants.<\/p>","protected":false},"excerpt":{"rendered":"<p>L'Afrique du Sud est un monde en un seul pays, une nation riche en diversit\u00e9, non seulement en termes de population et de culture, mais aussi en termes de merveilles naturelles. De l'embl\u00e9matique Montagne de la Table au parc national Kruger, chaque coin de l'Afrique du Sud raconte une histoire. L'histoire complexe du pays, ses villes anim\u00e9es et ses magnifiques ... <a href=\"https:\/\/safari-tours-africa.com\/fr\/south-africa-a-safari-destination\/\">Suite<\/a><\/p>","protected":false},"author":41,"featured_media":893,"parent":0,"menu_order":0,"comment_status":"closed","ping_status":"closed","template":"","meta":{"_acf_changed":false,"footnotes":""},"class_list":["post-1180","page","type-page","status-publish","has-post-thumbnail","hentry"],"acf":{"page_subheading":"Explore South Africa's top safari destinations, cultural heritage, and practical travel tips for an enriching and diverse adventure experience."},"_links":{"self":[{"href":"https:\/\/safari-tours-africa.com\/fr\/wp-json\/wp\/v2\/pages\/1180","targetHints":{"allow":["GET"]}}],"collection":[{"href":"https:\/\/safari-tours-africa.com\/fr\/wp-json\/wp\/v2\/pages"}],"about":[{"href":"https:\/\/safari-tours-africa.com\/fr\/wp-json\/wp\/v2\/types\/page"}],"author":[{"embeddable":true,"href":"https:\/\/safari-tours-africa.com\/fr\/wp-json\/wp\/v2\/users\/41"}],"replies":[{"embeddable":true,"href":"https:\/\/safari-tours-africa.com\/fr\/wp-json\/wp\/v2\/comments?post=1180"}],"version-history":[{"count":3,"href":"https:\/\/safari-tours-africa.com\/fr\/wp-json\/wp\/v2\/pages\/1180\/revisions"}],"predecessor-version":[{"id":1312,"href":"https:\/\/safari-tours-africa.com\/fr\/wp-json\/wp\/v2\/pages\/1180\/revisions\/1312"}],"wp:featuredmedia":[{"embeddable":true,"href":"https:\/\/safari-tours-africa.com\/fr\/wp-json\/wp\/v2\/media\/893"}],"wp:attachment":[{"href":"https:\/\/safari-tours-africa.com\/fr\/wp-json\/wp\/v2\/media?parent=1180"}],"curies":[{"name":"wp","href":"https:\/\/api.w.org\/{rel}","templated":true}]}}