{"id":1184,"date":"2024-01-22T16:50:54","date_gmt":"2024-01-22T16:50:54","guid":{"rendered":"https:\/\/safari-tours-africa.com\/?page_id=1184"},"modified":"2024-01-25T10:46:40","modified_gmt":"2024-01-25T10:46:40","slug":"la-tanzanie-une-destination-de-safari","status":"publish","type":"page","link":"https:\/\/safari-tours-africa.com\/fr\/tanzania-a-safari-destination\/","title":{"rendered":"La Tanzanie : Une destination de safari"},"content":{"rendered":"<p>La Tanzanie, situ\u00e9e en Afrique de l'Est, est un pays aux paysages vari\u00e9s et au riche patrimoine. Elle est c\u00e9l\u00e8bre pour ses <strong>de vastes \u00e9tendues sauvages <\/strong>qui comprennent les plaines du parc national du Serengeti, haut lieu du safari peupl\u00e9 des cinq grands animaux (\u00e9l\u00e9phant, lion, l\u00e9opard, buffle, rhinoc\u00e9ros), et le parc national du Kilimandjaro, <strong>abrite la plus haute montagne d'Afrique<\/strong>.<\/p>\n\n\n\n<p>Au large se trouvent les \u00eeles tropicales de <a href=\"https:\/\/safari-tours-africa.com\/fr\/circuits-de-safari\/13-day-great-migration-tanzania-and-zanzibar-safari\/\">Zanzibar<\/a>La Tanzanie est un pays o\u00f9 l'on trouve une grande diversit\u00e9 de cultures, de paysages et de faune, avec des influences arabes, et Mafia, avec un parc marin abritant des requins-baleines et des r\u00e9cifs coralliens. Le m\u00e9lange de faune, de cultures et de paysages fait de la Tanzanie une destination captivante pour les voyageurs d\u00e9sireux de vivre au rythme de l'Afrique.<\/p>\n\n\n\n<figure class=\"wp-block-image size-full\"><img loading=\"lazy\" decoding=\"async\" width=\"2000\" height=\"1123\" src=\"https:\/\/safari-tours-africa.com\/wp-content\/uploads\/magical-zanzibar-scaled.webp\" alt=\"Vue a\u00e9rienne. Paysage marin, Zanzibar, Tanzanie.\" class=\"wp-image-989\"\/><figcaption class=\"wp-element-caption\">Les rivages magiques de Zanzibar<\/figcaption><\/figure>\n\n\n\n<h2 class=\"wp-block-heading\">Quels sont les endroits de Tanzanie \u00e0 visiter lors d'un safari ?<\/h2>\n\n\n\n<h3 class=\"wp-block-heading\">1. Parc national du Serengeti<\/h3>\n\n\n\n<p>Le Serengeti n'est pas seulement une destination de safari, c'est un ph\u00e9nom\u00e8ne. Les vastes plaines accueillent les<strong> La grande migration<\/strong>Il s'agit d'un spectacle qui met en sc\u00e8ne des millions de gnous, de z\u00e8bres et de gazelles dans un cycle de vie et de mort. Le Serengeti est \u00e9galement le refuge d'un grand nombre d'animaux. <strong>forte densit\u00e9 de pr\u00e9dateurs<\/strong>Il s'agit donc d'un endroit id\u00e9al pour assister au spectacle de la nature. Les divers habitats du parc, notamment la savane, les for\u00eats et les zones humides, abritent une grande vari\u00e9t\u00e9 d'animaux sauvages, ce qui garantit que chaque safari est unique.<\/p>\n\n\n\n<p>Visite du parc national du Serengeti \u00e0 bord du <a href=\"https:\/\/safari-tours-africa.com\/fr\/circuits-de-safari\/10-day-serengeti-ngorongoro-safari-with-zanzibar\/\">Safari de 10 jours au Serengeti et au Ngorongoro avec Zanzibar<\/a>.<\/p>\n\n\n\n<figure class=\"wp-block-image size-full\"><img loading=\"lazy\" decoding=\"async\" width=\"2000\" height=\"1335\" src=\"https:\/\/safari-tours-africa.com\/wp-content\/uploads\/wildlife-in-serengeti-national-park-scaled.webp\" alt=\"Groupe de jeunes lions allong\u00e9s sur des rochers - magnifique paysage de savane au coucher du soleil. Safari dans le parc national du Serengeti, Masai Mara, Tanzanie, Afrique\" class=\"wp-image-1138\"\/><figcaption class=\"wp-element-caption\">Safari dans le parc national du Serengeti<\/figcaption><\/figure>\n\n\n\n<h3 class=\"wp-block-heading\">2. Zone de conservation du Ngorongoro<\/h3>\n\n\n\n<p>Le crat\u00e8re du Ngorongoro, un <strong>caldeira volcanique massive<\/strong>Le parc national de la vall\u00e9e de l'Okanagan est un microcosme du paysage et de la vie sauvage de l'Afrique de l'Est. Cet amphith\u00e9\u00e2tre naturel regorge d'animaux, dont le <strong>la population de lions la plus dense au monde<\/strong>. L'interaction entre le peuple Maasai et la faune de la r\u00e9gion ajoute une dimension culturelle fascinante \u00e0 votre safari.<\/p>\n\n\n\n<p>Visite de la zone de conservation du Ngorongoro <a href=\"https:\/\/safari-tours-africa.com\/fr\/circuits-de-safari\/5-day-best-of-tanzania-safari-tour\/\">Circuit de 5 jours du meilleur safari de Tanzanie<\/a>.<\/p>\n\n\n\n<figure class=\"wp-block-image size-full\"><img loading=\"lazy\" decoding=\"async\" width=\"2000\" height=\"1333\" src=\"https:\/\/safari-tours-africa.com\/wp-content\/uploads\/group-of-giraffes-walking-in-ngorongoro-conservation-area-in-tanzania-scaled.webp\" alt=\"Groupe de girafes marchant dans la zone de conservation de Ngorongoro en Tanzanie. Faune et flore d&#039;Afrique\" class=\"wp-image-1133\"\/><figcaption class=\"wp-element-caption\">Girafes dans leur habitat naturel dans la zone de conservation de Ngorongoro<\/figcaption><\/figure>\n\n\n\n<h3 class=\"wp-block-heading\">3. Parc national de Tarangire<\/h3>\n\n\n\n<p>Connu pour ses <strong>grands troupeaux d'\u00e9l\u00e9phants<\/strong> et des baobabs embl\u00e9matiques, Tarangire offre une exp\u00e9rience de safari unique. Les <strong>Rivi\u00e8re Tarangire<\/strong> est un p\u00f4le d'attraction pour la faune, en particulier pendant la saison s\u00e8che, lorsque les animaux se rassemblent en grand nombre sur les rives du fleuve, ce qui en fait un lieu privil\u00e9gi\u00e9 pour l'observation du gibier.<\/p>\n\n\n\n<p>Visite du parc national du Tarangire sur le <a href=\"https:\/\/safari-tours-africa.com\/fr\/circuits-de-safari\/7-day-big-five-safari-in-tanzania\/\">Safari de 7 jours avec les Big Five en Tanzanie<\/a>.<\/p>\n\n\n\n<figure class=\"wp-block-image size-full\"><img loading=\"lazy\" decoding=\"async\" width=\"2000\" height=\"1325\" src=\"https:\/\/safari-tours-africa.com\/wp-content\/uploads\/tarangire-national-park-from-above-scaled.webp\" alt=\"parc national du tarangire\" class=\"wp-image-970\"\/><figcaption class=\"wp-element-caption\">Vue a\u00e9rienne du parc national de Tarangire<\/figcaption><\/figure>\n\n\n\n<h3 class=\"wp-block-heading\">4. Parc national du lac Manyara<\/h3>\n\n\n\n<p>Nich\u00e9 au pied de la <strong>Vall\u00e9e du Grand Rift<\/strong> escarpement, le parc national du lac Manyara est c\u00e9l\u00e8bre pour ses <strong>lions grimpant aux arbres<\/strong>Les oiseaux sont nombreux et vari\u00e9s, et l'on peut notamment y observer <strong>flamants roses<\/strong>. Les divers \u00e9cosyst\u00e8mes du parc, du lac alcalin aux for\u00eats denses et aux flancs escarp\u00e9s des montagnes, accueillent un large \u00e9ventail de faune et de flore.<\/p>\n\n\n\n<p>Visite du parc national du lac Manyara <a href=\"https:\/\/safari-tours-africa.com\/fr\/circuits-de-safari\/8-day-the-great-migration-safari-tour-in-tanzania\/\">8 jours de safari de la Grande Migration en Tanzanie<\/a>.<\/p>\n\n\n\n<figure class=\"wp-block-image size-full\"><img loading=\"lazy\" decoding=\"async\" width=\"2000\" height=\"1333\" src=\"https:\/\/safari-tours-africa.com\/wp-content\/uploads\/landscape-in-manyara-national-park-scaled.webp\" alt=\"Paysage du parc national de Manyara\" class=\"wp-image-1001\"\/><figcaption class=\"wp-element-caption\">Paysage dans le parc national du lac Manyara<\/figcaption><\/figure>\n\n\n\n<h3 class=\"wp-block-heading\">5. Parc national de Ruaha<\/h3>\n\n\n\n<p>L'\u00e9loignement de Ruaha signifie qu'il est <strong>moins fr\u00e9quent\u00e9 par les touristes<\/strong>Le parc national de la for\u00eat bor\u00e9ale est le plus grand du monde, offrant une exp\u00e9rience de safari vraiment sauvage et exclusive. Il est connu pour son importante population d'\u00e9l\u00e9phants et pour la diversit\u00e9 de son gibier, notamment les koudous, les antilopes et les chiens sauvages menac\u00e9s d'extinction. Les <strong>Rivi\u00e8re Ruaha<\/strong> attire une pl\u00e9thore d'animaux, en particulier pendant la saison s\u00e8che, ce qui en fait un excellent site pour l'observation du gibier.<\/p>\n\n\n\n<figure class=\"wp-block-image size-large\"><img decoding=\"async\" src=\"https:\/\/safari-tours-africa.com\/wp-content\/uploads\/candelabra-tree-in-the-hilly-landscape-1024x681.webp\" alt=\"Arbre cand\u00e9labre dans un paysage de collines, parc national de Ruaha, Tanzanie\" class=\"wp-image-1287\"\/><figcaption class=\"wp-element-caption\">Arbre cand\u00e9labre dans le paysage vallonn\u00e9 du parc national de Ruaha<\/figcaption><\/figure>\n\n\n\n<h3 class=\"wp-block-heading\">6. Parc national de Nyerere (Selous)<\/h3>\n\n\n\n<p>Couvrant une vaste zone, Nyerere est <strong>l'une des plus grandes r\u00e9serves de faune au monde<\/strong>. La rivi\u00e8re Rufiji traverse le parc, cr\u00e9ant un r\u00e9seau de lacs, de lagunes et de canaux. <strong>Safaris en bateau<\/strong> offrent une perspective unique sur les habitants du parc, notamment les hippopotames, les crocodiles et une vari\u00e9t\u00e9 d'oiseaux aquatiques. Les for\u00eats et les plaines du parc abritent un grand nombre d'\u00e9l\u00e9phants, de buffles et de girafes, ainsi que l'insaisissable l\u00e9opard.<\/p>\n\n\n\n<figure class=\"wp-block-image size-large\"><img decoding=\"async\" src=\"https:\/\/safari-tours-africa.com\/wp-content\/uploads\/aerial-view-of-nyerere-national-park-in-tanzania-1024x575.webp\" alt=\"Vue a\u00e9rienne du parc national de Nyerere en Tanzanie\" class=\"wp-image-1288\"\/><figcaption class=\"wp-element-caption\">Vue a\u00e9rienne du parc national Nyerere<\/figcaption><\/figure>\n\n\n\n<h3 class=\"wp-block-heading\">7. Parc national des monts Mahale<\/h3>\n\n\n\n<p>Sur fond de <strong>Lac Tanganyika<\/strong>Le parc national de Mahale est synonyme de trekking pour les chimpanz\u00e9s. Le terrain montagneux du parc, couvert d'une for\u00eat tropicale dense, est un bastion pour ces primates. L'exp\u00e9rience de l'observation des <strong>chimpanz\u00e9s<\/strong> dans leur habitat naturel est un sentiment de profondeur et d'humilit\u00e9. Mahale offre \u00e9galement la possibilit\u00e9 de se d\u00e9tendre au bord d'un lac et de pratiquer des activit\u00e9s nautiques, ce qui constitue un contrepoint paisible \u00e0 l'excitation des randonn\u00e9es avec les chimpanz\u00e9s.<\/p>\n\n\n\n<figure class=\"wp-block-image size-large is-resized\"><img decoding=\"async\" src=\"https:\/\/safari-tours-africa.com\/wp-content\/uploads\/mahale-mountains-1024x683.webp\" alt=\"MONTAGNES DE LA JUNGLE \u00c0 MAHALE, TANZANIE\" class=\"wp-image-1289\" style=\"width:1189px;height:auto\"\/><figcaption class=\"wp-element-caption\">Le paysage vallonn\u00e9 du parc national des monts Mahale<\/figcaption><\/figure>\n\n\n\n<h2 class=\"wp-block-heading\">Quelle est la meilleure p\u00e9riode pour visiter la Tanzanie ?<\/h2>\n\n\n\n<p>La p\u00e9riode id\u00e9ale pour visiter la Tanzanie varie en fonction de ce que vous voulez voir :<\/p>\n\n\n\n<h3 class=\"wp-block-heading\">Safari<\/h3>\n\n\n\n<p>Les <strong>saison s\u00e8che (juin \u00e0 octobre)<\/strong> offre d'excellentes possibilit\u00e9s d'observation de la faune. Les animaux sont plus faciles \u00e0 rep\u00e9rer car ils se rassemblent autour des points d'eau et des rivi\u00e8res. La Grande Migration est l'un des points forts du Serengeti pendant cette p\u00e9riode.<\/p>\n\n\n\n<h3 class=\"wp-block-heading\">Vacances \u00e0 la plage<\/h3>\n\n\n\n<p>Zanzibar et les autres r\u00e9gions c\u00f4ti\u00e8res se visitent de pr\u00e9f\u00e9rence pendant les mois secs (<strong>Juin \u00e0 octobre et d\u00e9cembre \u00e0 f\u00e9vrier<\/strong>). Le temps est chaud et ensoleill\u00e9, id\u00e9al pour les activit\u00e9s de plage et l'exploration des r\u00e9cifs coralliens.<\/p>\n\n\n\n<figure class=\"wp-block-image size-full\"><img loading=\"lazy\" decoding=\"async\" width=\"2000\" height=\"1332\" src=\"https:\/\/safari-tours-africa.com\/wp-content\/uploads\/scenery-landscape-of-serengeti-national-park-full-of-animals-scaled.webp\" alt=\"Paysage du parc national du Serengeti peupl\u00e9 d&#039;animaux\" class=\"wp-image-977\"\/><figcaption class=\"wp-element-caption\">Pour les safaris, il est pr\u00e9f\u00e9rable de visiter la Tanzanie pendant la saison s\u00e8che.<\/figcaption><\/figure>\n\n\n\n<h2 class=\"wp-block-heading\">La Tanzanie est-elle s\u00fbre ?<\/h2>\n\n\n\n<p>La Tanzanie est <strong>g\u00e9n\u00e9ralement s\u00fbr pour les touristes<\/strong>mais il est prudent de prendre <strong>mesures de s\u00e9curit\u00e9 standard<\/strong>. Gardez vos objets de valeur en lieu s\u00fbr, en particulier dans les endroits tr\u00e8s fr\u00e9quent\u00e9s. Lors d'un safari, \u00e9coutez toujours votre guide - il est form\u00e9 pour assurer votre s\u00e9curit\u00e9 en pr\u00e9sence d'animaux sauvages. Respectez les coutumes et les traditions locales, en particulier lorsque vous visitez des villages ou des sites religieux. Habillez-vous sobrement et demandez la permission avant de photographier les gens afin de respecter la culture locale.<\/p>\n\n\n\n<figure class=\"wp-block-image size-large\"><img decoding=\"async\" src=\"https:\/\/safari-tours-africa.com\/wp-content\/uploads\/a-woman-in-a-burka-walking-through-the-outdoor-market-in-stone-town-1024x683.webp\" alt=\"Tanzanie, Zanzibar - 6\/10\/2018 : une femme en burka marchant dans le march\u00e9 ext\u00e9rieur de Stone Town.\" class=\"wp-image-1295\"\/><figcaption class=\"wp-element-caption\">Rues de Stone Town<\/figcaption><\/figure>\n\n\n\n<h2 class=\"wp-block-heading\">Ai-je besoin d'un visa pour entrer en Tanzanie ?<\/h2>\n\n\n\n<p>La Tanzanie est accessible par des vols internationaux \u00e0 l'a\u00e9roport international Julius Nyerere (Dar es Salaam) et \u00e0 l'a\u00e9roport international du Kilimandjaro (Arusha). <strong>Les exigences en mati\u00e8re de visa varient<\/strong>Il faut donc v\u00e9rifier aupr\u00e8s de l'ambassade ou du consulat de Tanzanie dans votre pays avant de voyager. Les vols int\u00e9rieurs relient les principales destinations, tandis que les dala-dalas<strong> <\/strong>(minibus) et boda-bodas<strong> <\/strong>(motos-taxis) assurent le transport local. Pour les longs trajets ou les safaris, il est recommand\u00e9 d'utiliser des v\u00e9hicules priv\u00e9s ou des circuits organis\u00e9s.<\/p>\n\n\n\n<figure class=\"wp-block-image size-large\"><img decoding=\"async\" src=\"https:\/\/safari-tours-africa.com\/wp-content\/uploads\/usa-visa-in-a-passport-background-1024x683.webp\" alt=\"Visa pour les \u00c9tats-Unis sur fond de passeport\" class=\"wp-image-1296\"\/><figcaption class=\"wp-element-caption\">V\u00e9rifiez les conditions d'obtention d'un visa pour votre pays avant votre voyage.<\/figcaption><\/figure>\n\n\n\n<h2 class=\"wp-block-heading\">Comment se d\u00e9roulent les transports locaux en Tanzanie ?<\/h2>\n\n\n\n<p>Pour une exp\u00e9rience tanzanienne authentique, les transports locaux tels que <strong>dala-dalas et boda-bodas<\/strong> offrent un aper\u00e7u de la vie quotidienne. Toutefois, pour des raisons de confort et de commodit\u00e9, en particulier pour les safaris dans les r\u00e9gions recul\u00e9es, il est pr\u00e9f\u00e9rable d'opter pour des v\u00e9hicules ou des vols priv\u00e9s. L'infrastructure tanzanienne offre un large \u00e9ventail d'options de transport, r\u00e9pondant aux diff\u00e9rentes pr\u00e9f\u00e9rences et aux diff\u00e9rents budgets.<\/p>\n\n\n\n<figure class=\"wp-block-image size-large\"><img loading=\"lazy\" decoding=\"async\" width=\"1024\" height=\"683\" src=\"https:\/\/safari-tours-africa.com\/wp-content\/uploads\/rear-view-of-bus-traveling-on-dirt-road-1024x683.webp\" alt=\"Vue arri\u00e8re d&#039;un bus circulant sur une route de terre, Tanzanie, Afrique\" class=\"wp-image-1290\" srcset=\"https:\/\/safari-tours-africa.com\/wp-content\/uploads\/rear-view-of-bus-traveling-on-dirt-road-1024x683.webp 1024w, https:\/\/safari-tours-africa.com\/wp-content\/uploads\/rear-view-of-bus-traveling-on-dirt-road-300x200.webp 300w, https:\/\/safari-tours-africa.com\/wp-content\/uploads\/rear-view-of-bus-traveling-on-dirt-road-768x512.webp 768w, https:\/\/safari-tours-africa.com\/wp-content\/uploads\/rear-view-of-bus-traveling-on-dirt-road-1536x1024.webp 1536w, https:\/\/safari-tours-africa.com\/wp-content\/uploads\/rear-view-of-bus-traveling-on-dirt-road-2048x1365.webp 2048w, https:\/\/safari-tours-africa.com\/wp-content\/uploads\/rear-view-of-bus-traveling-on-dirt-road-18x12.webp 18w\" sizes=\"auto, (max-width: 1024px) 100vw, 1024px\" \/><figcaption class=\"wp-element-caption\">Un minibus circulant sur une route de terre en Tanzanie<\/figcaption><\/figure>\n\n\n\n<h2 class=\"wp-block-heading\">Quelles sont les possibilit\u00e9s d'h\u00e9bergement en Tanzanie ?<\/h2>\n\n\n\n<p>Des lodges de luxe au c\u0153ur de la brousse aux stations baln\u00e9aires de la c\u00f4te swahilie, la Tanzanie r\u00e9pond \u00e0 tous les besoins. <strong>tous les go\u00fbts et tous les budgets<\/strong>. Les h\u00e9bergements pour les safaris vont des camps de tentes offrant un contact intime avec la nature aux lodges opulents dot\u00e9s d'\u00e9quipements de classe mondiale. \u00c0 Zanzibar et dans d'autres r\u00e9gions c\u00f4ti\u00e8res, les centres de vill\u00e9giature et les h\u00f4tels offrent la possibilit\u00e9 de se d\u00e9tendre et de pratiquer diverses activit\u00e9s nautiques.<\/p>\n\n\n\n<figure class=\"wp-block-image size-full\"><img loading=\"lazy\" decoding=\"async\" width=\"1024\" height=\"768\" src=\"https:\/\/safari-tours-africa.com\/wp-content\/uploads\/kon-tiki-serengeti-camp.webp\" alt=\"Kon Tiki Serengeti Camp\" class=\"wp-image-974\" srcset=\"https:\/\/safari-tours-africa.com\/wp-content\/uploads\/kon-tiki-serengeti-camp.webp 1024w, https:\/\/safari-tours-africa.com\/wp-content\/uploads\/kon-tiki-serengeti-camp-300x225.webp 300w, https:\/\/safari-tours-africa.com\/wp-content\/uploads\/kon-tiki-serengeti-camp-768x576.webp 768w, https:\/\/safari-tours-africa.com\/wp-content\/uploads\/kon-tiki-serengeti-camp-16x12.webp 16w\" sizes=\"auto, (max-width: 1024px) 100vw, 1024px\" \/><figcaption class=\"wp-element-caption\">Kon Tiki Serengeti Camp dans le parc national<\/figcaption><\/figure>\n\n\n\n<h2 class=\"wp-block-heading\">Que puis-je faire d'autre en Tanzanie que de voir des animaux sauvages ?<\/h2>\n\n\n\n<p>Les safaris en Tanzanie ne sont qu'un d\u00e9but. Le pays offre des exp\u00e9riences vari\u00e9es :<\/p>\n\n\n\n<ul class=\"wp-block-list\">\n<li><strong>Safari en ballon :<\/strong> Un safari en montgolfi\u00e8re permet d'avoir une vue plongeante sur le Serengeti. Le panorama serein et majestueux des plaines au lever du soleil est inoubliable.<\/li>\n\n\n\n<li><strong>Interactions culturelles :<\/strong> S'engager aupr\u00e8s des communaut\u00e9s locales, comme les Masa\u00efs, pour comprendre leur mode de vie. Ces \u00e9changes culturels sont enrichissants et permettent de prendre du recul.<\/li>\n\n\n\n<li><strong>Plong\u00e9e et snorkeling :<\/strong> Les eaux claires de Zanzibar et de l'\u00eele de Mafia sont parfaites pour l'exploration sous-marine. Les r\u00e9cifs coralliens regorgent de vie marine et offrent des possibilit\u00e9s de plong\u00e9e et de snorkeling de classe mondiale.<\/li>\n\n\n\n<li><strong>Safaris en bateau :<\/strong> Dans des parcs comme celui de Nyerere (Selous), les safaris en bateau offrent une perspective diff\u00e9rente sur la faune. Regarder les animaux venir boire au bord de l'eau est une exp\u00e9rience sereine.<\/li>\n<\/ul>\n\n\n\n<figure class=\"wp-block-image size-full\"><img loading=\"lazy\" decoding=\"async\" width=\"2000\" height=\"1333\" src=\"https:\/\/safari-tours-africa.com\/wp-content\/uploads\/hot-air-balloon-floating-over-an-acacia-tree-in-serengeti-national-park-scaled.webp\" alt=\"Montgolfi\u00e8re flottant au-dessus d&#039;un acacia dans le parc national du Serengeti.\" class=\"wp-image-907\"\/><figcaption class=\"wp-element-caption\">Montgolfi\u00e8re au-dessus du Serengeti <\/figcaption><\/figure>\n\n\n\n<h2 class=\"wp-block-heading\">Comment est la nourriture ?<\/h2>\n\n\n\n<p>La cuisine tanzanienne est une <strong>fusion de saveurs africaines, arabes et indiennes<\/strong>. Les plats de base comme l'Ugali et le Nyama Choma sont des incontournables. La c\u00f4te, en particulier Zanzibar, offre un large \u00e9ventail de fruits de mer et est r\u00e9put\u00e9e pour ses \u00e9pices. Go\u00fbter \u00e0 la cuisine locale n'est pas seulement un moyen de se nourrir, c'est aussi une fa\u00e7on de d\u00e9couvrir la culture.<\/p>\n\n\n\n<figure class=\"wp-block-image size-large\"><img decoding=\"async\" src=\"https:\/\/safari-tours-africa.com\/wp-content\/uploads\/street-food-forodhani-on-the-waterfront-1024x683.webp\" alt=\"Nourriture de rue Forodhani sur le front de mer, Stone town, Zanzibar.\" class=\"wp-image-1291\"\/><figcaption class=\"wp-element-caption\">Cuisine de rue \u00e0 Zanzibar<\/figcaption><\/figure>\n\n\n\n<h2 class=\"wp-block-heading\">Quels sont les conseils d'\u00e9tiquette \u00e0 suivre en Tanzanie ?<\/h2>\n\n\n\n<p>Tandis que <strong>le pourboire n'est pas obligatoire<\/strong>Il est d'usage d'assurer un bon service, en particulier lors des safaris et dans les restaurants. Comprendre et <strong>respecter les coutumes locales<\/strong>,<strong> <\/strong>S'habiller modestement et demander la permission avant de prendre des photos sont les cl\u00e9s d'une exp\u00e9rience de voyage respectueuse et enrichissante.<\/p>\n\n\n\n<figure class=\"wp-block-image size-large\"><img loading=\"lazy\" decoding=\"async\" width=\"1024\" height=\"683\" src=\"https:\/\/safari-tours-africa.com\/wp-content\/uploads\/view-of-the-ngorongoro-crater-in-tanzania-1024x683.webp\" alt=\"Vue du crat\u00e8re du Ngorongoro en Tanzanie. Zone de conservation du Ngorongoro. Paysage africain. Guide montrant quelque chose aux touristes\" class=\"wp-image-1297\" srcset=\"https:\/\/safari-tours-africa.com\/wp-content\/uploads\/view-of-the-ngorongoro-crater-in-tanzania-1024x683.webp 1024w, https:\/\/safari-tours-africa.com\/wp-content\/uploads\/view-of-the-ngorongoro-crater-in-tanzania-300x200.webp 300w, https:\/\/safari-tours-africa.com\/wp-content\/uploads\/view-of-the-ngorongoro-crater-in-tanzania-768x512.webp 768w, https:\/\/safari-tours-africa.com\/wp-content\/uploads\/view-of-the-ngorongoro-crater-in-tanzania-1536x1024.webp 1536w, https:\/\/safari-tours-africa.com\/wp-content\/uploads\/view-of-the-ngorongoro-crater-in-tanzania-2048x1365.webp 2048w, https:\/\/safari-tours-africa.com\/wp-content\/uploads\/view-of-the-ngorongoro-crater-in-tanzania-18x12.webp 18w\" sizes=\"auto, (max-width: 1024px) 100vw, 1024px\" \/><figcaption class=\"wp-element-caption\">Veillez \u00e0 respecter les coutumes locales<\/figcaption><\/figure>\n\n\n\n<h2 class=\"wp-block-heading\">Pourquoi choisir Safari Tours Africa pour voyager en Tanzanie ?<\/h2>\n\n\n\n<p>La Tanzanie offre une tapisserie de paysages et d'exp\u00e9riences, des spectacles spectaculaires de la faune et de la flore du Serengeti et du Ngorongoro aux plages sereines de Zanzibar. C'est un pays o\u00f9 chaque safari n'est pas seulement un voyage dans la nature, mais un voyage dans l'\u00e2me de l'Afrique.<\/p>\n\n\n\n<p>Avec son riche patrimoine culturel, sa faune diversifi\u00e9e et ses paysages \u00e0 couper le souffle, la Tanzanie promet une aventure qui captivera votre c\u0153ur et restera grav\u00e9e dans votre m\u00e9moire longtemps apr\u00e8s votre d\u00e9part. <a href=\"https:\/\/safari-tours-africa.com\/fr\/tanzanie\/\">safari en Tanzanie<\/a>.<\/p>","protected":false},"excerpt":{"rendered":"<p>Situ\u00e9e en Afrique de l'Est, la Tanzanie est un pays aux paysages vari\u00e9s et au riche patrimoine. Elle est c\u00e9l\u00e8bre pour ses vastes \u00e9tendues sauvages, notamment les plaines du parc national du Serengeti, haut lieu du safari peupl\u00e9 des cinq grands animaux (\u00e9l\u00e9phant, lion, l\u00e9opard, buffle, rhinoc\u00e9ros), et le parc national du Kilimandjaro, qui abrite la plus haute montagne d'Afrique. Au large, se trouvent les ... <a href=\"https:\/\/safari-tours-africa.com\/fr\/tanzania-a-safari-destination\/\">Suite<\/a><\/p>","protected":false},"author":41,"featured_media":1285,"parent":0,"menu_order":0,"comment_status":"closed","ping_status":"closed","template":"","meta":{"_acf_changed":false,"footnotes":""},"class_list":["post-1184","page","type-page","status-publish","has-post-thumbnail","hentry"],"acf":{"page_subheading":"Dive into an in-depth guide about Tanzania's finest safari spots, cultural insights, and essential travel tips for an unforgettable adventure."},"_links":{"self":[{"href":"https:\/\/safari-tours-africa.com\/fr\/wp-json\/wp\/v2\/pages\/1184","targetHints":{"allow":["GET"]}}],"collection":[{"href":"https:\/\/safari-tours-africa.com\/fr\/wp-json\/wp\/v2\/pages"}],"about":[{"href":"https:\/\/safari-tours-africa.com\/fr\/wp-json\/wp\/v2\/types\/page"}],"author":[{"embeddable":true,"href":"https:\/\/safari-tours-africa.com\/fr\/wp-json\/wp\/v2\/users\/41"}],"replies":[{"embeddable":true,"href":"https:\/\/safari-tours-africa.com\/fr\/wp-json\/wp\/v2\/comments?post=1184"}],"version-history":[{"count":12,"href":"https:\/\/safari-tours-africa.com\/fr\/wp-json\/wp\/v2\/pages\/1184\/revisions"}],"predecessor-version":[{"id":1357,"href":"https:\/\/safari-tours-africa.com\/fr\/wp-json\/wp\/v2\/pages\/1184\/revisions\/1357"}],"wp:featuredmedia":[{"embeddable":true,"href":"https:\/\/safari-tours-africa.com\/fr\/wp-json\/wp\/v2\/media\/1285"}],"wp:attachment":[{"href":"https:\/\/safari-tours-africa.com\/fr\/wp-json\/wp\/v2\/media?parent=1184"}],"curies":[{"name":"wp","href":"https:\/\/api.w.org\/{rel}","templated":true}]}}