{"id":39,"date":"2023-01-16T13:14:25","date_gmt":"2023-01-16T13:14:25","guid":{"rendered":"https:\/\/safari-tours-africa.com\/about-us\/"},"modified":"2024-01-18T14:29:36","modified_gmt":"2024-01-18T14:29:36","slug":"a-propos-de-nous","status":"publish","type":"page","link":"https:\/\/safari-tours-africa.com\/fr\/about-us\/","title":{"rendered":"\u00c0 propos de nous"},"content":{"rendered":"<p>Au <a href=\"https:\/\/world-discovery.com\/\">D\u00e9couverte du monde<\/a>Depuis toujours, notre histoire ne se limite pas \u00e0 tracer des routes sur une carte. C'est l'histoire d'une passion, d'une curiosit\u00e9 et d'une qu\u00eate incessante de l'inconnu. N\u00e9e dans la riche tapisserie historique et culturelle de l'Europe, notre agence a \u00e9volu\u00e9 au fil des ans, embrassant diverses facettes du voyage mondial.<\/p>\n\n\n\n<p>Notre exp\u00e9rience couvre un kal\u00e9idoscope de destinations, chaque voyage marquant un nouveau chapitre de notre aventure collective. Aujourd'hui, alors que nous tournons notre boussole vers l'Afrique, nous nous trouvons \u00e0 l'aube d'un nouveau chapitre exaltant de notre odyss\u00e9e de l'exploration.<\/p>\n\n\n\n<figure class=\"wp-block-image size-full\"><img loading=\"lazy\" decoding=\"async\" width=\"2000\" height=\"1332\" src=\"https:\/\/safari-tours-africa.com\/wp-content\/uploads\/hiker-on-chogoria-route-scaled.webp\" alt=\"Vue arri\u00e8re d&#039;un groupe de randonneurs marchant le long d&#039;une rivi\u00e8re sur la route de Chogoria, Mont Kenya, Kenya\" class=\"wp-image-927\"\/><figcaption class=\"wp-element-caption\">L'Afrique, une terre aux multiples joyaux<\/figcaption><\/figure>\n\n\n\n<h3 class=\"wp-block-heading\">Afrique : Une toile d'une beaut\u00e9 brute<\/h3>\n\n\n\n<p>L'Afrique a toujours \u00e9t\u00e9 une source d'inspiration pour World Discovery. Sa beaut\u00e9 brute, sans filtre, et la richesse de ses paysages et de ses cultures attirent les vrais explorateurs. Nous avons choisi de nous concentrer sur les safaris, et non sur les escapades de luxe, parce que nous croyons en l'importance de l'Afrique. <strong>pr\u00e9senter l'Afrique sous son vrai jour<\/strong>.<\/p>\n\n\n\n<p>Des vastes savanes du Kenya et de la Tanzanie \u00e0 la nature sauvage de l'Ouganda, en passant par les divers biomes de l'Afrique du Sud, chaque destination offre une fen\u00eatre unique sur un monde o\u00f9 la nature r\u00e8gne encore en ma\u00eetre.<\/p>\n\n\n\n<figure class=\"wp-block-image size-full\"><img loading=\"lazy\" decoding=\"async\" width=\"2000\" height=\"1329\" src=\"https:\/\/safari-tours-africa.com\/wp-content\/uploads\/mount-kenya-scaled.webp\" alt=\"Panorama du mont Kenya,\" class=\"wp-image-916\"\/><figcaption class=\"wp-element-caption\">La beaut\u00e9 brute de l'Afrique<\/figcaption><\/figure>\n\n\n\n<p>Nos safaris sont con\u00e7us pour plonger nos clients au c\u0153ur de l'Afrique. Nous vous emmenons au-del\u00e0 de l'ordinaire, en vous offrant la possibilit\u00e9 de marcher avec l\u00e9g\u00e8ret\u00e9 dans des \u00e9cosyst\u00e8mes qui sont rest\u00e9s inchang\u00e9s depuis des mill\u00e9naires.&nbsp;<\/p>\n\n\n\n<p>Notre vision est de faciliter une <strong>un lien r\u00e9el avec le continent<\/strong> - sa faune, ses paysages et ses habitants - vous permettant de d\u00e9couvrir l'Afrique telle qu'elle est : sauvage, libre et \u00e9poustouflante.<\/p>\n\n\n\n<h3 class=\"wp-block-heading\">Notre force : Expertise et partenariats fiables<\/h3>\n\n\n\n<p>La force de World Discovery r\u00e9side dans son expertise et sa capacit\u00e9 \u00e0 <strong>notre capacit\u00e9 \u00e0 identifier les exp\u00e9riences de safari les plus fiables et les plus authentiques<\/strong>. Nous comprenons que l'essence d'un grand safari ne r\u00e9side pas seulement dans la destination, mais aussi dans le voyage et les personnes qui vous guident tout au long de celui-ci.<\/p>\n\n\n\n<p>Notre approche de la s\u00e9lection des partenaires est m\u00e9ticuleuse et bas\u00e9e sur une compr\u00e9hension profonde de ce qui rend une exp\u00e9rience de safari exceptionnelle.<\/p>\n\n\n\n<p>Notre \u00e9quipe, forte de sa vaste exp\u00e9rience dans l'industrie du voyage, \u00e9value m\u00e9ticuleusement chaque partenaire potentiel et chaque opportunit\u00e9 de safari, en s'appuyant sur une multitude de connaissances et de points de vue gr\u00e2ce \u00e0 un processus d'\u00e9valuation et de s\u00e9lection. <strong>processus approfondi <\/strong>qui refl\u00e8te la diligence et l'attention dont on fait preuve en voyageant \u00e0 travers les paysages majestueux de l'Afrique.<\/p>\n\n\n\n<figure class=\"wp-block-image size-full\"><img loading=\"lazy\" decoding=\"async\" width=\"2000\" height=\"1333\" src=\"https:\/\/safari-tours-africa.com\/wp-content\/uploads\/maasai-mara-men-dancing-scaled.webp\" alt=\"Homme Maasai Mara montrant la danse traditionnelle de saut Maasai\" class=\"wp-image-864\"\/><figcaption class=\"wp-element-caption\">Hommes Maasai locaux<\/figcaption><\/figure>\n\n\n\n<p>Nous nous plongeons dans les activit\u00e9s de nos partenaires, en \u00e9valuant leurs canaux d'assistance \u00e0 la client\u00e8le, leurs prouesses organisationnelles et leur fiabilit\u00e9 globale. Notre \u00e9quipe s'engage aupr\u00e8s des responsables, examinant minutieusement leurs offres pour s'assurer qu'elles r\u00e9pondent \u00e0 nos exigences en mati\u00e8re de qualit\u00e9 et de s\u00e9curit\u00e9. <strong>des normes \u00e9lev\u00e9es<\/strong>.<\/p>\n\n\n\n<p>Lorsque nous organisons votre safari, c'est avec la pr\u00e9cision et le soin de ceux qui comprennent ce qui rend une aventure africaine vraiment sp\u00e9ciale. Notre processus de s\u00e9lection s'appuie sur des recherches approfondies, sur les commentaires de nos clients et sur une communication \u00e9troite avec les experts locaux.<\/p>\n\n\n\n<p>Cela nous permet de s\u00e9lectionner des exp\u00e9riences de safari qui offrent <strong>authenticit\u00e9 et rencontres in\u00e9dites<\/strong> avec la faune et la culture africaines.<\/p>\n\n\n\n<h3 class=\"wp-block-heading\">Nos partenaires locaux<\/h3>\n\n\n\n<p>Nos partenaires en Afrique sont plus que de simples op\u00e9rateurs ; ce sont des gardiens de la terre et des ambassadeurs de leur culture. Ils sont <strong>locaux<\/strong> qui vivent et respirent la nature sauvage africaine, avec des histoires et des id\u00e9es qui enrichissent chaque safari.<\/p>\n\n\n\n<p>En choisissant de travailler avec eux, nous nous assurons que nos clients profitent non seulement d'une exp\u00e9rience africaine authentique, mais qu'ils contribuent \u00e9galement \u00e0 la conservation de ces magnifiques paysages et des communaut\u00e9s qui les habitent.<\/p>\n\n\n\n<figure class=\"wp-block-image size-large is-resized\"><img loading=\"lazy\" decoding=\"async\" width=\"1024\" height=\"1024\" src=\"https:\/\/safari-tours-africa.com\/wp-content\/uploads\/our-kenyan-safari-ride-1-1024x1024.webp\" alt=\"Notre safari au Kenya\" class=\"wp-image-830\" style=\"width:1189px;height:auto\" srcset=\"https:\/\/safari-tours-africa.com\/wp-content\/uploads\/our-kenyan-safari-ride-1-1024x1024.webp 1024w, https:\/\/safari-tours-africa.com\/wp-content\/uploads\/our-kenyan-safari-ride-1-300x300.webp 300w, https:\/\/safari-tours-africa.com\/wp-content\/uploads\/our-kenyan-safari-ride-1-150x150.webp 150w, https:\/\/safari-tours-africa.com\/wp-content\/uploads\/our-kenyan-safari-ride-1-768x767.webp 768w, https:\/\/safari-tours-africa.com\/wp-content\/uploads\/our-kenyan-safari-ride-1-12x12.webp 12w, https:\/\/safari-tours-africa.com\/wp-content\/uploads\/our-kenyan-safari-ride-1.webp 1482w\" sizes=\"auto, (max-width: 1024px) 100vw, 1024px\" \/><figcaption class=\"wp-element-caption\">Nous essayons de former des partenariats solides avec les fournisseurs locaux<\/figcaption><\/figure>\n\n\n\n<h3 class=\"wp-block-heading\">D\u00e9couvrez l'Afrique (et le monde) avec nous !<\/h3>\n\n\n\n<p>Avec World Discovery de Safari Tours Africa, votre safari africain sera un voyage dans l'\u00e2me du continent le plus captivant du monde. Que vous traquiez les gorilles dans les for\u00eats brumeuses de l'Ouganda, que vous assistiez \u00e0 la grande migration au Kenya et en Tanzanie, ou que vous exploriez les divers \u00e9cosyst\u00e8mes de l'Afrique du Sud, nous vous promettons une aventure qui vous laissera des souvenirs imp\u00e9rissables.<\/p>\n\n\n\n<p>Rejoignez-nous pour ce voyage de d\u00e9couverte. D\u00e9couvrez nos exp\u00e9riences de safari en <a href=\"https:\/\/safari-tours-africa.com\/fr\/ouganda\/\">Ouganda<\/a>, <a href=\"https:\/\/safari-tours-africa.com\/fr\/afrique-du-sud\/\">Afrique du Sud<\/a>, <a href=\"https:\/\/safari-tours-africa.com\/fr\/kenya\/\">Kenya<\/a>et <a href=\"https:\/\/safari-tours-africa.com\/fr\/tanzanie\/\">Tanzanie<\/a>et entrez dans un monde o\u00f9 chaque instant est une histoire qui ne demande qu'\u00e0 se d\u00e9rouler. Prenez contact avec nous d\u00e8s aujourd'hui et embarquez pour une aventure inoubliable au c\u0153ur de l'Afrique. <a href=\"https:\/\/safari-tours-africa.com\/fr\/\">Safari Tours Afrique<\/a>.<\/p>","protected":false},"excerpt":{"rendered":"<p>Chez World Discovery, notre histoire a toujours \u00e9t\u00e9 plus qu'un simple trac\u00e9 sur une carte. C'est l'histoire d'une passion, d'une curiosit\u00e9 et d'une qu\u00eate incessante de l'inconnu. N\u00e9e dans la riche tapisserie historique et culturelle de l'Europe, notre agence a \u00e9volu\u00e9 au fil des ans, embrassant diverses facettes du voyage mondial. Notre exp\u00e9rience couvre ... <a href=\"https:\/\/safari-tours-africa.com\/fr\/about-us\/\">Suite<\/a><\/p>","protected":false},"author":41,"featured_media":930,"parent":0,"menu_order":0,"comment_status":"closed","ping_status":"closed","template":"","meta":{"_acf_changed":false,"footnotes":""},"class_list":["post-39","page","type-page","status-publish","has-post-thumbnail","hentry"],"acf":{"page_subheading":"Discover Africa with World Discovery: Expertly curated safari adventures that blend authenticity with our extensive travel industry experience."},"_links":{"self":[{"href":"https:\/\/safari-tours-africa.com\/fr\/wp-json\/wp\/v2\/pages\/39","targetHints":{"allow":["GET"]}}],"collection":[{"href":"https:\/\/safari-tours-africa.com\/fr\/wp-json\/wp\/v2\/pages"}],"about":[{"href":"https:\/\/safari-tours-africa.com\/fr\/wp-json\/wp\/v2\/types\/page"}],"author":[{"embeddable":true,"href":"https:\/\/safari-tours-africa.com\/fr\/wp-json\/wp\/v2\/users\/41"}],"replies":[{"embeddable":true,"href":"https:\/\/safari-tours-africa.com\/fr\/wp-json\/wp\/v2\/comments?post=39"}],"version-history":[{"count":4,"href":"https:\/\/safari-tours-africa.com\/fr\/wp-json\/wp\/v2\/pages\/39\/revisions"}],"predecessor-version":[{"id":963,"href":"https:\/\/safari-tours-africa.com\/fr\/wp-json\/wp\/v2\/pages\/39\/revisions\/963"}],"wp:featuredmedia":[{"embeddable":true,"href":"https:\/\/safari-tours-africa.com\/fr\/wp-json\/wp\/v2\/media\/930"}],"wp:attachment":[{"href":"https:\/\/safari-tours-africa.com\/fr\/wp-json\/wp\/v2\/media?parent=39"}],"curies":[{"name":"wp","href":"https:\/\/api.w.org\/{rel}","templated":true}]}}