{"id":1172,"date":"2024-01-22T15:31:09","date_gmt":"2024-01-22T15:31:09","guid":{"rendered":"https:\/\/safari-tours-africa.com\/?page_id=1172"},"modified":"2024-01-23T17:26:49","modified_gmt":"2024-01-23T17:26:49","slug":"il-kenya-come-meta-di-safari","status":"publish","type":"page","link":"https:\/\/safari-tours-africa.com\/it\/kenya-a-safari-destination\/","title":{"rendered":"Kenya: Una destinazione per i safari"},"content":{"rendered":"<p>Kenya, situato nella <strong>cuore dell'Africa orientale<\/strong>Il Paese \u00e8 un luogo in cui le bellezze naturali incontrano l'avventura. \u00c8 una destinazione nota per la diversit\u00e0 della fauna e dei paesaggi, dai laghi con i fenicotteri della Great Rift Valley alla fauna e alla flora selvatiche della Grande Rift Valley. <a href=\"https:\/\/safari-tours-africa.com\/it\/tour-safari\/3-day-enkorok-mara-camp-safari\/\">Maasai Mara<\/a>.<\/p>\n\n\n\n<p>\u00c8 un Paese in cui la cultura tradizionale si intreccia con il tessuto moderno della vita, dalle strade animate di Nairobi alle trib\u00f9 pastorali della frontiera settentrionale. Con le sue spiagge incontaminate, gli altipiani montuosi e l'abbondante fauna selvatica, il Kenya offre un ricco arazzo di esperienze per ogni viaggiatore che voglia esplorare le meraviglie naturali e le profondit\u00e0 culturali dell'Africa.<\/p>\n\n\n\n<figure class=\"wp-block-image size-full\"><img loading=\"lazy\" decoding=\"async\" width=\"2000\" height=\"1333\" src=\"https:\/\/safari-tours-africa.com\/wp-content\/uploads\/masai-mara-national-park-in-kenya-scaled.webp\" alt=\"Giraffa selvatica e gnu vicino a un&#039;auto da safari nel Parco Nazionale Masai Mara, Kenya. Concetto di safari. Paesaggio di viaggio africano\" class=\"wp-image-863\"\/><figcaption class=\"wp-element-caption\">Un safari in Kenya<\/figcaption><\/figure>\n\n\n\n<h2 class=\"wp-block-heading\">Quali sono le localit\u00e0 del Kenya da visitare durante un safari?<\/h2>\n\n\n\n<h3 class=\"wp-block-heading\">1. Riserva nazionale Masai Mara<\/h3>\n\n\n\n<p>Non solo un luogo ma uno spettacolo in s\u00e9, il Masai Mara \u00e8 sinonimo di fauna selvatica e dell'esperienza del safari africano. \u00c8 l'estensione settentrionale del Serengeti e ospita lo spettacolare <strong>Grande migrazione<\/strong>dove oltre un milione di gnu, zebre e gazzelle attraversano le pianure in cerca di pascoli freschi. La riserva \u00e8 anche un paradiso per la fotografia, che offre l'opportunit\u00e0 di immortalare i <strong>I cinque grandi<\/strong> nel loro habitat naturale. Il <strong>Fiume Mara<\/strong>, punteggiata da ippopotami e coccodrilli, aggiunge un elemento dinamico all'esperienza di osservazione della selvaggina.<\/p>\n\n\n\n<p>Visitate la Riserva Nazionale Masai Mara sul <a __bud_processed=\"\" href=\"https:\/\/safari-tours-africa.com\/it\/tour-safari\/3-day-masai-mara-ashnil-camp-safari\/\">Safari di 3 giorni al Masai Mara Ashnil Camp<\/a>.<\/p>\n\n\n\n<figure class=\"wp-block-image size-full\"><img loading=\"lazy\" decoding=\"async\" width=\"2000\" height=\"1338\" src=\"https:\/\/safari-tours-africa.com\/wp-content\/uploads\/masai-mara-scaled.webp\" alt=\"Masai Mara, Kenya\" class=\"wp-image-1273\"\/><figcaption class=\"wp-element-caption\">Parco nazionale Masai Mara<\/figcaption><\/figure>\n\n\n\n<h3 class=\"wp-block-heading\">2. Parco nazionale di Hell's Gate<\/h3>\n\n\n\n<p>Immerso nella <strong>Grande Rift Valley<\/strong>L'Hell's Gate National Park offre un'esperienza di safari straordinaria, caratterizzata da una drammatica attivit\u00e0 geotermica e da una fauna unica. Il parco \u00e8 un santuario per animali come bufali, zebre e giraffe, e il suo stato di assenza di predatori lo rende ideale per safari a piedi e in bicicletta tra geyser eruttanti e scogliere torreggianti. Rinomato per <strong>arrampicata e birdwatching<\/strong>Con oltre 100 specie, tra cui la rara aquila di Verreaux, il parco mostra anche l'armonia tra natura ed energia rinnovabile nella stazione geotermica di Olkaria.<\/p>\n\n\n\n<p>Visitate il Parco Nazionale di Hell's Gate sul <a href=\"https:\/\/safari-tours-africa.com\/it\/tour-safari\/7-day-best-of-kenya-safari\/\">Safari di 7 giorni con il meglio del Kenya<\/a>.<\/p>\n\n\n\n<figure class=\"wp-block-image size-large\"><img decoding=\"async\" src=\"https:\/\/safari-tours-africa.com\/wp-content\/uploads\/hells-gate-national-park-1-1024x576.webp\" alt=\"L&#039;impressionante parco nazionale Hell&#039;s Gate, Kenya\" class=\"wp-image-1324\"\/><figcaption class=\"wp-element-caption\">Il paesaggio unico del Parco Nazionale di Hell's Gate<\/figcaption><\/figure>\n\n\n\n<h3 class=\"wp-block-heading\">3. Riserva nazionale di Samburu<\/h3>\n\n\n\n<p>Samburu presenta un aspetto diverso del safari keniota, con i suoi paesaggi aridi e la sua fauna unica. Il <strong>Fiume Ewaso Ng'iro<\/strong> \u00e8 la linea di vita dell'area, attrae una variet\u00e0 di animali selvatici e ospita una grande popolazione di <strong>Coccodrilli del Nilo<\/strong>. La riserva ospita specie che raramente si trovano altrove, come la giraffa reticolata e lo struzzo somalo, che la rendono una destinazione di safari unica per chi vuole avventurarsi fuori dai sentieri battuti.<\/p>\n\n\n\n<p>Visitate la Riserva Nazionale di Samburu sul <a href=\"https:\/\/safari-tours-africa.com\/it\/tour-safari\/4-day-samburu-flying-package\/\">Pacchetto volo di 4 giorni a Samburu<\/a>.<\/p>\n\n\n\n<figure class=\"wp-block-image size-full\"><img loading=\"lazy\" decoding=\"async\" width=\"2000\" height=\"1330\" src=\"https:\/\/safari-tours-africa.com\/wp-content\/uploads\/buffalo-in-samburu-scaled.webp\" alt=\"Bufalo\" class=\"wp-image-881\"\/><figcaption class=\"wp-element-caption\">Un bufalo che si rinfresca nella Riserva Nazionale di Samburu<\/figcaption><\/figure>\n\n\n\n<h3 class=\"wp-block-heading\">4. Parco nazionale del lago Nakuru<\/h3>\n\n\n\n<p>Un tempo noto per la sua vasta <strong>popolazione di fenicotteri<\/strong> dipingendo di rosa le rive del lago, il lago Nakuru offre una ricca biodiversit\u00e0 all'interno della sua area compatta. Il parco \u00e8 oggi un santuario per i rinoceronti, con <strong>rinoceronti bianchi e neri<\/strong> prosperare qui. I punti panoramici, come Lion Hill, offrono una vista panoramica del lago e dei milioni di pellicani e fenicotteri che si trovano sulle sue rive.<\/p>\n\n\n\n<p>Visitate il Parco Nazionale del Lago Nakuru sul <a href=\"https:\/\/safari-tours-africa.com\/it\/tour-safari\/7-day-tree-hotel-samburu-nakuru-masai-lodge-centy-safari\/\">Safari di 7 giorni Tree Hotel Samburu-Nakuru-Masai Lodge Centy<\/a>.<\/p>\n\n\n\n<figure class=\"wp-block-image size-full\"><img loading=\"lazy\" decoding=\"async\" width=\"2000\" height=\"1328\" src=\"https:\/\/safari-tours-africa.com\/wp-content\/uploads\/rhinos-in-lake-nakuru-national-park-scaled.webp\" alt=\"rinoceronti nel parco nazionale del lago nakuru, kenya\" class=\"wp-image-1272\"\/><figcaption class=\"wp-element-caption\">Due rinoceronti sulle rive del lago Nakuru<\/figcaption><\/figure>\n\n\n\n<h3 class=\"wp-block-heading\">5. Parco nazionale di Amboseli<\/h3>\n\n\n\n<p>Amboseli offre molto di pi\u00f9 di un semplice scenario di maestose <strong>Kilimangiaro<\/strong>. \u00c8 un'arena dove si possono osservare grandi branchi di elefanti che si aggirano sullo sfondo della vetta pi\u00f9 alta dell'Africa. Il parco \u00e8 relativamente <strong>dimensioni ridotte e pianure aperte<\/strong> permettono di individuare facilmente la fauna selvatica, offrendo incontri intimi con animali come leoni, ghepardi e innumerevoli specie di uccelli. La collina di osservazione offre una vista panoramica del parco, soprattutto al tramonto, creando un paradiso per i fotografi.<\/p>\n\n\n\n<figure class=\"wp-block-image size-large\"><img decoding=\"async\" src=\"https:\/\/safari-tours-africa.com\/wp-content\/uploads\/mount-kilimanjaro-with-an-elephant-walking-across-the-foreground-1024x576.webp\" alt=\"Monte Kilimanjaro con un elefante che cammina in primo piano. Parco nazionale di Amboseli, Kenya.\" class=\"wp-image-1325\"\/><figcaption class=\"wp-element-caption\">Un elefante solitario cammina davanti al monte Kilimanjaro nel Parco Nazionale Amboseli<\/figcaption><\/figure>\n\n\n\n<h3 class=\"wp-block-heading\">6. Parchi nazionali dello Tsavo Est e Ovest<\/h3>\n\n\n\n<p>Insieme, questi parchi formano <strong>una delle pi\u00f9 grandi aree di conservazione del pianeta<\/strong>. Lo Tsavo \u00e8 un'area selvaggia e indomita di natura incontaminata. Lo Tsavo Est \u00e8 noto per le sue vaste mandrie di elefanti rossi come la polvere, mentre lo Tsavo Ovest offre un paesaggio pi\u00f9 vario, che comprende sorgenti, l'osservazione degli ippopotami sott'acqua a Mzima Springs e le colate laviche di Shetani.<\/p>\n\n\n\n<figure class=\"wp-block-image size-large\"><img loading=\"lazy\" decoding=\"async\" width=\"1024\" height=\"683\" src=\"https:\/\/safari-tours-africa.com\/wp-content\/uploads\/zebras-in-tsavo-east-national-park-in-kenya-1024x683.webp\" alt=\"Zebre nel parco nazionale dello Tsavo Est in Kenya\" class=\"wp-image-1326\" srcset=\"https:\/\/safari-tours-africa.com\/wp-content\/uploads\/zebras-in-tsavo-east-national-park-in-kenya-1024x683.webp 1024w, https:\/\/safari-tours-africa.com\/wp-content\/uploads\/zebras-in-tsavo-east-national-park-in-kenya-300x200.webp 300w, https:\/\/safari-tours-africa.com\/wp-content\/uploads\/zebras-in-tsavo-east-national-park-in-kenya-768x512.webp 768w, https:\/\/safari-tours-africa.com\/wp-content\/uploads\/zebras-in-tsavo-east-national-park-in-kenya-1536x1024.webp 1536w, https:\/\/safari-tours-africa.com\/wp-content\/uploads\/zebras-in-tsavo-east-national-park-in-kenya-2048x1365.webp 2048w, https:\/\/safari-tours-africa.com\/wp-content\/uploads\/zebras-in-tsavo-east-national-park-in-kenya-18x12.webp 18w\" sizes=\"auto, (max-width: 1024px) 100vw, 1024px\" \/><figcaption class=\"wp-element-caption\">Tsamo \u00e8 un'area selvaggia e incontaminata<\/figcaption><\/figure>\n\n\n\n<h2 class=\"wp-block-heading\">Quando \u00e8 il momento migliore per visitare il Kenya?<\/h2>\n\n\n\n<p>La tempistica della visita pu\u00f2 influenzare in modo significativo l'esperienza del safari. Il <strong>mesi secchi, da giugno a ottobre <\/strong>offrono i migliori panorami sulla selvaggina, poich\u00e9 gli animali si riuniscono intorno alle fonti d'acqua. Questo periodo coincide anche con la Grande Migrazione nel Masai Mara, uno spettacolo che attira appassionati di natura da tutto il mondo.<\/p>\n\n\n\n<p>Tuttavia, per <strong>osservatori di uccelli<\/strong> Per chi \u00e8 interessato a paesaggi lussureggianti e scenografici, le stagioni umide (novembre-dicembre e marzo-maggio) offrono un'esperienza di safari unica, con animali appena nati e uccelli migratori che riempiono i cieli.<\/p>\n\n\n\n<figure class=\"wp-block-image size-full\"><img loading=\"lazy\" decoding=\"async\" width=\"2000\" height=\"1333\" src=\"https:\/\/safari-tours-africa.com\/wp-content\/uploads\/roller-bird-on-a-safari-in-kenya.webp\" alt=\"Rullo dal petto lilla, Masai Mara, Kenya\" class=\"wp-image-866\"\/><figcaption class=\"wp-element-caption\">Il periodo migliore per visitare il Kenya dipende dal tipo di animali che si desidera vedere.<\/figcaption><\/figure>\n\n\n\n<h2 class=\"wp-block-heading\">Il Kenya \u00e8 sicuro?<\/h2>\n\n\n\n<p>Sebbene il Kenya sia una destinazione relativamente sicura per i turisti, \u00e8 importante prendere le precauzioni di viaggio standard. Tenetevi informati sugli ultimi avvisi di viaggio del vostro governo. All'interno delle destinazioni safari, le misure di sicurezza sono di primaria importanza, con <strong>guide esperte e un rigoroso regolamento del parco<\/strong> per garantire un'esperienza sicura. Nelle citt\u00e0, \u00e8 consigliabile evitare le aree non turistiche di notte, tenere al sicuro gli oggetti di valore e rimanere vigili, come in qualsiasi altra grande citt\u00e0 del mondo.<\/p>\n\n\n\n<figure class=\"wp-block-image size-large\"><img decoding=\"async\" src=\"https:\/\/safari-tours-africa.com\/wp-content\/uploads\/street-market-in-nairobi-streets-1024x683.webp\" alt=\"Mercato di strada nelle vie di Nairobi dall&#039;alto del Kenyatta International Convention Centre.\" class=\"wp-image-1327\"\/><figcaption class=\"wp-element-caption\">Con le normali precauzioni di viaggio, il Kenya \u00e8 sicuro come qualsiasi altro paese del terzo mondo.<\/figcaption><\/figure>\n\n\n\n<h2 class=\"wp-block-heading\">Ho bisogno di un visto per entrare in Kenya?<\/h2>\n\n\n\n<p>Pianificare l'ingresso in Kenya \u00e8 fondamentale per un'esperienza senza problemi. La maggior parte dei viaggiatori arriva attraverso <strong>Aeroporto internazionale Jomo Kenyatta<\/strong> a Nairobi. I visti sono necessari per la maggior parte delle nazionalit\u00e0 e possono essere ottenuti online tramite il sito web <strong>Sistema eVisa<\/strong>. La procedura \u00e8 semplice, ma \u00e8 consigliabile fare domanda con largo anticipo rispetto alle date di viaggio. Assicuratevi che il vostro passaporto abbia almeno sei mesi di validit\u00e0 e verificate se il vostro Paese fa parte del programma di visti turistici per l'Africa orientale, che offre l'accesso a pi\u00f9 Paesi, un'opzione conveniente per coloro che esplorano l'intera regione.<\/p>\n\n\n\n<figure class=\"wp-block-image size-full\"><img loading=\"lazy\" decoding=\"async\" width=\"2000\" height=\"1333\" src=\"https:\/\/safari-tours-africa.com\/wp-content\/uploads\/usa-visa-in-a-passport-background-scaled.webp\" alt=\"Visto USA sullo sfondo del passaporto\" class=\"wp-image-1296\"\/><figcaption class=\"wp-element-caption\">Verificate i requisiti per il visto per il vostro paese prima del viaggio.<\/figcaption><\/figure>\n\n\n\n<h2 class=\"wp-block-heading\">Com'\u00e8 il trasporto locale in Kenya?<\/h2>\n\n\n\n<p>Muoversi in Kenya fa parte dell'avventura. <strong>Voli nazionali<\/strong> collegano le principali citt\u00e0 e le destinazioni dei safari, offrendo un modo rapido e panoramico per coprire grandi distanze. Per chi \u00e8 interessato alle esperienze locali, il <strong>minibus matatu<\/strong> offrono un mezzo di trasporto colorato e vivace, anche se non rispettano orari precisi. I trasferimenti privati e i taxi rappresentano un modo pi\u00f9 comodo e sicuro di spostarsi, soprattutto nelle aree urbane. Per un viaggio panoramico e piacevole, prendete in considerazione il servizio ferroviario tra Nairobi e Mombasa, che offre viste sulla campagna e un assaggio della vita locale.<\/p>\n\n\n\n<figure class=\"wp-block-image size-large\"><img decoding=\"async\" src=\"https:\/\/safari-tours-africa.com\/wp-content\/uploads\/tuk-tuk-in-kenya-1024x640.webp\" alt=\"Vista dal sedile del passeggero mentre si guida un tuk tuk (risci\u00f2 a tre ruote) con un altro che arriva in direzione opposta sull&#039;altro lato della strada. Malindi, Kenya\" class=\"wp-image-1328\"\/><figcaption class=\"wp-element-caption\">Vista da un tuk tuk in Kenya<\/figcaption><\/figure>\n\n\n\n<h2 class=\"wp-block-heading\">Quali sono le possibilit\u00e0 di alloggio in Kenya?<\/h2>\n\n\n\n<p>Le opzioni di alloggio in Kenya soddisfano <strong>ogni gusto e budget<\/strong>. In citt\u00e0 come Nairobi e Mombasa, troverete una vasta gamma di hotel, dai marchi di lusso internazionali alle strutture boutique locali. I lodge e i campi safari nei parchi nazionali offrono un'esperienza immersiva nella fauna selvatica, con opzioni che vanno dai campi tendati di lusso ai lodge rustici. Per gli amanti della spiaggia, la costa keniota offre resort e pensioni con viste mozzafiato sull'oceano e accesso a spiagge incontaminate come Diani Beach. Gli eco-lodge sono un'ottima scelta per chi \u00e8 alla ricerca di alloggi sostenibili e coinvolti nella comunit\u00e0.<\/p>\n\n\n\n<figure class=\"wp-block-image size-large\"><img decoding=\"async\" src=\"https:\/\/safari-tours-africa.com\/wp-content\/uploads\/kenya-lodge-for-tourist-surrounded-by-the-jungle-1024x638.webp\" alt=\"Kenya Lodge per turisti circondato dalla giungla\" class=\"wp-image-1329\"\/><figcaption class=\"wp-element-caption\">In tutti i parchi kenioti sono presenti lodge di diverso livello abitativo<\/figcaption><\/figure>\n\n\n\n<h2 class=\"wp-block-heading\">Cos'altro posso fare in Kenya oltre a vedere la fauna selvatica?<\/h2>\n\n\n\n<p>Il Kenya \u00e8 una terra di diversit\u00e0, non solo per quanto riguarda la fauna selvatica, ma anche per le esperienze culturali e di avventura. Oltre ai safari tradizionali, i visitatori possono partecipare alle attivit\u00e0 locali. <strong>Comunit\u00e0 Maasai e Samburu<\/strong>che offre uno sguardo al ricco patrimonio culturale del Kenya. Il birdwatching \u00e8 spettacolare, soprattutto nei laghi della Rift Valley. Per i pi\u00f9 avventurosi, <strong>safari in mongolfiera<\/strong> offrono una prospettiva unica del Maasai Mara, mentre gli sport acquatici lungo la costa soddisfano gli amanti della spiaggia. I centri di conservazione e i santuari forniscono informazioni sugli sforzi di protezione della fauna selvatica, rendendo il vostro viaggio una vacanza e un'esperienza di apprendimento.<\/p>\n\n\n\n<figure class=\"wp-block-image size-large is-resized\"><img loading=\"lazy\" decoding=\"async\" width=\"1024\" height=\"683\" src=\"https:\/\/safari-tours-africa.com\/wp-content\/uploads\/maasai-mara-man-showing-traditional-maasai-jumping-dance-1024x683.webp\" alt=\"Uomo del Mara Maasai che mostra la tradizionale danza del salto dei Maasai\" class=\"wp-image-1330\" style=\"width:1024px;height:auto\" srcset=\"https:\/\/safari-tours-africa.com\/wp-content\/uploads\/maasai-mara-man-showing-traditional-maasai-jumping-dance-1024x683.webp 1024w, https:\/\/safari-tours-africa.com\/wp-content\/uploads\/maasai-mara-man-showing-traditional-maasai-jumping-dance-300x200.webp 300w, https:\/\/safari-tours-africa.com\/wp-content\/uploads\/maasai-mara-man-showing-traditional-maasai-jumping-dance-768x512.webp 768w, https:\/\/safari-tours-africa.com\/wp-content\/uploads\/maasai-mara-man-showing-traditional-maasai-jumping-dance-1536x1024.webp 1536w, https:\/\/safari-tours-africa.com\/wp-content\/uploads\/maasai-mara-man-showing-traditional-maasai-jumping-dance-2048x1365.webp 2048w, https:\/\/safari-tours-africa.com\/wp-content\/uploads\/maasai-mara-man-showing-traditional-maasai-jumping-dance-18x12.webp 18w\" sizes=\"auto, (max-width: 1024px) 100vw, 1024px\" \/><figcaption class=\"wp-element-caption\">La comunit\u00e0 locale del popolo indigeno Maasai<\/figcaption><\/figure>\n\n\n\n<h2 class=\"wp-block-heading\">Com'\u00e8 il cibo?<\/h2>\n\n\n\n<p>La cucina keniota riflette la sua diversit\u00e0 culturale. <strong>Piatti tradizionali<\/strong> come ugali, nyama choma e kachumbari offrono un assaggio dei sapori locali. <strong>Influenze indiane e costiere<\/strong> introducono una variet\u00e0 di piatti a base di pesce, curry e chapatis, arricchendo il panorama culinario. Le piantagioni di t\u00e8 sugli altopiani producono <strong>alcuni dei migliori t\u00e8 del mondo<\/strong>un accompagnamento perfetto per un pasto keniota. Le bancarelle di cibo di strada e i ristoranti locali offrono un'esperienza culinaria autentica e conveniente, permettendo ai visitatori di esplorare la diversit\u00e0 culinaria del Paese.<\/p>\n\n\n\n<figure class=\"wp-block-image size-large\"><img decoding=\"async\" src=\"https:\/\/safari-tours-africa.com\/wp-content\/uploads\/kenyan-nyama-choma-1024x610.webp\" alt=\"Keniota Nyama Choma\" class=\"wp-image-1331\"\/><figcaption class=\"wp-element-caption\">La specialit\u00e0 keniota - nyama choma<\/figcaption><\/figure>\n\n\n\n<h2 class=\"wp-block-heading\">Quali sono i consigli di galateo da seguire quando si \u00e8 in Kenya?<\/h2>\n\n\n\n<p>Comprendere le usanze e il galateo locali pu\u00f2 migliorare notevolmente la vostra esperienza di viaggio. <strong>Le mance sono gradite<\/strong> ma non obbligatorio, con importi usuali per guide, autisti e personale di servizio. \u00c8 importante interagire in modo rispettoso, anche salutando e chiedendo il permesso prima di scattare fotografie. Vestitevi in modo conservativo, soprattutto quando visitate aree rurali o siti religiosi. Imparare un <strong>alcune frasi di base in swahili <\/strong>possono arricchire le interazioni con la gente del posto e mostrare rispetto per la cultura locale.<\/p>\n\n\n\n<figure class=\"wp-block-image size-large\"><img decoding=\"async\" src=\"https:\/\/safari-tours-africa.com\/wp-content\/uploads\/masai-kudu-horn-blowing-1024x679.webp\" alt=\"Soffio del corno del Kudu dei Masai - Kenya\" class=\"wp-image-1332\"\/><figcaption class=\"wp-element-caption\">Rispettare le usanze locali<\/figcaption><\/figure>\n\n\n\n<h2 class=\"wp-block-heading\">Perch\u00e9 scegliere Safari Tours Africa per viaggiare in Kenya?<\/h2>\n\n\n\n<p>Scegliere Safari Tours Africa significa optare per un'esperienza su misura per voi, assicurandovi un viaggio autentico e senza interruzioni attraverso i paesaggi e la fauna selvatica del Kenya. Grazie alla collaborazione con i migliori operatori locali e all'impegno per un servizio personalizzato, Safari Tours Africa promette un'avventura indimenticabile, mettendovi in contatto con il cuore di questo paese vibrante e diversificato con il nostro <a href=\"https:\/\/safari-tours-africa.com\/it\/kenya\/\">Safari in Kenya<\/a>.<\/p>","protected":false},"excerpt":{"rendered":"<p>Il Kenya, situato nel cuore dell'Africa orientale, \u00e8 un Paese dove la bellezza naturale incontra l'avventura. \u00c8 una destinazione nota per la diversit\u00e0 della fauna e dei paesaggi, dai laghi di fenicotteri della Great Rift Valley al Maasai Mara, ricco di fauna selvatica. \u00c8 un Paese in cui la cultura tradizionale si intreccia con il tessuto moderno della vita, da ... <a href=\"https:\/\/safari-tours-africa.com\/it\/kenya-a-safari-destination\/\">Continua<\/a><\/p>","protected":false},"author":41,"featured_media":896,"parent":0,"menu_order":0,"comment_status":"closed","ping_status":"closed","template":"","meta":{"_acf_changed":false,"footnotes":""},"class_list":["post-1172","page","type-page","status-publish","has-post-thumbnail","hentry"],"acf":{"page_subheading":"Uncover a comprehensive overview of Kenya's top safari destinations, wildlife highlights, and practical advice for a seamless travel experience."},"_links":{"self":[{"href":"https:\/\/safari-tours-africa.com\/it\/wp-json\/wp\/v2\/pages\/1172","targetHints":{"allow":["GET"]}}],"collection":[{"href":"https:\/\/safari-tours-africa.com\/it\/wp-json\/wp\/v2\/pages"}],"about":[{"href":"https:\/\/safari-tours-africa.com\/it\/wp-json\/wp\/v2\/types\/page"}],"author":[{"embeddable":true,"href":"https:\/\/safari-tours-africa.com\/it\/wp-json\/wp\/v2\/users\/41"}],"replies":[{"embeddable":true,"href":"https:\/\/safari-tours-africa.com\/it\/wp-json\/wp\/v2\/comments?post=1172"}],"version-history":[{"count":5,"href":"https:\/\/safari-tours-africa.com\/it\/wp-json\/wp\/v2\/pages\/1172\/revisions"}],"predecessor-version":[{"id":1336,"href":"https:\/\/safari-tours-africa.com\/it\/wp-json\/wp\/v2\/pages\/1172\/revisions\/1336"}],"wp:featuredmedia":[{"embeddable":true,"href":"https:\/\/safari-tours-africa.com\/it\/wp-json\/wp\/v2\/media\/896"}],"wp:attachment":[{"href":"https:\/\/safari-tours-africa.com\/it\/wp-json\/wp\/v2\/media?parent=1172"}],"curies":[{"name":"wp","href":"https:\/\/api.w.org\/{rel}","templated":true}]}}