{"id":1176,"date":"2024-01-22T15:46:04","date_gmt":"2024-01-22T15:46:04","guid":{"rendered":"https:\/\/safari-tours-africa.com\/?page_id=1176"},"modified":"2024-01-23T17:08:09","modified_gmt":"2024-01-23T17:08:09","slug":"luganda-come-meta-di-safari","status":"publish","type":"page","link":"https:\/\/safari-tours-africa.com\/it\/uganda-a-safari-destination\/","title":{"rendered":"Uganda: Una destinazione per i safari"},"content":{"rendered":"<p>L'Uganda \u00e8 un Paese che incarna veramente la cruda essenza del continente africano. \u00c8 una terra dove il <strong>le savane assolate incontrano le lussureggianti foreste pluviali<\/strong>e dove il possente fiume Nilo d\u00e0 vita a un ecosistema incredibilmente vario. Il ricco arazzo di paesaggi dell'Uganda spazia dalle catene montuose innevate ai vasti laghi e alle fitte giungle.<\/p>\n\n\n\n<p>La sua diversit\u00e0 culturale, con oltre 56 trib\u00f9, ognuna con i suoi costumi, la sua lingua e le sue tradizioni, offre un'esperienza unica nel suo genere. <strong>un ricco mosaico di esperienze culturali<\/strong>. Dall'avventura adrenalinica del rafting sul Nilo alla tranquillit\u00e0 del tramonto nella savana, l'Uganda promette un viaggio di scoperta e meraviglia ad ogni angolo.<\/p>\n\n\n\n<figure class=\"wp-block-image size-full\"><img loading=\"lazy\" decoding=\"async\" width=\"2000\" height=\"1333\" src=\"https:\/\/safari-tours-africa.com\/wp-content\/uploads\/adult-female-gorilla-with-baby-scaled.webp\" alt=\"Femmina adulta di gorilla con il piccolo, Gorilla beringei beringei, nel fogliame lussureggiante della foresta impenetrabile di Bwindi, in Uganda. Membri del gruppo di assuefazione della famiglia Muyambi del programma di conservazione\" class=\"wp-image-1234\"\/><figcaption class=\"wp-element-caption\">L'Uganda \u00e8 nota soprattutto per i trekking con i gorilla<\/figcaption><\/figure>\n\n\n\n<h2 class=\"wp-block-heading\">Quali sono le localit\u00e0 dell'Uganda da visitare durante un safari?<\/h2>\n\n\n\n<h3 class=\"wp-block-heading\">1. Foresta impenetrabile di Bwindi<\/h3>\n\n\n\n<p>A <strong>Sito del patrimonio mondiale dell'UNESCO<\/strong>Bwindi non solo ospita poco meno di <strong>met\u00e0 dei gorilla di montagna del mondo <\/strong>ma offre anche rifugio a elefanti, scimpanz\u00e9 e varie specie di uccelli. L'esperienza del trekking in questa antica foresta coperta di nebbia per trascorrere del tempo con questi giganti gentili \u00e8 a dir poco magica. La biodiversit\u00e0 della foresta si estende oltre i suoi abitanti pi\u00f9 famosi, con oltre 120 specie di mammiferi e pi\u00f9 di 350 specie di uccelli, che la rendono un'area di conservazione critica.<\/p>\n\n\n\n<p>Visitate la foresta impenetrabile di Bwindi sul <a href=\"https:\/\/safari-tours-africa.com\/it\/tour-safari\/3-day-uganda-gorilla-habituation-experience\/\">Esperienza di 3 giorni di Habituation dei gorilla in Uganda<\/a>.<\/p>\n\n\n\n<figure class=\"wp-block-image size-full\"><img loading=\"lazy\" decoding=\"async\" width=\"2000\" height=\"1203\" src=\"https:\/\/safari-tours-africa.com\/wp-content\/uploads\/landscape-in-southwestern-uganda-at-the-bwindi-impenetrable-forest-national-park-scaled.webp\" alt=\"Paesaggio nel sud-ovest dell&#039;Uganda, nel Parco Nazionale della Foresta Impenetrabile di Bwindi, al confine tra Uganda, Congo e Ruanda. Il Parco nazionale di Bwindi \u00e8 la casa dei gorilla di montagna.\" class=\"wp-image-1236\"\/><figcaption class=\"wp-element-caption\">La Foresta Impenetrabile di Bwindi offre rifugio a una grande colonia di gorilla di montagna<\/figcaption><\/figure>\n\n\n\n<h3 class=\"wp-block-heading\">2. Parco nazionale della Regina Elisabetta<\/h3>\n\n\n\n<p>I diversi ecosistemi di questo parco lo rendono un microcosmo dell'esperienza del safari in Uganda. Le savane, le zone umide e le foreste del parco pullulano di animali selvatici. Il parco \u00e8 unico <strong>I leoni di Ishasha che si arrampicano sugli alberi<\/strong>, le vaste mandrie di bufali ed elefanti e le famose gite in barca lungo il fiume. <strong>Canale Kazinga<\/strong> offrono un'esposizione spettacolare della biodiversit\u00e0 del parco. La posizione del parco offre anche una splendida vista sui monti Rwenzori e sui laghi craterici della regione.<\/p>\n\n\n\n<p>Visitate il Parco Nazionale Queen Elizabeth sul <a href=\"https:\/\/safari-tours-africa.com\/it\/tour-safari\/12-day-uganda-safari\/\">Safari in Uganda di 12 giorni<\/a>.<\/p>\n\n\n\n<figure class=\"wp-block-image size-full\"><img loading=\"lazy\" decoding=\"async\" width=\"2000\" height=\"1331\" src=\"https:\/\/safari-tours-africa.com\/wp-content\/uploads\/elephant-in-queen-elizabeth-national-park.webp\" alt=\"Elefante nel Parco Nazionale Queen Elizabeth, Uganda, Africa orientale\" class=\"wp-image-1228\"\/><figcaption class=\"wp-element-caption\">Un elefante nel Parco Nazionale Queen Elizabeth<\/figcaption><\/figure>\n\n\n\n<h3 class=\"wp-block-heading\">3. Parco nazionale di Kibale<\/h3>\n\n\n\n<p>Questo parco \u00e8 uno dei luoghi migliori in Africa per seguire le tracce di <strong>scimpanz\u00e9<\/strong>. I 795 chilometri quadrati di foresta pluviale, prateria e palude del parco non ospitano solo scimpanz\u00e9, ma anche altre 13 specie di primati. <strong>uno dei parchi di primati pi\u00f9 vari e popolosi del mondo<\/strong>. Anche l'avifauna a Kibale \u00e8 eccezionale, con circa 375 specie censite.<\/p>\n\n\n\n<p>Visitate il Parco Nazionale di Kibale sul <a href=\"https:\/\/safari-tours-africa.com\/it\/tour-safari\/15-day-uganda-rwanda-combined-safari\/\">Safari combinato di 15 giorni in Uganda e Ruanda<\/a>.<\/p>\n\n\n\n<figure class=\"wp-block-image size-full\"><img loading=\"lazy\" decoding=\"async\" width=\"2000\" height=\"1333\" src=\"https:\/\/safari-tours-africa.com\/wp-content\/uploads\/two-chimps-sitting-on-the-ground-in-kibale-forest-scaled.webp\" alt=\"Due scimpanz\u00e9 seduti a terra nella foresta di Kibale\" class=\"wp-image-1223\"\/><figcaption class=\"wp-element-caption\">Scimpanz\u00e9 che si divertono in compagnia nel Parco Nazionale di Kibale<\/figcaption><\/figure>\n\n\n\n<h3 class=\"wp-block-heading\">4. Parco nazionale delle Cascate Murchison<\/h3>\n\n\n\n<p>Prende il nome dalle drammatiche cascate di Murchison, dove le<strong> Fiume Nilo <\/strong>si fa strada a forza attraverso una stretta gola prima di precipitare per 43 metri, il parco \u00e8 <strong>L'area di conservazione pi\u00f9 antica e pi\u00f9 grande dell'Uganda<\/strong>. I vasti paesaggi del parco ospitano <strong>76 specie di mammiferi<\/strong>tra cui giraffe, bufali, leoni e leopardi. Il Nilo stesso offre una delle migliori esperienze di pesca al mondo, soprattutto per il pesce persico del Nilo.<\/p>\n\n\n\n<p>Visitate il Parco Nazionale delle Cascate di Murchison sul <a href=\"https:\/\/safari-tours-africa.com\/it\/tour-safari\/12-day-uganda-safari\/\">Safari in Uganda di 12 giorni<\/a>.<\/p>\n\n\n\n<figure class=\"wp-block-image size-full\"><img loading=\"lazy\" decoding=\"async\" width=\"2000\" height=\"1325\" src=\"https:\/\/safari-tours-africa.com\/wp-content\/uploads\/boat-near-murchison-falls-scaled.webp\" alt=\"Stivale sul Nilo davanti alle cascate di Murchison Falls\" class=\"wp-image-1265\"\/><figcaption class=\"wp-element-caption\">Un tour in barca delle splendide cascate Murchison<\/figcaption><\/figure>\n\n\n\n<h3 class=\"wp-block-heading\">5. Parco nazionale del lago Mburo<\/h3>\n\n\n\n<p>Questo parco offre un'esperienza di safari serena, <strong>lontano dalle grandi folle<\/strong> che si trovano in altri parchi. \u00c8 il luogo ideale per vedere zebre, eland e impala, oltre a un'incredibile variet\u00e0 di uccelli. Gli habitat variegati del parco, costituiti da pendii aridi, affioramenti rocciosi, cespugli, boschetti, savane aperte e boscose, foreste, laghi e paludi, lo rendono un luogo ideale per la ricerca di animali. <strong>posizione privilegiata per i safari a piedi<\/strong>.<\/p>\n\n\n\n<p>Visitate il Parco Nazionale del Lago Mburo sul <a href=\"https:\/\/safari-tours-africa.com\/it\/tour-safari\/15-day-uganda-rwanda-combined-safari\/\">Safari combinato di 15 giorni in Uganda e Ruanda<\/a>.<\/p>\n\n\n\n<figure class=\"wp-block-image size-full\"><img loading=\"lazy\" decoding=\"async\" width=\"2000\" height=\"1325\" src=\"https:\/\/safari-tours-africa.com\/wp-content\/uploads\/group-of-zebras-in-lake-mburo-national-park-in-uganda-scaled.webp\" alt=\"Gruppo di zebre nel parco nazionale del lago Mburo in Uganda\" class=\"wp-image-1248\"\/><figcaption class=\"wp-element-caption\">Le zebre sulle acque del lago Mburo<\/figcaption><\/figure>\n\n\n\n<h2 class=\"wp-block-heading\">Quando \u00e8 il momento migliore per visitare l'Uganda?<\/h2>\n\n\n\n<p>Il periodo migliore per i safari della fauna selvatica in Uganda \u00e8 la stagione secca. <strong>da giugno ad agosto e da dicembre a febbraio<\/strong>. L'osservazione della fauna selvatica \u00e8 generalmente migliore in questo periodo perch\u00e9 la vegetazione \u00e8 meno fitta e gli animali si radunano intorno alle fonti d'acqua. Tuttavia, i paesaggi verdi e lussureggianti dell'Uganda sono pi\u00f9 belli durante le stagioni umide e questo \u00e8 anche il periodo migliore per il birdwatching, grazie alla presenza degli uccelli migratori.<\/p>\n\n\n\n<figure class=\"wp-block-image size-full\"><img loading=\"lazy\" decoding=\"async\" width=\"2000\" height=\"1073\" src=\"https:\/\/safari-tours-africa.com\/wp-content\/uploads\/nile-river-in-uganda-scaled.webp\" alt=\"Fiume Nilo, Uganda\" class=\"wp-image-1255\"\/><figcaption class=\"wp-element-caption\">Il periodo ottimale per vedere la fauna selvatica in Uganda \u00e8 durante le stagioni secche<\/figcaption><\/figure>\n\n\n\n<h2 class=\"wp-block-heading\">L'Uganda \u00e8 sicura?<\/h2>\n\n\n\n<p>Sebbene l'Uganda sia generalmente una destinazione sicura per i turisti, \u00e8 fondamentale osservare le precauzioni generali di sicurezza, soprattutto nelle citt\u00e0 pi\u00f9 grandi. Possono verificarsi piccoli furti, quindi si consiglia di <strong>Tenere al sicuro gli oggetti di valore <\/strong>e di essere consapevoli di ci\u00f2 che vi circonda. Durante i safari, ascoltate sempre le istruzioni della vostra guida, che \u00e8 stata addestrata per garantire la vostra sicurezza nei confronti della fauna selvatica.<\/p>\n\n\n\n<figure class=\"wp-block-image size-large\"><img decoding=\"async\" src=\"https:\/\/safari-tours-africa.com\/wp-content\/uploads\/aerial-view-of-kampala-city-seen-from-gaddaffi-mosque-1024x683.webp\" alt=\"Veduta aerea della citt\u00e0 di Kampala vista dalla Moschea Gaddaffi, Uganda\" class=\"wp-image-1315\"\/><figcaption class=\"wp-element-caption\">Seguite le precauzioni di sicurezza standard nelle grandi citt\u00e0 per evitare i piccoli furti.<\/figcaption><\/figure>\n\n\n\n<h2 class=\"wp-block-heading\">Ho bisogno di un visto per entrare in Uganda?<\/h2>\n\n\n\n<p>La maggior parte dei visitatori dell'Uganda arriva attraverso l'aeroporto internazionale di Entebbe. Diverse nazionalit\u00e0 possono richiedere un <strong>e-visa o ottenere un visto all'arrivo<\/strong>. Si raccomanda di verificare i requisiti per il visto pi\u00f9 recenti presso le fonti ufficiali prima del viaggio. Assicurarsi che il passaporto sia valido per almeno sei mesi dopo la partenza prevista dall'Uganda.<\/p>\n\n\n\n<figure class=\"wp-block-image size-full\"><img loading=\"lazy\" decoding=\"async\" width=\"2000\" height=\"1333\" src=\"https:\/\/safari-tours-africa.com\/wp-content\/uploads\/usa-visa-in-a-passport-background-scaled.webp\" alt=\"Visto USA sullo sfondo del passaporto\" class=\"wp-image-1296\"\/><figcaption class=\"wp-element-caption\">Verificate i requisiti per il visto per il vostro paese prima del viaggio.<\/figcaption><\/figure>\n\n\n\n<h2 class=\"wp-block-heading\">Com'\u00e8 il trasporto locale in Uganda?<\/h2>\n\n\n\n<p>Il trasporto all'interno dell'Uganda varia dalle passeggiate a piedi e in bicicletta nelle aree pi\u00f9 remote all'utilizzo di <strong>matato<\/strong> (minibus condivisi) e <strong>boda-bodas<\/strong> (mototaxi) nelle aree urbane. Per le distanze pi\u00f9 lunghe e le escursioni nei parchi nazionali, i veicoli privati o i tour organizzati sono le opzioni pi\u00f9 convenienti e sicure.<\/p>\n\n\n\n<figure class=\"wp-block-image size-large\"><img decoding=\"async\" src=\"https:\/\/safari-tours-africa.com\/wp-content\/uploads\/public-transportation-in-uganda-683x1024.webp\" alt=\"Trasporto pubblico in Uganda\" class=\"wp-image-1316\"\/><figcaption class=\"wp-element-caption\">Trasporto locale in Uganda<\/figcaption><\/figure>\n\n\n\n<h2 class=\"wp-block-heading\">Quali sono le possibilit\u00e0 di alloggio in Uganda?<\/h2>\n\n\n\n<p>Le opzioni di alloggio in Uganda vanno dai lodge di lusso e dai campi tendati nel cuore dei parchi nazionali agli ostelli e alle guesthouse per backpacker nelle citt\u00e0. Molti lodge e campi tendati offrono viste mozzafiato, un servizio eccellente e un facile accesso alle attivit\u00e0 di safari. Per chi cerca un'esperienza pi\u00f9 sostenibile e coinvolgente, sono disponibili anche eco-lodge e alloggi basati sulle comunit\u00e0.<\/p>\n\n\n\n<figure class=\"wp-block-image size-large\"><img decoding=\"async\" src=\"https:\/\/safari-tours-africa.com\/wp-content\/uploads\/luxury-lodge-in-murchison-falls-national-park-1024x683.webp\" alt=\"Bagno in un lodge di lusso, Murchison Falls, Uganda.\" class=\"wp-image-1317\"\/><figcaption class=\"wp-element-caption\">Lodge di lusso nel Parco Nazionale di Murchison Falls<\/figcaption><\/figure>\n\n\n\n<h2 class=\"wp-block-heading\">Cos'altro posso fare in Uganda oltre a vedere la fauna selvatica?<\/h2>\n\n\n\n<p>I diversi paesaggi dell'Uganda offrono una serie di attivit\u00e0 che vanno oltre i tradizionali fotosafari. <strong>Trekking con gorilla e scimpanz\u00e9<\/strong> sono tra le esperienze pi\u00f9 uniche e ricercate. I laghi e i fiumi del Paese sono l'ideale per <strong>pesca, canottaggio e rafting<\/strong>. I tour culturali permettono di conoscere le tradizioni locali e lo stile di vita dei numerosi gruppi etnici dell'Uganda.<\/p>\n\n\n\n<figure class=\"wp-block-image size-full\"><img loading=\"lazy\" decoding=\"async\" width=\"2000\" height=\"1333\" src=\"https:\/\/safari-tours-africa.com\/wp-content\/uploads\/extreme-whitewater-rafting-in-jinja-scaled.webp\" alt=\"Rafting estremo a Jinja, Uganda\" class=\"wp-image-1210\"\/><figcaption class=\"wp-element-caption\">Rafting sul fiume Nilo<\/figcaption><\/figure>\n\n\n\n<h2 class=\"wp-block-heading\">Com'\u00e8 il cibo?<\/h2>\n\n\n\n<p>La cucina ugandese \u00e8 come <strong>diverso<\/strong> come la sua cultura. I prodotti di base come il matoke (banane verdi cotte e schiacciate), il posho (porridge di farina di mais) e il luwombo (stufato cotto al vapore in foglie di banano) sono comunemente serviti insieme a piatti di carne e verdure. Il cibo di strada, come il Rolex (un chapati ripieno di uova e verdure), offre un'opzione veloce e gustosa per i pasti in movimento.<\/p>\n\n\n\n<figure class=\"wp-block-image size-large\"><img decoding=\"async\" src=\"https:\/\/safari-tours-africa.com\/wp-content\/uploads\/ugandan-cuisine-1024x447.webp\" alt=\"Cucina ugandese a buffet\" class=\"wp-image-1318\"\/><figcaption class=\"wp-element-caption\">Cucina ugandese<\/figcaption><\/figure>\n\n\n\n<h2 class=\"wp-block-heading\">Quali sono i consigli di galateo per chi si trova in Uganda?<\/h2>\n\n\n\n<p><strong>Le mance sono gradite<\/strong> in Uganda, soprattutto per un buon servizio nel settore del turismo e dell'ospitalit\u00e0. Il rispetto dei costumi e delle tradizioni locali \u00e8 importante, soprattutto quando si visitano comunit\u00e0 rurali e tribali. Imparare alcune frasi di base nelle lingue locali pu\u00f2 migliorare notevolmente le vostre interazioni e spesso viene accolto con calore dalla gente del posto.<\/p>\n\n\n\n<figure class=\"wp-block-image size-large\"><img decoding=\"async\" src=\"https:\/\/safari-tours-africa.com\/wp-content\/uploads\/two-kids-walking-hugged-in-uganda-1024x683.webp\" alt=\"ragazzi che camminano a braccetto in Uganda, Africa\" class=\"wp-image-1314\"\/><figcaption class=\"wp-element-caption\">Rispettare gli usi e i costumi locali \u00e8 un'ottima cosa in Uganda.<\/figcaption><\/figure>\n\n\n\n<h2 class=\"wp-block-heading\">Perch\u00e9 scegliere Safari Tours Africa per viaggiare in Uganda?<\/h2>\n\n\n\n<p>L'Uganda offre un mix unico di fauna, avventura e cultura. Dall'adrenalina del trekking con i gorilla alla tranquillit\u00e0 di un tramonto sul Nilo, un viaggio in Uganda \u00e8 un'esperienza da non perdere. <a href=\"https:\/\/safari-tours-africa.com\/it\/uganda\/\">safari in Uganda<\/a> \u00e8 un viaggio attraverso un paesaggio naturale vibrante e vario. Il calore della sua gente e la ricchezza della sua cultura aggiungono profondit\u00e0 e colore all'esperienza del safari nella natura, rendendo l'Uganda una destinazione davvero indimenticabile.<\/p>","protected":false},"excerpt":{"rendered":"<p>L'Uganda \u00e8 un Paese che incarna veramente la cruda essenza del continente africano. \u00c8 una terra dove le savane assolate incontrano lussureggianti foreste pluviali e dove il possente fiume Nilo d\u00e0 vita a un ecosistema incredibilmente vario. Il ricco arazzo di paesaggi dell'Uganda spazia dalle catene montuose innevate ai vasti laghi e alle fitte giungle. La sua cultura ... <a href=\"https:\/\/safari-tours-africa.com\/it\/uganda-a-safari-destination\/\">Continua<\/a><\/p>","protected":false},"author":41,"featured_media":1284,"parent":0,"menu_order":0,"comment_status":"closed","ping_status":"closed","template":"","meta":{"_acf_changed":false,"footnotes":""},"class_list":["post-1176","page","type-page","status-publish","has-post-thumbnail","hentry"],"acf":{"page_subheading":"Explore Uganda's majestic wildlife, rich cultural heritage, and stunning landscapes with our in-depth guide, ensuring a transformative safari adventure."},"_links":{"self":[{"href":"https:\/\/safari-tours-africa.com\/it\/wp-json\/wp\/v2\/pages\/1176","targetHints":{"allow":["GET"]}}],"collection":[{"href":"https:\/\/safari-tours-africa.com\/it\/wp-json\/wp\/v2\/pages"}],"about":[{"href":"https:\/\/safari-tours-africa.com\/it\/wp-json\/wp\/v2\/types\/page"}],"author":[{"embeddable":true,"href":"https:\/\/safari-tours-africa.com\/it\/wp-json\/wp\/v2\/users\/41"}],"replies":[{"embeddable":true,"href":"https:\/\/safari-tours-africa.com\/it\/wp-json\/wp\/v2\/comments?post=1176"}],"version-history":[{"count":5,"href":"https:\/\/safari-tours-africa.com\/it\/wp-json\/wp\/v2\/pages\/1176\/revisions"}],"predecessor-version":[{"id":1322,"href":"https:\/\/safari-tours-africa.com\/it\/wp-json\/wp\/v2\/pages\/1176\/revisions\/1322"}],"wp:featuredmedia":[{"embeddable":true,"href":"https:\/\/safari-tours-africa.com\/it\/wp-json\/wp\/v2\/media\/1284"}],"wp:attachment":[{"href":"https:\/\/safari-tours-africa.com\/it\/wp-json\/wp\/v2\/media?parent=1176"}],"curies":[{"name":"wp","href":"https:\/\/api.w.org\/{rel}","templated":true}]}}