{"id":1180,"date":"2024-01-22T16:27:34","date_gmt":"2024-01-22T16:27:34","guid":{"rendered":"https:\/\/safari-tours-africa.com\/?page_id=1180"},"modified":"2024-01-23T16:46:33","modified_gmt":"2024-01-23T16:46:33","slug":"il-sudafrica-come-meta-di-safari","status":"publish","type":"page","link":"https:\/\/safari-tours-africa.com\/it\/south-africa-a-safari-destination\/","title":{"rendered":"Sudafrica: Una destinazione per il safari"},"content":{"rendered":"<p>Il Sudafrica \u00e8 un mondo in un paese, una nazione ricca di diversit\u00e0, non solo in termini di persone e cultura, ma anche di meraviglie naturali. Dall'iconico <strong>Montagna da tavolo<\/strong> alla tentacolare <strong>Parco nazionale Kruger<\/strong>Ogni angolo del Sudafrica racconta una storia.<\/p>\n\n\n\n<p>La complessa storia del Paese, le citt\u00e0 vivaci e i paesaggi mozzafiato ne fanno una destinazione unica, in grado di soddisfare un'ampia gamma di interessi e attivit\u00e0. Che si tratti di sorseggiare un buon vino nelle Cape Winelands, di esplorare i campi di battaglia storici o di intraprendere un safari nella natura, il Sudafrica offre un'ampia gamma di attivit\u00e0. <strong>un'esperienza coinvolgente e sfaccettata<\/strong>.<\/p>\n\n\n\n<figure class=\"wp-block-image size-full\"><img loading=\"lazy\" decoding=\"async\" width=\"2000\" height=\"857\" src=\"https:\/\/safari-tours-africa.com\/wp-content\/uploads\/giraffe-in-the-bush-of-kruger-national-park-south-africa-scaled.webp\" alt=\"Giraffa nel bush del parco nazionale Kruger in Sudafrica. Giraffa all&#039;alba nel parco Kruger in Sudafrica\" class=\"wp-image-1205\"\/><figcaption class=\"wp-element-caption\">Visita alle giraffe nel Parco Nazionale Kruger<\/figcaption><\/figure>\n\n\n\n<h2 class=\"wp-block-heading\">Quali sono le localit\u00e0 del Sudafrica da visitare durante un safari?<\/h2>\n\n\n\n<h3 class=\"wp-block-heading\">1. Parco nazionale Kruger e riserve private circostanti<\/h3>\n\n\n\n<p>Il Parco Nazionale Kruger \u00e8 la pietra miliare dei safari sudafricani. Questa vasta area selvaggia ospita un numero impressionante di specie, tra cui il <strong>Grande 5<\/strong>. L'accessibilit\u00e0 del parco e le infrastrutture ben sviluppate lo rendono ideale sia per chi si avvicina per la prima volta al safari sia per chi \u00e8 gi\u00e0 esperto. I dintorni del parco, <strong>riserve private<\/strong> come Sabi Sands e Thornybush offrono esperienze di safari esclusive, con lodge lussuosi e game drive guidati che consentono incontri intimi con la fauna selvatica.<\/p>\n\n\n\n<p>Visitate il Parco Nazionale Kruger e i suoi dintorni a bordo della <a href=\"https:\/\/safari-tours-africa.com\/it\/tour-safari\/5-day-panorama-route-to-kruger-national-park-safari\/\">Safari di 5 giorni sulla Panorama Route al Parco Nazionale Kruger<\/a>.<\/p>\n\n\n\n<figure class=\"wp-block-image size-full\"><img loading=\"lazy\" decoding=\"async\" width=\"2000\" height=\"1325\" src=\"https:\/\/safari-tours-africa.com\/wp-content\/uploads\/sunrise-at-kruger-national-park-scaled.webp\" alt=\"Alba nel Parco Nazionale Kruger\" class=\"wp-image-1192\"\/><figcaption class=\"wp-element-caption\">Alba sul Parco Nazionale Kruger<\/figcaption><\/figure>\n\n\n\n<h3 class=\"wp-block-heading\">2. Parco nazionale di Pilanesberg<\/h3>\n\n\n\n<p>Immerso nel cratere di un antico vulcano, il Parco Nazionale di Pilanesberg offre un paesaggio unico ed \u00e8 uno dei pochi luoghi in Sudafrica in cui i visitatori possono vedere praticamente tutti i Big 5 in una sola giornata. <strong>ambiente libero dalla malaria<\/strong>. La vicinanza del parco a Johannesburg e Sun City lo rende una scelta conveniente per i viaggiatori che desiderano combinare un safari con altre attivit\u00e0 di svago.<\/p>\n\n\n\n<figure class=\"wp-block-image size-large\"><img decoding=\"async\" src=\"https:\/\/safari-tours-africa.com\/wp-content\/uploads\/beautiful-zebra-standing-on-dry-grass-at-pilanesberg-national-park-on-a-sunny-day-1024x731.webp\" alt=\"Una bella zebra in piedi sull&#039;erba secca nel Parco Nazionale di Pilanesberg in una giornata di sole\" class=\"wp-image-1303\"\/><figcaption class=\"wp-element-caption\">Zebra al Parco Nazionale di Pilanesberg in una giornata di sole<\/figcaption><\/figure>\n\n\n\n<h3 class=\"wp-block-heading\">3. Riserva di caccia Madikwe<\/h3>\n\n\n\n<p>Situato <strong>lungo il confine con il Botswana<\/strong> e rinomata per i suoi sforzi di conservazione, la Madikwe Game Reserve \u00e8 un paradiso per la fauna selvatica. La riserva \u00e8 nota per il suo successo <strong>programma di allevamento di cani selvatici<\/strong> e offre la possibilit\u00e0 di vedere questi rari predatori nel loro habitat naturale. I diversi ecosistemi di Madikwe ospitano un'ampia variet\u00e0 di specie, offrendo una ricca esperienza di safari.<\/p>\n\n\n\n<figure class=\"wp-block-image size-large\"><img decoding=\"async\" src=\"https:\/\/safari-tours-africa.com\/wp-content\/uploads\/safari-game-drive-in-madikwe-reserve-1024x683.webp\" alt=\"Due elefanti adulti, Loxdonta Africana, camminano sulla sabbia rossa. Vista posteriore. Safari game drive nella riserva di Madikwe, in Sudafrica, vicino al Botswana e al deserto del Kalahari. L&#039;elefante africano fa parte dei Big Five.\" class=\"wp-image-1304\"\/><figcaption class=\"wp-element-caption\">Una coppia di elefanti a passeggio nella Madikwe Game Reserve<\/figcaption><\/figure>\n\n\n\n<h3 class=\"wp-block-heading\">4. Le riserve del Capo Orientale<\/h3>\n\n\n\n<p>Queste riserve offrono un mix di convenienza e di osservazione della fauna selvatica, e molte di esse sono <strong>senza malaria e a misura di famiglia<\/strong>. Il Capo Orientale ospita diverse riserve private dove i visitatori possono godere di un'esperienza di safari pi\u00f9 appartata, pur avendo la possibilit\u00e0 di vedere i Big 5.<\/p>\n\n\n\n<figure class=\"wp-block-image size-large\"><img decoding=\"async\" src=\"https:\/\/safari-tours-africa.com\/wp-content\/uploads\/east-london-coast-nature-reserve-1024x683.webp\" alt=\"Rocce nell&#039;Oceano Indiano nella Riserva Naturale della East London Coast, provincia del Capo Orientale, Sudafrica\" class=\"wp-image-1305\"\/><figcaption class=\"wp-element-caption\">Vista sulla costa delle riserve del Capo Orientale<\/figcaption><\/figure>\n\n\n\n<h3 class=\"wp-block-heading\">5. Il Kalahari<\/h3>\n\n\n\n<p>La savana semi-arida del Kalahari offre un paesaggio nettamente diverso dal tipico bushveld associato ai safari. Il Parco transfrontaliero del Kgalagadi, nel Kalahari, \u00e8 noto per le sue <strong>sabbie rosse<\/strong>, una fauna selvatica unica e la straordinaria esperienza di <strong>safari nel deserto<\/strong>. \u00c8 un luogo dove si pu\u00f2 assistere alla natura nella sua forma pi\u00f9 cruda e selvaggia.<\/p>\n\n\n\n<figure class=\"wp-block-image size-large\"><img decoding=\"async\" src=\"https:\/\/safari-tours-africa.com\/wp-content\/uploads\/dune-rosse-del-kalahari-al-tramonto-stockpack-adobe-stock-1024x680.webp\" alt=\"dune rosse del kalahari al tramonto\" class=\"wp-image-1306\"\/><figcaption class=\"wp-element-caption\">Il paesaggio di sabbia rossa del Kalahari<\/figcaption><\/figure>\n\n\n\n<h2 class=\"wp-block-heading\">Quando \u00e8 il momento migliore per visitare il Sudafrica?<\/h2>\n\n\n\n<p>Il periodo ideale per visitare il Sudafrica per un safari \u00e8 durante il<strong> stagione secca (da maggio a settembre)<\/strong>Quando la fauna selvatica \u00e8 pi\u00f9 facile da individuare, perch\u00e9 gli animali si radunano intorno alle fonti d'acqua. Tuttavia, grazie alla variet\u00e0 del clima, il Sudafrica pu\u00f2 essere visitato tutto l'anno. Il <strong>Regione del Capo<\/strong>La stagione secca, ad esempio, si verifica durante i mesi estivi (da novembre a febbraio), il periodo migliore per godersi le spiagge e le attivit\u00e0 all'aperto.<\/p>\n\n\n\n<figure class=\"wp-block-image size-full\"><img loading=\"lazy\" decoding=\"async\" width=\"2000\" height=\"1082\" src=\"https:\/\/safari-tours-africa.com\/wp-content\/uploads\/landscape-with-a-dirt-road-and-african-savanna-in-the-kruger-national-park-scaled.webp\" alt=\"Paesaggio con strada sterrata e savana africana nel Parco Nazionale Kruger in Sudafrica immagine in formato orizzontale\" class=\"wp-image-1197\"\/><figcaption class=\"wp-element-caption\">La stagione secca dura da maggio a settembre in Sudafrica.<\/figcaption><\/figure>\n\n\n\n<h2 class=\"wp-block-heading\">Il Sudafrica \u00e8 sicuro?<\/h2>\n\n\n\n<p>Sebbene il Sudafrica offra una ricca esperienza di viaggio, \u00e8 essenziale prestare attenzione alla sicurezza, soprattutto nelle grandi citt\u00e0. Si raccomanda di prendere <strong>precauzioni standard<\/strong>Come ad esempio tenere al sicuro gli oggetti di valore e prestare attenzione all'ambiente circostante. Nelle aree di safari, \u00e8 fondamentale seguire le indicazioni delle guide e del personale del lodge per garantire un'esperienza sicura e divertente.<\/p>\n\n\n\n<figure class=\"wp-block-image size-full\"><img loading=\"lazy\" decoding=\"async\" width=\"2000\" height=\"1043\" src=\"https:\/\/safari-tours-africa.com\/wp-content\/uploads\/nelson-mandela-bridge-and-johannesburg-city-at-sunset-scaled.webp\" alt=\"Il ponte Nelson Mandela e la citt\u00e0 di Johannesburg al tramonto\" class=\"wp-image-1189\"\/><figcaption class=\"wp-element-caption\">Vista su Johannesburg<\/figcaption><\/figure>\n\n\n\n<h2 class=\"wp-block-heading\">Ho bisogno di un visto per entrare in Sudafrica?<\/h2>\n\n\n\n<p>Il Sudafrica \u00e8 ben collegato con aeroporti internazionali nelle principali citt\u00e0 come Johannesburg, Citt\u00e0 del Capo e Durban. Il Paese ha un <strong>rete stradale completa<\/strong>rendendo la guida autonoma un'opzione popolare per l'esplorazione. <strong>I requisiti per il visto variano in base alla nazionalit\u00e0<\/strong>\u00c8 quindi consigliabile verificare le informazioni pi\u00f9 recenti da fonti ufficiali prima di pianificare il viaggio.<\/p>\n\n\n\n<figure class=\"wp-block-image size-full\"><img loading=\"lazy\" decoding=\"async\" width=\"2000\" height=\"1333\" src=\"https:\/\/safari-tours-africa.com\/wp-content\/uploads\/usa-visa-in-a-passport-background-scaled.webp\" alt=\"Visto USA sullo sfondo del passaporto\" class=\"wp-image-1296\"\/><figcaption class=\"wp-element-caption\">Verificate i requisiti per il visto per il vostro paese prima del viaggio.<\/figcaption><\/figure>\n\n\n\n<h2 class=\"wp-block-heading\">Com'\u00e8 il trasporto locale in Sudafrica?<\/h2>\n\n\n\n<p>Il Sudafrica offre una serie di opzioni di trasporto adatte a tutte le preferenze. Le strade del Paese sono generalmente in buone condizioni, il che rende <strong>guida autonoma<\/strong> un'opzione valida. Per le distanze pi\u00f9 lunghe o per raggiungere destinazioni di safari remote, <strong>voli nazionali<\/strong> sono disponibili. Nelle riserve di caccia si utilizzano veicoli da safari aperti per i fotosafari, che offrono una vista senza ostacoli della fauna selvatica.<\/p>\n\n\n\n<figure class=\"wp-block-image size-large\"><img decoding=\"async\" src=\"https:\/\/safari-tours-africa.com\/wp-content\/uploads\/roads-in-south-africa-1024x571.webp\" alt=\"Piccolo karoo in Sudafrica, strada e montagna sul retro\" class=\"wp-image-1307\"\/><figcaption class=\"wp-element-caption\">Le strade in Sudafrica sono generalmente in buone condizioni<\/figcaption><\/figure>\n\n\n\n<h2 class=\"wp-block-heading\">Quali sono le opzioni di alloggio in Sudafrica?<\/h2>\n\n\n\n<p>Opzioni di alloggio in Sudafrica <strong>soddisfare tutti i gusti<\/strong>Le strutture ricettive possono spaziare dai lussuosi safari lodge e boutique hotel alle guesthouse e ai campeggi pi\u00f9 economici. Nelle aree di safari, le opzioni spaziano dai rustici campi nel bush agli opulenti lodge, offrendo una variet\u00e0 di esperienze e servizi.<\/p>\n\n\n\n<figure class=\"wp-block-image size-large\"><img decoding=\"async\" src=\"https:\/\/safari-tours-africa.com\/wp-content\/uploads\/row-of-thatch-roof-rondawel-huts-at-the-olifants-rest-camp-in-kruger-national-park-1024x705.webp\" alt=\"Fila di capanne con tetto di paglia in rondawel presso l&#039;Olifants Rest Camp nella riserva del Parco Nazionale Kruger in Sudafrica\" class=\"wp-image-1308\"\/><figcaption class=\"wp-element-caption\">Alloggi semplici nel Parco Nazionale Kruger<\/figcaption><\/figure>\n\n\n\n<h2 class=\"wp-block-heading\">Cos'altro posso fare in Sudafrica oltre a vedere la fauna selvatica?<\/h2>\n\n\n\n<p>Oltre ai safari nella natura, il Sudafrica offre un'ampia gamma di attivit\u00e0 ed esperienze. <strong>Visite culturali<\/strong> forniscono spunti per conoscere la storia e le diverse culture della nazione. La bellezza paesaggistica di luoghi come il <a href=\"https:\/\/safari-tours-africa.com\/it\/tour-safari\/4-day-panorama-route-to-kruger-national-park-safari\/\"><strong>Percorso panoramico<\/strong><\/a> e i monti Drakensberg richiama gli amanti della natura e dell'avventura. Per chi desidera rilassarsi, il <strong>spiagge e vigneti del paese<\/strong> offrono una fuga perfetta.<\/p>\n\n\n\n<figure class=\"wp-block-image size-full\"><img loading=\"lazy\" decoding=\"async\" width=\"2000\" height=\"1125\" src=\"https:\/\/safari-tours-africa.com\/wp-content\/uploads\/panorama-route-south-africa-scaled.webp\" alt=\"Panorama Route Sudafrica, canyon del fiume Blyde con le tre rondavels, vista di tre rondavels e del canyon del fiume Blyde in Sudafrica. Donne asiatiche e uomini caucasici in vacanza in Sudafrica\" class=\"wp-image-900\"\/><figcaption class=\"wp-element-caption\">Vista dalla Panorama Route in Sudafrica<\/figcaption><\/figure>\n\n\n\n<h2 class=\"wp-block-heading\">Com'\u00e8 il cibo?<\/h2>\n\n\n\n<p>La cucina sudafricana \u00e8 un <strong>riflesso della diversit\u00e0 culturale del Paese<\/strong>. La scena culinaria offre di tutto, dai tradizionali braais (barbecue) e biltong (carne secca e stagionata) alle raffinate esperienze gastronomiche nelle Cape Winelands. Il Paese \u00e8 anche rinomato per le sue <strong>vino<\/strong>regioni come Stellenbosch e Franschhoek sono mete obbligate per gli appassionati di vino.<\/p>\n\n\n\n<figure class=\"wp-block-image size-large\"><img decoding=\"async\" src=\"https:\/\/safari-tours-africa.com\/wp-content\/uploads\/south-african-street-food-1024x683.webp\" alt=\"Cibo di strada sudafricano: spiedini e zampe di pollo alla brace\" class=\"wp-image-1309\"\/><figcaption class=\"wp-element-caption\">Cibo di strada in Sudafrica<\/figcaption><\/figure>\n\n\n\n<h2 class=\"wp-block-heading\">Quali sono i consigli di galateo per chi si trova in Sudafrica?<\/h2>\n\n\n\n<p><strong>La mancia \u00e8 consuetudine <\/strong>in Sudafrica per un buon servizio nei ristoranti, nelle guide di safari e in altri settori di servizio. Comprendere le usanze locali, rispettare l'ambiente e impegnarsi responsabilmente con le comunit\u00e0 \u00e8 essenziale per un'esperienza di viaggio positiva e d'impatto.<\/p>\n\n\n\n<figure class=\"wp-block-image size-large\"><img decoding=\"async\" src=\"https:\/\/safari-tours-africa.com\/wp-content\/uploads\/safari-guide-in-south-africa-1024x683.webp\" alt=\"Guida di safari in jeep con cartello calmante guardando i rinoceronti in libert\u00e0\" class=\"wp-image-1310\"\/><figcaption class=\"wp-element-caption\">Le mance sono molto apprezzate dalle guide dei safari.<\/figcaption><\/figure>\n\n\n\n<h2 class=\"wp-block-heading\">Perch\u00e9 scegliere Safari Tours Africa per viaggiare in Sudafrica?<\/h2>\n\n\n\n<p>A <a href=\"https:\/\/safari-tours-africa.com\/it\/sudafrica\/\">safari in Sudafrica<\/a> non \u00e8 solo un viaggio in un paradiso faunistico; \u00e8 un'esplorazione di una terra ricca di storia, cultura e bellezze naturali. Dall'iconica Table Mountain al Parco Nazionale Kruger, ricco di fauna selvatica, un safari in Sudafrica offre un'avventura senza precedenti che unisce l'emozione della natura selvaggia al calore della sua gente.<\/p>","protected":false},"excerpt":{"rendered":"<p>Il Sudafrica \u00e8 un mondo in un paese, una nazione ricca di diversit\u00e0, non solo in termini di persone e cultura, ma anche di meraviglie naturali. Dall'iconica Table Mountain al vasto Parco Nazionale Kruger, ogni angolo del Sudafrica racconta una storia. La complessa storia della nazione, le citt\u00e0 vivaci e le splendide ... <a href=\"https:\/\/safari-tours-africa.com\/it\/south-africa-a-safari-destination\/\">Continua<\/a><\/p>","protected":false},"author":41,"featured_media":893,"parent":0,"menu_order":0,"comment_status":"closed","ping_status":"closed","template":"","meta":{"_acf_changed":false,"footnotes":""},"class_list":["post-1180","page","type-page","status-publish","has-post-thumbnail","hentry"],"acf":{"page_subheading":"Explore South Africa's top safari destinations, cultural heritage, and practical travel tips for an enriching and diverse adventure experience."},"_links":{"self":[{"href":"https:\/\/safari-tours-africa.com\/it\/wp-json\/wp\/v2\/pages\/1180","targetHints":{"allow":["GET"]}}],"collection":[{"href":"https:\/\/safari-tours-africa.com\/it\/wp-json\/wp\/v2\/pages"}],"about":[{"href":"https:\/\/safari-tours-africa.com\/it\/wp-json\/wp\/v2\/types\/page"}],"author":[{"embeddable":true,"href":"https:\/\/safari-tours-africa.com\/it\/wp-json\/wp\/v2\/users\/41"}],"replies":[{"embeddable":true,"href":"https:\/\/safari-tours-africa.com\/it\/wp-json\/wp\/v2\/comments?post=1180"}],"version-history":[{"count":3,"href":"https:\/\/safari-tours-africa.com\/it\/wp-json\/wp\/v2\/pages\/1180\/revisions"}],"predecessor-version":[{"id":1312,"href":"https:\/\/safari-tours-africa.com\/it\/wp-json\/wp\/v2\/pages\/1180\/revisions\/1312"}],"wp:featuredmedia":[{"embeddable":true,"href":"https:\/\/safari-tours-africa.com\/it\/wp-json\/wp\/v2\/media\/893"}],"wp:attachment":[{"href":"https:\/\/safari-tours-africa.com\/it\/wp-json\/wp\/v2\/media?parent=1180"}],"curies":[{"name":"wp","href":"https:\/\/api.w.org\/{rel}","templated":true}]}}