{"id":1184,"date":"2024-01-22T16:50:54","date_gmt":"2024-01-22T16:50:54","guid":{"rendered":"https:\/\/safari-tours-africa.com\/?page_id=1184"},"modified":"2024-01-25T10:46:40","modified_gmt":"2024-01-25T10:46:40","slug":"la-tanzania-come-meta-di-safari","status":"publish","type":"page","link":"https:\/\/safari-tours-africa.com\/it\/tanzania-a-safari-destination\/","title":{"rendered":"Tanzania: Una destinazione per i safari"},"content":{"rendered":"<p>La Tanzania \u00e8 un Paese dai paesaggi diversi e dal ricco patrimonio, situato nell'Africa orientale. \u00c8 famosa per le sue <strong>una natura selvaggia ed estesa <\/strong>che includono le pianure del Parco Nazionale del Serengeti, una mecca del safari popolata dai Big Five (elefante, leone, leopardo, bufalo, rinoceronte), e il Parco Nazionale del Kilimangiaro, <strong>ospita la montagna pi\u00f9 alta dell'Africa<\/strong>.<\/p>\n\n\n\n<p>Al largo si trovano le isole tropicali di <a href=\"https:\/\/safari-tours-africa.com\/it\/tour-safari\/13-day-great-migration-tanzania-and-zanzibar-safari\/\">Zanzibar<\/a>Mafia, con le sue influenze arabe, e Mafia, con un parco marino che ospita squali balena e barriere coralline. La miscela di fauna selvatica, culture e paesaggi della Tanzania la rende una destinazione affascinante per i viaggiatori che vogliono sperimentare il ritmo dell'Africa.<\/p>\n\n\n\n<figure class=\"wp-block-image size-full\"><img loading=\"lazy\" decoding=\"async\" width=\"2000\" height=\"1123\" src=\"https:\/\/safari-tours-africa.com\/wp-content\/uploads\/magical-zanzibar-scaled.webp\" alt=\"Aereo. Paesaggio marino, Zanzibar, Tanzania.\" class=\"wp-image-989\"\/><figcaption class=\"wp-element-caption\">Le magiche coste di Zanzibar<\/figcaption><\/figure>\n\n\n\n<h2 class=\"wp-block-heading\">Quali sono le localit\u00e0 della Tanzania da visitare durante un safari?<\/h2>\n\n\n\n<h3 class=\"wp-block-heading\">1. Parco nazionale del Serengeti<\/h3>\n\n\n\n<p>Il Serengeti non \u00e8 solo una meta di safari, \u00e8 un fenomeno. Le vaste pianure ospitano il<strong> Grande migrazione<\/strong>uno spettacolo che coinvolge milioni di gnu, zebre e gazzelle in un ciclo di vita e morte. Il Serengeti ospita anche un <strong>alta densit\u00e0 di predatori<\/strong>che lo rende un luogo ideale per assistere al dramma della natura. I diversi habitat del parco, tra cui la savana, i boschi e le zone umide, ospitano una grande variet\u00e0 di animali selvatici, garantendo un'esperienza di safari unica.<\/p>\n\n\n\n<p>Visitate il Parco Nazionale del Serengeti sul <a href=\"https:\/\/safari-tours-africa.com\/it\/tour-safari\/10-day-serengeti-ngorongoro-safari-with-zanzibar\/\">Safari di 10 giorni nel Serengeti e nello Ngorongoro con Zanzibar<\/a>.<\/p>\n\n\n\n<figure class=\"wp-block-image size-full\"><img loading=\"lazy\" decoding=\"async\" width=\"2000\" height=\"1335\" src=\"https:\/\/safari-tours-africa.com\/wp-content\/uploads\/wildlife-in-serengeti-national-park-scaled.webp\" alt=\"Gruppo di giovani leoni sdraiati sulle rocce - splendido scenario della savana al tramonto. Safari nella fauna selvatica nel Parco Nazionale del Serengeti, Masai Mara, Tanzania, Africa\" class=\"wp-image-1138\"\/><figcaption class=\"wp-element-caption\">Safari nella natura nel Parco Nazionale del Serengeti<\/figcaption><\/figure>\n\n\n\n<h3 class=\"wp-block-heading\">2. Area di conservazione di Ngorongoro<\/h3>\n\n\n\n<p>Il cratere dello Ngorongoro, un <strong>massiccia caldera vulcanica<\/strong>\u00e8 un microcosmo del paesaggio e della fauna dell'Africa orientale. Questo anfiteatro naturale pullula di animali, tra i quali il <strong>la pi\u00f9 densa popolazione di leoni al mondo<\/strong>. L'interazione tra il popolo Maasai e la fauna selvatica della zona aggiunge un'affascinante dimensione culturale all'esperienza del safari.<\/p>\n\n\n\n<p>Visitate l'Area di conservazione di Ngorongoro sul <a href=\"https:\/\/safari-tours-africa.com\/it\/tour-safari\/5-day-best-of-tanzania-safari-tour\/\">Tour safari di 5 giorni con il meglio della Tanzania<\/a>.<\/p>\n\n\n\n<figure class=\"wp-block-image size-full\"><img loading=\"lazy\" decoding=\"async\" width=\"2000\" height=\"1333\" src=\"https:\/\/safari-tours-africa.com\/wp-content\/uploads\/group-of-giraffes-walking-in-ngorongoro-conservation-area-in-tanzania-scaled.webp\" alt=\"Gruppo di giraffe a passeggio nella Ngorongoro Conservation Area in Tanzania. Animali selvatici d&#039;Africa\" class=\"wp-image-1133\"\/><figcaption class=\"wp-element-caption\">Giraffe nel loro habitat naturale nell'Area di Conservazione di Ngorongoro<\/figcaption><\/figure>\n\n\n\n<h3 class=\"wp-block-heading\">3. Parco nazionale del Tarangire<\/h3>\n\n\n\n<p>Conosciuto per la sua <strong>grandi branchi di elefanti<\/strong> e gli iconici alberi di baobab, il Tarangire offre un'esperienza di safari unica. Il <strong>Fiume Tarangire<\/strong> \u00e8 una calamita per la fauna selvatica, soprattutto durante la stagione secca, quando gli animali si radunano in gran numero sulle rive del fiume, rendendolo un luogo privilegiato per l'osservazione della selvaggina.<\/p>\n\n\n\n<p>Visitate il Parco Nazionale del Tarangire sul <a href=\"https:\/\/safari-tours-africa.com\/it\/tour-safari\/7-day-big-five-safari-in-tanzania\/\">Safari di 7 giorni con i Big Five in Tanzania<\/a>.<\/p>\n\n\n\n<figure class=\"wp-block-image size-full\"><img loading=\"lazy\" decoding=\"async\" width=\"2000\" height=\"1325\" src=\"https:\/\/safari-tours-africa.com\/wp-content\/uploads\/tarangire-national-park-from-above-scaled.webp\" alt=\"parco nazionale del tarangire\" class=\"wp-image-970\"\/><figcaption class=\"wp-element-caption\">Vista aerea del Parco nazionale di Tarangire<\/figcaption><\/figure>\n\n\n\n<h3 class=\"wp-block-heading\">4. Parco nazionale del Lago Manyara<\/h3>\n\n\n\n<p>Situato alla base della <strong>Grande Rift Valley<\/strong> Il Parco Nazionale del Lago Manyara \u00e8 famoso per il suo <strong>leoni che si arrampicano sugli alberi<\/strong>, grandi truppe di babbuini, e una grande variet\u00e0 di uccelli, tra cui <strong>fenicotteri<\/strong>. I diversi ecosistemi del parco, dal lago alcalino alle fitte foreste e ai ripidi versanti delle montagne, ospitano una vasta gamma di animali selvatici.<\/p>\n\n\n\n<p>Visitate il Parco Nazionale del Lago Manyara sul <a href=\"https:\/\/safari-tours-africa.com\/it\/tour-safari\/8-day-the-great-migration-safari-tour-in-tanzania\/\">Safari di 8 giorni con la Grande Migrazione in Tanzania<\/a>.<\/p>\n\n\n\n<figure class=\"wp-block-image size-full\"><img loading=\"lazy\" decoding=\"async\" width=\"2000\" height=\"1333\" src=\"https:\/\/safari-tours-africa.com\/wp-content\/uploads\/landscape-in-manyara-national-park-scaled.webp\" alt=\"Paesaggio nel Parco Nazionale Manyara\" class=\"wp-image-1001\"\/><figcaption class=\"wp-element-caption\">Paesaggio nel Parco Nazionale del Lago Manyara<\/figcaption><\/figure>\n\n\n\n<h3 class=\"wp-block-heading\">5. Parco nazionale di Ruaha<\/h3>\n\n\n\n<p>La posizione remota di Ruaha significa che \u00e8 <strong>meno frequentato dai turisti<\/strong>che offre un'esperienza di safari davvero selvaggia ed esclusiva. \u00c8 noto per la sua grande popolazione di elefanti e per una vasta gamma di altri animali, tra cui kudu, antilopi e cani selvatici in via di estinzione. Il <strong>Fiume Ruaha<\/strong> attira una pletora di animali, soprattutto durante la stagione secca, rendendolo un sito eccellente per l'osservazione della selvaggina.<\/p>\n\n\n\n<figure class=\"wp-block-image size-large\"><img decoding=\"async\" src=\"https:\/\/safari-tours-africa.com\/wp-content\/uploads\/candelabra-tree-in-the-hilly-landscape-1024x681.webp\" alt=\"Albero candelabro nel paesaggio collinare, Parco Nazionale di Ruaha, Tanzania\" class=\"wp-image-1287\"\/><figcaption class=\"wp-element-caption\">Albero candelabro nel paesaggio collinare del Parco Nazionale di Ruaha<\/figcaption><\/figure>\n\n\n\n<h3 class=\"wp-block-heading\">6. Parco nazionale Nyerere (Selous)<\/h3>\n\n\n\n<p>Coprendo una vasta area, Nyerere \u00e8 <strong>una delle pi\u00f9 grandi riserve faunistiche del mondo<\/strong>. Il fiume Rufiji scorre attraverso il parco, creando una rete di laghi, lagune e canali. <strong>Safari in barca<\/strong> offrono una prospettiva unica sugli abitanti del parco, tra cui ippopotami, coccodrilli e una variet\u00e0 di uccelli acquatici. I boschi e le pianure del parco ospitano un gran numero di elefanti, bufali e giraffe, oltre all'elusivo leopardo.<\/p>\n\n\n\n<figure class=\"wp-block-image size-large\"><img decoding=\"async\" src=\"https:\/\/safari-tours-africa.com\/wp-content\/uploads\/aerial-view-of-nyerere-national-park-in-tanzania-1024x575.webp\" alt=\"Vista aerea del Parco nazionale Nyerere in Tanzania\" class=\"wp-image-1288\"\/><figcaption class=\"wp-element-caption\">Vista aerea del Parco Nazionale Nyerere<\/figcaption><\/figure>\n\n\n\n<h3 class=\"wp-block-heading\">7. Parco nazionale dei Monti Mahale<\/h3>\n\n\n\n<p>Sullo sfondo di <strong>Lago Tanganica<\/strong>Mahale \u00e8 sinonimo di trekking con gli scimpanz\u00e9. Il terreno montuoso del parco, ricoperto da una fitta foresta tropicale, \u00e8 una roccaforte per questi primati. L'esperienza di osservare <strong>scimpanz\u00e9<\/strong> nel loro habitat naturale \u00e8 profondo e umiliante. Mahale offre anche l'opportunit\u00e0 di rilassarsi in riva al lago e di praticare attivit\u00e0 acquatiche, facendo da contrappunto all'emozione delle escursioni con gli scimpanz\u00e9.<\/p>\n\n\n\n<figure class=\"wp-block-image size-large is-resized\"><img decoding=\"async\" src=\"https:\/\/safari-tours-africa.com\/wp-content\/uploads\/mahale-mountains-1024x683.webp\" alt=\"MONTAGNE DELLA GIUNGLA A MAHALE, IN TANZANIA\" class=\"wp-image-1289\" style=\"width:1189px;height:auto\"\/><figcaption class=\"wp-element-caption\">Il paesaggio collinare del Parco Nazionale dei Monti Mahale<\/figcaption><\/figure>\n\n\n\n<h2 class=\"wp-block-heading\">Quando \u00e8 il momento migliore per visitare la Tanzania?<\/h2>\n\n\n\n<p>Il periodo ideale per visitare la Tanzania varia in base a ci\u00f2 che si vuole vedere:<\/p>\n\n\n\n<h3 class=\"wp-block-heading\">Safari<\/h3>\n\n\n\n<p>Il <strong>stagione secca (da giugno a ottobre)<\/strong> offre un'eccellente osservazione della fauna selvatica. Gli animali sono pi\u00f9 facili da individuare perch\u00e9 si riuniscono intorno alle pozze d'acqua e ai fiumi. In questo periodo, la Grande Migrazione \u00e8 una delle attrazioni principali del Serengeti.<\/p>\n\n\n\n<h3 class=\"wp-block-heading\">Vacanze in spiaggia<\/h3>\n\n\n\n<p>Zanzibar e le altre regioni costiere si visitano meglio nei mesi secchi (<strong>Da giugno a ottobre e da dicembre a febbraio<\/strong>). Il clima \u00e8 caldo e soleggiato, perfetto per le attivit\u00e0 in spiaggia e per esplorare la barriera corallina.<\/p>\n\n\n\n<figure class=\"wp-block-image size-full\"><img loading=\"lazy\" decoding=\"async\" width=\"2000\" height=\"1332\" src=\"https:\/\/safari-tours-africa.com\/wp-content\/uploads\/scenery-landscape-of-serengeti-national-park-full-of-animals-scaled.webp\" alt=\"Paesaggio del parco nazionale del Serengeti pieno di animali\" class=\"wp-image-977\"\/><figcaption class=\"wp-element-caption\">Per i safari, \u00e8 ottimale visitare la Tanzania durante la stagione secca.<\/figcaption><\/figure>\n\n\n\n<h2 class=\"wp-block-heading\">La Tanzania \u00e8 sicura?<\/h2>\n\n\n\n<p>La Tanzania \u00e8 <strong>generalmente sicuro per i turisti<\/strong>ma \u00e8 prudente prendere <strong>misure di sicurezza standard<\/strong>. Tenete al sicuro gli oggetti di valore, soprattutto nei luoghi affollati. Durante i safari, ascoltate sempre la vostra guida, che \u00e8 addestrata a garantire la vostra sicurezza nei confronti della fauna selvatica. Rispettate le usanze e le tradizioni locali, soprattutto quando visitate villaggi o siti religiosi. Vestitevi in modo conservativo e chiedete il permesso di fotografare le persone per mostrare rispetto per la cultura locale.<\/p>\n\n\n\n<figure class=\"wp-block-image size-large\"><img decoding=\"async\" src=\"https:\/\/safari-tours-africa.com\/wp-content\/uploads\/a-woman-in-a-burka-walking-through-the-outdoor-market-in-stone-town-1024x683.webp\" alt=\"Tanzania, Zanzibar - 6\/10\/2018: una donna con il burqa cammina nel mercato all&#039;aperto di Stone Town.\" class=\"wp-image-1295\"\/><figcaption class=\"wp-element-caption\">Le strade di Stone Town<\/figcaption><\/figure>\n\n\n\n<h2 class=\"wp-block-heading\">Ho bisogno di un visto per entrare in Tanzania?<\/h2>\n\n\n\n<p>La Tanzania \u00e8 raggiungibile con voli internazionali all'aeroporto internazionale Julius Nyerere (Dar es Salaam) e all'aeroporto internazionale del Kilimanjaro (Arusha). <strong>I requisiti per il visto variano<\/strong>Per questo motivo, prima di partire, \u00e8 necessario informarsi presso l'ambasciata o il consolato tanzaniano del proprio Paese. I voli nazionali collegano le principali destinazioni, mentre le dala-dala<strong> <\/strong>(minibus) e boda-bodas<strong> <\/strong>(mototaxi) offrono il trasporto locale. Per i viaggi pi\u00f9 lunghi o i safari, si consigliano veicoli privati o tour organizzati.<\/p>\n\n\n\n<figure class=\"wp-block-image size-large\"><img decoding=\"async\" src=\"https:\/\/safari-tours-africa.com\/wp-content\/uploads\/usa-visa-in-a-passport-background-1024x683.webp\" alt=\"Visto USA sullo sfondo del passaporto\" class=\"wp-image-1296\"\/><figcaption class=\"wp-element-caption\">Verificate i requisiti per il visto per il vostro paese prima del viaggio.<\/figcaption><\/figure>\n\n\n\n<h2 class=\"wp-block-heading\">Com'\u00e8 il trasporto locale in Tanzania?<\/h2>\n\n\n\n<p>Per vivere l'autentica esperienza della Tanzania, i mezzi di trasporto locali come <strong>dala-dala e boda-boda<\/strong> offrono uno scorcio di vita quotidiana. Tuttavia, per comodit\u00e0 e convenienza, soprattutto quando si viaggia verso destinazioni safari remote, sono preferibili veicoli o voli privati. Le infrastrutture della Tanzania supportano una serie di opzioni di trasporto che soddisfano preferenze e budget diversi.<\/p>\n\n\n\n<figure class=\"wp-block-image size-large\"><img loading=\"lazy\" decoding=\"async\" width=\"1024\" height=\"683\" src=\"https:\/\/safari-tours-africa.com\/wp-content\/uploads\/rear-view-of-bus-traveling-on-dirt-road-1024x683.webp\" alt=\"Vista posteriore di un autobus che viaggia su una strada sterrata, Tanzania, Africa\" class=\"wp-image-1290\" srcset=\"https:\/\/safari-tours-africa.com\/wp-content\/uploads\/rear-view-of-bus-traveling-on-dirt-road-1024x683.webp 1024w, https:\/\/safari-tours-africa.com\/wp-content\/uploads\/rear-view-of-bus-traveling-on-dirt-road-300x200.webp 300w, https:\/\/safari-tours-africa.com\/wp-content\/uploads\/rear-view-of-bus-traveling-on-dirt-road-768x512.webp 768w, https:\/\/safari-tours-africa.com\/wp-content\/uploads\/rear-view-of-bus-traveling-on-dirt-road-1536x1024.webp 1536w, https:\/\/safari-tours-africa.com\/wp-content\/uploads\/rear-view-of-bus-traveling-on-dirt-road-2048x1365.webp 2048w, https:\/\/safari-tours-africa.com\/wp-content\/uploads\/rear-view-of-bus-traveling-on-dirt-road-18x12.webp 18w\" sizes=\"auto, (max-width: 1024px) 100vw, 1024px\" \/><figcaption class=\"wp-element-caption\">Un minibus in viaggio su una strada sterrata in Tanzania<\/figcaption><\/figure>\n\n\n\n<h2 class=\"wp-block-heading\">Quali sono le possibilit\u00e0 di alloggio in Tanzania?<\/h2>\n\n\n\n<p>Dai lodge di lusso nel cuore del bush ai resort sulla spiaggia della costa Swahili, la Tanzania \u00e8 in grado di soddisfare le esigenze di tutti i visitatori. <strong>tutti i gusti e i budget<\/strong>. Le sistemazioni per i safari vanno dai campi tendati che offrono un'intima connessione con la natura agli opulenti lodge con servizi di prima classe. A Zanzibar e in altre zone costiere, resort e hotel offrono relax e varie attivit\u00e0 acquatiche.<\/p>\n\n\n\n<figure class=\"wp-block-image size-full\"><img loading=\"lazy\" decoding=\"async\" width=\"1024\" height=\"768\" src=\"https:\/\/safari-tours-africa.com\/wp-content\/uploads\/kon-tiki-serengeti-camp.webp\" alt=\"Campo Kon Tiki Serengeti\" class=\"wp-image-974\" srcset=\"https:\/\/safari-tours-africa.com\/wp-content\/uploads\/kon-tiki-serengeti-camp.webp 1024w, https:\/\/safari-tours-africa.com\/wp-content\/uploads\/kon-tiki-serengeti-camp-300x225.webp 300w, https:\/\/safari-tours-africa.com\/wp-content\/uploads\/kon-tiki-serengeti-camp-768x576.webp 768w, https:\/\/safari-tours-africa.com\/wp-content\/uploads\/kon-tiki-serengeti-camp-16x12.webp 16w\" sizes=\"auto, (max-width: 1024px) 100vw, 1024px\" \/><figcaption class=\"wp-element-caption\">Kon Tiki Serengeti Camp nel parco nazionale<\/figcaption><\/figure>\n\n\n\n<h2 class=\"wp-block-heading\">Cos'altro posso fare in Tanzania oltre a vedere la fauna selvatica?<\/h2>\n\n\n\n<p>I safari in Tanzania sono solo l'inizio. Il Paese offre esperienze diverse:<\/p>\n\n\n\n<ul class=\"wp-block-list\">\n<li><strong>Safari in mongolfiera:<\/strong> Con un safari in mongolfiera potrete ammirare il Serengeti a volo d'uccello. Il panorama sereno e maestoso delle pianure all'alba \u00e8 indimenticabile.<\/li>\n\n\n\n<li><strong>Interazioni culturali:<\/strong> Impegnarsi con le comunit\u00e0 locali, come i Masai, per capire il loro stile di vita. Questi scambi culturali arricchiscono e offrono prospettive.<\/li>\n\n\n\n<li><strong>Immersioni e snorkeling:<\/strong> Le acque limpide di Zanzibar e Mafia Island sono perfette per l'esplorazione subacquea. Le barriere coralline sono ricche di vita marina e offrono immersioni e snorkeling di livello mondiale.<\/li>\n\n\n\n<li><strong>Safari in barca:<\/strong> In parchi come Nyerere (Selous), i safari in barca offrono una prospettiva diversa sulla fauna selvatica. Osservare gli animali che si abbeverano a pelo d'acqua \u00e8 un'esperienza serena.<\/li>\n<\/ul>\n\n\n\n<figure class=\"wp-block-image size-full\"><img loading=\"lazy\" decoding=\"async\" width=\"2000\" height=\"1333\" src=\"https:\/\/safari-tours-africa.com\/wp-content\/uploads\/hot-air-balloon-floating-over-an-acacia-tree-in-serengeti-national-park-scaled.webp\" alt=\"Mongolfiera che fluttua sopra un albero di acacia nel Parco Nazionale del Serengeti.\" class=\"wp-image-907\"\/><figcaption class=\"wp-element-caption\">Mongolfiera sopra il Serengeti <\/figcaption><\/figure>\n\n\n\n<h2 class=\"wp-block-heading\">Com'\u00e8 il cibo?<\/h2>\n\n\n\n<p>La cucina tanzaniana \u00e8 un <strong>fusione di sapori africani, arabi e indiani<\/strong>. I prodotti base come l'Ugali e il Nyama Choma sono assolutamente da provare. La costa, in particolare Zanzibar, offre una vasta gamma di frutti di mare ed \u00e8 rinomata per le sue spezie. Assaggiare la cucina locale non significa solo nutrirsi, ma anche vivere la cultura.<\/p>\n\n\n\n<figure class=\"wp-block-image size-large\"><img decoding=\"async\" src=\"https:\/\/safari-tours-africa.com\/wp-content\/uploads\/street-food-forodhani-on-the-waterfront-1024x683.webp\" alt=\"Cibo di strada Forodhani sul lungomare, Stone town, Zanzibar.\" class=\"wp-image-1291\"\/><figcaption class=\"wp-element-caption\">Cibo di strada a Zanzibar<\/figcaption><\/figure>\n\n\n\n<h2 class=\"wp-block-heading\">Quali sono i consigli di galateo da seguire quando si \u00e8 in Tanzania?<\/h2>\n\n\n\n<p>Mentre <strong>La mancia non \u00e8 obbligatoria<\/strong>\u00c8 consuetudine che il servizio sia buono, soprattutto durante i safari e nei ristoranti. Comprensione e <strong>rispettare le usanze locali<\/strong>,<strong> <\/strong>Vestire in modo modesto e chiedere il permesso prima di scattare fotografie sono fondamentali per un'esperienza di viaggio rispettosa e arricchente.<\/p>\n\n\n\n<figure class=\"wp-block-image size-large\"><img loading=\"lazy\" decoding=\"async\" width=\"1024\" height=\"683\" src=\"https:\/\/safari-tours-africa.com\/wp-content\/uploads\/view-of-the-ngorongoro-crater-in-tanzania-1024x683.webp\" alt=\"Vista del cratere di Ngorongoro in Tanzania. Area di conservazione di Ngorongoro. Paesaggio africano. Guida che mostra qualcosa ai turisti\" class=\"wp-image-1297\" srcset=\"https:\/\/safari-tours-africa.com\/wp-content\/uploads\/view-of-the-ngorongoro-crater-in-tanzania-1024x683.webp 1024w, https:\/\/safari-tours-africa.com\/wp-content\/uploads\/view-of-the-ngorongoro-crater-in-tanzania-300x200.webp 300w, https:\/\/safari-tours-africa.com\/wp-content\/uploads\/view-of-the-ngorongoro-crater-in-tanzania-768x512.webp 768w, https:\/\/safari-tours-africa.com\/wp-content\/uploads\/view-of-the-ngorongoro-crater-in-tanzania-1536x1024.webp 1536w, https:\/\/safari-tours-africa.com\/wp-content\/uploads\/view-of-the-ngorongoro-crater-in-tanzania-2048x1365.webp 2048w, https:\/\/safari-tours-africa.com\/wp-content\/uploads\/view-of-the-ngorongoro-crater-in-tanzania-18x12.webp 18w\" sizes=\"auto, (max-width: 1024px) 100vw, 1024px\" \/><figcaption class=\"wp-element-caption\">Assicuratevi di rispettare le usanze locali<\/figcaption><\/figure>\n\n\n\n<h2 class=\"wp-block-heading\">Perch\u00e9 scegliere Safari Tours Africa per viaggiare in Tanzania?<\/h2>\n\n\n\n<p>La Tanzania offre un arazzo di paesaggi ed esperienze, dai drammatici spettacoli della fauna selvatica del Serengeti e di Ngorongoro alle serene spiagge di Zanzibar. \u00c8 una terra in cui ogni safari non \u00e8 solo un viaggio nella natura, ma un viaggio nell'anima dell'Africa.<\/p>\n\n\n\n<p>Con il suo ricco patrimonio culturale, la fauna selvatica e i paesaggi mozzafiato, la Tanzania promette un'avventura che catturer\u00e0 il vostro cuore e rimarr\u00e0 impressa nella vostra memoria per molto tempo dopo la fine del vostro viaggio. <a href=\"https:\/\/safari-tours-africa.com\/it\/tanzania\/\">safari in Tanzania<\/a>.<\/p>","protected":false},"excerpt":{"rendered":"<p>La Tanzania \u00e8 un Paese dai paesaggi diversi e dal ricco patrimonio, situato nell'Africa orientale. \u00c8 famosa per le sue vaste aree selvagge che includono le pianure del Parco Nazionale del Serengeti, una mecca del safari popolata dai Big Five (elefante, leone, leopardo, bufalo, rinoceronte), e il Parco Nazionale del Kilimanjaro, che ospita la montagna pi\u00f9 alta dell'Africa. Al largo si trovano le ... <a href=\"https:\/\/safari-tours-africa.com\/it\/tanzania-a-safari-destination\/\">Continua<\/a><\/p>","protected":false},"author":41,"featured_media":1285,"parent":0,"menu_order":0,"comment_status":"closed","ping_status":"closed","template":"","meta":{"_acf_changed":false,"footnotes":""},"class_list":["post-1184","page","type-page","status-publish","has-post-thumbnail","hentry"],"acf":{"page_subheading":"Dive into an in-depth guide about Tanzania's finest safari spots, cultural insights, and essential travel tips for an unforgettable adventure."},"_links":{"self":[{"href":"https:\/\/safari-tours-africa.com\/it\/wp-json\/wp\/v2\/pages\/1184","targetHints":{"allow":["GET"]}}],"collection":[{"href":"https:\/\/safari-tours-africa.com\/it\/wp-json\/wp\/v2\/pages"}],"about":[{"href":"https:\/\/safari-tours-africa.com\/it\/wp-json\/wp\/v2\/types\/page"}],"author":[{"embeddable":true,"href":"https:\/\/safari-tours-africa.com\/it\/wp-json\/wp\/v2\/users\/41"}],"replies":[{"embeddable":true,"href":"https:\/\/safari-tours-africa.com\/it\/wp-json\/wp\/v2\/comments?post=1184"}],"version-history":[{"count":12,"href":"https:\/\/safari-tours-africa.com\/it\/wp-json\/wp\/v2\/pages\/1184\/revisions"}],"predecessor-version":[{"id":1357,"href":"https:\/\/safari-tours-africa.com\/it\/wp-json\/wp\/v2\/pages\/1184\/revisions\/1357"}],"wp:featuredmedia":[{"embeddable":true,"href":"https:\/\/safari-tours-africa.com\/it\/wp-json\/wp\/v2\/media\/1285"}],"wp:attachment":[{"href":"https:\/\/safari-tours-africa.com\/it\/wp-json\/wp\/v2\/media?parent=1184"}],"curies":[{"name":"wp","href":"https:\/\/api.w.org\/{rel}","templated":true}]}}