{"id":39,"date":"2023-01-16T13:14:25","date_gmt":"2023-01-16T13:14:25","guid":{"rendered":"https:\/\/safari-tours-africa.com\/about-us\/"},"modified":"2024-01-18T14:29:36","modified_gmt":"2024-01-18T14:29:36","slug":"chi-siamo","status":"publish","type":"page","link":"https:\/\/safari-tours-africa.com\/it\/about-us\/","title":{"rendered":"Chi siamo"},"content":{"rendered":"<p>A <a href=\"https:\/\/world-discovery.com\/\">Scoperta del mondo<\/a>La nostra storia \u00e8 sempre stata molto pi\u00f9 che tracciare rotte su una mappa. \u00c8 una storia di passione, curiosit\u00e0 e ricerca incessante dell'ignoto. Nata nel ricco arazzo di storia e cultura dell'Europa, la nostra agenzia si \u00e8 evoluta nel corso degli anni, abbracciando vari aspetti del viaggio globale.<\/p>\n\n\n\n<p>La nostra esperienza abbraccia un caleidoscopio di destinazioni e ogni viaggio segna un nuovo capitolo della nostra avventura collettiva. Ora, mentre volgiamo la bussola verso l'Africa, ci troviamo al culmine di un nuovo, esaltante capitolo della nostra odissea di esplorazione.<\/p>\n\n\n\n<figure class=\"wp-block-image size-full\"><img loading=\"lazy\" decoding=\"async\" width=\"2000\" height=\"1332\" src=\"https:\/\/safari-tours-africa.com\/wp-content\/uploads\/hiker-on-chogoria-route-scaled.webp\" alt=\"Vista posteriore di un gruppo di escursionisti che cammina lungo un fiume sulla Chogoria Route, Monte Kenya, Kenya\" class=\"wp-image-927\"\/><figcaption class=\"wp-element-caption\">L'Africa: una terra dai molteplici gioielli<\/figcaption><\/figure>\n\n\n\n<h3 class=\"wp-block-heading\">Africa: Una tela di cruda bellezza<\/h3>\n\n\n\n<p>L'Africa \u00e8 sempre stata una fonte di ispirazione per noi di World Discovery. La sua bellezza cruda e senza filtri e il suo ricco arazzo di paesaggi e culture richiamano i veri esploratori. Abbiamo scelto di concentrarci sui safari, e non sulle fughe di lusso, perch\u00e9 crediamo che <strong>presentare l'Africa nella sua forma pi\u00f9 vera<\/strong>.<\/p>\n\n\n\n<p>Dalle ampie savane del Kenya e della Tanzania all'aspra natura selvaggia dell'Uganda e ai diversi biomi del Sudafrica, ogni destinazione offre una finestra unica su un mondo in cui la natura regna ancora sovrana.<\/p>\n\n\n\n<figure class=\"wp-block-image size-full\"><img loading=\"lazy\" decoding=\"async\" width=\"2000\" height=\"1329\" src=\"https:\/\/safari-tours-africa.com\/wp-content\/uploads\/mount-kenya-scaled.webp\" alt=\"Panorama del Monte Kenya,\" class=\"wp-image-916\"\/><figcaption class=\"wp-element-caption\">La cruda bellezza dell'Africa<\/figcaption><\/figure>\n\n\n\n<p>Le nostre avventure di safari sono pensate per immergere i nostri clienti nel cuore dell'Africa. Vi portiamo oltre l'ordinario, offrendovi la possibilit\u00e0 di attraversare con leggerezza ecosistemi rimasti immutati da millenni.&nbsp;<\/p>\n\n\n\n<p>La nostra visione \u00e8 quella di facilitare un <strong>un legame reale con il continente<\/strong> - la sua fauna, i suoi paesaggi e la sua gente, permettendovi di vivere l'Africa come \u00e8 veramente: selvaggia, libera e mozzafiato.<\/p>\n\n\n\n<h3 class=\"wp-block-heading\">La nostra forza: Competenza e partnership affidabili<\/h3>\n\n\n\n<p>La forza di World Discovery risiede nella nostra competenza e nel <strong>la nostra capacit\u00e0 di individuare le esperienze di safari pi\u00f9 affidabili e autentiche<\/strong>. Siamo consapevoli che l'essenza di un grande safari non risiede solo nella destinazione, ma anche nel viaggio e nelle persone che vi guidano.<\/p>\n\n\n\n<p>Il nostro approccio alla selezione dei partner \u00e8 meticoloso e si basa su una profonda comprensione di ci\u00f2 che rende eccezionale un'esperienza di safari.<\/p>\n\n\n\n<p>Il nostro team, con la sua vasta esperienza nel settore dei viaggi, valuta meticolosamente ogni potenziale partner e opportunit\u00e0 di safari, attingendo a un patrimonio di conoscenze e intuizioni attraverso un'analisi dei rischi. <strong>processo approfondito <\/strong>che rispecchiano la diligenza e l'attenzione che si pu\u00f2 avere durante un viaggio attraverso i maestosi paesaggi africani.<\/p>\n\n\n\n<figure class=\"wp-block-image size-full\"><img loading=\"lazy\" decoding=\"async\" width=\"2000\" height=\"1333\" src=\"https:\/\/safari-tours-africa.com\/wp-content\/uploads\/maasai-mara-men-dancing-scaled.webp\" alt=\"Uomo del Mara Maasai che mostra la tradizionale danza del salto dei Maasai\" class=\"wp-image-864\"\/><figcaption class=\"wp-element-caption\">Uomini Maasai locali<\/figcaption><\/figure>\n\n\n\n<p>Ci addentriamo nelle operazioni dei nostri partner, valutando i loro canali di assistenza clienti, la loro capacit\u00e0 organizzativa e l'affidabilit\u00e0 complessiva. Il nostro team si confronta con i responsabili, esaminando le loro offerte per assicurarsi che soddisfino le nostre esigenze. <strong>standard elevati<\/strong>.<\/p>\n\n\n\n<p>Quando curiamo il vostro safari, lo facciamo con la precisione e la cura di chi sa cosa rende un'avventura africana davvero speciale. Il nostro processo di selezione si basa su ricerche approfondite, sul feedback dei clienti e sulla stretta comunicazione con gli esperti locali.<\/p>\n\n\n\n<p>Questo ci permette di scegliere esperienze di safari che offrono <strong>autenticit\u00e0 e incontri ineguagliabili<\/strong> con la fauna e la cultura africane.<\/p>\n\n\n\n<h3 class=\"wp-block-heading\">I nostri partner locali<\/h3>\n\n\n\n<p>I nostri partner in Africa sono pi\u00f9 che semplici operatori: sono custodi della terra e ambasciatori della loro cultura. Sono <strong>locali<\/strong> che vivono e respirano la natura selvaggia africana, con storie e approfondimenti che arricchiscono ogni safari.<\/p>\n\n\n\n<p>Scegliendo di lavorare con loro, ci assicuriamo che i nostri clienti non solo godano di un'autentica esperienza africana, ma contribuiscano anche alla conservazione di questi magnifici paesaggi e delle comunit\u00e0 che li chiamano casa.<\/p>\n\n\n\n<figure class=\"wp-block-image size-large is-resized\"><img loading=\"lazy\" decoding=\"async\" width=\"1024\" height=\"1024\" src=\"https:\/\/safari-tours-africa.com\/wp-content\/uploads\/our-kenyan-safari-ride-1-1024x1024.webp\" alt=\"Il nostro safari in Kenya\" class=\"wp-image-830\" style=\"width:1189px;height:auto\" srcset=\"https:\/\/safari-tours-africa.com\/wp-content\/uploads\/our-kenyan-safari-ride-1-1024x1024.webp 1024w, https:\/\/safari-tours-africa.com\/wp-content\/uploads\/our-kenyan-safari-ride-1-300x300.webp 300w, https:\/\/safari-tours-africa.com\/wp-content\/uploads\/our-kenyan-safari-ride-1-150x150.webp 150w, https:\/\/safari-tours-africa.com\/wp-content\/uploads\/our-kenyan-safari-ride-1-768x767.webp 768w, https:\/\/safari-tours-africa.com\/wp-content\/uploads\/our-kenyan-safari-ride-1-12x12.webp 12w, https:\/\/safari-tours-africa.com\/wp-content\/uploads\/our-kenyan-safari-ride-1.webp 1482w\" sizes=\"auto, (max-width: 1024px) 100vw, 1024px\" \/><figcaption class=\"wp-element-caption\">Cerchiamo di stringere partnership solide con i fornitori locali.<\/figcaption><\/figure>\n\n\n\n<h3 class=\"wp-block-heading\">Scoprite l'Africa (e il mondo) con noi!<\/h3>\n\n\n\n<p>Con World Discovery di Safari Tours Africa, il vostro safari africano sar\u00e0 un viaggio nell'anima del continente pi\u00f9 affascinante del mondo. Che stiate inseguendo i gorilla nelle nebbiose foreste dell'Uganda, assistendo alla Grande Migrazione in Kenya e Tanzania o esplorando i diversi ecosistemi del Sudafrica, vi promettiamo un'avventura che vi lascer\u00e0 ricordi da conservare per tutta la vita.<\/p>\n\n\n\n<p>Unitevi a noi in questo viaggio di scoperta. Esplora le nostre esperienze di safari curate in <a href=\"https:\/\/safari-tours-africa.com\/it\/uganda\/\">Uganda<\/a>, <a href=\"https:\/\/safari-tours-africa.com\/it\/sudafrica\/\">Sudafrica<\/a>, <a href=\"https:\/\/safari-tours-africa.com\/it\/kenya\/\">Kenya<\/a>, e <a href=\"https:\/\/safari-tours-africa.com\/it\/tanzania\/\">Tanzania<\/a>e immergetevi in un mondo in cui ogni momento \u00e8 una storia in attesa di essere raccontata. Mettetevi in contatto con noi oggi stesso e partite per un'avventura indimenticabile nel cuore dell'Africa con <a href=\"https:\/\/safari-tours-africa.com\/it\/\">Tour Safari Africa<\/a>.<\/p>","protected":false},"excerpt":{"rendered":"<p>In World Discovery, la nostra storia \u00e8 sempre stata molto pi\u00f9 che tracciare rotte su una mappa. \u00c8 una storia di passione, curiosit\u00e0 e ricerca incessante dell'ignoto. Nata nel ricco arazzo di storia e cultura dell'Europa, la nostra agenzia si \u00e8 evoluta nel corso degli anni, abbracciando vari aspetti del viaggio globale. La nostra esperienza abbraccia un ... <a href=\"https:\/\/safari-tours-africa.com\/it\/about-us\/\">Continua<\/a><\/p>","protected":false},"author":41,"featured_media":930,"parent":0,"menu_order":0,"comment_status":"closed","ping_status":"closed","template":"","meta":{"_acf_changed":false,"footnotes":""},"class_list":["post-39","page","type-page","status-publish","has-post-thumbnail","hentry"],"acf":{"page_subheading":"Discover Africa with World Discovery: Expertly curated safari adventures that blend authenticity with our extensive travel industry experience."},"_links":{"self":[{"href":"https:\/\/safari-tours-africa.com\/it\/wp-json\/wp\/v2\/pages\/39","targetHints":{"allow":["GET"]}}],"collection":[{"href":"https:\/\/safari-tours-africa.com\/it\/wp-json\/wp\/v2\/pages"}],"about":[{"href":"https:\/\/safari-tours-africa.com\/it\/wp-json\/wp\/v2\/types\/page"}],"author":[{"embeddable":true,"href":"https:\/\/safari-tours-africa.com\/it\/wp-json\/wp\/v2\/users\/41"}],"replies":[{"embeddable":true,"href":"https:\/\/safari-tours-africa.com\/it\/wp-json\/wp\/v2\/comments?post=39"}],"version-history":[{"count":4,"href":"https:\/\/safari-tours-africa.com\/it\/wp-json\/wp\/v2\/pages\/39\/revisions"}],"predecessor-version":[{"id":963,"href":"https:\/\/safari-tours-africa.com\/it\/wp-json\/wp\/v2\/pages\/39\/revisions\/963"}],"wp:featuredmedia":[{"embeddable":true,"href":"https:\/\/safari-tours-africa.com\/it\/wp-json\/wp\/v2\/media\/930"}],"wp:attachment":[{"href":"https:\/\/safari-tours-africa.com\/it\/wp-json\/wp\/v2\/media?parent=39"}],"curies":[{"name":"wp","href":"https:\/\/api.w.org\/{rel}","templated":true}]}}