{"id":1172,"date":"2024-01-22T15:31:09","date_gmt":"2024-01-22T15:31:09","guid":{"rendered":"https:\/\/safari-tours-africa.com\/?page_id=1172"},"modified":"2024-01-23T17:26:49","modified_gmt":"2024-01-23T17:26:49","slug":"kenya-en-safaridestinasjon","status":"publish","type":"page","link":"https:\/\/safari-tours-africa.com\/nb\/kenya-a-safari-destination\/","title":{"rendered":"Kenya: En safari-destinasjon"},"content":{"rendered":"<p>Kenya, som ligger i <strong>hjertet av \u00d8st-Afrika<\/strong>er et land der naturskj\u00f8nnhet m\u00f8ter eventyr. Det er et reisem\u00e5l som er kjent for sitt mangfoldige dyreliv og landskap, fra flamingosj\u00f8ene i Great Rift Valley til de dyrerike <a href=\"https:\/\/safari-tours-africa.com\/nb\/safariturer\/3-day-enkorok-mara-camp-safari\/\">Maasai Mara<\/a>.<\/p>\n\n\n\n<p>Det er et land der tradisjonell kultur er vevd inn i det moderne livet, fra de travle gatene i Nairobi til de pastorale stammene i det nordlige grenselandet. Med sine uber\u00f8rte strender, fjellandskap og rike dyreliv byr Kenya p\u00e5 et rikt utvalg av opplevelser for alle reisende som \u00f8nsker \u00e5 utforske Afrikas naturlige underverk og kulturelle dybder.<\/p>\n\n\n\n<figure class=\"wp-block-image size-full\"><img loading=\"lazy\" decoding=\"async\" width=\"2000\" height=\"1333\" src=\"https:\/\/safari-tours-africa.com\/wp-content\/uploads\/masai-mara-national-park-in-kenya-scaled.webp\" alt=\"Vill sjiraff og gnu i n\u00e6rheten av safaribil i Masai Mara nasjonalpark, Kenya. Safari-konsept. Afrikansk reiselandskap\" class=\"wp-image-863\"\/><figcaption class=\"wp-element-caption\">En safaritur i Kenya<\/figcaption><\/figure>\n\n\n\n<h2 class=\"wp-block-heading\">Hvilke steder i Kenya b\u00f8r jeg bes\u00f8ke p\u00e5 safari?<\/h2>\n\n\n\n<h3 class=\"wp-block-heading\">1. Masai Mara nasjonalreservat<\/h3>\n\n\n\n<p>Masai Mara er ikke bare et sted, men et skue i seg selv, og er synonymt med dyreliv og afrikansk safari. Det er den nordlige forlengelsen av Serengeti og hjemstedet til den spektakul\u00e6re <strong>Den store folkevandringen<\/strong>Her vandrer over en million gnuer, sebraer og gaseller over slettene p\u00e5 jakt etter nytt beite. Reservatet er ogs\u00e5 et eldorado for fotografer, og byr p\u00e5 muligheter til \u00e5 forevige <strong>De fem store<\/strong> i sitt naturlige habitat. Den <strong>Mara-elven<\/strong>med flodhester og krokodiller, noe som gir en dynamisk opplevelse.<\/p>\n\n\n\n<p>Bes\u00f8k nasjonalreservatet Masai Mara p\u00e5 turen til <a __bud_processed=\"\" href=\"https:\/\/safari-tours-africa.com\/nb\/safariturer\/3-day-masai-mara-ashnil-camp-safari\/\">3-dagers Masai Mara Ashnil Camp Safari<\/a>.<\/p>\n\n\n\n<figure class=\"wp-block-image size-full\"><img loading=\"lazy\" decoding=\"async\" width=\"2000\" height=\"1338\" src=\"https:\/\/safari-tours-africa.com\/wp-content\/uploads\/masai-mara-scaled.webp\" alt=\"Masai Mara, Kenya\" class=\"wp-image-1273\"\/><figcaption class=\"wp-element-caption\">Masai Mara nasjonalpark<\/figcaption><\/figure>\n\n\n\n<h3 class=\"wp-block-heading\">2. Hell's Gate nasjonalpark<\/h3>\n\n\n\n<p>Plassert i den <strong>Great Rift Valley<\/strong>Hell's Gate nasjonalpark byr p\u00e5 en safariopplevelse utenom det vanlige, med sin dramatiske geotermiske aktivitet og sitt unike dyreliv. Parken er et fristed for dyr som b\u00f8fler, sebraer og sjiraffer, og den rovdyrfrie statusen gj\u00f8r den ideell for fotturer og sykkelsafari blant sprudlende geysirer og ruvende klipper. Kjent for <strong>fjellklatring og fuglekikking<\/strong>Parken har over 100 arter, deriblant den sjeldne Verreaux-\u00f8rnen, og viser ogs\u00e5 frem harmonien mellom natur og fornybar energi ved Olkaria geotermiske stasjon.<\/p>\n\n\n\n<p>Bes\u00f8k Hell's Gate nasjonalpark p\u00e5 den <a href=\"https:\/\/safari-tours-africa.com\/nb\/safariturer\/7-day-best-of-kenya-safari\/\">7-dagers safari i det beste av Kenya<\/a>.<\/p>\n\n\n\n<figure class=\"wp-block-image size-large\"><img decoding=\"async\" src=\"https:\/\/safari-tours-africa.com\/wp-content\/uploads\/hells-gate-national-park-1-1024x576.webp\" alt=\"Imponerende Hell&#039;s gate nasjonalpark, Kenya\" class=\"wp-image-1324\"\/><figcaption class=\"wp-element-caption\">Det unike landskapet i Hell's Gate nasjonalpark<\/figcaption><\/figure>\n\n\n\n<h3 class=\"wp-block-heading\">3. Samburu nasjonalreservat<\/h3>\n\n\n\n<p>Samburu byr p\u00e5 en helt annen side av kenyansk safari, med sitt t\u00f8rre landskap og unike dyreliv. De <strong>Ewaso Ng'iro-elven<\/strong> er omr\u00e5dets livsnerve, tiltrekker seg en rekke dyreliv og huser en stor populasjon av <strong>Nilkrokodiller<\/strong>. Reservatet er hjemsted for arter som sjelden finnes andre steder, som den retikulerte sjiraffen og den somaliske strutsen, noe som gj\u00f8r det til en unik safaridestinasjon for dem som \u00f8nsker \u00e5 g\u00e5 utenfor allfarvei.<\/p>\n\n\n\n<p>Bes\u00f8k Samburu nasjonalreservat p\u00e5 <a href=\"https:\/\/safari-tours-africa.com\/nb\/safariturer\/4-day-samburu-flying-package\/\">4-dagers flypakke til Samburu<\/a>.<\/p>\n\n\n\n<figure class=\"wp-block-image size-full\"><img loading=\"lazy\" decoding=\"async\" width=\"2000\" height=\"1330\" src=\"https:\/\/safari-tours-africa.com\/wp-content\/uploads\/buffalo-in-samburu-scaled.webp\" alt=\"Buffalo\" class=\"wp-image-881\"\/><figcaption class=\"wp-element-caption\">En b\u00f8ffel som kj\u00f8ler seg ned i Samburu nasjonalreservat.<\/figcaption><\/figure>\n\n\n\n<h3 class=\"wp-block-heading\">4. Lake Nakuru nasjonalpark<\/h3>\n\n\n\n<p>En gang kjent for sine enorme <strong>flamingobestand<\/strong> Lake Nakuru, som maler innsj\u00f8en rosa, byr p\u00e5 et rikt biologisk mangfold p\u00e5 et kompakt omr\u00e5de. Parken er n\u00e5 et fristed for neshorn, og det finnes <strong>svarte og hvite neshorn<\/strong> trives her. Fra utsiktspunktene, som Lion Hill, har du panoramautsikt over innsj\u00f8en og de millioner av pelikaner og flamingoer ved bredden.<\/p>\n\n\n\n<p>Bes\u00f8k Lake Nakuru nasjonalpark p\u00e5 <a href=\"https:\/\/safari-tours-africa.com\/nb\/safariturer\/7-day-tree-hotel-samburu-nakuru-masai-lodge-centy-safari\/\">7-dagers safari med Tree Hotel Samburu-Nakuru-Masai Lodge Centy Safari<\/a>.<\/p>\n\n\n\n<figure class=\"wp-block-image size-full\"><img loading=\"lazy\" decoding=\"async\" width=\"2000\" height=\"1328\" src=\"https:\/\/safari-tours-africa.com\/wp-content\/uploads\/rhinos-in-lake-nakuru-national-park-scaled.webp\" alt=\"neshorn i nakuru-sj\u00f8en nasjonalpark, kenya\" class=\"wp-image-1272\"\/><figcaption class=\"wp-element-caption\">To neshorn ved Nakurusj\u00f8ens bredder<\/figcaption><\/figure>\n\n\n\n<h3 class=\"wp-block-heading\">5. Amboseli nasjonalpark<\/h3>\n\n\n\n<p>Amboseli byr p\u00e5 mer enn bare et bakteppe av den majestetiske <strong>Kilimanjaro<\/strong>. Det er en arena der du kan oppleve store elefantflokker som vandrer rundt med Afrikas h\u00f8yeste fjell som bakteppe. Parkens relativt <strong>liten st\u00f8rrelse og \u00e5pne sletter<\/strong> gj\u00f8r det enkelt \u00e5 f\u00e5 \u00f8ye p\u00e5 dyrelivet, og byr p\u00e5 intime m\u00f8ter med dyr som l\u00f8ver, geparder og utallige fuglearter. Observasjonsh\u00f8yden gir panoramautsikt over parken, spesielt ved solnedgang, og er et paradis for fotografer.<\/p>\n\n\n\n<figure class=\"wp-block-image size-large\"><img decoding=\"async\" src=\"https:\/\/safari-tours-africa.com\/wp-content\/uploads\/mount-kilimanjaro-with-an-elephant-walking-across-the-foreground-1024x576.webp\" alt=\"Kilimanjaro-fjellet med en elefant g\u00e5ende i forgrunnen. Amboseli nasjonalpark, Kenya.\" class=\"wp-image-1325\"\/><figcaption class=\"wp-element-caption\">En enslig elefant g\u00e5r foran Kilimanjaro-fjellet i Amboseli nasjonalpark.<\/figcaption><\/figure>\n\n\n\n<h3 class=\"wp-block-heading\">6. Tsavo \u00d8st og Vest nasjonalparker<\/h3>\n\n\n\n<p>Sammen utgj\u00f8r disse parkene <strong>et av verdens st\u00f8rste verneomr\u00e5der<\/strong>. Tsavo er et vilt og utemmet omr\u00e5de med uber\u00f8rt villmark. Tsavo \u00d8st er kjent for sine store flokker med st\u00f8vr\u00f8de elefanter, mens Tsavo Vest byr p\u00e5 et mer variert landskap med blant annet kilder, flodhester under vann ved Mzima Springs og lavastr\u00f8mmene i Shetani.<\/p>\n\n\n\n<figure class=\"wp-block-image size-large\"><img loading=\"lazy\" decoding=\"async\" width=\"1024\" height=\"683\" src=\"https:\/\/safari-tours-africa.com\/wp-content\/uploads\/zebras-in-tsavo-east-national-park-in-kenya-1024x683.webp\" alt=\"Sebraer i Tsavo East nasjonalpark i Kenya\" class=\"wp-image-1326\" srcset=\"https:\/\/safari-tours-africa.com\/wp-content\/uploads\/zebras-in-tsavo-east-national-park-in-kenya-1024x683.webp 1024w, https:\/\/safari-tours-africa.com\/wp-content\/uploads\/zebras-in-tsavo-east-national-park-in-kenya-300x200.webp 300w, https:\/\/safari-tours-africa.com\/wp-content\/uploads\/zebras-in-tsavo-east-national-park-in-kenya-768x512.webp 768w, https:\/\/safari-tours-africa.com\/wp-content\/uploads\/zebras-in-tsavo-east-national-park-in-kenya-1536x1024.webp 1536w, https:\/\/safari-tours-africa.com\/wp-content\/uploads\/zebras-in-tsavo-east-national-park-in-kenya-2048x1365.webp 2048w, https:\/\/safari-tours-africa.com\/wp-content\/uploads\/zebras-in-tsavo-east-national-park-in-kenya-18x12.webp 18w\" sizes=\"auto, (max-width: 1024px) 100vw, 1024px\" \/><figcaption class=\"wp-element-caption\">Tsamo er et utemmet villmarksomr\u00e5de.<\/figcaption><\/figure>\n\n\n\n<h2 class=\"wp-block-heading\">N\u00e5r er den beste tiden \u00e5 bes\u00f8ke Kenya?<\/h2>\n\n\n\n<p>Tidspunktet for bes\u00f8ket kan ha stor betydning for safariopplevelsen. Den <strong>t\u00f8rre m\u00e5neder fra juni til oktober <\/strong>er den beste perioden for \u00e5 se p\u00e5 dyr, da dyrene samler seg rundt vannkildene. Denne perioden sammenfaller ogs\u00e5 med den store vandringen i Masai Mara, et skue som tiltrekker seg naturentusiaster fra hele verden.<\/p>\n\n\n\n<p>For <strong>fuglekikkere<\/strong> og de som er interessert i frodige, naturskj\u00f8nne landskap, byr regntiden (november-desember og mars-mai) p\u00e5 en unik safariopplevelse med nyf\u00f8dte dyr og trekkfugler som fyller himmelen.<\/p>\n\n\n\n<figure class=\"wp-block-image size-full\"><img loading=\"lazy\" decoding=\"async\" width=\"2000\" height=\"1333\" src=\"https:\/\/safari-tours-africa.com\/wp-content\/uploads\/roller-bird-on-a-safari-in-kenya.webp\" alt=\"Lilla brystvals, Masai Mara, Kenya\" class=\"wp-image-866\"\/><figcaption class=\"wp-element-caption\">Den beste tiden \u00e5 bes\u00f8ke Kenya p\u00e5 avhenger av hva slags dyr du er ute etter \u00e5 se.<\/figcaption><\/figure>\n\n\n\n<h2 class=\"wp-block-heading\">Er Kenya trygt?<\/h2>\n\n\n\n<p>Selv om Kenya er et relativt trygt reisem\u00e5l for turister, er det viktig \u00e5 ta vanlige forholdsregler. Hold deg informert om de siste reiser\u00e5dene fra myndighetene. P\u00e5 safaridestinasjonene er sikkerhetstiltakene av st\u00f8rste viktighet, med <strong>erfarne guider og strenge parkregler<\/strong> for \u00e5 sikre en trygg opplevelse. I byer er det lurt \u00e5 unng\u00e5 omr\u00e5der som ikke er turistomr\u00e5der om natten, oppbevare verdisaker p\u00e5 en sikker m\u00e5te og v\u00e6re \u00e5rv\u00e5ken, som i alle andre storbyer rundt om i verden.<\/p>\n\n\n\n<figure class=\"wp-block-image size-large\"><img decoding=\"async\" src=\"https:\/\/safari-tours-africa.com\/wp-content\/uploads\/street-market-in-nairobi-streets-1024x683.webp\" alt=\"Gatemarked i Nairobis gater fra toppen av Kenyatta International Convention Centre.\" class=\"wp-image-1327\"\/><figcaption class=\"wp-element-caption\">Med vanlige forholdsregler er Kenya like trygt som et hvilket som helst annet land i den tredje verden.<\/figcaption><\/figure>\n\n\n\n<h2 class=\"wp-block-heading\">Trenger jeg visum for \u00e5 reise inn i Kenya?<\/h2>\n\n\n\n<p>Planlegging av innreisen til Kenya er avgj\u00f8rende for en smidig opplevelse. De fleste reisende ankommer gjennom <strong>Jomo Kenyatta internasjonale lufthavn<\/strong> i Nairobi. Det kreves visum for de fleste nasjonaliteter, og dette kan f\u00e5s p\u00e5 nettet gjennom <strong>eVisa-systemet<\/strong>. Prosessen er enkel, men det er lurt \u00e5 s\u00f8ke i god tid f\u00f8r du skal reise. S\u00f8rg for at passet ditt er gyldig i minst seks m\u00e5neder, og sjekk om landet ditt er en del av turistvisumprogrammet for \u00d8st-Afrika, som gir tilgang til flere land, et praktisk alternativ for dem som utforsker hele regionen.<\/p>\n\n\n\n<figure class=\"wp-block-image size-full\"><img loading=\"lazy\" decoding=\"async\" width=\"2000\" height=\"1333\" src=\"https:\/\/safari-tours-africa.com\/wp-content\/uploads\/usa-visa-in-a-passport-background-scaled.webp\" alt=\"USA-visum i passbakgrunn\" class=\"wp-image-1296\"\/><figcaption class=\"wp-element-caption\">Sjekk visumkravene for landet du reiser til i forkant av reisen.<\/figcaption><\/figure>\n\n\n\n<h2 class=\"wp-block-heading\">Hvordan er lokaltransporten i Kenya?<\/h2>\n\n\n\n<p>\u00c5 reise rundt i Kenya er en del av eventyret. <strong>Innenriksflyvninger<\/strong> forbinder storbyer og safaridestinasjoner, og er en rask og naturskj\u00f8nn m\u00e5te \u00e5 tilbakelegge store avstander p\u00e5. For de som er interessert i lokale opplevelser, er <strong>matatu-minibusser<\/strong> er et fargerikt og levende transportmiddel, selv om de ikke alltid f\u00f8lger strenge rutetider. Privat transport og drosjer er en mer komfortabel og sikker m\u00e5te \u00e5 navigere p\u00e5, spesielt i urbane omr\u00e5der. Hvis du \u00f8nsker en naturskj\u00f8nn og rolig reise, kan du ta toget mellom Nairobi og Mombasa, som byr p\u00e5 utsikt over landskapet og en smak av det lokale livet.<\/p>\n\n\n\n<figure class=\"wp-block-image size-large\"><img decoding=\"async\" src=\"https:\/\/safari-tours-africa.com\/wp-content\/uploads\/tuk-tuk-in-kenya-1024x640.webp\" alt=\"Utsikt fra passasjersetet n\u00e5r du kj\u00f8rer tuk tuk (trehjuls rickshaw) med en annen som kommer i motsatt retning p\u00e5 den andre siden av veien. Malindi, Kenya\" class=\"wp-image-1328\"\/><figcaption class=\"wp-element-caption\">Utsikt fra en tuk tuk i Kenya<\/figcaption><\/figure>\n\n\n\n<h2 class=\"wp-block-heading\">Hvilke overnattingsmuligheter finnes i Kenya?<\/h2>\n\n\n\n<p>Overnattingsmulighetene i Kenya er tilrettelagt for <strong>for enhver smak og ethvert budsjett<\/strong>. I byer som Nairobi og Mombasa finner du en rekke hoteller, fra internasjonale luksusmerker til lokale boutiquehoteller. Safarilodger og -camper i nasjonalparkene byr p\u00e5 en naturopplevelse med alt fra luksuri\u00f8se teltleirer til rustikke lodger. Strandelskere kan velge mellom feriesteder og gjestehus med fantastisk havutsikt og tilgang til uber\u00f8rte strender som Diani Beach. Eco-lodges er et godt valg for dem som er p\u00e5 jakt etter b\u00e6rekraftige og samfunnsengasjerte overnattingsmuligheter.<\/p>\n\n\n\n<figure class=\"wp-block-image size-large\"><img decoding=\"async\" src=\"https:\/\/safari-tours-africa.com\/wp-content\/uploads\/kenya-lodge-for-tourist-surrounded-by-the-jungle-1024x638.webp\" alt=\"Kenya Lodge for turister omringet av jungelen\" class=\"wp-image-1329\"\/><figcaption class=\"wp-element-caption\">Det finnes lodger med ulik levestandard i alle kenyanske parker.<\/figcaption><\/figure>\n\n\n\n<h2 class=\"wp-block-heading\">Hva annet kan jeg gj\u00f8re i Kenya i tillegg til \u00e5 se dyrelivet?<\/h2>\n\n\n\n<p>Kenya er et mangfoldig land, ikke bare n\u00e5r det gjelder dyreliv, men ogs\u00e5 n\u00e5r det gjelder kultur- og eventyropplevelser. I tillegg til tradisjonell safari kan de bes\u00f8kende oppleve lokale og lokale <strong>Maasai- og Samburu-samfunn<\/strong>og gir et innblikk i Kenyas rike kulturarv. Fuglekikking er spektakul\u00e6rt, spesielt ved innsj\u00f8ene i Rift Valley. For de eventyrlystne, <strong>safari i varmluftsballong<\/strong> gir et unikt perspektiv p\u00e5 Maasai Mara, og vannsport langs kysten passer for strandentusiaster. Bevaringssentre og reservater gir et innblikk i arbeidet med \u00e5 beskytte dyrelivet, noe som gj\u00f8r reisen til b\u00e5de en ferie og en l\u00e6rerik opplevelse.<\/p>\n\n\n\n<figure class=\"wp-block-image size-large is-resized\"><img loading=\"lazy\" decoding=\"async\" width=\"1024\" height=\"683\" src=\"https:\/\/safari-tours-africa.com\/wp-content\/uploads\/maasai-mara-man-showing-traditional-maasai-jumping-dance-1024x683.webp\" alt=\"Mann fra Maasai Mara viser tradisjonell hoppedans for masaier\" class=\"wp-image-1330\" style=\"width:1024px;height:auto\" srcset=\"https:\/\/safari-tours-africa.com\/wp-content\/uploads\/maasai-mara-man-showing-traditional-maasai-jumping-dance-1024x683.webp 1024w, https:\/\/safari-tours-africa.com\/wp-content\/uploads\/maasai-mara-man-showing-traditional-maasai-jumping-dance-300x200.webp 300w, https:\/\/safari-tours-africa.com\/wp-content\/uploads\/maasai-mara-man-showing-traditional-maasai-jumping-dance-768x512.webp 768w, https:\/\/safari-tours-africa.com\/wp-content\/uploads\/maasai-mara-man-showing-traditional-maasai-jumping-dance-1536x1024.webp 1536w, https:\/\/safari-tours-africa.com\/wp-content\/uploads\/maasai-mara-man-showing-traditional-maasai-jumping-dance-2048x1365.webp 2048w, https:\/\/safari-tours-africa.com\/wp-content\/uploads\/maasai-mara-man-showing-traditional-maasai-jumping-dance-18x12.webp 18w\" sizes=\"auto, (max-width: 1024px) 100vw, 1024px\" \/><figcaption class=\"wp-element-caption\">Lokalsamfunnet til det opprinnelige masai-folket<\/figcaption><\/figure>\n\n\n\n<h2 class=\"wp-block-heading\">Hvordan er maten?<\/h2>\n\n\n\n<p>Det kenyanske kj\u00f8kkenet gjenspeiler det kulturelle mangfoldet. <strong>Tradisjonelle retter<\/strong> som ugali, nyama choma og kachumbari byr p\u00e5 lokale smaker. <strong>Indisk og kystn\u00e6r p\u00e5virkning<\/strong> introduserer en rekke sj\u00f8matretter, karriretter og chapatis som beriker det kulinariske landskapet. Teplantasjene i h\u00f8ylandet produserer <strong>noen av verdens beste teer<\/strong>, et perfekt akkompagnement til et kenyansk m\u00e5ltid. Gatematboder og lokale spisesteder byr p\u00e5 en autentisk og rimelig matopplevelse, slik at bes\u00f8kende kan utforske landets kulinariske mangfold.<\/p>\n\n\n\n<figure class=\"wp-block-image size-large\"><img decoding=\"async\" src=\"https:\/\/safari-tours-africa.com\/wp-content\/uploads\/kenyan-nyama-choma-1024x610.webp\" alt=\"Kenyansk Nyama Choma\" class=\"wp-image-1331\"\/><figcaption class=\"wp-element-caption\">Den kenyanske spesialiteten - nyama choma<\/figcaption><\/figure>\n\n\n\n<h2 class=\"wp-block-heading\">Hva er noen tips om etikette n\u00e5r du er i Kenya?<\/h2>\n\n\n\n<p>\u00c5 forst\u00e5 lokale skikker og etikette kan gj\u00f8re reiseopplevelsen mye bedre. <strong>Vi setter pris p\u00e5 tips<\/strong> men ikke obligatorisk, med vanlige bel\u00f8p for guider, sj\u00e5f\u00f8rer og servicepersonell. Det er viktig \u00e5 opptre respektfullt, blant annet ved \u00e5 hilse og sp\u00f8rre om tillatelse f\u00f8r du tar bilder. Kle deg konservativt, spesielt n\u00e5r du bes\u00f8ker landsbygda eller religi\u00f8se steder. L\u00e6re en <strong>noen grunnleggende setninger p\u00e5 swahili <\/strong>kan berike kontakten med lokalbefolkningen og vise respekt for den lokale kulturen.<\/p>\n\n\n\n<figure class=\"wp-block-image size-large\"><img decoding=\"async\" src=\"https:\/\/safari-tours-africa.com\/wp-content\/uploads\/masai-kudu-horn-blowing-1024x679.webp\" alt=\"Masai Kudu hornbl\u00e5sing - Kenya\" class=\"wp-image-1332\"\/><figcaption class=\"wp-element-caption\">Opptre respektfullt overfor lokale skikker<\/figcaption><\/figure>\n\n\n\n<h2 class=\"wp-block-heading\">Hvorfor velge Safari Tours Africa for \u00e5 reise til Kenya?<\/h2>\n\n\n\n<p>N\u00e5r du velger Safari Tours Africa, velger du en opplevelse som er skreddersydd etter dine preferanser, noe som sikrer en s\u00f8ml\u00f8s og autentisk reise gjennom Kenyas landskap og dyreliv. Med partnerskap med de beste lokale operat\u00f8rene og en forpliktelse til personlig service, lover Safari Tours Africa et uforglemmelig eventyr, som forbinder deg med hjertet av dette pulserende og mangfoldige landet p\u00e5 v\u00e5r <a href=\"https:\/\/safari-tours-africa.com\/nb\/kenya\/\">Kenya-safari<\/a>.<\/p>","protected":false},"excerpt":{"rendered":"<p>Kenya, som ligger i hjertet av \u00d8st-Afrika, er et land der naturskj\u00f8nnhet m\u00f8ter eventyr. Det er et reisem\u00e5l som er kjent for sitt mangfoldige dyreliv og landskap, fra flamingosj\u00f8ene i Great Rift Valley til Maasai Mara med sitt rike dyreliv. Det er et land der tradisjonell kultur er vevd inn i det moderne livet, fra ... <a href=\"https:\/\/safari-tours-africa.com\/nb\/kenya-a-safari-destination\/\">Fortsetter<\/a><\/p>","protected":false},"author":41,"featured_media":896,"parent":0,"menu_order":0,"comment_status":"closed","ping_status":"closed","template":"","meta":{"_acf_changed":false,"footnotes":""},"class_list":["post-1172","page","type-page","status-publish","has-post-thumbnail","hentry"],"acf":{"page_subheading":"Uncover a comprehensive overview of Kenya's top safari destinations, wildlife highlights, and practical advice for a seamless travel experience."},"_links":{"self":[{"href":"https:\/\/safari-tours-africa.com\/nb\/wp-json\/wp\/v2\/pages\/1172","targetHints":{"allow":["GET"]}}],"collection":[{"href":"https:\/\/safari-tours-africa.com\/nb\/wp-json\/wp\/v2\/pages"}],"about":[{"href":"https:\/\/safari-tours-africa.com\/nb\/wp-json\/wp\/v2\/types\/page"}],"author":[{"embeddable":true,"href":"https:\/\/safari-tours-africa.com\/nb\/wp-json\/wp\/v2\/users\/41"}],"replies":[{"embeddable":true,"href":"https:\/\/safari-tours-africa.com\/nb\/wp-json\/wp\/v2\/comments?post=1172"}],"version-history":[{"count":5,"href":"https:\/\/safari-tours-africa.com\/nb\/wp-json\/wp\/v2\/pages\/1172\/revisions"}],"predecessor-version":[{"id":1336,"href":"https:\/\/safari-tours-africa.com\/nb\/wp-json\/wp\/v2\/pages\/1172\/revisions\/1336"}],"wp:featuredmedia":[{"embeddable":true,"href":"https:\/\/safari-tours-africa.com\/nb\/wp-json\/wp\/v2\/media\/896"}],"wp:attachment":[{"href":"https:\/\/safari-tours-africa.com\/nb\/wp-json\/wp\/v2\/media?parent=1172"}],"curies":[{"name":"wp","href":"https:\/\/api.w.org\/{rel}","templated":true}]}}