{"id":1176,"date":"2024-01-22T15:46:04","date_gmt":"2024-01-22T15:46:04","guid":{"rendered":"https:\/\/safari-tours-africa.com\/?page_id=1176"},"modified":"2024-01-23T17:08:09","modified_gmt":"2024-01-23T17:08:09","slug":"uganda-en-safaridestinasjon","status":"publish","type":"page","link":"https:\/\/safari-tours-africa.com\/nb\/uganda-a-safari-destination\/","title":{"rendered":"Uganda: En safari-destinasjon"},"content":{"rendered":"<p>Uganda er et land som virkelig legemliggj\u00f8r den r\u00e5 essensen av det afrikanske kontinentet. Det er et land der de <strong>Solfylte savanner m\u00f8ter frodige regnskoger.<\/strong>, og hvor den mektige Nilen gir liv til et utrolig mangfoldig \u00f8kosystem. Ugandas rike landskap spenner fra sn\u00f8dekte fjellkjeder til vidstrakte innsj\u00f8er og tett jungel.<\/p>\n\n\n\n<p>Det kulturelle mangfoldet, med over 56 stammer med hver sine unike skikker, spr\u00e5k og tradisjoner, byr p\u00e5 en unik opplevelse. <strong>rik mosaikk av kulturopplevelser<\/strong>. Fra adrenalinpumpende rafting p\u00e5 Nilen til rolige solnedganger over savannen - Uganda byr p\u00e5 oppdagelser og forundring ved hver eneste sving.<\/p>\n\n\n\n<figure class=\"wp-block-image size-full\"><img loading=\"lazy\" decoding=\"async\" width=\"2000\" height=\"1333\" src=\"https:\/\/safari-tours-africa.com\/wp-content\/uploads\/adult-female-gorilla-with-baby-scaled.webp\" alt=\"Voksen hunngorilla med baby, Gorilla beringei beringei, i det frodige l\u00f8vverket i Bwindi Impenetrable Forest, Uganda. Medlemmer av Muyambi-familiens tilvenningsgruppe i bevaringsprogrammet.\" class=\"wp-image-1234\"\/><figcaption class=\"wp-element-caption\">Uganda er f\u00f8rst og fremst kjent for gorillatrekking.<\/figcaption><\/figure>\n\n\n\n<h2 class=\"wp-block-heading\">Hvilke steder i Uganda b\u00f8r jeg bes\u00f8ke p\u00e5 safari?<\/h2>\n\n\n\n<h3 class=\"wp-block-heading\">1. Bwindi ugjennomtrengelig skog<\/h3>\n\n\n\n<p>A <strong>UNESCOs verdensarvliste<\/strong>Bwindi er ikke bare hjemsted for noe mindre enn <strong>halvparten av verdens fjellgorillaer. <\/strong>men er ogs\u00e5 tilfluktssted for elefanter, sjimpanser og ulike fuglearter. Det er en magisk opplevelse \u00e5 vandre gjennom denne eldgamle, t\u00e5kete skogen og tilbringe tid sammen med de blide kjempene. Skogens biologiske mangfold strekker seg langt utover de mest kjente innbyggerne, med over 120 pattedyrarter og over 350 fuglearter, noe som gj\u00f8r den til et viktig bevaringsomr\u00e5de.<\/p>\n\n\n\n<p>Bes\u00f8k Bwindi Impenetrable Forest p\u00e5 den <a href=\"https:\/\/safari-tours-africa.com\/nb\/safariturer\/3-day-uganda-gorilla-habituation-experience\/\">3-dagers gorilla-habituasjonsopplevelse i Uganda<\/a>.<\/p>\n\n\n\n<figure class=\"wp-block-image size-full\"><img loading=\"lazy\" decoding=\"async\" width=\"2000\" height=\"1203\" src=\"https:\/\/safari-tours-africa.com\/wp-content\/uploads\/landscape-in-southwestern-uganda-at-the-bwindi-impenetrable-forest-national-park-scaled.webp\" alt=\"Landskap i det s\u00f8rvestlige Uganda, i Bwindi Impenetrable Forest nasjonalpark, p\u00e5 grensen mellom Uganda, Kongo og Rwanda. Bwindi nasjonalpark er hjemstedet til fjellgorillaene.\" class=\"wp-image-1236\"\/><figcaption class=\"wp-element-caption\">Bwindi Impenetrable Forest er tilfluktssted for en stor koloni av fjellgorillaer.<\/figcaption><\/figure>\n\n\n\n<h3 class=\"wp-block-heading\">2. Dronning Elizabeth nasjonalpark<\/h3>\n\n\n\n<p>Parkens mangfoldige \u00f8kosystemer gj\u00f8r den til et mikrokosmos av den ugandiske safariopplevelsen. Parkens savanner, v\u00e5tmarker og skoger vrimler av dyreliv. Den unike <strong>l\u00f8ver som klatrer i tr\u00e6rne i Ishasha<\/strong>store b\u00f8ffel- og elefantflokker og de ber\u00f8mte b\u00e5tturene langs floden. <strong>Kazinga-kanalen<\/strong> gir et spektakul\u00e6rt innblikk i parkens biologiske mangfold. Parkens beliggenhet gir ogs\u00e5 fantastisk utsikt over Rwenzori-fjellene og kratersj\u00f8ene i regionen.<\/p>\n\n\n\n<p>Bes\u00f8k Queen Elizabeth nasjonalpark p\u00e5 <a href=\"https:\/\/safari-tours-africa.com\/nb\/safariturer\/12-day-uganda-safari\/\">12-dagers safari i Uganda<\/a>.<\/p>\n\n\n\n<figure class=\"wp-block-image size-full\"><img loading=\"lazy\" decoding=\"async\" width=\"2000\" height=\"1331\" src=\"https:\/\/safari-tours-africa.com\/wp-content\/uploads\/elephant-in-queen-elizabeth-national-park.webp\" alt=\"Elefant i Queen Elizabeth nasjonalpark, Uganda, \u00d8st-Afrika\" class=\"wp-image-1228\"\/><figcaption class=\"wp-element-caption\">En elefant i Queen Elizabeth nasjonalpark<\/figcaption><\/figure>\n\n\n\n<h3 class=\"wp-block-heading\">3. Kibale nasjonalpark<\/h3>\n\n\n\n<p>Denne parken er et av de beste stedene i Afrika for \u00e5 spore <strong>sjimpanser<\/strong>. Parkens 795 kvadratkilometer med regnskog, gressletter og sumpomr\u00e5der er ikke bare habitat for sjimpanser, men ogs\u00e5 for 13 andre primatarter, noe som gj\u00f8r parken til <strong>en av de mest mangfoldige og folkerike primatparkene i verden.<\/strong>. Fuglelivet i Kibale er ogs\u00e5 eksepsjonelt, med rundt 375 registrerte arter.<\/p>\n\n\n\n<p>Bes\u00f8k Kibale nasjonalpark p\u00e5 <a href=\"https:\/\/safari-tours-africa.com\/nb\/safariturer\/15-day-uganda-rwanda-combined-safari\/\">15-dagers kombinert safari i Uganda og Rwanda<\/a>.<\/p>\n\n\n\n<figure class=\"wp-block-image size-full\"><img loading=\"lazy\" decoding=\"async\" width=\"2000\" height=\"1333\" src=\"https:\/\/safari-tours-africa.com\/wp-content\/uploads\/two-chimps-sitting-on-the-ground-in-kibale-forest-scaled.webp\" alt=\"To sjimpanser sitter p\u00e5 bakken i Kibale-skogen.\" class=\"wp-image-1223\"\/><figcaption class=\"wp-element-caption\">Sjimpanser nyter hverandres selskap i Kibale nasjonalpark.<\/figcaption><\/figure>\n\n\n\n<h3 class=\"wp-block-heading\">4. Murchison Falls nasjonalpark<\/h3>\n\n\n\n<p>Oppkalt etter de dramatiske Murchison-fallene, der den<strong> Elven Nilen <\/strong>tvinger seg gjennom et trangt juv f\u00f8r den stuper 43 meter ned, og parken er <strong>Ugandas eldste og st\u00f8rste verneomr\u00e5de<\/strong>. Parkens vidstrakte landskap er hjemsted for <strong>76 pattedyrarter<\/strong>Her kan du se sjiraffer, b\u00f8fler, l\u00f8ver og leoparder. Selve Nilen byr p\u00e5 en av de beste fiskeopplevelsene i verden, spesielt etter nilabbor.<\/p>\n\n\n\n<p>Bes\u00f8k Murchison Falls nasjonalpark p\u00e5 <a href=\"https:\/\/safari-tours-africa.com\/nb\/safariturer\/12-day-uganda-safari\/\">12-dagers safari i Uganda<\/a>.<\/p>\n\n\n\n<figure class=\"wp-block-image size-full\"><img loading=\"lazy\" decoding=\"async\" width=\"2000\" height=\"1325\" src=\"https:\/\/safari-tours-africa.com\/wp-content\/uploads\/boat-near-murchison-falls-scaled.webp\" alt=\"Boot auf dem Nil vor den Murchison Falls Wasserf\u00e4llen\" class=\"wp-image-1265\"\/><figcaption class=\"wp-element-caption\">B\u00e5ttur til de fantastiske Murchison-fossene<\/figcaption><\/figure>\n\n\n\n<h3 class=\"wp-block-heading\">5. Lake Mburo nasjonalpark<\/h3>\n\n\n\n<p>Denne parken byr p\u00e5 en rolig safariopplevelse, <strong>vekk fra de store folkemengdene<\/strong> som finnes i andre parker. Det er det perfekte stedet for \u00e5 se sebra, eland og impala, i tillegg til et utrolig mangfold av fugler. Parkens varierte naturtyper med t\u00f8rre \u00e5ssider, steinete bergknauser, busker, kratt, \u00e5pne og skogkledde savanner, skoger, innsj\u00f8er og sumper gj\u00f8r parken til et <strong>f\u00f8rsteklasses beliggenhet for tursafari<\/strong>.<\/p>\n\n\n\n<p>Bes\u00f8k Lake Mburo nasjonalpark p\u00e5 <a href=\"https:\/\/safari-tours-africa.com\/nb\/safariturer\/15-day-uganda-rwanda-combined-safari\/\">15-dagers kombinert safari i Uganda og Rwanda<\/a>.<\/p>\n\n\n\n<figure class=\"wp-block-image size-full\"><img loading=\"lazy\" decoding=\"async\" width=\"2000\" height=\"1325\" src=\"https:\/\/safari-tours-africa.com\/wp-content\/uploads\/group-of-zebras-in-lake-mburo-national-park-in-uganda-scaled.webp\" alt=\"En gruppe sebraer i Lake Mburo nasjonalpark i Uganda.\" class=\"wp-image-1248\"\/><figcaption class=\"wp-element-caption\">Sebraer ved vannet i Mburo-sj\u00f8en<\/figcaption><\/figure>\n\n\n\n<h2 class=\"wp-block-heading\">N\u00e5r er den beste tiden \u00e5 bes\u00f8ke Uganda?<\/h2>\n\n\n\n<p>Den beste tiden for natursafari i Uganda er i den t\u00f8rre \u00e5rstiden. <strong>fra juni til august og desember til februar<\/strong>. Dyrelivet er generelt best \u00e5 se p\u00e5 denne tiden fordi vegetasjonen er mindre tett og dyrene samler seg rundt vannkilder. Ugandas frodige, gr\u00f8nne landskap er imidlertid p\u00e5 sitt vakreste i regntiden, og dette er ogs\u00e5 den beste tiden for fuglekikking n\u00e5r trekkfuglene er p\u00e5 plass.<\/p>\n\n\n\n<figure class=\"wp-block-image size-full\"><img loading=\"lazy\" decoding=\"async\" width=\"2000\" height=\"1073\" src=\"https:\/\/safari-tours-africa.com\/wp-content\/uploads\/nile-river-in-uganda-scaled.webp\" alt=\"Nilen, Uganda\" class=\"wp-image-1255\"\/><figcaption class=\"wp-element-caption\">Den optimale tiden for \u00e5 se dyreliv i Uganda er i de t\u00f8rre \u00e5rstidene.<\/figcaption><\/figure>\n\n\n\n<h2 class=\"wp-block-heading\">Er Uganda trygt?<\/h2>\n\n\n\n<p>Selv om Uganda generelt er et trygt reisem\u00e5l for turister, er det viktig \u00e5 f\u00f8lge generelle sikkerhetsregler, spesielt i st\u00f8rre byer. Sm\u00e5tyverier kan forekomme, s\u00e5 det er lurt \u00e5 v\u00e6re p\u00e5 vakt. <strong>oppbevar verdisaker p\u00e5 en sikker m\u00e5te <\/strong>og v\u00e6r oppmerksom p\u00e5 omgivelsene. N\u00e5r du er p\u00e5 safari, m\u00e5 du alltid lytte til guidens instruksjoner - de er oppl\u00e6rt til \u00e5 ivareta din sikkerhet i n\u00e6rheten av dyrelivet.<\/p>\n\n\n\n<figure class=\"wp-block-image size-large\"><img decoding=\"async\" src=\"https:\/\/safari-tours-africa.com\/wp-content\/uploads\/aerial-view-of-kampala-city-seen-from-gaddaffi-mosque-1024x683.webp\" alt=\"Flyfoto av Kampala City sett fra Gaddaffi-moskeen, Uganda\" class=\"wp-image-1315\"\/><figcaption class=\"wp-element-caption\">F\u00f8lg de vanlige sikkerhetsreglene i storbyer for \u00e5 unng\u00e5 sm\u00e5tyveri.<\/figcaption><\/figure>\n\n\n\n<h2 class=\"wp-block-heading\">Trenger jeg visum for \u00e5 reise inn i Uganda?<\/h2>\n\n\n\n<p>De fleste bes\u00f8kende til Uganda ankommer via Entebbe internasjonale lufthavn. Ulike nasjonaliteter kan s\u00f8ke om en <strong>e-visum eller visum ved ankomst<\/strong>. Det anbefales at du sjekker de nyeste visumkravene med offisielle kilder f\u00f8r du reiser. S\u00f8rg for at passet ditt er gyldig i minst seks m\u00e5neder etter planlagt avreise fra Uganda.<\/p>\n\n\n\n<figure class=\"wp-block-image size-full\"><img loading=\"lazy\" decoding=\"async\" width=\"2000\" height=\"1333\" src=\"https:\/\/safari-tours-africa.com\/wp-content\/uploads\/usa-visa-in-a-passport-background-scaled.webp\" alt=\"USA-visum i passbakgrunn\" class=\"wp-image-1296\"\/><figcaption class=\"wp-element-caption\">Sjekk visumkravene for landet du reiser til i forkant av reisen.<\/figcaption><\/figure>\n\n\n\n<h2 class=\"wp-block-heading\">Hvordan er lokaltransporten i Uganda?<\/h2>\n\n\n\n<p>Transport i Uganda varierer fra \u00e5 g\u00e5 og sykle i mer avsidesliggende omr\u00e5der til \u00e5 bruke <strong>matatus<\/strong> (delte minibusser) og <strong>boda-bodas<\/strong> (motorsykkeldrosjer) i urbane omr\u00e5der. For lengre avstander og turer til nasjonalparker er private kj\u00f8ret\u00f8y eller organiserte turer de mest praktiske og trygge alternativene.<\/p>\n\n\n\n<figure class=\"wp-block-image size-large\"><img decoding=\"async\" src=\"https:\/\/safari-tours-africa.com\/wp-content\/uploads\/public-transportation-in-uganda-683x1024.webp\" alt=\"Offentlig transport i Uganda\" class=\"wp-image-1316\"\/><figcaption class=\"wp-element-caption\">Lokal transport i Uganda<\/figcaption><\/figure>\n\n\n\n<h2 class=\"wp-block-heading\">Hvilke overnattingsmuligheter finnes i Uganda?<\/h2>\n\n\n\n<p>Overnattingsmulighetene i Uganda spenner fra luksuri\u00f8se lodger og teltleirer i hjertet av nasjonalparkene til backpackerherberger og gjestehus i byene. Mange av lodgene og campene byr p\u00e5 fantastisk utsikt, utmerket service og enkel tilgang til safariaktiviteter. Det finnes ogs\u00e5 \u00f8ko-lodges og samfunnsbaserte overnattingssteder for dem som \u00f8nsker en mer b\u00e6rekraftig og oppslukende opplevelse.<\/p>\n\n\n\n<figure class=\"wp-block-image size-large\"><img decoding=\"async\" src=\"https:\/\/safari-tours-africa.com\/wp-content\/uploads\/luxury-lodge-in-murchison-falls-national-park-1024x683.webp\" alt=\"Baderom i en luksuri\u00f8s lodge, Murchison Falls, Uganda.\" class=\"wp-image-1317\"\/><figcaption class=\"wp-element-caption\">Luksushytte i Murchison Falls nasjonalpark<\/figcaption><\/figure>\n\n\n\n<h2 class=\"wp-block-heading\">Hva annet kan jeg gj\u00f8re i Uganda i tillegg til \u00e5 se dyrelivet?<\/h2>\n\n\n\n<p>Ugandas mangfoldige landskap byr p\u00e5 en rekke aktiviteter utover de tradisjonelle safariturene. <strong>Fotturer med gorillaer og sjimpanser<\/strong> er blant de mest unike og ettertraktede opplevelsene. Landets innsj\u00f8er og elver egner seg ypperlig for <strong>fiske, b\u00e5tturer og rafting i fossende vann.<\/strong>. Kulturelle turer gir innblikk i lokale tradisjoner og livsstilen til Ugandas mange etniske grupper.<\/p>\n\n\n\n<figure class=\"wp-block-image size-full\"><img loading=\"lazy\" decoding=\"async\" width=\"2000\" height=\"1333\" src=\"https:\/\/safari-tours-africa.com\/wp-content\/uploads\/extreme-whitewater-rafting-in-jinja-scaled.webp\" alt=\"Ekstrem rafting i Jinja, Uganda, med rafting i ekstreme farvann\" class=\"wp-image-1210\"\/><figcaption class=\"wp-element-caption\">Rafting p\u00e5 elven Nilen med rafting i hvitt vann<\/figcaption><\/figure>\n\n\n\n<h2 class=\"wp-block-heading\">Hvordan er maten?<\/h2>\n\n\n\n<p>Det ugandiske kj\u00f8kkenet er like <strong>mangfoldig<\/strong> som sin kultur. Grunnleggende matvarer som matoke (kokte og moste gr\u00f8nne bananer), posho (maisgr\u00f8t) og luwombo (gryterett dampet i bananblader) serveres ofte sammen med kj\u00f8tt- og gr\u00f8nnsaksretter. Gatemat, som Rolex (chapati fylt med egg og gr\u00f8nnsaker), er et raskt og velsmakende alternativ n\u00e5r du er p\u00e5 farten.<\/p>\n\n\n\n<figure class=\"wp-block-image size-large\"><img decoding=\"async\" src=\"https:\/\/safari-tours-africa.com\/wp-content\/uploads\/ugandan-cuisine-1024x447.webp\" alt=\"Ugandisk mat p\u00e5 buffet\" class=\"wp-image-1318\"\/><figcaption class=\"wp-element-caption\">Ugandisk mat<\/figcaption><\/figure>\n\n\n\n<h2 class=\"wp-block-heading\">Hva er noen tips til etikette n\u00e5r du er i Uganda?<\/h2>\n\n\n\n<p><strong>Vi setter pris p\u00e5 tips<\/strong> i Uganda, spesielt n\u00e5r det gjelder god service i reiselivs- og hotellbransjen. Det er viktig \u00e5 respektere lokale skikker og tradisjoner, s\u00e6rlig n\u00e5r du bes\u00f8ker landsbygda og stammesamfunn. Hvis du l\u00e6rer deg noen f\u00e5 grunnleggende fraser p\u00e5 lokalspr\u00e5ket, kan du f\u00e5 en bedre kontakt med lokalbefolkningen, som ofte tar godt imot deg.<\/p>\n\n\n\n<figure class=\"wp-block-image size-large\"><img decoding=\"async\" src=\"https:\/\/safari-tours-africa.com\/wp-content\/uploads\/two-kids-walking-hugged-in-uganda-1024x683.webp\" alt=\"gutter som g\u00e5r arm i arm i Uganda, Afrika\" class=\"wp-image-1314\"\/><figcaption class=\"wp-element-caption\">Du kommer langt med \u00e5 respektere de lokale skikkene i Uganda.<\/figcaption><\/figure>\n\n\n\n<h2 class=\"wp-block-heading\">Hvorfor velge Safari Tours Africa for \u00e5 reise til Uganda?<\/h2>\n\n\n\n<p>Uganda byr p\u00e5 en unik blanding av dyreliv, eventyr og kultur. Fra adrenalinet p\u00e5 gorillatrekking til roen ved en solnedgang over Nilen, en <a href=\"https:\/\/safari-tours-africa.com\/nb\/uganda\/\">safari i Uganda<\/a> er en reise gjennom et levende og mangfoldig naturlandskap. Folks varme og kulturens rikdom tilf\u00f8rer dybde og farge til safariopplevelsen, noe som gj\u00f8r Uganda til et uforglemmelig reisem\u00e5l.<\/p>","protected":false},"excerpt":{"rendered":"<p>Uganda er et land som virkelig legemliggj\u00f8r den r\u00e5 essensen av det afrikanske kontinentet. Det er et land der solfylte savanner m\u00f8ter frodige regnskoger, og der den mektige elven Nilen gir liv til et utrolig mangfoldig \u00f8kosystem. Ugandas rike landskap spenner fra sn\u00f8dekte fjellkjeder til vidstrakte innsj\u00f8er og tette jungler. Det kulturelle ... <a href=\"https:\/\/safari-tours-africa.com\/nb\/uganda-a-safari-destination\/\">Fortsetter<\/a><\/p>","protected":false},"author":41,"featured_media":1284,"parent":0,"menu_order":0,"comment_status":"closed","ping_status":"closed","template":"","meta":{"_acf_changed":false,"footnotes":""},"class_list":["post-1176","page","type-page","status-publish","has-post-thumbnail","hentry"],"acf":{"page_subheading":"Explore Uganda's majestic wildlife, rich cultural heritage, and stunning landscapes with our in-depth guide, ensuring a transformative safari adventure."},"_links":{"self":[{"href":"https:\/\/safari-tours-africa.com\/nb\/wp-json\/wp\/v2\/pages\/1176","targetHints":{"allow":["GET"]}}],"collection":[{"href":"https:\/\/safari-tours-africa.com\/nb\/wp-json\/wp\/v2\/pages"}],"about":[{"href":"https:\/\/safari-tours-africa.com\/nb\/wp-json\/wp\/v2\/types\/page"}],"author":[{"embeddable":true,"href":"https:\/\/safari-tours-africa.com\/nb\/wp-json\/wp\/v2\/users\/41"}],"replies":[{"embeddable":true,"href":"https:\/\/safari-tours-africa.com\/nb\/wp-json\/wp\/v2\/comments?post=1176"}],"version-history":[{"count":5,"href":"https:\/\/safari-tours-africa.com\/nb\/wp-json\/wp\/v2\/pages\/1176\/revisions"}],"predecessor-version":[{"id":1322,"href":"https:\/\/safari-tours-africa.com\/nb\/wp-json\/wp\/v2\/pages\/1176\/revisions\/1322"}],"wp:featuredmedia":[{"embeddable":true,"href":"https:\/\/safari-tours-africa.com\/nb\/wp-json\/wp\/v2\/media\/1284"}],"wp:attachment":[{"href":"https:\/\/safari-tours-africa.com\/nb\/wp-json\/wp\/v2\/media?parent=1176"}],"curies":[{"name":"wp","href":"https:\/\/api.w.org\/{rel}","templated":true}]}}