{"id":1180,"date":"2024-01-22T16:27:34","date_gmt":"2024-01-22T16:27:34","guid":{"rendered":"https:\/\/safari-tours-africa.com\/?page_id=1180"},"modified":"2024-01-23T16:46:33","modified_gmt":"2024-01-23T16:46:33","slug":"sor-afrika-en-safaridestinasjon","status":"publish","type":"page","link":"https:\/\/safari-tours-africa.com\/nb\/south-africa-a-safari-destination\/","title":{"rendered":"S\u00f8r-Afrika: En safari-destinasjon"},"content":{"rendered":"<p>S\u00f8r-Afrika er en verden i ett land, en nasjon rik p\u00e5 mangfold, ikke bare n\u00e5r det gjelder mennesker og kultur, men ogs\u00e5 n\u00e5r det gjelder naturens underverker. Fra de ikoniske <strong>Taffelberget<\/strong> til det vidstrakte <strong>Kruger nasjonalpark<\/strong>Hvert hj\u00f8rne av S\u00f8r-Afrika forteller en historie.<\/p>\n\n\n\n<p>Landets komplekse historie, pulserende byer og fantastiske landskap gj\u00f8r det til et unikt reisem\u00e5l som passer for et bredt spekter av interesser og aktiviteter. Enten du nipper til god vin i Cape Winelands, utforsker de historiske slagmarkene eller drar p\u00e5 natursafari, har S\u00f8r-Afrika et stort utvalg av aktiviteter \u00e5 by p\u00e5. <strong>oppslukende og mangesidig opplevelse<\/strong>.<\/p>\n\n\n\n<figure class=\"wp-block-image size-full\"><img loading=\"lazy\" decoding=\"async\" width=\"2000\" height=\"857\" src=\"https:\/\/safari-tours-africa.com\/wp-content\/uploads\/giraffe-in-the-bush-of-kruger-national-park-south-africa-scaled.webp\" alt=\"Sjiraff i bushen i Kruger nasjonalpark i S\u00f8r-Afrika. Sjiraff ved daggry i Kruger nasjonalpark i S\u00f8r-Afrika.\" class=\"wp-image-1205\"\/><figcaption class=\"wp-element-caption\">Bes\u00f8k sjiraffer i Kruger nasjonalpark<\/figcaption><\/figure>\n\n\n\n<h2 class=\"wp-block-heading\">Hvilke steder i S\u00f8r-Afrika b\u00f8r jeg bes\u00f8ke p\u00e5 safari?<\/h2>\n\n\n\n<h3 class=\"wp-block-heading\">1. Kruger nasjonalpark og omkringliggende private reservater<\/h3>\n\n\n\n<p>Kruger nasjonalpark er hj\u00f8rnesteinen i s\u00f8rafrikansk safari. Dette enorme villmarksomr\u00e5det er hjemsted for et imponerende antall arter, inkludert <strong>De 5 store<\/strong>. Parkens tilgjengelighet og velutviklede infrastruktur gj\u00f8r den ideell for b\u00e5de f\u00f8rstegangs- og erfarne safariturister. Omgivelsene rundt parken, <strong>private reserver<\/strong> som Sabi Sands og Thornybush byr p\u00e5 eksklusive safariopplevelser, med luksuri\u00f8se lodger og guidede turer som gir intime m\u00f8ter med dyrelivet.<\/p>\n\n\n\n<p>Bes\u00f8k Kruger nasjonalpark og omgivelsene rundt p\u00e5 en <a href=\"https:\/\/safari-tours-africa.com\/nb\/safariturer\/5-day-panorama-route-to-kruger-national-park-safari\/\">5-dagers safari fra Panoramaruten til Kruger nasjonalpark<\/a>.<\/p>\n\n\n\n<figure class=\"wp-block-image size-full\"><img loading=\"lazy\" decoding=\"async\" width=\"2000\" height=\"1325\" src=\"https:\/\/safari-tours-africa.com\/wp-content\/uploads\/sunrise-at-kruger-national-park-scaled.webp\" alt=\"Soloppgang i Kruger nasjonalpark\" class=\"wp-image-1192\"\/><figcaption class=\"wp-element-caption\">Soloppgang over Kruger nasjonalpark<\/figcaption><\/figure>\n\n\n\n<h3 class=\"wp-block-heading\">2. Pilanesberg nasjonalpark<\/h3>\n\n\n\n<p>Pilanesberg nasjonalpark, som ligger i krateret til en gammel vulkan, byr p\u00e5 et unikt landskap og er et av de f\u00e5 stedene i S\u00f8r-Afrika der bes\u00f8kende kan se s\u00e5 godt som alle de fem store dyrene p\u00e5 \u00e9n gang. <strong>malariafritt milj\u00f8<\/strong>. Parkens n\u00e6rhet til Johannesburg og Sun City gj\u00f8r den til et praktisk valg for reisende som \u00f8nsker \u00e5 kombinere safari med andre fritidsaktiviteter.<\/p>\n\n\n\n<figure class=\"wp-block-image size-large\"><img decoding=\"async\" src=\"https:\/\/safari-tours-africa.com\/wp-content\/uploads\/beautiful-zebra-standing-on-dry-grass-at-pilanesberg-national-park-on-a-sunny-day-1024x731.webp\" alt=\"Vakker sebra st\u00e5r p\u00e5 t\u00f8rt gress i Pilanesberg nasjonalpark p\u00e5 en solrik dag.\" class=\"wp-image-1303\"\/><figcaption class=\"wp-element-caption\">Sebra i Pilanesberg nasjonalpark p\u00e5 en solrik dag<\/figcaption><\/figure>\n\n\n\n<h3 class=\"wp-block-heading\">3. Madikwe viltreservat<\/h3>\n\n\n\n<p>Lokalisert <strong>langs grensen til Botswana<\/strong> Madikwe Game Reserve er et paradis for dyrelivet, og er kjent for sin bevaringsinnsats. Reservatet er kjent for sin vellykkede <strong>avlsprogram for villhund<\/strong> og gir mulighet til \u00e5 se disse sjeldne rovdyrene i deres naturlige habitat. Madikwes mangfoldige \u00f8kosystemer er levested for en rekke forskjellige arter, noe som gir en rik safariopplevelse.<\/p>\n\n\n\n<figure class=\"wp-block-image size-large\"><img decoding=\"async\" src=\"https:\/\/safari-tours-africa.com\/wp-content\/uploads\/safari-game-drive-in-madikwe-reserve-1024x683.webp\" alt=\"To voksne elefanter, Loxdonta Africana, g\u00e5r p\u00e5 r\u00f8d sand. Sett fra baksiden. Safari i Madikwe-reservatet i S\u00f8r-Afrika, n\u00e6r Botswana og Kalahari-\u00f8rkenen. Den afrikanske elefanten er en del av Big Five.\" class=\"wp-image-1304\"\/><figcaption class=\"wp-element-caption\">Et par elefanter p\u00e5 vandring i Madikwe viltreservat.<\/figcaption><\/figure>\n\n\n\n<h3 class=\"wp-block-heading\">4. Eastern Cape-reservatene<\/h3>\n\n\n\n<p>Disse reservatene tilbyr en blanding av bekvemmelighet og dyreopplevelser, og mange av dem er <strong>malariafri og familievennlig<\/strong>. Eastern Cape er hjemsted for flere private reservater der bes\u00f8kende kan nyte en mer tilbaketrukket safariopplevelse samtidig som de har sjansen til \u00e5 se Big 5.<\/p>\n\n\n\n<figure class=\"wp-block-image size-large\"><img decoding=\"async\" src=\"https:\/\/safari-tours-africa.com\/wp-content\/uploads\/east-london-coast-nature-reserve-1024x683.webp\" alt=\"Steiner i Det indiske hav i naturreservatet East London Coast, \u00d8stkapp-provinsen, S\u00f8r-Afrika.\" class=\"wp-image-1305\"\/><figcaption class=\"wp-element-caption\">Kystutsikt over Eastern Cape Reserves<\/figcaption><\/figure>\n\n\n\n<h3 class=\"wp-block-heading\">5. Kalahari<\/h3>\n\n\n\n<p>Den halvt\u00f8rre savannen i Kalahari byr p\u00e5 et landskap som er helt annerledes enn den typiske buskvegetasjonen man forbinder med safari. Kgalagadi Transfrontier Park i Kalahari er kjent for sine <strong>r\u00f8d sand<\/strong>et unikt dyreliv, og den enest\u00e5ende opplevelsen av <strong>\u00f8rkensafari<\/strong>. Det er et sted der du kan oppleve naturen i sin mest r\u00e5 og utemmede form.<\/p>\n\n\n\n<figure class=\"wp-block-image size-large\"><img decoding=\"async\" src=\"https:\/\/safari-tours-africa.com\/wp-content\/uploads\/dune-rosse-del-kalahari-al-tramonto-stockpack-adobe-stock-1024x680.webp\" alt=\"dune rosse del kalahari al tramonto\" class=\"wp-image-1306\"\/><figcaption class=\"wp-element-caption\">Det r\u00f8de sandlandskapet i Kalahari<\/figcaption><\/figure>\n\n\n\n<h2 class=\"wp-block-heading\">N\u00e5r er den beste tiden \u00e5 bes\u00f8ke S\u00f8r-Afrika?<\/h2>\n\n\n\n<p>Det ideelle tidspunktet for \u00e5 bes\u00f8ke S\u00f8r-Afrika p\u00e5 safari er i l\u00f8pet av den<strong> T\u00f8rr sesong (mai til september)<\/strong>, da dyrelivet er lettere \u00e5 f\u00e5 \u00f8ye p\u00e5, ettersom dyrene samler seg rundt vannkilder. S\u00f8r-Afrikas varierte klima gj\u00f8r imidlertid at landet kan bes\u00f8kes \u00e5ret rundt. De <strong>Kapp-regionen<\/strong>I Norge er det for eksempel t\u00f8rketid i sommerm\u00e5nedene (november til februar), som er den beste tiden for \u00e5 nyte strender og utend\u00f8rsaktiviteter.<\/p>\n\n\n\n<figure class=\"wp-block-image size-full\"><img loading=\"lazy\" decoding=\"async\" width=\"2000\" height=\"1082\" src=\"https:\/\/safari-tours-africa.com\/wp-content\/uploads\/landscape-with-a-dirt-road-and-african-savanna-in-the-kruger-national-park-scaled.webp\" alt=\"Landskap med grusvei og afrikansk savanne i Kruger nasjonalpark i S\u00f8r-Afrika bilde i horisontalformat\" class=\"wp-image-1197\"\/><figcaption class=\"wp-element-caption\">T\u00f8rkesesongen varer fra mai til september i S\u00f8r-Afrika.<\/figcaption><\/figure>\n\n\n\n<h2 class=\"wp-block-heading\">Er S\u00f8r-Afrika trygt?<\/h2>\n\n\n\n<p>Selv om S\u00f8r-Afrika byr p\u00e5 rike reiseopplevelser, er det viktig \u00e5 v\u00e6re oppmerksom p\u00e5 sikkerheten, s\u00e6rlig i de st\u00f8rre byene. Det anbefales \u00e5 ta med <strong>standard forholdsregler<\/strong>Det er viktig \u00e5 holde verdisaker i sikkerhet og v\u00e6re oppmerksom p\u00e5 omgivelsene. I safariomr\u00e5der er det viktig \u00e5 f\u00f8lge veiledningen fra safariguider og lodgepersonale for \u00e5 sikre en trygg og hyggelig opplevelse.<\/p>\n\n\n\n<figure class=\"wp-block-image size-full\"><img loading=\"lazy\" decoding=\"async\" width=\"2000\" height=\"1043\" src=\"https:\/\/safari-tours-africa.com\/wp-content\/uploads\/nelson-mandela-bridge-and-johannesburg-city-at-sunset-scaled.webp\" alt=\"Nelson Mandela Bridge og Johannesburg by ved solnedgang\" class=\"wp-image-1189\"\/><figcaption class=\"wp-element-caption\">Utsikt over Johannesburg<\/figcaption><\/figure>\n\n\n\n<h2 class=\"wp-block-heading\">Trenger jeg visum for \u00e5 reise inn i S\u00f8r-Afrika?<\/h2>\n\n\n\n<p>S\u00f8r-Afrika har gode forbindelser med internasjonale flyplasser i storbyer som Johannesburg, Cape Town og Durban. Landet har en <strong>omfattende veinett<\/strong>noe som gj\u00f8r selvkj\u00f8ring til et popul\u00e6rt alternativ for utforskere. <strong>Visumkravene varierer avhengig av nasjonalitet<\/strong>, s\u00e5 det anbefales \u00e5 sjekke den nyeste informasjonen fra offisielle kilder f\u00f8r du planlegger reisen.<\/p>\n\n\n\n<figure class=\"wp-block-image size-full\"><img loading=\"lazy\" decoding=\"async\" width=\"2000\" height=\"1333\" src=\"https:\/\/safari-tours-africa.com\/wp-content\/uploads\/usa-visa-in-a-passport-background-scaled.webp\" alt=\"USA-visum i passbakgrunn\" class=\"wp-image-1296\"\/><figcaption class=\"wp-element-caption\">Sjekk visumkravene for landet du reiser til i forkant av reisen.<\/figcaption><\/figure>\n\n\n\n<h2 class=\"wp-block-heading\">Hvordan er lokaltransporten i S\u00f8r-Afrika?<\/h2>\n\n\n\n<p>S\u00f8r-Afrika tilbyr en rekke transportalternativer som passer for alle preferanser. Veiene i landet er generelt i god stand, noe som gj\u00f8r at <strong>selvkj\u00f8rende<\/strong> et levedyktig alternativ. For lengre avstander eller for \u00e5 n\u00e5 avsidesliggende safaridestinasjoner, <strong>innenriksflyvninger<\/strong> er tilgjengelige. I viltreservatene kj\u00f8res det i \u00e5pne safarikj\u00f8ret\u00f8yer som gir fri sikt til dyrelivet.<\/p>\n\n\n\n<figure class=\"wp-block-image size-large\"><img decoding=\"async\" src=\"https:\/\/safari-tours-africa.com\/wp-content\/uploads\/roads-in-south-africa-1024x571.webp\" alt=\"Liten karoo i S\u00f8r-Afrika, vei og fjell i bakgrunnen.\" class=\"wp-image-1307\"\/><figcaption class=\"wp-element-caption\">Veiene i S\u00f8r-Afrika er generelt i god stand.<\/figcaption><\/figure>\n\n\n\n<h2 class=\"wp-block-heading\">Hvilke overnattingsmuligheter finnes i S\u00f8r-Afrika?<\/h2>\n\n\n\n<p>Overnattingsmuligheter i S\u00f8r-Afrika <strong>tilfredsstiller enhver smak<\/strong>Her finner du alt fra luksuri\u00f8se safarilodger og boutiquehoteller til budsjettvennlige gjestehus og campingplasser. I safariomr\u00e5dene finnes det alt fra rustikke bushcamps til overd\u00e5dige lodger, som tilbyr en rekke opplevelser og fasiliteter.<\/p>\n\n\n\n<figure class=\"wp-block-image size-large\"><img decoding=\"async\" src=\"https:\/\/safari-tours-africa.com\/wp-content\/uploads\/row-of-thatch-roof-rondawel-huts-at-the-olifants-rest-camp-in-kruger-national-park-1024x705.webp\" alt=\"En rekke rondawel-hytter med str\u00e5tak i Olifants Rest Camp i Kruger nasjonalpark i S\u00f8r-Afrika.\" class=\"wp-image-1308\"\/><figcaption class=\"wp-element-caption\">Enkle overnattingssteder i Kruger nasjonalpark<\/figcaption><\/figure>\n\n\n\n<h2 class=\"wp-block-heading\">Hva annet kan jeg gj\u00f8re i S\u00f8r-Afrika i tillegg til \u00e5 se dyrelivet?<\/h2>\n\n\n\n<p>I tillegg til natursafari byr S\u00f8r-Afrika p\u00e5 et vell av aktiviteter og opplevelser. <strong>Kulturelle turer<\/strong> gir innblikk i landets historie og mangfoldige kulturer. Den naturskj\u00f8nne skj\u00f8nnheten p\u00e5 steder som <a href=\"https:\/\/safari-tours-africa.com\/nb\/safariturer\/4-day-panorama-route-to-kruger-national-park-safari\/\"><strong>Panorama-rute<\/strong><\/a> og Drakensberg-fjellene lokker naturelskere og eventyrlystne. For de som \u00f8nsker \u00e5 slappe av, er <strong>landets strender og ving\u00e5rder<\/strong> tilbyr en perfekt fluktmulighet.<\/p>\n\n\n\n<figure class=\"wp-block-image size-full\"><img loading=\"lazy\" decoding=\"async\" width=\"2000\" height=\"1125\" src=\"https:\/\/safari-tours-africa.com\/wp-content\/uploads\/panorama-route-south-africa-scaled.webp\" alt=\"Panorama Route South Africa, Blyde river canyon med de tre rondavels, utsikt over tre rondavels og Blyde river canyon i S\u00f8r-Afrika. Asiatiske kvinner og kaukasiske menn p\u00e5 ferie i S\u00f8r-Afrika.\" class=\"wp-image-900\"\/><figcaption class=\"wp-element-caption\">Utsikt fra Panorama Route i S\u00f8r-Afrika<\/figcaption><\/figure>\n\n\n\n<h2 class=\"wp-block-heading\">Hvordan er maten?<\/h2>\n\n\n\n<p>Det s\u00f8rafrikanske kj\u00f8kkenet er en <strong>gjenspeiler landets kulturelle mangfold<\/strong>. Den kulinariske scenen byr p\u00e5 alt fra tradisjonelle braais (grilling) og biltong (t\u00f8rket, speket kj\u00f8tt) til fine matopplevelser i Cape Winelands. Landet er ogs\u00e5 kjent for sine <strong>vin<\/strong>og regioner som Stellenbosch og Franschhoek er et must for vinentusiaster.<\/p>\n\n\n\n<figure class=\"wp-block-image size-large\"><img decoding=\"async\" src=\"https:\/\/safari-tours-africa.com\/wp-content\/uploads\/south-african-street-food-1024x683.webp\" alt=\"S\u00f8rafrikansk gatemat - grillede kyllingspyd og -f\u00f8tter\" class=\"wp-image-1309\"\/><figcaption class=\"wp-element-caption\">Gatemat i S\u00f8r-Afrika<\/figcaption><\/figure>\n\n\n\n<h2 class=\"wp-block-heading\">Hva er noen tips om etikette n\u00e5r du er i S\u00f8r-Afrika?<\/h2>\n\n\n\n<p><strong>Drikkepenger er vanlig <\/strong>i S\u00f8r-Afrika for god service i restauranter, safariguider og andre servicesektorer. \u00c5 forst\u00e5 lokale skikker, respektere milj\u00f8et og samarbeide med lokalsamfunnene p\u00e5 en ansvarlig m\u00e5te er avgj\u00f8rende for en positiv og innflytelsesrik reiseopplevelse.<\/p>\n\n\n\n<figure class=\"wp-block-image size-large\"><img decoding=\"async\" src=\"https:\/\/safari-tours-africa.com\/wp-content\/uploads\/safari-guide-in-south-africa-1024x683.webp\" alt=\"Safariguide i jeep med beroligende skilt ser p\u00e5 neshorn i naturen\" class=\"wp-image-1310\"\/><figcaption class=\"wp-element-caption\">Drikkepenger er h\u00f8yt verdsatt blant safariguider.<\/figcaption><\/figure>\n\n\n\n<h2 class=\"wp-block-heading\">Hvorfor velge Safari Tours Africa for \u00e5 reise til S\u00f8r-Afrika?<\/h2>\n\n\n\n<p>A <a href=\"https:\/\/safari-tours-africa.com\/nb\/sor-afrika\/\">safari i S\u00f8r-Afrika<\/a> er ikke bare en reise gjennom et paradis for dyreliv, men ogs\u00e5 en utforskning av et land som er fullt av historie, kultur og naturskj\u00f8nnhet. Fra det ikoniske Table Mountain til den dyrerike Kruger nasjonalpark - en s\u00f8rafrikansk safari byr p\u00e5 et eventyr uten sidestykke som kombinerer spenningen i naturen med varmen fra befolkningen.<\/p>","protected":false},"excerpt":{"rendered":"<p>S\u00f8r-Afrika er en verden i ett land, en nasjon rik p\u00e5 mangfold, ikke bare n\u00e5r det gjelder folk og kultur, men ogs\u00e5 n\u00e5r det gjelder naturens underverker. Fra det ikoniske Taffelberget til den vidstrakte Kruger nasjonalpark - hvert hj\u00f8rne av S\u00f8r-Afrika forteller en historie. Landets komplekse historie, pulserende byer og fantastiske ... <a href=\"https:\/\/safari-tours-africa.com\/nb\/south-africa-a-safari-destination\/\">Fortsetter<\/a><\/p>","protected":false},"author":41,"featured_media":893,"parent":0,"menu_order":0,"comment_status":"closed","ping_status":"closed","template":"","meta":{"_acf_changed":false,"footnotes":""},"class_list":["post-1180","page","type-page","status-publish","has-post-thumbnail","hentry"],"acf":{"page_subheading":"Explore South Africa's top safari destinations, cultural heritage, and practical travel tips for an enriching and diverse adventure experience."},"_links":{"self":[{"href":"https:\/\/safari-tours-africa.com\/nb\/wp-json\/wp\/v2\/pages\/1180","targetHints":{"allow":["GET"]}}],"collection":[{"href":"https:\/\/safari-tours-africa.com\/nb\/wp-json\/wp\/v2\/pages"}],"about":[{"href":"https:\/\/safari-tours-africa.com\/nb\/wp-json\/wp\/v2\/types\/page"}],"author":[{"embeddable":true,"href":"https:\/\/safari-tours-africa.com\/nb\/wp-json\/wp\/v2\/users\/41"}],"replies":[{"embeddable":true,"href":"https:\/\/safari-tours-africa.com\/nb\/wp-json\/wp\/v2\/comments?post=1180"}],"version-history":[{"count":3,"href":"https:\/\/safari-tours-africa.com\/nb\/wp-json\/wp\/v2\/pages\/1180\/revisions"}],"predecessor-version":[{"id":1312,"href":"https:\/\/safari-tours-africa.com\/nb\/wp-json\/wp\/v2\/pages\/1180\/revisions\/1312"}],"wp:featuredmedia":[{"embeddable":true,"href":"https:\/\/safari-tours-africa.com\/nb\/wp-json\/wp\/v2\/media\/893"}],"wp:attachment":[{"href":"https:\/\/safari-tours-africa.com\/nb\/wp-json\/wp\/v2\/media?parent=1180"}],"curies":[{"name":"wp","href":"https:\/\/api.w.org\/{rel}","templated":true}]}}