{"id":39,"date":"2023-01-16T13:14:25","date_gmt":"2023-01-16T13:14:25","guid":{"rendered":"https:\/\/safari-tours-africa.com\/about-us\/"},"modified":"2024-01-18T14:29:36","modified_gmt":"2024-01-18T14:29:36","slug":"om-oss","status":"publish","type":"page","link":"https:\/\/safari-tours-africa.com\/nb\/about-us\/","title":{"rendered":"Om oss"},"content":{"rendered":"<p>P\u00e5 <a href=\"https:\/\/world-discovery.com\/\">Oppdagelse av verden<\/a>v\u00e5r historie har alltid v\u00e6rt mer enn bare \u00e5 stake ut kursen p\u00e5 et kart. Det er en historie om lidenskap, nysgjerrighet og en ub\u00f8nnh\u00f8rlig jakt p\u00e5 det ukjente. Reisebyr\u00e5et v\u00e5rt har sitt utspring i Europas rike historie og kultur, og har utviklet seg i \u00e5renes l\u00f8p til \u00e5 omfavne ulike fasetter av det globale reiselivet.<\/p>\n\n\n\n<p>V\u00e5r erfaring spenner over et kaleidoskop av reisem\u00e5l, og hver reise utgj\u00f8r et nytt kapittel i v\u00e5rt kollektive eventyr. N\u00e5r vi n\u00e5 vender kompasset mot Afrika, st\u00e5r vi p\u00e5 terskelen til et nytt, spennende kapittel i v\u00e5r oppdagelsesferd.<\/p>\n\n\n\n<figure class=\"wp-block-image size-full\"><img loading=\"lazy\" decoding=\"async\" width=\"2000\" height=\"1332\" src=\"https:\/\/safari-tours-africa.com\/wp-content\/uploads\/hiker-on-chogoria-route-scaled.webp\" alt=\"Bakfra av en gruppe turg\u00e5ere som vandrer langs en elv ved Chogoria Route, Mount Kenya, Kenya\" class=\"wp-image-927\"\/><figcaption class=\"wp-element-caption\">Afrika - et land med mange juveler<\/figcaption><\/figure>\n\n\n\n<h3 class=\"wp-block-heading\">Afrika: Et lerret av r\u00e5 skj\u00f8nnhet<\/h3>\n\n\n\n<p>Afrika har alltid v\u00e6rt en inspirasjonskilde for oss i World Discovery. Den r\u00e5, ufiltrerte skj\u00f8nnheten og det rike mangfoldet av landskap og kulturer lokker til seg sanne oppdagelsesreisende. Vi har valgt \u00e5 fokusere p\u00e5 safari, ikke p\u00e5 luksusreiser, fordi vi tror p\u00e5 <strong>presentere Afrika i sin sanneste form<\/strong>.<\/p>\n\n\n\n<p>Fra Kenyas og Tanzanias vidstrakte savanner til Ugandas barske villmark og S\u00f8r-Afrikas mangfoldige biomer - hvert reisem\u00e5l byr p\u00e5 et unikt innblikk i en verden der naturen fortsatt hersker.<\/p>\n\n\n\n<figure class=\"wp-block-image size-full\"><img loading=\"lazy\" decoding=\"async\" width=\"2000\" height=\"1329\" src=\"https:\/\/safari-tours-africa.com\/wp-content\/uploads\/mount-kenya-scaled.webp\" alt=\"Panorama over Mount Kenya,\" class=\"wp-image-916\"\/><figcaption class=\"wp-element-caption\">Afrikas r\u00e5 skj\u00f8nnhet<\/figcaption><\/figure>\n\n\n\n<p>Safariopplevelsene v\u00e5re er designet for \u00e5 gi deg en opplevelse i Afrikas hjerte. Vi tar deg med ut over det vanlige, og gir deg muligheten til \u00e5 g\u00e5 lett p\u00e5 foten gjennom \u00f8kosystemer som har v\u00e6rt uforandret i \u00e5rtusener.&nbsp;<\/p>\n\n\n\n<p>V\u00e5r visjon er \u00e5 legge til rette for en <strong>reell tilknytning til kontinentet<\/strong> - dyrelivet, landskapet og menneskene - slik at du kan oppleve Afrika slik det virkelig er: vilt, fritt og fantastisk.<\/p>\n\n\n\n<h3 class=\"wp-block-heading\">V\u00e5r styrke: Ekspertise og p\u00e5litelige partnerskap<\/h3>\n\n\n\n<p>Styrken til World Discovery ligger i v\u00e5r ekspertise og v\u00e5re <strong>v\u00e5r evne til \u00e5 finne frem til de mest p\u00e5litelige og autentiske safariopplevelsene<\/strong>. Vi forst\u00e5r at essensen av en flott safari ikke bare ligger i reisem\u00e5let, men ogs\u00e5 i reisen og menneskene som guider deg gjennom den.<\/p>\n\n\n\n<p>V\u00e5r tiln\u00e6rming til valg av samarbeidspartnere er grundig og basert p\u00e5 en dyp forst\u00e5else av hva som gj\u00f8r en safariopplevelse eksepsjonell.<\/p>\n\n\n\n<p>Teamet v\u00e5rt, som har lang erfaring fra reiselivsbransjen, evaluerer n\u00f8ye hver enkelt potensiell partner og safarimulighet, og benytter seg av et vell av kunnskap og innsikt gjennom en <strong>grundig prosess <\/strong>som gjenspeiler den flid og oppmerksomhet man utviser p\u00e5 en reise gjennom Afrikas majestetiske landskap.<\/p>\n\n\n\n<figure class=\"wp-block-image size-full\"><img loading=\"lazy\" decoding=\"async\" width=\"2000\" height=\"1333\" src=\"https:\/\/safari-tours-africa.com\/wp-content\/uploads\/maasai-mara-men-dancing-scaled.webp\" alt=\"Mann fra Maasai Mara viser tradisjonell hoppedans for masaier\" class=\"wp-image-864\"\/><figcaption class=\"wp-element-caption\">Lokale masaimenn<\/figcaption><\/figure>\n\n\n\n<p>Vi setter oss inn i partnernes virksomhet og vurderer deres kundest\u00f8ttekanaler, organisatoriske dyktighet og generelle p\u00e5litelighet. Teamet v\u00e5rt g\u00e5r i dialog med de ansvarlige og gransker tilbudene deres for \u00e5 sikre at de oppfyller v\u00e5re krav. <strong>h\u00f8ye standarder<\/strong>.<\/p>\n\n\n\n<p>N\u00e5r vi kuraterer safarien din, gj\u00f8r vi det med presisjon og omhu, som de som forst\u00e5r hva som gj\u00f8r et afrikansk eventyr til noe helt spesielt. Utvelgelsesprosessen v\u00e5r er basert p\u00e5 omfattende research, tilbakemeldinger fra kunder og tett dialog med lokale eksperter.<\/p>\n\n\n\n<p>Dette gj\u00f8r det mulig for oss \u00e5 h\u00e5ndplukke safariopplevelser som tilbyr <strong>autentisitet og enest\u00e5ende m\u00f8ter<\/strong> med Afrikas dyreliv og kultur.<\/p>\n\n\n\n<h3 class=\"wp-block-heading\">V\u00e5re lokale partnere<\/h3>\n\n\n\n<p>V\u00e5re partnere i Afrika er mer enn bare operat\u00f8rer; de er voktere av landet og ambassad\u00f8rer for sin egen kultur. De er <strong>Lokalbefolkningen<\/strong> som lever og \u00e5nder for den afrikanske villmarken, med historier og innsikt som beriker hver eneste safari.<\/p>\n\n\n\n<p>Ved \u00e5 velge \u00e5 samarbeide med dem s\u00f8rger vi for at kundene v\u00e5re ikke bare f\u00e5r en ekte afrikansk opplevelse, men ogs\u00e5 bidrar til \u00e5 bevare disse storsl\u00e5tte landskapene og lokalsamfunnene der.<\/p>\n\n\n\n<figure class=\"wp-block-image size-large is-resized\"><img loading=\"lazy\" decoding=\"async\" width=\"1024\" height=\"1024\" src=\"https:\/\/safari-tours-africa.com\/wp-content\/uploads\/our-kenyan-safari-ride-1-1024x1024.webp\" alt=\"Safarituren v\u00e5r i Kenya\" class=\"wp-image-830\" style=\"width:1189px;height:auto\" srcset=\"https:\/\/safari-tours-africa.com\/wp-content\/uploads\/our-kenyan-safari-ride-1-1024x1024.webp 1024w, https:\/\/safari-tours-africa.com\/wp-content\/uploads\/our-kenyan-safari-ride-1-300x300.webp 300w, https:\/\/safari-tours-africa.com\/wp-content\/uploads\/our-kenyan-safari-ride-1-150x150.webp 150w, https:\/\/safari-tours-africa.com\/wp-content\/uploads\/our-kenyan-safari-ride-1-768x767.webp 768w, https:\/\/safari-tours-africa.com\/wp-content\/uploads\/our-kenyan-safari-ride-1-12x12.webp 12w, https:\/\/safari-tours-africa.com\/wp-content\/uploads\/our-kenyan-safari-ride-1.webp 1482w\" sizes=\"auto, (max-width: 1024px) 100vw, 1024px\" \/><figcaption class=\"wp-element-caption\">Vi fors\u00f8ker \u00e5 danne solide partnerskap med lokale leverand\u00f8rer.<\/figcaption><\/figure>\n\n\n\n<h3 class=\"wp-block-heading\">Oppdag Afrika (og verden) med oss!<\/h3>\n\n\n\n<p>Med World Discovery hos Safari Tours Africa blir din Afrika-safari en reise inn i sjelen til verdens mest fengslende kontinent. Enten du jakter p\u00e5 gorillaer i Ugandas t\u00e5keskoger, opplever den store folkevandringen i Kenya og Tanzania eller utforsker S\u00f8r-Afrikas mangfoldige \u00f8kosystemer, lover vi et eventyr som gir deg minner for livet.<\/p>\n\n\n\n<p>Bli med oss p\u00e5 denne oppdagelsesreisen. Utforsk v\u00e5re utvalgte safariopplevelser i <a href=\"https:\/\/safari-tours-africa.com\/nb\/uganda\/\">Uganda<\/a>, <a href=\"https:\/\/safari-tours-africa.com\/nb\/sor-afrika\/\">S\u00f8r-Afrika<\/a>, <a href=\"https:\/\/safari-tours-africa.com\/nb\/kenya\/\">Kenya<\/a>, og <a href=\"https:\/\/safari-tours-africa.com\/nb\/tanzania\/\">Tanzania<\/a>og ta steget inn i en verden der hvert \u00f8yeblikk er en historie som venter p\u00e5 \u00e5 utfolde seg. Ta kontakt med oss i dag, og la oss dra p\u00e5 et uforglemmelig eventyr i hjertet av Afrika med <a href=\"https:\/\/safari-tours-africa.com\/nb\/\">Safarireiser i Afrika<\/a>.<\/p>","protected":false},"excerpt":{"rendered":"<p>Hos World Discovery har historien v\u00e5r alltid handlet om mer enn bare \u00e5 stake ut en kurs p\u00e5 et kart. Det er en historie om lidenskap, nysgjerrighet og en n\u00e5del\u00f8s jakt p\u00e5 det ukjente. Byr\u00e5et v\u00e5rt har sitt utspring i Europas rike historie og kultur, og har gjennom \u00e5rene utviklet seg til \u00e5 omfavne ulike aspekter av global reisevirksomhet. V\u00e5r erfaring spenner over en ... <a href=\"https:\/\/safari-tours-africa.com\/nb\/about-us\/\">Fortsetter<\/a><\/p>","protected":false},"author":41,"featured_media":930,"parent":0,"menu_order":0,"comment_status":"closed","ping_status":"closed","template":"","meta":{"_acf_changed":false,"footnotes":""},"class_list":["post-39","page","type-page","status-publish","has-post-thumbnail","hentry"],"acf":{"page_subheading":"Discover Africa with World Discovery: Expertly curated safari adventures that blend authenticity with our extensive travel industry experience."},"_links":{"self":[{"href":"https:\/\/safari-tours-africa.com\/nb\/wp-json\/wp\/v2\/pages\/39","targetHints":{"allow":["GET"]}}],"collection":[{"href":"https:\/\/safari-tours-africa.com\/nb\/wp-json\/wp\/v2\/pages"}],"about":[{"href":"https:\/\/safari-tours-africa.com\/nb\/wp-json\/wp\/v2\/types\/page"}],"author":[{"embeddable":true,"href":"https:\/\/safari-tours-africa.com\/nb\/wp-json\/wp\/v2\/users\/41"}],"replies":[{"embeddable":true,"href":"https:\/\/safari-tours-africa.com\/nb\/wp-json\/wp\/v2\/comments?post=39"}],"version-history":[{"count":4,"href":"https:\/\/safari-tours-africa.com\/nb\/wp-json\/wp\/v2\/pages\/39\/revisions"}],"predecessor-version":[{"id":963,"href":"https:\/\/safari-tours-africa.com\/nb\/wp-json\/wp\/v2\/pages\/39\/revisions\/963"}],"wp:featuredmedia":[{"embeddable":true,"href":"https:\/\/safari-tours-africa.com\/nb\/wp-json\/wp\/v2\/media\/930"}],"wp:attachment":[{"href":"https:\/\/safari-tours-africa.com\/nb\/wp-json\/wp\/v2\/media?parent=39"}],"curies":[{"name":"wp","href":"https:\/\/api.w.org\/{rel}","templated":true}]}}