{"id":1172,"date":"2024-01-22T15:31:09","date_gmt":"2024-01-22T15:31:09","guid":{"rendered":"https:\/\/safari-tours-africa.com\/?page_id=1172"},"modified":"2024-01-23T17:26:49","modified_gmt":"2024-01-23T17:26:49","slug":"o-quenia-como-destino-de-safaris","status":"publish","type":"page","link":"https:\/\/safari-tours-africa.com\/pt\/kenya-a-safari-destination\/","title":{"rendered":"Qu\u00e9nia: Um destino de Safari"},"content":{"rendered":"<p>O Qu\u00e9nia, situado na <strong>cora\u00e7\u00e3o da \u00c1frica Oriental<\/strong>A \u00c1frica do Sul \u00e9 um pa\u00eds onde a beleza natural se encontra com a aventura. \u00c9 um destino conhecido pela diversidade da sua vida selvagem e das suas paisagens, desde os lagos de flamingos do Grande Vale do Rift at\u00e9 \u00e0s paisagens ricas em vida selvagem <a href=\"https:\/\/safari-tours-africa.com\/pt\/passeios-de-safari\/3-day-enkorok-mara-camp-safari\/\">Maasai Mara<\/a>.<\/p>\n\n\n\n<p>\u00c9 um pa\u00eds onde a cultura tradicional est\u00e1 entrela\u00e7ada com o tecido moderno da vida, desde as ruas movimentadas de Nairobi at\u00e9 \u00e0s tribos pastoris da fronteira norte. Com as suas praias imaculadas, as terras altas das montanhas e a abundante vida selvagem, o Qu\u00e9nia oferece uma rica tape\u00e7aria de experi\u00eancias para todos os viajantes que procuram explorar as maravilhas naturais e as profundezas culturais de \u00c1frica.<\/p>\n\n\n\n<figure class=\"wp-block-image size-full\"><img loading=\"lazy\" decoding=\"async\" width=\"2000\" height=\"1333\" src=\"https:\/\/safari-tours-africa.com\/wp-content\/uploads\/masai-mara-national-park-in-kenya-scaled.webp\" alt=\"Girafa selvagem e gnu perto de um carro de safari no Parque Nacional Masai Mara, Qu\u00e9nia. Conceito de safari. Paisagem de viagem africana\" class=\"wp-image-863\"\/><figcaption class=\"wp-element-caption\">Uma viagem de safari no Qu\u00e9nia<\/figcaption><\/figure>\n\n\n\n<h2 class=\"wp-block-heading\">Que locais do Qu\u00e9nia devo visitar num safari?<\/h2>\n\n\n\n<h3 class=\"wp-block-heading\">1. Reserva Nacional de Masai Mara<\/h3>\n\n\n\n<p>N\u00e3o apenas um lugar, mas um espet\u00e1culo em si mesmo, o Masai Mara \u00e9 sin\u00f3nimo de vida selvagem e da experi\u00eancia de um safari africano. \u00c9 a extens\u00e3o norte do Serengeti e o lar dos espectaculares <strong>Grande Migra\u00e7\u00e3o<\/strong>A reserva \u00e9 tamb\u00e9m um para\u00edso para a fotografia, oferecendo oportunidades para captar imagens de gnus, zebras e gazelas em busca de pasto fresco. A reserva \u00e9 tamb\u00e9m um para\u00edso para a fotografia, oferecendo oportunidades para captar os <strong>Os Cinco Grandes<\/strong> no seu habitat natural. Os <strong>Rio Mara<\/strong>O parque de campismo, pontilhado de hipop\u00f3tamos e crocodilos, acrescenta um elemento din\u00e2mico \u00e0 experi\u00eancia de observa\u00e7\u00e3o de animais selvagens.<\/p>\n\n\n\n<p>Visite a Reserva Nacional de Masai Mara no <a __bud_processed=\"\" href=\"https:\/\/safari-tours-africa.com\/pt\/passeios-de-safari\/3-day-masai-mara-ashnil-camp-safari\/\">Safari de 3 dias no Masai Mara Ashnil Camp<\/a>.<\/p>\n\n\n\n<figure class=\"wp-block-image size-full\"><img loading=\"lazy\" decoding=\"async\" width=\"2000\" height=\"1338\" src=\"https:\/\/safari-tours-africa.com\/wp-content\/uploads\/masai-mara-scaled.webp\" alt=\"Masai Mara, Qu\u00e9nia\" class=\"wp-image-1273\"\/><figcaption class=\"wp-element-caption\">Parque Nacional de Masai Mara<\/figcaption><\/figure>\n\n\n\n<h3 class=\"wp-block-heading\">2. Parque Nacional de Hell's Gate<\/h3>\n\n\n\n<p>Aninhado no <strong>Grande Vale do Rift<\/strong>O Parque Nacional Hell's Gate oferece uma extraordin\u00e1ria experi\u00eancia de safari, distinguindo-se pela sua dram\u00e1tica atividade geot\u00e9rmica e vida selvagem \u00fanica. O parque \u00e9 um santu\u00e1rio para animais como b\u00fafalos, zebras e girafas, e o seu estatuto de livre de predadores torna-o ideal para caminhadas e safaris de bicicleta entre g\u00e9iseres que arrotam e penhascos imponentes. Conhecido por <strong>escalada e observa\u00e7\u00e3o de aves<\/strong>Com mais de 100 esp\u00e9cies, incluindo a rara \u00e1guia de Verreaux, o parque tamb\u00e9m mostra a harmonia entre a natureza e a energia renov\u00e1vel na Esta\u00e7\u00e3o Geot\u00e9rmica de Olkaria.<\/p>\n\n\n\n<p>Visite o Parque Nacional Hell's Gate no <a href=\"https:\/\/safari-tours-africa.com\/pt\/passeios-de-safari\/7-day-best-of-kenya-safari\/\">Safari de 7 dias pelo melhor do Qu\u00e9nia<\/a>.<\/p>\n\n\n\n<figure class=\"wp-block-image size-large\"><img decoding=\"async\" src=\"https:\/\/safari-tours-africa.com\/wp-content\/uploads\/hells-gate-national-park-1-1024x576.webp\" alt=\"Impressionante parque nacional Hell&#039;s gate, Qu\u00e9nia\" class=\"wp-image-1324\"\/><figcaption class=\"wp-element-caption\">A paisagem \u00fanica do Parque Nacional Hell's Gate<\/figcaption><\/figure>\n\n\n\n<h3 class=\"wp-block-heading\">3. Reserva Nacional de Samburu<\/h3>\n\n\n\n<p>Samburu apresenta uma faceta diferente do safari queniano, com as suas paisagens \u00e1ridas e uma vida selvagem \u00fanica. O <strong>Rio Ewaso Ng'iro<\/strong> \u00e9 a linha de vida da zona, atraindo uma variedade de vida selvagem e albergando uma grande popula\u00e7\u00e3o de <strong>Crocodilos do Nilo<\/strong>. A reserva alberga esp\u00e9cies raramente encontradas noutros locais, como a girafa reticulada e a avestruz somali, o que a torna um destino de safari \u00fanico para quem procura aventurar-se fora dos caminhos habituais.<\/p>\n\n\n\n<p>Visite a Reserva Nacional de Samburu na <a href=\"https:\/\/safari-tours-africa.com\/pt\/passeios-de-safari\/4-day-samburu-flying-package\/\">Pacote de voo de 4 dias para Samburu<\/a>.<\/p>\n\n\n\n<figure class=\"wp-block-image size-full\"><img loading=\"lazy\" decoding=\"async\" width=\"2000\" height=\"1330\" src=\"https:\/\/safari-tours-africa.com\/wp-content\/uploads\/buffalo-in-samburu-scaled.webp\" alt=\"B\u00fafalo\" class=\"wp-image-881\"\/><figcaption class=\"wp-element-caption\">Um b\u00fafalo a relaxar na Reserva Nacional de Samburu<\/figcaption><\/figure>\n\n\n\n<h3 class=\"wp-block-heading\">4. Parque Nacional do Lago Nakuru<\/h3>\n\n\n\n<p>Outrora conhecida pela sua vasta <strong>popula\u00e7\u00e3o de flamingos<\/strong> Pintando a margem do lago de cor-de-rosa, o Lago Nakuru oferece uma rica biodiversidade dentro da sua \u00e1rea compacta. O parque \u00e9 atualmente um santu\u00e1rio para rinocerontes, com <strong>rinocerontes brancos e pretos<\/strong> prosperar aqui. Os miradouros, como o Lion Hill, oferecem vistas panor\u00e2micas do lago e dos milh\u00f5es de pelicanos e flamingos nas suas margens.<\/p>\n\n\n\n<p>Visite o Parque Nacional do Lago Nakuru no <a href=\"https:\/\/safari-tours-africa.com\/pt\/passeios-de-safari\/7-day-tree-hotel-samburu-nakuru-masai-lodge-centy-safari\/\">Safari de 7 dias no Tree Hotel Samburu-Nakuru-Masai Lodge Centy<\/a>.<\/p>\n\n\n\n<figure class=\"wp-block-image size-full\"><img loading=\"lazy\" decoding=\"async\" width=\"2000\" height=\"1328\" src=\"https:\/\/safari-tours-africa.com\/wp-content\/uploads\/rhinos-in-lake-nakuru-national-park-scaled.webp\" alt=\"rinocerontes no parque nacional do lago nakuru, qu\u00e9nia\" class=\"wp-image-1272\"\/><figcaption class=\"wp-element-caption\">Dois rinocerontes nas margens do Lago Nakuru<\/figcaption><\/figure>\n\n\n\n<h3 class=\"wp-block-heading\">5. Parque Nacional de Amboseli<\/h3>\n\n\n\n<p>Amboseli oferece mais do que apenas um pano de fundo da majestosa <strong>Kilimanjaro<\/strong>. \u00c9 uma arena onde se pode ver grandes manadas de elefantes a vaguear tendo como pano de fundo o pico mais alto de \u00c1frica. O parque \u00e9 relativamente <strong>pequena dimens\u00e3o e plan\u00edcies abertas<\/strong> facilitam a observa\u00e7\u00e3o da vida selvagem, proporcionando encontros \u00edntimos com animais como le\u00f5es, chitas e in\u00fameras esp\u00e9cies de aves. A colina de observa\u00e7\u00e3o oferece vistas panor\u00e2micas do parque, especialmente ao p\u00f4r do sol, criando um para\u00edso para os fot\u00f3grafos.<\/p>\n\n\n\n<figure class=\"wp-block-image size-large\"><img decoding=\"async\" src=\"https:\/\/safari-tours-africa.com\/wp-content\/uploads\/mount-kilimanjaro-with-an-elephant-walking-across-the-foreground-1024x576.webp\" alt=\"O Monte Kilimanjaro com um elefante a caminhar em primeiro plano. Parque nacional de Amboseli, Qu\u00e9nia.\" class=\"wp-image-1325\"\/><figcaption class=\"wp-element-caption\">Um elefante solit\u00e1rio a caminhar em frente ao Monte Kilimanjaro no Parque Nacional de Amboseli<\/figcaption><\/figure>\n\n\n\n<h3 class=\"wp-block-heading\">6. Parques nacionais de Tsavo Este e Oeste<\/h3>\n\n\n\n<p>Em conjunto, estes parques formam <strong>uma das maiores \u00e1reas de conserva\u00e7\u00e3o do planeta<\/strong>. Tsavo \u00e9 uma \u00e1rea selvagem e indom\u00e1vel de natureza intocada. Tsavo Este \u00e9 conhecido pelas suas vastas manadas de elefantes vermelhos, enquanto Tsavo Oeste oferece uma paisagem mais diversificada, incluindo nascentes, observa\u00e7\u00e3o subaqu\u00e1tica de hipop\u00f3tamos em Mzima Springs e os fluxos de lava de Shetani.<\/p>\n\n\n\n<figure class=\"wp-block-image size-large\"><img loading=\"lazy\" decoding=\"async\" width=\"1024\" height=\"683\" src=\"https:\/\/safari-tours-africa.com\/wp-content\/uploads\/zebras-in-tsavo-east-national-park-in-kenya-1024x683.webp\" alt=\"Zebras no parque nacional de tsavo leste, no Qu\u00e9nia\" class=\"wp-image-1326\" srcset=\"https:\/\/safari-tours-africa.com\/wp-content\/uploads\/zebras-in-tsavo-east-national-park-in-kenya-1024x683.webp 1024w, https:\/\/safari-tours-africa.com\/wp-content\/uploads\/zebras-in-tsavo-east-national-park-in-kenya-300x200.webp 300w, https:\/\/safari-tours-africa.com\/wp-content\/uploads\/zebras-in-tsavo-east-national-park-in-kenya-768x512.webp 768w, https:\/\/safari-tours-africa.com\/wp-content\/uploads\/zebras-in-tsavo-east-national-park-in-kenya-1536x1024.webp 1536w, https:\/\/safari-tours-africa.com\/wp-content\/uploads\/zebras-in-tsavo-east-national-park-in-kenya-2048x1365.webp 2048w, https:\/\/safari-tours-africa.com\/wp-content\/uploads\/zebras-in-tsavo-east-national-park-in-kenya-18x12.webp 18w\" sizes=\"auto, (max-width: 1024px) 100vw, 1024px\" \/><figcaption class=\"wp-element-caption\">Tsamo \u00e9 uma zona selvagem indom\u00e1vel<\/figcaption><\/figure>\n\n\n\n<h2 class=\"wp-block-heading\">Qual \u00e9 a melhor altura para visitar o Qu\u00e9nia?<\/h2>\n\n\n\n<p>O momento da sua visita pode influenciar significativamente a sua experi\u00eancia de safari. O <strong>meses secos, de junho a outubro <\/strong>oferecem as melhores vistas de ca\u00e7a, uma vez que os animais se re\u00fanem \u00e0 volta das fontes de \u00e1gua. Este per\u00edodo coincide tamb\u00e9m com a Grande Migra\u00e7\u00e3o em Masai Mara, um espet\u00e1culo que atrai entusiastas da natureza de todo o mundo.<\/p>\n\n\n\n<p>No entanto, para <strong>observadores de aves<\/strong> e os interessados em paisagens exuberantes e c\u00e9nicas, as esta\u00e7\u00f5es h\u00famidas (novembro-dezembro e mar\u00e7o-maio) oferecem uma experi\u00eancia de safari \u00fanica, com animais rec\u00e9m-nascidos e aves migrat\u00f3rias a encher os c\u00e9us.<\/p>\n\n\n\n<figure class=\"wp-block-image size-full\"><img loading=\"lazy\" decoding=\"async\" width=\"2000\" height=\"1333\" src=\"https:\/\/safari-tours-africa.com\/wp-content\/uploads\/roller-bird-on-a-safari-in-kenya.webp\" alt=\"Rolo de peito lil\u00e1s, Masai Mara, Qu\u00e9nia\" class=\"wp-image-866\"\/><figcaption class=\"wp-element-caption\">A melhor altura para visitar o Qu\u00e9nia depende do tipo de animais que se pretende ver<\/figcaption><\/figure>\n\n\n\n<h2 class=\"wp-block-heading\">O Qu\u00e9nia \u00e9 seguro?<\/h2>\n\n\n\n<p>Embora o Qu\u00e9nia seja um destino relativamente seguro para os turistas, \u00e9 importante tomar as precau\u00e7\u00f5es de viagem habituais. Mantenha-se informado sobre os \u00faltimos avisos de viagem do seu governo. Nos destinos dos safaris, as medidas de seguran\u00e7a s\u00e3o fundamentais, com <strong>guias experientes e regulamentos rigorosos do parque<\/strong> para garantir uma experi\u00eancia segura. Nas cidades, \u00e9 aconselh\u00e1vel evitar as zonas n\u00e3o tur\u00edsticas durante a noite, manter os objectos de valor em seguran\u00e7a e permanecer vigilante, como faria em qualquer grande cidade do mundo.<\/p>\n\n\n\n<figure class=\"wp-block-image size-large\"><img decoding=\"async\" src=\"https:\/\/safari-tours-africa.com\/wp-content\/uploads\/street-market-in-nairobi-streets-1024x683.webp\" alt=\"Mercado de rua nas ruas de Nairobi a partir do topo do Centro Internacional de Conven\u00e7\u00f5es Kenyatta.\" class=\"wp-image-1327\"\/><figcaption class=\"wp-element-caption\">Com as precau\u00e7\u00f5es normais de viagem, o Qu\u00e9nia \u00e9 t\u00e3o seguro como qualquer outro pa\u00eds do terceiro mundo<\/figcaption><\/figure>\n\n\n\n<h2 class=\"wp-block-heading\">\u00c9 necess\u00e1rio um visto para entrar no Qu\u00e9nia?<\/h2>\n\n\n\n<p>O planeamento da entrada no Qu\u00e9nia \u00e9 crucial para uma experi\u00eancia tranquila. A maioria dos viajantes chega atrav\u00e9s de <strong>Aeroporto Internacional Jomo Kenyatta<\/strong> em Nairobi. S\u00e3o necess\u00e1rios vistos para a maioria das nacionalidades e podem ser obtidos em linha atrav\u00e9s do <strong>Sistema eVisa<\/strong>. O processo \u00e9 simples, mas \u00e9 aconselh\u00e1vel efetuar o pedido com bastante anteced\u00eancia em rela\u00e7\u00e3o \u00e0s datas da viagem. Certifique-se de que o seu passaporte tem, pelo menos, seis meses de validade e verifique se o seu pa\u00eds faz parte do programa de vistos de turismo para a \u00c1frica Oriental, que oferece acesso a v\u00e1rios pa\u00edses, uma op\u00e7\u00e3o conveniente para quem explora toda a regi\u00e3o.<\/p>\n\n\n\n<figure class=\"wp-block-image size-full\"><img loading=\"lazy\" decoding=\"async\" width=\"2000\" height=\"1333\" src=\"https:\/\/safari-tours-africa.com\/wp-content\/uploads\/usa-visa-in-a-passport-background-scaled.webp\" alt=\"Visto dos EUA num fundo de passaporte\" class=\"wp-image-1296\"\/><figcaption class=\"wp-element-caption\">Verifique os requisitos de visto para o seu pa\u00eds antes da sua viagem<\/figcaption><\/figure>\n\n\n\n<h2 class=\"wp-block-heading\">Como s\u00e3o os transportes locais no Qu\u00e9nia?<\/h2>\n\n\n\n<p>Viajar pelo Qu\u00e9nia faz parte da aventura. <strong>Voos dom\u00e9sticos<\/strong> ligam as principais cidades e destinos de safaris, oferecendo uma forma r\u00e1pida e c\u00e9nica de percorrer grandes dist\u00e2ncias. Para os interessados em experi\u00eancias locais, o <strong>mini-autocarros matatu<\/strong> oferecem um meio de transporte colorido e vibrante, embora possam n\u00e3o cumprir hor\u00e1rios rigorosos. Os transferes privados e os t\u00e1xis proporcionam uma forma mais confort\u00e1vel e segura de se deslocar, especialmente nas zonas urbanas. Para um ritmo c\u00e9nico e descontra\u00eddo, considere o servi\u00e7o de comboio entre Nairobi e Momba\u00e7a, que oferece vistas do campo e uma amostra da vida local.<\/p>\n\n\n\n<figure class=\"wp-block-image size-large\"><img decoding=\"async\" src=\"https:\/\/safari-tours-africa.com\/wp-content\/uploads\/tuk-tuk-in-kenya-1024x640.webp\" alt=\"Vista do banco do passageiro quando se conduz um tuk tuk (riquex\u00f3 de tr\u00eas rodas) com outro que vem na dire\u00e7\u00e3o oposta, do outro lado da estrada. Malindi, Qu\u00e9nia\" class=\"wp-image-1328\"\/><figcaption class=\"wp-element-caption\">Vista de um tuk tuk no Qu\u00e9nia<\/figcaption><\/figure>\n\n\n\n<h2 class=\"wp-block-heading\">Quais s\u00e3o as op\u00e7\u00f5es de alojamento no Qu\u00e9nia?<\/h2>\n\n\n\n<p>As op\u00e7\u00f5es de alojamento no Qu\u00e9nia s\u00e3o as seguintes <strong>todos os gostos e or\u00e7amentos<\/strong>. Em cidades como Nairobi e Momba\u00e7a, encontrar\u00e1 uma grande variedade de hot\u00e9is, desde marcas de luxo internacionais a estabelecimentos de charme locais. Os alojamentos e campos de safari nos parques nacionais oferecem uma experi\u00eancia imersiva da vida selvagem, com op\u00e7\u00f5es que v\u00e3o desde luxuosos campos de tendas a alojamentos r\u00fasticos. Para os amantes da praia, a costa queniana oferece resorts e pens\u00f5es com vistas deslumbrantes sobre o oceano e acesso a praias imaculadas como a Praia de Diani. As pousadas ecol\u00f3gicas s\u00e3o uma \u00f3ptima escolha para quem procura op\u00e7\u00f5es de alojamento sustent\u00e1veis e com envolvimento da comunidade.<\/p>\n\n\n\n<figure class=\"wp-block-image size-large\"><img decoding=\"async\" src=\"https:\/\/safari-tours-africa.com\/wp-content\/uploads\/kenya-lodge-for-tourist-surrounded-by-the-jungle-1024x638.webp\" alt=\"Qu\u00e9nia Lodge para turistas rodeado pela selva\" class=\"wp-image-1329\"\/><figcaption class=\"wp-element-caption\">Existem alojamentos de diferentes n\u00edveis de vida em todos os parques do Qu\u00e9nia<\/figcaption><\/figure>\n\n\n\n<h2 class=\"wp-block-heading\">Que mais posso fazer no Qu\u00e9nia para al\u00e9m de ver a vida selvagem?<\/h2>\n\n\n\n<p>O Qu\u00e9nia \u00e9 uma terra de diversidade, n\u00e3o s\u00f3 em termos de vida selvagem, mas tamb\u00e9m de experi\u00eancias culturais e de aventura. Para al\u00e9m dos safaris tradicionais, os visitantes podem envolver-se com os locais <strong>Comunidades Maasai e Samburu<\/strong>A observa\u00e7\u00e3o de aves \u00e9 espetacular, especialmente nos lagos do Vale do Rift. A observa\u00e7\u00e3o de aves \u00e9 espetacular, especialmente nos lagos do Vale do Rift. Para os aventureiros, <strong>safaris em bal\u00e3o de ar quente<\/strong> oferecem uma perspetiva \u00fanica do Maasai Mara, e os desportos aqu\u00e1ticos ao longo da costa satisfazem os entusiastas da praia. Os centros de conserva\u00e7\u00e3o e os santu\u00e1rios fornecem informa\u00e7\u00f5es sobre os esfor\u00e7os de prote\u00e7\u00e3o da vida selvagem, tornando a sua viagem umas f\u00e9rias e uma experi\u00eancia de aprendizagem.<\/p>\n\n\n\n<figure class=\"wp-block-image size-large is-resized\"><img loading=\"lazy\" decoding=\"async\" width=\"1024\" height=\"683\" src=\"https:\/\/safari-tours-africa.com\/wp-content\/uploads\/maasai-mara-man-showing-traditional-maasai-jumping-dance-1024x683.webp\" alt=\"Homem de Maasai Mara a mostrar a dan\u00e7a tradicional de saltos dos Maasai\" class=\"wp-image-1330\" style=\"width:1024px;height:auto\" srcset=\"https:\/\/safari-tours-africa.com\/wp-content\/uploads\/maasai-mara-man-showing-traditional-maasai-jumping-dance-1024x683.webp 1024w, https:\/\/safari-tours-africa.com\/wp-content\/uploads\/maasai-mara-man-showing-traditional-maasai-jumping-dance-300x200.webp 300w, https:\/\/safari-tours-africa.com\/wp-content\/uploads\/maasai-mara-man-showing-traditional-maasai-jumping-dance-768x512.webp 768w, https:\/\/safari-tours-africa.com\/wp-content\/uploads\/maasai-mara-man-showing-traditional-maasai-jumping-dance-1536x1024.webp 1536w, https:\/\/safari-tours-africa.com\/wp-content\/uploads\/maasai-mara-man-showing-traditional-maasai-jumping-dance-2048x1365.webp 2048w, https:\/\/safari-tours-africa.com\/wp-content\/uploads\/maasai-mara-man-showing-traditional-maasai-jumping-dance-18x12.webp 18w\" sizes=\"auto, (max-width: 1024px) 100vw, 1024px\" \/><figcaption class=\"wp-element-caption\">A comunidade local do povo ind\u00edgena Maasai<\/figcaption><\/figure>\n\n\n\n<h2 class=\"wp-block-heading\">Como \u00e9 a comida?<\/h2>\n\n\n\n<p>A cozinha queniana \u00e9 um reflexo da sua diversidade cultural. <strong>Pratos tradicionais<\/strong> como o ugali, o nyama choma e o kachumbari oferecem uma amostra dos sabores locais. <strong>Influ\u00eancias indianas e costeiras<\/strong> introduzem uma variedade de pratos de marisco, caril e chapatis, enriquecendo a paisagem culin\u00e1ria. As planta\u00e7\u00f5es de ch\u00e1 nas terras altas produzem <strong>alguns dos melhores ch\u00e1s do mundo<\/strong>O prato principal \u00e9 a comida de rua, um acompanhamento perfeito para uma refei\u00e7\u00e3o queniana. As bancas de comida de rua e os restaurantes locais oferecem uma experi\u00eancia gastron\u00f3mica aut\u00eantica e acess\u00edvel, permitindo aos visitantes explorar a diversidade culin\u00e1ria do pa\u00eds.<\/p>\n\n\n\n<figure class=\"wp-block-image size-large\"><img decoding=\"async\" src=\"https:\/\/safari-tours-africa.com\/wp-content\/uploads\/kenyan-nyama-choma-1024x610.webp\" alt=\"Qu\u00e9nia Nyama Choma\" class=\"wp-image-1331\"\/><figcaption class=\"wp-element-caption\">A especialidade queniana - nyama choma<\/figcaption><\/figure>\n\n\n\n<h2 class=\"wp-block-heading\">Quais s\u00e3o algumas dicas de etiqueta para quando estiver no Qu\u00e9nia?<\/h2>\n\n\n\n<p>Compreender os costumes e a etiqueta locais pode melhorar muito a sua experi\u00eancia de viagem. <strong>A gorjeta \u00e9 apreciada<\/strong> mas n\u00e3o obrigat\u00f3rio, com os montantes habituais para guias, motoristas e pessoal de servi\u00e7o. \u00c9 importante uma intera\u00e7\u00e3o respeitosa, incluindo sauda\u00e7\u00f5es e pedir autoriza\u00e7\u00e3o antes de tirar fotografias. Vista-se de forma conservadora, especialmente quando visitar zonas rurais ou locais religiosos. Aprender a <strong>algumas frases b\u00e1sicas em sua\u00edli <\/strong>pode enriquecer as suas interac\u00e7\u00f5es com os habitantes locais e mostrar respeito pela cultura local.<\/p>\n\n\n\n<figure class=\"wp-block-image size-large\"><img decoding=\"async\" src=\"https:\/\/safari-tours-africa.com\/wp-content\/uploads\/masai-kudu-horn-blowing-1024x679.webp\" alt=\"Sopro de chifres de Masai Kudu - Qu\u00e9nia\" class=\"wp-image-1332\"\/><figcaption class=\"wp-element-caption\">Agir com respeito pelos costumes locais<\/figcaption><\/figure>\n\n\n\n<h2 class=\"wp-block-heading\">Porqu\u00ea escolher a Safari Tours Africa para viajar para o Qu\u00e9nia?<\/h2>\n\n\n\n<p>Escolher a Safari Tours Africa significa optar por uma experi\u00eancia adaptada \u00e0s suas prefer\u00eancias, assegurando uma viagem aut\u00eantica e sem falhas pelas paisagens e vida selvagem do Qu\u00e9nia. Com parcerias com os melhores operadores locais e um compromisso com um servi\u00e7o personalizado, a Safari Tours Africa promete uma aventura inesquec\u00edvel, ligando-o ao cora\u00e7\u00e3o deste pa\u00eds vibrante e diversificado na nossa <a href=\"https:\/\/safari-tours-africa.com\/pt\/quenia\/\">Safaris no Qu\u00e9nia<\/a>.<\/p>","protected":false},"excerpt":{"rendered":"<p>O Qu\u00e9nia, situado no cora\u00e7\u00e3o da \u00c1frica Oriental, \u00e9 um pa\u00eds onde a beleza natural se encontra com a aventura. \u00c9 um destino conhecido pela sua diversidade de vida selvagem e paisagens, desde os lagos de flamingos do Grande Vale do Rift at\u00e9 ao Maasai Mara, rico em vida selvagem. \u00c9 um pa\u00eds onde a cultura tradicional \u00e9 tecida no tecido moderno da vida, desde ... <a href=\"https:\/\/safari-tours-africa.com\/pt\/kenya-a-safari-destination\/\">Continua\u00e7\u00e3o<\/a><\/p>","protected":false},"author":41,"featured_media":896,"parent":0,"menu_order":0,"comment_status":"closed","ping_status":"closed","template":"","meta":{"_acf_changed":false,"footnotes":""},"class_list":["post-1172","page","type-page","status-publish","has-post-thumbnail","hentry"],"acf":{"page_subheading":"Uncover a comprehensive overview of Kenya's top safari destinations, wildlife highlights, and practical advice for a seamless travel experience."},"_links":{"self":[{"href":"https:\/\/safari-tours-africa.com\/pt\/wp-json\/wp\/v2\/pages\/1172","targetHints":{"allow":["GET"]}}],"collection":[{"href":"https:\/\/safari-tours-africa.com\/pt\/wp-json\/wp\/v2\/pages"}],"about":[{"href":"https:\/\/safari-tours-africa.com\/pt\/wp-json\/wp\/v2\/types\/page"}],"author":[{"embeddable":true,"href":"https:\/\/safari-tours-africa.com\/pt\/wp-json\/wp\/v2\/users\/41"}],"replies":[{"embeddable":true,"href":"https:\/\/safari-tours-africa.com\/pt\/wp-json\/wp\/v2\/comments?post=1172"}],"version-history":[{"count":5,"href":"https:\/\/safari-tours-africa.com\/pt\/wp-json\/wp\/v2\/pages\/1172\/revisions"}],"predecessor-version":[{"id":1336,"href":"https:\/\/safari-tours-africa.com\/pt\/wp-json\/wp\/v2\/pages\/1172\/revisions\/1336"}],"wp:featuredmedia":[{"embeddable":true,"href":"https:\/\/safari-tours-africa.com\/pt\/wp-json\/wp\/v2\/media\/896"}],"wp:attachment":[{"href":"https:\/\/safari-tours-africa.com\/pt\/wp-json\/wp\/v2\/media?parent=1172"}],"curies":[{"name":"wp","href":"https:\/\/api.w.org\/{rel}","templated":true}]}}