{"id":1176,"date":"2024-01-22T15:46:04","date_gmt":"2024-01-22T15:46:04","guid":{"rendered":"https:\/\/safari-tours-africa.com\/?page_id=1176"},"modified":"2024-01-23T17:08:09","modified_gmt":"2024-01-23T17:08:09","slug":"uganda-um-destino-de-safari","status":"publish","type":"page","link":"https:\/\/safari-tours-africa.com\/pt\/uganda-a-safari-destination\/","title":{"rendered":"Uganda: Um destino de Safari"},"content":{"rendered":"<p>O Uganda \u00e9 um pa\u00eds que encarna verdadeiramente a ess\u00eancia crua do continente africano. \u00c9 uma terra onde o <strong>as savanas banhadas pelo sol encontram-se com as exuberantes florestas tropicais<\/strong>e onde o poderoso rio Nilo d\u00e1 vida a um ecossistema incrivelmente diversificado. A rica tape\u00e7aria de paisagens do Uganda abrange desde cadeias de montanhas cobertas de neve a lagos extensos e selvas densas.<\/p>\n\n\n\n<p>A sua diversidade cultural, com mais de 56 tribos, cada uma com os seus costumes, l\u00edngua e tradi\u00e7\u00f5es \u00fanicas, oferece um <strong>rico mosaico de experi\u00eancias culturais<\/strong>. Desde a aventura cheia de adrenalina do rafting no Nilo at\u00e9 \u00e0 tranquilidade de assistir a um p\u00f4r do sol na savana, o Uganda promete uma viagem de descoberta e maravilha a cada passo.<\/p>\n\n\n\n<figure class=\"wp-block-image size-full\"><img loading=\"lazy\" decoding=\"async\" width=\"2000\" height=\"1333\" src=\"https:\/\/safari-tours-africa.com\/wp-content\/uploads\/adult-female-gorilla-with-baby-scaled.webp\" alt=\"Gorila f\u00eamea adulta com beb\u00e9, Gorilla beringei beringei, na exuberante folhagem da floresta impenetr\u00e1vel de Bwindi, Uganda. Membros do grupo de habitua\u00e7\u00e3o da fam\u00edlia Muyambi do programa de conserva\u00e7\u00e3o\" class=\"wp-image-1234\"\/><figcaption class=\"wp-element-caption\">O Uganda \u00e9 sobretudo conhecido pelos passeios de gorila<\/figcaption><\/figure>\n\n\n\n<h2 class=\"wp-block-heading\">Que locais do Uganda devo visitar num safari?<\/h2>\n\n\n\n<h3 class=\"wp-block-heading\">1. Floresta Impenetr\u00e1vel de Bwindi<\/h3>\n\n\n\n<p>A <strong>Patrim\u00f3nio Mundial da UNESCO<\/strong>Bwindi n\u00e3o \u00e9 apenas o lar de um pouco menos de <strong>metade dos gorilas de montanha do mundo <\/strong>mas tamb\u00e9m serve de ref\u00fagio a elefantes, chimpanz\u00e9s e v\u00e1rias esp\u00e9cies de aves. A experi\u00eancia de caminhar por esta floresta antiga e coberta de n\u00e9voa para passar algum tempo com os gigantes gentis \u00e9 nada menos que m\u00e1gica. A biodiversidade da floresta estende-se para al\u00e9m dos seus habitantes mais famosos, com mais de 120 esp\u00e9cies de mam\u00edferos e mais de 350 esp\u00e9cies de aves, o que a torna uma \u00e1rea de conserva\u00e7\u00e3o cr\u00edtica.<\/p>\n\n\n\n<p>Visite a Floresta Impenetr\u00e1vel de Bwindi no <a href=\"https:\/\/safari-tours-africa.com\/pt\/passeios-de-safari\/3-day-uganda-gorilla-habituation-experience\/\">Experi\u00eancia de 3 dias de habitua\u00e7\u00e3o de gorilas no Uganda<\/a>.<\/p>\n\n\n\n<figure class=\"wp-block-image size-full\"><img loading=\"lazy\" decoding=\"async\" width=\"2000\" height=\"1203\" src=\"https:\/\/safari-tours-africa.com\/wp-content\/uploads\/landscape-in-southwestern-uganda-at-the-bwindi-impenetrable-forest-national-park-scaled.webp\" alt=\"Paisagem no sudoeste do Uganda, no Parque Nacional da Floresta Impenetr\u00e1vel de Bwindi, nas fronteiras do Uganda, Congo e Ruanda. O Parque Nacional de Bwindi \u00e9 o lar dos gorilas de montanha.\" class=\"wp-image-1236\"\/><figcaption class=\"wp-element-caption\">A Floresta Impenetr\u00e1vel de Bwindi oferece ref\u00fagio a uma grande col\u00f3nia de gorilas de montanha<\/figcaption><\/figure>\n\n\n\n<h3 class=\"wp-block-heading\">2. Parque Nacional Rainha Isabel<\/h3>\n\n\n\n<p>Os diversos ecossistemas deste parque fazem dele um microcosmo da experi\u00eancia de safari no Uganda. As savanas, as zonas h\u00famidas e as florestas do parque est\u00e3o repletas de vida selvagem. A paisagem \u00fanica <strong>le\u00f5es trepadores de \u00e1rvores de Ishasha<\/strong>, vastas manadas de b\u00fafalos e elefantes, e os famosos passeios de barco ao longo do <strong>Canal Kazinga<\/strong> oferecem uma exibi\u00e7\u00e3o espetacular da biodiversidade do parque. A localiza\u00e7\u00e3o do parque tamb\u00e9m proporciona vistas deslumbrantes sobre as montanhas Rwenzori e os lagos das crateras da regi\u00e3o.<\/p>\n\n\n\n<p>Visite o Parque Nacional Rainha Isabel no <a href=\"https:\/\/safari-tours-africa.com\/pt\/passeios-de-safari\/12-day-uganda-safari\/\">Safari de 12 dias no Uganda<\/a>.<\/p>\n\n\n\n<figure class=\"wp-block-image size-full\"><img loading=\"lazy\" decoding=\"async\" width=\"2000\" height=\"1331\" src=\"https:\/\/safari-tours-africa.com\/wp-content\/uploads\/elephant-in-queen-elizabeth-national-park.webp\" alt=\"Elefante no Parque Nacional Rainha Isabel, Uganda, \u00c1frica Oriental\" class=\"wp-image-1228\"\/><figcaption class=\"wp-element-caption\">Um elefante no Parque Nacional Rainha Isabel<\/figcaption><\/figure>\n\n\n\n<h3 class=\"wp-block-heading\">3. Parque Nacional de Kibale<\/h3>\n\n\n\n<p>Este parque \u00e9 um dos melhores locais em \u00c1frica para seguir o rasto <strong>chimpanz\u00e9s<\/strong>. Os 795 quil\u00f3metros quadrados de floresta tropical, pradarias e p\u00e2ntanos do parque proporcionam habitat para mais do que apenas chimpanz\u00e9s; \u00e9 tamb\u00e9m o lar de 13 outras esp\u00e9cies de primatas, tornando-o <strong>um dos parques de primatas mais diversificados e populosos do mundo<\/strong>. A observa\u00e7\u00e3o de aves em Kibale \u00e9 tamb\u00e9m excecional, com cerca de 375 esp\u00e9cies registadas.<\/p>\n\n\n\n<p>Visite o Parque Nacional de Kibale no <a href=\"https:\/\/safari-tours-africa.com\/pt\/passeios-de-safari\/15-day-uganda-rwanda-combined-safari\/\">Safari combinado de 15 dias no Uganda e no Ruanda<\/a>.<\/p>\n\n\n\n<figure class=\"wp-block-image size-full\"><img loading=\"lazy\" decoding=\"async\" width=\"2000\" height=\"1333\" src=\"https:\/\/safari-tours-africa.com\/wp-content\/uploads\/two-chimps-sitting-on-the-ground-in-kibale-forest-scaled.webp\" alt=\"Dois chimpanz\u00e9s sentados no ch\u00e3o na floresta de Kibale\" class=\"wp-image-1223\"\/><figcaption class=\"wp-element-caption\">Chimpanz\u00e9s divertem-se na companhia uns dos outros no Parque Nacional de Kibale<\/figcaption><\/figure>\n\n\n\n<h3 class=\"wp-block-heading\">4. Parque Nacional das Cataratas de Murchison<\/h3>\n\n\n\n<p>O nome deriva das dram\u00e1ticas Cataratas de Murchison, onde o<strong> Rio Nilo <\/strong>for\u00e7a o seu caminho atrav\u00e9s de um desfiladeiro estreito antes de mergulhar 43 metros, o parque \u00e9 <strong>A maior e mais antiga \u00e1rea de conserva\u00e7\u00e3o do Uganda<\/strong>. As vastas paisagens do parque s\u00e3o o lar de <strong>76 esp\u00e9cies de mam\u00edferos<\/strong>O Nilo oferece uma das melhores experi\u00eancias de pesca do mundo, especialmente da perca do Nilo. O pr\u00f3prio Nilo oferece uma das melhores experi\u00eancias de pesca do mundo, especialmente da perca do Nilo.<\/p>\n\n\n\n<p>Visite o Parque Nacional das Cataratas de Murchison no <a href=\"https:\/\/safari-tours-africa.com\/pt\/passeios-de-safari\/12-day-uganda-safari\/\">Safari de 12 dias no Uganda<\/a>.<\/p>\n\n\n\n<figure class=\"wp-block-image size-full\"><img loading=\"lazy\" decoding=\"async\" width=\"2000\" height=\"1325\" src=\"https:\/\/safari-tours-africa.com\/wp-content\/uploads\/boat-near-murchison-falls-scaled.webp\" alt=\"Bota no meio do nada, nas nascentes de \u00e1gua de Murchison Falls\" class=\"wp-image-1265\"\/><figcaption class=\"wp-element-caption\">Um passeio de barco pelas deslumbrantes Cataratas de Murchison<\/figcaption><\/figure>\n\n\n\n<h3 class=\"wp-block-heading\">5. Parque Nacional do Lago Mburo<\/h3>\n\n\n\n<p>Este parque oferece uma experi\u00eancia de safari serena, <strong>longe das grandes multid\u00f5es<\/strong> encontrados noutros parques. \u00c9 o local perfeito para ver zebras, elandes e impalas, bem como uma incr\u00edvel variedade de aves. Os habitats variados do parque, que incluem encostas secas, afloramentos rochosos, arbustos, matagais, savanas abertas e arborizadas, florestas, lagos e p\u00e2ntanos, fazem dele um parque de <strong>localiza\u00e7\u00e3o privilegiada para safaris a p\u00e9<\/strong>.<\/p>\n\n\n\n<p>Visite o Parque Nacional do Lago Mburo no <a href=\"https:\/\/safari-tours-africa.com\/pt\/passeios-de-safari\/15-day-uganda-rwanda-combined-safari\/\">Safari combinado de 15 dias no Uganda e no Ruanda<\/a>.<\/p>\n\n\n\n<figure class=\"wp-block-image size-full\"><img loading=\"lazy\" decoding=\"async\" width=\"2000\" height=\"1325\" src=\"https:\/\/safari-tours-africa.com\/wp-content\/uploads\/group-of-zebras-in-lake-mburo-national-park-in-uganda-scaled.webp\" alt=\"Grupo de zebras no parque nacional do lago Mburo, no Uganda\" class=\"wp-image-1248\"\/><figcaption class=\"wp-element-caption\">Zebras junto \u00e0s \u00e1guas do Lago Mburo<\/figcaption><\/figure>\n\n\n\n<h2 class=\"wp-block-heading\">Qual \u00e9 a melhor altura para visitar o Uganda?<\/h2>\n\n\n\n<p>A melhor altura para os safaris de vida selvagem no Uganda \u00e9 durante as esta\u00e7\u00f5es secas <strong>de junho a agosto e de dezembro a fevereiro<\/strong>. A observa\u00e7\u00e3o da vida selvagem \u00e9 geralmente melhor nesta altura, porque a vegeta\u00e7\u00e3o \u00e9 menos densa e os animais re\u00fanem-se \u00e0 volta das fontes de \u00e1gua. No entanto, as paisagens verdejantes do Uganda s\u00e3o mais bonitas durante a esta\u00e7\u00e3o das chuvas e esta \u00e9 tamb\u00e9m a melhor altura para a observa\u00e7\u00e3o de aves, uma vez que as aves migrat\u00f3rias est\u00e3o presentes.<\/p>\n\n\n\n<figure class=\"wp-block-image size-full\"><img loading=\"lazy\" decoding=\"async\" width=\"2000\" height=\"1073\" src=\"https:\/\/safari-tours-africa.com\/wp-content\/uploads\/nile-river-in-uganda-scaled.webp\" alt=\"Rio Nilo, Uganda\" class=\"wp-image-1255\"\/><figcaption class=\"wp-element-caption\">A melhor altura para ver a vida selvagem no Uganda \u00e9 durante as esta\u00e7\u00f5es secas<\/figcaption><\/figure>\n\n\n\n<h2 class=\"wp-block-heading\">O Uganda \u00e9 seguro?<\/h2>\n\n\n\n<p>Embora o Uganda seja geralmente um destino seguro para os turistas, \u00e9 crucial observar as precau\u00e7\u00f5es gerais de seguran\u00e7a, especialmente nas grandes cidades. Podem ocorrer pequenos furtos, pelo que \u00e9 aconselh\u00e1vel <strong>manter os objectos de valor seguros <\/strong>e esteja atento ao que o rodeia. Quando estiver a fazer um safari, ou\u00e7a sempre as instru\u00e7\u00f5es do seu guia - eles s\u00e3o treinados para garantir a sua seguran\u00e7a perto da vida selvagem.<\/p>\n\n\n\n<figure class=\"wp-block-image size-large\"><img decoding=\"async\" src=\"https:\/\/safari-tours-africa.com\/wp-content\/uploads\/aerial-view-of-kampala-city-seen-from-gaddaffi-mosque-1024x683.webp\" alt=\"Vista a\u00e9rea da cidade de Kampala vista da Mesquita Gaddaffi, Uganda\" class=\"wp-image-1315\"\/><figcaption class=\"wp-element-caption\">Seguir as precau\u00e7\u00f5es de seguran\u00e7a normais nas grandes cidades para evitar pequenos furtos<\/figcaption><\/figure>\n\n\n\n<h2 class=\"wp-block-heading\">\u00c9 necess\u00e1rio um visto para entrar no Uganda?<\/h2>\n\n\n\n<p>A maioria dos visitantes do Uganda chega pelo Aeroporto Internacional de Entebbe. V\u00e1rias nacionalidades podem candidatar-se a um <strong>visto eletr\u00f3nico ou obter um visto \u00e0 chegada<\/strong>. Recomenda-se que verifique os \u00faltimos requisitos em mat\u00e9ria de vistos junto de fontes oficiais antes da sua viagem. Certifique-se de que o seu passaporte \u00e9 v\u00e1lido durante, pelo menos, seis meses ap\u00f3s a partida prevista do Uganda.<\/p>\n\n\n\n<figure class=\"wp-block-image size-full\"><img loading=\"lazy\" decoding=\"async\" width=\"2000\" height=\"1333\" src=\"https:\/\/safari-tours-africa.com\/wp-content\/uploads\/usa-visa-in-a-passport-background-scaled.webp\" alt=\"Visto dos EUA num fundo de passaporte\" class=\"wp-image-1296\"\/><figcaption class=\"wp-element-caption\">Verifique os requisitos de visto para o seu pa\u00eds antes da sua viagem<\/figcaption><\/figure>\n\n\n\n<h2 class=\"wp-block-heading\">Como s\u00e3o os transportes locais no Uganda?<\/h2>\n\n\n\n<p>Os transportes no Uganda variam entre andar a p\u00e9 e de bicicleta nas zonas mais remotas e utilizar <strong>matatus<\/strong> (minibusses partilhados) e <strong>boda-bodas<\/strong> (moto-t\u00e1xis) nas zonas urbanas. Para dist\u00e2ncias mais longas e viagens a parques nacionais, os ve\u00edculos privados ou as excurs\u00f5es organizadas s\u00e3o as op\u00e7\u00f5es mais c\u00f3modas e seguras.<\/p>\n\n\n\n<figure class=\"wp-block-image size-large\"><img decoding=\"async\" src=\"https:\/\/safari-tours-africa.com\/wp-content\/uploads\/public-transportation-in-uganda-683x1024.webp\" alt=\"Transportes p\u00fablicos no Uganda\" class=\"wp-image-1316\"\/><figcaption class=\"wp-element-caption\">Transporte local no Uganda<\/figcaption><\/figure>\n\n\n\n<h2 class=\"wp-block-heading\">Quais s\u00e3o as op\u00e7\u00f5es de alojamento no Uganda?<\/h2>\n\n\n\n<p>As op\u00e7\u00f5es de alojamento no Uganda v\u00e3o desde os luxuosos alojamentos e campos de tendas no cora\u00e7\u00e3o dos parques nacionais at\u00e9 aos albergues para mochileiros e pens\u00f5es nas cidades. Muitos alojamentos e campos oferecem vistas deslumbrantes, um excelente servi\u00e7o e f\u00e1cil acesso \u00e0s actividades de safari. Tamb\u00e9m est\u00e3o dispon\u00edveis pousadas ecol\u00f3gicas e alojamentos comunit\u00e1rios para quem procura uma experi\u00eancia mais sustent\u00e1vel e envolvente.<\/p>\n\n\n\n<figure class=\"wp-block-image size-large\"><img decoding=\"async\" src=\"https:\/\/safari-tours-africa.com\/wp-content\/uploads\/luxury-lodge-in-murchison-falls-national-park-1024x683.webp\" alt=\"Casa de banho de um alojamento de luxo, Murchison Falls, Uganda.\" class=\"wp-image-1317\"\/><figcaption class=\"wp-element-caption\">Alojamento de luxo no Parque Nacional das Cataratas de Murchison<\/figcaption><\/figure>\n\n\n\n<h2 class=\"wp-block-heading\">Que mais posso fazer no Uganda para al\u00e9m de ver a vida selvagem?<\/h2>\n\n\n\n<p>As diversas paisagens do Uganda oferecem uma s\u00e9rie de actividades para al\u00e9m dos tradicionais safaris. <strong>Caminhada com gorilas e chimpanz\u00e9s<\/strong> est\u00e3o entre as experi\u00eancias mais \u00fanicas e procuradas. Os lagos e rios do pa\u00eds s\u00e3o ideais para <strong>pesca, passeios de barco e rafting<\/strong>. As excurs\u00f5es culturais permitem conhecer as tradi\u00e7\u00f5es locais e os estilos de vida dos muitos grupos \u00e9tnicos do Uganda.<\/p>\n\n\n\n<figure class=\"wp-block-image size-full\"><img loading=\"lazy\" decoding=\"async\" width=\"2000\" height=\"1333\" src=\"https:\/\/safari-tours-africa.com\/wp-content\/uploads\/extreme-whitewater-rafting-in-jinja-scaled.webp\" alt=\"Rafting extremo em Jinja, Uganda\" class=\"wp-image-1210\"\/><figcaption class=\"wp-element-caption\">Rafting nas \u00e1guas brancas do rio Nilo<\/figcaption><\/figure>\n\n\n\n<h2 class=\"wp-block-heading\">Como \u00e9 a comida?<\/h2>\n\n\n\n<p>A cozinha ugandesa \u00e9 t\u00e3o <strong>diversos<\/strong> como a sua cultura. Alimentos b\u00e1sicos como o matoke (bananas verdes cozidas e amassadas), o posho (papa de farinha de milho) e o luwombo (guisado cozinhado em folhas de bananeira) s\u00e3o normalmente servidos juntamente com pratos de carne e legumes. A comida de rua, como o Rolex (um chapati recheado com ovos e legumes), oferece uma op\u00e7\u00e3o r\u00e1pida e saborosa para refei\u00e7\u00f5es em viagem.<\/p>\n\n\n\n<figure class=\"wp-block-image size-large\"><img decoding=\"async\" src=\"https:\/\/safari-tours-africa.com\/wp-content\/uploads\/ugandan-cuisine-1024x447.webp\" alt=\"Cozinha ugandesa num buffet\" class=\"wp-image-1318\"\/><figcaption class=\"wp-element-caption\">Cozinha ugandesa<\/figcaption><\/figure>\n\n\n\n<h2 class=\"wp-block-heading\">Quais s\u00e3o algumas dicas de etiqueta para quando estiver no Uganda?<\/h2>\n\n\n\n<p><strong>A gorjeta \u00e9 apreciada<\/strong> no Uganda, especialmente no que diz respeito a um bom servi\u00e7o nos sectores do turismo e da hotelaria. O respeito pelos costumes e tradi\u00e7\u00f5es locais \u00e9 importante, especialmente quando se visita comunidades rurais e tribais. Aprender algumas frases b\u00e1sicas nas l\u00ednguas locais pode melhorar muito as suas interac\u00e7\u00f5es e \u00e9 muitas vezes calorosamente recebido pelos habitantes locais.<\/p>\n\n\n\n<figure class=\"wp-block-image size-large\"><img decoding=\"async\" src=\"https:\/\/safari-tours-africa.com\/wp-content\/uploads\/two-kids-walking-hugged-in-uganda-1024x683.webp\" alt=\"rapazes a caminhar de bra\u00e7o dado no Uganda, \u00c1frica\" class=\"wp-image-1314\"\/><figcaption class=\"wp-element-caption\">Respeitar os costumes locais \u00e9 muito importante no Uganda<\/figcaption><\/figure>\n\n\n\n<h2 class=\"wp-block-heading\">Porqu\u00ea escolher a Safari Tours Africa para viajar para o Uganda?<\/h2>\n\n\n\n<p>O Uganda oferece uma mistura \u00fanica de vida selvagem, aventura e cultura. Desde a adrenalina de um passeio de gorila at\u00e9 \u00e0 tranquilidade de um p\u00f4r do sol sobre o Nilo, um <a href=\"https:\/\/safari-tours-africa.com\/pt\/uganda\/\">viagem de safari no Uganda<\/a> \u00e9 uma viagem atrav\u00e9s de uma paisagem natural vibrante e diversificada. O calor do seu povo e a riqueza da sua cultura acrescentam profundidade e cor \u00e0 experi\u00eancia do safari de vida selvagem, fazendo do Uganda um destino verdadeiramente inesquec\u00edvel.<\/p>","protected":false},"excerpt":{"rendered":"<p>O Uganda \u00e9 um pa\u00eds que incorpora verdadeiramente a ess\u00eancia crua do continente africano. \u00c9 uma terra onde as savanas banhadas pelo sol se encontram com exuberantes florestas tropicais e onde o poderoso rio Nilo d\u00e1 vida a um ecossistema incrivelmente diversificado. A rica tape\u00e7aria de paisagens do Uganda abrange desde cadeias de montanhas cobertas de neve a lagos extensos e selvas densas. A sua cultura ... <a href=\"https:\/\/safari-tours-africa.com\/pt\/uganda-a-safari-destination\/\">Continua\u00e7\u00e3o<\/a><\/p>","protected":false},"author":41,"featured_media":1284,"parent":0,"menu_order":0,"comment_status":"closed","ping_status":"closed","template":"","meta":{"_acf_changed":false,"footnotes":""},"class_list":["post-1176","page","type-page","status-publish","has-post-thumbnail","hentry"],"acf":{"page_subheading":"Explore Uganda's majestic wildlife, rich cultural heritage, and stunning landscapes with our in-depth guide, ensuring a transformative safari adventure."},"_links":{"self":[{"href":"https:\/\/safari-tours-africa.com\/pt\/wp-json\/wp\/v2\/pages\/1176","targetHints":{"allow":["GET"]}}],"collection":[{"href":"https:\/\/safari-tours-africa.com\/pt\/wp-json\/wp\/v2\/pages"}],"about":[{"href":"https:\/\/safari-tours-africa.com\/pt\/wp-json\/wp\/v2\/types\/page"}],"author":[{"embeddable":true,"href":"https:\/\/safari-tours-africa.com\/pt\/wp-json\/wp\/v2\/users\/41"}],"replies":[{"embeddable":true,"href":"https:\/\/safari-tours-africa.com\/pt\/wp-json\/wp\/v2\/comments?post=1176"}],"version-history":[{"count":5,"href":"https:\/\/safari-tours-africa.com\/pt\/wp-json\/wp\/v2\/pages\/1176\/revisions"}],"predecessor-version":[{"id":1322,"href":"https:\/\/safari-tours-africa.com\/pt\/wp-json\/wp\/v2\/pages\/1176\/revisions\/1322"}],"wp:featuredmedia":[{"embeddable":true,"href":"https:\/\/safari-tours-africa.com\/pt\/wp-json\/wp\/v2\/media\/1284"}],"wp:attachment":[{"href":"https:\/\/safari-tours-africa.com\/pt\/wp-json\/wp\/v2\/media?parent=1176"}],"curies":[{"name":"wp","href":"https:\/\/api.w.org\/{rel}","templated":true}]}}