{"id":1180,"date":"2024-01-22T16:27:34","date_gmt":"2024-01-22T16:27:34","guid":{"rendered":"https:\/\/safari-tours-africa.com\/?page_id=1180"},"modified":"2024-01-23T16:46:33","modified_gmt":"2024-01-23T16:46:33","slug":"africa-do-sul-um-destino-de-safari","status":"publish","type":"page","link":"https:\/\/safari-tours-africa.com\/pt\/south-africa-a-safari-destination\/","title":{"rendered":"\u00c1frica do Sul: Um Destino de Safari"},"content":{"rendered":"<p>A \u00c1frica do Sul \u00e9 um mundo num s\u00f3 pa\u00eds, uma na\u00e7\u00e3o rica em diversidade, n\u00e3o s\u00f3 em termos do seu povo e cultura, mas tamb\u00e9m das suas maravilhas naturais. Desde o ic\u00f3nico <strong>Montanha da Mesa<\/strong> para o extenso <strong>Parque Nacional Kruger<\/strong>cada canto da \u00c1frica do Sul conta uma hist\u00f3ria.<\/p>\n\n\n\n<p>A complexa hist\u00f3ria da na\u00e7\u00e3o, as cidades vibrantes e as paisagens deslumbrantes fazem dela um destino \u00fanico que satisfaz uma vasta gama de interesses e actividades. Quer seja a bebericar um bom vinho nas Vinhas do Cabo, a explorar os hist\u00f3ricos campos de batalha ou a embarcar num safari pela vida selvagem, a \u00c1frica do Sul oferece uma vasta gama de actividades. <strong>experi\u00eancia imersiva e multifacetada<\/strong>.<\/p>\n\n\n\n<figure class=\"wp-block-image size-full\"><img loading=\"lazy\" decoding=\"async\" width=\"2000\" height=\"857\" src=\"https:\/\/safari-tours-africa.com\/wp-content\/uploads\/giraffe-in-the-bush-of-kruger-national-park-south-africa-scaled.webp\" alt=\"Girafa no mato do parque nacional Kruger, \u00c1frica do Sul. Girafa ao amanhecer no parque Kruger, \u00c1frica do Sul\" class=\"wp-image-1205\"\/><figcaption class=\"wp-element-caption\">Visitar girafas no Parque Nacional Kruger<\/figcaption><\/figure>\n\n\n\n<h2 class=\"wp-block-heading\">Que locais na \u00c1frica do Sul devo visitar num safari?<\/h2>\n\n\n\n<h3 class=\"wp-block-heading\">1. Parque Nacional Kruger e reservas privadas circundantes<\/h3>\n\n\n\n<p>O Parque Nacional Kruger \u00e9 a pedra angular dos safaris sul-africanos. Esta vasta \u00e1rea selvagem \u00e9 o lar de um n\u00famero impressionante de esp\u00e9cies, incluindo o <strong>Grande 5<\/strong>. A acessibilidade do parque e as suas infra-estruturas bem desenvolvidas tornam-no ideal tanto para os visitantes de primeira viagem como para os amantes de safaris. Arredores do parque, <strong>reservas privadas<\/strong> como Sabi Sands e Thornybush oferecem experi\u00eancias de safari exclusivas, com alojamentos luxuosos e safaris guiados que proporcionam encontros \u00edntimos com a vida selvagem.<\/p>\n\n\n\n<p>Visite o Parque Nacional Kruger e os seus arredores no <a href=\"https:\/\/safari-tours-africa.com\/pt\/passeios-de-safari\/5-day-panorama-route-to-kruger-national-park-safari\/\">Safari de 5 dias na Panorama Route at\u00e9 ao Parque Nacional Kruger<\/a>.<\/p>\n\n\n\n<figure class=\"wp-block-image size-full\"><img loading=\"lazy\" decoding=\"async\" width=\"2000\" height=\"1325\" src=\"https:\/\/safari-tours-africa.com\/wp-content\/uploads\/sunrise-at-kruger-national-park-scaled.webp\" alt=\"Nascer do sol no Parque Nacional Kruger\" class=\"wp-image-1192\"\/><figcaption class=\"wp-element-caption\">Nascer do sol sobre o Parque Nacional Kruger<\/figcaption><\/figure>\n\n\n\n<h3 class=\"wp-block-heading\">2. Parque Nacional de Pilanesberg<\/h3>\n\n\n\n<p>Aninhado na cratera de um antigo vulc\u00e3o, o Parque Nacional de Pilanesberg oferece uma paisagem \u00fanica e \u00e9 um dos poucos locais na \u00c1frica do Sul onde os visitantes podem ver praticamente todos os \"Big 5\" num s\u00f3 dia. <strong>ambiente livre de mal\u00e1ria<\/strong>. A proximidade do parque com Joanesburgo e Sun City torna-o uma escolha conveniente para os viajantes que procuram combinar um safari com outras actividades de lazer.<\/p>\n\n\n\n<figure class=\"wp-block-image size-large\"><img decoding=\"async\" src=\"https:\/\/safari-tours-africa.com\/wp-content\/uploads\/beautiful-zebra-standing-on-dry-grass-at-pilanesberg-national-park-on-a-sunny-day-1024x731.webp\" alt=\"Bela zebra parada na erva seca no Parque Nacional de Pilanesberg num dia de sol\" class=\"wp-image-1303\"\/><figcaption class=\"wp-element-caption\">Zebra no Parque Nacional de Pilanesberg num dia de sol<\/figcaption><\/figure>\n\n\n\n<h3 class=\"wp-block-heading\">3. Reserva de ca\u00e7a de Madikwe<\/h3>\n\n\n\n<p>Localizado <strong>ao longo da fronteira com o Botsuana<\/strong> e conhecida pelos seus esfor\u00e7os de conserva\u00e7\u00e3o, a Reserva de Ca\u00e7a de Madikwe \u00e9 um para\u00edso para a vida selvagem. A reserva \u00e9 conhecida pelo seu sucesso <strong>programa de cria\u00e7\u00e3o de c\u00e3es selvagens<\/strong> e oferece a oportunidade de ver estes predadores raros no seu habitat natural. Os diversos ecossistemas de Madikwe suportam uma grande variedade de esp\u00e9cies, proporcionando uma rica experi\u00eancia de safari.<\/p>\n\n\n\n<figure class=\"wp-block-image size-large\"><img decoding=\"async\" src=\"https:\/\/safari-tours-africa.com\/wp-content\/uploads\/safari-game-drive-in-madikwe-reserve-1024x683.webp\" alt=\"Dois elefantes adultos, Loxdonta Africana, caminhando sobre areia vermelha. Vista posterior. Safari na Reserva de Madikwe, \u00c1frica do Sul, perto do Botswana e do deserto do Kalahari. O elefante africano faz parte dos Cinco Grandes.\" class=\"wp-image-1304\"\/><figcaption class=\"wp-element-caption\">Um par de elefantes a passear na Reserva de Ca\u00e7a de Madikwe<\/figcaption><\/figure>\n\n\n\n<h3 class=\"wp-block-heading\">4. As reservas do Cabo Oriental<\/h3>\n\n\n\n<p>Estas reservas oferecem uma mistura de conveni\u00eancia e observa\u00e7\u00e3o da vida selvagem, sendo muitas delas <strong>livre de mal\u00e1ria e familiar<\/strong>. O Cabo Oriental \u00e9 o lar de v\u00e1rias reservas privadas onde os visitantes podem desfrutar de uma experi\u00eancia de safari mais isolada, enquanto ainda t\u00eam a oportunidade de ver os Big 5.<\/p>\n\n\n\n<figure class=\"wp-block-image size-large\"><img decoding=\"async\" src=\"https:\/\/safari-tours-africa.com\/wp-content\/uploads\/east-london-coast-nature-reserve-1024x683.webp\" alt=\"Rochas no Oceano \u00cdndico na Reserva Natural da Costa Leste de Londres, prov\u00edncia do Cabo Oriental, \u00c1frica do Sul\" class=\"wp-image-1305\"\/><figcaption class=\"wp-element-caption\">Vistas costeiras das Reservas do Cabo Oriental<\/figcaption><\/figure>\n\n\n\n<h3 class=\"wp-block-heading\">5. O Kalahari<\/h3>\n\n\n\n<p>A savana semi-\u00e1rida do Kalahari oferece uma paisagem totalmente diferente da t\u00edpica savana associada aos safaris. O Parque Transfronteiri\u00e7o de Kgalagadi, no Kalahari, \u00e9 conhecido pelas suas <strong>areias vermelhas<\/strong>A vida selvagem \u00fanica e a experi\u00eancia not\u00e1vel de <strong>safaris no deserto<\/strong>. \u00c9 um lugar onde se pode testemunhar a natureza na sua forma mais crua e indom\u00e1vel.<\/p>\n\n\n\n<figure class=\"wp-block-image size-large\"><img decoding=\"async\" src=\"https:\/\/safari-tours-africa.com\/wp-content\/uploads\/dune-rosse-del-kalahari-al-tramonto-stockpack-adobe-stock-1024x680.webp\" alt=\"dune rosse del kalahari al tramonto\" class=\"wp-image-1306\"\/><figcaption class=\"wp-element-caption\">A paisagem de areia vermelha do Kalahari<\/figcaption><\/figure>\n\n\n\n<h2 class=\"wp-block-heading\">Qual \u00e9 a melhor altura para visitar a \u00c1frica do Sul?<\/h2>\n\n\n\n<p>A altura ideal para visitar a \u00c1frica do Sul para um safari \u00e9 durante o<strong> esta\u00e7\u00e3o seca (maio a setembro)<\/strong>A \u00c1frica do Sul \u00e9 o pa\u00eds mais quente do mundo, quando a vida selvagem \u00e9 mais f\u00e1cil de observar, uma vez que os animais se re\u00fanem em torno de fontes de \u00e1gua. No entanto, a diversidade clim\u00e1tica da \u00c1frica do Sul significa que o pa\u00eds pode ser visitado durante todo o ano. O <strong>Regi\u00e3o do Cabo<\/strong>por exemplo, tem a sua esta\u00e7\u00e3o seca durante os meses de ver\u00e3o (novembro a fevereiro), que \u00e9 a melhor altura para desfrutar das suas praias e actividades ao ar livre.<\/p>\n\n\n\n<figure class=\"wp-block-image size-full\"><img loading=\"lazy\" decoding=\"async\" width=\"2000\" height=\"1082\" src=\"https:\/\/safari-tours-africa.com\/wp-content\/uploads\/landscape-with-a-dirt-road-and-african-savanna-in-the-kruger-national-park-scaled.webp\" alt=\"Paisagem com uma estrada de terra e uma savana africana no Parque Nacional Kruger na \u00c1frica do Sul imagem em formato horizontal\" class=\"wp-image-1197\"\/><figcaption class=\"wp-element-caption\">A esta\u00e7\u00e3o seca vai de maio a setembro na \u00c1frica do Sul<\/figcaption><\/figure>\n\n\n\n<h2 class=\"wp-block-heading\">A \u00c1frica do Sul \u00e9 segura?<\/h2>\n\n\n\n<p>Embora a \u00c1frica do Sul ofere\u00e7a uma experi\u00eancia de viagem rica, \u00e9 essencial ter em aten\u00e7\u00e3o a seguran\u00e7a, especialmente nas grandes cidades. Recomenda-se que leve <strong>precau\u00e7\u00f5es normais<\/strong>A seguran\u00e7a deve ser garantida, nomeadamente mantendo os objectos de valor em seguran\u00e7a e estando atento ao que o rodeia. Nas zonas de safari, \u00e9 fundamental seguir as orienta\u00e7\u00f5es dos guias e do pessoal do alojamento para garantir uma experi\u00eancia segura e agrad\u00e1vel.<\/p>\n\n\n\n<figure class=\"wp-block-image size-full\"><img loading=\"lazy\" decoding=\"async\" width=\"2000\" height=\"1043\" src=\"https:\/\/safari-tours-africa.com\/wp-content\/uploads\/nelson-mandela-bridge-and-johannesburg-city-at-sunset-scaled.webp\" alt=\"Ponte Nelson Mandela e cidade de Joanesburgo ao p\u00f4r do sol\" class=\"wp-image-1189\"\/><figcaption class=\"wp-element-caption\">Vista de Joanesburgo<\/figcaption><\/figure>\n\n\n\n<h2 class=\"wp-block-heading\">Preciso de um visto para entrar na \u00c1frica do Sul?<\/h2>\n\n\n\n<p>A \u00c1frica do Sul est\u00e1 bem conectada com aeroportos internacionais nas principais cidades, como Joanesburgo, Cidade do Cabo e Durban. O pa\u00eds tem um <strong>rede rodovi\u00e1ria completa<\/strong>tornando a condu\u00e7\u00e3o aut\u00f3noma uma op\u00e7\u00e3o popular para explorar. <strong>Os requisitos de visto variam consoante a nacionalidade<\/strong>Por isso, \u00e9 aconselh\u00e1vel verificar as informa\u00e7\u00f5es mais recentes de fontes oficiais antes de planear a sua viagem.<\/p>\n\n\n\n<figure class=\"wp-block-image size-full\"><img loading=\"lazy\" decoding=\"async\" width=\"2000\" height=\"1333\" src=\"https:\/\/safari-tours-africa.com\/wp-content\/uploads\/usa-visa-in-a-passport-background-scaled.webp\" alt=\"Visto dos EUA num fundo de passaporte\" class=\"wp-image-1296\"\/><figcaption class=\"wp-element-caption\">Verifique os requisitos de visto para o seu pa\u00eds antes da sua viagem<\/figcaption><\/figure>\n\n\n\n<h2 class=\"wp-block-heading\">Como s\u00e3o os transportes locais na \u00c1frica do Sul?<\/h2>\n\n\n\n<p>A \u00c1frica do Sul oferece uma s\u00e9rie de op\u00e7\u00f5es de transporte para satisfazer todas as prefer\u00eancias. As estradas do pa\u00eds est\u00e3o geralmente em boas condi\u00e7\u00f5es, tornando <strong>condu\u00e7\u00e3o aut\u00f3noma<\/strong> uma op\u00e7\u00e3o vi\u00e1vel. Para dist\u00e2ncias mais longas ou para chegar a destinos de safari remotos, <strong>voos dom\u00e9sticos<\/strong> est\u00e3o dispon\u00edveis. Nas reservas de ca\u00e7a, s\u00e3o utilizados ve\u00edculos de safari abertos para os passeios de ca\u00e7a, proporcionando uma vis\u00e3o desobstru\u00edda da vida selvagem.<\/p>\n\n\n\n<figure class=\"wp-block-image size-large\"><img decoding=\"async\" src=\"https:\/\/safari-tours-africa.com\/wp-content\/uploads\/roads-in-south-africa-1024x571.webp\" alt=\"Pequeno karoo na \u00c1frica do Sul, estrada e montanha ao fundo\" class=\"wp-image-1307\"\/><figcaption class=\"wp-element-caption\">As estradas na \u00c1frica do Sul est\u00e3o geralmente em bom estado<\/figcaption><\/figure>\n\n\n\n<h2 class=\"wp-block-heading\">Quais s\u00e3o as op\u00e7\u00f5es de alojamento na \u00c1frica do Sul?<\/h2>\n\n\n\n<p>Op\u00e7\u00f5es de alojamento na \u00c1frica do Sul <strong>para todos os gostos<\/strong>Os hot\u00e9is e os alojamentos para safaris s\u00e3o muito variados, desde luxuosos alojamentos para safaris e hot\u00e9is boutique a pens\u00f5es e parques de campismo econ\u00f3micos. Nas zonas de safaris, as op\u00e7\u00f5es v\u00e3o desde acampamentos r\u00fasticos no mato a alojamentos opulentos, oferecendo uma variedade de experi\u00eancias e comodidades.<\/p>\n\n\n\n<figure class=\"wp-block-image size-large\"><img decoding=\"async\" src=\"https:\/\/safari-tours-africa.com\/wp-content\/uploads\/row-of-thatch-roof-rondawel-huts-at-the-olifants-rest-camp-in-kruger-national-park-1024x705.webp\" alt=\"Fila de cabanas rondawel com telhado de colmo no Olifants Rest Camp, na reserva de ca\u00e7a do Parque Nacional Kruger, na \u00c1frica do Sul\" class=\"wp-image-1308\"\/><figcaption class=\"wp-element-caption\">Alojamentos simples no Parque Nacional Kruger<\/figcaption><\/figure>\n\n\n\n<h2 class=\"wp-block-heading\">Que mais posso fazer na \u00c1frica do Sul para al\u00e9m de ver a vida selvagem?<\/h2>\n\n\n\n<p>Para al\u00e9m dos safaris de vida selvagem, a \u00c1frica do Sul oferece uma grande variedade de actividades e experi\u00eancias. <strong>Visitas culturais<\/strong> fornecem informa\u00e7\u00f5es sobre a hist\u00f3ria e as diversas culturas do pa\u00eds. A beleza c\u00e9nica de locais como o <a href=\"https:\/\/safari-tours-africa.com\/pt\/passeios-de-safari\/4-day-panorama-route-to-kruger-national-park-safari\/\"><strong>Rota Panorama<\/strong><\/a> e as montanhas Drakensberg atraem os amantes da natureza e os que procuram aventura. Para aqueles que procuram relaxar, o <strong>praias e vinhedos do pa\u00eds<\/strong> oferecem um ref\u00fagio perfeito.<\/p>\n\n\n\n<figure class=\"wp-block-image size-full\"><img loading=\"lazy\" decoding=\"async\" width=\"2000\" height=\"1125\" src=\"https:\/\/safari-tours-africa.com\/wp-content\/uploads\/panorama-route-south-africa-scaled.webp\" alt=\"Panorama Route \u00c1frica do Sul, desfiladeiro do rio Blyde com os tr\u00eas rondavels, vista de tr\u00eas rondavels e do desfiladeiro do rio Blyde na \u00c1frica do Sul. Mulheres asi\u00e1ticas e homens caucasianos em f\u00e9rias na \u00c1frica do Sul\" class=\"wp-image-900\"\/><figcaption class=\"wp-element-caption\">Vista da Panorama Route na \u00c1frica do Sul<\/figcaption><\/figure>\n\n\n\n<h2 class=\"wp-block-heading\">Como \u00e9 a comida?<\/h2>\n\n\n\n<p>A cozinha sul-africana \u00e9 uma <strong>reflexo da diversidade cultural do pa\u00eds<\/strong>. A cena gastron\u00f3mica oferece tudo, desde os tradicionais braais (churrascos) e biltong (carne seca e curada) a experi\u00eancias gastron\u00f3micas requintadas nas Cape Winelands. O pa\u00eds \u00e9 tamb\u00e9m conhecido pelas suas <strong>vinho<\/strong>regi\u00f5es como Stellenbosch e Franschhoek s\u00e3o visitas obrigat\u00f3rias para os entusiastas do vinho.<\/p>\n\n\n\n<figure class=\"wp-block-image size-large\"><img decoding=\"async\" src=\"https:\/\/safari-tours-africa.com\/wp-content\/uploads\/south-african-street-food-1024x683.webp\" alt=\"Comida de rua sul-africana - espetos e p\u00e9s de frango grelhados\" class=\"wp-image-1309\"\/><figcaption class=\"wp-element-caption\">Comida de rua na \u00c1frica do Sul<\/figcaption><\/figure>\n\n\n\n<h2 class=\"wp-block-heading\">Quais s\u00e3o algumas dicas de etiqueta para quando estiver na \u00c1frica do Sul?<\/h2>\n\n\n\n<p><strong>A gorjeta \u00e9 habitual <\/strong>na \u00c1frica do Sul para um bom servi\u00e7o em restaurantes, guias de safari e outros sectores de servi\u00e7os. Compreender os costumes locais, respeitar o ambiente e envolver-se com as comunidades de forma respons\u00e1vel s\u00e3o essenciais para uma experi\u00eancia de viagem positiva e com impacto.<\/p>\n\n\n\n<figure class=\"wp-block-image size-large\"><img decoding=\"async\" src=\"https:\/\/safari-tours-africa.com\/wp-content\/uploads\/safari-guide-in-south-africa-1024x683.webp\" alt=\"Guia de safari num jipe com um sinal de calma a olhar para rinocerontes em estado selvagem\" class=\"wp-image-1310\"\/><figcaption class=\"wp-element-caption\">As gorjetas s\u00e3o muito apreciadas pelos guias de safaris<\/figcaption><\/figure>\n\n\n\n<h2 class=\"wp-block-heading\">Porqu\u00ea escolher a Safari Tours Africa para viajar para a \u00c1frica do Sul?<\/h2>\n\n\n\n<p>A <a href=\"https:\/\/safari-tours-africa.com\/pt\/africa-do-sul\/\">safari na \u00c1frica do Sul<\/a> n\u00e3o \u00e9 apenas uma viagem atrav\u00e9s de um para\u00edso de vida selvagem; \u00e9 uma explora\u00e7\u00e3o de uma terra repleta de hist\u00f3ria, cultura e beleza natural. Desde a ic\u00f3nica Table Mountain at\u00e9 ao Parque Nacional Kruger, rico em vida selvagem, um safari sul-africano oferece uma aventura sem paralelo que combina a emo\u00e7\u00e3o da vida selvagem com o calor do seu povo.<\/p>","protected":false},"excerpt":{"rendered":"<p>A \u00c1frica do Sul \u00e9 um mundo num s\u00f3 pa\u00eds, uma na\u00e7\u00e3o rica em diversidade, n\u00e3o s\u00f3 em termos do seu povo e cultura, mas tamb\u00e9m das suas maravilhas naturais. Desde a ic\u00f3nica Table Mountain at\u00e9 ao extenso Parque Nacional Kruger, cada canto da \u00c1frica do Sul conta uma hist\u00f3ria. A complexa hist\u00f3ria da na\u00e7\u00e3o, as cidades vibrantes e as deslumbrantes ... <a href=\"https:\/\/safari-tours-africa.com\/pt\/south-africa-a-safari-destination\/\">Continua\u00e7\u00e3o<\/a><\/p>","protected":false},"author":41,"featured_media":893,"parent":0,"menu_order":0,"comment_status":"closed","ping_status":"closed","template":"","meta":{"_acf_changed":false,"footnotes":""},"class_list":["post-1180","page","type-page","status-publish","has-post-thumbnail","hentry"],"acf":{"page_subheading":"Explore South Africa's top safari destinations, cultural heritage, and practical travel tips for an enriching and diverse adventure experience."},"_links":{"self":[{"href":"https:\/\/safari-tours-africa.com\/pt\/wp-json\/wp\/v2\/pages\/1180","targetHints":{"allow":["GET"]}}],"collection":[{"href":"https:\/\/safari-tours-africa.com\/pt\/wp-json\/wp\/v2\/pages"}],"about":[{"href":"https:\/\/safari-tours-africa.com\/pt\/wp-json\/wp\/v2\/types\/page"}],"author":[{"embeddable":true,"href":"https:\/\/safari-tours-africa.com\/pt\/wp-json\/wp\/v2\/users\/41"}],"replies":[{"embeddable":true,"href":"https:\/\/safari-tours-africa.com\/pt\/wp-json\/wp\/v2\/comments?post=1180"}],"version-history":[{"count":3,"href":"https:\/\/safari-tours-africa.com\/pt\/wp-json\/wp\/v2\/pages\/1180\/revisions"}],"predecessor-version":[{"id":1312,"href":"https:\/\/safari-tours-africa.com\/pt\/wp-json\/wp\/v2\/pages\/1180\/revisions\/1312"}],"wp:featuredmedia":[{"embeddable":true,"href":"https:\/\/safari-tours-africa.com\/pt\/wp-json\/wp\/v2\/media\/893"}],"wp:attachment":[{"href":"https:\/\/safari-tours-africa.com\/pt\/wp-json\/wp\/v2\/media?parent=1180"}],"curies":[{"name":"wp","href":"https:\/\/api.w.org\/{rel}","templated":true}]}}