{"id":1184,"date":"2024-01-22T16:50:54","date_gmt":"2024-01-22T16:50:54","guid":{"rendered":"https:\/\/safari-tours-africa.com\/?page_id=1184"},"modified":"2024-01-25T10:46:40","modified_gmt":"2024-01-25T10:46:40","slug":"tanzania-um-destino-de-safari","status":"publish","type":"page","link":"https:\/\/safari-tours-africa.com\/pt\/tanzania-a-safari-destination\/","title":{"rendered":"Tanz\u00e2nia: Um destino de Safari"},"content":{"rendered":"<p>A Tanz\u00e2nia \u00e9 um pa\u00eds de paisagens diversas e rico patrim\u00f3nio, situado na \u00c1frica Oriental. \u00c9 famosa pelas suas <strong>natureza selvagem extensa <\/strong>\u00e1reas que incluem as plan\u00edcies do Parque Nacional do Serengeti, uma meca do safari povoada pela ca\u00e7a dos Cinco Grandes (elefante, le\u00e3o, leopardo, b\u00fafalo, rinoceronte), e o Parque Nacional do Kilimanjaro, <strong>onde se encontra a montanha mais alta de \u00c1frica<\/strong>.<\/p>\n\n\n\n<p>Ao largo, encontram-se as ilhas tropicais de <a href=\"https:\/\/safari-tours-africa.com\/pt\/passeios-de-safari\/13-day-great-migration-tanzania-and-zanzibar-safari\/\">Zanzibar<\/a>A Tanz\u00e2nia \u00e9 um dos principais destinos tur\u00edsticos de \u00c1frica, com influ\u00eancias \u00e1rabes, e Mafia, com um parque marinho que alberga tubar\u00f5es-baleia e recifes de coral. A mistura de vida selvagem, culturas e paisagens da Tanz\u00e2nia torna-a um destino cativante para os viajantes que procuram experimentar o ritmo de \u00c1frica.<\/p>\n\n\n\n<figure class=\"wp-block-image size-full\"><img loading=\"lazy\" decoding=\"async\" width=\"2000\" height=\"1123\" src=\"https:\/\/safari-tours-africa.com\/wp-content\/uploads\/magical-zanzibar-scaled.webp\" alt=\"A\u00e9rea. Paisagem mar\u00edtima, Zanzibar, Tanz\u00e2nia.\" class=\"wp-image-989\"\/><figcaption class=\"wp-element-caption\">As costas m\u00e1gicas de Zanzibar<\/figcaption><\/figure>\n\n\n\n<h2 class=\"wp-block-heading\">Que locais da Tanz\u00e2nia devo visitar num safari?<\/h2>\n\n\n\n<h3 class=\"wp-block-heading\">1. Parque Nacional do Serengeti<\/h3>\n\n\n\n<p>O Serengeti n\u00e3o \u00e9 apenas um destino de safari; \u00e9 um fen\u00f3meno. As vastas plan\u00edcies acolhem os<strong> Grande Migra\u00e7\u00e3o<\/strong>O Serengeti \u00e9 um espet\u00e1culo que envolve milh\u00f5es de gnus, zebras e gazelas num ciclo de vida e morte. O Serengeti \u00e9 tamb\u00e9m o lar de uma <strong>elevada densidade de predadores<\/strong>O parque \u00e9 um local ideal para testemunhar o drama da natureza. Os diversos habitats do parque, incluindo a savana, a floresta e as zonas h\u00famidas, suportam uma variedade de vida selvagem, assegurando que cada experi\u00eancia de safari \u00e9 \u00fanica.<\/p>\n\n\n\n<p>Visite o Parque Nacional do Serengeti no <a href=\"https:\/\/safari-tours-africa.com\/pt\/passeios-de-safari\/10-day-serengeti-ngorongoro-safari-with-zanzibar\/\">Safari de 10 dias no Serengeti e Ngorongoro com Zanzibar<\/a>.<\/p>\n\n\n\n<figure class=\"wp-block-image size-full\"><img loading=\"lazy\" decoding=\"async\" width=\"2000\" height=\"1335\" src=\"https:\/\/safari-tours-africa.com\/wp-content\/uploads\/wildlife-in-serengeti-national-park-scaled.webp\" alt=\"Grupo de jovens le\u00f5es deitados nas rochas - bela paisagem da savana ao p\u00f4r do sol. Safari da vida selvagem no Parque Nacional do Serengeti, Masai Mara, Tanz\u00e2nia, \u00c1frica\" class=\"wp-image-1138\"\/><figcaption class=\"wp-element-caption\">Safari de vida selvagem no Parque Nacional do Serengeti<\/figcaption><\/figure>\n\n\n\n<h3 class=\"wp-block-heading\">2. \u00c1rea de Conserva\u00e7\u00e3o de Ngorongoro<\/h3>\n\n\n\n<p>A cratera de Ngorongoro, um <strong>caldeira vulc\u00e2nica maci\u00e7a<\/strong>A paisagem e a vida selvagem da \u00c1frica Oriental s\u00e3o um microcosmo. Este anfiteatro natural est\u00e1 repleto de animais, incluindo o <strong>a mais densa popula\u00e7\u00e3o de le\u00f5es do mundo<\/strong>. A intera\u00e7\u00e3o entre o povo Maasai e a vida selvagem na \u00e1rea acrescenta uma dimens\u00e3o cultural fascinante \u00e0 sua experi\u00eancia de safari.<\/p>\n\n\n\n<p>Visite a \u00c1rea de Conserva\u00e7\u00e3o de Ngorongoro no <a href=\"https:\/\/safari-tours-africa.com\/pt\/passeios-de-safari\/5-day-best-of-tanzania-safari-tour\/\">Excurs\u00e3o de safari de 5 dias ao melhor da Tanz\u00e2nia<\/a>.<\/p>\n\n\n\n<figure class=\"wp-block-image size-full\"><img loading=\"lazy\" decoding=\"async\" width=\"2000\" height=\"1333\" src=\"https:\/\/safari-tours-africa.com\/wp-content\/uploads\/group-of-giraffes-walking-in-ngorongoro-conservation-area-in-tanzania-scaled.webp\" alt=\"Grupo de girafas a passear na \u00e1rea de conserva\u00e7\u00e3o de Ngorongoro, na Tanz\u00e2nia. Vida selvagem de \u00c1frica\" class=\"wp-image-1133\"\/><figcaption class=\"wp-element-caption\">Girafas no seu habitat natural na \u00e1rea de conserva\u00e7\u00e3o de Ngorongoro<\/figcaption><\/figure>\n\n\n\n<h3 class=\"wp-block-heading\">3. Parque Nacional de Tarangire<\/h3>\n\n\n\n<p>Conhecido pela sua <strong>grandes manadas de elefantes<\/strong> e os ic\u00f3nicos baob\u00e1s, Tarangire oferece uma experi\u00eancia de safari distinta. O <strong>Rio Tarangire<\/strong> \u00e9 um \u00edman para a vida selvagem, especialmente durante a esta\u00e7\u00e3o seca, quando os animais se re\u00fanem em grande n\u00famero nas margens do rio, tornando-o um local privilegiado para a observa\u00e7\u00e3o de animais selvagens.<\/p>\n\n\n\n<p>Visite o Parque Nacional de Tarangire no <a href=\"https:\/\/safari-tours-africa.com\/pt\/passeios-de-safari\/7-day-big-five-safari-in-tanzania\/\">Safari de 7 dias com os Cinco Grandes na Tanz\u00e2nia<\/a>.<\/p>\n\n\n\n<figure class=\"wp-block-image size-full\"><img loading=\"lazy\" decoding=\"async\" width=\"2000\" height=\"1325\" src=\"https:\/\/safari-tours-africa.com\/wp-content\/uploads\/tarangire-national-park-from-above-scaled.webp\" alt=\"parque nacional de tarangire\" class=\"wp-image-970\"\/><figcaption class=\"wp-element-caption\">Vista a\u00e9rea do Parque Nacional de Tarangire<\/figcaption><\/figure>\n\n\n\n<h3 class=\"wp-block-heading\">4. Parque Nacional do Lago Manyara<\/h3>\n\n\n\n<p>Aninhado na base do <strong>Grande Vale do Rift<\/strong> escarpa, o Parque Nacional do Lago Manyara \u00e9 famoso pelas suas <strong>le\u00f5es trepadores de \u00e1rvores<\/strong>, grandes bandos de babu\u00ednos e uma grande variedade de aves, incluindo <strong>flamingos<\/strong>. Os diversos ecossistemas do parque, desde o seu lago alcalino at\u00e9 aos bosques densos e \u00e0s encostas \u00edngremes das montanhas, albergam uma grande variedade de vida selvagem.<\/p>\n\n\n\n<p>Visite o Parque Nacional do Lago Manyara no <a href=\"https:\/\/safari-tours-africa.com\/pt\/passeios-de-safari\/8-day-the-great-migration-safari-tour-in-tanzania\/\">Safari de 8 dias na Tanz\u00e2nia para a Grande Migra\u00e7\u00e3o<\/a>.<\/p>\n\n\n\n<figure class=\"wp-block-image size-full\"><img loading=\"lazy\" decoding=\"async\" width=\"2000\" height=\"1333\" src=\"https:\/\/safari-tours-africa.com\/wp-content\/uploads\/landscape-in-manyara-national-park-scaled.webp\" alt=\"Paisagem no Parque Nacional de Manyara\" class=\"wp-image-1001\"\/><figcaption class=\"wp-element-caption\">Paisagem no Parque Nacional do Lago Manyara<\/figcaption><\/figure>\n\n\n\n<h3 class=\"wp-block-heading\">5. Parque Nacional da Ruaha<\/h3>\n\n\n\n<p>A localiza\u00e7\u00e3o remota de Ruaha significa que \u00e9 <strong>menos frequentada por turistas<\/strong>A regi\u00e3o \u00e9 conhecida pela sua grande popula\u00e7\u00e3o de elefantes e pela diversidade de outros animais selvagens, incluindo kudus, ant\u00edlopes e c\u00e3es selvagens em vias de extin\u00e7\u00e3o. \u00c9 conhecida pela sua grande popula\u00e7\u00e3o de elefantes e por uma grande variedade de outros animais, incluindo kudus, ant\u00edlopes e c\u00e3es selvagens em vias de extin\u00e7\u00e3o. O <strong>Rio Ruaha<\/strong> atrai uma grande quantidade de animais, especialmente durante a esta\u00e7\u00e3o seca, tornando-o um excelente local para a observa\u00e7\u00e3o de animais selvagens.<\/p>\n\n\n\n<figure class=\"wp-block-image size-large\"><img decoding=\"async\" src=\"https:\/\/safari-tours-africa.com\/wp-content\/uploads\/candelabra-tree-in-the-hilly-landscape-1024x681.webp\" alt=\"\u00c1rvore de candelabro na paisagem montanhosa, Parque Nacional de Ruaha, Tanz\u00e2nia\" class=\"wp-image-1287\"\/><figcaption class=\"wp-element-caption\">\u00c1rvore de candelabro na paisagem montanhosa do Parque Nacional de Ruaha<\/figcaption><\/figure>\n\n\n\n<h3 class=\"wp-block-heading\">6. Parque Nacional de Nyerere (Selous)<\/h3>\n\n\n\n<p>Abrangendo uma vasta \u00e1rea, Nyerere \u00e9 <strong>uma das maiores reservas faun\u00edsticas do mundo<\/strong>. O rio Rufiji atravessa o parque, criando uma rede de lagos, lagoas e canais. <strong>Safaris de barco<\/strong> oferecem uma perspetiva \u00fanica sobre os habitantes do parque, incluindo hipop\u00f3tamos, crocodilos e uma variedade de aves aqu\u00e1ticas. As florestas e plan\u00edcies do parque s\u00e3o o lar de um grande n\u00famero de elefantes, b\u00fafalos e girafas, bem como do esquivo leopardo.<\/p>\n\n\n\n<figure class=\"wp-block-image size-large\"><img decoding=\"async\" src=\"https:\/\/safari-tours-africa.com\/wp-content\/uploads\/aerial-view-of-nyerere-national-park-in-tanzania-1024x575.webp\" alt=\"Vista a\u00e9rea do Parque Nacional de Nyerere, na Tanz\u00e2nia\" class=\"wp-image-1288\"\/><figcaption class=\"wp-element-caption\">Vista a\u00e9rea do Parque Nacional de Nyerere<\/figcaption><\/figure>\n\n\n\n<h3 class=\"wp-block-heading\">7. Parque Nacional das Montanhas Mahale<\/h3>\n\n\n\n<p>Tendo como pano de fundo o <strong>Lago Tanganica<\/strong>Mahale \u00e9 sin\u00f3nimo de trekking de chimpanz\u00e9s. O terreno montanhoso do parque, coberto por uma densa floresta tropical, \u00e9 um reduto para estes primatas. A experi\u00eancia de observar <strong>chimpanz\u00e9s<\/strong> A experi\u00eancia de ver os chimpanz\u00e9s no seu habitat natural \u00e9 profunda e humilhante. Mahale tamb\u00e9m oferece a oportunidade de relaxar \u00e0 beira do lago e de praticar actividades aqu\u00e1ticas, proporcionando um contraponto tranquilo \u00e0 emo\u00e7\u00e3o das caminhadas com chimpanz\u00e9s.<\/p>\n\n\n\n<figure class=\"wp-block-image size-large is-resized\"><img decoding=\"async\" src=\"https:\/\/safari-tours-africa.com\/wp-content\/uploads\/mahale-mountains-1024x683.webp\" alt=\"MONTANHAS DA SELVA EM MAHALE, TANZ\u00c2NIA\" class=\"wp-image-1289\" style=\"width:1189px;height:auto\"\/><figcaption class=\"wp-element-caption\">A paisagem montanhosa do Parque Nacional das Montanhas Mahale<\/figcaption><\/figure>\n\n\n\n<h2 class=\"wp-block-heading\">Qual \u00e9 a melhor altura para visitar a Tanz\u00e2nia?<\/h2>\n\n\n\n<p>A altura ideal para visitar a Tanz\u00e2nia varia em fun\u00e7\u00e3o do que se pretende ver:<\/p>\n\n\n\n<h3 class=\"wp-block-heading\">Safari<\/h3>\n\n\n\n<p>O <strong>esta\u00e7\u00e3o seca (junho a outubro)<\/strong> oferece uma excelente observa\u00e7\u00e3o da vida selvagem. Os animais s\u00e3o mais f\u00e1ceis de avistar, uma vez que se re\u00fanem \u00e0 volta de charcos e rios. A Grande Migra\u00e7\u00e3o \u00e9 um ponto alto no Serengeti durante este per\u00edodo.<\/p>\n\n\n\n<h3 class=\"wp-block-heading\">F\u00e9rias na praia<\/h3>\n\n\n\n<p>Zanzibar e outras regi\u00f5es costeiras s\u00e3o melhor visitadas nos meses secos (<strong>junho a outubro e dezembro a fevereiro<\/strong>). O clima \u00e9 quente e soalheiro, perfeito para actividades na praia e para explorar os recifes de coral.<\/p>\n\n\n\n<figure class=\"wp-block-image size-full\"><img loading=\"lazy\" decoding=\"async\" width=\"2000\" height=\"1332\" src=\"https:\/\/safari-tours-africa.com\/wp-content\/uploads\/scenery-landscape-of-serengeti-national-park-full-of-animals-scaled.webp\" alt=\"Paisagem do parque nacional Serengeti repleta de animais\" class=\"wp-image-977\"\/><figcaption class=\"wp-element-caption\">Para os safaris, \u00e9 ideal visitar a Tanz\u00e2nia durante a esta\u00e7\u00e3o seca<\/figcaption><\/figure>\n\n\n\n<h2 class=\"wp-block-heading\">A Tanz\u00e2nia \u00e9 segura?<\/h2>\n\n\n\n<p>A Tanz\u00e2nia \u00e9 <strong>geralmente seguro para os turistas<\/strong>mas \u00e9 prudente tomar <strong>medidas normais de seguran\u00e7a<\/strong>. Mantenha os objectos de valor em seguran\u00e7a, especialmente em locais com muita gente. Quando estiver a fazer um safari, ou\u00e7a sempre o seu guia - eles est\u00e3o treinados para garantir a sua seguran\u00e7a perto da vida selvagem. Respeite os costumes e tradi\u00e7\u00f5es locais, especialmente quando visitar aldeias ou s\u00edtios religiosos. Vista-se de forma conservadora e pe\u00e7a autoriza\u00e7\u00e3o antes de fotografar pessoas para mostrar respeito pela cultura local.<\/p>\n\n\n\n<figure class=\"wp-block-image size-large\"><img decoding=\"async\" src=\"https:\/\/safari-tours-africa.com\/wp-content\/uploads\/a-woman-in-a-burka-walking-through-the-outdoor-market-in-stone-town-1024x683.webp\" alt=\"Tanz\u00e2nia, Zanzibar - 6\/10\/2018: uma mulher de burca a passear no mercado ao ar livre em Stone Town.\" class=\"wp-image-1295\"\/><figcaption class=\"wp-element-caption\">Ruas da Cidade de Pedra<\/figcaption><\/figure>\n\n\n\n<h2 class=\"wp-block-heading\">\u00c9 necess\u00e1rio um visto para entrar na Tanz\u00e2nia?<\/h2>\n\n\n\n<p>A Tanz\u00e2nia \u00e9 acess\u00edvel atrav\u00e9s de voos internacionais para o Aeroporto Internacional Julius Nyerere (Dar es Salaam) e para o Aeroporto Internacional de Kilimanjaro (Arusha). <strong>Requisitos de visto vari\u00e1veis<\/strong>Por isso, antes de viajar, informe-se junto da embaixada ou do consulado da Tanz\u00e2nia no seu pa\u00eds. Os voos dom\u00e9sticos ligam os principais destinos, enquanto os dala-dalas<strong> <\/strong>(mini-autocarros) e boda-bodas<strong> <\/strong>(moto-t\u00e1xis) oferecem transporte local. Para viagens mais longas ou safaris, recomenda-se a utiliza\u00e7\u00e3o de ve\u00edculos privados ou de excurs\u00f5es organizadas.<\/p>\n\n\n\n<figure class=\"wp-block-image size-large\"><img decoding=\"async\" src=\"https:\/\/safari-tours-africa.com\/wp-content\/uploads\/usa-visa-in-a-passport-background-1024x683.webp\" alt=\"Visto dos EUA num fundo de passaporte\" class=\"wp-image-1296\"\/><figcaption class=\"wp-element-caption\">Verifique os requisitos de visto para o seu pa\u00eds antes da sua viagem<\/figcaption><\/figure>\n\n\n\n<h2 class=\"wp-block-heading\">Como s\u00e3o os transportes locais na Tanz\u00e2nia?<\/h2>\n\n\n\n<p>Para uma experi\u00eancia aut\u00eantica na Tanz\u00e2nia, os transportes locais como <strong>dala-dalas e boda-bodas<\/strong> oferecem um vislumbre da vida quotidiana. No entanto, para maior conforto e comodidade, especialmente quando se viaja para destinos de safari remotos, \u00e9 prefer\u00edvel utilizar ve\u00edculos privados ou voos. As infra-estruturas da Tanz\u00e2nia permitem uma grande variedade de op\u00e7\u00f5es de transporte, que satisfazem diferentes prefer\u00eancias e or\u00e7amentos.<\/p>\n\n\n\n<figure class=\"wp-block-image size-large\"><img loading=\"lazy\" decoding=\"async\" width=\"1024\" height=\"683\" src=\"https:\/\/safari-tours-africa.com\/wp-content\/uploads\/rear-view-of-bus-traveling-on-dirt-road-1024x683.webp\" alt=\"Vista traseira de um autocarro a viajar numa estrada de terra, Tanz\u00e2nia, \u00c1frica\" class=\"wp-image-1290\" srcset=\"https:\/\/safari-tours-africa.com\/wp-content\/uploads\/rear-view-of-bus-traveling-on-dirt-road-1024x683.webp 1024w, https:\/\/safari-tours-africa.com\/wp-content\/uploads\/rear-view-of-bus-traveling-on-dirt-road-300x200.webp 300w, https:\/\/safari-tours-africa.com\/wp-content\/uploads\/rear-view-of-bus-traveling-on-dirt-road-768x512.webp 768w, https:\/\/safari-tours-africa.com\/wp-content\/uploads\/rear-view-of-bus-traveling-on-dirt-road-1536x1024.webp 1536w, https:\/\/safari-tours-africa.com\/wp-content\/uploads\/rear-view-of-bus-traveling-on-dirt-road-2048x1365.webp 2048w, https:\/\/safari-tours-africa.com\/wp-content\/uploads\/rear-view-of-bus-traveling-on-dirt-road-18x12.webp 18w\" sizes=\"auto, (max-width: 1024px) 100vw, 1024px\" \/><figcaption class=\"wp-element-caption\">Um miniautocarro a viajar numa estrada de terra batida na Tanz\u00e2nia<\/figcaption><\/figure>\n\n\n\n<h2 class=\"wp-block-heading\">Quais s\u00e3o as op\u00e7\u00f5es de alojamento na Tanz\u00e2nia?<\/h2>\n\n\n\n<p>Desde os alojamentos de luxo no cora\u00e7\u00e3o do mato at\u00e9 \u00e0s est\u00e2ncias \u00e0 beira-mar na costa sua\u00edli, a Tanz\u00e2nia \u00e9 o destino de <strong>todos os gostos e or\u00e7amentos<\/strong>. Os alojamentos para safaris variam entre campos de tendas que oferecem uma liga\u00e7\u00e3o \u00edntima com a natureza e alojamentos opulentos com comodidades de classe mundial. Em Zanzibar e noutras zonas costeiras, as est\u00e2ncias e hot\u00e9is proporcionam relaxamento e v\u00e1rias actividades aqu\u00e1ticas.<\/p>\n\n\n\n<figure class=\"wp-block-image size-full\"><img loading=\"lazy\" decoding=\"async\" width=\"1024\" height=\"768\" src=\"https:\/\/safari-tours-africa.com\/wp-content\/uploads\/kon-tiki-serengeti-camp.webp\" alt=\"Kon Tiki Serengeti Camp\" class=\"wp-image-974\" srcset=\"https:\/\/safari-tours-africa.com\/wp-content\/uploads\/kon-tiki-serengeti-camp.webp 1024w, https:\/\/safari-tours-africa.com\/wp-content\/uploads\/kon-tiki-serengeti-camp-300x225.webp 300w, https:\/\/safari-tours-africa.com\/wp-content\/uploads\/kon-tiki-serengeti-camp-768x576.webp 768w, https:\/\/safari-tours-africa.com\/wp-content\/uploads\/kon-tiki-serengeti-camp-16x12.webp 16w\" sizes=\"auto, (max-width: 1024px) 100vw, 1024px\" \/><figcaption class=\"wp-element-caption\">Kon Tiki Serengeti Camp no parque nacional<\/figcaption><\/figure>\n\n\n\n<h2 class=\"wp-block-heading\">Que mais posso fazer na Tanz\u00e2nia para al\u00e9m de ver a vida selvagem?<\/h2>\n\n\n\n<p>Os safaris da Tanz\u00e2nia s\u00e3o apenas o come\u00e7o. O pa\u00eds oferece diversas experi\u00eancias:<\/p>\n\n\n\n<ul class=\"wp-block-list\">\n<li><strong>Safari de bal\u00e3o:<\/strong> Obtenha uma vista panor\u00e2mica do Serengeti com um safari de bal\u00e3o de ar quente. O panorama sereno e majestoso das plan\u00edcies ao nascer do sol \u00e9 inesquec\u00edvel.<\/li>\n\n\n\n<li><strong>Interac\u00e7\u00f5es culturais:<\/strong> Interagir com as comunidades locais, como os Maasai, para compreender o seu modo de vida. Estes interc\u00e2mbios culturais s\u00e3o enriquecedores e oferecem uma perspetiva.<\/li>\n\n\n\n<li><strong>Mergulho e snorkeling:<\/strong> As \u00e1guas l\u00edmpidas de Zanzibar e da Ilha Mafia s\u00e3o perfeitas para a explora\u00e7\u00e3o subaqu\u00e1tica. Os recifes de coral est\u00e3o repletos de vida marinha, oferecendo mergulho e snorkeling de classe mundial.<\/li>\n\n\n\n<li><strong>Safaris de barco:<\/strong> Em parques como o Nyerere (Selous), os safaris de barco oferecem uma perspetiva diferente da vida selvagem. Observar os animais a beberem \u00e0 beira da \u00e1gua \u00e9 uma experi\u00eancia serena.<\/li>\n<\/ul>\n\n\n\n<figure class=\"wp-block-image size-full\"><img loading=\"lazy\" decoding=\"async\" width=\"2000\" height=\"1333\" src=\"https:\/\/safari-tours-africa.com\/wp-content\/uploads\/hot-air-balloon-floating-over-an-acacia-tree-in-serengeti-national-park-scaled.webp\" alt=\"Bal\u00e3o de ar quente a flutuar sobre uma ac\u00e1cia no Parque Nacional do Serengeti.\" class=\"wp-image-907\"\/><figcaption class=\"wp-element-caption\">Bal\u00e3o de ar quente sobre o Serengeti <\/figcaption><\/figure>\n\n\n\n<h2 class=\"wp-block-heading\">Como \u00e9 a comida?<\/h2>\n\n\n\n<p>A cozinha tanzaniana \u00e9 uma <strong>fus\u00e3o de sabores africanos, \u00e1rabes e indianos<\/strong>. Os pratos t\u00edpicos como o Ugali e o Nyama Choma s\u00e3o obrigat\u00f3rios. A costa, especialmente Zanzibar, oferece uma grande variedade de marisco e \u00e9 famosa pelas suas especiarias. Experimentar a cozinha local n\u00e3o \u00e9 apenas uma quest\u00e3o de sustento; \u00e9 uma quest\u00e3o de conhecer a cultura.<\/p>\n\n\n\n<figure class=\"wp-block-image size-large\"><img decoding=\"async\" src=\"https:\/\/safari-tours-africa.com\/wp-content\/uploads\/street-food-forodhani-on-the-waterfront-1024x683.webp\" alt=\"Comida de rua Forodhani \u00e0 beira-mar, na cidade de Stone, Zanzibar.\" class=\"wp-image-1291\"\/><figcaption class=\"wp-element-caption\">Comida de rua em Zanzibar<\/figcaption><\/figure>\n\n\n\n<h2 class=\"wp-block-heading\">Quais s\u00e3o alguns conselhos de etiqueta para quando se est\u00e1 na Tanz\u00e2nia?<\/h2>\n\n\n\n<p>Enquanto <strong>a gorjeta n\u00e3o \u00e9 obrigat\u00f3ria<\/strong>\u00c9 habitual que o servi\u00e7o seja bom, sobretudo nos safaris e nos restaurantes. Compreender e <strong>respeitar os costumes locais<\/strong>,<strong> <\/strong>Vestir-se com mod\u00e9stia e pedir autoriza\u00e7\u00e3o antes de tirar fotografias \u00e9 fundamental para uma experi\u00eancia de viagem respeitosa e enriquecedora.<\/p>\n\n\n\n<figure class=\"wp-block-image size-large\"><img loading=\"lazy\" decoding=\"async\" width=\"1024\" height=\"683\" src=\"https:\/\/safari-tours-africa.com\/wp-content\/uploads\/view-of-the-ngorongoro-crater-in-tanzania-1024x683.webp\" alt=\"Vista da cratera de Ngorongoro, na Tanz\u00e2nia. \u00c1rea de conserva\u00e7\u00e3o de Ngorongoro. Paisagem africana. Guia a mostrar algo aos turistas\" class=\"wp-image-1297\" srcset=\"https:\/\/safari-tours-africa.com\/wp-content\/uploads\/view-of-the-ngorongoro-crater-in-tanzania-1024x683.webp 1024w, https:\/\/safari-tours-africa.com\/wp-content\/uploads\/view-of-the-ngorongoro-crater-in-tanzania-300x200.webp 300w, https:\/\/safari-tours-africa.com\/wp-content\/uploads\/view-of-the-ngorongoro-crater-in-tanzania-768x512.webp 768w, https:\/\/safari-tours-africa.com\/wp-content\/uploads\/view-of-the-ngorongoro-crater-in-tanzania-1536x1024.webp 1536w, https:\/\/safari-tours-africa.com\/wp-content\/uploads\/view-of-the-ngorongoro-crater-in-tanzania-2048x1365.webp 2048w, https:\/\/safari-tours-africa.com\/wp-content\/uploads\/view-of-the-ngorongoro-crater-in-tanzania-18x12.webp 18w\" sizes=\"auto, (max-width: 1024px) 100vw, 1024px\" \/><figcaption class=\"wp-element-caption\">Respeitar os costumes locais<\/figcaption><\/figure>\n\n\n\n<h2 class=\"wp-block-heading\">Porqu\u00ea escolher a Safari Tours Africa para viajar para a Tanz\u00e2nia?<\/h2>\n\n\n\n<p>A Tanz\u00e2nia oferece uma tape\u00e7aria de paisagens e experi\u00eancias, desde os espect\u00e1culos dram\u00e1ticos da vida selvagem no Serengeti e em Ngorongoro at\u00e9 \u00e0s praias serenas de Zanzibar. \u00c9 uma terra onde cada safari n\u00e3o \u00e9 apenas uma viagem pela natureza, mas uma viagem \u00e0 alma de \u00c1frica.<\/p>\n\n\n\n<p>Com o seu rico patrim\u00f3nio cultural, vida selvagem diversificada e paisagens de cortar a respira\u00e7\u00e3o, a Tanz\u00e2nia promete uma aventura que ir\u00e1 cativar o seu cora\u00e7\u00e3o e permanecer na sua mem\u00f3ria por muito tempo ap\u00f3s a sua partida. <a href=\"https:\/\/safari-tours-africa.com\/pt\/tanzania\/\">safari na Tanz\u00e2nia<\/a>.<\/p>","protected":false},"excerpt":{"rendered":"<p>A Tanz\u00e2nia \u00e9 um pa\u00eds de paisagens diversificadas e rico patrim\u00f3nio, situado na \u00c1frica Oriental. \u00c9 famosa pelas suas vastas \u00e1reas selvagens, que incluem as plan\u00edcies do Parque Nacional do Serengeti, uma meca do safari povoada pelos Cinco Grandes (elefante, le\u00e3o, leopardo, b\u00fafalo e rinoceronte), e o Parque Nacional do Kilimanjaro, onde se encontra a montanha mais alta de \u00c1frica. Ao largo da costa, o ... <a href=\"https:\/\/safari-tours-africa.com\/pt\/tanzania-a-safari-destination\/\">Continua\u00e7\u00e3o<\/a><\/p>","protected":false},"author":41,"featured_media":1285,"parent":0,"menu_order":0,"comment_status":"closed","ping_status":"closed","template":"","meta":{"_acf_changed":false,"footnotes":""},"class_list":["post-1184","page","type-page","status-publish","has-post-thumbnail","hentry"],"acf":{"page_subheading":"Dive into an in-depth guide about Tanzania's finest safari spots, cultural insights, and essential travel tips for an unforgettable adventure."},"_links":{"self":[{"href":"https:\/\/safari-tours-africa.com\/pt\/wp-json\/wp\/v2\/pages\/1184","targetHints":{"allow":["GET"]}}],"collection":[{"href":"https:\/\/safari-tours-africa.com\/pt\/wp-json\/wp\/v2\/pages"}],"about":[{"href":"https:\/\/safari-tours-africa.com\/pt\/wp-json\/wp\/v2\/types\/page"}],"author":[{"embeddable":true,"href":"https:\/\/safari-tours-africa.com\/pt\/wp-json\/wp\/v2\/users\/41"}],"replies":[{"embeddable":true,"href":"https:\/\/safari-tours-africa.com\/pt\/wp-json\/wp\/v2\/comments?post=1184"}],"version-history":[{"count":12,"href":"https:\/\/safari-tours-africa.com\/pt\/wp-json\/wp\/v2\/pages\/1184\/revisions"}],"predecessor-version":[{"id":1357,"href":"https:\/\/safari-tours-africa.com\/pt\/wp-json\/wp\/v2\/pages\/1184\/revisions\/1357"}],"wp:featuredmedia":[{"embeddable":true,"href":"https:\/\/safari-tours-africa.com\/pt\/wp-json\/wp\/v2\/media\/1285"}],"wp:attachment":[{"href":"https:\/\/safari-tours-africa.com\/pt\/wp-json\/wp\/v2\/media?parent=1184"}],"curies":[{"name":"wp","href":"https:\/\/api.w.org\/{rel}","templated":true}]}}