{"id":39,"date":"2023-01-16T13:14:25","date_gmt":"2023-01-16T13:14:25","guid":{"rendered":"https:\/\/safari-tours-africa.com\/about-us\/"},"modified":"2024-01-18T14:29:36","modified_gmt":"2024-01-18T14:29:36","slug":"sobre-nos","status":"publish","type":"page","link":"https:\/\/safari-tours-africa.com\/pt\/about-us\/","title":{"rendered":"Sobre n\u00f3s"},"content":{"rendered":"<p>Em <a href=\"https:\/\/world-discovery.com\/\">Descoberta do mundo<\/a>A nossa narrativa sempre foi mais do que apenas tra\u00e7ar percursos num mapa. \u00c9 uma hist\u00f3ria de paix\u00e3o, curiosidade e busca incessante do desconhecido. Nascida na rica tape\u00e7aria de hist\u00f3ria e cultura da Europa, a nossa ag\u00eancia evoluiu ao longo dos anos, abra\u00e7ando v\u00e1rias facetas das viagens globais.<\/p>\n\n\n\n<p>A nossa experi\u00eancia estende-se por um caleidosc\u00f3pio de destinos, cada viagem marcando um novo cap\u00edtulo na nossa aventura colectiva. Agora, ao virarmos a nossa b\u00fassola para \u00c1frica, encontramo-nos \u00e0 beira de um novo e estimulante cap\u00edtulo na nossa odisseia de explora\u00e7\u00e3o.<\/p>\n\n\n\n<figure class=\"wp-block-image size-full\"><img loading=\"lazy\" decoding=\"async\" width=\"2000\" height=\"1332\" src=\"https:\/\/safari-tours-africa.com\/wp-content\/uploads\/hiker-on-chogoria-route-scaled.webp\" alt=\"Vista traseira de um grupo de caminhantes ao longo de um rio na Rota de Chogoria, Monte Qu\u00e9nia, Qu\u00e9nia\" class=\"wp-image-927\"\/><figcaption class=\"wp-element-caption\">\u00c1frica - uma terra de m\u00faltiplas j\u00f3ias<\/figcaption><\/figure>\n\n\n\n<h3 class=\"wp-block-heading\">\u00c1frica: Uma tela de beleza crua<\/h3>\n\n\n\n<p>\u00c1frica sempre foi uma fonte de inspira\u00e7\u00e3o para n\u00f3s na World Discovery. A sua beleza crua e sem filtros e a sua rica tape\u00e7aria de paisagens e culturas atraem os verdadeiros exploradores. Opt\u00e1mos por nos concentrar em safaris e n\u00e3o em escapadelas de luxo porque acreditamos em <strong>apresentar \u00c1frica na sua forma mais verdadeira<\/strong>.<\/p>\n\n\n\n<p>Desde as vastas savanas do Qu\u00e9nia e da Tanz\u00e2nia at\u00e9 \u00e0 natureza selvagem do Uganda e aos diversos biomas da \u00c1frica do Sul, cada destino oferece uma janela \u00fanica para um mundo onde a natureza ainda reina suprema.<\/p>\n\n\n\n<figure class=\"wp-block-image size-full\"><img loading=\"lazy\" decoding=\"async\" width=\"2000\" height=\"1329\" src=\"https:\/\/safari-tours-africa.com\/wp-content\/uploads\/mount-kenya-scaled.webp\" alt=\"Panorama do Monte Qu\u00e9nia,\" class=\"wp-image-916\"\/><figcaption class=\"wp-element-caption\">A beleza crua de \u00c1frica<\/figcaption><\/figure>\n\n\n\n<p>As nossas aventuras de safari s\u00e3o concebidas para mergulhar os nossos clientes no cora\u00e7\u00e3o de \u00c1frica. Levamo-lo para al\u00e9m do comum, oferecendo-lhe a oportunidade de caminhar levemente atrav\u00e9s de ecossistemas que se mantiveram inalterados durante mil\u00e9nios.&nbsp;<\/p>\n\n\n\n<p>A nossa vis\u00e3o \u00e9 facilitar um <strong>liga\u00e7\u00e3o efectiva com o continente<\/strong> - a sua vida selvagem, as suas paisagens e as suas gentes - permitindo-lhe experimentar \u00c1frica como ela \u00e9 verdadeiramente: selvagem, livre e de cortar a respira\u00e7\u00e3o.<\/p>\n\n\n\n<h3 class=\"wp-block-heading\">A nossa for\u00e7a: Experi\u00eancia e parcerias fi\u00e1veis<\/h3>\n\n\n\n<p>A for\u00e7a da World Discovery reside na nossa experi\u00eancia e <strong>a nossa capacidade de identificar as experi\u00eancias de safari mais fi\u00e1veis e aut\u00eanticas<\/strong>. Entendemos que a ess\u00eancia de um grande safari n\u00e3o reside apenas no destino, mas na viagem e nas pessoas que o guiam atrav\u00e9s dela.<\/p>\n\n\n\n<p>A nossa abordagem \u00e0 sele\u00e7\u00e3o de parceiros \u00e9 meticulosa e baseia-se numa compreens\u00e3o profunda do que torna uma experi\u00eancia de safari excecional.<\/p>\n\n\n\n<p>A nossa equipa, com a sua vasta experi\u00eancia na ind\u00fastria das viagens, avalia meticulosamente cada potencial parceiro e oportunidade de safari, recorrendo a um vasto conhecimento e vis\u00e3o atrav\u00e9s de uma <strong>processo exaustivo <\/strong>que reflecte a dilig\u00eancia e a aten\u00e7\u00e3o que se exercem quando se viaja pelas paisagens majestosas de \u00c1frica.<\/p>\n\n\n\n<figure class=\"wp-block-image size-full\"><img loading=\"lazy\" decoding=\"async\" width=\"2000\" height=\"1333\" src=\"https:\/\/safari-tours-africa.com\/wp-content\/uploads\/maasai-mara-men-dancing-scaled.webp\" alt=\"Homem de Maasai Mara a mostrar a dan\u00e7a tradicional de saltos dos Maasai\" class=\"wp-image-864\"\/><figcaption class=\"wp-element-caption\">Homens Maasai locais<\/figcaption><\/figure>\n\n\n\n<p>Investigamos as opera\u00e7\u00f5es dos nossos parceiros, avaliando os seus canais de apoio ao cliente, a sua capacidade organizacional e a sua fiabilidade geral. A nossa equipa envolve-se com os respons\u00e1veis, examinando as suas ofertas para garantir que cumprem os nossos <strong>padr\u00f5es elevados<\/strong>.<\/p>\n\n\n\n<p>Quando seleccionamos o seu safari, \u00e9 com a precis\u00e3o e o cuidado de quem compreende o que torna uma aventura africana verdadeiramente especial. O nosso processo de sele\u00e7\u00e3o baseia-se numa pesquisa exaustiva, nos coment\u00e1rios dos clientes e numa estreita comunica\u00e7\u00e3o com especialistas locais.<\/p>\n\n\n\n<p>Isto permite-nos selecionar experi\u00eancias de safari que oferecem <strong>autenticidade e encontros inigual\u00e1veis<\/strong> com a vida selvagem e a cultura de \u00c1frica.<\/p>\n\n\n\n<h3 class=\"wp-block-heading\">Os nossos parceiros locais<\/h3>\n\n\n\n<p>Os nossos parceiros em \u00c1frica s\u00e3o mais do que simples operadores; s\u00e3o guardi\u00f5es da terra e embaixadores da sua cultura. Eles s\u00e3o <strong>locais<\/strong> que vivem e respiram a natureza selvagem africana, com hist\u00f3rias e conhecimentos que enriquecem cada safari.<\/p>\n\n\n\n<p>Ao escolhermos trabalhar com eles, garantimos que os nossos clientes n\u00e3o s\u00f3 desfrutam de uma experi\u00eancia africana genu\u00edna, como tamb\u00e9m contribuem para a conserva\u00e7\u00e3o destas magn\u00edficas paisagens e das comunidades que as chamam de lar.<\/p>\n\n\n\n<figure class=\"wp-block-image size-large is-resized\"><img loading=\"lazy\" decoding=\"async\" width=\"1024\" height=\"1024\" src=\"https:\/\/safari-tours-africa.com\/wp-content\/uploads\/our-kenyan-safari-ride-1-1024x1024.webp\" alt=\"O nosso passeio de safari no Qu\u00e9nia\" class=\"wp-image-830\" style=\"width:1189px;height:auto\" srcset=\"https:\/\/safari-tours-africa.com\/wp-content\/uploads\/our-kenyan-safari-ride-1-1024x1024.webp 1024w, https:\/\/safari-tours-africa.com\/wp-content\/uploads\/our-kenyan-safari-ride-1-300x300.webp 300w, https:\/\/safari-tours-africa.com\/wp-content\/uploads\/our-kenyan-safari-ride-1-150x150.webp 150w, https:\/\/safari-tours-africa.com\/wp-content\/uploads\/our-kenyan-safari-ride-1-768x767.webp 768w, https:\/\/safari-tours-africa.com\/wp-content\/uploads\/our-kenyan-safari-ride-1-12x12.webp 12w, https:\/\/safari-tours-africa.com\/wp-content\/uploads\/our-kenyan-safari-ride-1.webp 1482w\" sizes=\"auto, (max-width: 1024px) 100vw, 1024px\" \/><figcaption class=\"wp-element-caption\">Tentamos estabelecer parcerias s\u00f3lidas com fornecedores locais<\/figcaption><\/figure>\n\n\n\n<h3 class=\"wp-block-heading\">Descubra \u00c1frica (e o mundo) connosco!<\/h3>\n\n\n\n<p>Com a World Discovery da Safari Tours Africa, o seu safari africano ser\u00e1 uma viagem \u00e0 alma do continente mais cativante do mundo. Quer esteja a seguir gorilas nas florestas enevoadas do Uganda, a testemunhar a Grande Migra\u00e7\u00e3o no Qu\u00e9nia e na Tanz\u00e2nia, ou a explorar os diversos ecossistemas da \u00c1frica do Sul, prometemos uma aventura que o deixar\u00e1 com mem\u00f3rias para toda a vida.<\/p>\n\n\n\n<p>Junte-se a n\u00f3s nesta viagem de descoberta. Explore as nossas experi\u00eancias de safari com curadoria em <a href=\"https:\/\/safari-tours-africa.com\/pt\/uganda\/\">Uganda<\/a>, <a href=\"https:\/\/safari-tours-africa.com\/pt\/africa-do-sul\/\">\u00c1frica do Sul<\/a>, <a href=\"https:\/\/safari-tours-africa.com\/pt\/quenia\/\">Qu\u00e9nia<\/a>, e <a href=\"https:\/\/safari-tours-africa.com\/pt\/tanzania\/\">Tanz\u00e2nia<\/a>e entrar num mundo onde cada momento \u00e9 uma hist\u00f3ria \u00e0 espera de ser revelada. Ligue-se a n\u00f3s hoje e embarque numa aventura inesquec\u00edvel no cora\u00e7\u00e3o de \u00c1frica com <a href=\"https:\/\/safari-tours-africa.com\/pt\/\">Safari Tours \u00c1frica<\/a>.<\/p>","protected":false},"excerpt":{"rendered":"<p>Na World Discovery, a nossa narrativa sempre foi mais do que apenas tra\u00e7ar percursos num mapa. \u00c9 uma hist\u00f3ria de paix\u00e3o, curiosidade e a busca incessante do desconhecido. Nascida na rica tape\u00e7aria de hist\u00f3ria e cultura da Europa, a nossa ag\u00eancia evoluiu ao longo dos anos, abra\u00e7ando v\u00e1rias facetas das viagens globais. A nossa experi\u00eancia abrange um ... <a href=\"https:\/\/safari-tours-africa.com\/pt\/about-us\/\">Continua\u00e7\u00e3o<\/a><\/p>","protected":false},"author":41,"featured_media":930,"parent":0,"menu_order":0,"comment_status":"closed","ping_status":"closed","template":"","meta":{"_acf_changed":false,"footnotes":""},"class_list":["post-39","page","type-page","status-publish","has-post-thumbnail","hentry"],"acf":{"page_subheading":"Discover Africa with World Discovery: Expertly curated safari adventures that blend authenticity with our extensive travel industry experience."},"_links":{"self":[{"href":"https:\/\/safari-tours-africa.com\/pt\/wp-json\/wp\/v2\/pages\/39","targetHints":{"allow":["GET"]}}],"collection":[{"href":"https:\/\/safari-tours-africa.com\/pt\/wp-json\/wp\/v2\/pages"}],"about":[{"href":"https:\/\/safari-tours-africa.com\/pt\/wp-json\/wp\/v2\/types\/page"}],"author":[{"embeddable":true,"href":"https:\/\/safari-tours-africa.com\/pt\/wp-json\/wp\/v2\/users\/41"}],"replies":[{"embeddable":true,"href":"https:\/\/safari-tours-africa.com\/pt\/wp-json\/wp\/v2\/comments?post=39"}],"version-history":[{"count":4,"href":"https:\/\/safari-tours-africa.com\/pt\/wp-json\/wp\/v2\/pages\/39\/revisions"}],"predecessor-version":[{"id":963,"href":"https:\/\/safari-tours-africa.com\/pt\/wp-json\/wp\/v2\/pages\/39\/revisions\/963"}],"wp:featuredmedia":[{"embeddable":true,"href":"https:\/\/safari-tours-africa.com\/pt\/wp-json\/wp\/v2\/media\/930"}],"wp:attachment":[{"href":"https:\/\/safari-tours-africa.com\/pt\/wp-json\/wp\/v2\/media?parent=39"}],"curies":[{"name":"wp","href":"https:\/\/api.w.org\/{rel}","templated":true}]}}