{"id":1172,"date":"2024-01-22T15:31:09","date_gmt":"2024-01-22T15:31:09","guid":{"rendered":"https:\/\/safari-tours-africa.com\/?page_id=1172"},"modified":"2024-01-23T17:26:49","modified_gmt":"2024-01-23T17:26:49","slug":"kenya-ett-safariresmal","status":"publish","type":"page","link":"https:\/\/safari-tours-africa.com\/sv\/kenya-a-safari-destination\/","title":{"rendered":"Kenya: En destination f\u00f6r safari"},"content":{"rendered":"<p>Kenya, som ligger i regionen <strong>hj\u00e4rtat av \u00d6stafrika<\/strong>\u00e4r ett land d\u00e4r natursk\u00f6nhet m\u00f6ter \u00e4ventyr. Det \u00e4r ett resm\u00e5l som \u00e4r k\u00e4nt f\u00f6r sitt varierande djurliv och landskap, fr\u00e5n flamingosj\u00f6arna i Great Rift Valley till de djurrika <a href=\"https:\/\/safari-tours-africa.com\/sv\/safariresor\/3-day-enkorok-mara-camp-safari\/\">Maasai Mara<\/a>.<\/p>\n\n\n\n<p>Det \u00e4r ett land d\u00e4r traditionell kultur v\u00e4vs in i det moderna livet, fr\u00e5n de livliga gatorna i Nairobi till de pastorala stammarna i den norra gr\u00e4nstrakten. Med sina or\u00f6rda str\u00e4nder, bergsh\u00f6gland och rika djurliv erbjuder Kenya en rik v\u00e4v av upplevelser f\u00f6r alla resen\u00e4rer som vill utforska Afrikas naturliga underverk och kulturella djup.<\/p>\n\n\n\n<figure class=\"wp-block-image size-full\"><img loading=\"lazy\" decoding=\"async\" width=\"2000\" height=\"1333\" src=\"https:\/\/safari-tours-africa.com\/wp-content\/uploads\/masai-mara-national-park-in-kenya-scaled.webp\" alt=\"Vild giraff och gnu n\u00e4ra safaribil i nationalparken Masai Mara, Kenya. Safari koncept. Afrikanska resor landskap\" class=\"wp-image-863\"\/><figcaption class=\"wp-element-caption\">En safariresa i Kenya<\/figcaption><\/figure>\n\n\n\n<h2 class=\"wp-block-heading\">Vilka platser i Kenya b\u00f6r jag bes\u00f6ka p\u00e5 en safari?<\/h2>\n\n\n\n<h3 class=\"wp-block-heading\">1. Nationalreservatet Masai Mara<\/h3>\n\n\n\n<p>Masai Mara \u00e4r inte bara en plats utan ett sk\u00e5despel i sig. Omr\u00e5det \u00e4r synonymt med vilda djur och den afrikanska safariupplevelsen. Det \u00e4r den norra f\u00f6rl\u00e4ngningen av Serengeti och hem till den spektakul\u00e4ra <strong>Den stora migrationen<\/strong>, d\u00e4r \u00f6ver en miljon gnuer, zebror och gaseller korsar sl\u00e4tterna p\u00e5 jakt efter f\u00e4rskt bete. Reservatet \u00e4r ocks\u00e5 en fotografisk fristad som erbjuder m\u00f6jligheter att f\u00e5nga <strong>De fem stora<\/strong> i sin naturliga milj\u00f6. Den <strong>Mara-floden<\/strong>, prickad med flodh\u00e4star och krokodiler, l\u00e4gger till ett dynamiskt element till spelvisningsupplevelsen.<\/p>\n\n\n\n<p>Bes\u00f6k nationalreservatet Masai Mara p\u00e5 <a __bud_processed=\"\" href=\"https:\/\/safari-tours-africa.com\/sv\/safariresor\/3-day-masai-mara-ashnil-camp-safari\/\">3-dagars Masai Mara Ashnil Camp safari<\/a>.<\/p>\n\n\n\n<figure class=\"wp-block-image size-full\"><img loading=\"lazy\" decoding=\"async\" width=\"2000\" height=\"1338\" src=\"https:\/\/safari-tours-africa.com\/wp-content\/uploads\/masai-mara-scaled.webp\" alt=\"Masai Mara, Kenya\" class=\"wp-image-1273\"\/><figcaption class=\"wp-element-caption\">Nationalparken Masai Mara<\/figcaption><\/figure>\n\n\n\n<h3 class=\"wp-block-heading\">2. Nationalparken Hell's Gate<\/h3>\n\n\n\n<p>Inb\u00e4ddat i den <strong>Stora Riftdalen<\/strong>Hell's Gate National Park erbjuder en extraordin\u00e4r safariupplevelse, som k\u00e4nnetecknas av sin dramatiska geotermiska aktivitet och unika djurliv. Parken \u00e4r en fristad f\u00f6r djur som bufflar, zebror och giraffer, och dess rovdjursfria status g\u00f6r den idealisk f\u00f6r vandrings- och cykelsafari bland raspande gejsrar och h\u00f6ga klippor. K\u00e4nd f\u00f6r <strong>bergskl\u00e4ttring och f\u00e5gelsk\u00e5dning<\/strong>, med \u00f6ver 100 arter, inklusive den s\u00e4llsynta Verreaux-\u00f6rnen, visar parken ocks\u00e5 upp harmonin mellan natur och f\u00f6rnybar energi vid Olkaria Geothermal Station.<\/p>\n\n\n\n<p>Bes\u00f6k nationalparken Hell's Gate p\u00e5 en tur med <a href=\"https:\/\/safari-tours-africa.com\/sv\/safariresor\/7-day-best-of-kenya-safari\/\">7-dagars safari i det b\u00e4sta av Kenya<\/a>.<\/p>\n\n\n\n<figure class=\"wp-block-image size-large\"><img decoding=\"async\" src=\"https:\/\/safari-tours-africa.com\/wp-content\/uploads\/hells-gate-national-park-1-1024x576.webp\" alt=\"Imponerande nationalpark Hell&#039;s gate, Kenya\" class=\"wp-image-1324\"\/><figcaption class=\"wp-element-caption\">Det unika landskapet i nationalparken Hell's Gate<\/figcaption><\/figure>\n\n\n\n<h3 class=\"wp-block-heading\">3. Samburus nationella reservat<\/h3>\n\n\n\n<p>Samburu \u00e4r en annorlunda del av den kenyanska safarin, med sina torra landskap och unika djurliv. Den <strong>Floden Ewaso Ng'iro<\/strong> \u00e4r omr\u00e5dets livlina, lockar till sig en m\u00e4ngd olika vilda djur och hyser en stor population av <strong>Nilkrokodiler<\/strong>. Reservatet \u00e4r hem f\u00f6r arter som s\u00e4llan hittas n\u00e5gon annanstans, som den retikulerade giraffen och den somaliska strutsen, vilket g\u00f6r det till ett unikt safariresm\u00e5l f\u00f6r dem som vill ta sig utanf\u00f6r allfarv\u00e4garna.<\/p>\n\n\n\n<p>Bes\u00f6k Samburu nationalreservat p\u00e5 <a href=\"https:\/\/safari-tours-africa.com\/sv\/safariresor\/4-day-samburu-flying-package\/\">4-dagars flygpaket till Samburu<\/a>.<\/p>\n\n\n\n<figure class=\"wp-block-image size-full\"><img loading=\"lazy\" decoding=\"async\" width=\"2000\" height=\"1330\" src=\"https:\/\/safari-tours-africa.com\/wp-content\/uploads\/buffalo-in-samburu-scaled.webp\" alt=\"Buffalo\" class=\"wp-image-881\"\/><figcaption class=\"wp-element-caption\">En buffel som svalkar sig i Samburu National Reserve<\/figcaption><\/figure>\n\n\n\n<h3 class=\"wp-block-heading\">4. Nakurusj\u00f6ns nationalpark<\/h3>\n\n\n\n<p>En g\u00e5ng k\u00e4nd f\u00f6r sina enorma <strong>flamingo befolkning<\/strong> Nakurusj\u00f6n, som m\u00e5lar sj\u00f6stranden rosa, erbjuder en rik biologisk m\u00e5ngfald inom sitt kompakta omr\u00e5de. Parken \u00e4r nu en fristad f\u00f6r nosh\u00f6rningar, med <strong>svarta och vita nosh\u00f6rningar<\/strong> trivs h\u00e4r. Fr\u00e5n utsiktsplatserna, som Lion Hill, har man panoramautsikt \u00f6ver sj\u00f6n och de miljontals pelikaner och flamingor som lever vid dess str\u00e4nder.<\/p>\n\n\n\n<p>Bes\u00f6k Lake Nakuru National Park p\u00e5 <a href=\"https:\/\/safari-tours-africa.com\/sv\/safariresor\/7-day-tree-hotel-samburu-nakuru-masai-lodge-centy-safari\/\">7-dagars Tree Hotel Samburu-Nakuru-Masai Lodge Centy Safari<\/a>.<\/p>\n\n\n\n<figure class=\"wp-block-image size-full\"><img loading=\"lazy\" decoding=\"async\" width=\"2000\" height=\"1328\" src=\"https:\/\/safari-tours-africa.com\/wp-content\/uploads\/rhinos-in-lake-nakuru-national-park-scaled.webp\" alt=\"nosh\u00f6rningar i Nakurusj\u00f6ns nationalpark, kenya\" class=\"wp-image-1272\"\/><figcaption class=\"wp-element-caption\">Tv\u00e5 nosh\u00f6rningar vid Nakurusj\u00f6ns strand<\/figcaption><\/figure>\n\n\n\n<h3 class=\"wp-block-heading\">5. Amboseli nationalpark<\/h3>\n\n\n\n<p>Amboseli erbjuder mer \u00e4n bara en bakgrund av majest\u00e4tiska <strong>Kilimanjaro<\/strong>. Det \u00e4r en arena d\u00e4r man kan se stora elefanthjordar vandra omkring mot bakgrund av Afrikas h\u00f6gsta bergstopp. Parkens relativt <strong>liten storlek och \u00f6ppna sl\u00e4tter<\/strong> g\u00f6r det l\u00e4tt att uppt\u00e4cka vilda djur och erbjuder intima m\u00f6ten med djur som lejon, geparder och otaliga f\u00e5gelarter. Observationskullen ger panoramautsikt \u00f6ver parken, s\u00e4rskilt vid solnedg\u00e5ngen, vilket skapar ett paradis f\u00f6r fotografer.<\/p>\n\n\n\n<figure class=\"wp-block-image size-large\"><img decoding=\"async\" src=\"https:\/\/safari-tours-africa.com\/wp-content\/uploads\/mount-kilimanjaro-with-an-elephant-walking-across-the-foreground-1024x576.webp\" alt=\"Kilimanjaro med en elefant som g\u00e5r i f\u00f6rgrunden. Amboseli nationalpark, Kenya.\" class=\"wp-image-1325\"\/><figcaption class=\"wp-element-caption\">En ensam elefant g\u00e5r framf\u00f6r berget Kilimanjaro i Amboseli nationalpark<\/figcaption><\/figure>\n\n\n\n<h3 class=\"wp-block-heading\">6. Nationalparkerna Tsavo \u00d6st och V\u00e4st<\/h3>\n\n\n\n<p>Tillsammans bildar dessa parker <strong>ett av v\u00e4rldens st\u00f6rsta naturskyddsomr\u00e5den<\/strong>. Tsavo \u00e4r ett vilt och ot\u00e4mjt omr\u00e5de med or\u00f6rd vildmark. Tsavo East \u00e4r k\u00e4nt f\u00f6r sina stora hjordar av dammr\u00f6da elefanter, medan Tsavo West erbjuder ett mer varierat landskap, inklusive k\u00e4llor, flodh\u00e4stsk\u00e5dning under vattnet vid Mzima Springs och Shetani-lavafl\u00f6dena.<\/p>\n\n\n\n<figure class=\"wp-block-image size-large\"><img loading=\"lazy\" decoding=\"async\" width=\"1024\" height=\"683\" src=\"https:\/\/safari-tours-africa.com\/wp-content\/uploads\/zebras-in-tsavo-east-national-park-in-kenya-1024x683.webp\" alt=\"Zebror i nationalparken Tsavo East i Kenya\" class=\"wp-image-1326\" srcset=\"https:\/\/safari-tours-africa.com\/wp-content\/uploads\/zebras-in-tsavo-east-national-park-in-kenya-1024x683.webp 1024w, https:\/\/safari-tours-africa.com\/wp-content\/uploads\/zebras-in-tsavo-east-national-park-in-kenya-300x200.webp 300w, https:\/\/safari-tours-africa.com\/wp-content\/uploads\/zebras-in-tsavo-east-national-park-in-kenya-768x512.webp 768w, https:\/\/safari-tours-africa.com\/wp-content\/uploads\/zebras-in-tsavo-east-national-park-in-kenya-1536x1024.webp 1536w, https:\/\/safari-tours-africa.com\/wp-content\/uploads\/zebras-in-tsavo-east-national-park-in-kenya-2048x1365.webp 2048w, https:\/\/safari-tours-africa.com\/wp-content\/uploads\/zebras-in-tsavo-east-national-park-in-kenya-18x12.webp 18w\" sizes=\"auto, (max-width: 1024px) 100vw, 1024px\" \/><figcaption class=\"wp-element-caption\">Tsamo \u00e4r ett ot\u00e4mjt vildmarksomr\u00e5de<\/figcaption><\/figure>\n\n\n\n<h2 class=\"wp-block-heading\">N\u00e4r \u00e4r den b\u00e4sta tiden att bes\u00f6ka Kenya?<\/h2>\n\n\n\n<p>Tidpunkten f\u00f6r ditt bes\u00f6k kan p\u00e5verka din safariupplevelse avsev\u00e4rt. Den <strong>torra m\u00e5nader fr\u00e5n juni till oktober <\/strong>erbjuder den b\u00e4sta viltsk\u00e5dningen eftersom djuren samlas runt vattenk\u00e4llor. Denna period sammanfaller ocks\u00e5 med den stora migrationen i Masai Mara, ett sk\u00e5despel som lockar naturentusiaster fr\u00e5n hela v\u00e4rlden.<\/p>\n\n\n\n<p>F\u00f6r <strong>f\u00e5gelsk\u00e5dare<\/strong> och de som \u00e4r intresserade av frodiga, natursk\u00f6na landskap erbjuder regnperioderna (november-december och mars-maj) en unik safariupplevelse med nyf\u00f6dda djur och flyttf\u00e5glar som fyller himlen.<\/p>\n\n\n\n<figure class=\"wp-block-image size-full\"><img loading=\"lazy\" decoding=\"async\" width=\"2000\" height=\"1333\" src=\"https:\/\/safari-tours-africa.com\/wp-content\/uploads\/roller-bird-on-a-safari-in-kenya.webp\" alt=\"Lila br\u00f6stvals, Masai Mara, Kenya\" class=\"wp-image-866\"\/><figcaption class=\"wp-element-caption\">Den b\u00e4sta tiden att bes\u00f6ka Kenya beror p\u00e5 vilken typ av djur du vill se<\/figcaption><\/figure>\n\n\n\n<h2 class=\"wp-block-heading\">\u00c4r Kenya s\u00e4kert?<\/h2>\n\n\n\n<p>\u00c4ven om Kenya \u00e4r en relativt s\u00e4ker destination f\u00f6r turister \u00e4r det viktigt att vidta vanliga resef\u00f6rsiktighets\u00e5tg\u00e4rder. H\u00e5ll dig informerad om de senaste reseanvisningarna fr\u00e5n din regering. P\u00e5 safaridestinationerna \u00e4r s\u00e4kerhets\u00e5tg\u00e4rderna av st\u00f6rsta vikt, med <strong>erfarna guider och strikta parkregler<\/strong> f\u00f6r att garantera en s\u00e4ker upplevelse. I st\u00e4der \u00e4r det l\u00e4mpligt att undvika icke-turistomr\u00e5den p\u00e5 natten, f\u00f6rvara v\u00e4rdesaker p\u00e5 ett s\u00e4kert s\u00e4tt och vara vaksam, precis som i alla st\u00f6rre st\u00e4der runt om i v\u00e4rlden.<\/p>\n\n\n\n<figure class=\"wp-block-image size-large\"><img decoding=\"async\" src=\"https:\/\/safari-tours-africa.com\/wp-content\/uploads\/street-market-in-nairobi-streets-1024x683.webp\" alt=\"Gatumarknad i Nairobi fr\u00e5n toppen av Kenyatta International Convention Centre.\" class=\"wp-image-1327\"\/><figcaption class=\"wp-element-caption\">Med vanliga f\u00f6rsiktighets\u00e5tg\u00e4rder \u00e4r Kenya lika s\u00e4kert som vilket annat land i tredje v\u00e4rlden som helst<\/figcaption><\/figure>\n\n\n\n<h2 class=\"wp-block-heading\">Beh\u00f6ver jag visum f\u00f6r att resa in i Kenya?<\/h2>\n\n\n\n<p>Att planera sin inresa till Kenya \u00e4r avg\u00f6rande f\u00f6r en smidig upplevelse. De flesta resen\u00e4rer anl\u00e4nder via <strong>Jomo Kenyatta Internationella flygplats<\/strong> i Nairobi. Visum kr\u00e4vs f\u00f6r de flesta nationaliteter och kan erh\u00e5llas online via <strong>eVisa-systemet<\/strong>. Processen \u00e4r okomplicerad, men det \u00e4r tillr\u00e5dligt att ans\u00f6ka i god tid f\u00f6re dina resedatum. Se till att ditt pass \u00e4r giltigt i minst sex m\u00e5nader, och kontrollera om ditt land ing\u00e5r i East Africa Tourist Visa-programmet, som erbjuder tillg\u00e5ng till flera l\u00e4nder, ett bekv\u00e4mt alternativ f\u00f6r dem som utforskar den bredare regionen.<\/p>\n\n\n\n<figure class=\"wp-block-image size-full\"><img loading=\"lazy\" decoding=\"async\" width=\"2000\" height=\"1333\" src=\"https:\/\/safari-tours-africa.com\/wp-content\/uploads\/usa-visa-in-a-passport-background-scaled.webp\" alt=\"USA-visum i en passbakgrund\" class=\"wp-image-1296\"\/><figcaption class=\"wp-element-caption\">Kontrollera visumkraven f\u00f6r ditt land f\u00f6re resan<\/figcaption><\/figure>\n\n\n\n<h2 class=\"wp-block-heading\">Hur fungerar lokaltrafiken i Kenya?<\/h2>\n\n\n\n<p>Att ta sig runt i Kenya \u00e4r en del av \u00e4ventyret. <strong>Inrikesflyg<\/strong> f\u00f6rbinder st\u00f6rre st\u00e4der och safaridestinationer och erbjuder ett snabbt och natursk\u00f6nt s\u00e4tt att ta sig \u00f6ver stora avst\u00e5nd. F\u00f6r dem som \u00e4r intresserade av lokala upplevelser finns <strong>Matatu minibussar<\/strong> erbjuder ett f\u00e4rgglatt och livligt transportmedel, \u00e4ven om de kanske inte f\u00f6ljer strikta tidtabeller. Privat transfer och taxi \u00e4r ett bekv\u00e4mare och s\u00e4krare s\u00e4tt att ta sig fram, s\u00e4rskilt i stadsomr\u00e5den. F\u00f6r en natursk\u00f6n och lugn takt kan du \u00f6verv\u00e4ga t\u00e5gtrafiken mellan Nairobi och Mombasa, som erbjuder utsikt \u00f6ver landsbygden och en smak av det lokala livet.<\/p>\n\n\n\n<figure class=\"wp-block-image size-large\"><img decoding=\"async\" src=\"https:\/\/safari-tours-africa.com\/wp-content\/uploads\/tuk-tuk-in-kenya-1024x640.webp\" alt=\"Vy fr\u00e5n passagerars\u00e4tet n\u00e4r man \u00e5ker tuk tuk (trehjulig automatisk rickshaw) med en annan som kommer i motsatt riktning p\u00e5 andra sidan v\u00e4gen. Malindi, Kenya\" class=\"wp-image-1328\"\/><figcaption class=\"wp-element-caption\">Vy fr\u00e5n en tuk tuk i Kenya<\/figcaption><\/figure>\n\n\n\n<h2 class=\"wp-block-heading\">Vilka \u00e4r boendealternativen i Kenya?<\/h2>\n\n\n\n<p>Boendealternativen i Kenya tillgodoser <strong>f\u00f6r alla smaker och budgetar<\/strong>. I st\u00e4der som Nairobi och Mombasa finns en rad olika hotell, fr\u00e5n internationella lyxm\u00e4rken till lokala boutiqueanl\u00e4ggningar. Safarilodger och l\u00e4ger i nationalparkerna erbjuder en djupg\u00e5ende upplevelse av vilda djur, med alternativ som str\u00e4cker sig fr\u00e5n lyxiga t\u00e4ltl\u00e4ger till rustika lodger. F\u00f6r strand\u00e4lskare erbjuder den kenyanska kusten resorter och pensionat med fantastisk havsutsikt och tillg\u00e5ng till or\u00f6rda str\u00e4nder som Diani Beach. Eco-lodges \u00e4r ett utm\u00e4rkt val f\u00f6r dem som letar efter h\u00e5llbara och samh\u00e4llsengagerade boendealternativ.<\/p>\n\n\n\n<figure class=\"wp-block-image size-large\"><img decoding=\"async\" src=\"https:\/\/safari-tours-africa.com\/wp-content\/uploads\/kenya-lodge-for-tourist-surrounded-by-the-jungle-1024x638.webp\" alt=\"Kenya Lodge f\u00f6r turister omgiven av djungeln\" class=\"wp-image-1329\"\/><figcaption class=\"wp-element-caption\">Det finns lodger med olika levnadsstandard i alla kenyanska parker<\/figcaption><\/figure>\n\n\n\n<h2 class=\"wp-block-heading\">Vad mer kan jag g\u00f6ra i Kenya f\u00f6rutom att se vilda djur?<\/h2>\n\n\n\n<p>Kenya \u00e4r ett land som pr\u00e4glas av m\u00e5ngfald, inte bara n\u00e4r det g\u00e4ller djurliv utan \u00e4ven kultur- och \u00e4ventyrsupplevelser. F\u00f6rutom traditionella safarier kan bes\u00f6kare engagera sig i lokala <strong>Maasai- och Samburu-samh\u00e4llen<\/strong>och ger en inblick i Kenyas rika kulturarv. F\u00e5gelsk\u00e5dningen \u00e4r spektakul\u00e4r, s\u00e4rskilt vid sj\u00f6arna i Rift Valley. F\u00f6r den \u00e4ventyrlige, <strong>safari med varmluftsballong<\/strong> erbjuder ett unikt perspektiv p\u00e5 Maasai Mara, och vattensporter l\u00e4ngs kusten tillgodoser strandentusiaster. Bevarandecenter och frist\u00e4der ger inblick i arbetet med att skydda vilda djur, vilket g\u00f6r din resa till en semester och en l\u00e4rorik upplevelse.<\/p>\n\n\n\n<figure class=\"wp-block-image size-large is-resized\"><img loading=\"lazy\" decoding=\"async\" width=\"1024\" height=\"683\" src=\"https:\/\/safari-tours-africa.com\/wp-content\/uploads\/maasai-mara-man-showing-traditional-maasai-jumping-dance-1024x683.webp\" alt=\"Man fr\u00e5n Maasai Mara visar traditionell hoppdans fr\u00e5n Maasai\" class=\"wp-image-1330\" style=\"width:1024px;height:auto\" srcset=\"https:\/\/safari-tours-africa.com\/wp-content\/uploads\/maasai-mara-man-showing-traditional-maasai-jumping-dance-1024x683.webp 1024w, https:\/\/safari-tours-africa.com\/wp-content\/uploads\/maasai-mara-man-showing-traditional-maasai-jumping-dance-300x200.webp 300w, https:\/\/safari-tours-africa.com\/wp-content\/uploads\/maasai-mara-man-showing-traditional-maasai-jumping-dance-768x512.webp 768w, https:\/\/safari-tours-africa.com\/wp-content\/uploads\/maasai-mara-man-showing-traditional-maasai-jumping-dance-1536x1024.webp 1536w, https:\/\/safari-tours-africa.com\/wp-content\/uploads\/maasai-mara-man-showing-traditional-maasai-jumping-dance-2048x1365.webp 2048w, https:\/\/safari-tours-africa.com\/wp-content\/uploads\/maasai-mara-man-showing-traditional-maasai-jumping-dance-18x12.webp 18w\" sizes=\"auto, (max-width: 1024px) 100vw, 1024px\" \/><figcaption class=\"wp-element-caption\">Lokalsamh\u00e4llet med det inhemska Maasai-folket<\/figcaption><\/figure>\n\n\n\n<h2 class=\"wp-block-heading\">Hur \u00e4r maten?<\/h2>\n\n\n\n<p>Det kenyanska k\u00f6ket \u00e4r en \u00e5terspegling av dess kulturella m\u00e5ngfald. <strong>Traditionella r\u00e4tter<\/strong> som ugali, nyama choma och kachumbari erbjuder en smak av lokala smaker. <strong>Indiska och kustn\u00e4ra influenser<\/strong> introducerar en m\u00e4ngd olika skaldjursr\u00e4tter, curryr\u00e4tter och chapatis, vilket berikar det kulinariska landskapet. Teplantagerna p\u00e5 h\u00f6glandet producerar <strong>n\u00e5gra av v\u00e4rldens b\u00e4sta teer<\/strong>, ett perfekt komplement till en kenyansk m\u00e5ltid. Gatuk\u00f6k och lokala matst\u00e4llen erbjuder en autentisk och prisv\u00e4rd matupplevelse som g\u00f6r det m\u00f6jligt f\u00f6r bes\u00f6kare att utforska landets kulinariska m\u00e5ngfald.<\/p>\n\n\n\n<figure class=\"wp-block-image size-large\"><img decoding=\"async\" src=\"https:\/\/safari-tours-africa.com\/wp-content\/uploads\/kenyan-nyama-choma-1024x610.webp\" alt=\"Kenyansk Nyama Choma\" class=\"wp-image-1331\"\/><figcaption class=\"wp-element-caption\">Den kenyanska specialiteten - nyama choma<\/figcaption><\/figure>\n\n\n\n<h2 class=\"wp-block-heading\">Vad finns det f\u00f6r etiketttips n\u00e4r man \u00e4r i Kenya?<\/h2>\n\n\n\n<p>Att f\u00f6rst\u00e5 lokala seder och etikett kan avsev\u00e4rt f\u00f6rb\u00e4ttra din reseupplevelse. <strong>Dricks uppskattas<\/strong> men inte obligatoriskt, med sedvanliga belopp f\u00f6r guider, chauff\u00f6rer och servicepersonal. Det \u00e4r viktigt att man upptr\u00e4der respektfullt, h\u00e4lsar och fr\u00e5gar om lov innan man fotograferar. Kl\u00e4 dig konservativt, s\u00e4rskilt n\u00e4r du bes\u00f6ker landsbygden eller religi\u00f6sa platser. Att l\u00e4ra sig a <strong>n\u00e5gra grundl\u00e4ggande fraser p\u00e5 swahili <\/strong>kan berika dina kontakter med lokalbefolkningen och visa respekt f\u00f6r den lokala kulturen.<\/p>\n\n\n\n<figure class=\"wp-block-image size-large\"><img decoding=\"async\" src=\"https:\/\/safari-tours-africa.com\/wp-content\/uploads\/masai-kudu-horn-blowing-1024x679.webp\" alt=\"Masai Kudu hornbl\u00e5sning - Kenya\" class=\"wp-image-1332\"\/><figcaption class=\"wp-element-caption\">Respektera lokala seder och bruk<\/figcaption><\/figure>\n\n\n\n<h2 class=\"wp-block-heading\">Varf\u00f6r v\u00e4lja Safari Tours Africa f\u00f6r att resa till Kenya?<\/h2>\n\n\n\n<p>Att v\u00e4lja Safari Tours Africa inneb\u00e4r att v\u00e4lja en upplevelse som \u00e4r skr\u00e4ddarsydd efter dina \u00f6nskem\u00e5l, vilket s\u00e4kerst\u00e4ller en s\u00f6ml\u00f6s och autentisk resa genom Kenyas landskap och vilda djur. Med partnerskap med de b\u00e4sta lokala operat\u00f6rerna och ett engagemang f\u00f6r personlig service lovar Safari Tours Africa ett of\u00f6rgl\u00f6mligt \u00e4ventyr, som f\u00f6rbinder dig med hj\u00e4rtat i detta livfulla och m\u00e5ngsidiga land p\u00e5 v\u00e5r <a href=\"https:\/\/safari-tours-africa.com\/sv\/kenia\/\">Safaris i Kenya<\/a>.<\/p>","protected":false},"excerpt":{"rendered":"<p>Kenya, som ligger i hj\u00e4rtat av \u00d6stafrika, \u00e4r ett land d\u00e4r naturlig sk\u00f6nhet m\u00f6ter \u00e4ventyr. Det \u00e4r en destination som \u00e4r k\u00e4nd f\u00f6r sitt varierande djurliv och landskap, fr\u00e5n flamingosj\u00f6arna i Great Rift Valley till det vilda djurlivet Maasai Mara. Det \u00e4r ett land d\u00e4r traditionell kultur v\u00e4vs in i det moderna livets tyg, fr\u00e5n ... <a href=\"https:\/\/safari-tours-africa.com\/sv\/kenya-a-safari-destination\/\">Forts\u00e4ttning<\/a><\/p>","protected":false},"author":41,"featured_media":896,"parent":0,"menu_order":0,"comment_status":"closed","ping_status":"closed","template":"","meta":{"_acf_changed":false,"footnotes":""},"class_list":["post-1172","page","type-page","status-publish","has-post-thumbnail","hentry"],"acf":{"page_subheading":"Uncover a comprehensive overview of Kenya's top safari destinations, wildlife highlights, and practical advice for a seamless travel experience."},"_links":{"self":[{"href":"https:\/\/safari-tours-africa.com\/sv\/wp-json\/wp\/v2\/pages\/1172","targetHints":{"allow":["GET"]}}],"collection":[{"href":"https:\/\/safari-tours-africa.com\/sv\/wp-json\/wp\/v2\/pages"}],"about":[{"href":"https:\/\/safari-tours-africa.com\/sv\/wp-json\/wp\/v2\/types\/page"}],"author":[{"embeddable":true,"href":"https:\/\/safari-tours-africa.com\/sv\/wp-json\/wp\/v2\/users\/41"}],"replies":[{"embeddable":true,"href":"https:\/\/safari-tours-africa.com\/sv\/wp-json\/wp\/v2\/comments?post=1172"}],"version-history":[{"count":5,"href":"https:\/\/safari-tours-africa.com\/sv\/wp-json\/wp\/v2\/pages\/1172\/revisions"}],"predecessor-version":[{"id":1336,"href":"https:\/\/safari-tours-africa.com\/sv\/wp-json\/wp\/v2\/pages\/1172\/revisions\/1336"}],"wp:featuredmedia":[{"embeddable":true,"href":"https:\/\/safari-tours-africa.com\/sv\/wp-json\/wp\/v2\/media\/896"}],"wp:attachment":[{"href":"https:\/\/safari-tours-africa.com\/sv\/wp-json\/wp\/v2\/media?parent=1172"}],"curies":[{"name":"wp","href":"https:\/\/api.w.org\/{rel}","templated":true}]}}