{"id":1176,"date":"2024-01-22T15:46:04","date_gmt":"2024-01-22T15:46:04","guid":{"rendered":"https:\/\/safari-tours-africa.com\/?page_id=1176"},"modified":"2024-01-23T17:08:09","modified_gmt":"2024-01-23T17:08:09","slug":"uganda-ett-safariresmal","status":"publish","type":"page","link":"https:\/\/safari-tours-africa.com\/sv\/uganda-a-safari-destination\/","title":{"rendered":"Uganda: En destination f\u00f6r safari"},"content":{"rendered":"<p>Uganda \u00e4r ett land som verkligen f\u00f6rkroppsligar den afrikanska kontinentens r\u00e5a essens. Det \u00e4r ett land d\u00e4r <strong>soldr\u00e4nkta savanner m\u00f6ter frodiga regnskogar<\/strong>och d\u00e4r den m\u00e4ktiga floden Nilen ger liv \u00e5t ett otroligt varierat ekosystem. Ugandas rika utbud av landskap str\u00e4cker sig fr\u00e5n sn\u00f6t\u00e4ckta bergskedjor till vidstr\u00e4ckta sj\u00f6ar och t\u00e4ta djungler.<\/p>\n\n\n\n<p>Den kulturella m\u00e5ngfalden, med \u00f6ver 56 stammar, var och en med sina unika seder, spr\u00e5k och traditioner, erbjuder en <strong>rik mosaik av kulturupplevelser<\/strong>. Fr\u00e5n det adrenalinpumpande \u00e4ventyret med forsr\u00e4nning p\u00e5 Nilen till lugnet att titta p\u00e5 en solnedg\u00e5ng \u00f6ver savannen, Uganda lovar en resa med uppt\u00e4ckt och f\u00f6rundran vid varje tur.<\/p>\n\n\n\n<figure class=\"wp-block-image size-full\"><img loading=\"lazy\" decoding=\"async\" width=\"2000\" height=\"1333\" src=\"https:\/\/safari-tours-africa.com\/wp-content\/uploads\/adult-female-gorilla-with-baby-scaled.webp\" alt=\"Vuxen gorillahona med unge, Gorilla beringei beringei, i det frodiga l\u00f6vverket i Bwindi Impenetrable Forest, Uganda. Medlemmar i familjen Muyambis tillv\u00e4njningsgrupp i bevarandeprogrammet\" class=\"wp-image-1234\"\/><figcaption class=\"wp-element-caption\">Uganda \u00e4r fr\u00e4mst k\u00e4nt f\u00f6r gorillavandringar<\/figcaption><\/figure>\n\n\n\n<h2 class=\"wp-block-heading\">Vilka platser i Uganda b\u00f6r jag bes\u00f6ka p\u00e5 en safari?<\/h2>\n\n\n\n<h3 class=\"wp-block-heading\">1. Den ogenomtr\u00e4ngliga skogen Bwindi<\/h3>\n\n\n\n<p>A <strong>UNESCO:s v\u00e4rldsarvslista<\/strong>, Bwindi \u00e4r inte bara hem till n\u00e5got mindre \u00e4n <strong>h\u00e4lften av v\u00e4rldens bergsgorillor <\/strong>men ger ocks\u00e5 skydd \u00e5t elefanter, schimpanser och olika f\u00e5gelarter. Upplevelsen av att vandra genom denna ur\u00e5ldriga, dimh\u00f6ljda skog och tillbringa tid med de mjuka j\u00e4ttarna \u00e4r helt magisk. Skogens biologiska m\u00e5ngfald str\u00e4cker sig bortom dess mest k\u00e4nda inv\u00e5nare, med \u00f6ver 120 d\u00e4ggdjursarter och \u00f6ver 350 f\u00e5gelarter, vilket g\u00f6r det till ett viktigt bevarandeomr\u00e5de.<\/p>\n\n\n\n<p>Bes\u00f6k Bwindi Impenetrable Forest p\u00e5 <a href=\"https:\/\/safari-tours-africa.com\/sv\/safariresor\/3-day-uganda-gorilla-habituation-experience\/\">3-dagars Uganda Gorilla Habituation-upplevelse<\/a>.<\/p>\n\n\n\n<figure class=\"wp-block-image size-full\"><img loading=\"lazy\" decoding=\"async\" width=\"2000\" height=\"1203\" src=\"https:\/\/safari-tours-africa.com\/wp-content\/uploads\/landscape-in-southwestern-uganda-at-the-bwindi-impenetrable-forest-national-park-scaled.webp\" alt=\"Landskap i sydv\u00e4stra Uganda, vid nationalparken Bwindi Impenetrable Forest, p\u00e5 gr\u00e4nsen mellan Uganda, Kongo och Rwanda. I nationalparken Bwindi lever bergsgorillorna.\" class=\"wp-image-1236\"\/><figcaption class=\"wp-element-caption\">Bwindi Impenetrable Forest \u00e4r tillflyktsort f\u00f6r en stor koloni av bergsgorillor<\/figcaption><\/figure>\n\n\n\n<h3 class=\"wp-block-heading\">2. Nationalparken Queen Elizabeth<\/h3>\n\n\n\n<p>Parkens olika ekosystem g\u00f6r den till ett mikrokosmos av den ugandiska safariupplevelsen. Parkens savanner, v\u00e5tmarker och skogar \u00e4r fulla av vilda djur. Den unika <strong>tr\u00e4dkl\u00e4ttrande lejon i Ishasha<\/strong>, stora hjordar av bufflar och elefanter, och de ber\u00f6mda b\u00e5tturerna l\u00e4ngs <strong>Kazinga-kanalen<\/strong> erbjuder en spektakul\u00e4r uppvisning av parkens biologiska m\u00e5ngfald. Parkens l\u00e4ge ger ocks\u00e5 en fantastisk utsikt \u00f6ver Rwenzoribergen och kratersj\u00f6arna i regionen.<\/p>\n\n\n\n<p>Bes\u00f6k Queen Elizabeth National Park p\u00e5 <a href=\"https:\/\/safari-tours-africa.com\/sv\/safariresor\/12-day-uganda-safari\/\">12-dagars safari i Uganda<\/a>.<\/p>\n\n\n\n<figure class=\"wp-block-image size-full\"><img loading=\"lazy\" decoding=\"async\" width=\"2000\" height=\"1331\" src=\"https:\/\/safari-tours-africa.com\/wp-content\/uploads\/elephant-in-queen-elizabeth-national-park.webp\" alt=\"Elefant i Queen Elizabeth National Park, Uganda, \u00d6stafrika\" class=\"wp-image-1228\"\/><figcaption class=\"wp-element-caption\">En elefant i Queen Elizabeth National Park<\/figcaption><\/figure>\n\n\n\n<h3 class=\"wp-block-heading\">3. Nationalparken Kibale<\/h3>\n\n\n\n<p>Denna park \u00e4r en av de b\u00e4sta platserna i Afrika f\u00f6r att sp\u00e5ra <strong>Schimpanser<\/strong>. Parkens 795 kvadratkilometer regnskog, gr\u00e4smark och tr\u00e4sk ger livsmilj\u00f6 \u00e5t mer \u00e4n bara schimpanser; den \u00e4r ocks\u00e5 hem f\u00f6r 13 andra primatarter, vilket g\u00f6r den till <strong>en av v\u00e4rldens mest m\u00e5ngsidiga och folkrika primatparker<\/strong>. F\u00e5gelsk\u00e5dningen i Kibale \u00e4r ocks\u00e5 exceptionell, med cirka 375 arter registrerade.<\/p>\n\n\n\n<p>Bes\u00f6k Kibale nationalpark p\u00e5 <a href=\"https:\/\/safari-tours-africa.com\/sv\/safariresor\/15-day-uganda-rwanda-combined-safari\/\">15-dagars kombinerad safari i Uganda och Rwanda<\/a>.<\/p>\n\n\n\n<figure class=\"wp-block-image size-full\"><img loading=\"lazy\" decoding=\"async\" width=\"2000\" height=\"1333\" src=\"https:\/\/safari-tours-africa.com\/wp-content\/uploads\/two-chimps-sitting-on-the-ground-in-kibale-forest-scaled.webp\" alt=\"Tv\u00e5 schimpanser sitter p\u00e5 marken i Kibale-skogen\" class=\"wp-image-1223\"\/><figcaption class=\"wp-element-caption\">Schimpanser njuter av varandras s\u00e4llskap i Kibale nationalpark<\/figcaption><\/figure>\n\n\n\n<h3 class=\"wp-block-heading\">4. Nationalparken Murchisonfallen<\/h3>\n\n\n\n<p>Uppkallad efter de dramatiska Murchisonfallen, d\u00e4r floden<strong> Nilen <\/strong>tar sig genom en smal ravin innan den st\u00f6rtar 43 meter, \u00e4r parken <strong>Ugandas \u00e4ldsta och st\u00f6rsta naturskyddsomr\u00e5de<\/strong>. Parkens vidstr\u00e4ckta landskap \u00e4r hem f\u00f6r <strong>76 d\u00e4ggdjursarter<\/strong>, inklusive giraffer, bufflar, lejon och leoparder. Sj\u00e4lva Nilen erbjuder en av de b\u00e4sta fiskeupplevelserna i v\u00e4rlden, s\u00e4rskilt f\u00f6r Nilen abborre.<\/p>\n\n\n\n<p>Bes\u00f6k nationalparken Murchison Falls p\u00e5 <a href=\"https:\/\/safari-tours-africa.com\/sv\/safariresor\/12-day-uganda-safari\/\">12-dagars safari i Uganda<\/a>.<\/p>\n\n\n\n<figure class=\"wp-block-image size-full\"><img loading=\"lazy\" decoding=\"async\" width=\"2000\" height=\"1325\" src=\"https:\/\/safari-tours-africa.com\/wp-content\/uploads\/boat-near-murchison-falls-scaled.webp\" alt=\"Boot auf dem Nil vor den Murchison Falls vattenfall\" class=\"wp-image-1265\"\/><figcaption class=\"wp-element-caption\">En b\u00e5ttur till de fantastiska Murchisonfallen<\/figcaption><\/figure>\n\n\n\n<h3 class=\"wp-block-heading\">5. Nationalparken Lake Mburo<\/h3>\n\n\n\n<p>Denna park erbjuder en lugn safariupplevelse, <strong>p\u00e5 avst\u00e5nd fr\u00e5n de st\u00f6rre folkmassorna<\/strong> som finns i andra parker. Det \u00e4r den perfekta platsen f\u00f6r att se zebra, eland och impala samt en otrolig m\u00e4ngd olika f\u00e5glar. Parkens varierade livsmilj\u00f6er med torra bergssluttningar, klippor, buskar, sn\u00e5r, \u00f6ppna och tr\u00e4dbevuxna savanner, skogar, sj\u00f6ar och tr\u00e4sk g\u00f6r den till en <strong>utm\u00e4rkt l\u00e4ge f\u00f6r vandringssafari<\/strong>.<\/p>\n\n\n\n<p>Bes\u00f6k nationalparken Lake Mburo p\u00e5 <a href=\"https:\/\/safari-tours-africa.com\/sv\/safariresor\/15-day-uganda-rwanda-combined-safari\/\">15-dagars kombinerad safari i Uganda och Rwanda<\/a>.<\/p>\n\n\n\n<figure class=\"wp-block-image size-full\"><img loading=\"lazy\" decoding=\"async\" width=\"2000\" height=\"1325\" src=\"https:\/\/safari-tours-africa.com\/wp-content\/uploads\/group-of-zebras-in-lake-mburo-national-park-in-uganda-scaled.webp\" alt=\"Grupp av zebror i nationalparken Lake Mburo i Uganda\" class=\"wp-image-1248\"\/><figcaption class=\"wp-element-caption\">Zebror vid vattnet i Mburo-sj\u00f6n<\/figcaption><\/figure>\n\n\n\n<h2 class=\"wp-block-heading\">N\u00e4r passar det b\u00e4st att bes\u00f6ka Uganda?<\/h2>\n\n\n\n<p>Den b\u00e4sta tiden f\u00f6r viltsafari i Uganda \u00e4r under de torra \u00e5rstiderna <strong>fr\u00e5n juni till augusti och fr\u00e5n december till februari<\/strong>. Djursk\u00e5dningen \u00e4r i allm\u00e4nhet b\u00e4st vid den h\u00e4r tiden eftersom vegetationen \u00e4r mindre t\u00e4t och djuren samlas runt vattenk\u00e4llor. Ugandas frodiga, gr\u00f6na landskap \u00e4r dock som vackrast under regnperioderna, och det \u00e4r ocks\u00e5 den b\u00e4sta tiden f\u00f6r f\u00e5gelsk\u00e5dning eftersom flyttf\u00e5glar \u00e4r n\u00e4rvarande.<\/p>\n\n\n\n<figure class=\"wp-block-image size-full\"><img loading=\"lazy\" decoding=\"async\" width=\"2000\" height=\"1073\" src=\"https:\/\/safari-tours-africa.com\/wp-content\/uploads\/nile-river-in-uganda-scaled.webp\" alt=\"Floden Nilen, Uganda\" class=\"wp-image-1255\"\/><figcaption class=\"wp-element-caption\">Den b\u00e4sta tiden att se vilda djur i Uganda \u00e4r under torrperioderna<\/figcaption><\/figure>\n\n\n\n<h2 class=\"wp-block-heading\">\u00c4r Uganda s\u00e4kert?<\/h2>\n\n\n\n<p>Uganda \u00e4r i allm\u00e4nhet ett s\u00e4kert resm\u00e5l f\u00f6r turister, men det \u00e4r viktigt att f\u00f6lja allm\u00e4nna s\u00e4kerhets\u00e5tg\u00e4rder, s\u00e4rskilt i st\u00f6rre st\u00e4der. Sm\u00e5st\u00f6lder kan f\u00f6rekomma, s\u00e5 det \u00e4r tillr\u00e5dligt att <strong>F\u00f6rvara v\u00e4rdesaker s\u00e4kert <\/strong>och var medveten om din omgivning. N\u00e4r du \u00e4r p\u00e5 safari ska du alltid lyssna p\u00e5 din guides instruktioner - de \u00e4r utbildade f\u00f6r att garantera din s\u00e4kerhet runt vilda djur.<\/p>\n\n\n\n<figure class=\"wp-block-image size-large\"><img decoding=\"async\" src=\"https:\/\/safari-tours-africa.com\/wp-content\/uploads\/aerial-view-of-kampala-city-seen-from-gaddaffi-mosque-1024x683.webp\" alt=\"Flygfoto \u00f6ver Kampala City sett fr\u00e5n Gaddaffi Mosque, Uganda\" class=\"wp-image-1315\"\/><figcaption class=\"wp-element-caption\">F\u00f6lj de vanliga s\u00e4kerhets\u00e5tg\u00e4rderna i storst\u00e4der f\u00f6r att undvika sm\u00e5st\u00f6lder<\/figcaption><\/figure>\n\n\n\n<h2 class=\"wp-block-heading\">Beh\u00f6ver jag visum f\u00f6r att resa in i Uganda?<\/h2>\n\n\n\n<p>De flesta bes\u00f6kare till Uganda anl\u00e4nder via Entebbe International Airport. Olika nationaliteter kan ans\u00f6ka om ett <strong>e-visum eller visum vid ankomsten<\/strong>. Vi rekommenderar att du kontrollerar de senaste visumkraven med officiella k\u00e4llor innan du reser. Se till att ditt pass \u00e4r giltigt i minst sex m\u00e5nader efter din planerade avresa fr\u00e5n Uganda.<\/p>\n\n\n\n<figure class=\"wp-block-image size-full\"><img loading=\"lazy\" decoding=\"async\" width=\"2000\" height=\"1333\" src=\"https:\/\/safari-tours-africa.com\/wp-content\/uploads\/usa-visa-in-a-passport-background-scaled.webp\" alt=\"USA-visum i en passbakgrund\" class=\"wp-image-1296\"\/><figcaption class=\"wp-element-caption\">Kontrollera visumkraven f\u00f6r ditt land f\u00f6re resan<\/figcaption><\/figure>\n\n\n\n<h2 class=\"wp-block-heading\">Hur fungerar lokaltrafiken i Uganda?<\/h2>\n\n\n\n<p>Transport inom Uganda varierar fr\u00e5n promenader och cykling i mer avl\u00e4gsna omr\u00e5den till att anv\u00e4nda <strong>matatus<\/strong> (delade minibussar) och <strong>boda-bodas<\/strong> (motorcykeltaxi) i stadsomr\u00e5den. F\u00f6r l\u00e4ngre str\u00e4ckor och resor till nationalparker \u00e4r privata fordon eller organiserade turer de bekv\u00e4maste och s\u00e4kraste alternativen.<\/p>\n\n\n\n<figure class=\"wp-block-image size-large\"><img decoding=\"async\" src=\"https:\/\/safari-tours-africa.com\/wp-content\/uploads\/public-transportation-in-uganda-683x1024.webp\" alt=\"Kollektivtrafik i Uganda\" class=\"wp-image-1316\"\/><figcaption class=\"wp-element-caption\">Lokal transport i Uganda<\/figcaption><\/figure>\n\n\n\n<h2 class=\"wp-block-heading\">Vilka \u00e4r boendealternativen i Uganda?<\/h2>\n\n\n\n<p>I Uganda finns allt fr\u00e5n lyxiga lodger och t\u00e4ltcamper i hj\u00e4rtat av nationalparkerna till vandrarhem f\u00f6r backpackers och pensionat i st\u00e4derna. M\u00e5nga lodger och campingar erbjuder fantastisk utsikt, utm\u00e4rkt service och enkel tillg\u00e5ng till safariaktiviteter. Eco-lodges och samh\u00e4llsbaserade boenden finns ocks\u00e5 tillg\u00e4ngliga f\u00f6r dem som s\u00f6ker en mer h\u00e5llbar och f\u00f6rdjupad upplevelse.<\/p>\n\n\n\n<figure class=\"wp-block-image size-large\"><img decoding=\"async\" src=\"https:\/\/safari-tours-africa.com\/wp-content\/uploads\/luxury-lodge-in-murchison-falls-national-park-1024x683.webp\" alt=\"Badrum i en lyxig lodge, Murchison Falls, Uganda.\" class=\"wp-image-1317\"\/><figcaption class=\"wp-element-caption\">Lyxig lodge i nationalparken Murchison Falls<\/figcaption><\/figure>\n\n\n\n<h2 class=\"wp-block-heading\">Vad mer kan jag g\u00f6ra i Uganda f\u00f6rutom att se vilda djur?<\/h2>\n\n\n\n<p>Ugandas varierade landskap erbjuder en rad aktiviteter ut\u00f6ver de traditionella spelenheterna. <strong>Gorilla- och schimpansvandring<\/strong> \u00e4r bland de mest unika och eftertraktade upplevelserna. Landets sj\u00f6ar och floder \u00e4r idealiska f\u00f6r <strong>fiske, b\u00e5tliv och forsr\u00e4nning<\/strong>. Kulturresor ger en inblick i de lokala traditionerna och livsstilen hos Ugandas m\u00e5nga etniska grupper.<\/p>\n\n\n\n<figure class=\"wp-block-image size-full\"><img loading=\"lazy\" decoding=\"async\" width=\"2000\" height=\"1333\" src=\"https:\/\/safari-tours-africa.com\/wp-content\/uploads\/extreme-whitewater-rafting-in-jinja-scaled.webp\" alt=\"Extrem forsr\u00e4nning i Jinja, Uganda\" class=\"wp-image-1210\"\/><figcaption class=\"wp-element-caption\">Forsr\u00e4nning p\u00e5 floden Nilen<\/figcaption><\/figure>\n\n\n\n<h2 class=\"wp-block-heading\">Hur \u00e4r maten?<\/h2>\n\n\n\n<p>Ugandiska k\u00f6ket \u00e4r som <strong>olika<\/strong> som dess kultur. Basr\u00e4tter som matoke (kokta och mosade gr\u00f6na bananer), posho (majsgr\u00f6t) och luwombo (gryta \u00e5ngad i bananblad) serveras ofta tillsammans med k\u00f6tt- och gr\u00f6nsaksr\u00e4tter. Street food, som Rolex (en chapati fylld med \u00e4gg och gr\u00f6nsaker), \u00e4r ett snabbt och gott alternativ f\u00f6r m\u00e5ltider p\u00e5 spr\u00e5ng.<\/p>\n\n\n\n<figure class=\"wp-block-image size-large\"><img decoding=\"async\" src=\"https:\/\/safari-tours-africa.com\/wp-content\/uploads\/ugandan-cuisine-1024x447.webp\" alt=\"Ugandiska r\u00e4tter vid en buff\u00e9\" class=\"wp-image-1318\"\/><figcaption class=\"wp-element-caption\">Ugandiska k\u00f6ket<\/figcaption><\/figure>\n\n\n\n<h2 class=\"wp-block-heading\">Vad finns det f\u00f6r etiketttips n\u00e4r man \u00e4r i Uganda?<\/h2>\n\n\n\n<p><strong>Dricks uppskattas<\/strong> i Uganda, s\u00e4rskilt f\u00f6r god service inom turist- och bes\u00f6ksn\u00e4ringen. Respekt f\u00f6r lokala seder och traditioner \u00e4r viktigt, s\u00e4rskilt vid bes\u00f6k p\u00e5 landsbygden och i stamsamh\u00e4llen. Om du l\u00e4r dig n\u00e5gra grundl\u00e4ggande fraser p\u00e5 det lokala spr\u00e5ket kan du f\u00e5 mycket b\u00e4ttre kontakt med lokalbefolkningen, som ofta tar emot dig med \u00f6ppna armar.<\/p>\n\n\n\n<figure class=\"wp-block-image size-large\"><img decoding=\"async\" src=\"https:\/\/safari-tours-africa.com\/wp-content\/uploads\/two-kids-walking-hugged-in-uganda-1024x683.webp\" alt=\"pojkar g\u00e5r arm i arm i Uganda, Afrika\" class=\"wp-image-1314\"\/><figcaption class=\"wp-element-caption\">Att respektera de lokala sederna kommer att hj\u00e4lpa dig l\u00e5ngt i Uganda<\/figcaption><\/figure>\n\n\n\n<h2 class=\"wp-block-heading\">Varf\u00f6r v\u00e4lja Safari Tours Africa f\u00f6r att resa till Uganda?<\/h2>\n\n\n\n<p>Uganda erbjuder en unik blandning av djurliv, \u00e4ventyr och kultur. Fr\u00e5n adrenalinet i gorillatrekking till lugnet i en solnedg\u00e5ng \u00f6ver Nilen, en <a href=\"https:\/\/safari-tours-africa.com\/sv\/uganda\/\">safariresa i Uganda<\/a> \u00e4r en resa genom ett levande och varierat naturlandskap. M\u00e4nniskornas v\u00e4rme och den rika kulturen ger djup och f\u00e4rg till safariupplevelsen, vilket g\u00f6r Uganda till ett of\u00f6rgl\u00f6mligt resm\u00e5l.<\/p>","protected":false},"excerpt":{"rendered":"<p>Uganda \u00e4r ett land som verkligen f\u00f6rkroppsligar den afrikanska kontinentens r\u00e5a v\u00e4sen. Det \u00e4r ett land d\u00e4r de soldr\u00e4nkta savannerna m\u00f6ter frodiga regnskogar och d\u00e4r den m\u00e4ktiga Nilen ger liv \u00e5t ett otroligt varierat ekosystem. Ugandas rika tapestry av landskap str\u00e4cker sig fr\u00e5n sn\u00f6t\u00e4ckta bergskedjor till expansiva sj\u00f6ar och t\u00e4ta djungler. Dess kulturella ... <a href=\"https:\/\/safari-tours-africa.com\/sv\/uganda-a-safari-destination\/\">Forts\u00e4ttning<\/a><\/p>","protected":false},"author":41,"featured_media":1284,"parent":0,"menu_order":0,"comment_status":"closed","ping_status":"closed","template":"","meta":{"_acf_changed":false,"footnotes":""},"class_list":["post-1176","page","type-page","status-publish","has-post-thumbnail","hentry"],"acf":{"page_subheading":"Explore Uganda's majestic wildlife, rich cultural heritage, and stunning landscapes with our in-depth guide, ensuring a transformative safari adventure."},"_links":{"self":[{"href":"https:\/\/safari-tours-africa.com\/sv\/wp-json\/wp\/v2\/pages\/1176","targetHints":{"allow":["GET"]}}],"collection":[{"href":"https:\/\/safari-tours-africa.com\/sv\/wp-json\/wp\/v2\/pages"}],"about":[{"href":"https:\/\/safari-tours-africa.com\/sv\/wp-json\/wp\/v2\/types\/page"}],"author":[{"embeddable":true,"href":"https:\/\/safari-tours-africa.com\/sv\/wp-json\/wp\/v2\/users\/41"}],"replies":[{"embeddable":true,"href":"https:\/\/safari-tours-africa.com\/sv\/wp-json\/wp\/v2\/comments?post=1176"}],"version-history":[{"count":5,"href":"https:\/\/safari-tours-africa.com\/sv\/wp-json\/wp\/v2\/pages\/1176\/revisions"}],"predecessor-version":[{"id":1322,"href":"https:\/\/safari-tours-africa.com\/sv\/wp-json\/wp\/v2\/pages\/1176\/revisions\/1322"}],"wp:featuredmedia":[{"embeddable":true,"href":"https:\/\/safari-tours-africa.com\/sv\/wp-json\/wp\/v2\/media\/1284"}],"wp:attachment":[{"href":"https:\/\/safari-tours-africa.com\/sv\/wp-json\/wp\/v2\/media?parent=1176"}],"curies":[{"name":"wp","href":"https:\/\/api.w.org\/{rel}","templated":true}]}}