{"id":1180,"date":"2024-01-22T16:27:34","date_gmt":"2024-01-22T16:27:34","guid":{"rendered":"https:\/\/safari-tours-africa.com\/?page_id=1180"},"modified":"2024-01-23T16:46:33","modified_gmt":"2024-01-23T16:46:33","slug":"sydafrika-ett-safariresmal","status":"publish","type":"page","link":"https:\/\/safari-tours-africa.com\/sv\/south-africa-a-safari-destination\/","title":{"rendered":"Sydafrika: En destination f\u00f6r safari"},"content":{"rendered":"<p>Sydafrika \u00e4r en v\u00e4rld i ett land, en nation rik p\u00e5 m\u00e5ngfald, inte bara n\u00e4r det g\u00e4ller m\u00e4nniskor och kultur utan ocks\u00e5 n\u00e4r det g\u00e4ller naturens underverk. Fr\u00e5n den ikoniska <strong>Taffelberget<\/strong> till den vidstr\u00e4ckta <strong>Kruger nationalpark<\/strong>varje h\u00f6rn av Sydafrika ber\u00e4ttar en historia.<\/p>\n\n\n\n<p>Landets komplexa historia, pulserande st\u00e4der och fantastiska landskap g\u00f6r det till en unik destination som passar ett brett spektrum av intressen och aktiviteter. Oavsett om man dricker gott vin i Cape Winelands, utforskar de historiska slagf\u00e4lten eller ger sig ut p\u00e5 viltsafari, erbjuder Sydafrika en <strong>f\u00f6rdjupad och m\u00e5ngfacetterad upplevelse<\/strong>.<\/p>\n\n\n\n<figure class=\"wp-block-image size-full\"><img loading=\"lazy\" decoding=\"async\" width=\"2000\" height=\"857\" src=\"https:\/\/safari-tours-africa.com\/wp-content\/uploads\/giraffe-in-the-bush-of-kruger-national-park-south-africa-scaled.webp\" alt=\"Giraff i bushen i Kruger nationalpark Sydafrika. Giraff i gryningen i Kruger nationalpark Sydafrika\" class=\"wp-image-1205\"\/><figcaption class=\"wp-element-caption\">Bes\u00f6k giraffer i Kruger nationalpark<\/figcaption><\/figure>\n\n\n\n<h2 class=\"wp-block-heading\">Vilka platser i Sydafrika b\u00f6r jag bes\u00f6ka p\u00e5 en safari?<\/h2>\n\n\n\n<h3 class=\"wp-block-heading\">1. Kruger nationalpark och omgivande privata reservat<\/h3>\n\n\n\n<p>Kruger National Park \u00e4r h\u00f6rnstenen i Sydafrikas safaris. Denna vidstr\u00e4ckta vildmark \u00e4r hem f\u00f6r ett imponerande antal arter, inklusive <strong>Stor 5<\/strong>. Parkens tillg\u00e4nglighet och v\u00e4lutvecklade infrastruktur g\u00f6r den idealisk f\u00f6r b\u00e5de f\u00f6rstag\u00e5ngsresen\u00e4rer och erfarna safariresen\u00e4rer. Parkens omgivningar, <strong>privata reserver<\/strong> som Sabi Sands och Thornybush erbjuder exklusiva safariupplevelser, med lyxiga lodger och guidade safariturer som ger intima m\u00f6ten med vilda djur.<\/p>\n\n\n\n<p>Bes\u00f6k Kruger National Park och dess omgivningar p\u00e5 <a href=\"https:\/\/safari-tours-africa.com\/sv\/safariresor\/5-day-panorama-route-to-kruger-national-park-safari\/\">5-dagars safari fr\u00e5n Panorama Route till Kruger National Park<\/a>.<\/p>\n\n\n\n<figure class=\"wp-block-image size-full\"><img loading=\"lazy\" decoding=\"async\" width=\"2000\" height=\"1325\" src=\"https:\/\/safari-tours-africa.com\/wp-content\/uploads\/sunrise-at-kruger-national-park-scaled.webp\" alt=\"Soluppg\u00e5ng i Kruger nationalpark\" class=\"wp-image-1192\"\/><figcaption class=\"wp-element-caption\">Soluppg\u00e5ng \u00f6ver Kruger nationalpark<\/figcaption><\/figure>\n\n\n\n<h3 class=\"wp-block-heading\">2. Nationalparken Pilanesberg<\/h3>\n\n\n\n<p>Pilanesberg National Park ligger i kratern av en gammal vulkan och erbjuder ett unikt landskap och \u00e4r en av f\u00e5 platser i Sydafrika d\u00e4r bes\u00f6kare kan se praktiskt taget alla Big 5 i en <strong>malariafri milj\u00f6<\/strong>. Parkens n\u00e4rhet till Johannesburg och Sun City g\u00f6r den till ett bekv\u00e4mt val f\u00f6r resen\u00e4rer som vill kombinera en safari med andra fritidsaktiviteter.<\/p>\n\n\n\n<figure class=\"wp-block-image size-large\"><img decoding=\"async\" src=\"https:\/\/safari-tours-africa.com\/wp-content\/uploads\/beautiful-zebra-standing-on-dry-grass-at-pilanesberg-national-park-on-a-sunny-day-1024x731.webp\" alt=\"Vacker zebra st\u00e5r p\u00e5 torrt gr\u00e4s i Pilanesberg National Park p\u00e5 en solig dag\" class=\"wp-image-1303\"\/><figcaption class=\"wp-element-caption\">Zebra i Pilanesberg nationalpark p\u00e5 en solig dag<\/figcaption><\/figure>\n\n\n\n<h3 class=\"wp-block-heading\">3. Madikwe viltreservat<\/h3>\n\n\n\n<p>Bel\u00e4gen <strong>l\u00e4ngs gr\u00e4nsen till Botswana<\/strong> Madikwe Game Reserve \u00e4r ett paradis f\u00f6r vilda djur och \u00e4r k\u00e4nt f\u00f6r sina bevarandeinsatser. Reservatet \u00e4r k\u00e4nt f\u00f6r sina framg\u00e5ngsrika <strong>avelsprogram f\u00f6r vildhundar<\/strong> och ger chansen att se dessa s\u00e4llsynta rovdjur i deras naturliga milj\u00f6. Madikwes olika ekosystem st\u00f6der en m\u00e4ngd olika arter, vilket ger en rik safariupplevelse.<\/p>\n\n\n\n<figure class=\"wp-block-image size-large\"><img decoding=\"async\" src=\"https:\/\/safari-tours-africa.com\/wp-content\/uploads\/safari-game-drive-in-madikwe-reserve-1024x683.webp\" alt=\"Tv\u00e5 vuxna elefanter, Loxdonta Africana, g\u00e5r p\u00e5 r\u00f6d sand. Vy bakifr\u00e5n. Safari i Madikwe Reserve, Sydafrika, n\u00e4ra Botswana och Kalahari\u00f6knen. Den afrikanska elefanten \u00e4r en del av Big Five.\" class=\"wp-image-1304\"\/><figcaption class=\"wp-element-caption\">Ett par elefanter p\u00e5 promenad i Madikwe Game Reserve<\/figcaption><\/figure>\n\n\n\n<h3 class=\"wp-block-heading\">4. Reservaten i \u00d6stra Kapprovinsen<\/h3>\n\n\n\n<p>Dessa reservat erbjuder en blandning av bekv\u00e4mlighet och djursk\u00e5dning, och m\u00e5nga \u00e4r <strong>malariafri och familjev\u00e4nlig<\/strong>. I \u00d6stra Kapprovinsen finns flera privata reservat d\u00e4r bes\u00f6kare kan njuta av en mer avskild safariupplevelse samtidigt som de fortfarande har chansen att se Big 5.<\/p>\n\n\n\n<figure class=\"wp-block-image size-large\"><img decoding=\"async\" src=\"https:\/\/safari-tours-africa.com\/wp-content\/uploads\/east-london-coast-nature-reserve-1024x683.webp\" alt=\"Klippor i Indiska oceanen i naturreservatet East London Coast, \u00d6stra Kapprovinsen, Sydafrika\" class=\"wp-image-1305\"\/><figcaption class=\"wp-element-caption\">Kustutsikt \u00f6ver Eastern Cape Reserves<\/figcaption><\/figure>\n\n\n\n<h3 class=\"wp-block-heading\">5. Kalahari<\/h3>\n\n\n\n<p>Den halvtorra savannen i Kalahari erbjuder ett helt annat landskap \u00e4n den typiska bushveld som f\u00f6rknippas med safaris. Kgalagadi Transfrontier Park i Kalahari \u00e4r k\u00e4nd f\u00f6r sina <strong>r\u00f6d sand<\/strong>unika djurlivet och den enast\u00e5ende upplevelsen av <strong>\u00f6kensafari<\/strong>. Det \u00e4r en plats d\u00e4r du kan uppleva naturen i dess mest r\u00e5a och ot\u00e4mjda form.<\/p>\n\n\n\n<figure class=\"wp-block-image size-large\"><img decoding=\"async\" src=\"https:\/\/safari-tours-africa.com\/wp-content\/uploads\/dune-rosse-del-kalahari-al-tramonto-stockpack-adobe-stock-1024x680.webp\" alt=\"dune rosse del kalahari al tramonto\" class=\"wp-image-1306\"\/><figcaption class=\"wp-element-caption\">Det r\u00f6da sandlandskapet i Kalahari<\/figcaption><\/figure>\n\n\n\n<h2 class=\"wp-block-heading\">N\u00e4r \u00e4r den b\u00e4sta tiden att bes\u00f6ka Sydafrika?<\/h2>\n\n\n\n<p>Den perfekta tiden att bes\u00f6ka Sydafrika f\u00f6r en safari \u00e4r under<strong> torrperiod (maj till september)<\/strong>, d\u00e5 djurlivet \u00e4r l\u00e4ttare att uppt\u00e4cka eftersom djuren samlas runt vattenk\u00e4llor. Sydafrikas varierande klimat g\u00f6r dock att landet kan bes\u00f6kas \u00e5ret runt. Den <strong>Kapregionen<\/strong>, till exempel, har sin torrperiod under sommarm\u00e5naderna (november till februari), vilket \u00e4r den b\u00e4sta tiden att njuta av str\u00e4nderna och utomhusaktiviteterna.<\/p>\n\n\n\n<figure class=\"wp-block-image size-full\"><img loading=\"lazy\" decoding=\"async\" width=\"2000\" height=\"1082\" src=\"https:\/\/safari-tours-africa.com\/wp-content\/uploads\/landscape-with-a-dirt-road-and-african-savanna-in-the-kruger-national-park-scaled.webp\" alt=\"Landskap med en grusv\u00e4g och afrikansk savann i Kruger National Park i Sydafrika bild i horisontellt format\" class=\"wp-image-1197\"\/><figcaption class=\"wp-element-caption\">Den torra \u00e5rstiden varar fr\u00e5n maj till september i Sydafrika<\/figcaption><\/figure>\n\n\n\n<h2 class=\"wp-block-heading\">\u00c4r Sydafrika s\u00e4kert?<\/h2>\n\n\n\n<p>Sydafrika erbjuder en rik reseupplevelse, men det \u00e4r viktigt att t\u00e4nka p\u00e5 s\u00e4kerheten, s\u00e4rskilt i st\u00f6rre st\u00e4der. Det rekommenderas att ta med <strong>standardf\u00f6rsiktighets\u00e5tg\u00e4rder<\/strong>Till exempel att h\u00e5lla v\u00e4rdesaker i s\u00e4kert f\u00f6rvar och att vara uppm\u00e4rksam p\u00e5 omgivningen. I safariomr\u00e5den \u00e4r det viktigt att f\u00f6lja safariguidernas och lodgepersonalens anvisningar f\u00f6r att f\u00e5 en s\u00e4ker och trevlig upplevelse.<\/p>\n\n\n\n<figure class=\"wp-block-image size-full\"><img loading=\"lazy\" decoding=\"async\" width=\"2000\" height=\"1043\" src=\"https:\/\/safari-tours-africa.com\/wp-content\/uploads\/nelson-mandela-bridge-and-johannesburg-city-at-sunset-scaled.webp\" alt=\"Nelson Mandela Bridge och Johannesburg i solnedg\u00e5ngen\" class=\"wp-image-1189\"\/><figcaption class=\"wp-element-caption\">Utsikt \u00f6ver Johannesburg<\/figcaption><\/figure>\n\n\n\n<h2 class=\"wp-block-heading\">Beh\u00f6ver jag visum f\u00f6r att resa in i Sydafrika?<\/h2>\n\n\n\n<p>Sydafrika har goda f\u00f6rbindelser med internationella flygplatser i st\u00f6rre st\u00e4der som Johannesburg, Kapstaden och Durban. Landet har en <strong>omfattande v\u00e4gn\u00e4t<\/strong>vilket g\u00f6r sj\u00e4lvk\u00f6rning till ett popul\u00e4rt alternativ f\u00f6r utforskare. <strong>Visumkraven varierar beroende p\u00e5 nationalitet<\/strong>, s\u00e5 det \u00e4r tillr\u00e5dligt att kontrollera den senaste informationen fr\u00e5n officiella k\u00e4llor innan du planerar din resa.<\/p>\n\n\n\n<figure class=\"wp-block-image size-full\"><img loading=\"lazy\" decoding=\"async\" width=\"2000\" height=\"1333\" src=\"https:\/\/safari-tours-africa.com\/wp-content\/uploads\/usa-visa-in-a-passport-background-scaled.webp\" alt=\"USA-visum i en passbakgrund\" class=\"wp-image-1296\"\/><figcaption class=\"wp-element-caption\">Kontrollera visumkraven f\u00f6r ditt land f\u00f6re resan<\/figcaption><\/figure>\n\n\n\n<h2 class=\"wp-block-heading\">Hur fungerar lokaltrafiken i Sydafrika?<\/h2>\n\n\n\n<p>Sydafrika erbjuder en rad olika transportalternativ som passar alla \u00f6nskem\u00e5l. Landets v\u00e4gar \u00e4r i allm\u00e4nhet i gott skick, vilket g\u00f6r <strong>sj\u00e4lvk\u00f6rande<\/strong> ett genomf\u00f6rbart alternativ. F\u00f6r l\u00e4ngre str\u00e4ckor eller f\u00f6r att n\u00e5 avl\u00e4gsna safaridestinationer, <strong>inrikesflyg<\/strong> \u00e4r tillg\u00e4ngliga. I viltreservaten anv\u00e4nds \u00f6ppna safarifordon f\u00f6r safariturer, vilket ger en fri utsikt \u00f6ver djurlivet.<\/p>\n\n\n\n<figure class=\"wp-block-image size-large\"><img decoding=\"async\" src=\"https:\/\/safari-tours-africa.com\/wp-content\/uploads\/roads-in-south-africa-1024x571.webp\" alt=\"Liten karoo i Sydafrika, v\u00e4g och berg i bakgrunden\" class=\"wp-image-1307\"\/><figcaption class=\"wp-element-caption\">V\u00e4garna i Sydafrika \u00e4r i allm\u00e4nhet i gott skick<\/figcaption><\/figure>\n\n\n\n<h2 class=\"wp-block-heading\">Vilka \u00e4r boendealternativen i Sydafrika?<\/h2>\n\n\n\n<p>Boendealternativ i Sydafrika <strong>tillgodoser alla smaker<\/strong>H\u00e4r finns allt fr\u00e5n lyxiga safarilodger och boutiquehotell till budgetv\u00e4nliga pensionat och campingplatser. I safariomr\u00e5den finns allt fr\u00e5n rustika bushcamps till \u00f6verd\u00e5diga lodger, som erbjuder en m\u00e4ngd olika upplevelser och bekv\u00e4mligheter.<\/p>\n\n\n\n<figure class=\"wp-block-image size-large\"><img decoding=\"async\" src=\"https:\/\/safari-tours-africa.com\/wp-content\/uploads\/row-of-thatch-roof-rondawel-huts-at-the-olifants-rest-camp-in-kruger-national-park-1024x705.webp\" alt=\"Rad av rondawel-hyddor med halmtak vid Olifants Rest Camp i viltreservatet Kruger National Park i Sydafrika\" class=\"wp-image-1308\"\/><figcaption class=\"wp-element-caption\">Enkelt boende i Kruger nationalpark<\/figcaption><\/figure>\n\n\n\n<h2 class=\"wp-block-heading\">Vad mer kan jag g\u00f6ra i Sydafrika f\u00f6rutom att se vilda djur?<\/h2>\n\n\n\n<p>F\u00f6rutom viltsafari erbjuder Sydafrika en m\u00e4ngd aktiviteter och upplevelser. <strong>Kulturella resor<\/strong> ger insikter i landets historia och olika kulturer. Den natursk\u00f6na sk\u00f6nheten p\u00e5 platser som <a href=\"https:\/\/safari-tours-africa.com\/sv\/safariresor\/4-day-panorama-route-to-kruger-national-park-safari\/\"><strong>Panorama-v\u00e4g<\/strong><\/a> och Drakensbergen lockar natur\u00e4lskare och \u00e4ventyrslystna. F\u00f6r den som vill koppla av finns <strong>landets str\u00e4nder och ving\u00e5rdar<\/strong> erbjuder en perfekt tillflyktsort.<\/p>\n\n\n\n<figure class=\"wp-block-image size-full\"><img loading=\"lazy\" decoding=\"async\" width=\"2000\" height=\"1125\" src=\"https:\/\/safari-tours-africa.com\/wp-content\/uploads\/panorama-route-south-africa-scaled.webp\" alt=\"Panorama Route Sydafrika, Blyde River Canyon med de tre rondellerna, utsikt \u00f6ver tre rondeller och Blyde River Canyon i Sydafrika. Asiatiska kvinnor och kaukasiska m\u00e4n p\u00e5 semester i Sydafrika\" class=\"wp-image-900\"\/><figcaption class=\"wp-element-caption\">Utsikt fr\u00e5n Panorama Route i Sydafrika<\/figcaption><\/figure>\n\n\n\n<h2 class=\"wp-block-heading\">Hur \u00e4r maten?<\/h2>\n\n\n\n<p>Det sydafrikanska k\u00f6ket \u00e4r en <strong>\u00e5terspegling av landets kulturella m\u00e5ngfald<\/strong>. Den kulinariska scenen erbjuder allt fr\u00e5n traditionella braais (grillar) och biltong (torkat, saltat k\u00f6tt) till fina middagsupplevelser i Cape Winelands. Landet \u00e4r ocks\u00e5 k\u00e4nt f\u00f6r sin <strong>vin<\/strong>, med regioner som Stellenbosch och Franschhoek som m\u00e5ste bes\u00f6kas av vinentusiaster.<\/p>\n\n\n\n<figure class=\"wp-block-image size-large\"><img decoding=\"async\" src=\"https:\/\/safari-tours-africa.com\/wp-content\/uploads\/south-african-street-food-1024x683.webp\" alt=\"Sydafrikansk street food - grillade kycklingspett och kycklingf\u00f6tter\" class=\"wp-image-1309\"\/><figcaption class=\"wp-element-caption\">Gatuk\u00f6k i Sydafrika<\/figcaption><\/figure>\n\n\n\n<h2 class=\"wp-block-heading\">Vad har du f\u00f6r etiketttips n\u00e4r du \u00e4r i Sydafrika?<\/h2>\n\n\n\n<p><strong>Dricks \u00e4r brukligt <\/strong>i Sydafrika f\u00f6r god service p\u00e5 restauranger, safariguider och andra servicesektorer. Att f\u00f6rst\u00e5 lokala seder, respektera milj\u00f6n och engagera sig i samh\u00e4llet p\u00e5 ett ansvarsfullt s\u00e4tt \u00e4r avg\u00f6rande f\u00f6r en positiv och inflytelserik reseupplevelse.<\/p>\n\n\n\n<figure class=\"wp-block-image size-large\"><img decoding=\"async\" src=\"https:\/\/safari-tours-africa.com\/wp-content\/uploads\/safari-guide-in-south-africa-1024x683.webp\" alt=\"Safariguide i jeep med lugnande tecken tittar p\u00e5 nosh\u00f6rningar i det vilda\" class=\"wp-image-1310\"\/><figcaption class=\"wp-element-caption\">Dricks \u00e4r mycket uppskattat bland safariguider<\/figcaption><\/figure>\n\n\n\n<h2 class=\"wp-block-heading\">Varf\u00f6r v\u00e4lja Safari Tours Africa f\u00f6r resor till Sydafrika?<\/h2>\n\n\n\n<p>A <a href=\"https:\/\/safari-tours-africa.com\/sv\/sydafrika\/\">safari i Sydafrika<\/a> \u00e4r inte bara en resa genom ett paradis f\u00f6r vilda djur; det \u00e4r en uppt\u00e4cktsf\u00e4rd i ett land som \u00e4r fyllt av historia, kultur och naturlig sk\u00f6nhet. Fr\u00e5n det ikoniska Taffelberget till den djurrika Kruger National Park, en sydafrikansk safari erbjuder ett o\u00f6vertr\u00e4ffat \u00e4ventyr som kombinerar sp\u00e4nningen i det vilda med v\u00e4rmen fr\u00e5n dess folk.<\/p>","protected":false},"excerpt":{"rendered":"<p>Sydafrika \u00e4r en v\u00e4rld i ett land, en nation rik p\u00e5 m\u00e5ngfald, inte bara n\u00e4r det g\u00e4ller dess folk och kultur utan ocks\u00e5 i dess naturliga underverk. Fr\u00e5n det ikoniska Taffelberget till den vidstr\u00e4ckta Kruger National Park ber\u00e4ttar varje h\u00f6rn av Sydafrika en historia. Nationens komplexa historia, livliga st\u00e4der och fantastiska ... <a href=\"https:\/\/safari-tours-africa.com\/sv\/south-africa-a-safari-destination\/\">Forts\u00e4ttning<\/a><\/p>","protected":false},"author":41,"featured_media":893,"parent":0,"menu_order":0,"comment_status":"closed","ping_status":"closed","template":"","meta":{"_acf_changed":false,"footnotes":""},"class_list":["post-1180","page","type-page","status-publish","has-post-thumbnail","hentry"],"acf":{"page_subheading":"Explore South Africa's top safari destinations, cultural heritage, and practical travel tips for an enriching and diverse adventure experience."},"_links":{"self":[{"href":"https:\/\/safari-tours-africa.com\/sv\/wp-json\/wp\/v2\/pages\/1180","targetHints":{"allow":["GET"]}}],"collection":[{"href":"https:\/\/safari-tours-africa.com\/sv\/wp-json\/wp\/v2\/pages"}],"about":[{"href":"https:\/\/safari-tours-africa.com\/sv\/wp-json\/wp\/v2\/types\/page"}],"author":[{"embeddable":true,"href":"https:\/\/safari-tours-africa.com\/sv\/wp-json\/wp\/v2\/users\/41"}],"replies":[{"embeddable":true,"href":"https:\/\/safari-tours-africa.com\/sv\/wp-json\/wp\/v2\/comments?post=1180"}],"version-history":[{"count":3,"href":"https:\/\/safari-tours-africa.com\/sv\/wp-json\/wp\/v2\/pages\/1180\/revisions"}],"predecessor-version":[{"id":1312,"href":"https:\/\/safari-tours-africa.com\/sv\/wp-json\/wp\/v2\/pages\/1180\/revisions\/1312"}],"wp:featuredmedia":[{"embeddable":true,"href":"https:\/\/safari-tours-africa.com\/sv\/wp-json\/wp\/v2\/media\/893"}],"wp:attachment":[{"href":"https:\/\/safari-tours-africa.com\/sv\/wp-json\/wp\/v2\/media?parent=1180"}],"curies":[{"name":"wp","href":"https:\/\/api.w.org\/{rel}","templated":true}]}}