{"id":1184,"date":"2024-01-22T16:50:54","date_gmt":"2024-01-22T16:50:54","guid":{"rendered":"https:\/\/safari-tours-africa.com\/?page_id=1184"},"modified":"2024-01-25T10:46:40","modified_gmt":"2024-01-25T10:46:40","slug":"tanzania-ett-safariresmal","status":"publish","type":"page","link":"https:\/\/safari-tours-africa.com\/sv\/tanzania-a-safari-destination\/","title":{"rendered":"Tanzania: En destination f\u00f6r safari"},"content":{"rendered":"<p>Tanzania \u00e4r ett land med varierande landskap och ett rikt kulturarv, bel\u00e4get i \u00d6stafrika. Landet \u00e4r k\u00e4nt f\u00f6r sina <strong>vidstr\u00e4ckt vildmark <\/strong>omr\u00e5den som inkluderar sl\u00e4tterna i Serengeti National Park, ett safarimecka befolkat av Big Five (elefant, lejon, leopard, buffel, nosh\u00f6rning), och Kilimanjaro National Park, <strong>hem till Afrikas h\u00f6gsta berg<\/strong>.<\/p>\n\n\n\n<p>Utanf\u00f6r ligger de tropiska \u00f6arna <a href=\"https:\/\/safari-tours-africa.com\/sv\/safariresor\/13-day-great-migration-tanzania-and-zanzibar-safari\/\">Zanzibar<\/a>, med arabiska influenser, och Mafia, med en marinpark som \u00e4r hem f\u00f6r valhajar och korallrev. Tanzanias blandning av vilda djur, kulturer och landskap g\u00f6r det till ett f\u00e4ngslande resm\u00e5l f\u00f6r resen\u00e4rer som vill uppleva Afrikas rytm.<\/p>\n\n\n\n<figure class=\"wp-block-image size-full\"><img loading=\"lazy\" decoding=\"async\" width=\"2000\" height=\"1123\" src=\"https:\/\/safari-tours-africa.com\/wp-content\/uploads\/magical-zanzibar-scaled.webp\" alt=\"Flygfoto. Havslandskap, Zanzibar, Tanzania.\" class=\"wp-image-989\"\/><figcaption class=\"wp-element-caption\">Zanzibars magiska str\u00e4nder<\/figcaption><\/figure>\n\n\n\n<h2 class=\"wp-block-heading\">Vilka platser i Tanzania b\u00f6r jag bes\u00f6ka p\u00e5 en safari?<\/h2>\n\n\n\n<h3 class=\"wp-block-heading\">1. Serengeti nationalpark<\/h3>\n\n\n\n<p>Serengeti \u00e4r inte bara ett safariresm\u00e5l, det \u00e4r ett fenomen. De vidstr\u00e4ckta sl\u00e4tterna \u00e4r v\u00e4rd f\u00f6r<strong> Den stora migrationen<\/strong>, ett sk\u00e5despel som involverar miljontals gnuer, zebror och gaseller i en cykel av liv och d\u00f6d. Serengeti \u00e4r ocks\u00e5 hem f\u00f6r en <strong>h\u00f6g t\u00e4thet av rovdjur<\/strong>vilket g\u00f6r det till en idealisk plats f\u00f6r att bevittna naturens drama. Parkens olika livsmilj\u00f6er, inklusive savann, skog och v\u00e5tmarker, st\u00f6der en m\u00e4ngd olika vilda djur, vilket s\u00e4kerst\u00e4ller att varje safariupplevelse \u00e4r unik.<\/p>\n\n\n\n<p>Bes\u00f6k Serengeti nationalpark p\u00e5 <a href=\"https:\/\/safari-tours-africa.com\/sv\/safariresor\/10-day-serengeti-ngorongoro-safari-with-zanzibar\/\">10-dagars safari i Serengeti och Ngorongoro med Zanzibar<\/a>.<\/p>\n\n\n\n<figure class=\"wp-block-image size-full\"><img loading=\"lazy\" decoding=\"async\" width=\"2000\" height=\"1335\" src=\"https:\/\/safari-tours-africa.com\/wp-content\/uploads\/wildlife-in-serengeti-national-park-scaled.webp\" alt=\"Grupp av unga lejon som ligger p\u00e5 stenar - vackert landskap av savann vid solnedg\u00e5ngen. Safari i Serengeti nationalpark, Masai Mara, Tanzania, Afrika\" class=\"wp-image-1138\"\/><figcaption class=\"wp-element-caption\">Viltsafari i Serengeti nationalpark<\/figcaption><\/figure>\n\n\n\n<h3 class=\"wp-block-heading\">2. Ngorongoro naturskyddsomr\u00e5de<\/h3>\n\n\n\n<p>Ngorongoro-kratern, ett <strong>massiv vulkanisk caldera<\/strong>, \u00e4r ett mikrokosmos av \u00f6stafrikanska landskap och djurliv. Denna naturliga amfiteater \u00e4r full av djur, inklusive <strong>v\u00e4rldens t\u00e4taste population av lejon<\/strong>. Samspelet mellan Maasai-folket och djurlivet i omr\u00e5det ger en fascinerande kulturell dimension till din safariupplevelse.<\/p>\n\n\n\n<p>Bes\u00f6k Ngorongoro naturskyddsomr\u00e5de p\u00e5 <a href=\"https:\/\/safari-tours-africa.com\/sv\/safariresor\/5-day-best-of-tanzania-safari-tour\/\">5-dagars safaritur till det b\u00e4sta av Tanzania<\/a>.<\/p>\n\n\n\n<figure class=\"wp-block-image size-full\"><img loading=\"lazy\" decoding=\"async\" width=\"2000\" height=\"1333\" src=\"https:\/\/safari-tours-africa.com\/wp-content\/uploads\/group-of-giraffes-walking-in-ngorongoro-conservation-area-in-tanzania-scaled.webp\" alt=\"Grupp av giraffer p\u00e5 promenad i Ngorongoro Conservation Area i Tanzania. Afrikas vilda djur\" class=\"wp-image-1133\"\/><figcaption class=\"wp-element-caption\">Giraffer i sin naturliga milj\u00f6 i Ngorongoro Conservation Area<\/figcaption><\/figure>\n\n\n\n<h3 class=\"wp-block-heading\">3. Nationalparken Tarangire<\/h3>\n\n\n\n<p>K\u00e4nd f\u00f6r sin <strong>stora elefanthjordar<\/strong> och ikoniska baobabtr\u00e4d, erbjuder Tarangire en distinkt safariupplevelse. Den <strong>Tarangirefloden<\/strong> \u00e4r en magnet f\u00f6r vilda djur, s\u00e4rskilt under torrperioden n\u00e4r djuren samlas i stort antal vid flodstr\u00e4nderna, vilket g\u00f6r det till en utm\u00e4rkt plats f\u00f6r viltsk\u00e5dning.<\/p>\n\n\n\n<p>Bes\u00f6k Tarangire nationalpark p\u00e5 <a href=\"https:\/\/safari-tours-africa.com\/sv\/safariresor\/7-day-big-five-safari-in-tanzania\/\">7-dagars Big Five-safari i Tanzania<\/a>.<\/p>\n\n\n\n<figure class=\"wp-block-image size-full\"><img loading=\"lazy\" decoding=\"async\" width=\"2000\" height=\"1325\" src=\"https:\/\/safari-tours-africa.com\/wp-content\/uploads\/tarangire-national-park-from-above-scaled.webp\" alt=\"nationalparken tarangire\" class=\"wp-image-970\"\/><figcaption class=\"wp-element-caption\">Flygfoto \u00f6ver Tarangire nationalpark<\/figcaption><\/figure>\n\n\n\n<h3 class=\"wp-block-heading\">4. Nationalparken Lake Manyara<\/h3>\n\n\n\n<p>Inb\u00e4ddat vid foten av <strong>Stora Riftdalen<\/strong> sluttning \u00e4r nationalparken Lake Manyara k\u00e4nd f\u00f6r sina <strong>tr\u00e4dkl\u00e4ttrande lejon<\/strong>, stora grupper av babianer och en m\u00e4ngd olika f\u00e5gelarter, inklusive <strong>flamingor<\/strong>. Parkens olika ekosystem, fr\u00e5n den alkaliska sj\u00f6n till t\u00e4ta skogsomr\u00e5den och branta bergssluttningar, \u00e4r hem f\u00f6r ett brett spektrum av vilda djur.<\/p>\n\n\n\n<p>Bes\u00f6k Lake Manyara nationalpark p\u00e5 <a href=\"https:\/\/safari-tours-africa.com\/sv\/safariresor\/8-day-the-great-migration-safari-tour-in-tanzania\/\">8-dagars The Great Migration Safari Tour i Tanzania<\/a>.<\/p>\n\n\n\n<figure class=\"wp-block-image size-full\"><img loading=\"lazy\" decoding=\"async\" width=\"2000\" height=\"1333\" src=\"https:\/\/safari-tours-africa.com\/wp-content\/uploads\/landscape-in-manyara-national-park-scaled.webp\" alt=\"Landskap i nationalparken Manyara\" class=\"wp-image-1001\"\/><figcaption class=\"wp-element-caption\">Landskap i nationalparken Lake Manyara<\/figcaption><\/figure>\n\n\n\n<h3 class=\"wp-block-heading\">5. Ruaha nationalpark<\/h3>\n\n\n\n<p>Ruahas avl\u00e4gsna l\u00e4ge inneb\u00e4r att det \u00e4r <strong>mindre bes\u00f6kt av turister<\/strong>och erbjuder en riktigt vild och exklusiv safariupplevelse. Omr\u00e5det \u00e4r k\u00e4nt f\u00f6r sin stora elefantpopulation och en m\u00e4ngd andra vilda djur, inklusive kudus, antiloper och utrotningshotade vildhundar. Den <strong>Ruaha-floden<\/strong> lockar en uppsj\u00f6 av djur, s\u00e4rskilt under torrperioden, vilket g\u00f6r det till en utm\u00e4rkt plats f\u00f6r viltsk\u00e5dning.<\/p>\n\n\n\n<figure class=\"wp-block-image size-large\"><img decoding=\"async\" src=\"https:\/\/safari-tours-africa.com\/wp-content\/uploads\/candelabra-tree-in-the-hilly-landscape-1024x681.webp\" alt=\"Kandelabertr\u00e4d i det kuperade landskapet, Ruaha nationalpark, Tanzania\" class=\"wp-image-1287\"\/><figcaption class=\"wp-element-caption\">Kandelabertr\u00e4d i det kuperade landskapet i Ruaha nationalpark<\/figcaption><\/figure>\n\n\n\n<h3 class=\"wp-block-heading\">6. Nyerere nationalpark (Selous)<\/h3>\n\n\n\n<p>Nyerere t\u00e4cker ett stort omr\u00e5de och \u00e4r <strong>ett av de st\u00f6rsta faunareservaten i v\u00e4rlden<\/strong>. Floden Rufiji rinner genom parken och skapar ett n\u00e4tverk av sj\u00f6ar, laguner och kanaler. <strong>B\u00e5tsafari<\/strong> erbjuder ett unikt perspektiv p\u00e5 parkens inv\u00e5nare, inklusive flodh\u00e4star, krokodiler och en m\u00e4ngd olika vattenf\u00e5glar. I parkens skogsomr\u00e5den och p\u00e5 sl\u00e4tterna finns ett stort antal elefanter, bufflar och giraffer samt den sv\u00e5rf\u00e5ngade leoparden.<\/p>\n\n\n\n<figure class=\"wp-block-image size-large\"><img decoding=\"async\" src=\"https:\/\/safari-tours-africa.com\/wp-content\/uploads\/aerial-view-of-nyerere-national-park-in-tanzania-1024x575.webp\" alt=\"Flygfoto \u00f6ver Nyerere nationalpark i Tanzania\" class=\"wp-image-1288\"\/><figcaption class=\"wp-element-caption\">Flygfoto \u00f6ver Nyerere National Park<\/figcaption><\/figure>\n\n\n\n<h3 class=\"wp-block-heading\">7. Mahale-bergens nationalpark<\/h3>\n\n\n\n<p>Mot bakgrund av <strong>Tanganyikasj\u00f6n<\/strong>Mahale \u00e4r synonymt med vandring bland schimpanser. Parkens bergiga terr\u00e4ng, t\u00e4ckt av t\u00e4t tropisk skog, \u00e4r ett starkt f\u00e4ste f\u00f6r dessa primater. Upplevelsen av att titta p\u00e5 <strong>Schimpanser<\/strong> i deras naturliga milj\u00f6 \u00e4r djupt och \u00f6dmjukt. Mahale erbjuder ocks\u00e5 m\u00f6jlighet till avkoppling vid sj\u00f6n och vattenbaserade aktiviteter, vilket ger en lugn kontrapunkt till sp\u00e4nningen i chimpansvandringarna.<\/p>\n\n\n\n<figure class=\"wp-block-image size-large is-resized\"><img decoding=\"async\" src=\"https:\/\/safari-tours-africa.com\/wp-content\/uploads\/mahale-mountains-1024x683.webp\" alt=\"DJUNGELBERG I MAHALE, TANZANIA\" class=\"wp-image-1289\" style=\"width:1189px;height:auto\"\/><figcaption class=\"wp-element-caption\">Det kuperade landskapet i Mahale Mountains nationalpark<\/figcaption><\/figure>\n\n\n\n<h2 class=\"wp-block-heading\">N\u00e4r \u00e4r den b\u00e4sta tiden att bes\u00f6ka Tanzania?<\/h2>\n\n\n\n<p>Den perfekta tiden att bes\u00f6ka Tanzania varierar beroende p\u00e5 vad du vill se:<\/p>\n\n\n\n<h3 class=\"wp-block-heading\">Safari<\/h3>\n\n\n\n<p>Den <strong>torrperiod (juni till oktober)<\/strong> erbjuder utm\u00e4rkta m\u00f6jligheter att se vilda djur. Djuren \u00e4r l\u00e4ttare att uppt\u00e4cka n\u00e4r de samlas runt vattenh\u00e5l och floder. Den stora migrationen \u00e4r en h\u00f6jdpunkt i Serengeti under denna period.<\/p>\n\n\n\n<h3 class=\"wp-block-heading\">Semester p\u00e5 stranden<\/h3>\n\n\n\n<p>Zanzibar och andra kustregioner bes\u00f6ks b\u00e4st under de torra m\u00e5naderna (<strong>Juni till oktober och december till februari<\/strong>). V\u00e4dret \u00e4r varmt och soligt, perfekt f\u00f6r strandaktiviteter och utforskning av korallreven.<\/p>\n\n\n\n<figure class=\"wp-block-image size-full\"><img loading=\"lazy\" decoding=\"async\" width=\"2000\" height=\"1332\" src=\"https:\/\/safari-tours-africa.com\/wp-content\/uploads\/scenery-landscape-of-serengeti-national-park-full-of-animals-scaled.webp\" alt=\"Serengeti nationalpark i ett landskap fullt av djur\" class=\"wp-image-977\"\/><figcaption class=\"wp-element-caption\">F\u00f6r safari \u00e4r det optimalt att bes\u00f6ka Tanzania under torrperioden<\/figcaption><\/figure>\n\n\n\n<h2 class=\"wp-block-heading\">\u00c4r Tanzania s\u00e4kert?<\/h2>\n\n\n\n<p>Tanzania \u00e4r <strong>allm\u00e4nt s\u00e4kert f\u00f6r turister<\/strong>men det \u00e4r klokt att ta h\u00e4nsyn till <strong>standardiserade s\u00e4kerhets\u00e5tg\u00e4rder<\/strong>. F\u00f6rvara v\u00e4rdesaker s\u00e4kert, s\u00e4rskilt p\u00e5 platser med mycket folk. N\u00e4r du \u00e4r p\u00e5 safari ska du alltid lyssna p\u00e5 din guide - de \u00e4r utbildade f\u00f6r att garantera din s\u00e4kerhet runt vilda djur. Respektera lokala seder och traditioner, s\u00e4rskilt n\u00e4r du bes\u00f6ker byar eller religi\u00f6sa platser. Kl\u00e4 dig konservativt och be om tillst\u00e5nd innan du fotograferar m\u00e4nniskor f\u00f6r att visa respekt f\u00f6r den lokala kulturen.<\/p>\n\n\n\n<figure class=\"wp-block-image size-large\"><img decoding=\"async\" src=\"https:\/\/safari-tours-africa.com\/wp-content\/uploads\/a-woman-in-a-burka-walking-through-the-outdoor-market-in-stone-town-1024x683.webp\" alt=\"Tanzania, Zanzibar - 6\/10\/2018: en kvinna i burka g\u00e5r genom utomhusmarknaden i Stone Town.\" class=\"wp-image-1295\"\/><figcaption class=\"wp-element-caption\">Gatorna i Stone Town<\/figcaption><\/figure>\n\n\n\n<h2 class=\"wp-block-heading\">Beh\u00f6ver jag visum f\u00f6r att resa in i Tanzania?<\/h2>\n\n\n\n<p>Tanzania \u00e4r tillg\u00e4ngligt via internationella flyg till Julius Nyerere International Airport (Dar es Salaam) och Kilimanjaro International Airport (Arusha). <strong>Visumkraven varierar<\/strong>s\u00e5 kontrollera med den tanzaniska ambassaden eller konsulatet i ditt land innan du reser. Inrikesflyg f\u00f6rbinder st\u00f6rre destinationer, medan dala-dalas<strong> <\/strong>(minibussar) och boda-bodas<strong> <\/strong>(motorcykeltaxibilar) erbjuder lokal transport. F\u00f6r l\u00e4ngre resor eller safari rekommenderas privata fordon eller organiserade turer.<\/p>\n\n\n\n<figure class=\"wp-block-image size-large\"><img decoding=\"async\" src=\"https:\/\/safari-tours-africa.com\/wp-content\/uploads\/usa-visa-in-a-passport-background-1024x683.webp\" alt=\"USA-visum i en passbakgrund\" class=\"wp-image-1296\"\/><figcaption class=\"wp-element-caption\">Kontrollera visumkraven f\u00f6r ditt land f\u00f6re resan<\/figcaption><\/figure>\n\n\n\n<h2 class=\"wp-block-heading\">Hur fungerar lokaltrafiken i Tanzania?<\/h2>\n\n\n\n<p>F\u00f6r den autentiska tanzaniska upplevelsen, lokala transporter som <strong>dala-dalas och boda-bodas<\/strong> ger en inblick i det dagliga livet. F\u00f6r komfort och bekv\u00e4mlighet, s\u00e4rskilt n\u00e4r man reser till avl\u00e4gsna safaridestinationer, \u00e4r dock privata fordon eller flyg att f\u00f6redra. Tanzanias infrastruktur st\u00f6der en rad olika transportalternativ, som tillgodoser olika preferenser och budgetar.<\/p>\n\n\n\n<figure class=\"wp-block-image size-large\"><img loading=\"lazy\" decoding=\"async\" width=\"1024\" height=\"683\" src=\"https:\/\/safari-tours-africa.com\/wp-content\/uploads\/rear-view-of-bus-traveling-on-dirt-road-1024x683.webp\" alt=\"Bakifr\u00e5n av buss som f\u00e4rdas p\u00e5 grusv\u00e4g, Tanzania, Afrika\" class=\"wp-image-1290\" srcset=\"https:\/\/safari-tours-africa.com\/wp-content\/uploads\/rear-view-of-bus-traveling-on-dirt-road-1024x683.webp 1024w, https:\/\/safari-tours-africa.com\/wp-content\/uploads\/rear-view-of-bus-traveling-on-dirt-road-300x200.webp 300w, https:\/\/safari-tours-africa.com\/wp-content\/uploads\/rear-view-of-bus-traveling-on-dirt-road-768x512.webp 768w, https:\/\/safari-tours-africa.com\/wp-content\/uploads\/rear-view-of-bus-traveling-on-dirt-road-1536x1024.webp 1536w, https:\/\/safari-tours-africa.com\/wp-content\/uploads\/rear-view-of-bus-traveling-on-dirt-road-2048x1365.webp 2048w, https:\/\/safari-tours-africa.com\/wp-content\/uploads\/rear-view-of-bus-traveling-on-dirt-road-18x12.webp 18w\" sizes=\"auto, (max-width: 1024px) 100vw, 1024px\" \/><figcaption class=\"wp-element-caption\">En minibuss p\u00e5 en grusv\u00e4g i Tanzania<\/figcaption><\/figure>\n\n\n\n<h2 class=\"wp-block-heading\">Vilka \u00e4r boendealternativen i Tanzania?<\/h2>\n\n\n\n<p>Fr\u00e5n lyxiga lodger i hj\u00e4rtat av bushen till strandn\u00e4ra resorter p\u00e5 Swahilikusten - Tanzania erbjuder allt f\u00f6r <strong>alla smaker och budgetar<\/strong>. Safari-boendena str\u00e4cker sig fr\u00e5n t\u00e4ltl\u00e4ger som erbjuder en intim kontakt med naturen till \u00f6verd\u00e5diga lodger med bekv\u00e4mligheter i v\u00e4rldsklass. P\u00e5 Zanzibar och i andra kustomr\u00e5den finns resorter och hotell som erbjuder avkoppling och olika vattenbaserade aktiviteter.<\/p>\n\n\n\n<figure class=\"wp-block-image size-full\"><img loading=\"lazy\" decoding=\"async\" width=\"1024\" height=\"768\" src=\"https:\/\/safari-tours-africa.com\/wp-content\/uploads\/kon-tiki-serengeti-camp.webp\" alt=\"Kon Tiki Serengeti Camp\" class=\"wp-image-974\" srcset=\"https:\/\/safari-tours-africa.com\/wp-content\/uploads\/kon-tiki-serengeti-camp.webp 1024w, https:\/\/safari-tours-africa.com\/wp-content\/uploads\/kon-tiki-serengeti-camp-300x225.webp 300w, https:\/\/safari-tours-africa.com\/wp-content\/uploads\/kon-tiki-serengeti-camp-768x576.webp 768w, https:\/\/safari-tours-africa.com\/wp-content\/uploads\/kon-tiki-serengeti-camp-16x12.webp 16w\" sizes=\"auto, (max-width: 1024px) 100vw, 1024px\" \/><figcaption class=\"wp-element-caption\">Kon Tiki Serengeti Camp i nationalparken<\/figcaption><\/figure>\n\n\n\n<h2 class=\"wp-block-heading\">Vad mer kan jag g\u00f6ra i Tanzania f\u00f6rutom att se vilda djur?<\/h2>\n\n\n\n<p>Safaris i Tanzania \u00e4r bara b\u00f6rjan. Landet erbjuder en m\u00e4ngd olika upplevelser:<\/p>\n\n\n\n<ul class=\"wp-block-list\">\n<li><strong>Safari med ballong:<\/strong> F\u00e5 en f\u00e5gelperspektiv \u00f6ver Serengeti med en varmluftsballongsafari. Det fridfulla och majest\u00e4tiska panoramat \u00f6ver sl\u00e4tterna vid soluppg\u00e5ngen \u00e4r of\u00f6rgl\u00f6mligt.<\/li>\n\n\n\n<li><strong>Kulturella interaktioner:<\/strong> Samarbeta med lokala samh\u00e4llen, t.ex. massajerna, f\u00f6r att f\u00f6rst\u00e5 deras s\u00e4tt att leva. Dessa kulturella utbyten \u00e4r berikande och ger perspektiv.<\/li>\n\n\n\n<li><strong>Dykning och snorkling:<\/strong> Det klara vattnet vid Zanzibar och Mafia Island \u00e4r perfekt f\u00f6r undervattensutforskning. Korallreven \u00e4r fulla av marint liv och erbjuder dykning och snorkling i v\u00e4rldsklass.<\/li>\n\n\n\n<li><strong>Safaris med b\u00e5t:<\/strong> I parker som Nyerere (Selous) ger b\u00e5tsafari ett annat perspektiv p\u00e5 djurlivet. Att se djur komma f\u00f6r att dricka vid vattenbrynet \u00e4r en lugn upplevelse.<\/li>\n<\/ul>\n\n\n\n<figure class=\"wp-block-image size-full\"><img loading=\"lazy\" decoding=\"async\" width=\"2000\" height=\"1333\" src=\"https:\/\/safari-tours-africa.com\/wp-content\/uploads\/hot-air-balloon-floating-over-an-acacia-tree-in-serengeti-national-park-scaled.webp\" alt=\"Varmluftsballong sv\u00e4var \u00f6ver ett akaciatr\u00e4d i Serengeti nationalpark.\" class=\"wp-image-907\"\/><figcaption class=\"wp-element-caption\">Varmluftsballong \u00f6ver Serengeti <\/figcaption><\/figure>\n\n\n\n<h2 class=\"wp-block-heading\">Hur \u00e4r maten?<\/h2>\n\n\n\n<p>Det tanzaniska k\u00f6ket \u00e4r en <strong>blandning av afrikanska, arabiska och indiska smaker<\/strong>. Basr\u00e4tter som Ugali och Nyama Choma \u00e4r ett m\u00e5ste. Kusten, s\u00e4rskilt Zanzibar, erbjuder en m\u00e4ngd skaldjur och \u00e4r k\u00e4nd f\u00f6r sina kryddor. Att prova p\u00e5 det lokala k\u00f6ket handlar inte bara om att \u00e4ta sig m\u00e4tt, det handlar ocks\u00e5 om att uppleva kulturen.<\/p>\n\n\n\n<figure class=\"wp-block-image size-large\"><img decoding=\"async\" src=\"https:\/\/safari-tours-africa.com\/wp-content\/uploads\/street-food-forodhani-on-the-waterfront-1024x683.webp\" alt=\"Gatuk\u00f6ket Forodhani vid vattnet i Stone town, Zanzibar.\" class=\"wp-image-1291\"\/><figcaption class=\"wp-element-caption\">Gatuk\u00f6k p\u00e5 Zanzibar<\/figcaption><\/figure>\n\n\n\n<h2 class=\"wp-block-heading\">Vad finns det f\u00f6r etiketttips n\u00e4r man \u00e4r i Tanzania?<\/h2>\n\n\n\n<p>Medan <strong>dricks \u00e4r inte obligatoriskt<\/strong>, \u00e4r det brukligt med god service, s\u00e4rskilt p\u00e5 safarier och restauranger. F\u00f6rst\u00e5else och <strong>respektera lokala sedv\u00e4njor<\/strong>,<strong> <\/strong>att kl\u00e4 sig anspr\u00e5ksl\u00f6st och be om tillst\u00e5nd innan du fotograferar \u00e4r avg\u00f6rande f\u00f6r en respektfull och berikande reseupplevelse.<\/p>\n\n\n\n<figure class=\"wp-block-image size-large\"><img loading=\"lazy\" decoding=\"async\" width=\"1024\" height=\"683\" src=\"https:\/\/safari-tours-africa.com\/wp-content\/uploads\/view-of-the-ngorongoro-crater-in-tanzania-1024x683.webp\" alt=\"Utsikt \u00f6ver Ngorongorokratern i Tanzania. Ngorongoro naturskyddsomr\u00e5de. Afrikanskt landskap. Guide visar n\u00e5got f\u00f6r turister\" class=\"wp-image-1297\" srcset=\"https:\/\/safari-tours-africa.com\/wp-content\/uploads\/view-of-the-ngorongoro-crater-in-tanzania-1024x683.webp 1024w, https:\/\/safari-tours-africa.com\/wp-content\/uploads\/view-of-the-ngorongoro-crater-in-tanzania-300x200.webp 300w, https:\/\/safari-tours-africa.com\/wp-content\/uploads\/view-of-the-ngorongoro-crater-in-tanzania-768x512.webp 768w, https:\/\/safari-tours-africa.com\/wp-content\/uploads\/view-of-the-ngorongoro-crater-in-tanzania-1536x1024.webp 1536w, https:\/\/safari-tours-africa.com\/wp-content\/uploads\/view-of-the-ngorongoro-crater-in-tanzania-2048x1365.webp 2048w, https:\/\/safari-tours-africa.com\/wp-content\/uploads\/view-of-the-ngorongoro-crater-in-tanzania-18x12.webp 18w\" sizes=\"auto, (max-width: 1024px) 100vw, 1024px\" \/><figcaption class=\"wp-element-caption\">Var noga med att respektera lokala seder och bruk<\/figcaption><\/figure>\n\n\n\n<h2 class=\"wp-block-heading\">Varf\u00f6r v\u00e4lja Safari Tours Africa f\u00f6r att resa till Tanzania?<\/h2>\n\n\n\n<p>Tanzania bjuder p\u00e5 en mosaik av landskap och upplevelser, fr\u00e5n de dramatiska djursk\u00e5despelen i Serengeti och Ngorongoro till de lugna str\u00e4nderna p\u00e5 Zanzibar. Det \u00e4r ett land d\u00e4r varje safari inte bara \u00e4r en resa genom naturen, utan en resa in i Afrikas sj\u00e4l.<\/p>\n\n\n\n<p>Med sitt rika kulturarv, m\u00e5ngskiftande djurliv och hisnande landskap utlovar Tanzania ett \u00e4ventyr som kommer att f\u00e4ngsla ditt hj\u00e4rta och dr\u00f6ja sig kvar i ditt minne l\u00e5ngt efter din <a href=\"https:\/\/safari-tours-africa.com\/sv\/tanzania\/\">safari i Tanzania<\/a>.<\/p>","protected":false},"excerpt":{"rendered":"<p>Tanzania \u00e4r ett land med varierande landskap och ett rikt kulturarv, bel\u00e4get i \u00d6stafrika. Det \u00e4r k\u00e4nt f\u00f6r sina vidstr\u00e4ckta vildmarksomr\u00e5den som inkluderar sl\u00e4tterna i Serengeti National Park, ett safarimecka befolkat av de fem stora djuren (elefant, lejon, leopard, buffel, nosh\u00f6rning), och Kilimanjaro National Park, hem till Afrikas h\u00f6gsta berg. Utanf\u00f6r kusten ligger ... <a href=\"https:\/\/safari-tours-africa.com\/sv\/tanzania-a-safari-destination\/\">Forts\u00e4ttning<\/a><\/p>","protected":false},"author":41,"featured_media":1285,"parent":0,"menu_order":0,"comment_status":"closed","ping_status":"closed","template":"","meta":{"_acf_changed":false,"footnotes":""},"class_list":["post-1184","page","type-page","status-publish","has-post-thumbnail","hentry"],"acf":{"page_subheading":"Dive into an in-depth guide about Tanzania's finest safari spots, cultural insights, and essential travel tips for an unforgettable adventure."},"_links":{"self":[{"href":"https:\/\/safari-tours-africa.com\/sv\/wp-json\/wp\/v2\/pages\/1184","targetHints":{"allow":["GET"]}}],"collection":[{"href":"https:\/\/safari-tours-africa.com\/sv\/wp-json\/wp\/v2\/pages"}],"about":[{"href":"https:\/\/safari-tours-africa.com\/sv\/wp-json\/wp\/v2\/types\/page"}],"author":[{"embeddable":true,"href":"https:\/\/safari-tours-africa.com\/sv\/wp-json\/wp\/v2\/users\/41"}],"replies":[{"embeddable":true,"href":"https:\/\/safari-tours-africa.com\/sv\/wp-json\/wp\/v2\/comments?post=1184"}],"version-history":[{"count":12,"href":"https:\/\/safari-tours-africa.com\/sv\/wp-json\/wp\/v2\/pages\/1184\/revisions"}],"predecessor-version":[{"id":1357,"href":"https:\/\/safari-tours-africa.com\/sv\/wp-json\/wp\/v2\/pages\/1184\/revisions\/1357"}],"wp:featuredmedia":[{"embeddable":true,"href":"https:\/\/safari-tours-africa.com\/sv\/wp-json\/wp\/v2\/media\/1285"}],"wp:attachment":[{"href":"https:\/\/safari-tours-africa.com\/sv\/wp-json\/wp\/v2\/media?parent=1184"}],"curies":[{"name":"wp","href":"https:\/\/api.w.org\/{rel}","templated":true}]}}