{"id":39,"date":"2023-01-16T13:14:25","date_gmt":"2023-01-16T13:14:25","guid":{"rendered":"https:\/\/safari-tours-africa.com\/about-us\/"},"modified":"2024-01-18T14:29:36","modified_gmt":"2024-01-18T14:29:36","slug":"om-oss","status":"publish","type":"page","link":"https:\/\/safari-tours-africa.com\/sv\/about-us\/","title":{"rendered":"Om oss"},"content":{"rendered":"<p>Vid <a href=\"https:\/\/world-discovery.com\/\">Uppt\u00e4ck v\u00e4rlden<\/a>v\u00e5r ber\u00e4ttelse har alltid varit mer \u00e4n att bara rita ut kurser p\u00e5 en karta. Det \u00e4r en ber\u00e4ttelse om passion, nyfikenhet och en obeveklig jakt p\u00e5 det ok\u00e4nda. V\u00e5r byr\u00e5 f\u00f6ddes i Europas rika v\u00e4v av historia och kultur och har utvecklats genom \u00e5ren och omfattar olika aspekter av globalt resande.<\/p>\n\n\n\n<p>V\u00e5r erfarenhet str\u00e4cker sig \u00f6ver ett kalejdoskop av destinationer, och varje resa utg\u00f6r ett nytt kapitel i v\u00e5rt kollektiva \u00e4ventyr. N\u00e4r vi nu v\u00e4nder v\u00e5r kompass mot Afrika befinner vi oss p\u00e5 tr\u00f6skeln till ett nytt, sp\u00e4nnande kapitel i v\u00e5r odyss\u00e9 av uppt\u00e4cktsf\u00e4rder.<\/p>\n\n\n\n<figure class=\"wp-block-image size-full\"><img loading=\"lazy\" decoding=\"async\" width=\"2000\" height=\"1332\" src=\"https:\/\/safari-tours-africa.com\/wp-content\/uploads\/hiker-on-chogoria-route-scaled.webp\" alt=\"Bakifr\u00e5n av en grupp vandrare som g\u00e5r l\u00e4ngs en flod vid Chogoria Route, Mount Kenya, Kenya\" class=\"wp-image-927\"\/><figcaption class=\"wp-element-caption\">Afrika - ett land med m\u00e5nga juveler<\/figcaption><\/figure>\n\n\n\n<h3 class=\"wp-block-heading\">Afrika: En duk av r\u00e5 sk\u00f6nhet<\/h3>\n\n\n\n<p>Afrika har alltid varit en inspirationsk\u00e4lla f\u00f6r oss p\u00e5 World Discovery. Dess r\u00e5a, ofiltrerade sk\u00f6nhet och rika m\u00e5ngfald av landskap och kulturer lockar de sanna uppt\u00e4ckarna. Vi valde att fokusera p\u00e5 safarier, inte lyxresor, eftersom vi tror p\u00e5 <strong>att presentera Afrika i dess sannaste form<\/strong>.<\/p>\n\n\n\n<p>Fr\u00e5n de vidstr\u00e4ckta savannerna i Kenya och Tanzania till den karga vildmarken i Uganda och de olika biomen i Sydafrika - varje destination erbjuder ett unikt f\u00f6nster in i en v\u00e4rld d\u00e4r naturen fortfarande \u00e4r \u00f6verl\u00e4gsen.<\/p>\n\n\n\n<figure class=\"wp-block-image size-full\"><img loading=\"lazy\" decoding=\"async\" width=\"2000\" height=\"1329\" src=\"https:\/\/safari-tours-africa.com\/wp-content\/uploads\/mount-kenya-scaled.webp\" alt=\"Panorama \u00f6ver Mount Kenya,\" class=\"wp-image-916\"\/><figcaption class=\"wp-element-caption\">Afrikas r\u00e5a sk\u00f6nhet<\/figcaption><\/figure>\n\n\n\n<p>V\u00e5ra safari\u00e4ventyr \u00e4r utformade f\u00f6r att ge v\u00e5ra kunder en inblick i Afrikas hj\u00e4rta. Vi tar dig bortom det vanliga och ger dig en chans att trampa l\u00e4tt genom ekosystem som har f\u00f6rblivit of\u00f6r\u00e4ndrade i \u00e5rtusenden.&nbsp;<\/p>\n\n\n\n<p>V\u00e5r vision \u00e4r att underl\u00e4tta en <strong>verklig anknytning till kontinenten<\/strong> - dess djurliv, landskap och m\u00e4nniskor - s\u00e5 att du kan uppleva Afrika som det verkligen \u00e4r: vilt, fritt och hisnande.<\/p>\n\n\n\n<h3 class=\"wp-block-heading\">V\u00e5r styrka: Expertis och p\u00e5litliga partnerskap<\/h3>\n\n\n\n<p>World Discoverys styrka ligger i v\u00e5r expertis och <strong>v\u00e5r f\u00f6rm\u00e5ga att identifiera de mest tillf\u00f6rlitliga och autentiska safariupplevelserna<\/strong>. Vi f\u00f6rst\u00e5r att k\u00e4rnan i en fantastisk safari inte bara ligger i destinationen utan i resan och de m\u00e4nniskor som guidar dig genom den.<\/p>\n\n\n\n<p>V\u00e5r metod f\u00f6r att v\u00e4lja partners \u00e4r noggrann och bygger p\u00e5 en djup f\u00f6rst\u00e5else f\u00f6r vad som g\u00f6r en safariupplevelse exceptionell.<\/p>\n\n\n\n<p>V\u00e5rt team, med sin l\u00e5nga erfarenhet inom resebranschen, utv\u00e4rderar noggrant varje potentiell partner och safarim\u00f6jlighet och drar nytta av en m\u00e4ngd kunskaper och insikter genom en <strong>grundlig process <\/strong>som speglar den noggrannhet och uppm\u00e4rksamhet som man m\u00e5ste visa n\u00e4r man reser genom Afrikas majest\u00e4tiska landskap.<\/p>\n\n\n\n<figure class=\"wp-block-image size-full\"><img loading=\"lazy\" decoding=\"async\" width=\"2000\" height=\"1333\" src=\"https:\/\/safari-tours-africa.com\/wp-content\/uploads\/maasai-mara-men-dancing-scaled.webp\" alt=\"Man fr\u00e5n Maasai Mara visar traditionell hoppdans fr\u00e5n Maasai\" class=\"wp-image-864\"\/><figcaption class=\"wp-element-caption\">Lokala Maasai-m\u00e4n<\/figcaption><\/figure>\n\n\n\n<p>Vi f\u00f6rdjupar oss i v\u00e5ra partners verksamhet och utv\u00e4rderar deras kundsupportkanaler, organisatoriska f\u00f6rm\u00e5ga och \u00f6vergripande tillf\u00f6rlitlighet. V\u00e5rt team samarbetar med de ansvariga och granskar deras erbjudanden f\u00f6r att s\u00e4kerst\u00e4lla att de uppfyller v\u00e5ra <strong>h\u00f6ga standarder<\/strong>.<\/p>\n\n\n\n<p>N\u00e4r vi sammanst\u00e4ller din safari \u00e4r det med precision och omsorg av dem som f\u00f6rst\u00e5r vad som g\u00f6r ett afrikanskt \u00e4ventyr verkligen speciellt. V\u00e5r urvalsprocess bygger p\u00e5 omfattande forskning, feedback fr\u00e5n kunder och n\u00e4ra kommunikation med lokala experter.<\/p>\n\n\n\n<p>Detta g\u00f6r det m\u00f6jligt f\u00f6r oss att handplocka safariupplevelser som erbjuder <strong>\u00e4kthet och m\u00f6ten utan motstycke<\/strong> med Afrikas djurliv och kultur.<\/p>\n\n\n\n<h3 class=\"wp-block-heading\">V\u00e5ra lokala partner<\/h3>\n\n\n\n<p>V\u00e5ra partner i Afrika \u00e4r mer \u00e4n bara operat\u00f6rer; de \u00e4r markens v\u00e4ktare och ambassad\u00f6rer f\u00f6r sin kultur. De \u00e4r <strong>lokalbefolkningen<\/strong> som lever och andas den afrikanska vildmarken, med ber\u00e4ttelser och insikter som berikar varje safari.<\/p>\n\n\n\n<p>Genom att v\u00e4lja att arbeta med dem ser vi till att v\u00e5ra kunder inte bara f\u00e5r en genuin afrikansk upplevelse utan ocks\u00e5 bidrar till bevarandet av dessa magnifika landskap och de samh\u00e4llen som kallar dem hem.<\/p>\n\n\n\n<figure class=\"wp-block-image size-large is-resized\"><img loading=\"lazy\" decoding=\"async\" width=\"1024\" height=\"1024\" src=\"https:\/\/safari-tours-africa.com\/wp-content\/uploads\/our-kenyan-safari-ride-1-1024x1024.webp\" alt=\"V\u00e5r safaritur i Kenya\" class=\"wp-image-830\" style=\"width:1189px;height:auto\" srcset=\"https:\/\/safari-tours-africa.com\/wp-content\/uploads\/our-kenyan-safari-ride-1-1024x1024.webp 1024w, https:\/\/safari-tours-africa.com\/wp-content\/uploads\/our-kenyan-safari-ride-1-300x300.webp 300w, https:\/\/safari-tours-africa.com\/wp-content\/uploads\/our-kenyan-safari-ride-1-150x150.webp 150w, https:\/\/safari-tours-africa.com\/wp-content\/uploads\/our-kenyan-safari-ride-1-768x767.webp 768w, https:\/\/safari-tours-africa.com\/wp-content\/uploads\/our-kenyan-safari-ride-1-12x12.webp 12w, https:\/\/safari-tours-africa.com\/wp-content\/uploads\/our-kenyan-safari-ride-1.webp 1482w\" sizes=\"auto, (max-width: 1024px) 100vw, 1024px\" \/><figcaption class=\"wp-element-caption\">Vi f\u00f6rs\u00f6ker skapa fasta partnerskap med lokala leverant\u00f6rer<\/figcaption><\/figure>\n\n\n\n<h3 class=\"wp-block-heading\">Uppt\u00e4ck Afrika (och v\u00e4rlden) med oss!<\/h3>\n\n\n\n<p>Med World Discovery p\u00e5 Safari Tours Africa blir din safari i Afrika en resa in i sj\u00e4len p\u00e5 v\u00e4rldens mest f\u00e4ngslande kontinent. Oavsett om du sp\u00e5rar gorillor i Ugandas dimmiga skogar, bevittnar den stora migrationen i Kenya och Tanzania eller utforskar de olika ekosystemen i Sydafrika, lovar vi ett \u00e4ventyr som ger dig minnen att v\u00e5rda f\u00f6r resten av livet.<\/p>\n\n\n\n<p>F\u00f6lj med oss p\u00e5 denna uppt\u00e4cktsresa. Utforska v\u00e5ra safariupplevelser i <a href=\"https:\/\/safari-tours-africa.com\/sv\/uganda\/\">Uganda<\/a>, <a href=\"https:\/\/safari-tours-africa.com\/sv\/sydafrika\/\">Sydafrika<\/a>, <a href=\"https:\/\/safari-tours-africa.com\/sv\/kenia\/\">Kenya<\/a>och <a href=\"https:\/\/safari-tours-africa.com\/sv\/tanzania\/\">Tanzania<\/a>och kliv in i en v\u00e4rld d\u00e4r varje \u00f6gonblick \u00e4r en ber\u00e4ttelse som v\u00e4ntar p\u00e5 att utvecklas. Kontakta oss idag och l\u00e5t oss ge oss ut p\u00e5 ett of\u00f6rgl\u00f6mligt \u00e4ventyr i hj\u00e4rtat av Afrika med <a href=\"https:\/\/safari-tours-africa.com\/sv\/\">Safariresor Afrika<\/a>.<\/p>","protected":false},"excerpt":{"rendered":"<p>P\u00e5 World Discovery har v\u00e5r ber\u00e4ttelse alltid varit mer \u00e4n att bara staka ut en kurs p\u00e5 en karta. Det \u00e4r en ber\u00e4ttelse om passion, nyfikenhet och en obeveklig jakt p\u00e5 det ok\u00e4nda. F\u00f6dd i Europas rika v\u00e4v av historia och kultur har v\u00e5r byr\u00e5 utvecklats genom \u00e5ren och omfattar olika aspekter av global resa. V\u00e5r erfarenhet sp\u00e4nner \u00f6ver en ... <a href=\"https:\/\/safari-tours-africa.com\/sv\/about-us\/\">Forts\u00e4ttning<\/a><\/p>","protected":false},"author":41,"featured_media":930,"parent":0,"menu_order":0,"comment_status":"closed","ping_status":"closed","template":"","meta":{"_acf_changed":false,"footnotes":""},"class_list":["post-39","page","type-page","status-publish","has-post-thumbnail","hentry"],"acf":{"page_subheading":"Discover Africa with World Discovery: Expertly curated safari adventures that blend authenticity with our extensive travel industry experience."},"_links":{"self":[{"href":"https:\/\/safari-tours-africa.com\/sv\/wp-json\/wp\/v2\/pages\/39","targetHints":{"allow":["GET"]}}],"collection":[{"href":"https:\/\/safari-tours-africa.com\/sv\/wp-json\/wp\/v2\/pages"}],"about":[{"href":"https:\/\/safari-tours-africa.com\/sv\/wp-json\/wp\/v2\/types\/page"}],"author":[{"embeddable":true,"href":"https:\/\/safari-tours-africa.com\/sv\/wp-json\/wp\/v2\/users\/41"}],"replies":[{"embeddable":true,"href":"https:\/\/safari-tours-africa.com\/sv\/wp-json\/wp\/v2\/comments?post=39"}],"version-history":[{"count":4,"href":"https:\/\/safari-tours-africa.com\/sv\/wp-json\/wp\/v2\/pages\/39\/revisions"}],"predecessor-version":[{"id":963,"href":"https:\/\/safari-tours-africa.com\/sv\/wp-json\/wp\/v2\/pages\/39\/revisions\/963"}],"wp:featuredmedia":[{"embeddable":true,"href":"https:\/\/safari-tours-africa.com\/sv\/wp-json\/wp\/v2\/media\/930"}],"wp:attachment":[{"href":"https:\/\/safari-tours-africa.com\/sv\/wp-json\/wp\/v2\/media?parent=39"}],"curies":[{"name":"wp","href":"https:\/\/api.w.org\/{rel}","templated":true}]}}